{"id":9761,"date":"2022-05-17T15:14:15","date_gmt":"2022-05-17T18:14:15","guid":{"rendered":"https:\/\/calzavara.ar\/index.php\/producto\/pilas-energizer-c2-max-alcalina-blister-x2-unidades\/"},"modified":"2026-01-19T08:42:31","modified_gmt":"2026-01-19T11:42:31","slug":"pilas-energizer-c2-max-alcalina-blister-x2-unidades","status":"publish","type":"product","link":"https:\/\/calzavara.ar\/index.php\/producto\/pilas-energizer-c2-max-alcalina-blister-x2-unidades\/","title":{"rendered":"Pilas Energizer C2 Max Alcalina Blister X2 Unidades"},"content":{"rendered":"<p>La pila alcalina con la que cuentas todos los d\u00edas para dar energ\u00eda a tus linternas m\u00e1s grandes, juguetes a control remoto y radios de gran tama\u00f1o, es a\u00fan mejor. Las pilas C Energizer MAX\u00ae ahora mantienen su carga durante 10 a\u00f1os*. La tecnolog\u00eda patentada Powerseal\u2122 garantiza que tendr\u00e1s energ\u00eda en la que puedes confiar, tanto si te est\u00e1s preparando para esa tormenta que se ve en el horizonte o simplemente deleitando a tus hijos con un juguete a control remoto. Una vida \u00fatil de 10 a\u00f1os significa que puedes estar seguro de que siempre tendr\u00e1s energ\u00eda cuando m\u00e1s la necesitas.<br \/>\n* Vida \u00fatil<br \/>\n*Del derrame de las pilas usadas hasta 2 a\u00f1os.<\/p>\n","protected":false},"excerpt":{"rendered":"<p>La pila alcalina con la que cuentas todos los d\u00edas para dar energ\u00eda a tus linternas m\u00e1s grandes, juguetes a<\/p>\n","protected":false},"featured_media":9760,"template":"","meta":[],"product_brand":[],"product_cat":[722],"product_tag":[],"class_list":{"0":"post-9761","1":"product","2":"type-product","3":"status-publish","4":"has-post-thumbnail","6":"product_cat-pilas-y-baterias","8":"first","9":"instock","10":"taxable","11":"shipping-taxable","12":"product-type-simple"},"yoast_head":"<!-- This site is optimized with the Yoast SEO plugin v27.3 - https:\/\/yoast.com\/product\/yoast-seo-wordpress\/ -->\n<title>Pilas Energizer C2 Max Alcalina Blister X2 Unidades - CALZAVARA<\/title>\n<meta name=\"robots\" content=\"index, follow, max-snippet:-1, max-image-preview:large, max-video-preview:-1\" \/>\n<link rel=\"canonical\" href=\"https:\/\/calzavara.ar\/index.php\/producto\/pilas-energizer-c2-max-alcalina-blister-x2-unidades\/\" \/>\n<meta property=\"og:locale\" content=\"es_ES\" \/>\n<meta property=\"og:type\" content=\"article\" \/>\n<meta property=\"og:title\" content=\"Pilas Energizer C2 Max Alcalina Blister X2 Unidades - CALZAVARA\" \/>\n<meta property=\"og:description\" content=\"La pila alcalina con la que cuentas todos los d\u00edas para dar energ\u00eda a tus linternas m\u00e1s grandes, juguetes a\" \/>\n<meta property=\"og:url\" content=\"https:\/\/calzavara.ar\/index.php\/producto\/pilas-energizer-c2-max-alcalina-blister-x2-unidades\/\" \/>\n<meta property=\"og:site_name\" content=\"CALZAVARA\" \/>\n<meta property=\"article:publisher\" content=\"https:\/\/www.facebook.com\/calzavarasrl\" \/>\n<meta property=\"article:modified_time\" content=\"2026-01-19T11:42:31+00:00\" \/>\n<meta property=\"og:image\" content=\"https:\/\/calzavara.ar\/wp-content\/uploads\/2022\/05\/50507.jpg\" \/>\n\t<meta property=\"og:image:width\" content=\"1200\" \/>\n\t<meta property=\"og:image:height\" content=\"1200\" \/>\n\t<meta property=\"og:image:type\" content=\"image\/jpeg\" \/>\n<meta name=\"twitter:card\" content=\"summary_large_image\" \/>\n<meta name=\"twitter:label1\" content=\"Tiempo de lectura\" \/>\n\t<meta name=\"twitter:data1\" content=\"1 minuto\" \/>\n<script type=\"application\/ld+json\" class=\"yoast-schema-graph\">{\"@context\":\"https:\\\/\\\/schema.org\",\"@graph\":[{\"@type\":\"WebPage\",\"@id\":\"https:\\\/\\\/calzavara.ar\\\/index.php\\\/producto\\\/pilas-energizer-c2-max-alcalina-blister-x2-unidades\\\/\",\"url\":\"https:\\\/\\\/calzavara.ar\\\/index.php\\\/producto\\\/pilas-energizer-c2-max-alcalina-blister-x2-unidades\\\/\",\"name\":\"Pilas Energizer C2 Max Alcalina Blister X2 Unidades - CALZAVARA\",\"isPartOf\":{\"@id\":\"https:\\\/\\\/calzavara.ar\\\/#website\"},\"primaryImageOfPage\":{\"@id\":\"https:\\\/\\\/calzavara.ar\\\/index.php\\\/producto\\\/pilas-energizer-c2-max-alcalina-blister-x2-unidades\\\/#primaryimage\"},\"image\":{\"@id\":\"https:\\\/\\\/calzavara.ar\\\/index.php\\\/producto\\\/pilas-energizer-c2-max-alcalina-blister-x2-unidades\\\/#primaryimage\"},\"thumbnailUrl\":\"https:\\\/\\\/calzavara.ar\\\/wp-content\\\/uploads\\\/2022\\\/05\\\/50507.jpg\",\"datePublished\":\"2022-05-17T18:14:15+00:00\",\"dateModified\":\"2026-01-19T11:42:31+00:00\",\"breadcrumb\":{\"@id\":\"https:\\\/\\\/calzavara.ar\\\/index.php\\\/producto\\\/pilas-energizer-c2-max-alcalina-blister-x2-unidades\\\/#breadcrumb\"},\"inLanguage\":\"es\",\"potentialAction\":[{\"@type\":\"ReadAction\",\"target\":[\"https:\\\/\\\/calzavara.ar\\\/index.php\\\/producto\\\/pilas-energizer-c2-max-alcalina-blister-x2-unidades\\\/\"]}]},{\"@type\":\"ImageObject\",\"inLanguage\":\"es\",\"@id\":\"https:\\\/\\\/calzavara.ar\\\/index.php\\\/producto\\\/pilas-energizer-c2-max-alcalina-blister-x2-unidades\\\/#primaryimage\",\"url\":\"https:\\\/\\\/calzavara.ar\\\/wp-content\\\/uploads\\\/2022\\\/05\\\/50507.jpg\",\"contentUrl\":\"https:\\\/\\\/calzavara.ar\\\/wp-content\\\/uploads\\\/2022\\\/05\\\/50507.jpg\",\"width\":1200,\"height\":1200},{\"@type\":\"BreadcrumbList\",\"@id\":\"https:\\\/\\\/calzavara.ar\\\/index.php\\\/producto\\\/pilas-energizer-c2-max-alcalina-blister-x2-unidades\\\/#breadcrumb\",\"itemListElement\":[{\"@type\":\"ListItem\",\"position\":1,\"name\":\"Portada\",\"item\":\"https:\\\/\\\/calzavara.ar\\\/\"},{\"@type\":\"ListItem\",\"position\":2,\"name\":\"Tienda\",\"item\":\"https:\\\/\\\/calzavara.ar\\\/index.php\\\/tienda\\\/\"},{\"@type\":\"ListItem\",\"position\":3,\"name\":\"Pilas Energizer C2 Max Alcalina Blister X2 Unidades\"}]},{\"@type\":\"WebSite\",\"@id\":\"https:\\\/\\\/calzavara.ar\\\/#website\",\"url\":\"https:\\\/\\\/calzavara.ar\\\/\",\"name\":\"CALZAVARA\",\"description\":\"Tienda Oficial CALZAVARA\",\"publisher\":{\"@id\":\"https:\\\/\\\/calzavara.ar\\\/#organization\"},\"potentialAction\":[{\"@type\":\"SearchAction\",\"target\":{\"@type\":\"EntryPoint\",\"urlTemplate\":\"https:\\\/\\\/calzavara.ar\\\/?s={search_term_string}\"},\"query-input\":{\"@type\":\"PropertyValueSpecification\",\"valueRequired\":true,\"valueName\":\"search_term_string\"}}],\"inLanguage\":\"es\"},{\"@type\":\"Organization\",\"@id\":\"https:\\\/\\\/calzavara.ar\\\/#organization\",\"name\":\"CALZAVARA\",\"url\":\"https:\\\/\\\/calzavara.ar\\\/\",\"logo\":{\"@type\":\"ImageObject\",\"inLanguage\":\"es\",\"@id\":\"https:\\\/\\\/calzavara.ar\\\/#\\\/schema\\\/logo\\\/image\\\/\",\"url\":\"https:\\\/\\\/calzavara.ar\\\/wp-content\\\/uploads\\\/2025\\\/05\\\/CalzaLogoRedes.jpg\",\"contentUrl\":\"https:\\\/\\\/calzavara.ar\\\/wp-content\\\/uploads\\\/2025\\\/05\\\/CalzaLogoRedes.jpg\",\"width\":640,\"height\":640,\"caption\":\"CALZAVARA\"},\"image\":{\"@id\":\"https:\\\/\\\/calzavara.ar\\\/#\\\/schema\\\/logo\\\/image\\\/\"},\"sameAs\":[\"https:\\\/\\\/www.facebook.com\\\/calzavarasrl\",\"https:\\\/\\\/www.instagram.com\\\/calzavara_herrajes\",\"https:\\\/\\\/www.linkedin.com\\\/company\\\/calzavara\\\/\",\"https:\\\/\\\/www.youtube.com\\\/@calzavara3279\"]}]}<\/script>\n<!-- \/ Yoast SEO plugin. -->","yoast_head_json":{"title":"Pilas Energizer C2 Max Alcalina Blister X2 Unidades - CALZAVARA","robots":{"index":"index","follow":"follow","max-snippet":"max-snippet:-1","max-image-preview":"max-image-preview:large","max-video-preview":"max-video-preview:-1"},"canonical":"https:\/\/calzavara.ar\/index.php\/producto\/pilas-energizer-c2-max-alcalina-blister-x2-unidades\/","og_locale":"es_ES","og_type":"article","og_title":"Pilas Energizer C2 Max Alcalina Blister X2 Unidades - CALZAVARA","og_description":"La pila alcalina con la que cuentas todos los d\u00edas para dar energ\u00eda a tus linternas m\u00e1s grandes, juguetes a","og_url":"https:\/\/calzavara.ar\/index.php\/producto\/pilas-energizer-c2-max-alcalina-blister-x2-unidades\/","og_site_name":"CALZAVARA","article_publisher":"https:\/\/www.facebook.com\/calzavarasrl","article_modified_time":"2026-01-19T11:42:31+00:00","og_image":[{"width":1200,"height":1200,"url":"https:\/\/calzavara.ar\/wp-content\/uploads\/2022\/05\/50507.jpg","type":"image\/jpeg"}],"twitter_card":"summary_large_image","twitter_misc":{"Tiempo de lectura":"1 minuto"},"schema":{"@context":"https:\/\/schema.org","@graph":[{"@type":"WebPage","@id":"https:\/\/calzavara.ar\/index.php\/producto\/pilas-energizer-c2-max-alcalina-blister-x2-unidades\/","url":"https:\/\/calzavara.ar\/index.php\/producto\/pilas-energizer-c2-max-alcalina-blister-x2-unidades\/","name":"Pilas Energizer C2 Max Alcalina Blister X2 Unidades - CALZAVARA","isPartOf":{"@id":"https:\/\/calzavara.ar\/#website"},"primaryImageOfPage":{"@id":"https:\/\/calzavara.ar\/index.php\/producto\/pilas-energizer-c2-max-alcalina-blister-x2-unidades\/#primaryimage"},"image":{"@id":"https:\/\/calzavara.ar\/index.php\/producto\/pilas-energizer-c2-max-alcalina-blister-x2-unidades\/#primaryimage"},"thumbnailUrl":"https:\/\/calzavara.ar\/wp-content\/uploads\/2022\/05\/50507.jpg","datePublished":"2022-05-17T18:14:15+00:00","dateModified":"2026-01-19T11:42:31+00:00","breadcrumb":{"@id":"https:\/\/calzavara.ar\/index.php\/producto\/pilas-energizer-c2-max-alcalina-blister-x2-unidades\/#breadcrumb"},"inLanguage":"es","potentialAction":[{"@type":"ReadAction","target":["https:\/\/calzavara.ar\/index.php\/producto\/pilas-energizer-c2-max-alcalina-blister-x2-unidades\/"]}]},{"@type":"ImageObject","inLanguage":"es","@id":"https:\/\/calzavara.ar\/index.php\/producto\/pilas-energizer-c2-max-alcalina-blister-x2-unidades\/#primaryimage","url":"https:\/\/calzavara.ar\/wp-content\/uploads\/2022\/05\/50507.jpg","contentUrl":"https:\/\/calzavara.ar\/wp-content\/uploads\/2022\/05\/50507.jpg","width":1200,"height":1200},{"@type":"BreadcrumbList","@id":"https:\/\/calzavara.ar\/index.php\/producto\/pilas-energizer-c2-max-alcalina-blister-x2-unidades\/#breadcrumb","itemListElement":[{"@type":"ListItem","position":1,"name":"Portada","item":"https:\/\/calzavara.ar\/"},{"@type":"ListItem","position":2,"name":"Tienda","item":"https:\/\/calzavara.ar\/index.php\/tienda\/"},{"@type":"ListItem","position":3,"name":"Pilas Energizer C2 Max Alcalina Blister X2 Unidades"}]},{"@type":"WebSite","@id":"https:\/\/calzavara.ar\/#website","url":"https:\/\/calzavara.ar\/","name":"CALZAVARA","description":"Tienda Oficial CALZAVARA","publisher":{"@id":"https:\/\/calzavara.ar\/#organization"},"potentialAction":[{"@type":"SearchAction","target":{"@type":"EntryPoint","urlTemplate":"https:\/\/calzavara.ar\/?s={search_term_string}"},"query-input":{"@type":"PropertyValueSpecification","valueRequired":true,"valueName":"search_term_string"}}],"inLanguage":"es"},{"@type":"Organization","@id":"https:\/\/calzavara.ar\/#organization","name":"CALZAVARA","url":"https:\/\/calzavara.ar\/","logo":{"@type":"ImageObject","inLanguage":"es","@id":"https:\/\/calzavara.ar\/#\/schema\/logo\/image\/","url":"https:\/\/calzavara.ar\/wp-content\/uploads\/2025\/05\/CalzaLogoRedes.jpg","contentUrl":"https:\/\/calzavara.ar\/wp-content\/uploads\/2025\/05\/CalzaLogoRedes.jpg","width":640,"height":640,"caption":"CALZAVARA"},"image":{"@id":"https:\/\/calzavara.ar\/#\/schema\/logo\/image\/"},"sameAs":["https:\/\/www.facebook.com\/calzavarasrl","https:\/\/www.instagram.com\/calzavara_herrajes","https:\/\/www.linkedin.com\/company\/calzavara\/","https:\/\/www.youtube.com\/@calzavara3279"]}]}},"jetpack_sharing_enabled":true,"_links":{"self":[{"href":"https:\/\/calzavara.ar\/index.php\/wp-json\/wp\/v2\/product\/9761","targetHints":{"allow":["GET"]}}],"collection":[{"href":"https:\/\/calzavara.ar\/index.php\/wp-json\/wp\/v2\/product"}],"about":[{"href":"https:\/\/calzavara.ar\/index.php\/wp-json\/wp\/v2\/types\/product"}],"wp:featuredmedia":[{"embeddable":true,"href":"https:\/\/calzavara.ar\/index.php\/wp-json\/wp\/v2\/media\/9760"}],"wp:attachment":[{"href":"https:\/\/calzavara.ar\/index.php\/wp-json\/wp\/v2\/media?parent=9761"}],"wp:term":[{"taxonomy":"product_brand","embeddable":true,"href":"https:\/\/calzavara.ar\/index.php\/wp-json\/wp\/v2\/product_brand?post=9761"},{"taxonomy":"product_cat","embeddable":true,"href":"https:\/\/calzavara.ar\/index.php\/wp-json\/wp\/v2\/product_cat?post=9761"},{"taxonomy":"product_tag","embeddable":true,"href":"https:\/\/calzavara.ar\/index.php\/wp-json\/wp\/v2\/product_tag?post=9761"}],"curies":[{"name":"wp","href":"https:\/\/api.w.org\/{rel}","templated":true}]}}