{"id":9545,"date":"2022-05-17T15:10:46","date_gmt":"2022-05-17T18:10:46","guid":{"rendered":"https:\/\/calzavara.ar\/index.php\/producto\/2-pilas-triple-a-recargables-de-700mah-de-1-2v-aaa\/"},"modified":"2026-01-19T08:42:22","modified_gmt":"2026-01-19T11:42:22","slug":"2-pilas-triple-a-recargables-de-700mah-de-1-2v-aaa","status":"publish","type":"product","link":"https:\/\/calzavara.ar\/index.php\/producto\/2-pilas-triple-a-recargables-de-700mah-de-1-2v-aaa\/","title":{"rendered":"2 Pilas Triple A Recargables De 700mah De 1.2v ( AAA )"},"content":{"rendered":"<p>La publicaci\u00f3n incluye 2 pilas AAA (triple A) Marca Energizer.<br \/>\nAmperaje de la pila: 700 mAh<\/p>\n<p>Tus dispositivos favoritos nunca se toman un descanso. Por eso, las pilas AA Energizer Recharge\u00ae Universal son la manera perfecta de dar energ\u00eda a esos dispositivos que necesitan cargas frecuentes. Desde juguetes y c\u00e1maras digitales, hasta dispositivos GPS port\u00e1tiles, consolas de juego inal\u00e1mbricas y reproductores MP3, las pilas AA Energizer Recharge\u00ae Universal mantienen tus dispositivos en funcionamiento. Las pilas AA Energizer Recharge\u00ae Universal te brindan m\u00e1s energ\u00eda y mantienen su carga durante un m\u00e1ximo de 1 a\u00f1o.** Disfruta de m\u00e1s ciclos y cargas m\u00e1s r\u00e1pidas con energ\u00eda reutilizable que tambi\u00e9n es m\u00e1s ecol\u00f3gica para el planeta. Hasta 1.500 recargas. Es la bater\u00eda recargable que est\u00e1 ah\u00ed para ti, donde quiera que te lleve tu d\u00eda.<br \/>\n** Cuando no est\u00e1 en uso<\/p>\n<p>Muy recomendadas para aparatos con alto consumo de energ\u00eda o de uso frecuente \u2013los que usas m\u00e1s de una vez por semana\u2013 como c\u00e1maras digitales, mp3, CD, autos a control remoto, juegos de mano, flashes y GPS. Se recomiendan tambi\u00e9n para juguetes, agendas personales, aparatos m\u00e9dicos y de seguridad, etc. No se recomiendan para controles remotos y radios (para \u00e9stos, usa pilas alcalinas como Energizer MAX\u00ae).<\/p>\n<p>Ideal para juegos y juguetes, c\u00e1maras digitales, aparatos de audio, GPS, dispositivos infantiles y todos tus aparatos de alta tecnolog\u00eda del hogar.<\/p>\n","protected":false},"excerpt":{"rendered":"<p>La publicaci\u00f3n incluye 2 pilas AAA (triple A) Marca Energizer. Amperaje de la pila: 700 mAh Tus dispositivos favoritos nunca<\/p>\n","protected":false},"featured_media":9543,"template":"","meta":[],"product_brand":[],"product_cat":[722],"product_tag":[],"class_list":{"0":"post-9545","1":"product","2":"type-product","3":"status-publish","4":"has-post-thumbnail","6":"product_cat-pilas-y-baterias","8":"first","9":"instock","10":"sale","11":"taxable","12":"shipping-taxable","13":"purchasable","14":"product-type-simple"},"yoast_head":"<!-- This site is optimized with the Yoast SEO plugin v27.3 - https:\/\/yoast.com\/product\/yoast-seo-wordpress\/ -->\n<title>2 Pilas Triple A Recargables De 700mah De 1.2v ( AAA ) - CALZAVARA<\/title>\n<meta name=\"robots\" content=\"index, follow, max-snippet:-1, max-image-preview:large, max-video-preview:-1\" \/>\n<link rel=\"canonical\" href=\"https:\/\/calzavara.ar\/index.php\/producto\/2-pilas-triple-a-recargables-de-700mah-de-1-2v-aaa\/\" \/>\n<meta property=\"og:locale\" content=\"es_ES\" \/>\n<meta property=\"og:type\" content=\"article\" \/>\n<meta property=\"og:title\" content=\"2 Pilas Triple A Recargables De 700mah De 1.2v ( AAA ) - CALZAVARA\" \/>\n<meta property=\"og:description\" content=\"La publicaci\u00f3n incluye 2 pilas AAA (triple A) Marca Energizer. Amperaje de la pila: 700 mAh Tus dispositivos favoritos nunca\" \/>\n<meta property=\"og:url\" content=\"https:\/\/calzavara.ar\/index.php\/producto\/2-pilas-triple-a-recargables-de-700mah-de-1-2v-aaa\/\" \/>\n<meta property=\"og:site_name\" content=\"CALZAVARA\" \/>\n<meta property=\"article:publisher\" content=\"https:\/\/www.facebook.com\/calzavarasrl\" \/>\n<meta property=\"article:modified_time\" content=\"2026-01-19T11:42:22+00:00\" \/>\n<meta property=\"og:image\" content=\"https:\/\/calzavara.ar\/wp-content\/uploads\/2022\/05\/50523.png\" \/>\n\t<meta property=\"og:image:width\" content=\"1241\" \/>\n\t<meta property=\"og:image:height\" content=\"1000\" \/>\n\t<meta property=\"og:image:type\" content=\"image\/png\" \/>\n<meta name=\"twitter:card\" content=\"summary_large_image\" \/>\n<meta name=\"twitter:label1\" content=\"Tiempo de lectura\" \/>\n\t<meta name=\"twitter:data1\" content=\"1 minuto\" \/>\n<script type=\"application\/ld+json\" class=\"yoast-schema-graph\">{\"@context\":\"https:\\\/\\\/schema.org\",\"@graph\":[{\"@type\":\"WebPage\",\"@id\":\"https:\\\/\\\/calzavara.ar\\\/index.php\\\/producto\\\/2-pilas-triple-a-recargables-de-700mah-de-1-2v-aaa\\\/\",\"url\":\"https:\\\/\\\/calzavara.ar\\\/index.php\\\/producto\\\/2-pilas-triple-a-recargables-de-700mah-de-1-2v-aaa\\\/\",\"name\":\"2 Pilas Triple A Recargables De 700mah De 1.2v ( AAA ) - CALZAVARA\",\"isPartOf\":{\"@id\":\"https:\\\/\\\/calzavara.ar\\\/#website\"},\"primaryImageOfPage\":{\"@id\":\"https:\\\/\\\/calzavara.ar\\\/index.php\\\/producto\\\/2-pilas-triple-a-recargables-de-700mah-de-1-2v-aaa\\\/#primaryimage\"},\"image\":{\"@id\":\"https:\\\/\\\/calzavara.ar\\\/index.php\\\/producto\\\/2-pilas-triple-a-recargables-de-700mah-de-1-2v-aaa\\\/#primaryimage\"},\"thumbnailUrl\":\"https:\\\/\\\/calzavara.ar\\\/wp-content\\\/uploads\\\/2022\\\/05\\\/50523.png\",\"datePublished\":\"2022-05-17T18:10:46+00:00\",\"dateModified\":\"2026-01-19T11:42:22+00:00\",\"breadcrumb\":{\"@id\":\"https:\\\/\\\/calzavara.ar\\\/index.php\\\/producto\\\/2-pilas-triple-a-recargables-de-700mah-de-1-2v-aaa\\\/#breadcrumb\"},\"inLanguage\":\"es\",\"potentialAction\":[{\"@type\":\"ReadAction\",\"target\":[\"https:\\\/\\\/calzavara.ar\\\/index.php\\\/producto\\\/2-pilas-triple-a-recargables-de-700mah-de-1-2v-aaa\\\/\"]}]},{\"@type\":\"ImageObject\",\"inLanguage\":\"es\",\"@id\":\"https:\\\/\\\/calzavara.ar\\\/index.php\\\/producto\\\/2-pilas-triple-a-recargables-de-700mah-de-1-2v-aaa\\\/#primaryimage\",\"url\":\"https:\\\/\\\/calzavara.ar\\\/wp-content\\\/uploads\\\/2022\\\/05\\\/50523.png\",\"contentUrl\":\"https:\\\/\\\/calzavara.ar\\\/wp-content\\\/uploads\\\/2022\\\/05\\\/50523.png\",\"width\":1241,\"height\":1000},{\"@type\":\"BreadcrumbList\",\"@id\":\"https:\\\/\\\/calzavara.ar\\\/index.php\\\/producto\\\/2-pilas-triple-a-recargables-de-700mah-de-1-2v-aaa\\\/#breadcrumb\",\"itemListElement\":[{\"@type\":\"ListItem\",\"position\":1,\"name\":\"Portada\",\"item\":\"https:\\\/\\\/calzavara.ar\\\/\"},{\"@type\":\"ListItem\",\"position\":2,\"name\":\"Tienda\",\"item\":\"https:\\\/\\\/calzavara.ar\\\/index.php\\\/tienda\\\/\"},{\"@type\":\"ListItem\",\"position\":3,\"name\":\"2 Pilas Triple A Recargables De 700mah De 1.2v ( AAA )\"}]},{\"@type\":\"WebSite\",\"@id\":\"https:\\\/\\\/calzavara.ar\\\/#website\",\"url\":\"https:\\\/\\\/calzavara.ar\\\/\",\"name\":\"CALZAVARA\",\"description\":\"Tienda Oficial CALZAVARA\",\"publisher\":{\"@id\":\"https:\\\/\\\/calzavara.ar\\\/#organization\"},\"potentialAction\":[{\"@type\":\"SearchAction\",\"target\":{\"@type\":\"EntryPoint\",\"urlTemplate\":\"https:\\\/\\\/calzavara.ar\\\/?s={search_term_string}\"},\"query-input\":{\"@type\":\"PropertyValueSpecification\",\"valueRequired\":true,\"valueName\":\"search_term_string\"}}],\"inLanguage\":\"es\"},{\"@type\":\"Organization\",\"@id\":\"https:\\\/\\\/calzavara.ar\\\/#organization\",\"name\":\"CALZAVARA\",\"url\":\"https:\\\/\\\/calzavara.ar\\\/\",\"logo\":{\"@type\":\"ImageObject\",\"inLanguage\":\"es\",\"@id\":\"https:\\\/\\\/calzavara.ar\\\/#\\\/schema\\\/logo\\\/image\\\/\",\"url\":\"https:\\\/\\\/calzavara.ar\\\/wp-content\\\/uploads\\\/2025\\\/05\\\/CalzaLogoRedes.jpg\",\"contentUrl\":\"https:\\\/\\\/calzavara.ar\\\/wp-content\\\/uploads\\\/2025\\\/05\\\/CalzaLogoRedes.jpg\",\"width\":640,\"height\":640,\"caption\":\"CALZAVARA\"},\"image\":{\"@id\":\"https:\\\/\\\/calzavara.ar\\\/#\\\/schema\\\/logo\\\/image\\\/\"},\"sameAs\":[\"https:\\\/\\\/www.facebook.com\\\/calzavarasrl\",\"https:\\\/\\\/www.instagram.com\\\/calzavara_herrajes\",\"https:\\\/\\\/www.linkedin.com\\\/company\\\/calzavara\\\/\",\"https:\\\/\\\/www.youtube.com\\\/@calzavara3279\"]}]}<\/script>\n<!-- \/ Yoast SEO plugin. -->","yoast_head_json":{"title":"2 Pilas Triple A Recargables De 700mah De 1.2v ( AAA ) - CALZAVARA","robots":{"index":"index","follow":"follow","max-snippet":"max-snippet:-1","max-image-preview":"max-image-preview:large","max-video-preview":"max-video-preview:-1"},"canonical":"https:\/\/calzavara.ar\/index.php\/producto\/2-pilas-triple-a-recargables-de-700mah-de-1-2v-aaa\/","og_locale":"es_ES","og_type":"article","og_title":"2 Pilas Triple A Recargables De 700mah De 1.2v ( AAA ) - CALZAVARA","og_description":"La publicaci\u00f3n incluye 2 pilas AAA (triple A) Marca Energizer. Amperaje de la pila: 700 mAh Tus dispositivos favoritos nunca","og_url":"https:\/\/calzavara.ar\/index.php\/producto\/2-pilas-triple-a-recargables-de-700mah-de-1-2v-aaa\/","og_site_name":"CALZAVARA","article_publisher":"https:\/\/www.facebook.com\/calzavarasrl","article_modified_time":"2026-01-19T11:42:22+00:00","og_image":[{"width":1241,"height":1000,"url":"https:\/\/calzavara.ar\/wp-content\/uploads\/2022\/05\/50523.png","type":"image\/png"}],"twitter_card":"summary_large_image","twitter_misc":{"Tiempo de lectura":"1 minuto"},"schema":{"@context":"https:\/\/schema.org","@graph":[{"@type":"WebPage","@id":"https:\/\/calzavara.ar\/index.php\/producto\/2-pilas-triple-a-recargables-de-700mah-de-1-2v-aaa\/","url":"https:\/\/calzavara.ar\/index.php\/producto\/2-pilas-triple-a-recargables-de-700mah-de-1-2v-aaa\/","name":"2 Pilas Triple A Recargables De 700mah De 1.2v ( AAA ) - CALZAVARA","isPartOf":{"@id":"https:\/\/calzavara.ar\/#website"},"primaryImageOfPage":{"@id":"https:\/\/calzavara.ar\/index.php\/producto\/2-pilas-triple-a-recargables-de-700mah-de-1-2v-aaa\/#primaryimage"},"image":{"@id":"https:\/\/calzavara.ar\/index.php\/producto\/2-pilas-triple-a-recargables-de-700mah-de-1-2v-aaa\/#primaryimage"},"thumbnailUrl":"https:\/\/calzavara.ar\/wp-content\/uploads\/2022\/05\/50523.png","datePublished":"2022-05-17T18:10:46+00:00","dateModified":"2026-01-19T11:42:22+00:00","breadcrumb":{"@id":"https:\/\/calzavara.ar\/index.php\/producto\/2-pilas-triple-a-recargables-de-700mah-de-1-2v-aaa\/#breadcrumb"},"inLanguage":"es","potentialAction":[{"@type":"ReadAction","target":["https:\/\/calzavara.ar\/index.php\/producto\/2-pilas-triple-a-recargables-de-700mah-de-1-2v-aaa\/"]}]},{"@type":"ImageObject","inLanguage":"es","@id":"https:\/\/calzavara.ar\/index.php\/producto\/2-pilas-triple-a-recargables-de-700mah-de-1-2v-aaa\/#primaryimage","url":"https:\/\/calzavara.ar\/wp-content\/uploads\/2022\/05\/50523.png","contentUrl":"https:\/\/calzavara.ar\/wp-content\/uploads\/2022\/05\/50523.png","width":1241,"height":1000},{"@type":"BreadcrumbList","@id":"https:\/\/calzavara.ar\/index.php\/producto\/2-pilas-triple-a-recargables-de-700mah-de-1-2v-aaa\/#breadcrumb","itemListElement":[{"@type":"ListItem","position":1,"name":"Portada","item":"https:\/\/calzavara.ar\/"},{"@type":"ListItem","position":2,"name":"Tienda","item":"https:\/\/calzavara.ar\/index.php\/tienda\/"},{"@type":"ListItem","position":3,"name":"2 Pilas Triple A Recargables De 700mah De 1.2v ( AAA )"}]},{"@type":"WebSite","@id":"https:\/\/calzavara.ar\/#website","url":"https:\/\/calzavara.ar\/","name":"CALZAVARA","description":"Tienda Oficial CALZAVARA","publisher":{"@id":"https:\/\/calzavara.ar\/#organization"},"potentialAction":[{"@type":"SearchAction","target":{"@type":"EntryPoint","urlTemplate":"https:\/\/calzavara.ar\/?s={search_term_string}"},"query-input":{"@type":"PropertyValueSpecification","valueRequired":true,"valueName":"search_term_string"}}],"inLanguage":"es"},{"@type":"Organization","@id":"https:\/\/calzavara.ar\/#organization","name":"CALZAVARA","url":"https:\/\/calzavara.ar\/","logo":{"@type":"ImageObject","inLanguage":"es","@id":"https:\/\/calzavara.ar\/#\/schema\/logo\/image\/","url":"https:\/\/calzavara.ar\/wp-content\/uploads\/2025\/05\/CalzaLogoRedes.jpg","contentUrl":"https:\/\/calzavara.ar\/wp-content\/uploads\/2025\/05\/CalzaLogoRedes.jpg","width":640,"height":640,"caption":"CALZAVARA"},"image":{"@id":"https:\/\/calzavara.ar\/#\/schema\/logo\/image\/"},"sameAs":["https:\/\/www.facebook.com\/calzavarasrl","https:\/\/www.instagram.com\/calzavara_herrajes","https:\/\/www.linkedin.com\/company\/calzavara\/","https:\/\/www.youtube.com\/@calzavara3279"]}]}},"jetpack_sharing_enabled":true,"_links":{"self":[{"href":"https:\/\/calzavara.ar\/index.php\/wp-json\/wp\/v2\/product\/9545","targetHints":{"allow":["GET"]}}],"collection":[{"href":"https:\/\/calzavara.ar\/index.php\/wp-json\/wp\/v2\/product"}],"about":[{"href":"https:\/\/calzavara.ar\/index.php\/wp-json\/wp\/v2\/types\/product"}],"wp:featuredmedia":[{"embeddable":true,"href":"https:\/\/calzavara.ar\/index.php\/wp-json\/wp\/v2\/media\/9543"}],"wp:attachment":[{"href":"https:\/\/calzavara.ar\/index.php\/wp-json\/wp\/v2\/media?parent=9545"}],"wp:term":[{"taxonomy":"product_brand","embeddable":true,"href":"https:\/\/calzavara.ar\/index.php\/wp-json\/wp\/v2\/product_brand?post=9545"},{"taxonomy":"product_cat","embeddable":true,"href":"https:\/\/calzavara.ar\/index.php\/wp-json\/wp\/v2\/product_cat?post=9545"},{"taxonomy":"product_tag","embeddable":true,"href":"https:\/\/calzavara.ar\/index.php\/wp-json\/wp\/v2\/product_tag?post=9545"}],"curies":[{"name":"wp","href":"https:\/\/api.w.org\/{rel}","templated":true}]}}