{"id":9432,"date":"2022-05-17T15:08:35","date_gmt":"2022-05-17T18:08:35","guid":{"rendered":"https:\/\/calzavara.ar\/index.php\/producto\/pegamento-adhesivo-acrilico-sikabond-montaje-300ml\/"},"modified":"2026-01-19T08:42:18","modified_gmt":"2026-01-19T11:42:18","slug":"pegamento-adhesivo-acrilico-sikabond-montaje-300ml","status":"publish","type":"product","link":"https:\/\/calzavara.ar\/index.php\/producto\/pegamento-adhesivo-acrilico-sikabond-montaje-300ml\/","title":{"rendered":"Pegamento \/  Adhesivo Acrilico Sikabond Montaje 300ml"},"content":{"rendered":"<p>El adhesivo Sika\u00ae Montaje es una dispersi\u00f3n acuosa de una combinaci\u00f3n de pol\u00edmeros acr\u00edlicos y cargas minerales, dise\u00f1ado para la uni\u00f3n de superficies absorbentes.  <\/p>\n<p>USOS<br \/>\n&#8211; Para pegados no sometidos a grandes esfuerzos o a peso excesivo.<br \/>\n&#8211; Para pegados entre superficies porosas como: madera, madera aglomerada, ladrillos, m\u00e1rmol, tabiques yeso-cart\u00f3n, cer\u00e1mica, mamposter\u00eda, concreto, etc.<br \/>\n&#8211; Para pegar superficies porosas con no porosas como: alfombras, poliestirenoy poliuretano expandido, algunos pl\u00e1sticos, etc. <\/p>\n<p>Es indispensable que al menos una de las dos superficies sea porosa!!<\/p>\n<p>CARACTER\u00cdSTICAS\/ VENTAJAS<br \/>\n&#8211; La tixotrop\u00eda de Sika\u00ae Montaje le permite aplicaciones en vertical sin escurrir.<br \/>\n&#8211; Una vez curado, brinda una pel\u00edcula pl\u00e1stica, altamente tenaz y de gran resistencia a la tracci\u00f3n.<br \/>\n&#8211; Posee muy buena resistencia a la intemperie.<br \/>\n&#8211; Puede ser aplicado en pegados interiores y exteriores.<br \/>\n&#8211; No contiene solventes.<br \/>\n&#8211; No es necesario recurrir a un acelerante para activar la hidrataci\u00f3n ya que nomodifica sustancialmente el desarrollo del fraguado (una vez que pasa el efecto de retenci\u00f3n de trabajabilidad).<\/p>\n","protected":false},"excerpt":{"rendered":"<p>El adhesivo Sika\u00ae Montaje es una dispersi\u00f3n acuosa de una combinaci\u00f3n de pol\u00edmeros acr\u00edlicos y cargas minerales, dise\u00f1ado para la<\/p>\n","protected":false},"featured_media":9431,"template":"","meta":[],"product_brand":[],"product_cat":[69],"product_tag":[],"class_list":{"0":"post-9432","1":"product","2":"type-product","3":"status-publish","4":"has-post-thumbnail","6":"product_cat-adhesivosselladores","8":"first","9":"instock","10":"taxable","11":"shipping-taxable","12":"product-type-simple"},"yoast_head":"<!-- This site is optimized with the Yoast SEO plugin v27.2 - https:\/\/yoast.com\/product\/yoast-seo-wordpress\/ -->\n<title>Pegamento \/ Adhesivo Acrilico Sikabond Montaje 300ml - CALZAVARA<\/title>\n<meta name=\"robots\" content=\"index, follow, max-snippet:-1, max-image-preview:large, max-video-preview:-1\" \/>\n<link rel=\"canonical\" href=\"https:\/\/calzavara.ar\/index.php\/producto\/pegamento-adhesivo-acrilico-sikabond-montaje-300ml\/\" \/>\n<meta property=\"og:locale\" content=\"es_ES\" \/>\n<meta property=\"og:type\" content=\"article\" \/>\n<meta property=\"og:title\" content=\"Pegamento \/ Adhesivo Acrilico Sikabond Montaje 300ml - CALZAVARA\" \/>\n<meta property=\"og:description\" content=\"El adhesivo Sika\u00ae Montaje es una dispersi\u00f3n acuosa de una combinaci\u00f3n de pol\u00edmeros acr\u00edlicos y cargas minerales, dise\u00f1ado para la\" \/>\n<meta property=\"og:url\" content=\"https:\/\/calzavara.ar\/index.php\/producto\/pegamento-adhesivo-acrilico-sikabond-montaje-300ml\/\" \/>\n<meta property=\"og:site_name\" content=\"CALZAVARA\" \/>\n<meta property=\"article:publisher\" content=\"https:\/\/www.facebook.com\/calzavarasrl\" \/>\n<meta property=\"article:modified_time\" content=\"2026-01-19T11:42:18+00:00\" \/>\n<meta property=\"og:image\" content=\"https:\/\/calzavara.ar\/wp-content\/uploads\/2022\/05\/24206.jpg\" \/>\n\t<meta property=\"og:image:width\" content=\"932\" \/>\n\t<meta property=\"og:image:height\" content=\"932\" \/>\n\t<meta property=\"og:image:type\" content=\"image\/jpeg\" \/>\n<meta name=\"twitter:card\" content=\"summary_large_image\" \/>\n<meta name=\"twitter:label1\" content=\"Tiempo de lectura\" \/>\n\t<meta name=\"twitter:data1\" content=\"1 minuto\" \/>\n<script type=\"application\/ld+json\" class=\"yoast-schema-graph\">{\"@context\":\"https:\/\/schema.org\",\"@graph\":[{\"@type\":\"WebPage\",\"@id\":\"https:\/\/calzavara.ar\/index.php\/producto\/pegamento-adhesivo-acrilico-sikabond-montaje-300ml\/\",\"url\":\"https:\/\/calzavara.ar\/index.php\/producto\/pegamento-adhesivo-acrilico-sikabond-montaje-300ml\/\",\"name\":\"Pegamento \/ Adhesivo Acrilico Sikabond Montaje 300ml - CALZAVARA\",\"isPartOf\":{\"@id\":\"https:\/\/calzavara.ar\/#website\"},\"primaryImageOfPage\":{\"@id\":\"https:\/\/calzavara.ar\/index.php\/producto\/pegamento-adhesivo-acrilico-sikabond-montaje-300ml\/#primaryimage\"},\"image\":{\"@id\":\"https:\/\/calzavara.ar\/index.php\/producto\/pegamento-adhesivo-acrilico-sikabond-montaje-300ml\/#primaryimage\"},\"thumbnailUrl\":\"https:\/\/calzavara.ar\/wp-content\/uploads\/2022\/05\/24206.jpg\",\"datePublished\":\"2022-05-17T18:08:35+00:00\",\"dateModified\":\"2026-01-19T11:42:18+00:00\",\"breadcrumb\":{\"@id\":\"https:\/\/calzavara.ar\/index.php\/producto\/pegamento-adhesivo-acrilico-sikabond-montaje-300ml\/#breadcrumb\"},\"inLanguage\":\"es\",\"potentialAction\":[{\"@type\":\"ReadAction\",\"target\":[\"https:\/\/calzavara.ar\/index.php\/producto\/pegamento-adhesivo-acrilico-sikabond-montaje-300ml\/\"]}]},{\"@type\":\"ImageObject\",\"inLanguage\":\"es\",\"@id\":\"https:\/\/calzavara.ar\/index.php\/producto\/pegamento-adhesivo-acrilico-sikabond-montaje-300ml\/#primaryimage\",\"url\":\"https:\/\/calzavara.ar\/wp-content\/uploads\/2022\/05\/24206.jpg\",\"contentUrl\":\"https:\/\/calzavara.ar\/wp-content\/uploads\/2022\/05\/24206.jpg\",\"width\":932,\"height\":932},{\"@type\":\"BreadcrumbList\",\"@id\":\"https:\/\/calzavara.ar\/index.php\/producto\/pegamento-adhesivo-acrilico-sikabond-montaje-300ml\/#breadcrumb\",\"itemListElement\":[{\"@type\":\"ListItem\",\"position\":1,\"name\":\"Portada\",\"item\":\"https:\/\/calzavara.ar\/\"},{\"@type\":\"ListItem\",\"position\":2,\"name\":\"Tienda\",\"item\":\"https:\/\/calzavara.ar\/index.php\/tienda\/\"},{\"@type\":\"ListItem\",\"position\":3,\"name\":\"Pegamento \/ Adhesivo Acrilico Sikabond Montaje 300ml\"}]},{\"@type\":\"WebSite\",\"@id\":\"https:\/\/calzavara.ar\/#website\",\"url\":\"https:\/\/calzavara.ar\/\",\"name\":\"CALZAVARA\",\"description\":\"Tienda Oficial CALZAVARA\",\"publisher\":{\"@id\":\"https:\/\/calzavara.ar\/#organization\"},\"potentialAction\":[{\"@type\":\"SearchAction\",\"target\":{\"@type\":\"EntryPoint\",\"urlTemplate\":\"https:\/\/calzavara.ar\/?s={search_term_string}\"},\"query-input\":{\"@type\":\"PropertyValueSpecification\",\"valueRequired\":true,\"valueName\":\"search_term_string\"}}],\"inLanguage\":\"es\"},{\"@type\":\"Organization\",\"@id\":\"https:\/\/calzavara.ar\/#organization\",\"name\":\"CALZAVARA\",\"url\":\"https:\/\/calzavara.ar\/\",\"logo\":{\"@type\":\"ImageObject\",\"inLanguage\":\"es\",\"@id\":\"https:\/\/calzavara.ar\/#\/schema\/logo\/image\/\",\"url\":\"https:\/\/calzavara.ar\/wp-content\/uploads\/2025\/05\/CalzaLogoRedes.jpg\",\"contentUrl\":\"https:\/\/calzavara.ar\/wp-content\/uploads\/2025\/05\/CalzaLogoRedes.jpg\",\"width\":640,\"height\":640,\"caption\":\"CALZAVARA\"},\"image\":{\"@id\":\"https:\/\/calzavara.ar\/#\/schema\/logo\/image\/\"},\"sameAs\":[\"https:\/\/www.facebook.com\/calzavarasrl\",\"https:\/\/www.instagram.com\/calzavara_herrajes\",\"https:\/\/www.linkedin.com\/company\/calzavara\/\",\"https:\/\/www.youtube.com\/@calzavara3279\"]}]}<\/script>\n<!-- \/ Yoast SEO plugin. -->","yoast_head_json":{"title":"Pegamento \/ Adhesivo Acrilico Sikabond Montaje 300ml - CALZAVARA","robots":{"index":"index","follow":"follow","max-snippet":"max-snippet:-1","max-image-preview":"max-image-preview:large","max-video-preview":"max-video-preview:-1"},"canonical":"https:\/\/calzavara.ar\/index.php\/producto\/pegamento-adhesivo-acrilico-sikabond-montaje-300ml\/","og_locale":"es_ES","og_type":"article","og_title":"Pegamento \/ Adhesivo Acrilico Sikabond Montaje 300ml - CALZAVARA","og_description":"El adhesivo Sika\u00ae Montaje es una dispersi\u00f3n acuosa de una combinaci\u00f3n de pol\u00edmeros acr\u00edlicos y cargas minerales, dise\u00f1ado para la","og_url":"https:\/\/calzavara.ar\/index.php\/producto\/pegamento-adhesivo-acrilico-sikabond-montaje-300ml\/","og_site_name":"CALZAVARA","article_publisher":"https:\/\/www.facebook.com\/calzavarasrl","article_modified_time":"2026-01-19T11:42:18+00:00","og_image":[{"width":932,"height":932,"url":"https:\/\/calzavara.ar\/wp-content\/uploads\/2022\/05\/24206.jpg","type":"image\/jpeg"}],"twitter_card":"summary_large_image","twitter_misc":{"Tiempo de lectura":"1 minuto"},"schema":{"@context":"https:\/\/schema.org","@graph":[{"@type":"WebPage","@id":"https:\/\/calzavara.ar\/index.php\/producto\/pegamento-adhesivo-acrilico-sikabond-montaje-300ml\/","url":"https:\/\/calzavara.ar\/index.php\/producto\/pegamento-adhesivo-acrilico-sikabond-montaje-300ml\/","name":"Pegamento \/ Adhesivo Acrilico Sikabond Montaje 300ml - CALZAVARA","isPartOf":{"@id":"https:\/\/calzavara.ar\/#website"},"primaryImageOfPage":{"@id":"https:\/\/calzavara.ar\/index.php\/producto\/pegamento-adhesivo-acrilico-sikabond-montaje-300ml\/#primaryimage"},"image":{"@id":"https:\/\/calzavara.ar\/index.php\/producto\/pegamento-adhesivo-acrilico-sikabond-montaje-300ml\/#primaryimage"},"thumbnailUrl":"https:\/\/calzavara.ar\/wp-content\/uploads\/2022\/05\/24206.jpg","datePublished":"2022-05-17T18:08:35+00:00","dateModified":"2026-01-19T11:42:18+00:00","breadcrumb":{"@id":"https:\/\/calzavara.ar\/index.php\/producto\/pegamento-adhesivo-acrilico-sikabond-montaje-300ml\/#breadcrumb"},"inLanguage":"es","potentialAction":[{"@type":"ReadAction","target":["https:\/\/calzavara.ar\/index.php\/producto\/pegamento-adhesivo-acrilico-sikabond-montaje-300ml\/"]}]},{"@type":"ImageObject","inLanguage":"es","@id":"https:\/\/calzavara.ar\/index.php\/producto\/pegamento-adhesivo-acrilico-sikabond-montaje-300ml\/#primaryimage","url":"https:\/\/calzavara.ar\/wp-content\/uploads\/2022\/05\/24206.jpg","contentUrl":"https:\/\/calzavara.ar\/wp-content\/uploads\/2022\/05\/24206.jpg","width":932,"height":932},{"@type":"BreadcrumbList","@id":"https:\/\/calzavara.ar\/index.php\/producto\/pegamento-adhesivo-acrilico-sikabond-montaje-300ml\/#breadcrumb","itemListElement":[{"@type":"ListItem","position":1,"name":"Portada","item":"https:\/\/calzavara.ar\/"},{"@type":"ListItem","position":2,"name":"Tienda","item":"https:\/\/calzavara.ar\/index.php\/tienda\/"},{"@type":"ListItem","position":3,"name":"Pegamento \/ Adhesivo Acrilico Sikabond Montaje 300ml"}]},{"@type":"WebSite","@id":"https:\/\/calzavara.ar\/#website","url":"https:\/\/calzavara.ar\/","name":"CALZAVARA","description":"Tienda Oficial CALZAVARA","publisher":{"@id":"https:\/\/calzavara.ar\/#organization"},"potentialAction":[{"@type":"SearchAction","target":{"@type":"EntryPoint","urlTemplate":"https:\/\/calzavara.ar\/?s={search_term_string}"},"query-input":{"@type":"PropertyValueSpecification","valueRequired":true,"valueName":"search_term_string"}}],"inLanguage":"es"},{"@type":"Organization","@id":"https:\/\/calzavara.ar\/#organization","name":"CALZAVARA","url":"https:\/\/calzavara.ar\/","logo":{"@type":"ImageObject","inLanguage":"es","@id":"https:\/\/calzavara.ar\/#\/schema\/logo\/image\/","url":"https:\/\/calzavara.ar\/wp-content\/uploads\/2025\/05\/CalzaLogoRedes.jpg","contentUrl":"https:\/\/calzavara.ar\/wp-content\/uploads\/2025\/05\/CalzaLogoRedes.jpg","width":640,"height":640,"caption":"CALZAVARA"},"image":{"@id":"https:\/\/calzavara.ar\/#\/schema\/logo\/image\/"},"sameAs":["https:\/\/www.facebook.com\/calzavarasrl","https:\/\/www.instagram.com\/calzavara_herrajes","https:\/\/www.linkedin.com\/company\/calzavara\/","https:\/\/www.youtube.com\/@calzavara3279"]}]}},"jetpack_sharing_enabled":true,"_links":{"self":[{"href":"https:\/\/calzavara.ar\/index.php\/wp-json\/wp\/v2\/product\/9432","targetHints":{"allow":["GET"]}}],"collection":[{"href":"https:\/\/calzavara.ar\/index.php\/wp-json\/wp\/v2\/product"}],"about":[{"href":"https:\/\/calzavara.ar\/index.php\/wp-json\/wp\/v2\/types\/product"}],"wp:featuredmedia":[{"embeddable":true,"href":"https:\/\/calzavara.ar\/index.php\/wp-json\/wp\/v2\/media\/9431"}],"wp:attachment":[{"href":"https:\/\/calzavara.ar\/index.php\/wp-json\/wp\/v2\/media?parent=9432"}],"wp:term":[{"taxonomy":"product_brand","embeddable":true,"href":"https:\/\/calzavara.ar\/index.php\/wp-json\/wp\/v2\/product_brand?post=9432"},{"taxonomy":"product_cat","embeddable":true,"href":"https:\/\/calzavara.ar\/index.php\/wp-json\/wp\/v2\/product_cat?post=9432"},{"taxonomy":"product_tag","embeddable":true,"href":"https:\/\/calzavara.ar\/index.php\/wp-json\/wp\/v2\/product_tag?post=9432"}],"curies":[{"name":"wp","href":"https:\/\/api.w.org\/{rel}","templated":true}]}}