{"id":9430,"date":"2022-05-17T15:08:33","date_gmt":"2022-05-17T18:08:33","guid":{"rendered":"https:\/\/calzavara.ar\/index.php\/producto\/sika-boom-750ml-espuma-de-poliuretano\/"},"modified":"2026-01-19T08:42:18","modified_gmt":"2026-01-19T11:42:18","slug":"sika-boom-750ml-espuma-de-poliuretano","status":"publish","type":"product","link":"https:\/\/calzavara.ar\/index.php\/producto\/sika-boom-750ml-espuma-de-poliuretano\/","title":{"rendered":"Sika  Boom 750ml Espuma De Poliuretano"},"content":{"rendered":"<p>DESCRIPCI\u00d3N DEL PRODUCTO<br \/>\nSika Boom\u00ae  es una espuma de poliuretano expansiva monocomponente de r\u00e1pido curado para rellenar, sellar y aislar todo tipo de conductos. <\/p>\n<p>USOS<br \/>\nSika Boom\u00ae  est\u00e1 dise\u00f1ado para fijar, aislar y rellenarjuntas de conexi\u00f3n alrededor de marcos de ventanas y puertas, entradas de tuber\u00edas, sistemas de aire acondicionado, equipamiento el\u00e9ctrico, etc. Sika Boom\u00ae  permite aislamiento contra ruido, fr\u00edo y corrientes de aire despu\u00e9s de una sola aplicaci\u00f3n.<\/p>\n<p>Sika Boom\u00ae tiene una vida \u00fatil de 9 meses a partir de la fecha de producci\u00f3n, si se almacena correctamente en el envace original, no da\u00f1ado y sellado y si se cumplen las condiciones de almacenamiento. Las latas abiertas de Sika Boom\u00ae deben usarse dentro de 4 semanas.<\/p>\n<p>Envases da\u00f1ados o con vencimiento no son aceptados apra devoluci\u00f3n. El articulo no puede ser enviado por correo porque es inflamable. Va por encomienda.<\/p>\n","protected":false},"excerpt":{"rendered":"<p>DESCRIPCI\u00d3N DEL PRODUCTO Sika Boom\u00ae es una espuma de poliuretano expansiva monocomponente de r\u00e1pido curado para rellenar, sellar y aislar<\/p>\n","protected":false},"featured_media":9429,"template":"","meta":[],"product_brand":[],"product_cat":[69],"product_tag":[],"class_list":{"0":"post-9430","1":"product","2":"type-product","3":"status-publish","4":"has-post-thumbnail","6":"product_cat-adhesivosselladores","8":"first","9":"instock","10":"taxable","11":"shipping-taxable","12":"product-type-simple"},"yoast_head":"<!-- This site is optimized with the Yoast SEO plugin v27.2 - https:\/\/yoast.com\/product\/yoast-seo-wordpress\/ -->\n<title>Sika Boom 750ml Espuma De Poliuretano - CALZAVARA<\/title>\n<meta name=\"robots\" content=\"index, follow, max-snippet:-1, max-image-preview:large, max-video-preview:-1\" \/>\n<link rel=\"canonical\" href=\"https:\/\/calzavara.ar\/index.php\/producto\/sika-boom-750ml-espuma-de-poliuretano\/\" \/>\n<meta property=\"og:locale\" content=\"es_ES\" \/>\n<meta property=\"og:type\" content=\"article\" \/>\n<meta property=\"og:title\" content=\"Sika Boom 750ml Espuma De Poliuretano - CALZAVARA\" \/>\n<meta property=\"og:description\" content=\"DESCRIPCI\u00d3N DEL PRODUCTO Sika Boom\u00ae es una espuma de poliuretano expansiva monocomponente de r\u00e1pido curado para rellenar, sellar y aislar\" \/>\n<meta property=\"og:url\" content=\"https:\/\/calzavara.ar\/index.php\/producto\/sika-boom-750ml-espuma-de-poliuretano\/\" \/>\n<meta property=\"og:site_name\" content=\"CALZAVARA\" \/>\n<meta property=\"article:publisher\" content=\"https:\/\/www.facebook.com\/calzavarasrl\" \/>\n<meta property=\"article:modified_time\" content=\"2026-01-19T11:42:18+00:00\" \/>\n<meta property=\"og:image\" content=\"https:\/\/calzavara.ar\/wp-content\/uploads\/2022\/05\/24202.jpg\" \/>\n\t<meta property=\"og:image:width\" content=\"1000\" \/>\n\t<meta property=\"og:image:height\" content=\"829\" \/>\n\t<meta property=\"og:image:type\" content=\"image\/jpeg\" \/>\n<meta name=\"twitter:card\" content=\"summary_large_image\" \/>\n<meta name=\"twitter:label1\" content=\"Tiempo de lectura\" \/>\n\t<meta name=\"twitter:data1\" content=\"1 minuto\" \/>\n<script type=\"application\/ld+json\" class=\"yoast-schema-graph\">{\"@context\":\"https:\/\/schema.org\",\"@graph\":[{\"@type\":\"WebPage\",\"@id\":\"https:\/\/calzavara.ar\/index.php\/producto\/sika-boom-750ml-espuma-de-poliuretano\/\",\"url\":\"https:\/\/calzavara.ar\/index.php\/producto\/sika-boom-750ml-espuma-de-poliuretano\/\",\"name\":\"Sika Boom 750ml Espuma De Poliuretano - CALZAVARA\",\"isPartOf\":{\"@id\":\"https:\/\/calzavara.ar\/#website\"},\"primaryImageOfPage\":{\"@id\":\"https:\/\/calzavara.ar\/index.php\/producto\/sika-boom-750ml-espuma-de-poliuretano\/#primaryimage\"},\"image\":{\"@id\":\"https:\/\/calzavara.ar\/index.php\/producto\/sika-boom-750ml-espuma-de-poliuretano\/#primaryimage\"},\"thumbnailUrl\":\"https:\/\/calzavara.ar\/wp-content\/uploads\/2022\/05\/24202.jpg\",\"datePublished\":\"2022-05-17T18:08:33+00:00\",\"dateModified\":\"2026-01-19T11:42:18+00:00\",\"breadcrumb\":{\"@id\":\"https:\/\/calzavara.ar\/index.php\/producto\/sika-boom-750ml-espuma-de-poliuretano\/#breadcrumb\"},\"inLanguage\":\"es\",\"potentialAction\":[{\"@type\":\"ReadAction\",\"target\":[\"https:\/\/calzavara.ar\/index.php\/producto\/sika-boom-750ml-espuma-de-poliuretano\/\"]}]},{\"@type\":\"ImageObject\",\"inLanguage\":\"es\",\"@id\":\"https:\/\/calzavara.ar\/index.php\/producto\/sika-boom-750ml-espuma-de-poliuretano\/#primaryimage\",\"url\":\"https:\/\/calzavara.ar\/wp-content\/uploads\/2022\/05\/24202.jpg\",\"contentUrl\":\"https:\/\/calzavara.ar\/wp-content\/uploads\/2022\/05\/24202.jpg\",\"width\":1000,\"height\":829},{\"@type\":\"BreadcrumbList\",\"@id\":\"https:\/\/calzavara.ar\/index.php\/producto\/sika-boom-750ml-espuma-de-poliuretano\/#breadcrumb\",\"itemListElement\":[{\"@type\":\"ListItem\",\"position\":1,\"name\":\"Portada\",\"item\":\"https:\/\/calzavara.ar\/\"},{\"@type\":\"ListItem\",\"position\":2,\"name\":\"Tienda\",\"item\":\"https:\/\/calzavara.ar\/index.php\/tienda\/\"},{\"@type\":\"ListItem\",\"position\":3,\"name\":\"Sika Boom 750ml Espuma De Poliuretano\"}]},{\"@type\":\"WebSite\",\"@id\":\"https:\/\/calzavara.ar\/#website\",\"url\":\"https:\/\/calzavara.ar\/\",\"name\":\"CALZAVARA\",\"description\":\"Tienda Oficial CALZAVARA\",\"publisher\":{\"@id\":\"https:\/\/calzavara.ar\/#organization\"},\"potentialAction\":[{\"@type\":\"SearchAction\",\"target\":{\"@type\":\"EntryPoint\",\"urlTemplate\":\"https:\/\/calzavara.ar\/?s={search_term_string}\"},\"query-input\":{\"@type\":\"PropertyValueSpecification\",\"valueRequired\":true,\"valueName\":\"search_term_string\"}}],\"inLanguage\":\"es\"},{\"@type\":\"Organization\",\"@id\":\"https:\/\/calzavara.ar\/#organization\",\"name\":\"CALZAVARA\",\"url\":\"https:\/\/calzavara.ar\/\",\"logo\":{\"@type\":\"ImageObject\",\"inLanguage\":\"es\",\"@id\":\"https:\/\/calzavara.ar\/#\/schema\/logo\/image\/\",\"url\":\"https:\/\/calzavara.ar\/wp-content\/uploads\/2025\/05\/CalzaLogoRedes.jpg\",\"contentUrl\":\"https:\/\/calzavara.ar\/wp-content\/uploads\/2025\/05\/CalzaLogoRedes.jpg\",\"width\":640,\"height\":640,\"caption\":\"CALZAVARA\"},\"image\":{\"@id\":\"https:\/\/calzavara.ar\/#\/schema\/logo\/image\/\"},\"sameAs\":[\"https:\/\/www.facebook.com\/calzavarasrl\",\"https:\/\/www.instagram.com\/calzavara_herrajes\",\"https:\/\/www.linkedin.com\/company\/calzavara\/\",\"https:\/\/www.youtube.com\/@calzavara3279\"]}]}<\/script>\n<!-- \/ Yoast SEO plugin. -->","yoast_head_json":{"title":"Sika Boom 750ml Espuma De Poliuretano - CALZAVARA","robots":{"index":"index","follow":"follow","max-snippet":"max-snippet:-1","max-image-preview":"max-image-preview:large","max-video-preview":"max-video-preview:-1"},"canonical":"https:\/\/calzavara.ar\/index.php\/producto\/sika-boom-750ml-espuma-de-poliuretano\/","og_locale":"es_ES","og_type":"article","og_title":"Sika Boom 750ml Espuma De Poliuretano - CALZAVARA","og_description":"DESCRIPCI\u00d3N DEL PRODUCTO Sika Boom\u00ae es una espuma de poliuretano expansiva monocomponente de r\u00e1pido curado para rellenar, sellar y aislar","og_url":"https:\/\/calzavara.ar\/index.php\/producto\/sika-boom-750ml-espuma-de-poliuretano\/","og_site_name":"CALZAVARA","article_publisher":"https:\/\/www.facebook.com\/calzavarasrl","article_modified_time":"2026-01-19T11:42:18+00:00","og_image":[{"width":1000,"height":829,"url":"https:\/\/calzavara.ar\/wp-content\/uploads\/2022\/05\/24202.jpg","type":"image\/jpeg"}],"twitter_card":"summary_large_image","twitter_misc":{"Tiempo de lectura":"1 minuto"},"schema":{"@context":"https:\/\/schema.org","@graph":[{"@type":"WebPage","@id":"https:\/\/calzavara.ar\/index.php\/producto\/sika-boom-750ml-espuma-de-poliuretano\/","url":"https:\/\/calzavara.ar\/index.php\/producto\/sika-boom-750ml-espuma-de-poliuretano\/","name":"Sika Boom 750ml Espuma De Poliuretano - CALZAVARA","isPartOf":{"@id":"https:\/\/calzavara.ar\/#website"},"primaryImageOfPage":{"@id":"https:\/\/calzavara.ar\/index.php\/producto\/sika-boom-750ml-espuma-de-poliuretano\/#primaryimage"},"image":{"@id":"https:\/\/calzavara.ar\/index.php\/producto\/sika-boom-750ml-espuma-de-poliuretano\/#primaryimage"},"thumbnailUrl":"https:\/\/calzavara.ar\/wp-content\/uploads\/2022\/05\/24202.jpg","datePublished":"2022-05-17T18:08:33+00:00","dateModified":"2026-01-19T11:42:18+00:00","breadcrumb":{"@id":"https:\/\/calzavara.ar\/index.php\/producto\/sika-boom-750ml-espuma-de-poliuretano\/#breadcrumb"},"inLanguage":"es","potentialAction":[{"@type":"ReadAction","target":["https:\/\/calzavara.ar\/index.php\/producto\/sika-boom-750ml-espuma-de-poliuretano\/"]}]},{"@type":"ImageObject","inLanguage":"es","@id":"https:\/\/calzavara.ar\/index.php\/producto\/sika-boom-750ml-espuma-de-poliuretano\/#primaryimage","url":"https:\/\/calzavara.ar\/wp-content\/uploads\/2022\/05\/24202.jpg","contentUrl":"https:\/\/calzavara.ar\/wp-content\/uploads\/2022\/05\/24202.jpg","width":1000,"height":829},{"@type":"BreadcrumbList","@id":"https:\/\/calzavara.ar\/index.php\/producto\/sika-boom-750ml-espuma-de-poliuretano\/#breadcrumb","itemListElement":[{"@type":"ListItem","position":1,"name":"Portada","item":"https:\/\/calzavara.ar\/"},{"@type":"ListItem","position":2,"name":"Tienda","item":"https:\/\/calzavara.ar\/index.php\/tienda\/"},{"@type":"ListItem","position":3,"name":"Sika Boom 750ml Espuma De Poliuretano"}]},{"@type":"WebSite","@id":"https:\/\/calzavara.ar\/#website","url":"https:\/\/calzavara.ar\/","name":"CALZAVARA","description":"Tienda Oficial CALZAVARA","publisher":{"@id":"https:\/\/calzavara.ar\/#organization"},"potentialAction":[{"@type":"SearchAction","target":{"@type":"EntryPoint","urlTemplate":"https:\/\/calzavara.ar\/?s={search_term_string}"},"query-input":{"@type":"PropertyValueSpecification","valueRequired":true,"valueName":"search_term_string"}}],"inLanguage":"es"},{"@type":"Organization","@id":"https:\/\/calzavara.ar\/#organization","name":"CALZAVARA","url":"https:\/\/calzavara.ar\/","logo":{"@type":"ImageObject","inLanguage":"es","@id":"https:\/\/calzavara.ar\/#\/schema\/logo\/image\/","url":"https:\/\/calzavara.ar\/wp-content\/uploads\/2025\/05\/CalzaLogoRedes.jpg","contentUrl":"https:\/\/calzavara.ar\/wp-content\/uploads\/2025\/05\/CalzaLogoRedes.jpg","width":640,"height":640,"caption":"CALZAVARA"},"image":{"@id":"https:\/\/calzavara.ar\/#\/schema\/logo\/image\/"},"sameAs":["https:\/\/www.facebook.com\/calzavarasrl","https:\/\/www.instagram.com\/calzavara_herrajes","https:\/\/www.linkedin.com\/company\/calzavara\/","https:\/\/www.youtube.com\/@calzavara3279"]}]}},"jetpack_sharing_enabled":true,"_links":{"self":[{"href":"https:\/\/calzavara.ar\/index.php\/wp-json\/wp\/v2\/product\/9430","targetHints":{"allow":["GET"]}}],"collection":[{"href":"https:\/\/calzavara.ar\/index.php\/wp-json\/wp\/v2\/product"}],"about":[{"href":"https:\/\/calzavara.ar\/index.php\/wp-json\/wp\/v2\/types\/product"}],"wp:featuredmedia":[{"embeddable":true,"href":"https:\/\/calzavara.ar\/index.php\/wp-json\/wp\/v2\/media\/9429"}],"wp:attachment":[{"href":"https:\/\/calzavara.ar\/index.php\/wp-json\/wp\/v2\/media?parent=9430"}],"wp:term":[{"taxonomy":"product_brand","embeddable":true,"href":"https:\/\/calzavara.ar\/index.php\/wp-json\/wp\/v2\/product_brand?post=9430"},{"taxonomy":"product_cat","embeddable":true,"href":"https:\/\/calzavara.ar\/index.php\/wp-json\/wp\/v2\/product_cat?post=9430"},{"taxonomy":"product_tag","embeddable":true,"href":"https:\/\/calzavara.ar\/index.php\/wp-json\/wp\/v2\/product_tag?post=9430"}],"curies":[{"name":"wp","href":"https:\/\/api.w.org\/{rel}","templated":true}]}}