{"id":9426,"date":"2022-05-17T15:08:29","date_gmt":"2022-05-17T18:08:29","guid":{"rendered":"https:\/\/calzavara.ar\/index.php\/producto\/sikalastic-560-membrana-liquida-poliuretanica-20k-sika\/"},"modified":"2026-01-19T08:42:17","modified_gmt":"2026-01-19T11:42:17","slug":"sikalastic-560-membrana-liquida-poliuretanica-20k-sika","status":"publish","type":"product","link":"https:\/\/calzavara.ar\/index.php\/producto\/sikalastic-560-membrana-liquida-poliuretanica-20k-sika\/","title":{"rendered":"Sikalastic 560 Membrana Liquida Poliuretanica 20k &#8211; Sika"},"content":{"rendered":"<p>DESCRIPCI\u00d3N DEL PRODUCTO<br \/>\nSikalastic-560 es una membrana l\u00edquida impermeabilizante con poliuretano, monocomponente, de aplicaci\u00f3n en fr\u00edo, altamente el\u00e1stica y resistente a los  rayos UV.<br \/>\nUSOS<br \/>\n&#8211; Para impermeabilizaci\u00f3n o re-impermeabilizaci\u00f3n de techos planos o inclinados, azoteas, terrazas y balcones, incluso en aplicaciones verticales (paredes).<\/p>\n<p>&#8211; Para cubiertas con muchos detalles, con una geometr\u00eda compleja y con  accesibilidad limitada.<\/p>\n<p>-Para revestimientos reflectivos que mejoran la eficiencia energ\u00e9tica, reduciendo los costos de enfriamiento del edificio.<\/p>\n<p>&#8211; Para extender la vida \u00fatil de los techos.<\/p>\n<p>CARACTER\u00cdSTICAS \/ VENTAJAS<br \/>\n&#8211; Mayor durabilidad<br \/>\n&#8211; Altamente el\u00e1stica y con capacidad de puenteo de fisuras<br \/>\n&#8211; Muy f\u00e1cil aplicaci\u00f3n, lista para usar<br \/>\n&#8211; Resistente a los rayos UV, no amarillea<br \/>\n&#8211; Eco-amigable, libre de VOC<br \/>\n&#8211; Excelente adhesi\u00f3n sobre m\u00faltiples sustratos, incluso no porosos<br \/>\n&#8211; Permeable al vapor de agua, impermeable al agua, deja respirar el techo<br \/>\n&#8211; Cumple con el comportamiento al fuego externo ENV 1187 BRoof (T1) (soportes no combustibles)<\/p>\n","protected":false},"excerpt":{"rendered":"<p>DESCRIPCI\u00d3N DEL PRODUCTO Sikalastic-560 es una membrana l\u00edquida impermeabilizante con poliuretano, monocomponente, de aplicaci\u00f3n en fr\u00edo, altamente el\u00e1stica y resistente<\/p>\n","protected":false},"featured_media":9425,"template":"","meta":[],"product_brand":[],"product_cat":[69],"product_tag":[],"class_list":{"0":"post-9426","1":"product","2":"type-product","3":"status-publish","4":"has-post-thumbnail","6":"product_cat-adhesivosselladores","8":"first","9":"outofstock","10":"sale","11":"taxable","12":"shipping-taxable","13":"purchasable","14":"product-type-simple"},"yoast_head":"<!-- This site is optimized with the Yoast SEO plugin v27.2 - https:\/\/yoast.com\/product\/yoast-seo-wordpress\/ -->\n<title>Sikalastic 560 Membrana Liquida Poliuretanica 20k - Sika - CALZAVARA<\/title>\n<meta name=\"robots\" content=\"index, follow, max-snippet:-1, max-image-preview:large, max-video-preview:-1\" \/>\n<link rel=\"canonical\" href=\"https:\/\/calzavara.ar\/index.php\/producto\/sikalastic-560-membrana-liquida-poliuretanica-20k-sika\/\" \/>\n<meta property=\"og:locale\" content=\"es_ES\" \/>\n<meta property=\"og:type\" content=\"article\" \/>\n<meta property=\"og:title\" content=\"Sikalastic 560 Membrana Liquida Poliuretanica 20k - Sika - CALZAVARA\" \/>\n<meta property=\"og:description\" content=\"DESCRIPCI\u00d3N DEL PRODUCTO Sikalastic-560 es una membrana l\u00edquida impermeabilizante con poliuretano, monocomponente, de aplicaci\u00f3n en fr\u00edo, altamente el\u00e1stica y resistente\" \/>\n<meta property=\"og:url\" content=\"https:\/\/calzavara.ar\/index.php\/producto\/sikalastic-560-membrana-liquida-poliuretanica-20k-sika\/\" \/>\n<meta property=\"og:site_name\" content=\"CALZAVARA\" \/>\n<meta property=\"article:publisher\" content=\"https:\/\/www.facebook.com\/calzavarasrl\" \/>\n<meta property=\"article:modified_time\" content=\"2026-01-19T11:42:17+00:00\" \/>\n<meta property=\"og:image\" content=\"https:\/\/calzavara.ar\/wp-content\/uploads\/2022\/05\/24195.jpg\" \/>\n\t<meta property=\"og:image:width\" content=\"1200\" \/>\n\t<meta property=\"og:image:height\" content=\"1200\" \/>\n\t<meta property=\"og:image:type\" content=\"image\/jpeg\" \/>\n<meta name=\"twitter:card\" content=\"summary_large_image\" \/>\n<meta name=\"twitter:label1\" content=\"Tiempo de lectura\" \/>\n\t<meta name=\"twitter:data1\" content=\"1 minuto\" \/>\n<script type=\"application\/ld+json\" class=\"yoast-schema-graph\">{\"@context\":\"https:\/\/schema.org\",\"@graph\":[{\"@type\":\"WebPage\",\"@id\":\"https:\/\/calzavara.ar\/index.php\/producto\/sikalastic-560-membrana-liquida-poliuretanica-20k-sika\/\",\"url\":\"https:\/\/calzavara.ar\/index.php\/producto\/sikalastic-560-membrana-liquida-poliuretanica-20k-sika\/\",\"name\":\"Sikalastic 560 Membrana Liquida Poliuretanica 20k - Sika - CALZAVARA\",\"isPartOf\":{\"@id\":\"https:\/\/calzavara.ar\/#website\"},\"primaryImageOfPage\":{\"@id\":\"https:\/\/calzavara.ar\/index.php\/producto\/sikalastic-560-membrana-liquida-poliuretanica-20k-sika\/#primaryimage\"},\"image\":{\"@id\":\"https:\/\/calzavara.ar\/index.php\/producto\/sikalastic-560-membrana-liquida-poliuretanica-20k-sika\/#primaryimage\"},\"thumbnailUrl\":\"https:\/\/calzavara.ar\/wp-content\/uploads\/2022\/05\/24195.jpg\",\"datePublished\":\"2022-05-17T18:08:29+00:00\",\"dateModified\":\"2026-01-19T11:42:17+00:00\",\"breadcrumb\":{\"@id\":\"https:\/\/calzavara.ar\/index.php\/producto\/sikalastic-560-membrana-liquida-poliuretanica-20k-sika\/#breadcrumb\"},\"inLanguage\":\"es\",\"potentialAction\":[{\"@type\":\"ReadAction\",\"target\":[\"https:\/\/calzavara.ar\/index.php\/producto\/sikalastic-560-membrana-liquida-poliuretanica-20k-sika\/\"]}]},{\"@type\":\"ImageObject\",\"inLanguage\":\"es\",\"@id\":\"https:\/\/calzavara.ar\/index.php\/producto\/sikalastic-560-membrana-liquida-poliuretanica-20k-sika\/#primaryimage\",\"url\":\"https:\/\/calzavara.ar\/wp-content\/uploads\/2022\/05\/24195.jpg\",\"contentUrl\":\"https:\/\/calzavara.ar\/wp-content\/uploads\/2022\/05\/24195.jpg\",\"width\":1200,\"height\":1200},{\"@type\":\"BreadcrumbList\",\"@id\":\"https:\/\/calzavara.ar\/index.php\/producto\/sikalastic-560-membrana-liquida-poliuretanica-20k-sika\/#breadcrumb\",\"itemListElement\":[{\"@type\":\"ListItem\",\"position\":1,\"name\":\"Portada\",\"item\":\"https:\/\/calzavara.ar\/\"},{\"@type\":\"ListItem\",\"position\":2,\"name\":\"Tienda\",\"item\":\"https:\/\/calzavara.ar\/index.php\/tienda\/\"},{\"@type\":\"ListItem\",\"position\":3,\"name\":\"Sikalastic 560 Membrana Liquida Poliuretanica 20k &#8211; Sika\"}]},{\"@type\":\"WebSite\",\"@id\":\"https:\/\/calzavara.ar\/#website\",\"url\":\"https:\/\/calzavara.ar\/\",\"name\":\"CALZAVARA\",\"description\":\"Tienda Oficial CALZAVARA\",\"publisher\":{\"@id\":\"https:\/\/calzavara.ar\/#organization\"},\"potentialAction\":[{\"@type\":\"SearchAction\",\"target\":{\"@type\":\"EntryPoint\",\"urlTemplate\":\"https:\/\/calzavara.ar\/?s={search_term_string}\"},\"query-input\":{\"@type\":\"PropertyValueSpecification\",\"valueRequired\":true,\"valueName\":\"search_term_string\"}}],\"inLanguage\":\"es\"},{\"@type\":\"Organization\",\"@id\":\"https:\/\/calzavara.ar\/#organization\",\"name\":\"CALZAVARA\",\"url\":\"https:\/\/calzavara.ar\/\",\"logo\":{\"@type\":\"ImageObject\",\"inLanguage\":\"es\",\"@id\":\"https:\/\/calzavara.ar\/#\/schema\/logo\/image\/\",\"url\":\"https:\/\/calzavara.ar\/wp-content\/uploads\/2025\/05\/CalzaLogoRedes.jpg\",\"contentUrl\":\"https:\/\/calzavara.ar\/wp-content\/uploads\/2025\/05\/CalzaLogoRedes.jpg\",\"width\":640,\"height\":640,\"caption\":\"CALZAVARA\"},\"image\":{\"@id\":\"https:\/\/calzavara.ar\/#\/schema\/logo\/image\/\"},\"sameAs\":[\"https:\/\/www.facebook.com\/calzavarasrl\",\"https:\/\/www.instagram.com\/calzavara_herrajes\",\"https:\/\/www.linkedin.com\/company\/calzavara\/\",\"https:\/\/www.youtube.com\/@calzavara3279\"]}]}<\/script>\n<!-- \/ Yoast SEO plugin. -->","yoast_head_json":{"title":"Sikalastic 560 Membrana Liquida Poliuretanica 20k - Sika - CALZAVARA","robots":{"index":"index","follow":"follow","max-snippet":"max-snippet:-1","max-image-preview":"max-image-preview:large","max-video-preview":"max-video-preview:-1"},"canonical":"https:\/\/calzavara.ar\/index.php\/producto\/sikalastic-560-membrana-liquida-poliuretanica-20k-sika\/","og_locale":"es_ES","og_type":"article","og_title":"Sikalastic 560 Membrana Liquida Poliuretanica 20k - Sika - CALZAVARA","og_description":"DESCRIPCI\u00d3N DEL PRODUCTO Sikalastic-560 es una membrana l\u00edquida impermeabilizante con poliuretano, monocomponente, de aplicaci\u00f3n en fr\u00edo, altamente el\u00e1stica y resistente","og_url":"https:\/\/calzavara.ar\/index.php\/producto\/sikalastic-560-membrana-liquida-poliuretanica-20k-sika\/","og_site_name":"CALZAVARA","article_publisher":"https:\/\/www.facebook.com\/calzavarasrl","article_modified_time":"2026-01-19T11:42:17+00:00","og_image":[{"width":1200,"height":1200,"url":"https:\/\/calzavara.ar\/wp-content\/uploads\/2022\/05\/24195.jpg","type":"image\/jpeg"}],"twitter_card":"summary_large_image","twitter_misc":{"Tiempo de lectura":"1 minuto"},"schema":{"@context":"https:\/\/schema.org","@graph":[{"@type":"WebPage","@id":"https:\/\/calzavara.ar\/index.php\/producto\/sikalastic-560-membrana-liquida-poliuretanica-20k-sika\/","url":"https:\/\/calzavara.ar\/index.php\/producto\/sikalastic-560-membrana-liquida-poliuretanica-20k-sika\/","name":"Sikalastic 560 Membrana Liquida Poliuretanica 20k - Sika - CALZAVARA","isPartOf":{"@id":"https:\/\/calzavara.ar\/#website"},"primaryImageOfPage":{"@id":"https:\/\/calzavara.ar\/index.php\/producto\/sikalastic-560-membrana-liquida-poliuretanica-20k-sika\/#primaryimage"},"image":{"@id":"https:\/\/calzavara.ar\/index.php\/producto\/sikalastic-560-membrana-liquida-poliuretanica-20k-sika\/#primaryimage"},"thumbnailUrl":"https:\/\/calzavara.ar\/wp-content\/uploads\/2022\/05\/24195.jpg","datePublished":"2022-05-17T18:08:29+00:00","dateModified":"2026-01-19T11:42:17+00:00","breadcrumb":{"@id":"https:\/\/calzavara.ar\/index.php\/producto\/sikalastic-560-membrana-liquida-poliuretanica-20k-sika\/#breadcrumb"},"inLanguage":"es","potentialAction":[{"@type":"ReadAction","target":["https:\/\/calzavara.ar\/index.php\/producto\/sikalastic-560-membrana-liquida-poliuretanica-20k-sika\/"]}]},{"@type":"ImageObject","inLanguage":"es","@id":"https:\/\/calzavara.ar\/index.php\/producto\/sikalastic-560-membrana-liquida-poliuretanica-20k-sika\/#primaryimage","url":"https:\/\/calzavara.ar\/wp-content\/uploads\/2022\/05\/24195.jpg","contentUrl":"https:\/\/calzavara.ar\/wp-content\/uploads\/2022\/05\/24195.jpg","width":1200,"height":1200},{"@type":"BreadcrumbList","@id":"https:\/\/calzavara.ar\/index.php\/producto\/sikalastic-560-membrana-liquida-poliuretanica-20k-sika\/#breadcrumb","itemListElement":[{"@type":"ListItem","position":1,"name":"Portada","item":"https:\/\/calzavara.ar\/"},{"@type":"ListItem","position":2,"name":"Tienda","item":"https:\/\/calzavara.ar\/index.php\/tienda\/"},{"@type":"ListItem","position":3,"name":"Sikalastic 560 Membrana Liquida Poliuretanica 20k &#8211; Sika"}]},{"@type":"WebSite","@id":"https:\/\/calzavara.ar\/#website","url":"https:\/\/calzavara.ar\/","name":"CALZAVARA","description":"Tienda Oficial CALZAVARA","publisher":{"@id":"https:\/\/calzavara.ar\/#organization"},"potentialAction":[{"@type":"SearchAction","target":{"@type":"EntryPoint","urlTemplate":"https:\/\/calzavara.ar\/?s={search_term_string}"},"query-input":{"@type":"PropertyValueSpecification","valueRequired":true,"valueName":"search_term_string"}}],"inLanguage":"es"},{"@type":"Organization","@id":"https:\/\/calzavara.ar\/#organization","name":"CALZAVARA","url":"https:\/\/calzavara.ar\/","logo":{"@type":"ImageObject","inLanguage":"es","@id":"https:\/\/calzavara.ar\/#\/schema\/logo\/image\/","url":"https:\/\/calzavara.ar\/wp-content\/uploads\/2025\/05\/CalzaLogoRedes.jpg","contentUrl":"https:\/\/calzavara.ar\/wp-content\/uploads\/2025\/05\/CalzaLogoRedes.jpg","width":640,"height":640,"caption":"CALZAVARA"},"image":{"@id":"https:\/\/calzavara.ar\/#\/schema\/logo\/image\/"},"sameAs":["https:\/\/www.facebook.com\/calzavarasrl","https:\/\/www.instagram.com\/calzavara_herrajes","https:\/\/www.linkedin.com\/company\/calzavara\/","https:\/\/www.youtube.com\/@calzavara3279"]}]}},"jetpack_sharing_enabled":true,"_links":{"self":[{"href":"https:\/\/calzavara.ar\/index.php\/wp-json\/wp\/v2\/product\/9426","targetHints":{"allow":["GET"]}}],"collection":[{"href":"https:\/\/calzavara.ar\/index.php\/wp-json\/wp\/v2\/product"}],"about":[{"href":"https:\/\/calzavara.ar\/index.php\/wp-json\/wp\/v2\/types\/product"}],"wp:featuredmedia":[{"embeddable":true,"href":"https:\/\/calzavara.ar\/index.php\/wp-json\/wp\/v2\/media\/9425"}],"wp:attachment":[{"href":"https:\/\/calzavara.ar\/index.php\/wp-json\/wp\/v2\/media?parent=9426"}],"wp:term":[{"taxonomy":"product_brand","embeddable":true,"href":"https:\/\/calzavara.ar\/index.php\/wp-json\/wp\/v2\/product_brand?post=9426"},{"taxonomy":"product_cat","embeddable":true,"href":"https:\/\/calzavara.ar\/index.php\/wp-json\/wp\/v2\/product_cat?post=9426"},{"taxonomy":"product_tag","embeddable":true,"href":"https:\/\/calzavara.ar\/index.php\/wp-json\/wp\/v2\/product_tag?post=9426"}],"curies":[{"name":"wp","href":"https:\/\/api.w.org\/{rel}","templated":true}]}}