{"id":9345,"date":"2022-05-17T15:07:06","date_gmt":"2022-05-17T18:07:06","guid":{"rendered":"https:\/\/calzavara.ar\/index.php\/producto\/adhesivo-para-pisos-k1007-kekol-500grs\/"},"modified":"2026-01-19T08:42:14","modified_gmt":"2026-01-19T11:42:14","slug":"adhesivo-para-pisos-k1007-kekol-500grs","status":"publish","type":"product","link":"https:\/\/calzavara.ar\/index.php\/producto\/adhesivo-para-pisos-k1007-kekol-500grs\/","title":{"rendered":"Adhesivo Para  Pisos K1007 Kekol 500grs"},"content":{"rendered":"<p>\u2022 Adhesivo de r\u00e1pido secado, buena resistencia a la humedad y perfecto anclaje. Soporta temperaturas hasta 80\u00baC-90\u00baC. Uso interior.<\/p>\n<p>APLICACIONES<br \/>\n\u2022 Encolado de puertas, ventanas y escaleras, con exigencias a la humedad.<br \/>\n\u2022 Encolado de superficies de papel decorativo.<br \/>\n\u2022 Encolado de cantos en posiciones est\u00e1ticas.<br \/>\n\u2022 Encolado de superficies de laminados de alta presi\u00f3n.<br \/>\n\u2022 Encolado de macizos de madera.<br \/>\n\u2022 Prensados por alta frecuencia.<br \/>\n\u2022 Encolado de pisos.<br \/>\n\u2022 Sellado de juntas entre maderas<\/p>\n<p>PROPIEDADES T\u00cdPICAS<br \/>\n\u2022 Base Quimica: Acetato de polivinilo.<br \/>\n\u2022 Color: Blanco.<br \/>\n\u2022 Olor: Caracter\u00edstico.<br \/>\n\u2022 Viscosidad Brookfield: 12000-15000 cps a 25\u00baC<br \/>\n\u2022 Peso Especifico (IRAM 1109 A2): 1,02+\/- 0,02<br \/>\n\u2022 S\u00f3lidos en peso (IRAM 12109 A8): 50% +\/-1% 2 horas a 110\u00baC.<br \/>\n\u2022 Resistencia a la compresi\u00f3n: > 8 N\/mm2<br \/>\n\u2022 Resistencia al arrancamiento: > 0,8 N\/mm2<br \/>\n\u2022 Punto de inflamaci\u00f3n (IRAM IAP A 6507): 27\u00baC<br \/>\n\u2022 Uso: Interior<\/p>\n<p>MODO DE USO<br \/>\n\u2022 Condiciones del sustrato: La capa superficial del hormig\u00f3n debe ser firme, pareja y uniforme, debe encontrarse limpia, seca y libre de grasas, aceites u otros recubrimientos. Las superficies de baja resistencia mec\u00e1nica y las secciones que no sean estructuralmente firmes deben ser eliminadas mec\u00e1nicamente mediante el procedimiento de arenado.<br \/>\n\u2022 Temperatura ambiente y de materiales: Entre 10\u00baC y 35\u00baC.<br \/>\n\u2022 Humedad ambiente: Menor al 85%.<br \/>\n\u2022 Humedad residual de la carpeta: Hasta 6%. En el caso de aplicaciones sobre losa radiante la temperatura de la misma no deber\u00e1 sobrepasar los 30\u00baC durante las primeras 24 horas.<br \/>\n\u2022 Rendimiento: 5 m2\/litro dependiendo de la absorci\u00f3n del sustrato.<br \/>\n\u2022 Secado entre manos: 8 horas*<br \/>\n\u2022 Secado final: 24 horas*, si deja transcurrir mas de 36 horas antes de la aplicaci\u00f3n del adhesivo, lije y limpie la superficie. *<br \/>\n\u2022 Diluci\u00f3n: No necesita<br \/>\n\u2022 Coloreado: Mezclar 10 cc de Pigmento por litro de KH-60.<br \/>\n\u2022 Vida \u00datil: En envase original cerrado, 6 meses.<br \/>\n\u2022 * Estos tiempos depender\u00e1n de la humedad y temperatura ambiente.<\/p>\n<p>FORMA DE APLICACI\u00d3N<br \/>\n\u2022 Mezclar previamente el KH-60 con el Pigmento. Verter en franjas, evitando la formaci\u00f3n de charcos, esparza las franjas con rodillo, pincel o secador hasta lograr una pel\u00edcula pareja y uniforme, aseg\u00farese de que el producto penetre en el sustrato para obtener una buena impregnaci\u00f3n del mismo.<br \/>\n\u2022 Si utiliza el KH-60 como Regulador de humedad aplique dos manos cruzadas del producto hasta alcanzar una terminaci\u00f3n brillante.<\/p>\n<p>LIMPIEZA<br \/>\n\u2022 Limpiar los elementos de aplicaci\u00f3n y posibles manchas con Diluyente K-L40\/K-870 inmediatamente finalizado su uso.<\/p>\n<p>PRECAUCIONES<br \/>\n\u2022 Mantener el envase bien cerrado, fuera del alcance de ni\u00f1os y mascotas.<br \/>\n\u2022 Almacenar en lugar fresco y seco a menos de 40 \u00baC alejado de chispas y fuentes de calor.<br \/>\n\u2022 Producto Inflamable de 2\u00ba, no apagar con agua, utilizar extinguidor de CO2.<br \/>\n\u2022 Recomendaci\u00f3n: En caso de sobrante, trasvasar el material a un envase con la capacidad exacta que pueda ser perfectamente cerrado.<\/p>\n","protected":false},"excerpt":{"rendered":"<p>\u2022 Adhesivo de r\u00e1pido secado, buena resistencia a la humedad y perfecto anclaje. Soporta temperaturas hasta 80\u00baC-90\u00baC. Uso interior. APLICACIONES<\/p>\n","protected":false},"featured_media":9344,"template":"","meta":[],"product_brand":[],"product_cat":[69],"product_tag":[],"class_list":{"0":"post-9345","1":"product","2":"type-product","3":"status-publish","4":"has-post-thumbnail","6":"product_cat-adhesivosselladores","8":"first","9":"instock","10":"sale","11":"taxable","12":"shipping-taxable","13":"purchasable","14":"product-type-simple"},"yoast_head":"<!-- This site is optimized with the Yoast SEO plugin v27.3 - https:\/\/yoast.com\/product\/yoast-seo-wordpress\/ -->\n<title>Adhesivo Para Pisos K1007 Kekol 500grs - CALZAVARA<\/title>\n<meta name=\"robots\" content=\"index, follow, max-snippet:-1, max-image-preview:large, max-video-preview:-1\" \/>\n<link rel=\"canonical\" href=\"https:\/\/calzavara.ar\/index.php\/producto\/adhesivo-para-pisos-k1007-kekol-500grs\/\" \/>\n<meta property=\"og:locale\" content=\"es_ES\" \/>\n<meta property=\"og:type\" content=\"article\" \/>\n<meta property=\"og:title\" content=\"Adhesivo Para Pisos K1007 Kekol 500grs - CALZAVARA\" \/>\n<meta property=\"og:description\" content=\"\u2022 Adhesivo de r\u00e1pido secado, buena resistencia a la humedad y perfecto anclaje. Soporta temperaturas hasta 80\u00baC-90\u00baC. Uso interior. APLICACIONES\" \/>\n<meta property=\"og:url\" content=\"https:\/\/calzavara.ar\/index.php\/producto\/adhesivo-para-pisos-k1007-kekol-500grs\/\" \/>\n<meta property=\"og:site_name\" content=\"CALZAVARA\" \/>\n<meta property=\"article:publisher\" content=\"https:\/\/www.facebook.com\/calzavarasrl\" \/>\n<meta property=\"article:modified_time\" content=\"2026-01-19T11:42:14+00:00\" \/>\n<meta property=\"og:image\" content=\"https:\/\/calzavara.ar\/wp-content\/uploads\/2022\/05\/17348.jpg\" \/>\n\t<meta property=\"og:image:width\" content=\"424\" \/>\n\t<meta property=\"og:image:height\" content=\"855\" \/>\n\t<meta property=\"og:image:type\" content=\"image\/jpeg\" \/>\n<meta name=\"twitter:card\" content=\"summary_large_image\" \/>\n<meta name=\"twitter:label1\" content=\"Tiempo de lectura\" \/>\n\t<meta name=\"twitter:data1\" content=\"2 minutos\" \/>\n<script type=\"application\/ld+json\" class=\"yoast-schema-graph\">{\"@context\":\"https:\\\/\\\/schema.org\",\"@graph\":[{\"@type\":\"WebPage\",\"@id\":\"https:\\\/\\\/calzavara.ar\\\/index.php\\\/producto\\\/adhesivo-para-pisos-k1007-kekol-500grs\\\/\",\"url\":\"https:\\\/\\\/calzavara.ar\\\/index.php\\\/producto\\\/adhesivo-para-pisos-k1007-kekol-500grs\\\/\",\"name\":\"Adhesivo Para Pisos K1007 Kekol 500grs - CALZAVARA\",\"isPartOf\":{\"@id\":\"https:\\\/\\\/calzavara.ar\\\/#website\"},\"primaryImageOfPage\":{\"@id\":\"https:\\\/\\\/calzavara.ar\\\/index.php\\\/producto\\\/adhesivo-para-pisos-k1007-kekol-500grs\\\/#primaryimage\"},\"image\":{\"@id\":\"https:\\\/\\\/calzavara.ar\\\/index.php\\\/producto\\\/adhesivo-para-pisos-k1007-kekol-500grs\\\/#primaryimage\"},\"thumbnailUrl\":\"https:\\\/\\\/calzavara.ar\\\/wp-content\\\/uploads\\\/2022\\\/05\\\/17348.jpg\",\"datePublished\":\"2022-05-17T18:07:06+00:00\",\"dateModified\":\"2026-01-19T11:42:14+00:00\",\"breadcrumb\":{\"@id\":\"https:\\\/\\\/calzavara.ar\\\/index.php\\\/producto\\\/adhesivo-para-pisos-k1007-kekol-500grs\\\/#breadcrumb\"},\"inLanguage\":\"es\",\"potentialAction\":[{\"@type\":\"ReadAction\",\"target\":[\"https:\\\/\\\/calzavara.ar\\\/index.php\\\/producto\\\/adhesivo-para-pisos-k1007-kekol-500grs\\\/\"]}]},{\"@type\":\"ImageObject\",\"inLanguage\":\"es\",\"@id\":\"https:\\\/\\\/calzavara.ar\\\/index.php\\\/producto\\\/adhesivo-para-pisos-k1007-kekol-500grs\\\/#primaryimage\",\"url\":\"https:\\\/\\\/calzavara.ar\\\/wp-content\\\/uploads\\\/2022\\\/05\\\/17348.jpg\",\"contentUrl\":\"https:\\\/\\\/calzavara.ar\\\/wp-content\\\/uploads\\\/2022\\\/05\\\/17348.jpg\",\"width\":424,\"height\":855},{\"@type\":\"BreadcrumbList\",\"@id\":\"https:\\\/\\\/calzavara.ar\\\/index.php\\\/producto\\\/adhesivo-para-pisos-k1007-kekol-500grs\\\/#breadcrumb\",\"itemListElement\":[{\"@type\":\"ListItem\",\"position\":1,\"name\":\"Portada\",\"item\":\"https:\\\/\\\/calzavara.ar\\\/\"},{\"@type\":\"ListItem\",\"position\":2,\"name\":\"Tienda\",\"item\":\"https:\\\/\\\/calzavara.ar\\\/index.php\\\/tienda\\\/\"},{\"@type\":\"ListItem\",\"position\":3,\"name\":\"Adhesivo Para Pisos K1007 Kekol 500grs\"}]},{\"@type\":\"WebSite\",\"@id\":\"https:\\\/\\\/calzavara.ar\\\/#website\",\"url\":\"https:\\\/\\\/calzavara.ar\\\/\",\"name\":\"CALZAVARA\",\"description\":\"Tienda Oficial CALZAVARA\",\"publisher\":{\"@id\":\"https:\\\/\\\/calzavara.ar\\\/#organization\"},\"potentialAction\":[{\"@type\":\"SearchAction\",\"target\":{\"@type\":\"EntryPoint\",\"urlTemplate\":\"https:\\\/\\\/calzavara.ar\\\/?s={search_term_string}\"},\"query-input\":{\"@type\":\"PropertyValueSpecification\",\"valueRequired\":true,\"valueName\":\"search_term_string\"}}],\"inLanguage\":\"es\"},{\"@type\":\"Organization\",\"@id\":\"https:\\\/\\\/calzavara.ar\\\/#organization\",\"name\":\"CALZAVARA\",\"url\":\"https:\\\/\\\/calzavara.ar\\\/\",\"logo\":{\"@type\":\"ImageObject\",\"inLanguage\":\"es\",\"@id\":\"https:\\\/\\\/calzavara.ar\\\/#\\\/schema\\\/logo\\\/image\\\/\",\"url\":\"https:\\\/\\\/calzavara.ar\\\/wp-content\\\/uploads\\\/2025\\\/05\\\/CalzaLogoRedes.jpg\",\"contentUrl\":\"https:\\\/\\\/calzavara.ar\\\/wp-content\\\/uploads\\\/2025\\\/05\\\/CalzaLogoRedes.jpg\",\"width\":640,\"height\":640,\"caption\":\"CALZAVARA\"},\"image\":{\"@id\":\"https:\\\/\\\/calzavara.ar\\\/#\\\/schema\\\/logo\\\/image\\\/\"},\"sameAs\":[\"https:\\\/\\\/www.facebook.com\\\/calzavarasrl\",\"https:\\\/\\\/www.instagram.com\\\/calzavara_herrajes\",\"https:\\\/\\\/www.linkedin.com\\\/company\\\/calzavara\\\/\",\"https:\\\/\\\/www.youtube.com\\\/@calzavara3279\"]}]}<\/script>\n<!-- \/ Yoast SEO plugin. -->","yoast_head_json":{"title":"Adhesivo Para Pisos K1007 Kekol 500grs - CALZAVARA","robots":{"index":"index","follow":"follow","max-snippet":"max-snippet:-1","max-image-preview":"max-image-preview:large","max-video-preview":"max-video-preview:-1"},"canonical":"https:\/\/calzavara.ar\/index.php\/producto\/adhesivo-para-pisos-k1007-kekol-500grs\/","og_locale":"es_ES","og_type":"article","og_title":"Adhesivo Para Pisos K1007 Kekol 500grs - CALZAVARA","og_description":"\u2022 Adhesivo de r\u00e1pido secado, buena resistencia a la humedad y perfecto anclaje. Soporta temperaturas hasta 80\u00baC-90\u00baC. Uso interior. APLICACIONES","og_url":"https:\/\/calzavara.ar\/index.php\/producto\/adhesivo-para-pisos-k1007-kekol-500grs\/","og_site_name":"CALZAVARA","article_publisher":"https:\/\/www.facebook.com\/calzavarasrl","article_modified_time":"2026-01-19T11:42:14+00:00","og_image":[{"width":424,"height":855,"url":"https:\/\/calzavara.ar\/wp-content\/uploads\/2022\/05\/17348.jpg","type":"image\/jpeg"}],"twitter_card":"summary_large_image","twitter_misc":{"Tiempo de lectura":"2 minutos"},"schema":{"@context":"https:\/\/schema.org","@graph":[{"@type":"WebPage","@id":"https:\/\/calzavara.ar\/index.php\/producto\/adhesivo-para-pisos-k1007-kekol-500grs\/","url":"https:\/\/calzavara.ar\/index.php\/producto\/adhesivo-para-pisos-k1007-kekol-500grs\/","name":"Adhesivo Para Pisos K1007 Kekol 500grs - CALZAVARA","isPartOf":{"@id":"https:\/\/calzavara.ar\/#website"},"primaryImageOfPage":{"@id":"https:\/\/calzavara.ar\/index.php\/producto\/adhesivo-para-pisos-k1007-kekol-500grs\/#primaryimage"},"image":{"@id":"https:\/\/calzavara.ar\/index.php\/producto\/adhesivo-para-pisos-k1007-kekol-500grs\/#primaryimage"},"thumbnailUrl":"https:\/\/calzavara.ar\/wp-content\/uploads\/2022\/05\/17348.jpg","datePublished":"2022-05-17T18:07:06+00:00","dateModified":"2026-01-19T11:42:14+00:00","breadcrumb":{"@id":"https:\/\/calzavara.ar\/index.php\/producto\/adhesivo-para-pisos-k1007-kekol-500grs\/#breadcrumb"},"inLanguage":"es","potentialAction":[{"@type":"ReadAction","target":["https:\/\/calzavara.ar\/index.php\/producto\/adhesivo-para-pisos-k1007-kekol-500grs\/"]}]},{"@type":"ImageObject","inLanguage":"es","@id":"https:\/\/calzavara.ar\/index.php\/producto\/adhesivo-para-pisos-k1007-kekol-500grs\/#primaryimage","url":"https:\/\/calzavara.ar\/wp-content\/uploads\/2022\/05\/17348.jpg","contentUrl":"https:\/\/calzavara.ar\/wp-content\/uploads\/2022\/05\/17348.jpg","width":424,"height":855},{"@type":"BreadcrumbList","@id":"https:\/\/calzavara.ar\/index.php\/producto\/adhesivo-para-pisos-k1007-kekol-500grs\/#breadcrumb","itemListElement":[{"@type":"ListItem","position":1,"name":"Portada","item":"https:\/\/calzavara.ar\/"},{"@type":"ListItem","position":2,"name":"Tienda","item":"https:\/\/calzavara.ar\/index.php\/tienda\/"},{"@type":"ListItem","position":3,"name":"Adhesivo Para Pisos K1007 Kekol 500grs"}]},{"@type":"WebSite","@id":"https:\/\/calzavara.ar\/#website","url":"https:\/\/calzavara.ar\/","name":"CALZAVARA","description":"Tienda Oficial CALZAVARA","publisher":{"@id":"https:\/\/calzavara.ar\/#organization"},"potentialAction":[{"@type":"SearchAction","target":{"@type":"EntryPoint","urlTemplate":"https:\/\/calzavara.ar\/?s={search_term_string}"},"query-input":{"@type":"PropertyValueSpecification","valueRequired":true,"valueName":"search_term_string"}}],"inLanguage":"es"},{"@type":"Organization","@id":"https:\/\/calzavara.ar\/#organization","name":"CALZAVARA","url":"https:\/\/calzavara.ar\/","logo":{"@type":"ImageObject","inLanguage":"es","@id":"https:\/\/calzavara.ar\/#\/schema\/logo\/image\/","url":"https:\/\/calzavara.ar\/wp-content\/uploads\/2025\/05\/CalzaLogoRedes.jpg","contentUrl":"https:\/\/calzavara.ar\/wp-content\/uploads\/2025\/05\/CalzaLogoRedes.jpg","width":640,"height":640,"caption":"CALZAVARA"},"image":{"@id":"https:\/\/calzavara.ar\/#\/schema\/logo\/image\/"},"sameAs":["https:\/\/www.facebook.com\/calzavarasrl","https:\/\/www.instagram.com\/calzavara_herrajes","https:\/\/www.linkedin.com\/company\/calzavara\/","https:\/\/www.youtube.com\/@calzavara3279"]}]}},"jetpack_sharing_enabled":true,"_links":{"self":[{"href":"https:\/\/calzavara.ar\/index.php\/wp-json\/wp\/v2\/product\/9345","targetHints":{"allow":["GET"]}}],"collection":[{"href":"https:\/\/calzavara.ar\/index.php\/wp-json\/wp\/v2\/product"}],"about":[{"href":"https:\/\/calzavara.ar\/index.php\/wp-json\/wp\/v2\/types\/product"}],"wp:featuredmedia":[{"embeddable":true,"href":"https:\/\/calzavara.ar\/index.php\/wp-json\/wp\/v2\/media\/9344"}],"wp:attachment":[{"href":"https:\/\/calzavara.ar\/index.php\/wp-json\/wp\/v2\/media?parent=9345"}],"wp:term":[{"taxonomy":"product_brand","embeddable":true,"href":"https:\/\/calzavara.ar\/index.php\/wp-json\/wp\/v2\/product_brand?post=9345"},{"taxonomy":"product_cat","embeddable":true,"href":"https:\/\/calzavara.ar\/index.php\/wp-json\/wp\/v2\/product_cat?post=9345"},{"taxonomy":"product_tag","embeddable":true,"href":"https:\/\/calzavara.ar\/index.php\/wp-json\/wp\/v2\/product_tag?post=9345"}],"curies":[{"name":"wp","href":"https:\/\/api.w.org\/{rel}","templated":true}]}}