{"id":9224,"date":"2022-05-17T15:05:33","date_gmt":"2022-05-17T18:05:33","guid":{"rendered":"https:\/\/calzavara.ar\/index.php\/producto\/tarugo-taco-nylon-sx-6-fischer-100-ud\/"},"modified":"2026-01-19T08:42:10","modified_gmt":"2026-01-19T11:42:10","slug":"tarugo-taco-nylon-sx-6-fischer-100-ud","status":"publish","type":"product","link":"https:\/\/calzavara.ar\/index.php\/producto\/tarugo-taco-nylon-sx-6-fischer-100-ud\/","title":{"rendered":"Tarugo Taco Nylon SX 6 Fischer &#8211; 100 Ud"},"content":{"rendered":"<p>El taco de expansi\u00f3n SX de fischer distribuye la fuerza de forma \u00f3ptima en el material de construcci\u00f3n gracias a la expansi\u00f3n cu\u00e1druple. Adem\u00e1s de la t\u00edpica expansi\u00f3n, el Nylon de gran calidad utilizado para su fabricaci\u00f3n garantiza una fijaci\u00f3n segura y duradera. El taco de expansi\u00f3n SX de fischer es la primera elecci\u00f3n en la fijaci\u00f3n de, por ejemplo, luces, regletas, ba\u00f1os e inodoros, as\u00ed como armarios de pared ligeros en hormig\u00f3n y hormig\u00f3n poroso, pero tambi\u00e9n en mamposter\u00eda de materiales macizos y perforados. Las variantes con borde incorporado impiden que el taco se hunda en la perforaci\u00f3n. Ideal para fijaciones en materiales perforados, en hormig\u00f3n poroso y en revestimientos de revoque son las variantes con una mayor profundidad de anclaje.<br \/>\nVentajas<br \/>\nLa expansi\u00f3n de 4 v\u00edas proporciona la distribuci\u00f3n de fuerza \u00f3ptima dentro del material, y ofrece grandes capacidades de carga en materiales de construcci\u00f3n macizos y huecos.<br \/>\nEl cuello del conector, libre de expansi\u00f3n, impide la creaci\u00f3n de fuerzas de expansi\u00f3n sobre la superficie del material mientras se atornilla la tornilla. Esto contribuye a evitar da\u00f1os en losetas y yeso.<br \/>\nEl borde pronunciado impide que el conector se deslice al interior del agujero, permitiendo as\u00ed una sencilla instalaci\u00f3n.<\/p>\n<p>Aplicaciones<br \/>\nIluminaci\u00f3n<br \/>\nArmarios<br \/>\nDetectores de movimiento<br \/>\nRodapi\u00e9s<br \/>\nEstanter\u00edas ligeras<br \/>\nArmario con espejo<br \/>\nBuzones<br \/>\nMuebles de televisi\u00f3n<br \/>\nEnrejados<br \/>\nPostigos plegables<br \/>\nInstalaciones de ba\u00f1os y servicios<br \/>\nMateriales de construcci\u00f3n<br \/>\nHormig\u00f3n<br \/>\nLadrillo perforado en vertical<br \/>\nBloques huecos de hormig\u00f3n ligero<br \/>\nLosas de suelo hechas de ladrillos y hormig\u00f3n<br \/>\nLadrillo de piedra arenisca perforado<br \/>\nLadrillo macizo de piedra arenisca<br \/>\nPiedra natural con estructura densa<br \/>\nHormig\u00f3n celular<br \/>\nLadrillos macizos de hormig\u00f3n liviano<br \/>\nLadrillo macizo<\/p>\n","protected":false},"excerpt":{"rendered":"<p>El taco de expansi\u00f3n SX de fischer distribuye la fuerza de forma \u00f3ptima en el material de construcci\u00f3n gracias a<\/p>\n","protected":false},"featured_media":9222,"template":"","meta":[],"product_brand":[],"product_cat":[117],"product_tag":[],"class_list":{"0":"post-9224","1":"product","2":"type-product","3":"status-publish","4":"has-post-thumbnail","6":"product_cat-tarugos-plasticos","8":"first","9":"outofstock","10":"sale","11":"taxable","12":"shipping-taxable","13":"purchasable","14":"product-type-simple"},"yoast_head":"<!-- This site is optimized with the Yoast SEO plugin v27.2 - https:\/\/yoast.com\/product\/yoast-seo-wordpress\/ -->\n<title>Tarugo Taco Nylon SX 6 Fischer - 100 Ud - CALZAVARA<\/title>\n<meta name=\"robots\" content=\"index, follow, max-snippet:-1, max-image-preview:large, max-video-preview:-1\" \/>\n<link rel=\"canonical\" href=\"https:\/\/calzavara.ar\/index.php\/producto\/tarugo-taco-nylon-sx-6-fischer-100-ud\/\" \/>\n<meta property=\"og:locale\" content=\"es_ES\" \/>\n<meta property=\"og:type\" content=\"article\" \/>\n<meta property=\"og:title\" content=\"Tarugo Taco Nylon SX 6 Fischer - 100 Ud - CALZAVARA\" \/>\n<meta property=\"og:description\" content=\"El taco de expansi\u00f3n SX de fischer distribuye la fuerza de forma \u00f3ptima en el material de construcci\u00f3n gracias a\" \/>\n<meta property=\"og:url\" content=\"https:\/\/calzavara.ar\/index.php\/producto\/tarugo-taco-nylon-sx-6-fischer-100-ud\/\" \/>\n<meta property=\"og:site_name\" content=\"CALZAVARA\" \/>\n<meta property=\"article:publisher\" content=\"https:\/\/www.facebook.com\/calzavarasrl\" \/>\n<meta property=\"article:modified_time\" content=\"2026-01-19T11:42:10+00:00\" \/>\n<meta property=\"og:image\" content=\"https:\/\/calzavara.ar\/wp-content\/uploads\/2022\/05\/11014.png\" \/>\n\t<meta property=\"og:image:width\" content=\"1200\" \/>\n\t<meta property=\"og:image:height\" content=\"1200\" \/>\n\t<meta property=\"og:image:type\" content=\"image\/png\" \/>\n<meta name=\"twitter:card\" content=\"summary_large_image\" \/>\n<meta name=\"twitter:label1\" content=\"Tiempo de lectura\" \/>\n\t<meta name=\"twitter:data1\" content=\"2 minutos\" \/>\n<script type=\"application\/ld+json\" class=\"yoast-schema-graph\">{\"@context\":\"https:\/\/schema.org\",\"@graph\":[{\"@type\":\"WebPage\",\"@id\":\"https:\/\/calzavara.ar\/index.php\/producto\/tarugo-taco-nylon-sx-6-fischer-100-ud\/\",\"url\":\"https:\/\/calzavara.ar\/index.php\/producto\/tarugo-taco-nylon-sx-6-fischer-100-ud\/\",\"name\":\"Tarugo Taco Nylon SX 6 Fischer - 100 Ud - CALZAVARA\",\"isPartOf\":{\"@id\":\"https:\/\/calzavara.ar\/#website\"},\"primaryImageOfPage\":{\"@id\":\"https:\/\/calzavara.ar\/index.php\/producto\/tarugo-taco-nylon-sx-6-fischer-100-ud\/#primaryimage\"},\"image\":{\"@id\":\"https:\/\/calzavara.ar\/index.php\/producto\/tarugo-taco-nylon-sx-6-fischer-100-ud\/#primaryimage\"},\"thumbnailUrl\":\"https:\/\/calzavara.ar\/wp-content\/uploads\/2022\/05\/11014.png\",\"datePublished\":\"2022-05-17T18:05:33+00:00\",\"dateModified\":\"2026-01-19T11:42:10+00:00\",\"breadcrumb\":{\"@id\":\"https:\/\/calzavara.ar\/index.php\/producto\/tarugo-taco-nylon-sx-6-fischer-100-ud\/#breadcrumb\"},\"inLanguage\":\"es\",\"potentialAction\":[{\"@type\":\"ReadAction\",\"target\":[\"https:\/\/calzavara.ar\/index.php\/producto\/tarugo-taco-nylon-sx-6-fischer-100-ud\/\"]}]},{\"@type\":\"ImageObject\",\"inLanguage\":\"es\",\"@id\":\"https:\/\/calzavara.ar\/index.php\/producto\/tarugo-taco-nylon-sx-6-fischer-100-ud\/#primaryimage\",\"url\":\"https:\/\/calzavara.ar\/wp-content\/uploads\/2022\/05\/11014.png\",\"contentUrl\":\"https:\/\/calzavara.ar\/wp-content\/uploads\/2022\/05\/11014.png\",\"width\":1200,\"height\":1200},{\"@type\":\"BreadcrumbList\",\"@id\":\"https:\/\/calzavara.ar\/index.php\/producto\/tarugo-taco-nylon-sx-6-fischer-100-ud\/#breadcrumb\",\"itemListElement\":[{\"@type\":\"ListItem\",\"position\":1,\"name\":\"Portada\",\"item\":\"https:\/\/calzavara.ar\/\"},{\"@type\":\"ListItem\",\"position\":2,\"name\":\"Tienda\",\"item\":\"https:\/\/calzavara.ar\/index.php\/tienda\/\"},{\"@type\":\"ListItem\",\"position\":3,\"name\":\"Tarugo Taco Nylon SX 6 Fischer &#8211; 100 Ud\"}]},{\"@type\":\"WebSite\",\"@id\":\"https:\/\/calzavara.ar\/#website\",\"url\":\"https:\/\/calzavara.ar\/\",\"name\":\"CALZAVARA\",\"description\":\"Tienda Oficial CALZAVARA\",\"publisher\":{\"@id\":\"https:\/\/calzavara.ar\/#organization\"},\"potentialAction\":[{\"@type\":\"SearchAction\",\"target\":{\"@type\":\"EntryPoint\",\"urlTemplate\":\"https:\/\/calzavara.ar\/?s={search_term_string}\"},\"query-input\":{\"@type\":\"PropertyValueSpecification\",\"valueRequired\":true,\"valueName\":\"search_term_string\"}}],\"inLanguage\":\"es\"},{\"@type\":\"Organization\",\"@id\":\"https:\/\/calzavara.ar\/#organization\",\"name\":\"CALZAVARA\",\"url\":\"https:\/\/calzavara.ar\/\",\"logo\":{\"@type\":\"ImageObject\",\"inLanguage\":\"es\",\"@id\":\"https:\/\/calzavara.ar\/#\/schema\/logo\/image\/\",\"url\":\"https:\/\/calzavara.ar\/wp-content\/uploads\/2025\/05\/CalzaLogoRedes.jpg\",\"contentUrl\":\"https:\/\/calzavara.ar\/wp-content\/uploads\/2025\/05\/CalzaLogoRedes.jpg\",\"width\":640,\"height\":640,\"caption\":\"CALZAVARA\"},\"image\":{\"@id\":\"https:\/\/calzavara.ar\/#\/schema\/logo\/image\/\"},\"sameAs\":[\"https:\/\/www.facebook.com\/calzavarasrl\",\"https:\/\/www.instagram.com\/calzavara_herrajes\",\"https:\/\/www.linkedin.com\/company\/calzavara\/\",\"https:\/\/www.youtube.com\/@calzavara3279\"]}]}<\/script>\n<!-- \/ Yoast SEO plugin. -->","yoast_head_json":{"title":"Tarugo Taco Nylon SX 6 Fischer - 100 Ud - CALZAVARA","robots":{"index":"index","follow":"follow","max-snippet":"max-snippet:-1","max-image-preview":"max-image-preview:large","max-video-preview":"max-video-preview:-1"},"canonical":"https:\/\/calzavara.ar\/index.php\/producto\/tarugo-taco-nylon-sx-6-fischer-100-ud\/","og_locale":"es_ES","og_type":"article","og_title":"Tarugo Taco Nylon SX 6 Fischer - 100 Ud - CALZAVARA","og_description":"El taco de expansi\u00f3n SX de fischer distribuye la fuerza de forma \u00f3ptima en el material de construcci\u00f3n gracias a","og_url":"https:\/\/calzavara.ar\/index.php\/producto\/tarugo-taco-nylon-sx-6-fischer-100-ud\/","og_site_name":"CALZAVARA","article_publisher":"https:\/\/www.facebook.com\/calzavarasrl","article_modified_time":"2026-01-19T11:42:10+00:00","og_image":[{"width":1200,"height":1200,"url":"https:\/\/calzavara.ar\/wp-content\/uploads\/2022\/05\/11014.png","type":"image\/png"}],"twitter_card":"summary_large_image","twitter_misc":{"Tiempo de lectura":"2 minutos"},"schema":{"@context":"https:\/\/schema.org","@graph":[{"@type":"WebPage","@id":"https:\/\/calzavara.ar\/index.php\/producto\/tarugo-taco-nylon-sx-6-fischer-100-ud\/","url":"https:\/\/calzavara.ar\/index.php\/producto\/tarugo-taco-nylon-sx-6-fischer-100-ud\/","name":"Tarugo Taco Nylon SX 6 Fischer - 100 Ud - CALZAVARA","isPartOf":{"@id":"https:\/\/calzavara.ar\/#website"},"primaryImageOfPage":{"@id":"https:\/\/calzavara.ar\/index.php\/producto\/tarugo-taco-nylon-sx-6-fischer-100-ud\/#primaryimage"},"image":{"@id":"https:\/\/calzavara.ar\/index.php\/producto\/tarugo-taco-nylon-sx-6-fischer-100-ud\/#primaryimage"},"thumbnailUrl":"https:\/\/calzavara.ar\/wp-content\/uploads\/2022\/05\/11014.png","datePublished":"2022-05-17T18:05:33+00:00","dateModified":"2026-01-19T11:42:10+00:00","breadcrumb":{"@id":"https:\/\/calzavara.ar\/index.php\/producto\/tarugo-taco-nylon-sx-6-fischer-100-ud\/#breadcrumb"},"inLanguage":"es","potentialAction":[{"@type":"ReadAction","target":["https:\/\/calzavara.ar\/index.php\/producto\/tarugo-taco-nylon-sx-6-fischer-100-ud\/"]}]},{"@type":"ImageObject","inLanguage":"es","@id":"https:\/\/calzavara.ar\/index.php\/producto\/tarugo-taco-nylon-sx-6-fischer-100-ud\/#primaryimage","url":"https:\/\/calzavara.ar\/wp-content\/uploads\/2022\/05\/11014.png","contentUrl":"https:\/\/calzavara.ar\/wp-content\/uploads\/2022\/05\/11014.png","width":1200,"height":1200},{"@type":"BreadcrumbList","@id":"https:\/\/calzavara.ar\/index.php\/producto\/tarugo-taco-nylon-sx-6-fischer-100-ud\/#breadcrumb","itemListElement":[{"@type":"ListItem","position":1,"name":"Portada","item":"https:\/\/calzavara.ar\/"},{"@type":"ListItem","position":2,"name":"Tienda","item":"https:\/\/calzavara.ar\/index.php\/tienda\/"},{"@type":"ListItem","position":3,"name":"Tarugo Taco Nylon SX 6 Fischer &#8211; 100 Ud"}]},{"@type":"WebSite","@id":"https:\/\/calzavara.ar\/#website","url":"https:\/\/calzavara.ar\/","name":"CALZAVARA","description":"Tienda Oficial CALZAVARA","publisher":{"@id":"https:\/\/calzavara.ar\/#organization"},"potentialAction":[{"@type":"SearchAction","target":{"@type":"EntryPoint","urlTemplate":"https:\/\/calzavara.ar\/?s={search_term_string}"},"query-input":{"@type":"PropertyValueSpecification","valueRequired":true,"valueName":"search_term_string"}}],"inLanguage":"es"},{"@type":"Organization","@id":"https:\/\/calzavara.ar\/#organization","name":"CALZAVARA","url":"https:\/\/calzavara.ar\/","logo":{"@type":"ImageObject","inLanguage":"es","@id":"https:\/\/calzavara.ar\/#\/schema\/logo\/image\/","url":"https:\/\/calzavara.ar\/wp-content\/uploads\/2025\/05\/CalzaLogoRedes.jpg","contentUrl":"https:\/\/calzavara.ar\/wp-content\/uploads\/2025\/05\/CalzaLogoRedes.jpg","width":640,"height":640,"caption":"CALZAVARA"},"image":{"@id":"https:\/\/calzavara.ar\/#\/schema\/logo\/image\/"},"sameAs":["https:\/\/www.facebook.com\/calzavarasrl","https:\/\/www.instagram.com\/calzavara_herrajes","https:\/\/www.linkedin.com\/company\/calzavara\/","https:\/\/www.youtube.com\/@calzavara3279"]}]}},"jetpack_sharing_enabled":true,"_links":{"self":[{"href":"https:\/\/calzavara.ar\/index.php\/wp-json\/wp\/v2\/product\/9224","targetHints":{"allow":["GET"]}}],"collection":[{"href":"https:\/\/calzavara.ar\/index.php\/wp-json\/wp\/v2\/product"}],"about":[{"href":"https:\/\/calzavara.ar\/index.php\/wp-json\/wp\/v2\/types\/product"}],"wp:featuredmedia":[{"embeddable":true,"href":"https:\/\/calzavara.ar\/index.php\/wp-json\/wp\/v2\/media\/9222"}],"wp:attachment":[{"href":"https:\/\/calzavara.ar\/index.php\/wp-json\/wp\/v2\/media?parent=9224"}],"wp:term":[{"taxonomy":"product_brand","embeddable":true,"href":"https:\/\/calzavara.ar\/index.php\/wp-json\/wp\/v2\/product_brand?post=9224"},{"taxonomy":"product_cat","embeddable":true,"href":"https:\/\/calzavara.ar\/index.php\/wp-json\/wp\/v2\/product_cat?post=9224"},{"taxonomy":"product_tag","embeddable":true,"href":"https:\/\/calzavara.ar\/index.php\/wp-json\/wp\/v2\/product_tag?post=9224"}],"curies":[{"name":"wp","href":"https:\/\/api.w.org\/{rel}","templated":true}]}}