{"id":9176,"date":"2022-05-17T15:04:48","date_gmt":"2022-05-17T18:04:48","guid":{"rendered":"https:\/\/calzavara.ar\/index.php\/producto\/electrodo-soldar-6013-punta-azul-diametro-2-mm-x-1kg\/"},"modified":"2026-01-19T08:42:08","modified_gmt":"2026-01-19T11:42:08","slug":"electrodo-soldar-6013-punta-azul-diametro-2-mm-x-1kg","status":"publish","type":"product","link":"https:\/\/calzavara.ar\/index.php\/producto\/electrodo-soldar-6013-punta-azul-diametro-2-mm-x-1kg\/","title":{"rendered":"Electrodo Soldar 6013 Punta Azul Diametro 2 Mm X 1kg"},"content":{"rendered":"<p>La publicaci\u00f3n incluye 1 kg de electrodos punta azul. DE MARCAS VARIADAS, SE ENV\u00cdA LO QUE HAY EN STOCK, NO SIEMPRE ES LA MISMA MARCA. <\/p>\n<p>Los Electrodos 6013 \u2013 punta azul son de revestimiento rut\u00edlico con muy buena terminaci\u00f3n de cord\u00f3n y f\u00e1cil desprendimiento de escoria. Es el electrodo m\u00e1s usado en chapa fina y soldadura de filete. Se lo utiliza en carrocer\u00edas de veh\u00edculos, carpinter\u00eda met\u00e1lica, conductos de ventilaci\u00f3n, estructuras livianas, carrocer\u00edas de vagones y aplicaciones similares.<\/p>\n<p>Para chapas de poco espesor como 1 mm o 2 mm, conviene usar electrodos de 1,6 mm de di\u00e1metro y con la intensidad de la m\u00e1quina de soldar bien ajustada. Y siempre soldar a puntos dejando tiempo que enfr\u00eden los materiales para no perforar las chapas.<\/p>\n<p>Los aceros de m\u00e1s espesor soportan pr\u00e1cticamente cualquier di\u00e1metro de electrodo de los m\u00e1s finos a los m\u00e1s gruesos.<\/p>\n<p>Pero para aceros gruesos es m\u00e1s aconsejable soldar con electrodos de m\u00e1s di\u00e1metro (2,5 3,25 o 4 mm)<\/p>\n","protected":false},"excerpt":{"rendered":"<p>La publicaci\u00f3n incluye 1 kg de electrodos punta azul. DE MARCAS VARIADAS, SE ENV\u00cdA LO QUE HAY EN STOCK, NO<\/p>\n","protected":false},"featured_media":9175,"template":"","meta":[],"product_brand":[],"product_cat":[125],"product_tag":[],"class_list":{"0":"post-9176","1":"product","2":"type-product","3":"status-publish","4":"has-post-thumbnail","6":"product_cat-herramientas-manuales","8":"first","9":"instock","10":"taxable","11":"shipping-taxable","12":"purchasable","13":"product-type-simple"},"yoast_head":"<!-- This site is optimized with the Yoast SEO plugin v27.2 - https:\/\/yoast.com\/product\/yoast-seo-wordpress\/ -->\n<title>Electrodo Soldar 6013 Punta Azul Diametro 2 Mm X 1kg - CALZAVARA<\/title>\n<meta name=\"robots\" content=\"index, follow, max-snippet:-1, max-image-preview:large, max-video-preview:-1\" \/>\n<link rel=\"canonical\" href=\"https:\/\/calzavara.ar\/index.php\/producto\/electrodo-soldar-6013-punta-azul-diametro-2-mm-x-1kg\/\" \/>\n<meta property=\"og:locale\" content=\"es_ES\" \/>\n<meta property=\"og:type\" content=\"article\" \/>\n<meta property=\"og:title\" content=\"Electrodo Soldar 6013 Punta Azul Diametro 2 Mm X 1kg - CALZAVARA\" \/>\n<meta property=\"og:description\" content=\"La publicaci\u00f3n incluye 1 kg de electrodos punta azul. DE MARCAS VARIADAS, SE ENV\u00cdA LO QUE HAY EN STOCK, NO\" \/>\n<meta property=\"og:url\" content=\"https:\/\/calzavara.ar\/index.php\/producto\/electrodo-soldar-6013-punta-azul-diametro-2-mm-x-1kg\/\" \/>\n<meta property=\"og:site_name\" content=\"CALZAVARA\" \/>\n<meta property=\"article:publisher\" content=\"https:\/\/www.facebook.com\/calzavarasrl\" \/>\n<meta property=\"article:modified_time\" content=\"2026-01-19T11:42:08+00:00\" \/>\n<meta property=\"og:image\" content=\"https:\/\/calzavara.ar\/wp-content\/uploads\/2022\/05\/07047.jpg\" \/>\n\t<meta property=\"og:image:width\" content=\"1200\" \/>\n\t<meta property=\"og:image:height\" content=\"1169\" \/>\n\t<meta property=\"og:image:type\" content=\"image\/jpeg\" \/>\n<meta name=\"twitter:card\" content=\"summary_large_image\" \/>\n<meta name=\"twitter:label1\" content=\"Tiempo de lectura\" \/>\n\t<meta name=\"twitter:data1\" content=\"1 minuto\" \/>\n<script type=\"application\/ld+json\" class=\"yoast-schema-graph\">{\"@context\":\"https:\/\/schema.org\",\"@graph\":[{\"@type\":\"WebPage\",\"@id\":\"https:\/\/calzavara.ar\/index.php\/producto\/electrodo-soldar-6013-punta-azul-diametro-2-mm-x-1kg\/\",\"url\":\"https:\/\/calzavara.ar\/index.php\/producto\/electrodo-soldar-6013-punta-azul-diametro-2-mm-x-1kg\/\",\"name\":\"Electrodo Soldar 6013 Punta Azul Diametro 2 Mm X 1kg - CALZAVARA\",\"isPartOf\":{\"@id\":\"https:\/\/calzavara.ar\/#website\"},\"primaryImageOfPage\":{\"@id\":\"https:\/\/calzavara.ar\/index.php\/producto\/electrodo-soldar-6013-punta-azul-diametro-2-mm-x-1kg\/#primaryimage\"},\"image\":{\"@id\":\"https:\/\/calzavara.ar\/index.php\/producto\/electrodo-soldar-6013-punta-azul-diametro-2-mm-x-1kg\/#primaryimage\"},\"thumbnailUrl\":\"https:\/\/calzavara.ar\/wp-content\/uploads\/2022\/05\/07047.jpg\",\"datePublished\":\"2022-05-17T18:04:48+00:00\",\"dateModified\":\"2026-01-19T11:42:08+00:00\",\"breadcrumb\":{\"@id\":\"https:\/\/calzavara.ar\/index.php\/producto\/electrodo-soldar-6013-punta-azul-diametro-2-mm-x-1kg\/#breadcrumb\"},\"inLanguage\":\"es\",\"potentialAction\":[{\"@type\":\"ReadAction\",\"target\":[\"https:\/\/calzavara.ar\/index.php\/producto\/electrodo-soldar-6013-punta-azul-diametro-2-mm-x-1kg\/\"]}]},{\"@type\":\"ImageObject\",\"inLanguage\":\"es\",\"@id\":\"https:\/\/calzavara.ar\/index.php\/producto\/electrodo-soldar-6013-punta-azul-diametro-2-mm-x-1kg\/#primaryimage\",\"url\":\"https:\/\/calzavara.ar\/wp-content\/uploads\/2022\/05\/07047.jpg\",\"contentUrl\":\"https:\/\/calzavara.ar\/wp-content\/uploads\/2022\/05\/07047.jpg\",\"width\":1200,\"height\":1169},{\"@type\":\"BreadcrumbList\",\"@id\":\"https:\/\/calzavara.ar\/index.php\/producto\/electrodo-soldar-6013-punta-azul-diametro-2-mm-x-1kg\/#breadcrumb\",\"itemListElement\":[{\"@type\":\"ListItem\",\"position\":1,\"name\":\"Portada\",\"item\":\"https:\/\/calzavara.ar\/\"},{\"@type\":\"ListItem\",\"position\":2,\"name\":\"Tienda\",\"item\":\"https:\/\/calzavara.ar\/index.php\/tienda\/\"},{\"@type\":\"ListItem\",\"position\":3,\"name\":\"Electrodo Soldar 6013 Punta Azul Diametro 2 Mm X 1kg\"}]},{\"@type\":\"WebSite\",\"@id\":\"https:\/\/calzavara.ar\/#website\",\"url\":\"https:\/\/calzavara.ar\/\",\"name\":\"CALZAVARA\",\"description\":\"Tienda Oficial CALZAVARA\",\"publisher\":{\"@id\":\"https:\/\/calzavara.ar\/#organization\"},\"potentialAction\":[{\"@type\":\"SearchAction\",\"target\":{\"@type\":\"EntryPoint\",\"urlTemplate\":\"https:\/\/calzavara.ar\/?s={search_term_string}\"},\"query-input\":{\"@type\":\"PropertyValueSpecification\",\"valueRequired\":true,\"valueName\":\"search_term_string\"}}],\"inLanguage\":\"es\"},{\"@type\":\"Organization\",\"@id\":\"https:\/\/calzavara.ar\/#organization\",\"name\":\"CALZAVARA\",\"url\":\"https:\/\/calzavara.ar\/\",\"logo\":{\"@type\":\"ImageObject\",\"inLanguage\":\"es\",\"@id\":\"https:\/\/calzavara.ar\/#\/schema\/logo\/image\/\",\"url\":\"https:\/\/calzavara.ar\/wp-content\/uploads\/2025\/05\/CalzaLogoRedes.jpg\",\"contentUrl\":\"https:\/\/calzavara.ar\/wp-content\/uploads\/2025\/05\/CalzaLogoRedes.jpg\",\"width\":640,\"height\":640,\"caption\":\"CALZAVARA\"},\"image\":{\"@id\":\"https:\/\/calzavara.ar\/#\/schema\/logo\/image\/\"},\"sameAs\":[\"https:\/\/www.facebook.com\/calzavarasrl\",\"https:\/\/www.instagram.com\/calzavara_herrajes\",\"https:\/\/www.linkedin.com\/company\/calzavara\/\",\"https:\/\/www.youtube.com\/@calzavara3279\"]}]}<\/script>\n<!-- \/ Yoast SEO plugin. -->","yoast_head_json":{"title":"Electrodo Soldar 6013 Punta Azul Diametro 2 Mm X 1kg - CALZAVARA","robots":{"index":"index","follow":"follow","max-snippet":"max-snippet:-1","max-image-preview":"max-image-preview:large","max-video-preview":"max-video-preview:-1"},"canonical":"https:\/\/calzavara.ar\/index.php\/producto\/electrodo-soldar-6013-punta-azul-diametro-2-mm-x-1kg\/","og_locale":"es_ES","og_type":"article","og_title":"Electrodo Soldar 6013 Punta Azul Diametro 2 Mm X 1kg - CALZAVARA","og_description":"La publicaci\u00f3n incluye 1 kg de electrodos punta azul. DE MARCAS VARIADAS, SE ENV\u00cdA LO QUE HAY EN STOCK, NO","og_url":"https:\/\/calzavara.ar\/index.php\/producto\/electrodo-soldar-6013-punta-azul-diametro-2-mm-x-1kg\/","og_site_name":"CALZAVARA","article_publisher":"https:\/\/www.facebook.com\/calzavarasrl","article_modified_time":"2026-01-19T11:42:08+00:00","og_image":[{"width":1200,"height":1169,"url":"https:\/\/calzavara.ar\/wp-content\/uploads\/2022\/05\/07047.jpg","type":"image\/jpeg"}],"twitter_card":"summary_large_image","twitter_misc":{"Tiempo de lectura":"1 minuto"},"schema":{"@context":"https:\/\/schema.org","@graph":[{"@type":"WebPage","@id":"https:\/\/calzavara.ar\/index.php\/producto\/electrodo-soldar-6013-punta-azul-diametro-2-mm-x-1kg\/","url":"https:\/\/calzavara.ar\/index.php\/producto\/electrodo-soldar-6013-punta-azul-diametro-2-mm-x-1kg\/","name":"Electrodo Soldar 6013 Punta Azul Diametro 2 Mm X 1kg - CALZAVARA","isPartOf":{"@id":"https:\/\/calzavara.ar\/#website"},"primaryImageOfPage":{"@id":"https:\/\/calzavara.ar\/index.php\/producto\/electrodo-soldar-6013-punta-azul-diametro-2-mm-x-1kg\/#primaryimage"},"image":{"@id":"https:\/\/calzavara.ar\/index.php\/producto\/electrodo-soldar-6013-punta-azul-diametro-2-mm-x-1kg\/#primaryimage"},"thumbnailUrl":"https:\/\/calzavara.ar\/wp-content\/uploads\/2022\/05\/07047.jpg","datePublished":"2022-05-17T18:04:48+00:00","dateModified":"2026-01-19T11:42:08+00:00","breadcrumb":{"@id":"https:\/\/calzavara.ar\/index.php\/producto\/electrodo-soldar-6013-punta-azul-diametro-2-mm-x-1kg\/#breadcrumb"},"inLanguage":"es","potentialAction":[{"@type":"ReadAction","target":["https:\/\/calzavara.ar\/index.php\/producto\/electrodo-soldar-6013-punta-azul-diametro-2-mm-x-1kg\/"]}]},{"@type":"ImageObject","inLanguage":"es","@id":"https:\/\/calzavara.ar\/index.php\/producto\/electrodo-soldar-6013-punta-azul-diametro-2-mm-x-1kg\/#primaryimage","url":"https:\/\/calzavara.ar\/wp-content\/uploads\/2022\/05\/07047.jpg","contentUrl":"https:\/\/calzavara.ar\/wp-content\/uploads\/2022\/05\/07047.jpg","width":1200,"height":1169},{"@type":"BreadcrumbList","@id":"https:\/\/calzavara.ar\/index.php\/producto\/electrodo-soldar-6013-punta-azul-diametro-2-mm-x-1kg\/#breadcrumb","itemListElement":[{"@type":"ListItem","position":1,"name":"Portada","item":"https:\/\/calzavara.ar\/"},{"@type":"ListItem","position":2,"name":"Tienda","item":"https:\/\/calzavara.ar\/index.php\/tienda\/"},{"@type":"ListItem","position":3,"name":"Electrodo Soldar 6013 Punta Azul Diametro 2 Mm X 1kg"}]},{"@type":"WebSite","@id":"https:\/\/calzavara.ar\/#website","url":"https:\/\/calzavara.ar\/","name":"CALZAVARA","description":"Tienda Oficial CALZAVARA","publisher":{"@id":"https:\/\/calzavara.ar\/#organization"},"potentialAction":[{"@type":"SearchAction","target":{"@type":"EntryPoint","urlTemplate":"https:\/\/calzavara.ar\/?s={search_term_string}"},"query-input":{"@type":"PropertyValueSpecification","valueRequired":true,"valueName":"search_term_string"}}],"inLanguage":"es"},{"@type":"Organization","@id":"https:\/\/calzavara.ar\/#organization","name":"CALZAVARA","url":"https:\/\/calzavara.ar\/","logo":{"@type":"ImageObject","inLanguage":"es","@id":"https:\/\/calzavara.ar\/#\/schema\/logo\/image\/","url":"https:\/\/calzavara.ar\/wp-content\/uploads\/2025\/05\/CalzaLogoRedes.jpg","contentUrl":"https:\/\/calzavara.ar\/wp-content\/uploads\/2025\/05\/CalzaLogoRedes.jpg","width":640,"height":640,"caption":"CALZAVARA"},"image":{"@id":"https:\/\/calzavara.ar\/#\/schema\/logo\/image\/"},"sameAs":["https:\/\/www.facebook.com\/calzavarasrl","https:\/\/www.instagram.com\/calzavara_herrajes","https:\/\/www.linkedin.com\/company\/calzavara\/","https:\/\/www.youtube.com\/@calzavara3279"]}]}},"jetpack_sharing_enabled":true,"_links":{"self":[{"href":"https:\/\/calzavara.ar\/index.php\/wp-json\/wp\/v2\/product\/9176","targetHints":{"allow":["GET"]}}],"collection":[{"href":"https:\/\/calzavara.ar\/index.php\/wp-json\/wp\/v2\/product"}],"about":[{"href":"https:\/\/calzavara.ar\/index.php\/wp-json\/wp\/v2\/types\/product"}],"wp:featuredmedia":[{"embeddable":true,"href":"https:\/\/calzavara.ar\/index.php\/wp-json\/wp\/v2\/media\/9175"}],"wp:attachment":[{"href":"https:\/\/calzavara.ar\/index.php\/wp-json\/wp\/v2\/media?parent=9176"}],"wp:term":[{"taxonomy":"product_brand","embeddable":true,"href":"https:\/\/calzavara.ar\/index.php\/wp-json\/wp\/v2\/product_brand?post=9176"},{"taxonomy":"product_cat","embeddable":true,"href":"https:\/\/calzavara.ar\/index.php\/wp-json\/wp\/v2\/product_cat?post=9176"},{"taxonomy":"product_tag","embeddable":true,"href":"https:\/\/calzavara.ar\/index.php\/wp-json\/wp\/v2\/product_tag?post=9176"}],"curies":[{"name":"wp","href":"https:\/\/api.w.org\/{rel}","templated":true}]}}