{"id":8733,"date":"2021-11-26T15:57:44","date_gmt":"2021-11-26T18:57:44","guid":{"rendered":"https:\/\/calzavara.ar\/index.php\/producto\/kit-iron100-soldadora-100a-con-mascara-y-escuadra\/"},"modified":"2026-01-19T08:42:00","modified_gmt":"2026-01-19T11:42:00","slug":"kit-iron100-soldadora-100a-con-mascara-y-escuadra","status":"publish","type":"product","link":"https:\/\/calzavara.ar\/index.php\/producto\/kit-iron100-soldadora-100a-con-mascara-y-escuadra\/","title":{"rendered":"Kit IRON100 Soldadora 100A con Mascara y Escuadra"},"content":{"rendered":"<p>DESCRIPCION<br \/>\n\u2714 Con power control board: reduce la interferencia de enrejado de alambre electrificado, reduce la exposici\u00f3n de la maquina de soldar a la interferencia y a la radiaci\u00f3n de otros equipos, protege a la soldadora en caso de producirse baja tensi\u00f3n.<br \/>\n\u2714 Buena calidad de soldadura con electrodos revestidos \u2013 f\u00e1cil apertura de arco<br \/>\n\u2714 Para soldar estructuras livianas como ca\u00f1os estructurales, ca\u00f1os y chapas, estructura pesadas, estructuras doble T como cabreadas o reticulados.<br \/>\n\u2714 Refrigeraci\u00f3n turbo, con una ventilaci\u00f3n eficiente<br \/>\n\u2714 Sencilla y f\u00e1cil de usar \u2013 establecer los par\u00e1metros para el calibre del electrodo.<br \/>\nDATOS T\u00c9CNICOS<\/p>\n<p>Con regulador<br \/>\nGabinete met\u00e1lico muy resistente<br \/>\nNo tiene Bobinados. Es a Plaqueta electr\u00f3nica<br \/>\nAlimentaci\u00f3n 220 VCA \u2013 50 Hz Monof\u00e1sica<br \/>\nCiclo de trabajo 30%80A<br \/>\nTensi\u00f3n sin carga 65V<br \/>\nCorriente de entrada clasificada 16A<br \/>\nGama de corriente de salida 20 ~ 80A<br \/>\nCapacidad de entrada clasificada 3.5KW<br \/>\nCapacidad Electrodos: 1,5 a 2.5 mm<br \/>\nTipo de Electrodos: 6013 y 7018<br \/>\nEspesor que puede soldar hasta 2.5mm<br \/>\nTecnologia: Inverter 5ta generaci\u00f3n<br \/>\nIndicador de ciclo de trabajo: SI<br \/>\nEnchufe: SI<br \/>\nDimensiones: 8,3\u00d714,5\u00d723,5cm .<br \/>\nPeso: 2,5 Kg<br \/>\nLargo Cables : Pinza portaelectrodos 1.90m, masa 1.30m, alimentacion 1.50m<\/p>\n<p>Mascaras de Soldar Fotosensible Lusqtoff ST-1X<\/p>\n<p>\u00c1rea de visualizaci\u00f3n: 90 * 35mm<br \/>\nTama\u00f1o del casquete: 110*90*9mm<br \/>\nSensor de arco: 2<br \/>\nEstado de luz DIN: 4<br \/>\nOscuro Estado DIN fijo: 11<br \/>\nControl ON\/OFF Autom\u00e1tico<br \/>\nControl de sensibilidad: No Ajustable<br \/>\nProtecci\u00f3n UV \/ IR DIN 16<br \/>\nFuente de alimentaci\u00f3n: Panel solar\/Bater\u00eda recargable<br \/>\nTiempo de encendido: 1 \/ 5000s<br \/>\nTiempo de apagado: 0.10-1.0s<br \/>\nAlarma de bajo volumen: SI<br \/>\nAuto-comprobaci\u00f3n: ADF NO<br \/>\nT\u00ba Funcionamiento -5~ +55c<br \/>\nT\u00ba almacenamiento-20~ +70c<br \/>\nPl\u00e1stico de alto impacto<br \/>\nPeso: 420 g<br \/>\nSoldadura : arco y plasma<br \/>\nUso: Profesional<\/p>\n<p>2 Escuadra Magnetica Lusqtoff ESCUADRA 3\u201d 9KGS<br \/>\nN\u00famero de parte LQE6001<\/p>\n<p>Peso 320 Grs.<br \/>\nAlto 8 cm<br \/>\nLargo 1 cm<br \/>\nAncho 12 cm<br \/>\nMedida 3 pulgadas<br \/>\nAngulo de trabajo 45; 90 y 135\u00b0<br \/>\nSoporta: 9 kg<br \/>\nOrigen: China<br \/>\nUso: Profesionales y Hogare\u00f1os<\/p>\n","protected":false},"excerpt":{"rendered":"<p>DESCRIPCION \u2714 Con power control board: reduce la interferencia de enrejado de alambre electrificado, reduce la exposici\u00f3n de la maquina<\/p>\n","protected":false},"featured_media":8727,"template":"","meta":[],"product_brand":[],"product_cat":[123],"product_tag":[655,695,696,659],"class_list":{"0":"post-8733","1":"product","2":"type-product","3":"status-publish","4":"has-post-thumbnail","6":"product_cat-herramientas-electricas","7":"product_tag-hobby","8":"product_tag-hobbysta","9":"product_tag-hoby","10":"product_tag-taller","12":"first","13":"outofstock","14":"sale","15":"taxable","16":"shipping-taxable","17":"purchasable","18":"product-type-simple"},"yoast_head":"<!-- This site is optimized with the Yoast SEO plugin v27.3 - https:\/\/yoast.com\/product\/yoast-seo-wordpress\/ -->\n<title>Kit IRON100 Soldadora 100A con Mascara y Escuadra - CALZAVARA<\/title>\n<meta name=\"robots\" content=\"index, follow, max-snippet:-1, max-image-preview:large, max-video-preview:-1\" \/>\n<link rel=\"canonical\" href=\"https:\/\/calzavara.ar\/index.php\/producto\/kit-iron100-soldadora-100a-con-mascara-y-escuadra\/\" \/>\n<meta property=\"og:locale\" content=\"es_ES\" \/>\n<meta property=\"og:type\" content=\"article\" \/>\n<meta property=\"og:title\" content=\"Kit IRON100 Soldadora 100A con Mascara y Escuadra - CALZAVARA\" \/>\n<meta property=\"og:description\" content=\"DESCRIPCION \u2714 Con power control board: reduce la interferencia de enrejado de alambre electrificado, reduce la exposici\u00f3n de la maquina\" \/>\n<meta property=\"og:url\" content=\"https:\/\/calzavara.ar\/index.php\/producto\/kit-iron100-soldadora-100a-con-mascara-y-escuadra\/\" \/>\n<meta property=\"og:site_name\" content=\"CALZAVARA\" \/>\n<meta property=\"article:publisher\" content=\"https:\/\/www.facebook.com\/calzavarasrl\" \/>\n<meta property=\"article:modified_time\" content=\"2026-01-19T11:42:00+00:00\" \/>\n<meta property=\"og:image\" content=\"https:\/\/calzavara.ar\/wp-content\/uploads\/2021\/11\/26058.jpg\" \/>\n\t<meta property=\"og:image:width\" content=\"1200\" \/>\n\t<meta property=\"og:image:height\" content=\"1200\" \/>\n\t<meta property=\"og:image:type\" content=\"image\/jpeg\" \/>\n<meta name=\"twitter:card\" content=\"summary_large_image\" \/>\n<meta name=\"twitter:label1\" content=\"Tiempo de lectura\" \/>\n\t<meta name=\"twitter:data1\" content=\"2 minutos\" \/>\n<script type=\"application\/ld+json\" class=\"yoast-schema-graph\">{\"@context\":\"https:\\\/\\\/schema.org\",\"@graph\":[{\"@type\":\"WebPage\",\"@id\":\"https:\\\/\\\/calzavara.ar\\\/index.php\\\/producto\\\/kit-iron100-soldadora-100a-con-mascara-y-escuadra\\\/\",\"url\":\"https:\\\/\\\/calzavara.ar\\\/index.php\\\/producto\\\/kit-iron100-soldadora-100a-con-mascara-y-escuadra\\\/\",\"name\":\"Kit IRON100 Soldadora 100A con Mascara y Escuadra - CALZAVARA\",\"isPartOf\":{\"@id\":\"https:\\\/\\\/calzavara.ar\\\/#website\"},\"primaryImageOfPage\":{\"@id\":\"https:\\\/\\\/calzavara.ar\\\/index.php\\\/producto\\\/kit-iron100-soldadora-100a-con-mascara-y-escuadra\\\/#primaryimage\"},\"image\":{\"@id\":\"https:\\\/\\\/calzavara.ar\\\/index.php\\\/producto\\\/kit-iron100-soldadora-100a-con-mascara-y-escuadra\\\/#primaryimage\"},\"thumbnailUrl\":\"https:\\\/\\\/calzavara.ar\\\/wp-content\\\/uploads\\\/2021\\\/11\\\/26058.jpg\",\"datePublished\":\"2021-11-26T18:57:44+00:00\",\"dateModified\":\"2026-01-19T11:42:00+00:00\",\"breadcrumb\":{\"@id\":\"https:\\\/\\\/calzavara.ar\\\/index.php\\\/producto\\\/kit-iron100-soldadora-100a-con-mascara-y-escuadra\\\/#breadcrumb\"},\"inLanguage\":\"es\",\"potentialAction\":[{\"@type\":\"ReadAction\",\"target\":[\"https:\\\/\\\/calzavara.ar\\\/index.php\\\/producto\\\/kit-iron100-soldadora-100a-con-mascara-y-escuadra\\\/\"]}]},{\"@type\":\"ImageObject\",\"inLanguage\":\"es\",\"@id\":\"https:\\\/\\\/calzavara.ar\\\/index.php\\\/producto\\\/kit-iron100-soldadora-100a-con-mascara-y-escuadra\\\/#primaryimage\",\"url\":\"https:\\\/\\\/calzavara.ar\\\/wp-content\\\/uploads\\\/2021\\\/11\\\/26058.jpg\",\"contentUrl\":\"https:\\\/\\\/calzavara.ar\\\/wp-content\\\/uploads\\\/2021\\\/11\\\/26058.jpg\",\"width\":1200,\"height\":1200},{\"@type\":\"BreadcrumbList\",\"@id\":\"https:\\\/\\\/calzavara.ar\\\/index.php\\\/producto\\\/kit-iron100-soldadora-100a-con-mascara-y-escuadra\\\/#breadcrumb\",\"itemListElement\":[{\"@type\":\"ListItem\",\"position\":1,\"name\":\"Portada\",\"item\":\"https:\\\/\\\/calzavara.ar\\\/\"},{\"@type\":\"ListItem\",\"position\":2,\"name\":\"Tienda\",\"item\":\"https:\\\/\\\/calzavara.ar\\\/index.php\\\/tienda\\\/\"},{\"@type\":\"ListItem\",\"position\":3,\"name\":\"Kit IRON100 Soldadora 100A con Mascara y Escuadra\"}]},{\"@type\":\"WebSite\",\"@id\":\"https:\\\/\\\/calzavara.ar\\\/#website\",\"url\":\"https:\\\/\\\/calzavara.ar\\\/\",\"name\":\"CALZAVARA\",\"description\":\"Tienda Oficial CALZAVARA\",\"publisher\":{\"@id\":\"https:\\\/\\\/calzavara.ar\\\/#organization\"},\"potentialAction\":[{\"@type\":\"SearchAction\",\"target\":{\"@type\":\"EntryPoint\",\"urlTemplate\":\"https:\\\/\\\/calzavara.ar\\\/?s={search_term_string}\"},\"query-input\":{\"@type\":\"PropertyValueSpecification\",\"valueRequired\":true,\"valueName\":\"search_term_string\"}}],\"inLanguage\":\"es\"},{\"@type\":\"Organization\",\"@id\":\"https:\\\/\\\/calzavara.ar\\\/#organization\",\"name\":\"CALZAVARA\",\"url\":\"https:\\\/\\\/calzavara.ar\\\/\",\"logo\":{\"@type\":\"ImageObject\",\"inLanguage\":\"es\",\"@id\":\"https:\\\/\\\/calzavara.ar\\\/#\\\/schema\\\/logo\\\/image\\\/\",\"url\":\"https:\\\/\\\/calzavara.ar\\\/wp-content\\\/uploads\\\/2025\\\/05\\\/CalzaLogoRedes.jpg\",\"contentUrl\":\"https:\\\/\\\/calzavara.ar\\\/wp-content\\\/uploads\\\/2025\\\/05\\\/CalzaLogoRedes.jpg\",\"width\":640,\"height\":640,\"caption\":\"CALZAVARA\"},\"image\":{\"@id\":\"https:\\\/\\\/calzavara.ar\\\/#\\\/schema\\\/logo\\\/image\\\/\"},\"sameAs\":[\"https:\\\/\\\/www.facebook.com\\\/calzavarasrl\",\"https:\\\/\\\/www.instagram.com\\\/calzavara_herrajes\",\"https:\\\/\\\/www.linkedin.com\\\/company\\\/calzavara\\\/\",\"https:\\\/\\\/www.youtube.com\\\/@calzavara3279\"]}]}<\/script>\n<!-- \/ Yoast SEO plugin. -->","yoast_head_json":{"title":"Kit IRON100 Soldadora 100A con Mascara y Escuadra - CALZAVARA","robots":{"index":"index","follow":"follow","max-snippet":"max-snippet:-1","max-image-preview":"max-image-preview:large","max-video-preview":"max-video-preview:-1"},"canonical":"https:\/\/calzavara.ar\/index.php\/producto\/kit-iron100-soldadora-100a-con-mascara-y-escuadra\/","og_locale":"es_ES","og_type":"article","og_title":"Kit IRON100 Soldadora 100A con Mascara y Escuadra - CALZAVARA","og_description":"DESCRIPCION \u2714 Con power control board: reduce la interferencia de enrejado de alambre electrificado, reduce la exposici\u00f3n de la maquina","og_url":"https:\/\/calzavara.ar\/index.php\/producto\/kit-iron100-soldadora-100a-con-mascara-y-escuadra\/","og_site_name":"CALZAVARA","article_publisher":"https:\/\/www.facebook.com\/calzavarasrl","article_modified_time":"2026-01-19T11:42:00+00:00","og_image":[{"width":1200,"height":1200,"url":"https:\/\/calzavara.ar\/wp-content\/uploads\/2021\/11\/26058.jpg","type":"image\/jpeg"}],"twitter_card":"summary_large_image","twitter_misc":{"Tiempo de lectura":"2 minutos"},"schema":{"@context":"https:\/\/schema.org","@graph":[{"@type":"WebPage","@id":"https:\/\/calzavara.ar\/index.php\/producto\/kit-iron100-soldadora-100a-con-mascara-y-escuadra\/","url":"https:\/\/calzavara.ar\/index.php\/producto\/kit-iron100-soldadora-100a-con-mascara-y-escuadra\/","name":"Kit IRON100 Soldadora 100A con Mascara y Escuadra - CALZAVARA","isPartOf":{"@id":"https:\/\/calzavara.ar\/#website"},"primaryImageOfPage":{"@id":"https:\/\/calzavara.ar\/index.php\/producto\/kit-iron100-soldadora-100a-con-mascara-y-escuadra\/#primaryimage"},"image":{"@id":"https:\/\/calzavara.ar\/index.php\/producto\/kit-iron100-soldadora-100a-con-mascara-y-escuadra\/#primaryimage"},"thumbnailUrl":"https:\/\/calzavara.ar\/wp-content\/uploads\/2021\/11\/26058.jpg","datePublished":"2021-11-26T18:57:44+00:00","dateModified":"2026-01-19T11:42:00+00:00","breadcrumb":{"@id":"https:\/\/calzavara.ar\/index.php\/producto\/kit-iron100-soldadora-100a-con-mascara-y-escuadra\/#breadcrumb"},"inLanguage":"es","potentialAction":[{"@type":"ReadAction","target":["https:\/\/calzavara.ar\/index.php\/producto\/kit-iron100-soldadora-100a-con-mascara-y-escuadra\/"]}]},{"@type":"ImageObject","inLanguage":"es","@id":"https:\/\/calzavara.ar\/index.php\/producto\/kit-iron100-soldadora-100a-con-mascara-y-escuadra\/#primaryimage","url":"https:\/\/calzavara.ar\/wp-content\/uploads\/2021\/11\/26058.jpg","contentUrl":"https:\/\/calzavara.ar\/wp-content\/uploads\/2021\/11\/26058.jpg","width":1200,"height":1200},{"@type":"BreadcrumbList","@id":"https:\/\/calzavara.ar\/index.php\/producto\/kit-iron100-soldadora-100a-con-mascara-y-escuadra\/#breadcrumb","itemListElement":[{"@type":"ListItem","position":1,"name":"Portada","item":"https:\/\/calzavara.ar\/"},{"@type":"ListItem","position":2,"name":"Tienda","item":"https:\/\/calzavara.ar\/index.php\/tienda\/"},{"@type":"ListItem","position":3,"name":"Kit IRON100 Soldadora 100A con Mascara y Escuadra"}]},{"@type":"WebSite","@id":"https:\/\/calzavara.ar\/#website","url":"https:\/\/calzavara.ar\/","name":"CALZAVARA","description":"Tienda Oficial CALZAVARA","publisher":{"@id":"https:\/\/calzavara.ar\/#organization"},"potentialAction":[{"@type":"SearchAction","target":{"@type":"EntryPoint","urlTemplate":"https:\/\/calzavara.ar\/?s={search_term_string}"},"query-input":{"@type":"PropertyValueSpecification","valueRequired":true,"valueName":"search_term_string"}}],"inLanguage":"es"},{"@type":"Organization","@id":"https:\/\/calzavara.ar\/#organization","name":"CALZAVARA","url":"https:\/\/calzavara.ar\/","logo":{"@type":"ImageObject","inLanguage":"es","@id":"https:\/\/calzavara.ar\/#\/schema\/logo\/image\/","url":"https:\/\/calzavara.ar\/wp-content\/uploads\/2025\/05\/CalzaLogoRedes.jpg","contentUrl":"https:\/\/calzavara.ar\/wp-content\/uploads\/2025\/05\/CalzaLogoRedes.jpg","width":640,"height":640,"caption":"CALZAVARA"},"image":{"@id":"https:\/\/calzavara.ar\/#\/schema\/logo\/image\/"},"sameAs":["https:\/\/www.facebook.com\/calzavarasrl","https:\/\/www.instagram.com\/calzavara_herrajes","https:\/\/www.linkedin.com\/company\/calzavara\/","https:\/\/www.youtube.com\/@calzavara3279"]}]}},"jetpack_sharing_enabled":true,"_links":{"self":[{"href":"https:\/\/calzavara.ar\/index.php\/wp-json\/wp\/v2\/product\/8733","targetHints":{"allow":["GET"]}}],"collection":[{"href":"https:\/\/calzavara.ar\/index.php\/wp-json\/wp\/v2\/product"}],"about":[{"href":"https:\/\/calzavara.ar\/index.php\/wp-json\/wp\/v2\/types\/product"}],"wp:featuredmedia":[{"embeddable":true,"href":"https:\/\/calzavara.ar\/index.php\/wp-json\/wp\/v2\/media\/8727"}],"wp:attachment":[{"href":"https:\/\/calzavara.ar\/index.php\/wp-json\/wp\/v2\/media?parent=8733"}],"wp:term":[{"taxonomy":"product_brand","embeddable":true,"href":"https:\/\/calzavara.ar\/index.php\/wp-json\/wp\/v2\/product_brand?post=8733"},{"taxonomy":"product_cat","embeddable":true,"href":"https:\/\/calzavara.ar\/index.php\/wp-json\/wp\/v2\/product_cat?post=8733"},{"taxonomy":"product_tag","embeddable":true,"href":"https:\/\/calzavara.ar\/index.php\/wp-json\/wp\/v2\/product_tag?post=8733"}],"curies":[{"name":"wp","href":"https:\/\/api.w.org\/{rel}","templated":true}]}}