{"id":8708,"date":"2021-11-26T11:19:28","date_gmt":"2021-11-26T14:19:28","guid":{"rendered":"https:\/\/calzavara.ar\/?post_type=product&#038;p=8708"},"modified":"2026-01-19T08:42:00","modified_gmt":"2026-01-19T11:42:00","slug":"lampara-smart-tw-blanco-frio-y-calido-9w","status":"publish","type":"product","link":"https:\/\/calzavara.ar\/index.php\/producto\/lampara-smart-tw-blanco-frio-y-calido-9w\/","title":{"rendered":"Lampara Smart TW (Blanco Frio y Calido) 9W"},"content":{"rendered":"<p>\u2022 Caracter\u00edsticas:<\/p>\n<p>&#8211; Dimerizable<\/p>\n<p>&#8211; Luz Fr\u00eda (6500K) y Luz C\u00e1lida (2700K)<\/p>\n<p>&#8211; Posee base E27.<\/p>\n<p>&#8211; Ideal para diversas aplicaciones<\/p>\n<p>&#8211; Hasta 90% de ahorro de energ\u00eda<\/p>\n<p>&#8211; Control por voz<\/p>\n<p>&#8211; Control v\u00eda app<\/p>\n<p>&#8211; Automatizaci\u00f3n y Programaci\u00f3n simples<\/p>\n<p>&#8211; F\u00e1cil instalaci\u00f3n<\/p>\n<p>&#8211; Ideal para: Salas, Cuartos, Escritorios, Ba\u00f1os, Cocinas, Living.<\/p>\n<p>&nbsp;<\/p>\n<p>\u2022 Ficha T\u00e9cnica:<\/p>\n<p>&#8211; Potencia: 9W<br \/>\n&#8211; Equivalencia de Incandescentes: 100W<br \/>\n&#8211; Flujo Luminoso: 800 lm<br \/>\n&#8211; Temp Color: 2700 &#8211; 6500K<br \/>\n&#8211; Eficiencia Lum\u00ednica: 89lm \/ W<br \/>\n&#8211; Base: E27<br \/>\n&#8211; Tensi\u00f3n: 220V<br \/>\n&#8211; Factor de potencia: 0.6<br \/>\n&#8211; Corriente 220V: 75mA<br \/>\n&#8211; Angulo de apertura: 180\u00ba<br \/>\n&#8211; Dimerizable: Si<br \/>\n&#8211; Vida \u00fatil: Hasta 15000 hs<br \/>\n&#8211; Temperatura de operaci\u00f3n: -20\u00ba &#8211; 45\u00baC<br \/>\n&#8211; Grado de protecci\u00f3n: IP20<br \/>\n&#8211; Marca: Ledvance<br \/>\n&#8211; Sistemas compatibles: iOS &amp; Android<br \/>\n&#8211; Red Wifi: 2.4 Ghz<\/p>\n","protected":false},"excerpt":{"rendered":"<p>\u2022 Caracter\u00edsticas: &#8211; Dimerizable &#8211; Luz Fr\u00eda (6500K) y Luz C\u00e1lida (2700K) &#8211; Posee base E27. &#8211; Ideal para diversas<\/p>\n","protected":false},"featured_media":8711,"template":"","meta":[],"product_brand":[],"product_cat":[71],"product_tag":[689,690,691,688,687],"class_list":{"0":"post-8708","1":"product","2":"type-product","3":"status-publish","4":"has-post-thumbnail","6":"product_cat-lamparitas","7":"product_tag-foco","8":"product_tag-foquito","9":"product_tag-inteligente","10":"product_tag-lamparita","11":"product_tag-luz","13":"first","14":"instock","15":"taxable","16":"shipping-taxable","17":"product-type-simple"},"yoast_head":"<!-- This site is optimized with the Yoast SEO plugin v27.3 - https:\/\/yoast.com\/product\/yoast-seo-wordpress\/ -->\n<title>Lampara Smart TW (Blanco Frio y Calido) 9W - CALZAVARA<\/title>\n<meta name=\"robots\" content=\"index, follow, max-snippet:-1, max-image-preview:large, max-video-preview:-1\" \/>\n<link rel=\"canonical\" href=\"https:\/\/calzavara.ar\/index.php\/producto\/lampara-smart-tw-blanco-frio-y-calido-9w\/\" \/>\n<meta property=\"og:locale\" content=\"es_ES\" \/>\n<meta property=\"og:type\" content=\"article\" \/>\n<meta property=\"og:title\" content=\"Lampara Smart TW (Blanco Frio y Calido) 9W - CALZAVARA\" \/>\n<meta property=\"og:description\" content=\"\u2022 Caracter\u00edsticas: &#8211; Dimerizable &#8211; Luz Fr\u00eda (6500K) y Luz C\u00e1lida (2700K) &#8211; Posee base E27. &#8211; Ideal para diversas\" \/>\n<meta property=\"og:url\" content=\"https:\/\/calzavara.ar\/index.php\/producto\/lampara-smart-tw-blanco-frio-y-calido-9w\/\" \/>\n<meta property=\"og:site_name\" content=\"CALZAVARA\" \/>\n<meta property=\"article:publisher\" content=\"https:\/\/www.facebook.com\/calzavarasrl\" \/>\n<meta property=\"article:modified_time\" content=\"2026-01-19T11:42:00+00:00\" \/>\n<meta property=\"og:image\" content=\"https:\/\/calzavara.ar\/wp-content\/uploads\/2021\/11\/58804.jpg\" \/>\n\t<meta property=\"og:image:width\" content=\"488\" \/>\n\t<meta property=\"og:image:height\" content=\"500\" \/>\n\t<meta property=\"og:image:type\" content=\"image\/jpeg\" \/>\n<meta name=\"twitter:card\" content=\"summary_large_image\" \/>\n<meta name=\"twitter:label1\" content=\"Tiempo de lectura\" \/>\n\t<meta name=\"twitter:data1\" content=\"1 minuto\" \/>\n<script type=\"application\/ld+json\" class=\"yoast-schema-graph\">{\"@context\":\"https:\\\/\\\/schema.org\",\"@graph\":[{\"@type\":\"WebPage\",\"@id\":\"https:\\\/\\\/calzavara.ar\\\/index.php\\\/producto\\\/lampara-smart-tw-blanco-frio-y-calido-9w\\\/\",\"url\":\"https:\\\/\\\/calzavara.ar\\\/index.php\\\/producto\\\/lampara-smart-tw-blanco-frio-y-calido-9w\\\/\",\"name\":\"Lampara Smart TW (Blanco Frio y Calido) 9W - CALZAVARA\",\"isPartOf\":{\"@id\":\"https:\\\/\\\/calzavara.ar\\\/#website\"},\"primaryImageOfPage\":{\"@id\":\"https:\\\/\\\/calzavara.ar\\\/index.php\\\/producto\\\/lampara-smart-tw-blanco-frio-y-calido-9w\\\/#primaryimage\"},\"image\":{\"@id\":\"https:\\\/\\\/calzavara.ar\\\/index.php\\\/producto\\\/lampara-smart-tw-blanco-frio-y-calido-9w\\\/#primaryimage\"},\"thumbnailUrl\":\"https:\\\/\\\/calzavara.ar\\\/wp-content\\\/uploads\\\/2021\\\/11\\\/58804.jpg\",\"datePublished\":\"2021-11-26T14:19:28+00:00\",\"dateModified\":\"2026-01-19T11:42:00+00:00\",\"breadcrumb\":{\"@id\":\"https:\\\/\\\/calzavara.ar\\\/index.php\\\/producto\\\/lampara-smart-tw-blanco-frio-y-calido-9w\\\/#breadcrumb\"},\"inLanguage\":\"es\",\"potentialAction\":[{\"@type\":\"ReadAction\",\"target\":[\"https:\\\/\\\/calzavara.ar\\\/index.php\\\/producto\\\/lampara-smart-tw-blanco-frio-y-calido-9w\\\/\"]}]},{\"@type\":\"ImageObject\",\"inLanguage\":\"es\",\"@id\":\"https:\\\/\\\/calzavara.ar\\\/index.php\\\/producto\\\/lampara-smart-tw-blanco-frio-y-calido-9w\\\/#primaryimage\",\"url\":\"https:\\\/\\\/calzavara.ar\\\/wp-content\\\/uploads\\\/2021\\\/11\\\/58804.jpg\",\"contentUrl\":\"https:\\\/\\\/calzavara.ar\\\/wp-content\\\/uploads\\\/2021\\\/11\\\/58804.jpg\",\"width\":488,\"height\":500},{\"@type\":\"BreadcrumbList\",\"@id\":\"https:\\\/\\\/calzavara.ar\\\/index.php\\\/producto\\\/lampara-smart-tw-blanco-frio-y-calido-9w\\\/#breadcrumb\",\"itemListElement\":[{\"@type\":\"ListItem\",\"position\":1,\"name\":\"Portada\",\"item\":\"https:\\\/\\\/calzavara.ar\\\/\"},{\"@type\":\"ListItem\",\"position\":2,\"name\":\"Tienda\",\"item\":\"https:\\\/\\\/calzavara.ar\\\/index.php\\\/tienda\\\/\"},{\"@type\":\"ListItem\",\"position\":3,\"name\":\"Lampara Smart TW (Blanco Frio y Calido) 9W\"}]},{\"@type\":\"WebSite\",\"@id\":\"https:\\\/\\\/calzavara.ar\\\/#website\",\"url\":\"https:\\\/\\\/calzavara.ar\\\/\",\"name\":\"CALZAVARA\",\"description\":\"Tienda Oficial CALZAVARA\",\"publisher\":{\"@id\":\"https:\\\/\\\/calzavara.ar\\\/#organization\"},\"potentialAction\":[{\"@type\":\"SearchAction\",\"target\":{\"@type\":\"EntryPoint\",\"urlTemplate\":\"https:\\\/\\\/calzavara.ar\\\/?s={search_term_string}\"},\"query-input\":{\"@type\":\"PropertyValueSpecification\",\"valueRequired\":true,\"valueName\":\"search_term_string\"}}],\"inLanguage\":\"es\"},{\"@type\":\"Organization\",\"@id\":\"https:\\\/\\\/calzavara.ar\\\/#organization\",\"name\":\"CALZAVARA\",\"url\":\"https:\\\/\\\/calzavara.ar\\\/\",\"logo\":{\"@type\":\"ImageObject\",\"inLanguage\":\"es\",\"@id\":\"https:\\\/\\\/calzavara.ar\\\/#\\\/schema\\\/logo\\\/image\\\/\",\"url\":\"https:\\\/\\\/calzavara.ar\\\/wp-content\\\/uploads\\\/2025\\\/05\\\/CalzaLogoRedes.jpg\",\"contentUrl\":\"https:\\\/\\\/calzavara.ar\\\/wp-content\\\/uploads\\\/2025\\\/05\\\/CalzaLogoRedes.jpg\",\"width\":640,\"height\":640,\"caption\":\"CALZAVARA\"},\"image\":{\"@id\":\"https:\\\/\\\/calzavara.ar\\\/#\\\/schema\\\/logo\\\/image\\\/\"},\"sameAs\":[\"https:\\\/\\\/www.facebook.com\\\/calzavarasrl\",\"https:\\\/\\\/www.instagram.com\\\/calzavara_herrajes\",\"https:\\\/\\\/www.linkedin.com\\\/company\\\/calzavara\\\/\",\"https:\\\/\\\/www.youtube.com\\\/@calzavara3279\"]}]}<\/script>\n<!-- \/ Yoast SEO plugin. -->","yoast_head_json":{"title":"Lampara Smart TW (Blanco Frio y Calido) 9W - CALZAVARA","robots":{"index":"index","follow":"follow","max-snippet":"max-snippet:-1","max-image-preview":"max-image-preview:large","max-video-preview":"max-video-preview:-1"},"canonical":"https:\/\/calzavara.ar\/index.php\/producto\/lampara-smart-tw-blanco-frio-y-calido-9w\/","og_locale":"es_ES","og_type":"article","og_title":"Lampara Smart TW (Blanco Frio y Calido) 9W - CALZAVARA","og_description":"\u2022 Caracter\u00edsticas: &#8211; Dimerizable &#8211; Luz Fr\u00eda (6500K) y Luz C\u00e1lida (2700K) &#8211; Posee base E27. &#8211; Ideal para diversas","og_url":"https:\/\/calzavara.ar\/index.php\/producto\/lampara-smart-tw-blanco-frio-y-calido-9w\/","og_site_name":"CALZAVARA","article_publisher":"https:\/\/www.facebook.com\/calzavarasrl","article_modified_time":"2026-01-19T11:42:00+00:00","og_image":[{"width":488,"height":500,"url":"https:\/\/calzavara.ar\/wp-content\/uploads\/2021\/11\/58804.jpg","type":"image\/jpeg"}],"twitter_card":"summary_large_image","twitter_misc":{"Tiempo de lectura":"1 minuto"},"schema":{"@context":"https:\/\/schema.org","@graph":[{"@type":"WebPage","@id":"https:\/\/calzavara.ar\/index.php\/producto\/lampara-smart-tw-blanco-frio-y-calido-9w\/","url":"https:\/\/calzavara.ar\/index.php\/producto\/lampara-smart-tw-blanco-frio-y-calido-9w\/","name":"Lampara Smart TW (Blanco Frio y Calido) 9W - CALZAVARA","isPartOf":{"@id":"https:\/\/calzavara.ar\/#website"},"primaryImageOfPage":{"@id":"https:\/\/calzavara.ar\/index.php\/producto\/lampara-smart-tw-blanco-frio-y-calido-9w\/#primaryimage"},"image":{"@id":"https:\/\/calzavara.ar\/index.php\/producto\/lampara-smart-tw-blanco-frio-y-calido-9w\/#primaryimage"},"thumbnailUrl":"https:\/\/calzavara.ar\/wp-content\/uploads\/2021\/11\/58804.jpg","datePublished":"2021-11-26T14:19:28+00:00","dateModified":"2026-01-19T11:42:00+00:00","breadcrumb":{"@id":"https:\/\/calzavara.ar\/index.php\/producto\/lampara-smart-tw-blanco-frio-y-calido-9w\/#breadcrumb"},"inLanguage":"es","potentialAction":[{"@type":"ReadAction","target":["https:\/\/calzavara.ar\/index.php\/producto\/lampara-smart-tw-blanco-frio-y-calido-9w\/"]}]},{"@type":"ImageObject","inLanguage":"es","@id":"https:\/\/calzavara.ar\/index.php\/producto\/lampara-smart-tw-blanco-frio-y-calido-9w\/#primaryimage","url":"https:\/\/calzavara.ar\/wp-content\/uploads\/2021\/11\/58804.jpg","contentUrl":"https:\/\/calzavara.ar\/wp-content\/uploads\/2021\/11\/58804.jpg","width":488,"height":500},{"@type":"BreadcrumbList","@id":"https:\/\/calzavara.ar\/index.php\/producto\/lampara-smart-tw-blanco-frio-y-calido-9w\/#breadcrumb","itemListElement":[{"@type":"ListItem","position":1,"name":"Portada","item":"https:\/\/calzavara.ar\/"},{"@type":"ListItem","position":2,"name":"Tienda","item":"https:\/\/calzavara.ar\/index.php\/tienda\/"},{"@type":"ListItem","position":3,"name":"Lampara Smart TW (Blanco Frio y Calido) 9W"}]},{"@type":"WebSite","@id":"https:\/\/calzavara.ar\/#website","url":"https:\/\/calzavara.ar\/","name":"CALZAVARA","description":"Tienda Oficial CALZAVARA","publisher":{"@id":"https:\/\/calzavara.ar\/#organization"},"potentialAction":[{"@type":"SearchAction","target":{"@type":"EntryPoint","urlTemplate":"https:\/\/calzavara.ar\/?s={search_term_string}"},"query-input":{"@type":"PropertyValueSpecification","valueRequired":true,"valueName":"search_term_string"}}],"inLanguage":"es"},{"@type":"Organization","@id":"https:\/\/calzavara.ar\/#organization","name":"CALZAVARA","url":"https:\/\/calzavara.ar\/","logo":{"@type":"ImageObject","inLanguage":"es","@id":"https:\/\/calzavara.ar\/#\/schema\/logo\/image\/","url":"https:\/\/calzavara.ar\/wp-content\/uploads\/2025\/05\/CalzaLogoRedes.jpg","contentUrl":"https:\/\/calzavara.ar\/wp-content\/uploads\/2025\/05\/CalzaLogoRedes.jpg","width":640,"height":640,"caption":"CALZAVARA"},"image":{"@id":"https:\/\/calzavara.ar\/#\/schema\/logo\/image\/"},"sameAs":["https:\/\/www.facebook.com\/calzavarasrl","https:\/\/www.instagram.com\/calzavara_herrajes","https:\/\/www.linkedin.com\/company\/calzavara\/","https:\/\/www.youtube.com\/@calzavara3279"]}]}},"jetpack_sharing_enabled":true,"_links":{"self":[{"href":"https:\/\/calzavara.ar\/index.php\/wp-json\/wp\/v2\/product\/8708","targetHints":{"allow":["GET"]}}],"collection":[{"href":"https:\/\/calzavara.ar\/index.php\/wp-json\/wp\/v2\/product"}],"about":[{"href":"https:\/\/calzavara.ar\/index.php\/wp-json\/wp\/v2\/types\/product"}],"wp:featuredmedia":[{"embeddable":true,"href":"https:\/\/calzavara.ar\/index.php\/wp-json\/wp\/v2\/media\/8711"}],"wp:attachment":[{"href":"https:\/\/calzavara.ar\/index.php\/wp-json\/wp\/v2\/media?parent=8708"}],"wp:term":[{"taxonomy":"product_brand","embeddable":true,"href":"https:\/\/calzavara.ar\/index.php\/wp-json\/wp\/v2\/product_brand?post=8708"},{"taxonomy":"product_cat","embeddable":true,"href":"https:\/\/calzavara.ar\/index.php\/wp-json\/wp\/v2\/product_cat?post=8708"},{"taxonomy":"product_tag","embeddable":true,"href":"https:\/\/calzavara.ar\/index.php\/wp-json\/wp\/v2\/product_tag?post=8708"}],"curies":[{"name":"wp","href":"https:\/\/api.w.org\/{rel}","templated":true}]}}