{"id":8462,"date":"2021-08-23T09:41:34","date_gmt":"2021-08-23T12:41:34","guid":{"rendered":"https:\/\/calzavara.ar\/?post_type=product&#038;p=8462"},"modified":"2026-01-19T08:41:57","modified_gmt":"2026-01-19T11:41:57","slug":"hidrolavadora-a-presion-karcher-k2-basic-110-bar","status":"publish","type":"product","link":"https:\/\/calzavara.ar\/index.php\/producto\/hidrolavadora-a-presion-karcher-k2-basic-110-bar\/","title":{"rendered":"Hidrolavadora a Presion Karcher K2 Basic &#8211; 110 bar"},"content":{"rendered":"<div id=\"description\" class=\"row\" data-anchor=\"Descripci\u00f3n\">\n<div class=\"col-sm-12\">\n<p>Ideal para la limpieza de bicicletas o motos y remover la suciedad de las herramientas o muebles de jard\u00edn. La K2 Basic remueve la suciedad ligera en el hogar en el menor tiempo posible. Dise\u00f1ada para un uso ocasional. En los accesorios inclu\u00eddos se encuentra la pistola de alta presi\u00f3n, manguera, lanza rotativa para eliminar suciedad fuertemente adherida y un filtro de agua interno para protecci\u00f3n de la bomba de alta presi\u00f3n contra objetos y part\u00edculas peque\u00f1as que pudieran lastimarla.<\/p>\n<\/div>\n<\/div>\n<div id=\"featurebenefits\" data-anchor=\"Caracter\u00edsticas y ventajas\">\n<h5 class=\"section-headline\">Caracter\u00edsticas y ventajas<\/h5>\n<div class=\"row\">\n<div class=\"col-sm-12\">\n<div class=\"row fc-featurebenefits-row\">\n<div class=\"col-sm-5\">\n<h6>Alta presi\u00f3n &#8211; chorro plano<\/h6>\n<\/div>\n<div class=\"col-sm-7 col-no-padding\">\n<ul>\n<li>Alto rendimiento de limpieza.<\/li>\n<li>Menos consumo energ\u00e9tico.<\/li>\n<\/ul>\n<\/div>\n<\/div>\n<\/div>\n<\/div>\n<\/div>\n<div id=\"specifications\" class=\"row\" data-anchor=\"Especificaciones\">\n<div class=\"col-sm-12\">\n<h5 class=\"section-headline\">Especificaciones<\/h5>\n<div class=\"row\">\n<div class=\"col-sm-6\">\n<h5>Especificaciones t\u00e9cnicas<\/h5>\n<table class=\"table\">\n<tbody>\n<tr>\n<td>Tipo de corriente (V\/<span class=\"fix-spelling\">Hz<\/span>)<\/td>\n<td>220 \/ 50 &#8211; 60<\/td>\n<\/tr>\n<tr>\n<td>Presi\u00f3n (PSI\/bar)<\/td>\n<td>1600 \/ 110<\/td>\n<\/tr>\n<tr>\n<td>Caudal (l\/h)<\/td>\n<td>280<\/td>\n<\/tr>\n<tr>\n<td>Temperatura de entrada (\u00b0C)<\/td>\n<td>40<\/td>\n<\/tr>\n<tr>\n<td>Potencia de conexi\u00f3n (W)<\/td>\n<td>1200<\/td>\n<\/tr>\n<tr>\n<td>Cable de conexi\u00f3n (m)<\/td>\n<td>5<\/td>\n<\/tr>\n<tr>\n<td>Peso sin accesorios (kg)<\/td>\n<td>3,8<\/td>\n<\/tr>\n<tr>\n<td>Peso con embalaje incluido (kg)<\/td>\n<td>5,2<\/td>\n<\/tr>\n<tr>\n<td>Dimensiones (la. \u00d7 an. \u00d7 al.) (mm)<\/td>\n<td>187 x 281 x 442<\/td>\n<\/tr>\n<\/tbody>\n<\/table>\n<div id=\"application\" class=\"row\" data-anchor=\"Campos de aplicaci\u00f3n\">\n<div class=\"col-sm-12\">\n<h5 class=\"section-headline\">Campos de aplicaci\u00f3n<\/h5>\n<ul>\n<li>Bicicletas<\/li>\n<li>Para limpiar motocicletas y motonetas.<\/li>\n<li>\u00c1reas de limpieza en el hogar y el jard\u00edn<\/li>\n<\/ul>\n<\/div>\n<\/div>\n<\/div>\n<\/div>\n<\/div>\n<\/div>\n","protected":false},"excerpt":{"rendered":"<p>La hidrolavadora K2 Basic es la soluci\u00f3n ideal para la limpieza ocasional de suciedad ligera alrededor del hogar (p. ej. en bicicletas, herramientas y muebles del jard\u00edn).<\/p>\n","protected":false},"featured_media":8463,"template":"","meta":[],"product_brand":[],"product_cat":[669],"product_tag":[],"class_list":{"0":"post-8462","1":"product","2":"type-product","3":"status-publish","4":"has-post-thumbnail","6":"product_cat-bombas-y-movimiento-de-liquidos","7":"product_shipping_class-sobredimensionado","9":"first","10":"instock","11":"taxable","12":"shipping-taxable","13":"product-type-simple"},"yoast_head":"<!-- This site is optimized with the Yoast SEO plugin v27.3 - https:\/\/yoast.com\/product\/yoast-seo-wordpress\/ -->\n<title>Hidrolavadora a Presion Karcher K2 Basic - 110 bar - CALZAVARA<\/title>\n<meta name=\"robots\" content=\"index, follow, max-snippet:-1, max-image-preview:large, max-video-preview:-1\" \/>\n<link rel=\"canonical\" href=\"https:\/\/calzavara.ar\/index.php\/producto\/hidrolavadora-a-presion-karcher-k2-basic-110-bar\/\" \/>\n<meta property=\"og:locale\" content=\"es_ES\" \/>\n<meta property=\"og:type\" content=\"article\" \/>\n<meta property=\"og:title\" content=\"Hidrolavadora a Presion Karcher K2 Basic - 110 bar - CALZAVARA\" \/>\n<meta property=\"og:description\" content=\"La hidrolavadora K2 Basic es la soluci\u00f3n ideal para la limpieza ocasional de suciedad ligera alrededor del hogar (p. ej. en bicicletas, herramientas y muebles del jard\u00edn).\" \/>\n<meta property=\"og:url\" content=\"https:\/\/calzavara.ar\/index.php\/producto\/hidrolavadora-a-presion-karcher-k2-basic-110-bar\/\" \/>\n<meta property=\"og:site_name\" content=\"CALZAVARA\" \/>\n<meta property=\"article:publisher\" content=\"https:\/\/www.facebook.com\/calzavarasrl\" \/>\n<meta property=\"article:modified_time\" content=\"2026-01-19T11:41:57+00:00\" \/>\n<meta property=\"og:image\" content=\"https:\/\/calzavara.ar\/wp-content\/uploads\/2021\/08\/18846B.jpg\" \/>\n\t<meta property=\"og:image:width\" content=\"1000\" \/>\n\t<meta property=\"og:image:height\" content=\"1000\" \/>\n\t<meta property=\"og:image:type\" content=\"image\/jpeg\" \/>\n<meta name=\"twitter:card\" content=\"summary_large_image\" \/>\n<meta name=\"twitter:label1\" content=\"Tiempo de lectura\" \/>\n\t<meta name=\"twitter:data1\" content=\"1 minuto\" \/>\n<script type=\"application\/ld+json\" class=\"yoast-schema-graph\">{\"@context\":\"https:\\\/\\\/schema.org\",\"@graph\":[{\"@type\":\"WebPage\",\"@id\":\"https:\\\/\\\/calzavara.ar\\\/index.php\\\/producto\\\/hidrolavadora-a-presion-karcher-k2-basic-110-bar\\\/\",\"url\":\"https:\\\/\\\/calzavara.ar\\\/index.php\\\/producto\\\/hidrolavadora-a-presion-karcher-k2-basic-110-bar\\\/\",\"name\":\"Hidrolavadora a Presion Karcher K2 Basic - 110 bar - CALZAVARA\",\"isPartOf\":{\"@id\":\"https:\\\/\\\/calzavara.ar\\\/#website\"},\"primaryImageOfPage\":{\"@id\":\"https:\\\/\\\/calzavara.ar\\\/index.php\\\/producto\\\/hidrolavadora-a-presion-karcher-k2-basic-110-bar\\\/#primaryimage\"},\"image\":{\"@id\":\"https:\\\/\\\/calzavara.ar\\\/index.php\\\/producto\\\/hidrolavadora-a-presion-karcher-k2-basic-110-bar\\\/#primaryimage\"},\"thumbnailUrl\":\"https:\\\/\\\/calzavara.ar\\\/wp-content\\\/uploads\\\/2021\\\/08\\\/18846B.jpg\",\"datePublished\":\"2021-08-23T12:41:34+00:00\",\"dateModified\":\"2026-01-19T11:41:57+00:00\",\"breadcrumb\":{\"@id\":\"https:\\\/\\\/calzavara.ar\\\/index.php\\\/producto\\\/hidrolavadora-a-presion-karcher-k2-basic-110-bar\\\/#breadcrumb\"},\"inLanguage\":\"es\",\"potentialAction\":[{\"@type\":\"ReadAction\",\"target\":[\"https:\\\/\\\/calzavara.ar\\\/index.php\\\/producto\\\/hidrolavadora-a-presion-karcher-k2-basic-110-bar\\\/\"]}]},{\"@type\":\"ImageObject\",\"inLanguage\":\"es\",\"@id\":\"https:\\\/\\\/calzavara.ar\\\/index.php\\\/producto\\\/hidrolavadora-a-presion-karcher-k2-basic-110-bar\\\/#primaryimage\",\"url\":\"https:\\\/\\\/calzavara.ar\\\/wp-content\\\/uploads\\\/2021\\\/08\\\/18846B.jpg\",\"contentUrl\":\"https:\\\/\\\/calzavara.ar\\\/wp-content\\\/uploads\\\/2021\\\/08\\\/18846B.jpg\",\"width\":1000,\"height\":1000},{\"@type\":\"BreadcrumbList\",\"@id\":\"https:\\\/\\\/calzavara.ar\\\/index.php\\\/producto\\\/hidrolavadora-a-presion-karcher-k2-basic-110-bar\\\/#breadcrumb\",\"itemListElement\":[{\"@type\":\"ListItem\",\"position\":1,\"name\":\"Portada\",\"item\":\"https:\\\/\\\/calzavara.ar\\\/\"},{\"@type\":\"ListItem\",\"position\":2,\"name\":\"Tienda\",\"item\":\"https:\\\/\\\/calzavara.ar\\\/index.php\\\/tienda\\\/\"},{\"@type\":\"ListItem\",\"position\":3,\"name\":\"Hidrolavadora a Presion Karcher K2 Basic &#8211; 110 bar\"}]},{\"@type\":\"WebSite\",\"@id\":\"https:\\\/\\\/calzavara.ar\\\/#website\",\"url\":\"https:\\\/\\\/calzavara.ar\\\/\",\"name\":\"CALZAVARA\",\"description\":\"Tienda Oficial CALZAVARA\",\"publisher\":{\"@id\":\"https:\\\/\\\/calzavara.ar\\\/#organization\"},\"potentialAction\":[{\"@type\":\"SearchAction\",\"target\":{\"@type\":\"EntryPoint\",\"urlTemplate\":\"https:\\\/\\\/calzavara.ar\\\/?s={search_term_string}\"},\"query-input\":{\"@type\":\"PropertyValueSpecification\",\"valueRequired\":true,\"valueName\":\"search_term_string\"}}],\"inLanguage\":\"es\"},{\"@type\":\"Organization\",\"@id\":\"https:\\\/\\\/calzavara.ar\\\/#organization\",\"name\":\"CALZAVARA\",\"url\":\"https:\\\/\\\/calzavara.ar\\\/\",\"logo\":{\"@type\":\"ImageObject\",\"inLanguage\":\"es\",\"@id\":\"https:\\\/\\\/calzavara.ar\\\/#\\\/schema\\\/logo\\\/image\\\/\",\"url\":\"https:\\\/\\\/calzavara.ar\\\/wp-content\\\/uploads\\\/2025\\\/05\\\/CalzaLogoRedes.jpg\",\"contentUrl\":\"https:\\\/\\\/calzavara.ar\\\/wp-content\\\/uploads\\\/2025\\\/05\\\/CalzaLogoRedes.jpg\",\"width\":640,\"height\":640,\"caption\":\"CALZAVARA\"},\"image\":{\"@id\":\"https:\\\/\\\/calzavara.ar\\\/#\\\/schema\\\/logo\\\/image\\\/\"},\"sameAs\":[\"https:\\\/\\\/www.facebook.com\\\/calzavarasrl\",\"https:\\\/\\\/www.instagram.com\\\/calzavara_herrajes\",\"https:\\\/\\\/www.linkedin.com\\\/company\\\/calzavara\\\/\",\"https:\\\/\\\/www.youtube.com\\\/@calzavara3279\"]}]}<\/script>\n<!-- \/ Yoast SEO plugin. -->","yoast_head_json":{"title":"Hidrolavadora a Presion Karcher K2 Basic - 110 bar - CALZAVARA","robots":{"index":"index","follow":"follow","max-snippet":"max-snippet:-1","max-image-preview":"max-image-preview:large","max-video-preview":"max-video-preview:-1"},"canonical":"https:\/\/calzavara.ar\/index.php\/producto\/hidrolavadora-a-presion-karcher-k2-basic-110-bar\/","og_locale":"es_ES","og_type":"article","og_title":"Hidrolavadora a Presion Karcher K2 Basic - 110 bar - CALZAVARA","og_description":"La hidrolavadora K2 Basic es la soluci\u00f3n ideal para la limpieza ocasional de suciedad ligera alrededor del hogar (p. ej. en bicicletas, herramientas y muebles del jard\u00edn).","og_url":"https:\/\/calzavara.ar\/index.php\/producto\/hidrolavadora-a-presion-karcher-k2-basic-110-bar\/","og_site_name":"CALZAVARA","article_publisher":"https:\/\/www.facebook.com\/calzavarasrl","article_modified_time":"2026-01-19T11:41:57+00:00","og_image":[{"width":1000,"height":1000,"url":"https:\/\/calzavara.ar\/wp-content\/uploads\/2021\/08\/18846B.jpg","type":"image\/jpeg"}],"twitter_card":"summary_large_image","twitter_misc":{"Tiempo de lectura":"1 minuto"},"schema":{"@context":"https:\/\/schema.org","@graph":[{"@type":"WebPage","@id":"https:\/\/calzavara.ar\/index.php\/producto\/hidrolavadora-a-presion-karcher-k2-basic-110-bar\/","url":"https:\/\/calzavara.ar\/index.php\/producto\/hidrolavadora-a-presion-karcher-k2-basic-110-bar\/","name":"Hidrolavadora a Presion Karcher K2 Basic - 110 bar - CALZAVARA","isPartOf":{"@id":"https:\/\/calzavara.ar\/#website"},"primaryImageOfPage":{"@id":"https:\/\/calzavara.ar\/index.php\/producto\/hidrolavadora-a-presion-karcher-k2-basic-110-bar\/#primaryimage"},"image":{"@id":"https:\/\/calzavara.ar\/index.php\/producto\/hidrolavadora-a-presion-karcher-k2-basic-110-bar\/#primaryimage"},"thumbnailUrl":"https:\/\/calzavara.ar\/wp-content\/uploads\/2021\/08\/18846B.jpg","datePublished":"2021-08-23T12:41:34+00:00","dateModified":"2026-01-19T11:41:57+00:00","breadcrumb":{"@id":"https:\/\/calzavara.ar\/index.php\/producto\/hidrolavadora-a-presion-karcher-k2-basic-110-bar\/#breadcrumb"},"inLanguage":"es","potentialAction":[{"@type":"ReadAction","target":["https:\/\/calzavara.ar\/index.php\/producto\/hidrolavadora-a-presion-karcher-k2-basic-110-bar\/"]}]},{"@type":"ImageObject","inLanguage":"es","@id":"https:\/\/calzavara.ar\/index.php\/producto\/hidrolavadora-a-presion-karcher-k2-basic-110-bar\/#primaryimage","url":"https:\/\/calzavara.ar\/wp-content\/uploads\/2021\/08\/18846B.jpg","contentUrl":"https:\/\/calzavara.ar\/wp-content\/uploads\/2021\/08\/18846B.jpg","width":1000,"height":1000},{"@type":"BreadcrumbList","@id":"https:\/\/calzavara.ar\/index.php\/producto\/hidrolavadora-a-presion-karcher-k2-basic-110-bar\/#breadcrumb","itemListElement":[{"@type":"ListItem","position":1,"name":"Portada","item":"https:\/\/calzavara.ar\/"},{"@type":"ListItem","position":2,"name":"Tienda","item":"https:\/\/calzavara.ar\/index.php\/tienda\/"},{"@type":"ListItem","position":3,"name":"Hidrolavadora a Presion Karcher K2 Basic &#8211; 110 bar"}]},{"@type":"WebSite","@id":"https:\/\/calzavara.ar\/#website","url":"https:\/\/calzavara.ar\/","name":"CALZAVARA","description":"Tienda Oficial CALZAVARA","publisher":{"@id":"https:\/\/calzavara.ar\/#organization"},"potentialAction":[{"@type":"SearchAction","target":{"@type":"EntryPoint","urlTemplate":"https:\/\/calzavara.ar\/?s={search_term_string}"},"query-input":{"@type":"PropertyValueSpecification","valueRequired":true,"valueName":"search_term_string"}}],"inLanguage":"es"},{"@type":"Organization","@id":"https:\/\/calzavara.ar\/#organization","name":"CALZAVARA","url":"https:\/\/calzavara.ar\/","logo":{"@type":"ImageObject","inLanguage":"es","@id":"https:\/\/calzavara.ar\/#\/schema\/logo\/image\/","url":"https:\/\/calzavara.ar\/wp-content\/uploads\/2025\/05\/CalzaLogoRedes.jpg","contentUrl":"https:\/\/calzavara.ar\/wp-content\/uploads\/2025\/05\/CalzaLogoRedes.jpg","width":640,"height":640,"caption":"CALZAVARA"},"image":{"@id":"https:\/\/calzavara.ar\/#\/schema\/logo\/image\/"},"sameAs":["https:\/\/www.facebook.com\/calzavarasrl","https:\/\/www.instagram.com\/calzavara_herrajes","https:\/\/www.linkedin.com\/company\/calzavara\/","https:\/\/www.youtube.com\/@calzavara3279"]}]}},"jetpack_sharing_enabled":true,"_links":{"self":[{"href":"https:\/\/calzavara.ar\/index.php\/wp-json\/wp\/v2\/product\/8462","targetHints":{"allow":["GET"]}}],"collection":[{"href":"https:\/\/calzavara.ar\/index.php\/wp-json\/wp\/v2\/product"}],"about":[{"href":"https:\/\/calzavara.ar\/index.php\/wp-json\/wp\/v2\/types\/product"}],"wp:featuredmedia":[{"embeddable":true,"href":"https:\/\/calzavara.ar\/index.php\/wp-json\/wp\/v2\/media\/8463"}],"wp:attachment":[{"href":"https:\/\/calzavara.ar\/index.php\/wp-json\/wp\/v2\/media?parent=8462"}],"wp:term":[{"taxonomy":"product_brand","embeddable":true,"href":"https:\/\/calzavara.ar\/index.php\/wp-json\/wp\/v2\/product_brand?post=8462"},{"taxonomy":"product_cat","embeddable":true,"href":"https:\/\/calzavara.ar\/index.php\/wp-json\/wp\/v2\/product_cat?post=8462"},{"taxonomy":"product_tag","embeddable":true,"href":"https:\/\/calzavara.ar\/index.php\/wp-json\/wp\/v2\/product_tag?post=8462"}],"curies":[{"name":"wp","href":"https:\/\/api.w.org\/{rel}","templated":true}]}}