{"id":8050,"date":"2021-06-10T14:30:03","date_gmt":"2021-06-10T17:30:03","guid":{"rendered":"https:\/\/calzavara.ar\/index.php\/producto\/manguera-espiral-para-compresor-de-15-metros-rosca-1-4\/"},"modified":"2026-01-19T08:41:54","modified_gmt":"2026-01-19T11:41:54","slug":"manguera-espiral-para-compresor-de-15-metros-rosca-1-4","status":"publish","type":"product","link":"https:\/\/calzavara.ar\/index.php\/producto\/manguera-espiral-para-compresor-de-15-metros-rosca-1-4\/","title":{"rendered":"Manguera Espiral para Compresor de 15 metros  Rosca ??"},"content":{"rendered":"<p>Manguera espiralada de 7,5 metros para compresores, ideal para el uso con todo tipo de herramienta neum\u00e1tica manual que no exceda los 200 psi de presi\u00f3n. Este tipo de manguera es altamente flexible y esta dise\u00f1ada para utilizar solo en longitud \u00fanica, no se pueden combinar.<\/p>\n<p>Caracter\u00edsticas<\/p>\n<p>&#8211; Marca: KLD<br \/>\n&#8211; Modelo: KLD3080<br \/>\n&#8211; Largo: 7,5 metros<br \/>\n&#8211; Rosca: 1\/4 pulgada<br \/>\n&#8211; Rosca macho &#8211; Rosca hembra<br \/>\n&#8211; Herrajes con resortes<\/p>\n","protected":false},"excerpt":{"rendered":"<p>Manguera espiralada de 7,5 metros para compresores, ideal para el uso con todo tipo de herramienta neum\u00e1tica manual que no<\/p>\n","protected":false},"featured_media":8049,"template":"","meta":[],"product_brand":[],"product_cat":[127],"product_tag":[638,637,639],"class_list":{"0":"post-8050","1":"product","2":"type-product","3":"status-publish","4":"has-post-thumbnail","6":"product_cat-herramientas-neumaticas","7":"product_tag-aire","8":"product_tag-compresor","9":"product_tag-comprimido","11":"first","12":"instock","13":"sale","14":"taxable","15":"shipping-taxable","16":"purchasable","17":"product-type-simple"},"yoast_head":"<!-- This site is optimized with the Yoast SEO plugin v27.2 - https:\/\/yoast.com\/product\/yoast-seo-wordpress\/ -->\n<title>Manguera Espiral para Compresor de 15 metros Rosca ?? - CALZAVARA<\/title>\n<meta name=\"robots\" content=\"index, follow, max-snippet:-1, max-image-preview:large, max-video-preview:-1\" \/>\n<link rel=\"canonical\" href=\"https:\/\/calzavara.ar\/index.php\/producto\/manguera-espiral-para-compresor-de-15-metros-rosca-1-4\/\" \/>\n<meta property=\"og:locale\" content=\"es_ES\" \/>\n<meta property=\"og:type\" content=\"article\" \/>\n<meta property=\"og:title\" content=\"Manguera Espiral para Compresor de 15 metros Rosca ?? - CALZAVARA\" \/>\n<meta property=\"og:description\" content=\"Manguera espiralada de 7,5 metros para compresores, ideal para el uso con todo tipo de herramienta neum\u00e1tica manual que no\" \/>\n<meta property=\"og:url\" content=\"https:\/\/calzavara.ar\/index.php\/producto\/manguera-espiral-para-compresor-de-15-metros-rosca-1-4\/\" \/>\n<meta property=\"og:site_name\" content=\"CALZAVARA\" \/>\n<meta property=\"article:publisher\" content=\"https:\/\/www.facebook.com\/calzavarasrl\" \/>\n<meta property=\"article:modified_time\" content=\"2026-01-19T11:41:54+00:00\" \/>\n<meta property=\"og:image\" content=\"https:\/\/calzavara.ar\/wp-content\/uploads\/2021\/06\/02408.jpg\" \/>\n\t<meta property=\"og:image:width\" content=\"1037\" \/>\n\t<meta property=\"og:image:height\" content=\"581\" \/>\n\t<meta property=\"og:image:type\" content=\"image\/jpeg\" \/>\n<meta name=\"twitter:card\" content=\"summary_large_image\" \/>\n<script type=\"application\/ld+json\" class=\"yoast-schema-graph\">{\"@context\":\"https:\/\/schema.org\",\"@graph\":[{\"@type\":\"WebPage\",\"@id\":\"https:\/\/calzavara.ar\/index.php\/producto\/manguera-espiral-para-compresor-de-15-metros-rosca-1-4\/\",\"url\":\"https:\/\/calzavara.ar\/index.php\/producto\/manguera-espiral-para-compresor-de-15-metros-rosca-1-4\/\",\"name\":\"Manguera Espiral para Compresor de 15 metros Rosca ?? - CALZAVARA\",\"isPartOf\":{\"@id\":\"https:\/\/calzavara.ar\/#website\"},\"primaryImageOfPage\":{\"@id\":\"https:\/\/calzavara.ar\/index.php\/producto\/manguera-espiral-para-compresor-de-15-metros-rosca-1-4\/#primaryimage\"},\"image\":{\"@id\":\"https:\/\/calzavara.ar\/index.php\/producto\/manguera-espiral-para-compresor-de-15-metros-rosca-1-4\/#primaryimage\"},\"thumbnailUrl\":\"https:\/\/calzavara.ar\/wp-content\/uploads\/2021\/06\/02408.jpg\",\"datePublished\":\"2021-06-10T17:30:03+00:00\",\"dateModified\":\"2026-01-19T11:41:54+00:00\",\"breadcrumb\":{\"@id\":\"https:\/\/calzavara.ar\/index.php\/producto\/manguera-espiral-para-compresor-de-15-metros-rosca-1-4\/#breadcrumb\"},\"inLanguage\":\"es\",\"potentialAction\":[{\"@type\":\"ReadAction\",\"target\":[\"https:\/\/calzavara.ar\/index.php\/producto\/manguera-espiral-para-compresor-de-15-metros-rosca-1-4\/\"]}]},{\"@type\":\"ImageObject\",\"inLanguage\":\"es\",\"@id\":\"https:\/\/calzavara.ar\/index.php\/producto\/manguera-espiral-para-compresor-de-15-metros-rosca-1-4\/#primaryimage\",\"url\":\"https:\/\/calzavara.ar\/wp-content\/uploads\/2021\/06\/02408.jpg\",\"contentUrl\":\"https:\/\/calzavara.ar\/wp-content\/uploads\/2021\/06\/02408.jpg\",\"width\":1037,\"height\":581},{\"@type\":\"BreadcrumbList\",\"@id\":\"https:\/\/calzavara.ar\/index.php\/producto\/manguera-espiral-para-compresor-de-15-metros-rosca-1-4\/#breadcrumb\",\"itemListElement\":[{\"@type\":\"ListItem\",\"position\":1,\"name\":\"Portada\",\"item\":\"https:\/\/calzavara.ar\/\"},{\"@type\":\"ListItem\",\"position\":2,\"name\":\"Tienda\",\"item\":\"https:\/\/calzavara.ar\/index.php\/tienda\/\"},{\"@type\":\"ListItem\",\"position\":3,\"name\":\"Manguera Espiral para Compresor de 15 metros Rosca ??\"}]},{\"@type\":\"WebSite\",\"@id\":\"https:\/\/calzavara.ar\/#website\",\"url\":\"https:\/\/calzavara.ar\/\",\"name\":\"CALZAVARA\",\"description\":\"Tienda Oficial CALZAVARA\",\"publisher\":{\"@id\":\"https:\/\/calzavara.ar\/#organization\"},\"potentialAction\":[{\"@type\":\"SearchAction\",\"target\":{\"@type\":\"EntryPoint\",\"urlTemplate\":\"https:\/\/calzavara.ar\/?s={search_term_string}\"},\"query-input\":{\"@type\":\"PropertyValueSpecification\",\"valueRequired\":true,\"valueName\":\"search_term_string\"}}],\"inLanguage\":\"es\"},{\"@type\":\"Organization\",\"@id\":\"https:\/\/calzavara.ar\/#organization\",\"name\":\"CALZAVARA\",\"url\":\"https:\/\/calzavara.ar\/\",\"logo\":{\"@type\":\"ImageObject\",\"inLanguage\":\"es\",\"@id\":\"https:\/\/calzavara.ar\/#\/schema\/logo\/image\/\",\"url\":\"https:\/\/calzavara.ar\/wp-content\/uploads\/2025\/05\/CalzaLogoRedes.jpg\",\"contentUrl\":\"https:\/\/calzavara.ar\/wp-content\/uploads\/2025\/05\/CalzaLogoRedes.jpg\",\"width\":640,\"height\":640,\"caption\":\"CALZAVARA\"},\"image\":{\"@id\":\"https:\/\/calzavara.ar\/#\/schema\/logo\/image\/\"},\"sameAs\":[\"https:\/\/www.facebook.com\/calzavarasrl\",\"https:\/\/www.instagram.com\/calzavara_herrajes\",\"https:\/\/www.linkedin.com\/company\/calzavara\/\",\"https:\/\/www.youtube.com\/@calzavara3279\"]}]}<\/script>\n<!-- \/ Yoast SEO plugin. -->","yoast_head_json":{"title":"Manguera Espiral para Compresor de 15 metros Rosca ?? - CALZAVARA","robots":{"index":"index","follow":"follow","max-snippet":"max-snippet:-1","max-image-preview":"max-image-preview:large","max-video-preview":"max-video-preview:-1"},"canonical":"https:\/\/calzavara.ar\/index.php\/producto\/manguera-espiral-para-compresor-de-15-metros-rosca-1-4\/","og_locale":"es_ES","og_type":"article","og_title":"Manguera Espiral para Compresor de 15 metros Rosca ?? - CALZAVARA","og_description":"Manguera espiralada de 7,5 metros para compresores, ideal para el uso con todo tipo de herramienta neum\u00e1tica manual que no","og_url":"https:\/\/calzavara.ar\/index.php\/producto\/manguera-espiral-para-compresor-de-15-metros-rosca-1-4\/","og_site_name":"CALZAVARA","article_publisher":"https:\/\/www.facebook.com\/calzavarasrl","article_modified_time":"2026-01-19T11:41:54+00:00","og_image":[{"width":1037,"height":581,"url":"https:\/\/calzavara.ar\/wp-content\/uploads\/2021\/06\/02408.jpg","type":"image\/jpeg"}],"twitter_card":"summary_large_image","schema":{"@context":"https:\/\/schema.org","@graph":[{"@type":"WebPage","@id":"https:\/\/calzavara.ar\/index.php\/producto\/manguera-espiral-para-compresor-de-15-metros-rosca-1-4\/","url":"https:\/\/calzavara.ar\/index.php\/producto\/manguera-espiral-para-compresor-de-15-metros-rosca-1-4\/","name":"Manguera Espiral para Compresor de 15 metros Rosca ?? - CALZAVARA","isPartOf":{"@id":"https:\/\/calzavara.ar\/#website"},"primaryImageOfPage":{"@id":"https:\/\/calzavara.ar\/index.php\/producto\/manguera-espiral-para-compresor-de-15-metros-rosca-1-4\/#primaryimage"},"image":{"@id":"https:\/\/calzavara.ar\/index.php\/producto\/manguera-espiral-para-compresor-de-15-metros-rosca-1-4\/#primaryimage"},"thumbnailUrl":"https:\/\/calzavara.ar\/wp-content\/uploads\/2021\/06\/02408.jpg","datePublished":"2021-06-10T17:30:03+00:00","dateModified":"2026-01-19T11:41:54+00:00","breadcrumb":{"@id":"https:\/\/calzavara.ar\/index.php\/producto\/manguera-espiral-para-compresor-de-15-metros-rosca-1-4\/#breadcrumb"},"inLanguage":"es","potentialAction":[{"@type":"ReadAction","target":["https:\/\/calzavara.ar\/index.php\/producto\/manguera-espiral-para-compresor-de-15-metros-rosca-1-4\/"]}]},{"@type":"ImageObject","inLanguage":"es","@id":"https:\/\/calzavara.ar\/index.php\/producto\/manguera-espiral-para-compresor-de-15-metros-rosca-1-4\/#primaryimage","url":"https:\/\/calzavara.ar\/wp-content\/uploads\/2021\/06\/02408.jpg","contentUrl":"https:\/\/calzavara.ar\/wp-content\/uploads\/2021\/06\/02408.jpg","width":1037,"height":581},{"@type":"BreadcrumbList","@id":"https:\/\/calzavara.ar\/index.php\/producto\/manguera-espiral-para-compresor-de-15-metros-rosca-1-4\/#breadcrumb","itemListElement":[{"@type":"ListItem","position":1,"name":"Portada","item":"https:\/\/calzavara.ar\/"},{"@type":"ListItem","position":2,"name":"Tienda","item":"https:\/\/calzavara.ar\/index.php\/tienda\/"},{"@type":"ListItem","position":3,"name":"Manguera Espiral para Compresor de 15 metros Rosca ??"}]},{"@type":"WebSite","@id":"https:\/\/calzavara.ar\/#website","url":"https:\/\/calzavara.ar\/","name":"CALZAVARA","description":"Tienda Oficial CALZAVARA","publisher":{"@id":"https:\/\/calzavara.ar\/#organization"},"potentialAction":[{"@type":"SearchAction","target":{"@type":"EntryPoint","urlTemplate":"https:\/\/calzavara.ar\/?s={search_term_string}"},"query-input":{"@type":"PropertyValueSpecification","valueRequired":true,"valueName":"search_term_string"}}],"inLanguage":"es"},{"@type":"Organization","@id":"https:\/\/calzavara.ar\/#organization","name":"CALZAVARA","url":"https:\/\/calzavara.ar\/","logo":{"@type":"ImageObject","inLanguage":"es","@id":"https:\/\/calzavara.ar\/#\/schema\/logo\/image\/","url":"https:\/\/calzavara.ar\/wp-content\/uploads\/2025\/05\/CalzaLogoRedes.jpg","contentUrl":"https:\/\/calzavara.ar\/wp-content\/uploads\/2025\/05\/CalzaLogoRedes.jpg","width":640,"height":640,"caption":"CALZAVARA"},"image":{"@id":"https:\/\/calzavara.ar\/#\/schema\/logo\/image\/"},"sameAs":["https:\/\/www.facebook.com\/calzavarasrl","https:\/\/www.instagram.com\/calzavara_herrajes","https:\/\/www.linkedin.com\/company\/calzavara\/","https:\/\/www.youtube.com\/@calzavara3279"]}]}},"jetpack_sharing_enabled":true,"_links":{"self":[{"href":"https:\/\/calzavara.ar\/index.php\/wp-json\/wp\/v2\/product\/8050","targetHints":{"allow":["GET"]}}],"collection":[{"href":"https:\/\/calzavara.ar\/index.php\/wp-json\/wp\/v2\/product"}],"about":[{"href":"https:\/\/calzavara.ar\/index.php\/wp-json\/wp\/v2\/types\/product"}],"wp:featuredmedia":[{"embeddable":true,"href":"https:\/\/calzavara.ar\/index.php\/wp-json\/wp\/v2\/media\/8049"}],"wp:attachment":[{"href":"https:\/\/calzavara.ar\/index.php\/wp-json\/wp\/v2\/media?parent=8050"}],"wp:term":[{"taxonomy":"product_brand","embeddable":true,"href":"https:\/\/calzavara.ar\/index.php\/wp-json\/wp\/v2\/product_brand?post=8050"},{"taxonomy":"product_cat","embeddable":true,"href":"https:\/\/calzavara.ar\/index.php\/wp-json\/wp\/v2\/product_cat?post=8050"},{"taxonomy":"product_tag","embeddable":true,"href":"https:\/\/calzavara.ar\/index.php\/wp-json\/wp\/v2\/product_tag?post=8050"}],"curies":[{"name":"wp","href":"https:\/\/api.w.org\/{rel}","templated":true}]}}