{"id":7667,"date":"2021-05-03T11:13:56","date_gmt":"2021-05-03T14:13:56","guid":{"rendered":"https:\/\/calzavara.ar\/index.php\/producto\/aerosol-rust-oleum-chalked-gris-campestre-02593\/"},"modified":"2026-01-19T08:41:40","modified_gmt":"2026-01-19T11:41:40","slug":"aerosol-rust-oleum-chalked-gris-campestre-02593","status":"publish","type":"product","link":"https:\/\/calzavara.ar\/index.php\/producto\/aerosol-rust-oleum-chalked-gris-campestre-02593\/","title":{"rendered":"Aerosol Rust Oleum Chalked Gris Campestre 02593"},"content":{"rendered":"<p>Rust-Oleum\u00ae Chalked Pintura Tizada para Muebles es una pintura muy f\u00e1cil de usar que deja un acabado tizado ultra mate y posee una excelente adherencia y cobertura.<br \/>\nEs ideal para transformar y rejuvenecer muebles y objetos de decoraci\u00f3n. Cubre en una sola capa sin necesidad de preparaci\u00f3n o imprimaci\u00f3n previa en la mayor\u00eda de las superficies. Se puede dejar como acabado final o desgastar para darle un look vintage al objeto pintado.<br \/>\nSe puede usar sobre madera, metal, cer\u00e1mica, vidrio, lona y otras superficies. Algunos pl\u00e1sticos hechos de polietileno, se fabrican de una manera que puede dificultar la adhesi\u00f3n de la pintura. Pruebe el producto en un \u00e1rea poco notoria para saber si es compatible con la superficie. No use el producto sobre metales galvanizados.<\/p>\n<p>&#8211;    Listo para usar<br \/>\n&#8211;    Secado r\u00e1pido<br \/>\n&#8211;    Gran poder cubritivo<br \/>\n&#8211;    Deja un acabado tizado aterciopelado<br \/>\n&#8211;    Puede aplicarse sobre madera, metal, mimbre, cer\u00e1mica, vidrio, \u00a1y m\u00e1s!<\/p>\n","protected":false},"excerpt":{"rendered":"<p>Rust-Oleum\u00ae Chalked Pintura Tizada para Muebles es una pintura muy f\u00e1cil de usar que deja un acabado tizado ultra mate<\/p>\n","protected":false},"featured_media":7666,"template":"","meta":[],"product_brand":[],"product_cat":[142,141],"product_tag":[517],"class_list":{"0":"post-7667","1":"product","2":"type-product","3":"status-publish","4":"has-post-thumbnail","6":"product_cat-aerosoles","7":"product_cat-pinturas","8":"product_tag-deco-decoracion-pintura-aerosol-esmalte-sintetico-bricolaje","10":"first","11":"outofstock","12":"sale","13":"taxable","14":"shipping-taxable","15":"purchasable","16":"product-type-simple"},"yoast_head":"<!-- This site is optimized with the Yoast SEO plugin v27.3 - https:\/\/yoast.com\/product\/yoast-seo-wordpress\/ -->\n<title>Aerosol Rust Oleum Chalked Gris Campestre 02593 - CALZAVARA<\/title>\n<meta name=\"robots\" content=\"index, follow, max-snippet:-1, max-image-preview:large, max-video-preview:-1\" \/>\n<link rel=\"canonical\" href=\"https:\/\/calzavara.ar\/index.php\/producto\/aerosol-rust-oleum-chalked-gris-campestre-02593\/\" \/>\n<meta property=\"og:locale\" content=\"es_ES\" \/>\n<meta property=\"og:type\" content=\"article\" \/>\n<meta property=\"og:title\" content=\"Aerosol Rust Oleum Chalked Gris Campestre 02593 - CALZAVARA\" \/>\n<meta property=\"og:description\" content=\"Rust-Oleum\u00ae Chalked Pintura Tizada para Muebles es una pintura muy f\u00e1cil de usar que deja un acabado tizado ultra mate\" \/>\n<meta property=\"og:url\" content=\"https:\/\/calzavara.ar\/index.php\/producto\/aerosol-rust-oleum-chalked-gris-campestre-02593\/\" \/>\n<meta property=\"og:site_name\" content=\"CALZAVARA\" \/>\n<meta property=\"article:publisher\" content=\"https:\/\/www.facebook.com\/calzavarasrl\" \/>\n<meta property=\"article:modified_time\" content=\"2026-01-19T11:41:40+00:00\" \/>\n<meta property=\"og:image\" content=\"https:\/\/calzavara.ar\/wp-content\/uploads\/2021\/05\/67803.png\" \/>\n\t<meta property=\"og:image:width\" content=\"1200\" \/>\n\t<meta property=\"og:image:height\" content=\"900\" \/>\n\t<meta property=\"og:image:type\" content=\"image\/png\" \/>\n<meta name=\"twitter:card\" content=\"summary_large_image\" \/>\n<meta name=\"twitter:label1\" content=\"Tiempo de lectura\" \/>\n\t<meta name=\"twitter:data1\" content=\"1 minuto\" \/>\n<script type=\"application\/ld+json\" class=\"yoast-schema-graph\">{\"@context\":\"https:\\\/\\\/schema.org\",\"@graph\":[{\"@type\":\"WebPage\",\"@id\":\"https:\\\/\\\/calzavara.ar\\\/index.php\\\/producto\\\/aerosol-rust-oleum-chalked-gris-campestre-02593\\\/\",\"url\":\"https:\\\/\\\/calzavara.ar\\\/index.php\\\/producto\\\/aerosol-rust-oleum-chalked-gris-campestre-02593\\\/\",\"name\":\"Aerosol Rust Oleum Chalked Gris Campestre 02593 - CALZAVARA\",\"isPartOf\":{\"@id\":\"https:\\\/\\\/calzavara.ar\\\/#website\"},\"primaryImageOfPage\":{\"@id\":\"https:\\\/\\\/calzavara.ar\\\/index.php\\\/producto\\\/aerosol-rust-oleum-chalked-gris-campestre-02593\\\/#primaryimage\"},\"image\":{\"@id\":\"https:\\\/\\\/calzavara.ar\\\/index.php\\\/producto\\\/aerosol-rust-oleum-chalked-gris-campestre-02593\\\/#primaryimage\"},\"thumbnailUrl\":\"https:\\\/\\\/calzavara.ar\\\/wp-content\\\/uploads\\\/2021\\\/05\\\/67803.png\",\"datePublished\":\"2021-05-03T14:13:56+00:00\",\"dateModified\":\"2026-01-19T11:41:40+00:00\",\"breadcrumb\":{\"@id\":\"https:\\\/\\\/calzavara.ar\\\/index.php\\\/producto\\\/aerosol-rust-oleum-chalked-gris-campestre-02593\\\/#breadcrumb\"},\"inLanguage\":\"es\",\"potentialAction\":[{\"@type\":\"ReadAction\",\"target\":[\"https:\\\/\\\/calzavara.ar\\\/index.php\\\/producto\\\/aerosol-rust-oleum-chalked-gris-campestre-02593\\\/\"]}]},{\"@type\":\"ImageObject\",\"inLanguage\":\"es\",\"@id\":\"https:\\\/\\\/calzavara.ar\\\/index.php\\\/producto\\\/aerosol-rust-oleum-chalked-gris-campestre-02593\\\/#primaryimage\",\"url\":\"https:\\\/\\\/calzavara.ar\\\/wp-content\\\/uploads\\\/2021\\\/05\\\/67803.png\",\"contentUrl\":\"https:\\\/\\\/calzavara.ar\\\/wp-content\\\/uploads\\\/2021\\\/05\\\/67803.png\",\"width\":1200,\"height\":900},{\"@type\":\"BreadcrumbList\",\"@id\":\"https:\\\/\\\/calzavara.ar\\\/index.php\\\/producto\\\/aerosol-rust-oleum-chalked-gris-campestre-02593\\\/#breadcrumb\",\"itemListElement\":[{\"@type\":\"ListItem\",\"position\":1,\"name\":\"Portada\",\"item\":\"https:\\\/\\\/calzavara.ar\\\/\"},{\"@type\":\"ListItem\",\"position\":2,\"name\":\"Tienda\",\"item\":\"https:\\\/\\\/calzavara.ar\\\/index.php\\\/tienda\\\/\"},{\"@type\":\"ListItem\",\"position\":3,\"name\":\"Aerosol Rust Oleum Chalked Gris Campestre 02593\"}]},{\"@type\":\"WebSite\",\"@id\":\"https:\\\/\\\/calzavara.ar\\\/#website\",\"url\":\"https:\\\/\\\/calzavara.ar\\\/\",\"name\":\"CALZAVARA\",\"description\":\"Tienda Oficial CALZAVARA\",\"publisher\":{\"@id\":\"https:\\\/\\\/calzavara.ar\\\/#organization\"},\"potentialAction\":[{\"@type\":\"SearchAction\",\"target\":{\"@type\":\"EntryPoint\",\"urlTemplate\":\"https:\\\/\\\/calzavara.ar\\\/?s={search_term_string}\"},\"query-input\":{\"@type\":\"PropertyValueSpecification\",\"valueRequired\":true,\"valueName\":\"search_term_string\"}}],\"inLanguage\":\"es\"},{\"@type\":\"Organization\",\"@id\":\"https:\\\/\\\/calzavara.ar\\\/#organization\",\"name\":\"CALZAVARA\",\"url\":\"https:\\\/\\\/calzavara.ar\\\/\",\"logo\":{\"@type\":\"ImageObject\",\"inLanguage\":\"es\",\"@id\":\"https:\\\/\\\/calzavara.ar\\\/#\\\/schema\\\/logo\\\/image\\\/\",\"url\":\"https:\\\/\\\/calzavara.ar\\\/wp-content\\\/uploads\\\/2025\\\/05\\\/CalzaLogoRedes.jpg\",\"contentUrl\":\"https:\\\/\\\/calzavara.ar\\\/wp-content\\\/uploads\\\/2025\\\/05\\\/CalzaLogoRedes.jpg\",\"width\":640,\"height\":640,\"caption\":\"CALZAVARA\"},\"image\":{\"@id\":\"https:\\\/\\\/calzavara.ar\\\/#\\\/schema\\\/logo\\\/image\\\/\"},\"sameAs\":[\"https:\\\/\\\/www.facebook.com\\\/calzavarasrl\",\"https:\\\/\\\/www.instagram.com\\\/calzavara_herrajes\",\"https:\\\/\\\/www.linkedin.com\\\/company\\\/calzavara\\\/\",\"https:\\\/\\\/www.youtube.com\\\/@calzavara3279\"]}]}<\/script>\n<!-- \/ Yoast SEO plugin. -->","yoast_head_json":{"title":"Aerosol Rust Oleum Chalked Gris Campestre 02593 - CALZAVARA","robots":{"index":"index","follow":"follow","max-snippet":"max-snippet:-1","max-image-preview":"max-image-preview:large","max-video-preview":"max-video-preview:-1"},"canonical":"https:\/\/calzavara.ar\/index.php\/producto\/aerosol-rust-oleum-chalked-gris-campestre-02593\/","og_locale":"es_ES","og_type":"article","og_title":"Aerosol Rust Oleum Chalked Gris Campestre 02593 - CALZAVARA","og_description":"Rust-Oleum\u00ae Chalked Pintura Tizada para Muebles es una pintura muy f\u00e1cil de usar que deja un acabado tizado ultra mate","og_url":"https:\/\/calzavara.ar\/index.php\/producto\/aerosol-rust-oleum-chalked-gris-campestre-02593\/","og_site_name":"CALZAVARA","article_publisher":"https:\/\/www.facebook.com\/calzavarasrl","article_modified_time":"2026-01-19T11:41:40+00:00","og_image":[{"width":1200,"height":900,"url":"https:\/\/calzavara.ar\/wp-content\/uploads\/2021\/05\/67803.png","type":"image\/png"}],"twitter_card":"summary_large_image","twitter_misc":{"Tiempo de lectura":"1 minuto"},"schema":{"@context":"https:\/\/schema.org","@graph":[{"@type":"WebPage","@id":"https:\/\/calzavara.ar\/index.php\/producto\/aerosol-rust-oleum-chalked-gris-campestre-02593\/","url":"https:\/\/calzavara.ar\/index.php\/producto\/aerosol-rust-oleum-chalked-gris-campestre-02593\/","name":"Aerosol Rust Oleum Chalked Gris Campestre 02593 - CALZAVARA","isPartOf":{"@id":"https:\/\/calzavara.ar\/#website"},"primaryImageOfPage":{"@id":"https:\/\/calzavara.ar\/index.php\/producto\/aerosol-rust-oleum-chalked-gris-campestre-02593\/#primaryimage"},"image":{"@id":"https:\/\/calzavara.ar\/index.php\/producto\/aerosol-rust-oleum-chalked-gris-campestre-02593\/#primaryimage"},"thumbnailUrl":"https:\/\/calzavara.ar\/wp-content\/uploads\/2021\/05\/67803.png","datePublished":"2021-05-03T14:13:56+00:00","dateModified":"2026-01-19T11:41:40+00:00","breadcrumb":{"@id":"https:\/\/calzavara.ar\/index.php\/producto\/aerosol-rust-oleum-chalked-gris-campestre-02593\/#breadcrumb"},"inLanguage":"es","potentialAction":[{"@type":"ReadAction","target":["https:\/\/calzavara.ar\/index.php\/producto\/aerosol-rust-oleum-chalked-gris-campestre-02593\/"]}]},{"@type":"ImageObject","inLanguage":"es","@id":"https:\/\/calzavara.ar\/index.php\/producto\/aerosol-rust-oleum-chalked-gris-campestre-02593\/#primaryimage","url":"https:\/\/calzavara.ar\/wp-content\/uploads\/2021\/05\/67803.png","contentUrl":"https:\/\/calzavara.ar\/wp-content\/uploads\/2021\/05\/67803.png","width":1200,"height":900},{"@type":"BreadcrumbList","@id":"https:\/\/calzavara.ar\/index.php\/producto\/aerosol-rust-oleum-chalked-gris-campestre-02593\/#breadcrumb","itemListElement":[{"@type":"ListItem","position":1,"name":"Portada","item":"https:\/\/calzavara.ar\/"},{"@type":"ListItem","position":2,"name":"Tienda","item":"https:\/\/calzavara.ar\/index.php\/tienda\/"},{"@type":"ListItem","position":3,"name":"Aerosol Rust Oleum Chalked Gris Campestre 02593"}]},{"@type":"WebSite","@id":"https:\/\/calzavara.ar\/#website","url":"https:\/\/calzavara.ar\/","name":"CALZAVARA","description":"Tienda Oficial CALZAVARA","publisher":{"@id":"https:\/\/calzavara.ar\/#organization"},"potentialAction":[{"@type":"SearchAction","target":{"@type":"EntryPoint","urlTemplate":"https:\/\/calzavara.ar\/?s={search_term_string}"},"query-input":{"@type":"PropertyValueSpecification","valueRequired":true,"valueName":"search_term_string"}}],"inLanguage":"es"},{"@type":"Organization","@id":"https:\/\/calzavara.ar\/#organization","name":"CALZAVARA","url":"https:\/\/calzavara.ar\/","logo":{"@type":"ImageObject","inLanguage":"es","@id":"https:\/\/calzavara.ar\/#\/schema\/logo\/image\/","url":"https:\/\/calzavara.ar\/wp-content\/uploads\/2025\/05\/CalzaLogoRedes.jpg","contentUrl":"https:\/\/calzavara.ar\/wp-content\/uploads\/2025\/05\/CalzaLogoRedes.jpg","width":640,"height":640,"caption":"CALZAVARA"},"image":{"@id":"https:\/\/calzavara.ar\/#\/schema\/logo\/image\/"},"sameAs":["https:\/\/www.facebook.com\/calzavarasrl","https:\/\/www.instagram.com\/calzavara_herrajes","https:\/\/www.linkedin.com\/company\/calzavara\/","https:\/\/www.youtube.com\/@calzavara3279"]}]}},"jetpack_sharing_enabled":true,"_links":{"self":[{"href":"https:\/\/calzavara.ar\/index.php\/wp-json\/wp\/v2\/product\/7667","targetHints":{"allow":["GET"]}}],"collection":[{"href":"https:\/\/calzavara.ar\/index.php\/wp-json\/wp\/v2\/product"}],"about":[{"href":"https:\/\/calzavara.ar\/index.php\/wp-json\/wp\/v2\/types\/product"}],"wp:featuredmedia":[{"embeddable":true,"href":"https:\/\/calzavara.ar\/index.php\/wp-json\/wp\/v2\/media\/7666"}],"wp:attachment":[{"href":"https:\/\/calzavara.ar\/index.php\/wp-json\/wp\/v2\/media?parent=7667"}],"wp:term":[{"taxonomy":"product_brand","embeddable":true,"href":"https:\/\/calzavara.ar\/index.php\/wp-json\/wp\/v2\/product_brand?post=7667"},{"taxonomy":"product_cat","embeddable":true,"href":"https:\/\/calzavara.ar\/index.php\/wp-json\/wp\/v2\/product_cat?post=7667"},{"taxonomy":"product_tag","embeddable":true,"href":"https:\/\/calzavara.ar\/index.php\/wp-json\/wp\/v2\/product_tag?post=7667"}],"curies":[{"name":"wp","href":"https:\/\/api.w.org\/{rel}","templated":true}]}}