{"id":7595,"date":"2021-05-03T11:12:15","date_gmt":"2021-05-03T14:12:15","guid":{"rendered":"https:\/\/calzavara.ar\/index.php\/producto\/aerosol-wd-40-lubricante-seco-226g\/"},"modified":"2026-01-19T08:41:36","modified_gmt":"2026-01-19T11:41:36","slug":"aerosol-wd-40-lubricante-seco-226g","status":"publish","type":"product","link":"https:\/\/calzavara.ar\/index.php\/producto\/aerosol-wd-40-lubricante-seco-226g\/","title":{"rendered":"Aerosol WD40 Lubricante Seco 226g"},"content":{"rendered":"<p>Videos<br \/>\nCompra ahora<br \/>\nDescargar Hojas de seguridad<br \/>\nDescargar Fichas T\u00e9cnicas<\/p>\n<p>Un lubricante seco que mantiene su equipo funcionando sin problemas con una protecci\u00f3n contra la corrosi\u00f3n de larga duraci\u00f3n que no atrae suciedad, polvo o aceite.<\/p>\n<p>WD-40 Specialist Dry Lube con PTFE proporciona una lubricaci\u00f3n superior y una protecci\u00f3n contra la corrosi\u00f3n de larga duraci\u00f3n sin residuos aceitosos. Se utiliza mejor donde se requiere limpieza y m\u00e1ximo rendimiento, ya que se seca r\u00e1pidamente dejando una pel\u00edcula lubricante que resiste la acumulaci\u00f3n de suciedad, polvo y aceite. Excelente para reducir la fricci\u00f3n y el desgaste en hojas y brocas, rieles de puertas y ventanas, gu\u00edas, cintas transportadoras, rodillos, bisagras, sierras de mesa, tornos, herramientas y equipos el\u00e9ctricos. Efectivo en temperaturas que van desde -50 \u00b0 F a 500 \u00b0 F. <\/p>\n<p>CARACTER\u00cdSTICAS<\/p>\n<p>&#8211;   F\u00f3rmula PTFE, reduce la fricci\u00f3n y desgaste, mejora el rendimiento<br \/>\n&#8211;   Resiste contra la acumulaci\u00f3n de polvo, aceite y suciedad<br \/>\n&#8211;   Categor\u00eda NSF H2 #146856<br \/>\n&#8211;   Rango de temperatura de trabajo -45.56\u00b0C a 260 \u00b0C<\/p>\n<p>Usos<\/p>\n<p>&#8211;   Cuchillas, brocas, postas, toboganes<br \/>\n&#8211;   Poleas bisagras, piezas de m\u00e1quinas, interruptores<br \/>\n&#8211;   Cintas transportadoras, rodillos, sierras de mesa<br \/>\n&#8211;   Taladros, tornos y otras herramientas<br \/>\n&#8211;   Equipos el\u00e9ctricos<\/p>\n","protected":false},"excerpt":{"rendered":"<p>Videos Compra ahora Descargar Hojas de seguridad Descargar Fichas T\u00e9cnicas Un lubricante seco que mantiene su equipo funcionando sin problemas<\/p>\n","protected":false},"featured_media":7594,"template":"","meta":[],"product_brand":[],"product_cat":[142,545],"product_tag":[548],"class_list":{"0":"post-7595","1":"product","2":"type-product","3":"status-publish","4":"has-post-thumbnail","6":"product_cat-aerosoles","7":"product_cat-lubricantes","8":"product_tag-aceite-lubricacion-seco-lubricante-limpieza-mantenimiento","10":"first","11":"outofstock","12":"sale","13":"taxable","14":"shipping-taxable","15":"purchasable","16":"product-type-simple"},"yoast_head":"<!-- This site is optimized with the Yoast SEO plugin v27.3 - https:\/\/yoast.com\/product\/yoast-seo-wordpress\/ -->\n<title>Aerosol WD40 Lubricante Seco 226g - CALZAVARA<\/title>\n<meta name=\"robots\" content=\"index, follow, max-snippet:-1, max-image-preview:large, max-video-preview:-1\" \/>\n<link rel=\"canonical\" href=\"https:\/\/calzavara.ar\/index.php\/producto\/aerosol-wd-40-lubricante-seco-226g\/\" \/>\n<meta property=\"og:locale\" content=\"es_ES\" \/>\n<meta property=\"og:type\" content=\"article\" \/>\n<meta property=\"og:title\" content=\"Aerosol WD40 Lubricante Seco 226g - CALZAVARA\" \/>\n<meta property=\"og:description\" content=\"Videos Compra ahora Descargar Hojas de seguridad Descargar Fichas T\u00e9cnicas Un lubricante seco que mantiene su equipo funcionando sin problemas\" \/>\n<meta property=\"og:url\" content=\"https:\/\/calzavara.ar\/index.php\/producto\/aerosol-wd-40-lubricante-seco-226g\/\" \/>\n<meta property=\"og:site_name\" content=\"CALZAVARA\" \/>\n<meta property=\"article:publisher\" content=\"https:\/\/www.facebook.com\/calzavarasrl\" \/>\n<meta property=\"article:modified_time\" content=\"2026-01-19T11:41:36+00:00\" \/>\n<meta property=\"og:image\" content=\"https:\/\/calzavara.ar\/wp-content\/uploads\/2021\/05\/23895.png\" \/>\n\t<meta property=\"og:image:width\" content=\"1000\" \/>\n\t<meta property=\"og:image:height\" content=\"1000\" \/>\n\t<meta property=\"og:image:type\" content=\"image\/png\" \/>\n<meta name=\"twitter:card\" content=\"summary_large_image\" \/>\n<meta name=\"twitter:label1\" content=\"Tiempo de lectura\" \/>\n\t<meta name=\"twitter:data1\" content=\"1 minuto\" \/>\n<script type=\"application\/ld+json\" class=\"yoast-schema-graph\">{\"@context\":\"https:\\\/\\\/schema.org\",\"@graph\":[{\"@type\":\"WebPage\",\"@id\":\"https:\\\/\\\/calzavara.ar\\\/index.php\\\/producto\\\/aerosol-wd-40-lubricante-seco-226g\\\/\",\"url\":\"https:\\\/\\\/calzavara.ar\\\/index.php\\\/producto\\\/aerosol-wd-40-lubricante-seco-226g\\\/\",\"name\":\"Aerosol WD40 Lubricante Seco 226g - CALZAVARA\",\"isPartOf\":{\"@id\":\"https:\\\/\\\/calzavara.ar\\\/#website\"},\"primaryImageOfPage\":{\"@id\":\"https:\\\/\\\/calzavara.ar\\\/index.php\\\/producto\\\/aerosol-wd-40-lubricante-seco-226g\\\/#primaryimage\"},\"image\":{\"@id\":\"https:\\\/\\\/calzavara.ar\\\/index.php\\\/producto\\\/aerosol-wd-40-lubricante-seco-226g\\\/#primaryimage\"},\"thumbnailUrl\":\"https:\\\/\\\/calzavara.ar\\\/wp-content\\\/uploads\\\/2021\\\/05\\\/23895.png\",\"datePublished\":\"2021-05-03T14:12:15+00:00\",\"dateModified\":\"2026-01-19T11:41:36+00:00\",\"breadcrumb\":{\"@id\":\"https:\\\/\\\/calzavara.ar\\\/index.php\\\/producto\\\/aerosol-wd-40-lubricante-seco-226g\\\/#breadcrumb\"},\"inLanguage\":\"es\",\"potentialAction\":[{\"@type\":\"ReadAction\",\"target\":[\"https:\\\/\\\/calzavara.ar\\\/index.php\\\/producto\\\/aerosol-wd-40-lubricante-seco-226g\\\/\"]}]},{\"@type\":\"ImageObject\",\"inLanguage\":\"es\",\"@id\":\"https:\\\/\\\/calzavara.ar\\\/index.php\\\/producto\\\/aerosol-wd-40-lubricante-seco-226g\\\/#primaryimage\",\"url\":\"https:\\\/\\\/calzavara.ar\\\/wp-content\\\/uploads\\\/2021\\\/05\\\/23895.png\",\"contentUrl\":\"https:\\\/\\\/calzavara.ar\\\/wp-content\\\/uploads\\\/2021\\\/05\\\/23895.png\",\"width\":1000,\"height\":1000},{\"@type\":\"BreadcrumbList\",\"@id\":\"https:\\\/\\\/calzavara.ar\\\/index.php\\\/producto\\\/aerosol-wd-40-lubricante-seco-226g\\\/#breadcrumb\",\"itemListElement\":[{\"@type\":\"ListItem\",\"position\":1,\"name\":\"Portada\",\"item\":\"https:\\\/\\\/calzavara.ar\\\/\"},{\"@type\":\"ListItem\",\"position\":2,\"name\":\"Tienda\",\"item\":\"https:\\\/\\\/calzavara.ar\\\/index.php\\\/tienda\\\/\"},{\"@type\":\"ListItem\",\"position\":3,\"name\":\"Aerosol WD40 Lubricante Seco 226g\"}]},{\"@type\":\"WebSite\",\"@id\":\"https:\\\/\\\/calzavara.ar\\\/#website\",\"url\":\"https:\\\/\\\/calzavara.ar\\\/\",\"name\":\"CALZAVARA\",\"description\":\"Tienda Oficial CALZAVARA\",\"publisher\":{\"@id\":\"https:\\\/\\\/calzavara.ar\\\/#organization\"},\"potentialAction\":[{\"@type\":\"SearchAction\",\"target\":{\"@type\":\"EntryPoint\",\"urlTemplate\":\"https:\\\/\\\/calzavara.ar\\\/?s={search_term_string}\"},\"query-input\":{\"@type\":\"PropertyValueSpecification\",\"valueRequired\":true,\"valueName\":\"search_term_string\"}}],\"inLanguage\":\"es\"},{\"@type\":\"Organization\",\"@id\":\"https:\\\/\\\/calzavara.ar\\\/#organization\",\"name\":\"CALZAVARA\",\"url\":\"https:\\\/\\\/calzavara.ar\\\/\",\"logo\":{\"@type\":\"ImageObject\",\"inLanguage\":\"es\",\"@id\":\"https:\\\/\\\/calzavara.ar\\\/#\\\/schema\\\/logo\\\/image\\\/\",\"url\":\"https:\\\/\\\/calzavara.ar\\\/wp-content\\\/uploads\\\/2025\\\/05\\\/CalzaLogoRedes.jpg\",\"contentUrl\":\"https:\\\/\\\/calzavara.ar\\\/wp-content\\\/uploads\\\/2025\\\/05\\\/CalzaLogoRedes.jpg\",\"width\":640,\"height\":640,\"caption\":\"CALZAVARA\"},\"image\":{\"@id\":\"https:\\\/\\\/calzavara.ar\\\/#\\\/schema\\\/logo\\\/image\\\/\"},\"sameAs\":[\"https:\\\/\\\/www.facebook.com\\\/calzavarasrl\",\"https:\\\/\\\/www.instagram.com\\\/calzavara_herrajes\",\"https:\\\/\\\/www.linkedin.com\\\/company\\\/calzavara\\\/\",\"https:\\\/\\\/www.youtube.com\\\/@calzavara3279\"]}]}<\/script>\n<!-- \/ Yoast SEO plugin. -->","yoast_head_json":{"title":"Aerosol WD40 Lubricante Seco 226g - CALZAVARA","robots":{"index":"index","follow":"follow","max-snippet":"max-snippet:-1","max-image-preview":"max-image-preview:large","max-video-preview":"max-video-preview:-1"},"canonical":"https:\/\/calzavara.ar\/index.php\/producto\/aerosol-wd-40-lubricante-seco-226g\/","og_locale":"es_ES","og_type":"article","og_title":"Aerosol WD40 Lubricante Seco 226g - CALZAVARA","og_description":"Videos Compra ahora Descargar Hojas de seguridad Descargar Fichas T\u00e9cnicas Un lubricante seco que mantiene su equipo funcionando sin problemas","og_url":"https:\/\/calzavara.ar\/index.php\/producto\/aerosol-wd-40-lubricante-seco-226g\/","og_site_name":"CALZAVARA","article_publisher":"https:\/\/www.facebook.com\/calzavarasrl","article_modified_time":"2026-01-19T11:41:36+00:00","og_image":[{"width":1000,"height":1000,"url":"https:\/\/calzavara.ar\/wp-content\/uploads\/2021\/05\/23895.png","type":"image\/png"}],"twitter_card":"summary_large_image","twitter_misc":{"Tiempo de lectura":"1 minuto"},"schema":{"@context":"https:\/\/schema.org","@graph":[{"@type":"WebPage","@id":"https:\/\/calzavara.ar\/index.php\/producto\/aerosol-wd-40-lubricante-seco-226g\/","url":"https:\/\/calzavara.ar\/index.php\/producto\/aerosol-wd-40-lubricante-seco-226g\/","name":"Aerosol WD40 Lubricante Seco 226g - CALZAVARA","isPartOf":{"@id":"https:\/\/calzavara.ar\/#website"},"primaryImageOfPage":{"@id":"https:\/\/calzavara.ar\/index.php\/producto\/aerosol-wd-40-lubricante-seco-226g\/#primaryimage"},"image":{"@id":"https:\/\/calzavara.ar\/index.php\/producto\/aerosol-wd-40-lubricante-seco-226g\/#primaryimage"},"thumbnailUrl":"https:\/\/calzavara.ar\/wp-content\/uploads\/2021\/05\/23895.png","datePublished":"2021-05-03T14:12:15+00:00","dateModified":"2026-01-19T11:41:36+00:00","breadcrumb":{"@id":"https:\/\/calzavara.ar\/index.php\/producto\/aerosol-wd-40-lubricante-seco-226g\/#breadcrumb"},"inLanguage":"es","potentialAction":[{"@type":"ReadAction","target":["https:\/\/calzavara.ar\/index.php\/producto\/aerosol-wd-40-lubricante-seco-226g\/"]}]},{"@type":"ImageObject","inLanguage":"es","@id":"https:\/\/calzavara.ar\/index.php\/producto\/aerosol-wd-40-lubricante-seco-226g\/#primaryimage","url":"https:\/\/calzavara.ar\/wp-content\/uploads\/2021\/05\/23895.png","contentUrl":"https:\/\/calzavara.ar\/wp-content\/uploads\/2021\/05\/23895.png","width":1000,"height":1000},{"@type":"BreadcrumbList","@id":"https:\/\/calzavara.ar\/index.php\/producto\/aerosol-wd-40-lubricante-seco-226g\/#breadcrumb","itemListElement":[{"@type":"ListItem","position":1,"name":"Portada","item":"https:\/\/calzavara.ar\/"},{"@type":"ListItem","position":2,"name":"Tienda","item":"https:\/\/calzavara.ar\/index.php\/tienda\/"},{"@type":"ListItem","position":3,"name":"Aerosol WD40 Lubricante Seco 226g"}]},{"@type":"WebSite","@id":"https:\/\/calzavara.ar\/#website","url":"https:\/\/calzavara.ar\/","name":"CALZAVARA","description":"Tienda Oficial CALZAVARA","publisher":{"@id":"https:\/\/calzavara.ar\/#organization"},"potentialAction":[{"@type":"SearchAction","target":{"@type":"EntryPoint","urlTemplate":"https:\/\/calzavara.ar\/?s={search_term_string}"},"query-input":{"@type":"PropertyValueSpecification","valueRequired":true,"valueName":"search_term_string"}}],"inLanguage":"es"},{"@type":"Organization","@id":"https:\/\/calzavara.ar\/#organization","name":"CALZAVARA","url":"https:\/\/calzavara.ar\/","logo":{"@type":"ImageObject","inLanguage":"es","@id":"https:\/\/calzavara.ar\/#\/schema\/logo\/image\/","url":"https:\/\/calzavara.ar\/wp-content\/uploads\/2025\/05\/CalzaLogoRedes.jpg","contentUrl":"https:\/\/calzavara.ar\/wp-content\/uploads\/2025\/05\/CalzaLogoRedes.jpg","width":640,"height":640,"caption":"CALZAVARA"},"image":{"@id":"https:\/\/calzavara.ar\/#\/schema\/logo\/image\/"},"sameAs":["https:\/\/www.facebook.com\/calzavarasrl","https:\/\/www.instagram.com\/calzavara_herrajes","https:\/\/www.linkedin.com\/company\/calzavara\/","https:\/\/www.youtube.com\/@calzavara3279"]}]}},"jetpack_sharing_enabled":true,"_links":{"self":[{"href":"https:\/\/calzavara.ar\/index.php\/wp-json\/wp\/v2\/product\/7595","targetHints":{"allow":["GET"]}}],"collection":[{"href":"https:\/\/calzavara.ar\/index.php\/wp-json\/wp\/v2\/product"}],"about":[{"href":"https:\/\/calzavara.ar\/index.php\/wp-json\/wp\/v2\/types\/product"}],"wp:featuredmedia":[{"embeddable":true,"href":"https:\/\/calzavara.ar\/index.php\/wp-json\/wp\/v2\/media\/7594"}],"wp:attachment":[{"href":"https:\/\/calzavara.ar\/index.php\/wp-json\/wp\/v2\/media?parent=7595"}],"wp:term":[{"taxonomy":"product_brand","embeddable":true,"href":"https:\/\/calzavara.ar\/index.php\/wp-json\/wp\/v2\/product_brand?post=7595"},{"taxonomy":"product_cat","embeddable":true,"href":"https:\/\/calzavara.ar\/index.php\/wp-json\/wp\/v2\/product_cat?post=7595"},{"taxonomy":"product_tag","embeddable":true,"href":"https:\/\/calzavara.ar\/index.php\/wp-json\/wp\/v2\/product_tag?post=7595"}],"curies":[{"name":"wp","href":"https:\/\/api.w.org\/{rel}","templated":true}]}}