{"id":7593,"date":"2021-05-03T11:12:13","date_gmt":"2021-05-03T14:12:13","guid":{"rendered":"https:\/\/calzavara.ar\/index.php\/producto\/aerosol-wd-40-lubricante-de-silicona\/"},"modified":"2026-01-20T15:56:31","modified_gmt":"2026-01-20T18:56:31","slug":"aerosol-wd-40-lubricante-de-silicona","status":"publish","type":"product","link":"https:\/\/calzavara.ar\/index.php\/producto\/aerosol-wd-40-lubricante-de-silicona\/","title":{"rendered":"Aerosol WD40 Lubricante De Silicona"},"content":{"rendered":"<p>El WD-40 Specialist Lubricante de Silic\u00f3n impermeabiliza y protege de manera segura superficies met\u00e1licas y no met\u00e1licas como caucho, pl\u00e1stico y vinilo. Esta f\u00f3rmula se seca r\u00e1pido y deja una pel\u00edcula transparente que no mancha, que no se pega ni ensucia, por lo que no atrae la suciedad. Ideal para usar en cables, poleas, rieles de gu\u00eda, v\u00e1lvulas, varillajes, bisagras, cerraduras y m\u00e1s. Temperaturas efectivas en uso que van desde -100 \u00b0 F a 500 \u00b0 F.<\/p>\n<p>CARACTER\u00cdSTICAS<\/p>\n<p>&#8211;   Lubrica, impermeabiliza y protege superficies met\u00e1licas y no met\u00e1licas<br \/>\n&#8211;   F\u00f3rmula de secado r\u00e1pido sin sensaci\u00f3n pegajosa ni residuos<br \/>\n&#8211;   Se puede usar en caucho, pl\u00e1stico y vinil<br \/>\n&#8211;   Proteg\u00e9 contra el \u00f3xido<br \/>\n&#8211;   Categor\u00eda H2 de NSF (# 146856)<\/p>\n<p>Usos<\/p>\n<p>&#8211;   Tuercas, pernos<br \/>\n&#8211;   Tornillos, bujes, cables, poleas<br \/>\n&#8211;   Mecanismos deslizantes, v\u00e1lvulas<br \/>\n&#8211;   Enlaces, bisagras, cerraduras<\/p>\n","protected":false},"excerpt":{"rendered":"<p>El WD-40 Specialist Lubricante de Silic\u00f3n impermeabiliza y protege de manera segura superficies met\u00e1licas y no met\u00e1licas como caucho, pl\u00e1stico<\/p>\n","protected":false},"featured_media":7592,"template":"","meta":[],"product_brand":[],"product_cat":[142,545],"product_tag":[547],"class_list":{"0":"post-7593","1":"product","2":"type-product","3":"status-publish","4":"has-post-thumbnail","6":"product_cat-aerosoles","7":"product_cat-lubricantes","8":"product_tag-aceite-lubricacion-lubricante-silicona-limpieza-mantenimiento","10":"first","11":"instock","12":"sale","13":"taxable","14":"shipping-taxable","15":"purchasable","16":"product-type-simple"},"yoast_head":"<!-- This site is optimized with the Yoast SEO plugin v27.3 - https:\/\/yoast.com\/product\/yoast-seo-wordpress\/ -->\n<title>Aerosol WD40 Lubricante De Silicona - CALZAVARA<\/title>\n<meta name=\"robots\" content=\"index, follow, max-snippet:-1, max-image-preview:large, max-video-preview:-1\" \/>\n<link rel=\"canonical\" href=\"https:\/\/calzavara.ar\/index.php\/producto\/aerosol-wd-40-lubricante-de-silicona\/\" \/>\n<meta property=\"og:locale\" content=\"es_ES\" \/>\n<meta property=\"og:type\" content=\"article\" \/>\n<meta property=\"og:title\" content=\"Aerosol WD40 Lubricante De Silicona - CALZAVARA\" \/>\n<meta property=\"og:description\" content=\"El WD-40 Specialist Lubricante de Silic\u00f3n impermeabiliza y protege de manera segura superficies met\u00e1licas y no met\u00e1licas como caucho, pl\u00e1stico\" \/>\n<meta property=\"og:url\" content=\"https:\/\/calzavara.ar\/index.php\/producto\/aerosol-wd-40-lubricante-de-silicona\/\" \/>\n<meta property=\"og:site_name\" content=\"CALZAVARA\" \/>\n<meta property=\"article:publisher\" content=\"https:\/\/www.facebook.com\/calzavarasrl\" \/>\n<meta property=\"article:modified_time\" content=\"2026-01-20T18:56:31+00:00\" \/>\n<meta property=\"og:image\" content=\"https:\/\/calzavara.ar\/wp-content\/uploads\/2021\/05\/23894.png\" \/>\n\t<meta property=\"og:image:width\" content=\"1000\" \/>\n\t<meta property=\"og:image:height\" content=\"1000\" \/>\n\t<meta property=\"og:image:type\" content=\"image\/png\" \/>\n<meta name=\"twitter:card\" content=\"summary_large_image\" \/>\n<meta name=\"twitter:label1\" content=\"Tiempo de lectura\" \/>\n\t<meta name=\"twitter:data1\" content=\"1 minuto\" \/>\n<script type=\"application\/ld+json\" class=\"yoast-schema-graph\">{\"@context\":\"https:\\\/\\\/schema.org\",\"@graph\":[{\"@type\":\"WebPage\",\"@id\":\"https:\\\/\\\/calzavara.ar\\\/index.php\\\/producto\\\/aerosol-wd-40-lubricante-de-silicona\\\/\",\"url\":\"https:\\\/\\\/calzavara.ar\\\/index.php\\\/producto\\\/aerosol-wd-40-lubricante-de-silicona\\\/\",\"name\":\"Aerosol WD40 Lubricante De Silicona - CALZAVARA\",\"isPartOf\":{\"@id\":\"https:\\\/\\\/calzavara.ar\\\/#website\"},\"primaryImageOfPage\":{\"@id\":\"https:\\\/\\\/calzavara.ar\\\/index.php\\\/producto\\\/aerosol-wd-40-lubricante-de-silicona\\\/#primaryimage\"},\"image\":{\"@id\":\"https:\\\/\\\/calzavara.ar\\\/index.php\\\/producto\\\/aerosol-wd-40-lubricante-de-silicona\\\/#primaryimage\"},\"thumbnailUrl\":\"https:\\\/\\\/calzavara.ar\\\/wp-content\\\/uploads\\\/2021\\\/05\\\/23894.png\",\"datePublished\":\"2021-05-03T14:12:13+00:00\",\"dateModified\":\"2026-01-20T18:56:31+00:00\",\"breadcrumb\":{\"@id\":\"https:\\\/\\\/calzavara.ar\\\/index.php\\\/producto\\\/aerosol-wd-40-lubricante-de-silicona\\\/#breadcrumb\"},\"inLanguage\":\"es\",\"potentialAction\":[{\"@type\":\"ReadAction\",\"target\":[\"https:\\\/\\\/calzavara.ar\\\/index.php\\\/producto\\\/aerosol-wd-40-lubricante-de-silicona\\\/\"]}]},{\"@type\":\"ImageObject\",\"inLanguage\":\"es\",\"@id\":\"https:\\\/\\\/calzavara.ar\\\/index.php\\\/producto\\\/aerosol-wd-40-lubricante-de-silicona\\\/#primaryimage\",\"url\":\"https:\\\/\\\/calzavara.ar\\\/wp-content\\\/uploads\\\/2021\\\/05\\\/23894.png\",\"contentUrl\":\"https:\\\/\\\/calzavara.ar\\\/wp-content\\\/uploads\\\/2021\\\/05\\\/23894.png\",\"width\":1000,\"height\":1000},{\"@type\":\"BreadcrumbList\",\"@id\":\"https:\\\/\\\/calzavara.ar\\\/index.php\\\/producto\\\/aerosol-wd-40-lubricante-de-silicona\\\/#breadcrumb\",\"itemListElement\":[{\"@type\":\"ListItem\",\"position\":1,\"name\":\"Portada\",\"item\":\"https:\\\/\\\/calzavara.ar\\\/\"},{\"@type\":\"ListItem\",\"position\":2,\"name\":\"Tienda\",\"item\":\"https:\\\/\\\/calzavara.ar\\\/index.php\\\/tienda\\\/\"},{\"@type\":\"ListItem\",\"position\":3,\"name\":\"Aerosol WD40 Lubricante De Silicona\"}]},{\"@type\":\"WebSite\",\"@id\":\"https:\\\/\\\/calzavara.ar\\\/#website\",\"url\":\"https:\\\/\\\/calzavara.ar\\\/\",\"name\":\"CALZAVARA\",\"description\":\"Tienda Oficial CALZAVARA\",\"publisher\":{\"@id\":\"https:\\\/\\\/calzavara.ar\\\/#organization\"},\"potentialAction\":[{\"@type\":\"SearchAction\",\"target\":{\"@type\":\"EntryPoint\",\"urlTemplate\":\"https:\\\/\\\/calzavara.ar\\\/?s={search_term_string}\"},\"query-input\":{\"@type\":\"PropertyValueSpecification\",\"valueRequired\":true,\"valueName\":\"search_term_string\"}}],\"inLanguage\":\"es\"},{\"@type\":\"Organization\",\"@id\":\"https:\\\/\\\/calzavara.ar\\\/#organization\",\"name\":\"CALZAVARA\",\"url\":\"https:\\\/\\\/calzavara.ar\\\/\",\"logo\":{\"@type\":\"ImageObject\",\"inLanguage\":\"es\",\"@id\":\"https:\\\/\\\/calzavara.ar\\\/#\\\/schema\\\/logo\\\/image\\\/\",\"url\":\"https:\\\/\\\/calzavara.ar\\\/wp-content\\\/uploads\\\/2025\\\/05\\\/CalzaLogoRedes.jpg\",\"contentUrl\":\"https:\\\/\\\/calzavara.ar\\\/wp-content\\\/uploads\\\/2025\\\/05\\\/CalzaLogoRedes.jpg\",\"width\":640,\"height\":640,\"caption\":\"CALZAVARA\"},\"image\":{\"@id\":\"https:\\\/\\\/calzavara.ar\\\/#\\\/schema\\\/logo\\\/image\\\/\"},\"sameAs\":[\"https:\\\/\\\/www.facebook.com\\\/calzavarasrl\",\"https:\\\/\\\/www.instagram.com\\\/calzavara_herrajes\",\"https:\\\/\\\/www.linkedin.com\\\/company\\\/calzavara\\\/\",\"https:\\\/\\\/www.youtube.com\\\/@calzavara3279\"]}]}<\/script>\n<!-- \/ Yoast SEO plugin. -->","yoast_head_json":{"title":"Aerosol WD40 Lubricante De Silicona - CALZAVARA","robots":{"index":"index","follow":"follow","max-snippet":"max-snippet:-1","max-image-preview":"max-image-preview:large","max-video-preview":"max-video-preview:-1"},"canonical":"https:\/\/calzavara.ar\/index.php\/producto\/aerosol-wd-40-lubricante-de-silicona\/","og_locale":"es_ES","og_type":"article","og_title":"Aerosol WD40 Lubricante De Silicona - CALZAVARA","og_description":"El WD-40 Specialist Lubricante de Silic\u00f3n impermeabiliza y protege de manera segura superficies met\u00e1licas y no met\u00e1licas como caucho, pl\u00e1stico","og_url":"https:\/\/calzavara.ar\/index.php\/producto\/aerosol-wd-40-lubricante-de-silicona\/","og_site_name":"CALZAVARA","article_publisher":"https:\/\/www.facebook.com\/calzavarasrl","article_modified_time":"2026-01-20T18:56:31+00:00","og_image":[{"width":1000,"height":1000,"url":"https:\/\/calzavara.ar\/wp-content\/uploads\/2021\/05\/23894.png","type":"image\/png"}],"twitter_card":"summary_large_image","twitter_misc":{"Tiempo de lectura":"1 minuto"},"schema":{"@context":"https:\/\/schema.org","@graph":[{"@type":"WebPage","@id":"https:\/\/calzavara.ar\/index.php\/producto\/aerosol-wd-40-lubricante-de-silicona\/","url":"https:\/\/calzavara.ar\/index.php\/producto\/aerosol-wd-40-lubricante-de-silicona\/","name":"Aerosol WD40 Lubricante De Silicona - CALZAVARA","isPartOf":{"@id":"https:\/\/calzavara.ar\/#website"},"primaryImageOfPage":{"@id":"https:\/\/calzavara.ar\/index.php\/producto\/aerosol-wd-40-lubricante-de-silicona\/#primaryimage"},"image":{"@id":"https:\/\/calzavara.ar\/index.php\/producto\/aerosol-wd-40-lubricante-de-silicona\/#primaryimage"},"thumbnailUrl":"https:\/\/calzavara.ar\/wp-content\/uploads\/2021\/05\/23894.png","datePublished":"2021-05-03T14:12:13+00:00","dateModified":"2026-01-20T18:56:31+00:00","breadcrumb":{"@id":"https:\/\/calzavara.ar\/index.php\/producto\/aerosol-wd-40-lubricante-de-silicona\/#breadcrumb"},"inLanguage":"es","potentialAction":[{"@type":"ReadAction","target":["https:\/\/calzavara.ar\/index.php\/producto\/aerosol-wd-40-lubricante-de-silicona\/"]}]},{"@type":"ImageObject","inLanguage":"es","@id":"https:\/\/calzavara.ar\/index.php\/producto\/aerosol-wd-40-lubricante-de-silicona\/#primaryimage","url":"https:\/\/calzavara.ar\/wp-content\/uploads\/2021\/05\/23894.png","contentUrl":"https:\/\/calzavara.ar\/wp-content\/uploads\/2021\/05\/23894.png","width":1000,"height":1000},{"@type":"BreadcrumbList","@id":"https:\/\/calzavara.ar\/index.php\/producto\/aerosol-wd-40-lubricante-de-silicona\/#breadcrumb","itemListElement":[{"@type":"ListItem","position":1,"name":"Portada","item":"https:\/\/calzavara.ar\/"},{"@type":"ListItem","position":2,"name":"Tienda","item":"https:\/\/calzavara.ar\/index.php\/tienda\/"},{"@type":"ListItem","position":3,"name":"Aerosol WD40 Lubricante De Silicona"}]},{"@type":"WebSite","@id":"https:\/\/calzavara.ar\/#website","url":"https:\/\/calzavara.ar\/","name":"CALZAVARA","description":"Tienda Oficial CALZAVARA","publisher":{"@id":"https:\/\/calzavara.ar\/#organization"},"potentialAction":[{"@type":"SearchAction","target":{"@type":"EntryPoint","urlTemplate":"https:\/\/calzavara.ar\/?s={search_term_string}"},"query-input":{"@type":"PropertyValueSpecification","valueRequired":true,"valueName":"search_term_string"}}],"inLanguage":"es"},{"@type":"Organization","@id":"https:\/\/calzavara.ar\/#organization","name":"CALZAVARA","url":"https:\/\/calzavara.ar\/","logo":{"@type":"ImageObject","inLanguage":"es","@id":"https:\/\/calzavara.ar\/#\/schema\/logo\/image\/","url":"https:\/\/calzavara.ar\/wp-content\/uploads\/2025\/05\/CalzaLogoRedes.jpg","contentUrl":"https:\/\/calzavara.ar\/wp-content\/uploads\/2025\/05\/CalzaLogoRedes.jpg","width":640,"height":640,"caption":"CALZAVARA"},"image":{"@id":"https:\/\/calzavara.ar\/#\/schema\/logo\/image\/"},"sameAs":["https:\/\/www.facebook.com\/calzavarasrl","https:\/\/www.instagram.com\/calzavara_herrajes","https:\/\/www.linkedin.com\/company\/calzavara\/","https:\/\/www.youtube.com\/@calzavara3279"]}]}},"jetpack_sharing_enabled":true,"_links":{"self":[{"href":"https:\/\/calzavara.ar\/index.php\/wp-json\/wp\/v2\/product\/7593","targetHints":{"allow":["GET"]}}],"collection":[{"href":"https:\/\/calzavara.ar\/index.php\/wp-json\/wp\/v2\/product"}],"about":[{"href":"https:\/\/calzavara.ar\/index.php\/wp-json\/wp\/v2\/types\/product"}],"wp:featuredmedia":[{"embeddable":true,"href":"https:\/\/calzavara.ar\/index.php\/wp-json\/wp\/v2\/media\/7592"}],"wp:attachment":[{"href":"https:\/\/calzavara.ar\/index.php\/wp-json\/wp\/v2\/media?parent=7593"}],"wp:term":[{"taxonomy":"product_brand","embeddable":true,"href":"https:\/\/calzavara.ar\/index.php\/wp-json\/wp\/v2\/product_brand?post=7593"},{"taxonomy":"product_cat","embeddable":true,"href":"https:\/\/calzavara.ar\/index.php\/wp-json\/wp\/v2\/product_cat?post=7593"},{"taxonomy":"product_tag","embeddable":true,"href":"https:\/\/calzavara.ar\/index.php\/wp-json\/wp\/v2\/product_tag?post=7593"}],"curies":[{"name":"wp","href":"https:\/\/api.w.org\/{rel}","templated":true}]}}