{"id":6704,"date":"2021-04-26T08:40:45","date_gmt":"2021-04-26T11:40:45","guid":{"rendered":"https:\/\/calzavara.ar\/index.php\/producto\/sikacryl-profesional-sellador-silicona-para-grietas-y-fisuras-sellador-acrilico-x-300-ml\/"},"modified":"2026-01-19T08:41:34","modified_gmt":"2026-01-19T11:41:34","slug":"sikacryl-profesional-sellador-silicona-para-grietas-y-fisuras-sellador-acrilico-x-300-ml","status":"publish","type":"product","link":"https:\/\/calzavara.ar\/index.php\/producto\/sikacryl-profesional-sellador-silicona-para-grietas-y-fisuras-sellador-acrilico-x-300-ml\/","title":{"rendered":"Sikacryl Profesional Sellador \/ Silicona Para Grietas Y Fisuras (sellador Acrilico) X 300 Ml"},"content":{"rendered":"<p>Sikacryl\u00ae-Profesional es un sellador acr\u00edlico de un componente. de buena tixotrop\u00eda. con capacidad de movimiento de \u00b1 12.5% y alta resistencia a la lluvia.<\/p>\n<p>USOS<\/p>\n<p>&#8211; Sellado de juntas de conexi\u00f3n con bajo movimiento en sustratos tales como el hormig\u00f3n. hormig\u00f3n celular. yeso. fibrocemento. ladrillo. placas de yeso. aluminio. PVC y madera.<br \/>\n&#8211; Sellado de juntas de conexi\u00f3n alrededor de ventanas. marcos de ventanas. puertas. tuber\u00edas de PVC. paredes y techos de construcci\u00f3n en seco.<br \/>\n&#8211; Est\u00e1 dise\u00f1ado para el interior y tambi\u00e9n para el sellado de fisuras exteriores pero no bajo inmersi\u00f3n permanente de agua.<\/p>\n<p>VENTAJAS<\/p>\n<p>&#8211; Pintable y lijable<br \/>\n&#8211; Para uso interior y exterior<br \/>\n&#8211; Resistencia a la lluvia<br \/>\n&#8211; Tixotr\u00f3pico<br \/>\n&#8211; Buenas propiedades de aplicaci\u00f3n<br \/>\n&#8211; \u00d3ptima adherencia sobre sustratos habituales de la construcci\u00f3n<br \/>\n&#8211; Buena resistencia a los rayos UV<br \/>\n&#8211; Libre de solventes<\/p>\n","protected":false},"excerpt":{"rendered":"<p>Sikacryl\u00ae-Profesional es un sellador acr\u00edlico de un componente. de buena tixotrop\u00eda. con capacidad de movimiento de \u00b1 12.5% y alta<\/p>\n","protected":false},"featured_media":6702,"template":"","meta":[],"product_brand":[],"product_cat":[69],"product_tag":[453],"class_list":{"0":"post-6704","1":"product","2":"type-product","3":"status-publish","4":"has-post-thumbnail","6":"product_cat-adhesivosselladores","7":"product_tag-sikacryl-sellador-grieta-fisura-silicona","9":"first","10":"outofstock","11":"sale","12":"taxable","13":"shipping-taxable","14":"purchasable","15":"product-type-simple"},"yoast_head":"<!-- This site is optimized with the Yoast SEO plugin v27.2 - https:\/\/yoast.com\/product\/yoast-seo-wordpress\/ -->\n<title>Sikacryl Profesional Sellador \/ Silicona Para Grietas Y Fisuras (sellador Acrilico) X 300 Ml - CALZAVARA<\/title>\n<meta name=\"robots\" content=\"index, follow, max-snippet:-1, max-image-preview:large, max-video-preview:-1\" \/>\n<link rel=\"canonical\" href=\"https:\/\/calzavara.ar\/index.php\/producto\/sikacryl-profesional-sellador-silicona-para-grietas-y-fisuras-sellador-acrilico-x-300-ml\/\" \/>\n<meta property=\"og:locale\" content=\"es_ES\" \/>\n<meta property=\"og:type\" content=\"article\" \/>\n<meta property=\"og:title\" content=\"Sikacryl Profesional Sellador \/ Silicona Para Grietas Y Fisuras (sellador Acrilico) X 300 Ml - CALZAVARA\" \/>\n<meta property=\"og:description\" content=\"Sikacryl\u00ae-Profesional es un sellador acr\u00edlico de un componente. de buena tixotrop\u00eda. con capacidad de movimiento de \u00b1 12.5% y alta\" \/>\n<meta property=\"og:url\" content=\"https:\/\/calzavara.ar\/index.php\/producto\/sikacryl-profesional-sellador-silicona-para-grietas-y-fisuras-sellador-acrilico-x-300-ml\/\" \/>\n<meta property=\"og:site_name\" content=\"CALZAVARA\" \/>\n<meta property=\"article:publisher\" content=\"https:\/\/www.facebook.com\/calzavarasrl\" \/>\n<meta property=\"article:modified_time\" content=\"2026-01-19T11:41:34+00:00\" \/>\n<meta property=\"og:image\" content=\"https:\/\/calzavara.ar\/wp-content\/uploads\/2021\/04\/24203.jpeg\" \/>\n\t<meta property=\"og:image:width\" content=\"800\" \/>\n\t<meta property=\"og:image:height\" content=\"800\" \/>\n\t<meta property=\"og:image:type\" content=\"image\/jpeg\" \/>\n<meta name=\"twitter:card\" content=\"summary_large_image\" \/>\n<meta name=\"twitter:label1\" content=\"Tiempo de lectura\" \/>\n\t<meta name=\"twitter:data1\" content=\"1 minuto\" \/>\n<script type=\"application\/ld+json\" class=\"yoast-schema-graph\">{\"@context\":\"https:\/\/schema.org\",\"@graph\":[{\"@type\":\"WebPage\",\"@id\":\"https:\/\/calzavara.ar\/index.php\/producto\/sikacryl-profesional-sellador-silicona-para-grietas-y-fisuras-sellador-acrilico-x-300-ml\/\",\"url\":\"https:\/\/calzavara.ar\/index.php\/producto\/sikacryl-profesional-sellador-silicona-para-grietas-y-fisuras-sellador-acrilico-x-300-ml\/\",\"name\":\"Sikacryl Profesional Sellador \/ Silicona Para Grietas Y Fisuras (sellador Acrilico) X 300 Ml - CALZAVARA\",\"isPartOf\":{\"@id\":\"https:\/\/calzavara.ar\/#website\"},\"primaryImageOfPage\":{\"@id\":\"https:\/\/calzavara.ar\/index.php\/producto\/sikacryl-profesional-sellador-silicona-para-grietas-y-fisuras-sellador-acrilico-x-300-ml\/#primaryimage\"},\"image\":{\"@id\":\"https:\/\/calzavara.ar\/index.php\/producto\/sikacryl-profesional-sellador-silicona-para-grietas-y-fisuras-sellador-acrilico-x-300-ml\/#primaryimage\"},\"thumbnailUrl\":\"https:\/\/calzavara.ar\/wp-content\/uploads\/2021\/04\/24203.jpeg\",\"datePublished\":\"2021-04-26T11:40:45+00:00\",\"dateModified\":\"2026-01-19T11:41:34+00:00\",\"breadcrumb\":{\"@id\":\"https:\/\/calzavara.ar\/index.php\/producto\/sikacryl-profesional-sellador-silicona-para-grietas-y-fisuras-sellador-acrilico-x-300-ml\/#breadcrumb\"},\"inLanguage\":\"es\",\"potentialAction\":[{\"@type\":\"ReadAction\",\"target\":[\"https:\/\/calzavara.ar\/index.php\/producto\/sikacryl-profesional-sellador-silicona-para-grietas-y-fisuras-sellador-acrilico-x-300-ml\/\"]}]},{\"@type\":\"ImageObject\",\"inLanguage\":\"es\",\"@id\":\"https:\/\/calzavara.ar\/index.php\/producto\/sikacryl-profesional-sellador-silicona-para-grietas-y-fisuras-sellador-acrilico-x-300-ml\/#primaryimage\",\"url\":\"https:\/\/calzavara.ar\/wp-content\/uploads\/2021\/04\/24203.jpeg\",\"contentUrl\":\"https:\/\/calzavara.ar\/wp-content\/uploads\/2021\/04\/24203.jpeg\",\"width\":800,\"height\":800},{\"@type\":\"BreadcrumbList\",\"@id\":\"https:\/\/calzavara.ar\/index.php\/producto\/sikacryl-profesional-sellador-silicona-para-grietas-y-fisuras-sellador-acrilico-x-300-ml\/#breadcrumb\",\"itemListElement\":[{\"@type\":\"ListItem\",\"position\":1,\"name\":\"Portada\",\"item\":\"https:\/\/calzavara.ar\/\"},{\"@type\":\"ListItem\",\"position\":2,\"name\":\"Tienda\",\"item\":\"https:\/\/calzavara.ar\/index.php\/tienda\/\"},{\"@type\":\"ListItem\",\"position\":3,\"name\":\"Sikacryl Profesional Sellador \/ Silicona Para Grietas Y Fisuras (sellador Acrilico) X 300 Ml\"}]},{\"@type\":\"WebSite\",\"@id\":\"https:\/\/calzavara.ar\/#website\",\"url\":\"https:\/\/calzavara.ar\/\",\"name\":\"CALZAVARA\",\"description\":\"Tienda Oficial CALZAVARA\",\"publisher\":{\"@id\":\"https:\/\/calzavara.ar\/#organization\"},\"potentialAction\":[{\"@type\":\"SearchAction\",\"target\":{\"@type\":\"EntryPoint\",\"urlTemplate\":\"https:\/\/calzavara.ar\/?s={search_term_string}\"},\"query-input\":{\"@type\":\"PropertyValueSpecification\",\"valueRequired\":true,\"valueName\":\"search_term_string\"}}],\"inLanguage\":\"es\"},{\"@type\":\"Organization\",\"@id\":\"https:\/\/calzavara.ar\/#organization\",\"name\":\"CALZAVARA\",\"url\":\"https:\/\/calzavara.ar\/\",\"logo\":{\"@type\":\"ImageObject\",\"inLanguage\":\"es\",\"@id\":\"https:\/\/calzavara.ar\/#\/schema\/logo\/image\/\",\"url\":\"https:\/\/calzavara.ar\/wp-content\/uploads\/2025\/05\/CalzaLogoRedes.jpg\",\"contentUrl\":\"https:\/\/calzavara.ar\/wp-content\/uploads\/2025\/05\/CalzaLogoRedes.jpg\",\"width\":640,\"height\":640,\"caption\":\"CALZAVARA\"},\"image\":{\"@id\":\"https:\/\/calzavara.ar\/#\/schema\/logo\/image\/\"},\"sameAs\":[\"https:\/\/www.facebook.com\/calzavarasrl\",\"https:\/\/www.instagram.com\/calzavara_herrajes\",\"https:\/\/www.linkedin.com\/company\/calzavara\/\",\"https:\/\/www.youtube.com\/@calzavara3279\"]}]}<\/script>\n<!-- \/ Yoast SEO plugin. -->","yoast_head_json":{"title":"Sikacryl Profesional Sellador \/ Silicona Para Grietas Y Fisuras (sellador Acrilico) X 300 Ml - CALZAVARA","robots":{"index":"index","follow":"follow","max-snippet":"max-snippet:-1","max-image-preview":"max-image-preview:large","max-video-preview":"max-video-preview:-1"},"canonical":"https:\/\/calzavara.ar\/index.php\/producto\/sikacryl-profesional-sellador-silicona-para-grietas-y-fisuras-sellador-acrilico-x-300-ml\/","og_locale":"es_ES","og_type":"article","og_title":"Sikacryl Profesional Sellador \/ Silicona Para Grietas Y Fisuras (sellador Acrilico) X 300 Ml - CALZAVARA","og_description":"Sikacryl\u00ae-Profesional es un sellador acr\u00edlico de un componente. de buena tixotrop\u00eda. con capacidad de movimiento de \u00b1 12.5% y alta","og_url":"https:\/\/calzavara.ar\/index.php\/producto\/sikacryl-profesional-sellador-silicona-para-grietas-y-fisuras-sellador-acrilico-x-300-ml\/","og_site_name":"CALZAVARA","article_publisher":"https:\/\/www.facebook.com\/calzavarasrl","article_modified_time":"2026-01-19T11:41:34+00:00","og_image":[{"width":800,"height":800,"url":"https:\/\/calzavara.ar\/wp-content\/uploads\/2021\/04\/24203.jpeg","type":"image\/jpeg"}],"twitter_card":"summary_large_image","twitter_misc":{"Tiempo de lectura":"1 minuto"},"schema":{"@context":"https:\/\/schema.org","@graph":[{"@type":"WebPage","@id":"https:\/\/calzavara.ar\/index.php\/producto\/sikacryl-profesional-sellador-silicona-para-grietas-y-fisuras-sellador-acrilico-x-300-ml\/","url":"https:\/\/calzavara.ar\/index.php\/producto\/sikacryl-profesional-sellador-silicona-para-grietas-y-fisuras-sellador-acrilico-x-300-ml\/","name":"Sikacryl Profesional Sellador \/ Silicona Para Grietas Y Fisuras (sellador Acrilico) X 300 Ml - CALZAVARA","isPartOf":{"@id":"https:\/\/calzavara.ar\/#website"},"primaryImageOfPage":{"@id":"https:\/\/calzavara.ar\/index.php\/producto\/sikacryl-profesional-sellador-silicona-para-grietas-y-fisuras-sellador-acrilico-x-300-ml\/#primaryimage"},"image":{"@id":"https:\/\/calzavara.ar\/index.php\/producto\/sikacryl-profesional-sellador-silicona-para-grietas-y-fisuras-sellador-acrilico-x-300-ml\/#primaryimage"},"thumbnailUrl":"https:\/\/calzavara.ar\/wp-content\/uploads\/2021\/04\/24203.jpeg","datePublished":"2021-04-26T11:40:45+00:00","dateModified":"2026-01-19T11:41:34+00:00","breadcrumb":{"@id":"https:\/\/calzavara.ar\/index.php\/producto\/sikacryl-profesional-sellador-silicona-para-grietas-y-fisuras-sellador-acrilico-x-300-ml\/#breadcrumb"},"inLanguage":"es","potentialAction":[{"@type":"ReadAction","target":["https:\/\/calzavara.ar\/index.php\/producto\/sikacryl-profesional-sellador-silicona-para-grietas-y-fisuras-sellador-acrilico-x-300-ml\/"]}]},{"@type":"ImageObject","inLanguage":"es","@id":"https:\/\/calzavara.ar\/index.php\/producto\/sikacryl-profesional-sellador-silicona-para-grietas-y-fisuras-sellador-acrilico-x-300-ml\/#primaryimage","url":"https:\/\/calzavara.ar\/wp-content\/uploads\/2021\/04\/24203.jpeg","contentUrl":"https:\/\/calzavara.ar\/wp-content\/uploads\/2021\/04\/24203.jpeg","width":800,"height":800},{"@type":"BreadcrumbList","@id":"https:\/\/calzavara.ar\/index.php\/producto\/sikacryl-profesional-sellador-silicona-para-grietas-y-fisuras-sellador-acrilico-x-300-ml\/#breadcrumb","itemListElement":[{"@type":"ListItem","position":1,"name":"Portada","item":"https:\/\/calzavara.ar\/"},{"@type":"ListItem","position":2,"name":"Tienda","item":"https:\/\/calzavara.ar\/index.php\/tienda\/"},{"@type":"ListItem","position":3,"name":"Sikacryl Profesional Sellador \/ Silicona Para Grietas Y Fisuras (sellador Acrilico) X 300 Ml"}]},{"@type":"WebSite","@id":"https:\/\/calzavara.ar\/#website","url":"https:\/\/calzavara.ar\/","name":"CALZAVARA","description":"Tienda Oficial CALZAVARA","publisher":{"@id":"https:\/\/calzavara.ar\/#organization"},"potentialAction":[{"@type":"SearchAction","target":{"@type":"EntryPoint","urlTemplate":"https:\/\/calzavara.ar\/?s={search_term_string}"},"query-input":{"@type":"PropertyValueSpecification","valueRequired":true,"valueName":"search_term_string"}}],"inLanguage":"es"},{"@type":"Organization","@id":"https:\/\/calzavara.ar\/#organization","name":"CALZAVARA","url":"https:\/\/calzavara.ar\/","logo":{"@type":"ImageObject","inLanguage":"es","@id":"https:\/\/calzavara.ar\/#\/schema\/logo\/image\/","url":"https:\/\/calzavara.ar\/wp-content\/uploads\/2025\/05\/CalzaLogoRedes.jpg","contentUrl":"https:\/\/calzavara.ar\/wp-content\/uploads\/2025\/05\/CalzaLogoRedes.jpg","width":640,"height":640,"caption":"CALZAVARA"},"image":{"@id":"https:\/\/calzavara.ar\/#\/schema\/logo\/image\/"},"sameAs":["https:\/\/www.facebook.com\/calzavarasrl","https:\/\/www.instagram.com\/calzavara_herrajes","https:\/\/www.linkedin.com\/company\/calzavara\/","https:\/\/www.youtube.com\/@calzavara3279"]}]}},"jetpack_sharing_enabled":true,"_links":{"self":[{"href":"https:\/\/calzavara.ar\/index.php\/wp-json\/wp\/v2\/product\/6704","targetHints":{"allow":["GET"]}}],"collection":[{"href":"https:\/\/calzavara.ar\/index.php\/wp-json\/wp\/v2\/product"}],"about":[{"href":"https:\/\/calzavara.ar\/index.php\/wp-json\/wp\/v2\/types\/product"}],"wp:featuredmedia":[{"embeddable":true,"href":"https:\/\/calzavara.ar\/index.php\/wp-json\/wp\/v2\/media\/6702"}],"wp:attachment":[{"href":"https:\/\/calzavara.ar\/index.php\/wp-json\/wp\/v2\/media?parent=6704"}],"wp:term":[{"taxonomy":"product_brand","embeddable":true,"href":"https:\/\/calzavara.ar\/index.php\/wp-json\/wp\/v2\/product_brand?post=6704"},{"taxonomy":"product_cat","embeddable":true,"href":"https:\/\/calzavara.ar\/index.php\/wp-json\/wp\/v2\/product_cat?post=6704"},{"taxonomy":"product_tag","embeddable":true,"href":"https:\/\/calzavara.ar\/index.php\/wp-json\/wp\/v2\/product_tag?post=6704"}],"curies":[{"name":"wp","href":"https:\/\/api.w.org\/{rel}","templated":true}]}}