{"id":6701,"date":"2021-04-26T08:40:42","date_gmt":"2021-04-26T11:40:42","guid":{"rendered":"https:\/\/calzavara.ar\/index.php\/producto\/sellador-de-silicona-acetica-sanisil-anti-hongo-en-sanitarios-x-300-ml\/"},"modified":"2026-01-19T08:41:33","modified_gmt":"2026-01-19T11:41:33","slug":"sellador-de-silicona-acetica-sanisil-anti-hongo-en-sanitarios-x-300-ml","status":"publish","type":"product","link":"https:\/\/calzavara.ar\/index.php\/producto\/sellador-de-silicona-acetica-sanisil-anti-hongo-en-sanitarios-x-300-ml\/","title":{"rendered":"Sellador De Silicona Acetica Sanisil  (anti Hongo En Sanitarios) X 300 Ml"},"content":{"rendered":"<p>Sanisil\u00ae es un sellador de silicona monocomponente de curado ac\u00e9tico para aplicaciones en interior o exterior.<br \/>\nSanisil es adecuado para aplicaciones en sanitarios o sellados de otro tipo donde se requiera resistencia al moho.<\/p>\n<p>Especial para la aplicaci\u00f3n en lugares expuestos a la acci\u00f3n del agua: bachas. mesadas. artefactos sanitarios. cocinas. lavaderos. ba\u00f1os. Resistente a los hongos y al moho. Para uso interior y exterior. No contrae. No es pintable. Se aplica en seco. Consumo: 1 cartucho rinde 3 metros lineales para una junta de 1 cm x 1 cm.<br \/>\nColor: Blanco<\/p>\n","protected":false},"excerpt":{"rendered":"<p>Sanisil\u00ae es un sellador de silicona monocomponente de curado ac\u00e9tico para aplicaciones en interior o exterior. Sanisil es adecuado para<\/p>\n","protected":false},"featured_media":6697,"template":"","meta":[],"product_brand":[],"product_cat":[69],"product_tag":[449],"class_list":{"0":"post-6701","1":"product","2":"type-product","3":"status-publish","4":"has-post-thumbnail","6":"product_cat-adhesivosselladores","7":"product_tag-sellador-silicona-acetica-sanisil","9":"first","10":"outofstock","11":"taxable","12":"shipping-taxable","13":"purchasable","14":"product-type-simple"},"yoast_head":"<!-- This site is optimized with the Yoast SEO plugin v27.2 - https:\/\/yoast.com\/product\/yoast-seo-wordpress\/ -->\n<title>Sellador De Silicona Acetica Sanisil (anti Hongo En Sanitarios) X 300 Ml - CALZAVARA<\/title>\n<meta name=\"robots\" content=\"index, follow, max-snippet:-1, max-image-preview:large, max-video-preview:-1\" \/>\n<link rel=\"canonical\" href=\"https:\/\/calzavara.ar\/index.php\/producto\/sellador-de-silicona-acetica-sanisil-anti-hongo-en-sanitarios-x-300-ml\/\" \/>\n<meta property=\"og:locale\" content=\"es_ES\" \/>\n<meta property=\"og:type\" content=\"article\" \/>\n<meta property=\"og:title\" content=\"Sellador De Silicona Acetica Sanisil (anti Hongo En Sanitarios) X 300 Ml - CALZAVARA\" \/>\n<meta property=\"og:description\" content=\"Sanisil\u00ae es un sellador de silicona monocomponente de curado ac\u00e9tico para aplicaciones en interior o exterior. Sanisil es adecuado para\" \/>\n<meta property=\"og:url\" content=\"https:\/\/calzavara.ar\/index.php\/producto\/sellador-de-silicona-acetica-sanisil-anti-hongo-en-sanitarios-x-300-ml\/\" \/>\n<meta property=\"og:site_name\" content=\"CALZAVARA\" \/>\n<meta property=\"article:publisher\" content=\"https:\/\/www.facebook.com\/calzavarasrl\" \/>\n<meta property=\"article:modified_time\" content=\"2026-01-19T11:41:33+00:00\" \/>\n<meta property=\"og:image\" content=\"https:\/\/calzavara.ar\/wp-content\/uploads\/2021\/04\/24198.jpg\" \/>\n\t<meta property=\"og:image:width\" content=\"1300\" \/>\n\t<meta property=\"og:image:height\" content=\"1300\" \/>\n\t<meta property=\"og:image:type\" content=\"image\/jpeg\" \/>\n<meta name=\"twitter:card\" content=\"summary_large_image\" \/>\n<script type=\"application\/ld+json\" class=\"yoast-schema-graph\">{\"@context\":\"https:\/\/schema.org\",\"@graph\":[{\"@type\":\"WebPage\",\"@id\":\"https:\/\/calzavara.ar\/index.php\/producto\/sellador-de-silicona-acetica-sanisil-anti-hongo-en-sanitarios-x-300-ml\/\",\"url\":\"https:\/\/calzavara.ar\/index.php\/producto\/sellador-de-silicona-acetica-sanisil-anti-hongo-en-sanitarios-x-300-ml\/\",\"name\":\"Sellador De Silicona Acetica Sanisil (anti Hongo En Sanitarios) X 300 Ml - CALZAVARA\",\"isPartOf\":{\"@id\":\"https:\/\/calzavara.ar\/#website\"},\"primaryImageOfPage\":{\"@id\":\"https:\/\/calzavara.ar\/index.php\/producto\/sellador-de-silicona-acetica-sanisil-anti-hongo-en-sanitarios-x-300-ml\/#primaryimage\"},\"image\":{\"@id\":\"https:\/\/calzavara.ar\/index.php\/producto\/sellador-de-silicona-acetica-sanisil-anti-hongo-en-sanitarios-x-300-ml\/#primaryimage\"},\"thumbnailUrl\":\"https:\/\/calzavara.ar\/wp-content\/uploads\/2021\/04\/24198.jpg\",\"datePublished\":\"2021-04-26T11:40:42+00:00\",\"dateModified\":\"2026-01-19T11:41:33+00:00\",\"breadcrumb\":{\"@id\":\"https:\/\/calzavara.ar\/index.php\/producto\/sellador-de-silicona-acetica-sanisil-anti-hongo-en-sanitarios-x-300-ml\/#breadcrumb\"},\"inLanguage\":\"es\",\"potentialAction\":[{\"@type\":\"ReadAction\",\"target\":[\"https:\/\/calzavara.ar\/index.php\/producto\/sellador-de-silicona-acetica-sanisil-anti-hongo-en-sanitarios-x-300-ml\/\"]}]},{\"@type\":\"ImageObject\",\"inLanguage\":\"es\",\"@id\":\"https:\/\/calzavara.ar\/index.php\/producto\/sellador-de-silicona-acetica-sanisil-anti-hongo-en-sanitarios-x-300-ml\/#primaryimage\",\"url\":\"https:\/\/calzavara.ar\/wp-content\/uploads\/2021\/04\/24198.jpg\",\"contentUrl\":\"https:\/\/calzavara.ar\/wp-content\/uploads\/2021\/04\/24198.jpg\",\"width\":1300,\"height\":1300},{\"@type\":\"BreadcrumbList\",\"@id\":\"https:\/\/calzavara.ar\/index.php\/producto\/sellador-de-silicona-acetica-sanisil-anti-hongo-en-sanitarios-x-300-ml\/#breadcrumb\",\"itemListElement\":[{\"@type\":\"ListItem\",\"position\":1,\"name\":\"Portada\",\"item\":\"https:\/\/calzavara.ar\/\"},{\"@type\":\"ListItem\",\"position\":2,\"name\":\"Tienda\",\"item\":\"https:\/\/calzavara.ar\/index.php\/tienda\/\"},{\"@type\":\"ListItem\",\"position\":3,\"name\":\"Sellador De Silicona Acetica Sanisil (anti Hongo En Sanitarios) X 300 Ml\"}]},{\"@type\":\"WebSite\",\"@id\":\"https:\/\/calzavara.ar\/#website\",\"url\":\"https:\/\/calzavara.ar\/\",\"name\":\"CALZAVARA\",\"description\":\"Tienda Oficial CALZAVARA\",\"publisher\":{\"@id\":\"https:\/\/calzavara.ar\/#organization\"},\"potentialAction\":[{\"@type\":\"SearchAction\",\"target\":{\"@type\":\"EntryPoint\",\"urlTemplate\":\"https:\/\/calzavara.ar\/?s={search_term_string}\"},\"query-input\":{\"@type\":\"PropertyValueSpecification\",\"valueRequired\":true,\"valueName\":\"search_term_string\"}}],\"inLanguage\":\"es\"},{\"@type\":\"Organization\",\"@id\":\"https:\/\/calzavara.ar\/#organization\",\"name\":\"CALZAVARA\",\"url\":\"https:\/\/calzavara.ar\/\",\"logo\":{\"@type\":\"ImageObject\",\"inLanguage\":\"es\",\"@id\":\"https:\/\/calzavara.ar\/#\/schema\/logo\/image\/\",\"url\":\"https:\/\/calzavara.ar\/wp-content\/uploads\/2025\/05\/CalzaLogoRedes.jpg\",\"contentUrl\":\"https:\/\/calzavara.ar\/wp-content\/uploads\/2025\/05\/CalzaLogoRedes.jpg\",\"width\":640,\"height\":640,\"caption\":\"CALZAVARA\"},\"image\":{\"@id\":\"https:\/\/calzavara.ar\/#\/schema\/logo\/image\/\"},\"sameAs\":[\"https:\/\/www.facebook.com\/calzavarasrl\",\"https:\/\/www.instagram.com\/calzavara_herrajes\",\"https:\/\/www.linkedin.com\/company\/calzavara\/\",\"https:\/\/www.youtube.com\/@calzavara3279\"]}]}<\/script>\n<!-- \/ Yoast SEO plugin. -->","yoast_head_json":{"title":"Sellador De Silicona Acetica Sanisil (anti Hongo En Sanitarios) X 300 Ml - CALZAVARA","robots":{"index":"index","follow":"follow","max-snippet":"max-snippet:-1","max-image-preview":"max-image-preview:large","max-video-preview":"max-video-preview:-1"},"canonical":"https:\/\/calzavara.ar\/index.php\/producto\/sellador-de-silicona-acetica-sanisil-anti-hongo-en-sanitarios-x-300-ml\/","og_locale":"es_ES","og_type":"article","og_title":"Sellador De Silicona Acetica Sanisil (anti Hongo En Sanitarios) X 300 Ml - CALZAVARA","og_description":"Sanisil\u00ae es un sellador de silicona monocomponente de curado ac\u00e9tico para aplicaciones en interior o exterior. Sanisil es adecuado para","og_url":"https:\/\/calzavara.ar\/index.php\/producto\/sellador-de-silicona-acetica-sanisil-anti-hongo-en-sanitarios-x-300-ml\/","og_site_name":"CALZAVARA","article_publisher":"https:\/\/www.facebook.com\/calzavarasrl","article_modified_time":"2026-01-19T11:41:33+00:00","og_image":[{"width":1300,"height":1300,"url":"https:\/\/calzavara.ar\/wp-content\/uploads\/2021\/04\/24198.jpg","type":"image\/jpeg"}],"twitter_card":"summary_large_image","schema":{"@context":"https:\/\/schema.org","@graph":[{"@type":"WebPage","@id":"https:\/\/calzavara.ar\/index.php\/producto\/sellador-de-silicona-acetica-sanisil-anti-hongo-en-sanitarios-x-300-ml\/","url":"https:\/\/calzavara.ar\/index.php\/producto\/sellador-de-silicona-acetica-sanisil-anti-hongo-en-sanitarios-x-300-ml\/","name":"Sellador De Silicona Acetica Sanisil (anti Hongo En Sanitarios) X 300 Ml - CALZAVARA","isPartOf":{"@id":"https:\/\/calzavara.ar\/#website"},"primaryImageOfPage":{"@id":"https:\/\/calzavara.ar\/index.php\/producto\/sellador-de-silicona-acetica-sanisil-anti-hongo-en-sanitarios-x-300-ml\/#primaryimage"},"image":{"@id":"https:\/\/calzavara.ar\/index.php\/producto\/sellador-de-silicona-acetica-sanisil-anti-hongo-en-sanitarios-x-300-ml\/#primaryimage"},"thumbnailUrl":"https:\/\/calzavara.ar\/wp-content\/uploads\/2021\/04\/24198.jpg","datePublished":"2021-04-26T11:40:42+00:00","dateModified":"2026-01-19T11:41:33+00:00","breadcrumb":{"@id":"https:\/\/calzavara.ar\/index.php\/producto\/sellador-de-silicona-acetica-sanisil-anti-hongo-en-sanitarios-x-300-ml\/#breadcrumb"},"inLanguage":"es","potentialAction":[{"@type":"ReadAction","target":["https:\/\/calzavara.ar\/index.php\/producto\/sellador-de-silicona-acetica-sanisil-anti-hongo-en-sanitarios-x-300-ml\/"]}]},{"@type":"ImageObject","inLanguage":"es","@id":"https:\/\/calzavara.ar\/index.php\/producto\/sellador-de-silicona-acetica-sanisil-anti-hongo-en-sanitarios-x-300-ml\/#primaryimage","url":"https:\/\/calzavara.ar\/wp-content\/uploads\/2021\/04\/24198.jpg","contentUrl":"https:\/\/calzavara.ar\/wp-content\/uploads\/2021\/04\/24198.jpg","width":1300,"height":1300},{"@type":"BreadcrumbList","@id":"https:\/\/calzavara.ar\/index.php\/producto\/sellador-de-silicona-acetica-sanisil-anti-hongo-en-sanitarios-x-300-ml\/#breadcrumb","itemListElement":[{"@type":"ListItem","position":1,"name":"Portada","item":"https:\/\/calzavara.ar\/"},{"@type":"ListItem","position":2,"name":"Tienda","item":"https:\/\/calzavara.ar\/index.php\/tienda\/"},{"@type":"ListItem","position":3,"name":"Sellador De Silicona Acetica Sanisil (anti Hongo En Sanitarios) X 300 Ml"}]},{"@type":"WebSite","@id":"https:\/\/calzavara.ar\/#website","url":"https:\/\/calzavara.ar\/","name":"CALZAVARA","description":"Tienda Oficial CALZAVARA","publisher":{"@id":"https:\/\/calzavara.ar\/#organization"},"potentialAction":[{"@type":"SearchAction","target":{"@type":"EntryPoint","urlTemplate":"https:\/\/calzavara.ar\/?s={search_term_string}"},"query-input":{"@type":"PropertyValueSpecification","valueRequired":true,"valueName":"search_term_string"}}],"inLanguage":"es"},{"@type":"Organization","@id":"https:\/\/calzavara.ar\/#organization","name":"CALZAVARA","url":"https:\/\/calzavara.ar\/","logo":{"@type":"ImageObject","inLanguage":"es","@id":"https:\/\/calzavara.ar\/#\/schema\/logo\/image\/","url":"https:\/\/calzavara.ar\/wp-content\/uploads\/2025\/05\/CalzaLogoRedes.jpg","contentUrl":"https:\/\/calzavara.ar\/wp-content\/uploads\/2025\/05\/CalzaLogoRedes.jpg","width":640,"height":640,"caption":"CALZAVARA"},"image":{"@id":"https:\/\/calzavara.ar\/#\/schema\/logo\/image\/"},"sameAs":["https:\/\/www.facebook.com\/calzavarasrl","https:\/\/www.instagram.com\/calzavara_herrajes","https:\/\/www.linkedin.com\/company\/calzavara\/","https:\/\/www.youtube.com\/@calzavara3279"]}]}},"jetpack_sharing_enabled":true,"_links":{"self":[{"href":"https:\/\/calzavara.ar\/index.php\/wp-json\/wp\/v2\/product\/6701","targetHints":{"allow":["GET"]}}],"collection":[{"href":"https:\/\/calzavara.ar\/index.php\/wp-json\/wp\/v2\/product"}],"about":[{"href":"https:\/\/calzavara.ar\/index.php\/wp-json\/wp\/v2\/types\/product"}],"wp:featuredmedia":[{"embeddable":true,"href":"https:\/\/calzavara.ar\/index.php\/wp-json\/wp\/v2\/media\/6697"}],"wp:attachment":[{"href":"https:\/\/calzavara.ar\/index.php\/wp-json\/wp\/v2\/media?parent=6701"}],"wp:term":[{"taxonomy":"product_brand","embeddable":true,"href":"https:\/\/calzavara.ar\/index.php\/wp-json\/wp\/v2\/product_brand?post=6701"},{"taxonomy":"product_cat","embeddable":true,"href":"https:\/\/calzavara.ar\/index.php\/wp-json\/wp\/v2\/product_cat?post=6701"},{"taxonomy":"product_tag","embeddable":true,"href":"https:\/\/calzavara.ar\/index.php\/wp-json\/wp\/v2\/product_tag?post=6701"}],"curies":[{"name":"wp","href":"https:\/\/api.w.org\/{rel}","templated":true}]}}