{"id":6696,"date":"2021-04-26T08:40:37","date_gmt":"2021-04-26T11:40:37","guid":{"rendered":"https:\/\/calzavara.ar\/index.php\/producto\/sellador-pegamento-adhesivo-fischer-ms-express-305gr-290ml\/"},"modified":"2026-01-19T08:41:33","modified_gmt":"2026-01-19T11:41:33","slug":"sellador-pegamento-adhesivo-fischer-ms-express-305gr-290ml","status":"publish","type":"product","link":"https:\/\/calzavara.ar\/index.php\/producto\/sellador-pegamento-adhesivo-fischer-ms-express-305gr-290ml\/","title":{"rendered":"Sellador Pegamento Adhesivo Fischer Ms Express 305gr 290ml"},"content":{"rendered":"<p>COLORES: BLANCO \/ NEGRO<br \/>\nIMPORTANTE: AL COMPRAR ESPECIFICAR EN EL CHAT INTERNO DE MERCADOLIBRE QUE COLOR NECESITA!! SINO MENCIONA EL COLOR QUE NECESITO. ENVIAREMOS EL COLOR QUE MAYOR DISPONIBILIDAD DE STOCK TENGAMOS.<\/p>\n<p>Descripci\u00f3n:<br \/>\nEl fischer MS es un sellador adhesivo profesional para altas prestaciones. combinando lo mejor de las siliconas y de los selladores poliuret\u00e1nicos con mejores resultados. Tecnolog\u00eda h\u00edbrida de alta performance.<\/p>\n<p>Aplicaciones:<br \/>\nEl fischer MS es un sellador adhesivo universal de amplio espectro<br \/>\nConstrucci\u00f3n: ideal para pegado de z\u00f3calos. paneles. revestimientos. material<br \/>\naislante. espejos en paredes. juntas de uni\u00f3n o dilataci\u00f3n. sellados en general.<br \/>\nsanitarios. maderas. aberturas. estructuras met\u00e1licas. chapas protectoras. ductos de ventilaci\u00f3n. claraboyas. policarbonatos. bachas de acero inoxidable en mesadas. etc<\/p>\n<p>Industria: ideal para utilizar en sector automotriz. n\u00e1utica. maquinarias. carteles y<br \/>\npaneles publicitarios. refrigeraci\u00f3n. vitrinas. \u00e1reas de gastronom\u00eda y espacios fr\u00edos. etc.<\/p>\n<p>FORMAS DE ENV\u00cdO<br \/>\nENV\u00cdOS A TODO EL PA\u00cdS<br \/>\nPara ver el costo de env\u00edo. Hacer click en -Ver costos de env\u00edo- (arriba del bot\u00f3n COMPRAR)<br \/>\nA cargo del comprador. excepto que la publicaci\u00f3n aclare env\u00edo gratuito.<br \/>\nTambi\u00e9n enviamos por Colectivo. Transporte Y Cadete (cadete dentro de Rosario)<\/p>\n<p>Retiro en nuestras Tiendas (presentar DNI o enviar datos de la persona\/comisionista que va a retirar)<br \/>\nHorarios Casa Central LUNES A VIERNES DE 8 A 19 HS. &#8211; S\u00c1BADOS DE 8:30 A 12:30 HS<\/p>\n<p>Se hacen FACTURAS A (Ni bien realiza la compra debe avisar que necesita Factura A y enviar los datos para poder realizar la facturaci\u00f3n) y FACTURAS B<\/p>\n<p>ROSARIO &#8211; SANTA FE- ARGENTINA<\/p>\n","protected":false},"excerpt":{"rendered":"<p>COLORES: BLANCO \/ NEGRO IMPORTANTE: AL COMPRAR ESPECIFICAR EN EL CHAT INTERNO DE MERCADOLIBRE QUE COLOR NECESITA!! SINO MENCIONA EL<\/p>\n","protected":false},"featured_media":6651,"template":"","meta":[],"product_brand":[],"product_cat":[69],"product_tag":[446],"class_list":{"0":"post-6696","1":"product","2":"type-product","3":"status-publish","4":"has-post-thumbnail","6":"product_cat-adhesivosselladores","7":"product_tag-sellador-pegamento-adhesivo-fischer-express","9":"first","10":"outofstock","11":"sale","12":"taxable","13":"shipping-taxable","14":"purchasable","15":"product-type-simple"},"yoast_head":"<!-- This site is optimized with the Yoast SEO plugin v27.2 - https:\/\/yoast.com\/product\/yoast-seo-wordpress\/ -->\n<title>Sellador Pegamento Adhesivo Fischer Ms Express 305gr 290ml - CALZAVARA<\/title>\n<meta name=\"robots\" content=\"index, follow, max-snippet:-1, max-image-preview:large, max-video-preview:-1\" \/>\n<link rel=\"canonical\" href=\"https:\/\/calzavara.ar\/index.php\/producto\/sellador-pegamento-adhesivo-fischer-ms-express-305gr-290ml\/\" \/>\n<meta property=\"og:locale\" content=\"es_ES\" \/>\n<meta property=\"og:type\" content=\"article\" \/>\n<meta property=\"og:title\" content=\"Sellador Pegamento Adhesivo Fischer Ms Express 305gr 290ml - CALZAVARA\" \/>\n<meta property=\"og:description\" content=\"COLORES: BLANCO \/ NEGRO IMPORTANTE: AL COMPRAR ESPECIFICAR EN EL CHAT INTERNO DE MERCADOLIBRE QUE COLOR NECESITA!! SINO MENCIONA EL\" \/>\n<meta property=\"og:url\" content=\"https:\/\/calzavara.ar\/index.php\/producto\/sellador-pegamento-adhesivo-fischer-ms-express-305gr-290ml\/\" \/>\n<meta property=\"og:site_name\" content=\"CALZAVARA\" \/>\n<meta property=\"article:publisher\" content=\"https:\/\/www.facebook.com\/calzavarasrl\" \/>\n<meta property=\"article:modified_time\" content=\"2026-01-19T11:41:33+00:00\" \/>\n<meta property=\"og:image\" content=\"https:\/\/calzavara.ar\/wp-content\/uploads\/2021\/04\/11065.png\" \/>\n\t<meta property=\"og:image:width\" content=\"1448\" \/>\n\t<meta property=\"og:image:height\" content=\"1196\" \/>\n\t<meta property=\"og:image:type\" content=\"image\/png\" \/>\n<meta name=\"twitter:card\" content=\"summary_large_image\" \/>\n<meta name=\"twitter:label1\" content=\"Tiempo de lectura\" \/>\n\t<meta name=\"twitter:data1\" content=\"1 minuto\" \/>\n<script type=\"application\/ld+json\" class=\"yoast-schema-graph\">{\"@context\":\"https:\/\/schema.org\",\"@graph\":[{\"@type\":\"WebPage\",\"@id\":\"https:\/\/calzavara.ar\/index.php\/producto\/sellador-pegamento-adhesivo-fischer-ms-express-305gr-290ml\/\",\"url\":\"https:\/\/calzavara.ar\/index.php\/producto\/sellador-pegamento-adhesivo-fischer-ms-express-305gr-290ml\/\",\"name\":\"Sellador Pegamento Adhesivo Fischer Ms Express 305gr 290ml - CALZAVARA\",\"isPartOf\":{\"@id\":\"https:\/\/calzavara.ar\/#website\"},\"primaryImageOfPage\":{\"@id\":\"https:\/\/calzavara.ar\/index.php\/producto\/sellador-pegamento-adhesivo-fischer-ms-express-305gr-290ml\/#primaryimage\"},\"image\":{\"@id\":\"https:\/\/calzavara.ar\/index.php\/producto\/sellador-pegamento-adhesivo-fischer-ms-express-305gr-290ml\/#primaryimage\"},\"thumbnailUrl\":\"https:\/\/calzavara.ar\/wp-content\/uploads\/2021\/04\/11065.png\",\"datePublished\":\"2021-04-26T11:40:37+00:00\",\"dateModified\":\"2026-01-19T11:41:33+00:00\",\"breadcrumb\":{\"@id\":\"https:\/\/calzavara.ar\/index.php\/producto\/sellador-pegamento-adhesivo-fischer-ms-express-305gr-290ml\/#breadcrumb\"},\"inLanguage\":\"es\",\"potentialAction\":[{\"@type\":\"ReadAction\",\"target\":[\"https:\/\/calzavara.ar\/index.php\/producto\/sellador-pegamento-adhesivo-fischer-ms-express-305gr-290ml\/\"]}]},{\"@type\":\"ImageObject\",\"inLanguage\":\"es\",\"@id\":\"https:\/\/calzavara.ar\/index.php\/producto\/sellador-pegamento-adhesivo-fischer-ms-express-305gr-290ml\/#primaryimage\",\"url\":\"https:\/\/calzavara.ar\/wp-content\/uploads\/2021\/04\/11065.png\",\"contentUrl\":\"https:\/\/calzavara.ar\/wp-content\/uploads\/2021\/04\/11065.png\",\"width\":1448,\"height\":1196},{\"@type\":\"BreadcrumbList\",\"@id\":\"https:\/\/calzavara.ar\/index.php\/producto\/sellador-pegamento-adhesivo-fischer-ms-express-305gr-290ml\/#breadcrumb\",\"itemListElement\":[{\"@type\":\"ListItem\",\"position\":1,\"name\":\"Portada\",\"item\":\"https:\/\/calzavara.ar\/\"},{\"@type\":\"ListItem\",\"position\":2,\"name\":\"Tienda\",\"item\":\"https:\/\/calzavara.ar\/index.php\/tienda\/\"},{\"@type\":\"ListItem\",\"position\":3,\"name\":\"Sellador Pegamento Adhesivo Fischer Ms Express 305gr 290ml\"}]},{\"@type\":\"WebSite\",\"@id\":\"https:\/\/calzavara.ar\/#website\",\"url\":\"https:\/\/calzavara.ar\/\",\"name\":\"CALZAVARA\",\"description\":\"Tienda Oficial CALZAVARA\",\"publisher\":{\"@id\":\"https:\/\/calzavara.ar\/#organization\"},\"potentialAction\":[{\"@type\":\"SearchAction\",\"target\":{\"@type\":\"EntryPoint\",\"urlTemplate\":\"https:\/\/calzavara.ar\/?s={search_term_string}\"},\"query-input\":{\"@type\":\"PropertyValueSpecification\",\"valueRequired\":true,\"valueName\":\"search_term_string\"}}],\"inLanguage\":\"es\"},{\"@type\":\"Organization\",\"@id\":\"https:\/\/calzavara.ar\/#organization\",\"name\":\"CALZAVARA\",\"url\":\"https:\/\/calzavara.ar\/\",\"logo\":{\"@type\":\"ImageObject\",\"inLanguage\":\"es\",\"@id\":\"https:\/\/calzavara.ar\/#\/schema\/logo\/image\/\",\"url\":\"https:\/\/calzavara.ar\/wp-content\/uploads\/2025\/05\/CalzaLogoRedes.jpg\",\"contentUrl\":\"https:\/\/calzavara.ar\/wp-content\/uploads\/2025\/05\/CalzaLogoRedes.jpg\",\"width\":640,\"height\":640,\"caption\":\"CALZAVARA\"},\"image\":{\"@id\":\"https:\/\/calzavara.ar\/#\/schema\/logo\/image\/\"},\"sameAs\":[\"https:\/\/www.facebook.com\/calzavarasrl\",\"https:\/\/www.instagram.com\/calzavara_herrajes\",\"https:\/\/www.linkedin.com\/company\/calzavara\/\",\"https:\/\/www.youtube.com\/@calzavara3279\"]}]}<\/script>\n<!-- \/ Yoast SEO plugin. -->","yoast_head_json":{"title":"Sellador Pegamento Adhesivo Fischer Ms Express 305gr 290ml - CALZAVARA","robots":{"index":"index","follow":"follow","max-snippet":"max-snippet:-1","max-image-preview":"max-image-preview:large","max-video-preview":"max-video-preview:-1"},"canonical":"https:\/\/calzavara.ar\/index.php\/producto\/sellador-pegamento-adhesivo-fischer-ms-express-305gr-290ml\/","og_locale":"es_ES","og_type":"article","og_title":"Sellador Pegamento Adhesivo Fischer Ms Express 305gr 290ml - CALZAVARA","og_description":"COLORES: BLANCO \/ NEGRO IMPORTANTE: AL COMPRAR ESPECIFICAR EN EL CHAT INTERNO DE MERCADOLIBRE QUE COLOR NECESITA!! SINO MENCIONA EL","og_url":"https:\/\/calzavara.ar\/index.php\/producto\/sellador-pegamento-adhesivo-fischer-ms-express-305gr-290ml\/","og_site_name":"CALZAVARA","article_publisher":"https:\/\/www.facebook.com\/calzavarasrl","article_modified_time":"2026-01-19T11:41:33+00:00","og_image":[{"width":1448,"height":1196,"url":"https:\/\/calzavara.ar\/wp-content\/uploads\/2021\/04\/11065.png","type":"image\/png"}],"twitter_card":"summary_large_image","twitter_misc":{"Tiempo de lectura":"1 minuto"},"schema":{"@context":"https:\/\/schema.org","@graph":[{"@type":"WebPage","@id":"https:\/\/calzavara.ar\/index.php\/producto\/sellador-pegamento-adhesivo-fischer-ms-express-305gr-290ml\/","url":"https:\/\/calzavara.ar\/index.php\/producto\/sellador-pegamento-adhesivo-fischer-ms-express-305gr-290ml\/","name":"Sellador Pegamento Adhesivo Fischer Ms Express 305gr 290ml - CALZAVARA","isPartOf":{"@id":"https:\/\/calzavara.ar\/#website"},"primaryImageOfPage":{"@id":"https:\/\/calzavara.ar\/index.php\/producto\/sellador-pegamento-adhesivo-fischer-ms-express-305gr-290ml\/#primaryimage"},"image":{"@id":"https:\/\/calzavara.ar\/index.php\/producto\/sellador-pegamento-adhesivo-fischer-ms-express-305gr-290ml\/#primaryimage"},"thumbnailUrl":"https:\/\/calzavara.ar\/wp-content\/uploads\/2021\/04\/11065.png","datePublished":"2021-04-26T11:40:37+00:00","dateModified":"2026-01-19T11:41:33+00:00","breadcrumb":{"@id":"https:\/\/calzavara.ar\/index.php\/producto\/sellador-pegamento-adhesivo-fischer-ms-express-305gr-290ml\/#breadcrumb"},"inLanguage":"es","potentialAction":[{"@type":"ReadAction","target":["https:\/\/calzavara.ar\/index.php\/producto\/sellador-pegamento-adhesivo-fischer-ms-express-305gr-290ml\/"]}]},{"@type":"ImageObject","inLanguage":"es","@id":"https:\/\/calzavara.ar\/index.php\/producto\/sellador-pegamento-adhesivo-fischer-ms-express-305gr-290ml\/#primaryimage","url":"https:\/\/calzavara.ar\/wp-content\/uploads\/2021\/04\/11065.png","contentUrl":"https:\/\/calzavara.ar\/wp-content\/uploads\/2021\/04\/11065.png","width":1448,"height":1196},{"@type":"BreadcrumbList","@id":"https:\/\/calzavara.ar\/index.php\/producto\/sellador-pegamento-adhesivo-fischer-ms-express-305gr-290ml\/#breadcrumb","itemListElement":[{"@type":"ListItem","position":1,"name":"Portada","item":"https:\/\/calzavara.ar\/"},{"@type":"ListItem","position":2,"name":"Tienda","item":"https:\/\/calzavara.ar\/index.php\/tienda\/"},{"@type":"ListItem","position":3,"name":"Sellador Pegamento Adhesivo Fischer Ms Express 305gr 290ml"}]},{"@type":"WebSite","@id":"https:\/\/calzavara.ar\/#website","url":"https:\/\/calzavara.ar\/","name":"CALZAVARA","description":"Tienda Oficial CALZAVARA","publisher":{"@id":"https:\/\/calzavara.ar\/#organization"},"potentialAction":[{"@type":"SearchAction","target":{"@type":"EntryPoint","urlTemplate":"https:\/\/calzavara.ar\/?s={search_term_string}"},"query-input":{"@type":"PropertyValueSpecification","valueRequired":true,"valueName":"search_term_string"}}],"inLanguage":"es"},{"@type":"Organization","@id":"https:\/\/calzavara.ar\/#organization","name":"CALZAVARA","url":"https:\/\/calzavara.ar\/","logo":{"@type":"ImageObject","inLanguage":"es","@id":"https:\/\/calzavara.ar\/#\/schema\/logo\/image\/","url":"https:\/\/calzavara.ar\/wp-content\/uploads\/2025\/05\/CalzaLogoRedes.jpg","contentUrl":"https:\/\/calzavara.ar\/wp-content\/uploads\/2025\/05\/CalzaLogoRedes.jpg","width":640,"height":640,"caption":"CALZAVARA"},"image":{"@id":"https:\/\/calzavara.ar\/#\/schema\/logo\/image\/"},"sameAs":["https:\/\/www.facebook.com\/calzavarasrl","https:\/\/www.instagram.com\/calzavara_herrajes","https:\/\/www.linkedin.com\/company\/calzavara\/","https:\/\/www.youtube.com\/@calzavara3279"]}]}},"jetpack_sharing_enabled":true,"_links":{"self":[{"href":"https:\/\/calzavara.ar\/index.php\/wp-json\/wp\/v2\/product\/6696","targetHints":{"allow":["GET"]}}],"collection":[{"href":"https:\/\/calzavara.ar\/index.php\/wp-json\/wp\/v2\/product"}],"about":[{"href":"https:\/\/calzavara.ar\/index.php\/wp-json\/wp\/v2\/types\/product"}],"wp:featuredmedia":[{"embeddable":true,"href":"https:\/\/calzavara.ar\/index.php\/wp-json\/wp\/v2\/media\/6651"}],"wp:attachment":[{"href":"https:\/\/calzavara.ar\/index.php\/wp-json\/wp\/v2\/media?parent=6696"}],"wp:term":[{"taxonomy":"product_brand","embeddable":true,"href":"https:\/\/calzavara.ar\/index.php\/wp-json\/wp\/v2\/product_brand?post=6696"},{"taxonomy":"product_cat","embeddable":true,"href":"https:\/\/calzavara.ar\/index.php\/wp-json\/wp\/v2\/product_cat?post=6696"},{"taxonomy":"product_tag","embeddable":true,"href":"https:\/\/calzavara.ar\/index.php\/wp-json\/wp\/v2\/product_tag?post=6696"}],"curies":[{"name":"wp","href":"https:\/\/api.w.org\/{rel}","templated":true}]}}