{"id":6691,"date":"2021-04-26T08:33:54","date_gmt":"2021-04-26T11:33:54","guid":{"rendered":"https:\/\/calzavara.ar\/index.php\/producto\/sikasil-in-sellador-silicona-sika-neutra-300ml\/"},"modified":"2026-01-19T08:41:33","modified_gmt":"2026-01-19T11:41:33","slug":"sikasil-in-sellador-silicona-sika-neutra-300ml","status":"publish","type":"product","link":"https:\/\/calzavara.ar\/index.php\/producto\/sikasil-in-sellador-silicona-sika-neutra-300ml\/","title":{"rendered":"Sikasil In &#8211; Sellador \/ Silicona Sika Neutra 300ml"},"content":{"rendered":"<p>Descripci\u00f3n<br \/>\nSikasil\u00ae-IN es un sellador de silicona de un componente. de curado neutro. bajo m\u00f3dulo. largo tiempo de vida de almacenamiento. aplicable en interiores y exteriores para sellado de uniones y juntas en una amplia variedad de superficies.<\/p>\n<p>Beneficios del producto<br \/>\nSikasil\u00ae-IN presenta las siguientes ventajas:<br \/>\n&#8211; Adherencia sin primer a la mayor\u00eda de los materiales.<br \/>\n&#8211; Poco olor<br \/>\n&#8211; Listo para su uso<br \/>\n&#8211; Resistente al UV y la intemperie.<br \/>\n&#8211; Tixotr\u00f3pico. no escurre en juntas verticales.<br \/>\n&#8211; Buena trabajabilidad.<br \/>\n&#8211; No corrosivo para los metales.<br \/>\n&#8211; Adecuado para sustrato alcalinos como: concreto y morteros<br \/>\n&#8211; Alta flexibilidad y elasticidad.<br \/>\n&#8211; Larga vida de almacenamiento.<br \/>\n&#8211; Resistente a los hongos<\/p>\n<p>\u00c1reas de aplicaci\u00f3n:<br \/>\nSikasil\u00ae_IN es adecuado para el sellado perimetral de acristalamientos (no estructural). juntas de conexi\u00f3n y expansi\u00f3n en la construcci\u00f3n. con la mayor\u00eda de los substratos utilizados en aplicaciones sanitarias. vidrio. cer\u00e1mica. azulejos. cemento. aluminio. acero. zinc. madera. y varios pl\u00e1sticos como policarbonatos. Este producto es adecuado s\u00f3lo para profesionales con experiencia. Se deben realizar pruebas preliminares con los materiales y condiciones reales para asegurar la adhesi\u00f3n y compatibilidad con los materiales.<\/p>\n","protected":false},"excerpt":{"rendered":"<p>Descripci\u00f3n Sikasil\u00ae-IN es un sellador de silicona de un componente. de curado neutro. bajo m\u00f3dulo. largo tiempo de vida de<\/p>\n","protected":false},"featured_media":6690,"template":"","meta":[],"product_brand":[],"product_cat":[69],"product_tag":[450],"class_list":{"0":"post-6691","1":"product","2":"type-product","3":"status-publish","4":"has-post-thumbnail","6":"product_cat-adhesivosselladores","7":"product_tag-sellador-silicona-neutrea-sika","9":"first","10":"instock","11":"sold-individually","12":"taxable","13":"shipping-taxable","14":"purchasable","15":"product-type-simple"},"yoast_head":"<!-- This site is optimized with the Yoast SEO plugin v27.2 - https:\/\/yoast.com\/product\/yoast-seo-wordpress\/ -->\n<title>Sikasil In - Sellador \/ Silicona Sika Neutra 300ml - CALZAVARA<\/title>\n<meta name=\"robots\" content=\"index, follow, max-snippet:-1, max-image-preview:large, max-video-preview:-1\" \/>\n<link rel=\"canonical\" href=\"https:\/\/calzavara.ar\/index.php\/producto\/sikasil-in-sellador-silicona-sika-neutra-300ml\/\" \/>\n<meta property=\"og:locale\" content=\"es_ES\" \/>\n<meta property=\"og:type\" content=\"article\" \/>\n<meta property=\"og:title\" content=\"Sikasil In - Sellador \/ Silicona Sika Neutra 300ml - CALZAVARA\" \/>\n<meta property=\"og:description\" content=\"Descripci\u00f3n Sikasil\u00ae-IN es un sellador de silicona de un componente. de curado neutro. bajo m\u00f3dulo. largo tiempo de vida de\" \/>\n<meta property=\"og:url\" content=\"https:\/\/calzavara.ar\/index.php\/producto\/sikasil-in-sellador-silicona-sika-neutra-300ml\/\" \/>\n<meta property=\"og:site_name\" content=\"CALZAVARA\" \/>\n<meta property=\"article:publisher\" content=\"https:\/\/www.facebook.com\/calzavarasrl\" \/>\n<meta property=\"article:modified_time\" content=\"2026-01-19T11:41:33+00:00\" \/>\n<meta property=\"og:image\" content=\"https:\/\/calzavara.ar\/wp-content\/uploads\/2021\/04\/24200.jpg\" \/>\n\t<meta property=\"og:image:width\" content=\"1200\" \/>\n\t<meta property=\"og:image:height\" content=\"900\" \/>\n\t<meta property=\"og:image:type\" content=\"image\/jpeg\" \/>\n<meta name=\"twitter:card\" content=\"summary_large_image\" \/>\n<meta name=\"twitter:label1\" content=\"Tiempo de lectura\" \/>\n\t<meta name=\"twitter:data1\" content=\"1 minuto\" \/>\n<script type=\"application\/ld+json\" class=\"yoast-schema-graph\">{\"@context\":\"https:\/\/schema.org\",\"@graph\":[{\"@type\":\"WebPage\",\"@id\":\"https:\/\/calzavara.ar\/index.php\/producto\/sikasil-in-sellador-silicona-sika-neutra-300ml\/\",\"url\":\"https:\/\/calzavara.ar\/index.php\/producto\/sikasil-in-sellador-silicona-sika-neutra-300ml\/\",\"name\":\"Sikasil In - Sellador \/ Silicona Sika Neutra 300ml - CALZAVARA\",\"isPartOf\":{\"@id\":\"https:\/\/calzavara.ar\/#website\"},\"primaryImageOfPage\":{\"@id\":\"https:\/\/calzavara.ar\/index.php\/producto\/sikasil-in-sellador-silicona-sika-neutra-300ml\/#primaryimage\"},\"image\":{\"@id\":\"https:\/\/calzavara.ar\/index.php\/producto\/sikasil-in-sellador-silicona-sika-neutra-300ml\/#primaryimage\"},\"thumbnailUrl\":\"https:\/\/calzavara.ar\/wp-content\/uploads\/2021\/04\/24200.jpg\",\"datePublished\":\"2021-04-26T11:33:54+00:00\",\"dateModified\":\"2026-01-19T11:41:33+00:00\",\"breadcrumb\":{\"@id\":\"https:\/\/calzavara.ar\/index.php\/producto\/sikasil-in-sellador-silicona-sika-neutra-300ml\/#breadcrumb\"},\"inLanguage\":\"es\",\"potentialAction\":[{\"@type\":\"ReadAction\",\"target\":[\"https:\/\/calzavara.ar\/index.php\/producto\/sikasil-in-sellador-silicona-sika-neutra-300ml\/\"]}]},{\"@type\":\"ImageObject\",\"inLanguage\":\"es\",\"@id\":\"https:\/\/calzavara.ar\/index.php\/producto\/sikasil-in-sellador-silicona-sika-neutra-300ml\/#primaryimage\",\"url\":\"https:\/\/calzavara.ar\/wp-content\/uploads\/2021\/04\/24200.jpg\",\"contentUrl\":\"https:\/\/calzavara.ar\/wp-content\/uploads\/2021\/04\/24200.jpg\",\"width\":1200,\"height\":900},{\"@type\":\"BreadcrumbList\",\"@id\":\"https:\/\/calzavara.ar\/index.php\/producto\/sikasil-in-sellador-silicona-sika-neutra-300ml\/#breadcrumb\",\"itemListElement\":[{\"@type\":\"ListItem\",\"position\":1,\"name\":\"Portada\",\"item\":\"https:\/\/calzavara.ar\/\"},{\"@type\":\"ListItem\",\"position\":2,\"name\":\"Tienda\",\"item\":\"https:\/\/calzavara.ar\/index.php\/tienda\/\"},{\"@type\":\"ListItem\",\"position\":3,\"name\":\"Sikasil In &#8211; Sellador \/ Silicona Sika Neutra 300ml\"}]},{\"@type\":\"WebSite\",\"@id\":\"https:\/\/calzavara.ar\/#website\",\"url\":\"https:\/\/calzavara.ar\/\",\"name\":\"CALZAVARA\",\"description\":\"Tienda Oficial CALZAVARA\",\"publisher\":{\"@id\":\"https:\/\/calzavara.ar\/#organization\"},\"potentialAction\":[{\"@type\":\"SearchAction\",\"target\":{\"@type\":\"EntryPoint\",\"urlTemplate\":\"https:\/\/calzavara.ar\/?s={search_term_string}\"},\"query-input\":{\"@type\":\"PropertyValueSpecification\",\"valueRequired\":true,\"valueName\":\"search_term_string\"}}],\"inLanguage\":\"es\"},{\"@type\":\"Organization\",\"@id\":\"https:\/\/calzavara.ar\/#organization\",\"name\":\"CALZAVARA\",\"url\":\"https:\/\/calzavara.ar\/\",\"logo\":{\"@type\":\"ImageObject\",\"inLanguage\":\"es\",\"@id\":\"https:\/\/calzavara.ar\/#\/schema\/logo\/image\/\",\"url\":\"https:\/\/calzavara.ar\/wp-content\/uploads\/2025\/05\/CalzaLogoRedes.jpg\",\"contentUrl\":\"https:\/\/calzavara.ar\/wp-content\/uploads\/2025\/05\/CalzaLogoRedes.jpg\",\"width\":640,\"height\":640,\"caption\":\"CALZAVARA\"},\"image\":{\"@id\":\"https:\/\/calzavara.ar\/#\/schema\/logo\/image\/\"},\"sameAs\":[\"https:\/\/www.facebook.com\/calzavarasrl\",\"https:\/\/www.instagram.com\/calzavara_herrajes\",\"https:\/\/www.linkedin.com\/company\/calzavara\/\",\"https:\/\/www.youtube.com\/@calzavara3279\"]}]}<\/script>\n<!-- \/ Yoast SEO plugin. -->","yoast_head_json":{"title":"Sikasil In - Sellador \/ Silicona Sika Neutra 300ml - CALZAVARA","robots":{"index":"index","follow":"follow","max-snippet":"max-snippet:-1","max-image-preview":"max-image-preview:large","max-video-preview":"max-video-preview:-1"},"canonical":"https:\/\/calzavara.ar\/index.php\/producto\/sikasil-in-sellador-silicona-sika-neutra-300ml\/","og_locale":"es_ES","og_type":"article","og_title":"Sikasil In - Sellador \/ Silicona Sika Neutra 300ml - CALZAVARA","og_description":"Descripci\u00f3n Sikasil\u00ae-IN es un sellador de silicona de un componente. de curado neutro. bajo m\u00f3dulo. largo tiempo de vida de","og_url":"https:\/\/calzavara.ar\/index.php\/producto\/sikasil-in-sellador-silicona-sika-neutra-300ml\/","og_site_name":"CALZAVARA","article_publisher":"https:\/\/www.facebook.com\/calzavarasrl","article_modified_time":"2026-01-19T11:41:33+00:00","og_image":[{"width":1200,"height":900,"url":"https:\/\/calzavara.ar\/wp-content\/uploads\/2021\/04\/24200.jpg","type":"image\/jpeg"}],"twitter_card":"summary_large_image","twitter_misc":{"Tiempo de lectura":"1 minuto"},"schema":{"@context":"https:\/\/schema.org","@graph":[{"@type":"WebPage","@id":"https:\/\/calzavara.ar\/index.php\/producto\/sikasil-in-sellador-silicona-sika-neutra-300ml\/","url":"https:\/\/calzavara.ar\/index.php\/producto\/sikasil-in-sellador-silicona-sika-neutra-300ml\/","name":"Sikasil In - Sellador \/ Silicona Sika Neutra 300ml - CALZAVARA","isPartOf":{"@id":"https:\/\/calzavara.ar\/#website"},"primaryImageOfPage":{"@id":"https:\/\/calzavara.ar\/index.php\/producto\/sikasil-in-sellador-silicona-sika-neutra-300ml\/#primaryimage"},"image":{"@id":"https:\/\/calzavara.ar\/index.php\/producto\/sikasil-in-sellador-silicona-sika-neutra-300ml\/#primaryimage"},"thumbnailUrl":"https:\/\/calzavara.ar\/wp-content\/uploads\/2021\/04\/24200.jpg","datePublished":"2021-04-26T11:33:54+00:00","dateModified":"2026-01-19T11:41:33+00:00","breadcrumb":{"@id":"https:\/\/calzavara.ar\/index.php\/producto\/sikasil-in-sellador-silicona-sika-neutra-300ml\/#breadcrumb"},"inLanguage":"es","potentialAction":[{"@type":"ReadAction","target":["https:\/\/calzavara.ar\/index.php\/producto\/sikasil-in-sellador-silicona-sika-neutra-300ml\/"]}]},{"@type":"ImageObject","inLanguage":"es","@id":"https:\/\/calzavara.ar\/index.php\/producto\/sikasil-in-sellador-silicona-sika-neutra-300ml\/#primaryimage","url":"https:\/\/calzavara.ar\/wp-content\/uploads\/2021\/04\/24200.jpg","contentUrl":"https:\/\/calzavara.ar\/wp-content\/uploads\/2021\/04\/24200.jpg","width":1200,"height":900},{"@type":"BreadcrumbList","@id":"https:\/\/calzavara.ar\/index.php\/producto\/sikasil-in-sellador-silicona-sika-neutra-300ml\/#breadcrumb","itemListElement":[{"@type":"ListItem","position":1,"name":"Portada","item":"https:\/\/calzavara.ar\/"},{"@type":"ListItem","position":2,"name":"Tienda","item":"https:\/\/calzavara.ar\/index.php\/tienda\/"},{"@type":"ListItem","position":3,"name":"Sikasil In &#8211; Sellador \/ Silicona Sika Neutra 300ml"}]},{"@type":"WebSite","@id":"https:\/\/calzavara.ar\/#website","url":"https:\/\/calzavara.ar\/","name":"CALZAVARA","description":"Tienda Oficial CALZAVARA","publisher":{"@id":"https:\/\/calzavara.ar\/#organization"},"potentialAction":[{"@type":"SearchAction","target":{"@type":"EntryPoint","urlTemplate":"https:\/\/calzavara.ar\/?s={search_term_string}"},"query-input":{"@type":"PropertyValueSpecification","valueRequired":true,"valueName":"search_term_string"}}],"inLanguage":"es"},{"@type":"Organization","@id":"https:\/\/calzavara.ar\/#organization","name":"CALZAVARA","url":"https:\/\/calzavara.ar\/","logo":{"@type":"ImageObject","inLanguage":"es","@id":"https:\/\/calzavara.ar\/#\/schema\/logo\/image\/","url":"https:\/\/calzavara.ar\/wp-content\/uploads\/2025\/05\/CalzaLogoRedes.jpg","contentUrl":"https:\/\/calzavara.ar\/wp-content\/uploads\/2025\/05\/CalzaLogoRedes.jpg","width":640,"height":640,"caption":"CALZAVARA"},"image":{"@id":"https:\/\/calzavara.ar\/#\/schema\/logo\/image\/"},"sameAs":["https:\/\/www.facebook.com\/calzavarasrl","https:\/\/www.instagram.com\/calzavara_herrajes","https:\/\/www.linkedin.com\/company\/calzavara\/","https:\/\/www.youtube.com\/@calzavara3279"]}]}},"jetpack_sharing_enabled":true,"_links":{"self":[{"href":"https:\/\/calzavara.ar\/index.php\/wp-json\/wp\/v2\/product\/6691","targetHints":{"allow":["GET"]}}],"collection":[{"href":"https:\/\/calzavara.ar\/index.php\/wp-json\/wp\/v2\/product"}],"about":[{"href":"https:\/\/calzavara.ar\/index.php\/wp-json\/wp\/v2\/types\/product"}],"wp:featuredmedia":[{"embeddable":true,"href":"https:\/\/calzavara.ar\/index.php\/wp-json\/wp\/v2\/media\/6690"}],"wp:attachment":[{"href":"https:\/\/calzavara.ar\/index.php\/wp-json\/wp\/v2\/media?parent=6691"}],"wp:term":[{"taxonomy":"product_brand","embeddable":true,"href":"https:\/\/calzavara.ar\/index.php\/wp-json\/wp\/v2\/product_brand?post=6691"},{"taxonomy":"product_cat","embeddable":true,"href":"https:\/\/calzavara.ar\/index.php\/wp-json\/wp\/v2\/product_cat?post=6691"},{"taxonomy":"product_tag","embeddable":true,"href":"https:\/\/calzavara.ar\/index.php\/wp-json\/wp\/v2\/product_tag?post=6691"}],"curies":[{"name":"wp","href":"https:\/\/api.w.org\/{rel}","templated":true}]}}