{"id":6545,"date":"2021-04-21T16:48:07","date_gmt":"2021-04-21T19:48:07","guid":{"rendered":"https:\/\/calzavara.ar\/index.php\/producto\/mirilla-mirador-optico-180-para-puerta-de-35-a-55-mm-bronce\/"},"modified":"2026-01-19T08:41:30","modified_gmt":"2026-01-19T11:41:30","slug":"mirilla-mirador-optico-180-para-puerta-de-35-a-55-mm-bronce","status":"publish","type":"product","link":"https:\/\/calzavara.ar\/index.php\/producto\/mirilla-mirador-optico-180-para-puerta-de-35-a-55-mm-bronce\/","title":{"rendered":"Mirilla Mirador Optico 180? Para Puerta De 35 A 55 Mm Bronce"},"content":{"rendered":"<p>Mirador \u00f3ptico de gran calidad con visibilidad de 180\u00b0. Con este dispositivo se puede ver de excelente manera tanto la cabeza como los pies de aquel que est\u00e1 esperando detr\u00e1s de la puerta, como tambi\u00e9n los alrededores de esta persona.<br \/>\nConstruido \u00edntegramente de Bronce, lo que le da una extrema duraci\u00f3n al desgaste y al ambiente exterior. Su acabado platil le da un toque estilo a su puerta. Consta tambi\u00e9n de un bloqueador interior de bronce, para que no haya posibilidad alguna de que alguien mire del otro lado de la puerta. <\/p>\n<p>Para puertas de entre 35 y 55 mm de espesores.<\/p>\n<p>COLORES: DORADO Y PLATEADO (IMPORTANTE!: INDICAR QUE COLOR SE DESEA AL MOMENTO DE COMPRAR. EN CASO DE NO INDICAR SE LE ENVIAR\u00c1 COLOR PLATEADO). <\/p>\n","protected":false},"excerpt":{"rendered":"<p>Mirador \u00f3ptico de gran calidad con visibilidad de 180\u00b0. Con este dispositivo se puede ver de excelente manera tanto la<\/p>\n","protected":false},"featured_media":6355,"template":"","meta":[],"product_brand":[],"product_cat":[93],"product_tag":[371],"class_list":{"0":"post-6545","1":"product","2":"type-product","3":"status-publish","4":"has-post-thumbnail","6":"product_cat-mirillas","7":"product_tag-puerta-departamento-recpecion","9":"first","10":"outofstock","11":"taxable","12":"shipping-taxable","13":"purchasable","14":"product-type-simple"},"yoast_head":"<!-- This site is optimized with the Yoast SEO plugin v27.3 - https:\/\/yoast.com\/product\/yoast-seo-wordpress\/ -->\n<title>Mirilla Mirador Optico 180? Para Puerta De 35 A 55 Mm Bronce - CALZAVARA<\/title>\n<meta name=\"robots\" content=\"index, follow, max-snippet:-1, max-image-preview:large, max-video-preview:-1\" \/>\n<link rel=\"canonical\" href=\"https:\/\/calzavara.ar\/index.php\/producto\/mirilla-mirador-optico-180-para-puerta-de-35-a-55-mm-bronce\/\" \/>\n<meta property=\"og:locale\" content=\"es_ES\" \/>\n<meta property=\"og:type\" content=\"article\" \/>\n<meta property=\"og:title\" content=\"Mirilla Mirador Optico 180? Para Puerta De 35 A 55 Mm Bronce - CALZAVARA\" \/>\n<meta property=\"og:description\" content=\"Mirador \u00f3ptico de gran calidad con visibilidad de 180\u00b0. Con este dispositivo se puede ver de excelente manera tanto la\" \/>\n<meta property=\"og:url\" content=\"https:\/\/calzavara.ar\/index.php\/producto\/mirilla-mirador-optico-180-para-puerta-de-35-a-55-mm-bronce\/\" \/>\n<meta property=\"og:site_name\" content=\"CALZAVARA\" \/>\n<meta property=\"article:publisher\" content=\"https:\/\/www.facebook.com\/calzavarasrl\" \/>\n<meta property=\"article:modified_time\" content=\"2026-01-19T11:41:30+00:00\" \/>\n<meta property=\"og:image\" content=\"https:\/\/calzavara.ar\/wp-content\/uploads\/2021\/04\/90219.jpg\" \/>\n\t<meta property=\"og:image:width\" content=\"1000\" \/>\n\t<meta property=\"og:image:height\" content=\"772\" \/>\n\t<meta property=\"og:image:type\" content=\"image\/jpeg\" \/>\n<meta name=\"twitter:card\" content=\"summary_large_image\" \/>\n<meta name=\"twitter:label1\" content=\"Tiempo de lectura\" \/>\n\t<meta name=\"twitter:data1\" content=\"1 minuto\" \/>\n<script type=\"application\/ld+json\" class=\"yoast-schema-graph\">{\"@context\":\"https:\\\/\\\/schema.org\",\"@graph\":[{\"@type\":\"WebPage\",\"@id\":\"https:\\\/\\\/calzavara.ar\\\/index.php\\\/producto\\\/mirilla-mirador-optico-180-para-puerta-de-35-a-55-mm-bronce\\\/\",\"url\":\"https:\\\/\\\/calzavara.ar\\\/index.php\\\/producto\\\/mirilla-mirador-optico-180-para-puerta-de-35-a-55-mm-bronce\\\/\",\"name\":\"Mirilla Mirador Optico 180? Para Puerta De 35 A 55 Mm Bronce - CALZAVARA\",\"isPartOf\":{\"@id\":\"https:\\\/\\\/calzavara.ar\\\/#website\"},\"primaryImageOfPage\":{\"@id\":\"https:\\\/\\\/calzavara.ar\\\/index.php\\\/producto\\\/mirilla-mirador-optico-180-para-puerta-de-35-a-55-mm-bronce\\\/#primaryimage\"},\"image\":{\"@id\":\"https:\\\/\\\/calzavara.ar\\\/index.php\\\/producto\\\/mirilla-mirador-optico-180-para-puerta-de-35-a-55-mm-bronce\\\/#primaryimage\"},\"thumbnailUrl\":\"https:\\\/\\\/calzavara.ar\\\/wp-content\\\/uploads\\\/2021\\\/04\\\/90219.jpg\",\"datePublished\":\"2021-04-21T19:48:07+00:00\",\"dateModified\":\"2026-01-19T11:41:30+00:00\",\"breadcrumb\":{\"@id\":\"https:\\\/\\\/calzavara.ar\\\/index.php\\\/producto\\\/mirilla-mirador-optico-180-para-puerta-de-35-a-55-mm-bronce\\\/#breadcrumb\"},\"inLanguage\":\"es\",\"potentialAction\":[{\"@type\":\"ReadAction\",\"target\":[\"https:\\\/\\\/calzavara.ar\\\/index.php\\\/producto\\\/mirilla-mirador-optico-180-para-puerta-de-35-a-55-mm-bronce\\\/\"]}]},{\"@type\":\"ImageObject\",\"inLanguage\":\"es\",\"@id\":\"https:\\\/\\\/calzavara.ar\\\/index.php\\\/producto\\\/mirilla-mirador-optico-180-para-puerta-de-35-a-55-mm-bronce\\\/#primaryimage\",\"url\":\"https:\\\/\\\/calzavara.ar\\\/wp-content\\\/uploads\\\/2021\\\/04\\\/90219.jpg\",\"contentUrl\":\"https:\\\/\\\/calzavara.ar\\\/wp-content\\\/uploads\\\/2021\\\/04\\\/90219.jpg\",\"width\":1000,\"height\":772},{\"@type\":\"BreadcrumbList\",\"@id\":\"https:\\\/\\\/calzavara.ar\\\/index.php\\\/producto\\\/mirilla-mirador-optico-180-para-puerta-de-35-a-55-mm-bronce\\\/#breadcrumb\",\"itemListElement\":[{\"@type\":\"ListItem\",\"position\":1,\"name\":\"Portada\",\"item\":\"https:\\\/\\\/calzavara.ar\\\/\"},{\"@type\":\"ListItem\",\"position\":2,\"name\":\"Tienda\",\"item\":\"https:\\\/\\\/calzavara.ar\\\/index.php\\\/tienda\\\/\"},{\"@type\":\"ListItem\",\"position\":3,\"name\":\"Mirilla Mirador Optico 180? Para Puerta De 35 A 55 Mm Bronce\"}]},{\"@type\":\"WebSite\",\"@id\":\"https:\\\/\\\/calzavara.ar\\\/#website\",\"url\":\"https:\\\/\\\/calzavara.ar\\\/\",\"name\":\"CALZAVARA\",\"description\":\"Tienda Oficial CALZAVARA\",\"publisher\":{\"@id\":\"https:\\\/\\\/calzavara.ar\\\/#organization\"},\"potentialAction\":[{\"@type\":\"SearchAction\",\"target\":{\"@type\":\"EntryPoint\",\"urlTemplate\":\"https:\\\/\\\/calzavara.ar\\\/?s={search_term_string}\"},\"query-input\":{\"@type\":\"PropertyValueSpecification\",\"valueRequired\":true,\"valueName\":\"search_term_string\"}}],\"inLanguage\":\"es\"},{\"@type\":\"Organization\",\"@id\":\"https:\\\/\\\/calzavara.ar\\\/#organization\",\"name\":\"CALZAVARA\",\"url\":\"https:\\\/\\\/calzavara.ar\\\/\",\"logo\":{\"@type\":\"ImageObject\",\"inLanguage\":\"es\",\"@id\":\"https:\\\/\\\/calzavara.ar\\\/#\\\/schema\\\/logo\\\/image\\\/\",\"url\":\"https:\\\/\\\/calzavara.ar\\\/wp-content\\\/uploads\\\/2025\\\/05\\\/CalzaLogoRedes.jpg\",\"contentUrl\":\"https:\\\/\\\/calzavara.ar\\\/wp-content\\\/uploads\\\/2025\\\/05\\\/CalzaLogoRedes.jpg\",\"width\":640,\"height\":640,\"caption\":\"CALZAVARA\"},\"image\":{\"@id\":\"https:\\\/\\\/calzavara.ar\\\/#\\\/schema\\\/logo\\\/image\\\/\"},\"sameAs\":[\"https:\\\/\\\/www.facebook.com\\\/calzavarasrl\",\"https:\\\/\\\/www.instagram.com\\\/calzavara_herrajes\",\"https:\\\/\\\/www.linkedin.com\\\/company\\\/calzavara\\\/\",\"https:\\\/\\\/www.youtube.com\\\/@calzavara3279\"]}]}<\/script>\n<!-- \/ Yoast SEO plugin. -->","yoast_head_json":{"title":"Mirilla Mirador Optico 180? Para Puerta De 35 A 55 Mm Bronce - CALZAVARA","robots":{"index":"index","follow":"follow","max-snippet":"max-snippet:-1","max-image-preview":"max-image-preview:large","max-video-preview":"max-video-preview:-1"},"canonical":"https:\/\/calzavara.ar\/index.php\/producto\/mirilla-mirador-optico-180-para-puerta-de-35-a-55-mm-bronce\/","og_locale":"es_ES","og_type":"article","og_title":"Mirilla Mirador Optico 180? Para Puerta De 35 A 55 Mm Bronce - CALZAVARA","og_description":"Mirador \u00f3ptico de gran calidad con visibilidad de 180\u00b0. Con este dispositivo se puede ver de excelente manera tanto la","og_url":"https:\/\/calzavara.ar\/index.php\/producto\/mirilla-mirador-optico-180-para-puerta-de-35-a-55-mm-bronce\/","og_site_name":"CALZAVARA","article_publisher":"https:\/\/www.facebook.com\/calzavarasrl","article_modified_time":"2026-01-19T11:41:30+00:00","og_image":[{"width":1000,"height":772,"url":"https:\/\/calzavara.ar\/wp-content\/uploads\/2021\/04\/90219.jpg","type":"image\/jpeg"}],"twitter_card":"summary_large_image","twitter_misc":{"Tiempo de lectura":"1 minuto"},"schema":{"@context":"https:\/\/schema.org","@graph":[{"@type":"WebPage","@id":"https:\/\/calzavara.ar\/index.php\/producto\/mirilla-mirador-optico-180-para-puerta-de-35-a-55-mm-bronce\/","url":"https:\/\/calzavara.ar\/index.php\/producto\/mirilla-mirador-optico-180-para-puerta-de-35-a-55-mm-bronce\/","name":"Mirilla Mirador Optico 180? Para Puerta De 35 A 55 Mm Bronce - CALZAVARA","isPartOf":{"@id":"https:\/\/calzavara.ar\/#website"},"primaryImageOfPage":{"@id":"https:\/\/calzavara.ar\/index.php\/producto\/mirilla-mirador-optico-180-para-puerta-de-35-a-55-mm-bronce\/#primaryimage"},"image":{"@id":"https:\/\/calzavara.ar\/index.php\/producto\/mirilla-mirador-optico-180-para-puerta-de-35-a-55-mm-bronce\/#primaryimage"},"thumbnailUrl":"https:\/\/calzavara.ar\/wp-content\/uploads\/2021\/04\/90219.jpg","datePublished":"2021-04-21T19:48:07+00:00","dateModified":"2026-01-19T11:41:30+00:00","breadcrumb":{"@id":"https:\/\/calzavara.ar\/index.php\/producto\/mirilla-mirador-optico-180-para-puerta-de-35-a-55-mm-bronce\/#breadcrumb"},"inLanguage":"es","potentialAction":[{"@type":"ReadAction","target":["https:\/\/calzavara.ar\/index.php\/producto\/mirilla-mirador-optico-180-para-puerta-de-35-a-55-mm-bronce\/"]}]},{"@type":"ImageObject","inLanguage":"es","@id":"https:\/\/calzavara.ar\/index.php\/producto\/mirilla-mirador-optico-180-para-puerta-de-35-a-55-mm-bronce\/#primaryimage","url":"https:\/\/calzavara.ar\/wp-content\/uploads\/2021\/04\/90219.jpg","contentUrl":"https:\/\/calzavara.ar\/wp-content\/uploads\/2021\/04\/90219.jpg","width":1000,"height":772},{"@type":"BreadcrumbList","@id":"https:\/\/calzavara.ar\/index.php\/producto\/mirilla-mirador-optico-180-para-puerta-de-35-a-55-mm-bronce\/#breadcrumb","itemListElement":[{"@type":"ListItem","position":1,"name":"Portada","item":"https:\/\/calzavara.ar\/"},{"@type":"ListItem","position":2,"name":"Tienda","item":"https:\/\/calzavara.ar\/index.php\/tienda\/"},{"@type":"ListItem","position":3,"name":"Mirilla Mirador Optico 180? Para Puerta De 35 A 55 Mm Bronce"}]},{"@type":"WebSite","@id":"https:\/\/calzavara.ar\/#website","url":"https:\/\/calzavara.ar\/","name":"CALZAVARA","description":"Tienda Oficial CALZAVARA","publisher":{"@id":"https:\/\/calzavara.ar\/#organization"},"potentialAction":[{"@type":"SearchAction","target":{"@type":"EntryPoint","urlTemplate":"https:\/\/calzavara.ar\/?s={search_term_string}"},"query-input":{"@type":"PropertyValueSpecification","valueRequired":true,"valueName":"search_term_string"}}],"inLanguage":"es"},{"@type":"Organization","@id":"https:\/\/calzavara.ar\/#organization","name":"CALZAVARA","url":"https:\/\/calzavara.ar\/","logo":{"@type":"ImageObject","inLanguage":"es","@id":"https:\/\/calzavara.ar\/#\/schema\/logo\/image\/","url":"https:\/\/calzavara.ar\/wp-content\/uploads\/2025\/05\/CalzaLogoRedes.jpg","contentUrl":"https:\/\/calzavara.ar\/wp-content\/uploads\/2025\/05\/CalzaLogoRedes.jpg","width":640,"height":640,"caption":"CALZAVARA"},"image":{"@id":"https:\/\/calzavara.ar\/#\/schema\/logo\/image\/"},"sameAs":["https:\/\/www.facebook.com\/calzavarasrl","https:\/\/www.instagram.com\/calzavara_herrajes","https:\/\/www.linkedin.com\/company\/calzavara\/","https:\/\/www.youtube.com\/@calzavara3279"]}]}},"jetpack_sharing_enabled":true,"_links":{"self":[{"href":"https:\/\/calzavara.ar\/index.php\/wp-json\/wp\/v2\/product\/6545","targetHints":{"allow":["GET"]}}],"collection":[{"href":"https:\/\/calzavara.ar\/index.php\/wp-json\/wp\/v2\/product"}],"about":[{"href":"https:\/\/calzavara.ar\/index.php\/wp-json\/wp\/v2\/types\/product"}],"wp:featuredmedia":[{"embeddable":true,"href":"https:\/\/calzavara.ar\/index.php\/wp-json\/wp\/v2\/media\/6355"}],"wp:attachment":[{"href":"https:\/\/calzavara.ar\/index.php\/wp-json\/wp\/v2\/media?parent=6545"}],"wp:term":[{"taxonomy":"product_brand","embeddable":true,"href":"https:\/\/calzavara.ar\/index.php\/wp-json\/wp\/v2\/product_brand?post=6545"},{"taxonomy":"product_cat","embeddable":true,"href":"https:\/\/calzavara.ar\/index.php\/wp-json\/wp\/v2\/product_cat?post=6545"},{"taxonomy":"product_tag","embeddable":true,"href":"https:\/\/calzavara.ar\/index.php\/wp-json\/wp\/v2\/product_tag?post=6545"}],"curies":[{"name":"wp","href":"https:\/\/api.w.org\/{rel}","templated":true}]}}