{"id":6428,"date":"2021-04-21T16:01:36","date_gmt":"2021-04-21T19:01:36","guid":{"rendered":"https:\/\/calzavara.ar\/index.php\/producto\/motor-de-cortina-tubular-para-30kg-automatizacion\/"},"modified":"2026-01-19T08:41:24","modified_gmt":"2026-01-19T11:41:24","slug":"motor-de-cortina-tubular-para-30kg-automatizacion","status":"publish","type":"product","link":"https:\/\/calzavara.ar\/index.php\/producto\/motor-de-cortina-tubular-para-30kg-automatizacion\/","title":{"rendered":"Motor De Cortina Tubular Para 30kg (automatizacion)"},"content":{"rendered":"<p>Motor tubular para automatizar el movimiento de sus persianas con un simple toque. Estos motores son suficientemente potentes para levantar una persiana de hasta 30 kg (con ca\u00f1o octogonal de 70 mm). F\u00e1cil de colocar y de mec\u00e1nica fiable, se coloca dentro del ca\u00f1o octogonal de su persiana original, no necesita espacio extra para su colocaci\u00f3n y su mantenimiento es m\u00ednimo. Con compatibilidad para un control remoto que puede accionarse desde cualquier punto de su hogar. . Potencia 135 W<\/p>\n<p>El kit Incluye:<br \/>\n&#8211; Motor tubular (20 Nm)<br \/>\n&#8211; Fijaci\u00f3n para extremo del motor.<br \/>\n&#8211; Herramienta para modificar el final de carrera<br \/>\n&#8211; Manual para conexi\u00f3n el\u00e9ctrica y gu\u00edas b\u00e1sicas para montaje.<\/p>\n<p>Requisitos del sistema:<br \/>\n&#8211; 220 V<br \/>\n&#8211; Ca\u00f1o octogonal de 70 mm (NO incluido en el kit)<br \/>\n&#8211; Tecla de 3 puntos o Control remoto para accionamiento (el control remoto requiere de una estaci\u00f3n receptora) (NO incluido en el kit)<br \/>\n&#8211; Puntera para extremo donde no va ubicado el motor (NO incluido en el kit)<\/p>\n<p>Tabla de pesos aproximados de cortinas:<br \/>\nPersiana de Aluminio \u2013 7 Kg\/m2<br \/>\nPersiana de Madera &#8211; 12 Kg\/m\u00b2<\/p>\n","protected":false},"excerpt":{"rendered":"<p>Motor tubular para automatizar el movimiento de sus persianas con un simple toque. Estos motores son suficientemente potentes para levantar<\/p>\n","protected":false},"featured_media":6426,"template":"","meta":[],"product_brand":[],"product_cat":[83],"product_tag":[356],"class_list":{"0":"post-6428","1":"product","2":"type-product","3":"status-publish","4":"has-post-thumbnail","6":"product_cat-automatizaciones","7":"product_tag-motor-cortina-persiana-automatizacion-domotica-elevador","8":"product_shipping_class-sobredimensionado","10":"first","11":"instock","12":"taxable","13":"shipping-taxable","14":"purchasable","15":"product-type-simple"},"yoast_head":"<!-- This site is optimized with the Yoast SEO plugin v27.3 - https:\/\/yoast.com\/product\/yoast-seo-wordpress\/ -->\n<title>Motor De Cortina Tubular Para 30kg (automatizacion) - CALZAVARA<\/title>\n<meta name=\"robots\" content=\"index, follow, max-snippet:-1, max-image-preview:large, max-video-preview:-1\" \/>\n<link rel=\"canonical\" href=\"https:\/\/calzavara.ar\/index.php\/producto\/motor-de-cortina-tubular-para-30kg-automatizacion\/\" \/>\n<meta property=\"og:locale\" content=\"es_ES\" \/>\n<meta property=\"og:type\" content=\"article\" \/>\n<meta property=\"og:title\" content=\"Motor De Cortina Tubular Para 30kg (automatizacion) - CALZAVARA\" \/>\n<meta property=\"og:description\" content=\"Motor tubular para automatizar el movimiento de sus persianas con un simple toque. Estos motores son suficientemente potentes para levantar\" \/>\n<meta property=\"og:url\" content=\"https:\/\/calzavara.ar\/index.php\/producto\/motor-de-cortina-tubular-para-30kg-automatizacion\/\" \/>\n<meta property=\"og:site_name\" content=\"CALZAVARA\" \/>\n<meta property=\"article:publisher\" content=\"https:\/\/www.facebook.com\/calzavarasrl\" \/>\n<meta property=\"article:modified_time\" content=\"2026-01-19T11:41:24+00:00\" \/>\n<meta property=\"og:image\" content=\"https:\/\/calzavara.ar\/wp-content\/uploads\/2021\/04\/90102.jpg\" \/>\n\t<meta property=\"og:image:width\" content=\"1200\" \/>\n\t<meta property=\"og:image:height\" content=\"659\" \/>\n\t<meta property=\"og:image:type\" content=\"image\/jpeg\" \/>\n<meta name=\"twitter:card\" content=\"summary_large_image\" \/>\n<meta name=\"twitter:label1\" content=\"Tiempo de lectura\" \/>\n\t<meta name=\"twitter:data1\" content=\"1 minuto\" \/>\n<script type=\"application\/ld+json\" class=\"yoast-schema-graph\">{\"@context\":\"https:\\\/\\\/schema.org\",\"@graph\":[{\"@type\":\"WebPage\",\"@id\":\"https:\\\/\\\/calzavara.ar\\\/index.php\\\/producto\\\/motor-de-cortina-tubular-para-30kg-automatizacion\\\/\",\"url\":\"https:\\\/\\\/calzavara.ar\\\/index.php\\\/producto\\\/motor-de-cortina-tubular-para-30kg-automatizacion\\\/\",\"name\":\"Motor De Cortina Tubular Para 30kg (automatizacion) - CALZAVARA\",\"isPartOf\":{\"@id\":\"https:\\\/\\\/calzavara.ar\\\/#website\"},\"primaryImageOfPage\":{\"@id\":\"https:\\\/\\\/calzavara.ar\\\/index.php\\\/producto\\\/motor-de-cortina-tubular-para-30kg-automatizacion\\\/#primaryimage\"},\"image\":{\"@id\":\"https:\\\/\\\/calzavara.ar\\\/index.php\\\/producto\\\/motor-de-cortina-tubular-para-30kg-automatizacion\\\/#primaryimage\"},\"thumbnailUrl\":\"https:\\\/\\\/calzavara.ar\\\/wp-content\\\/uploads\\\/2021\\\/04\\\/90102.jpg\",\"datePublished\":\"2021-04-21T19:01:36+00:00\",\"dateModified\":\"2026-01-19T11:41:24+00:00\",\"breadcrumb\":{\"@id\":\"https:\\\/\\\/calzavara.ar\\\/index.php\\\/producto\\\/motor-de-cortina-tubular-para-30kg-automatizacion\\\/#breadcrumb\"},\"inLanguage\":\"es\",\"potentialAction\":[{\"@type\":\"ReadAction\",\"target\":[\"https:\\\/\\\/calzavara.ar\\\/index.php\\\/producto\\\/motor-de-cortina-tubular-para-30kg-automatizacion\\\/\"]}]},{\"@type\":\"ImageObject\",\"inLanguage\":\"es\",\"@id\":\"https:\\\/\\\/calzavara.ar\\\/index.php\\\/producto\\\/motor-de-cortina-tubular-para-30kg-automatizacion\\\/#primaryimage\",\"url\":\"https:\\\/\\\/calzavara.ar\\\/wp-content\\\/uploads\\\/2021\\\/04\\\/90102.jpg\",\"contentUrl\":\"https:\\\/\\\/calzavara.ar\\\/wp-content\\\/uploads\\\/2021\\\/04\\\/90102.jpg\",\"width\":1200,\"height\":659},{\"@type\":\"BreadcrumbList\",\"@id\":\"https:\\\/\\\/calzavara.ar\\\/index.php\\\/producto\\\/motor-de-cortina-tubular-para-30kg-automatizacion\\\/#breadcrumb\",\"itemListElement\":[{\"@type\":\"ListItem\",\"position\":1,\"name\":\"Portada\",\"item\":\"https:\\\/\\\/calzavara.ar\\\/\"},{\"@type\":\"ListItem\",\"position\":2,\"name\":\"Tienda\",\"item\":\"https:\\\/\\\/calzavara.ar\\\/index.php\\\/tienda\\\/\"},{\"@type\":\"ListItem\",\"position\":3,\"name\":\"Motor De Cortina Tubular Para 30kg (automatizacion)\"}]},{\"@type\":\"WebSite\",\"@id\":\"https:\\\/\\\/calzavara.ar\\\/#website\",\"url\":\"https:\\\/\\\/calzavara.ar\\\/\",\"name\":\"CALZAVARA\",\"description\":\"Tienda Oficial CALZAVARA\",\"publisher\":{\"@id\":\"https:\\\/\\\/calzavara.ar\\\/#organization\"},\"potentialAction\":[{\"@type\":\"SearchAction\",\"target\":{\"@type\":\"EntryPoint\",\"urlTemplate\":\"https:\\\/\\\/calzavara.ar\\\/?s={search_term_string}\"},\"query-input\":{\"@type\":\"PropertyValueSpecification\",\"valueRequired\":true,\"valueName\":\"search_term_string\"}}],\"inLanguage\":\"es\"},{\"@type\":\"Organization\",\"@id\":\"https:\\\/\\\/calzavara.ar\\\/#organization\",\"name\":\"CALZAVARA\",\"url\":\"https:\\\/\\\/calzavara.ar\\\/\",\"logo\":{\"@type\":\"ImageObject\",\"inLanguage\":\"es\",\"@id\":\"https:\\\/\\\/calzavara.ar\\\/#\\\/schema\\\/logo\\\/image\\\/\",\"url\":\"https:\\\/\\\/calzavara.ar\\\/wp-content\\\/uploads\\\/2025\\\/05\\\/CalzaLogoRedes.jpg\",\"contentUrl\":\"https:\\\/\\\/calzavara.ar\\\/wp-content\\\/uploads\\\/2025\\\/05\\\/CalzaLogoRedes.jpg\",\"width\":640,\"height\":640,\"caption\":\"CALZAVARA\"},\"image\":{\"@id\":\"https:\\\/\\\/calzavara.ar\\\/#\\\/schema\\\/logo\\\/image\\\/\"},\"sameAs\":[\"https:\\\/\\\/www.facebook.com\\\/calzavarasrl\",\"https:\\\/\\\/www.instagram.com\\\/calzavara_herrajes\",\"https:\\\/\\\/www.linkedin.com\\\/company\\\/calzavara\\\/\",\"https:\\\/\\\/www.youtube.com\\\/@calzavara3279\"]}]}<\/script>\n<!-- \/ Yoast SEO plugin. -->","yoast_head_json":{"title":"Motor De Cortina Tubular Para 30kg (automatizacion) - CALZAVARA","robots":{"index":"index","follow":"follow","max-snippet":"max-snippet:-1","max-image-preview":"max-image-preview:large","max-video-preview":"max-video-preview:-1"},"canonical":"https:\/\/calzavara.ar\/index.php\/producto\/motor-de-cortina-tubular-para-30kg-automatizacion\/","og_locale":"es_ES","og_type":"article","og_title":"Motor De Cortina Tubular Para 30kg (automatizacion) - CALZAVARA","og_description":"Motor tubular para automatizar el movimiento de sus persianas con un simple toque. Estos motores son suficientemente potentes para levantar","og_url":"https:\/\/calzavara.ar\/index.php\/producto\/motor-de-cortina-tubular-para-30kg-automatizacion\/","og_site_name":"CALZAVARA","article_publisher":"https:\/\/www.facebook.com\/calzavarasrl","article_modified_time":"2026-01-19T11:41:24+00:00","og_image":[{"width":1200,"height":659,"url":"https:\/\/calzavara.ar\/wp-content\/uploads\/2021\/04\/90102.jpg","type":"image\/jpeg"}],"twitter_card":"summary_large_image","twitter_misc":{"Tiempo de lectura":"1 minuto"},"schema":{"@context":"https:\/\/schema.org","@graph":[{"@type":"WebPage","@id":"https:\/\/calzavara.ar\/index.php\/producto\/motor-de-cortina-tubular-para-30kg-automatizacion\/","url":"https:\/\/calzavara.ar\/index.php\/producto\/motor-de-cortina-tubular-para-30kg-automatizacion\/","name":"Motor De Cortina Tubular Para 30kg (automatizacion) - CALZAVARA","isPartOf":{"@id":"https:\/\/calzavara.ar\/#website"},"primaryImageOfPage":{"@id":"https:\/\/calzavara.ar\/index.php\/producto\/motor-de-cortina-tubular-para-30kg-automatizacion\/#primaryimage"},"image":{"@id":"https:\/\/calzavara.ar\/index.php\/producto\/motor-de-cortina-tubular-para-30kg-automatizacion\/#primaryimage"},"thumbnailUrl":"https:\/\/calzavara.ar\/wp-content\/uploads\/2021\/04\/90102.jpg","datePublished":"2021-04-21T19:01:36+00:00","dateModified":"2026-01-19T11:41:24+00:00","breadcrumb":{"@id":"https:\/\/calzavara.ar\/index.php\/producto\/motor-de-cortina-tubular-para-30kg-automatizacion\/#breadcrumb"},"inLanguage":"es","potentialAction":[{"@type":"ReadAction","target":["https:\/\/calzavara.ar\/index.php\/producto\/motor-de-cortina-tubular-para-30kg-automatizacion\/"]}]},{"@type":"ImageObject","inLanguage":"es","@id":"https:\/\/calzavara.ar\/index.php\/producto\/motor-de-cortina-tubular-para-30kg-automatizacion\/#primaryimage","url":"https:\/\/calzavara.ar\/wp-content\/uploads\/2021\/04\/90102.jpg","contentUrl":"https:\/\/calzavara.ar\/wp-content\/uploads\/2021\/04\/90102.jpg","width":1200,"height":659},{"@type":"BreadcrumbList","@id":"https:\/\/calzavara.ar\/index.php\/producto\/motor-de-cortina-tubular-para-30kg-automatizacion\/#breadcrumb","itemListElement":[{"@type":"ListItem","position":1,"name":"Portada","item":"https:\/\/calzavara.ar\/"},{"@type":"ListItem","position":2,"name":"Tienda","item":"https:\/\/calzavara.ar\/index.php\/tienda\/"},{"@type":"ListItem","position":3,"name":"Motor De Cortina Tubular Para 30kg (automatizacion)"}]},{"@type":"WebSite","@id":"https:\/\/calzavara.ar\/#website","url":"https:\/\/calzavara.ar\/","name":"CALZAVARA","description":"Tienda Oficial CALZAVARA","publisher":{"@id":"https:\/\/calzavara.ar\/#organization"},"potentialAction":[{"@type":"SearchAction","target":{"@type":"EntryPoint","urlTemplate":"https:\/\/calzavara.ar\/?s={search_term_string}"},"query-input":{"@type":"PropertyValueSpecification","valueRequired":true,"valueName":"search_term_string"}}],"inLanguage":"es"},{"@type":"Organization","@id":"https:\/\/calzavara.ar\/#organization","name":"CALZAVARA","url":"https:\/\/calzavara.ar\/","logo":{"@type":"ImageObject","inLanguage":"es","@id":"https:\/\/calzavara.ar\/#\/schema\/logo\/image\/","url":"https:\/\/calzavara.ar\/wp-content\/uploads\/2025\/05\/CalzaLogoRedes.jpg","contentUrl":"https:\/\/calzavara.ar\/wp-content\/uploads\/2025\/05\/CalzaLogoRedes.jpg","width":640,"height":640,"caption":"CALZAVARA"},"image":{"@id":"https:\/\/calzavara.ar\/#\/schema\/logo\/image\/"},"sameAs":["https:\/\/www.facebook.com\/calzavarasrl","https:\/\/www.instagram.com\/calzavara_herrajes","https:\/\/www.linkedin.com\/company\/calzavara\/","https:\/\/www.youtube.com\/@calzavara3279"]}]}},"jetpack_sharing_enabled":true,"_links":{"self":[{"href":"https:\/\/calzavara.ar\/index.php\/wp-json\/wp\/v2\/product\/6428","targetHints":{"allow":["GET"]}}],"collection":[{"href":"https:\/\/calzavara.ar\/index.php\/wp-json\/wp\/v2\/product"}],"about":[{"href":"https:\/\/calzavara.ar\/index.php\/wp-json\/wp\/v2\/types\/product"}],"wp:featuredmedia":[{"embeddable":true,"href":"https:\/\/calzavara.ar\/index.php\/wp-json\/wp\/v2\/media\/6426"}],"wp:attachment":[{"href":"https:\/\/calzavara.ar\/index.php\/wp-json\/wp\/v2\/media?parent=6428"}],"wp:term":[{"taxonomy":"product_brand","embeddable":true,"href":"https:\/\/calzavara.ar\/index.php\/wp-json\/wp\/v2\/product_brand?post=6428"},{"taxonomy":"product_cat","embeddable":true,"href":"https:\/\/calzavara.ar\/index.php\/wp-json\/wp\/v2\/product_cat?post=6428"},{"taxonomy":"product_tag","embeddable":true,"href":"https:\/\/calzavara.ar\/index.php\/wp-json\/wp\/v2\/product_tag?post=6428"}],"curies":[{"name":"wp","href":"https:\/\/api.w.org\/{rel}","templated":true}]}}