{"id":6348,"date":"2021-04-21T14:51:29","date_gmt":"2021-04-21T17:51:29","guid":{"rendered":"https:\/\/calzavara.ar\/index.php\/producto\/rejilla-respiradero-de-aluminio-6-x-30-para-placard-pared\/"},"modified":"2026-01-19T08:41:21","modified_gmt":"2026-01-19T11:41:21","slug":"rejilla-respiradero-de-aluminio-6-x-30-para-placard-pared","status":"publish","type":"product","link":"https:\/\/calzavara.ar\/index.php\/producto\/rejilla-respiradero-de-aluminio-6-x-30-para-placard-pared\/","title":{"rendered":"Rejilla Respiradero De Aluminio 6 X 30 Para Placard \/ Pared"},"content":{"rendered":"<p>Rejilla \/ Respiradero \/ Ventiluz para pared o placard. Fabricado de aluminio adonizado que le da una gran terminaci\u00f3n y una excelente protecci\u00f3n contra la corrosi\u00f3n. <\/p>\n<p>Medidas: 300 mm ancho x 60 mm x 10 de profundidad.<\/p>\n","protected":false},"excerpt":{"rendered":"<p>Rejilla \/ Respiradero \/ Ventiluz para pared o placard. Fabricado de aluminio adonizado que le da una gran terminaci\u00f3n y<\/p>\n","protected":false},"featured_media":6347,"template":"","meta":[],"product_brand":[],"product_cat":[98],"product_tag":[365],"class_list":{"0":"post-6348","1":"product","2":"type-product","3":"status-publish","4":"has-post-thumbnail","6":"product_cat-accesorios-bano","7":"product_tag-ventilacion-aire-mueble-armario-placard-alacena-cocina-bano-muebles","9":"first","10":"instock","11":"sale","12":"taxable","13":"shipping-taxable","14":"purchasable","15":"product-type-simple"},"yoast_head":"<!-- This site is optimized with the Yoast SEO plugin v27.2 - https:\/\/yoast.com\/product\/yoast-seo-wordpress\/ -->\n<title>Rejilla Respiradero De Aluminio 6 X 30 Para Placard \/ Pared - CALZAVARA<\/title>\n<meta name=\"robots\" content=\"index, follow, max-snippet:-1, max-image-preview:large, max-video-preview:-1\" \/>\n<link rel=\"canonical\" href=\"https:\/\/calzavara.ar\/index.php\/producto\/rejilla-respiradero-de-aluminio-6-x-30-para-placard-pared\/\" \/>\n<meta property=\"og:locale\" content=\"es_ES\" \/>\n<meta property=\"og:type\" content=\"article\" \/>\n<meta property=\"og:title\" content=\"Rejilla Respiradero De Aluminio 6 X 30 Para Placard \/ Pared - CALZAVARA\" \/>\n<meta property=\"og:description\" content=\"Rejilla \/ Respiradero \/ Ventiluz para pared o placard. Fabricado de aluminio adonizado que le da una gran terminaci\u00f3n y\" \/>\n<meta property=\"og:url\" content=\"https:\/\/calzavara.ar\/index.php\/producto\/rejilla-respiradero-de-aluminio-6-x-30-para-placard-pared\/\" \/>\n<meta property=\"og:site_name\" content=\"CALZAVARA\" \/>\n<meta property=\"article:publisher\" content=\"https:\/\/www.facebook.com\/calzavarasrl\" \/>\n<meta property=\"article:modified_time\" content=\"2026-01-19T11:41:21+00:00\" \/>\n<meta property=\"og:image\" content=\"https:\/\/calzavara.ar\/wp-content\/uploads\/2021\/04\/90161.jpg\" \/>\n\t<meta property=\"og:image:width\" content=\"1000\" \/>\n\t<meta property=\"og:image:height\" content=\"750\" \/>\n\t<meta property=\"og:image:type\" content=\"image\/jpeg\" \/>\n<meta name=\"twitter:card\" content=\"summary_large_image\" \/>\n<script type=\"application\/ld+json\" class=\"yoast-schema-graph\">{\"@context\":\"https:\/\/schema.org\",\"@graph\":[{\"@type\":\"WebPage\",\"@id\":\"https:\/\/calzavara.ar\/index.php\/producto\/rejilla-respiradero-de-aluminio-6-x-30-para-placard-pared\/\",\"url\":\"https:\/\/calzavara.ar\/index.php\/producto\/rejilla-respiradero-de-aluminio-6-x-30-para-placard-pared\/\",\"name\":\"Rejilla Respiradero De Aluminio 6 X 30 Para Placard \/ Pared - CALZAVARA\",\"isPartOf\":{\"@id\":\"https:\/\/calzavara.ar\/#website\"},\"primaryImageOfPage\":{\"@id\":\"https:\/\/calzavara.ar\/index.php\/producto\/rejilla-respiradero-de-aluminio-6-x-30-para-placard-pared\/#primaryimage\"},\"image\":{\"@id\":\"https:\/\/calzavara.ar\/index.php\/producto\/rejilla-respiradero-de-aluminio-6-x-30-para-placard-pared\/#primaryimage\"},\"thumbnailUrl\":\"https:\/\/calzavara.ar\/wp-content\/uploads\/2021\/04\/90161.jpg\",\"datePublished\":\"2021-04-21T17:51:29+00:00\",\"dateModified\":\"2026-01-19T11:41:21+00:00\",\"breadcrumb\":{\"@id\":\"https:\/\/calzavara.ar\/index.php\/producto\/rejilla-respiradero-de-aluminio-6-x-30-para-placard-pared\/#breadcrumb\"},\"inLanguage\":\"es\",\"potentialAction\":[{\"@type\":\"ReadAction\",\"target\":[\"https:\/\/calzavara.ar\/index.php\/producto\/rejilla-respiradero-de-aluminio-6-x-30-para-placard-pared\/\"]}]},{\"@type\":\"ImageObject\",\"inLanguage\":\"es\",\"@id\":\"https:\/\/calzavara.ar\/index.php\/producto\/rejilla-respiradero-de-aluminio-6-x-30-para-placard-pared\/#primaryimage\",\"url\":\"https:\/\/calzavara.ar\/wp-content\/uploads\/2021\/04\/90161.jpg\",\"contentUrl\":\"https:\/\/calzavara.ar\/wp-content\/uploads\/2021\/04\/90161.jpg\",\"width\":1000,\"height\":750},{\"@type\":\"BreadcrumbList\",\"@id\":\"https:\/\/calzavara.ar\/index.php\/producto\/rejilla-respiradero-de-aluminio-6-x-30-para-placard-pared\/#breadcrumb\",\"itemListElement\":[{\"@type\":\"ListItem\",\"position\":1,\"name\":\"Portada\",\"item\":\"https:\/\/calzavara.ar\/\"},{\"@type\":\"ListItem\",\"position\":2,\"name\":\"Tienda\",\"item\":\"https:\/\/calzavara.ar\/index.php\/tienda\/\"},{\"@type\":\"ListItem\",\"position\":3,\"name\":\"Rejilla Respiradero De Aluminio 6 X 30 Para Placard \/ Pared\"}]},{\"@type\":\"WebSite\",\"@id\":\"https:\/\/calzavara.ar\/#website\",\"url\":\"https:\/\/calzavara.ar\/\",\"name\":\"CALZAVARA\",\"description\":\"Tienda Oficial CALZAVARA\",\"publisher\":{\"@id\":\"https:\/\/calzavara.ar\/#organization\"},\"potentialAction\":[{\"@type\":\"SearchAction\",\"target\":{\"@type\":\"EntryPoint\",\"urlTemplate\":\"https:\/\/calzavara.ar\/?s={search_term_string}\"},\"query-input\":{\"@type\":\"PropertyValueSpecification\",\"valueRequired\":true,\"valueName\":\"search_term_string\"}}],\"inLanguage\":\"es\"},{\"@type\":\"Organization\",\"@id\":\"https:\/\/calzavara.ar\/#organization\",\"name\":\"CALZAVARA\",\"url\":\"https:\/\/calzavara.ar\/\",\"logo\":{\"@type\":\"ImageObject\",\"inLanguage\":\"es\",\"@id\":\"https:\/\/calzavara.ar\/#\/schema\/logo\/image\/\",\"url\":\"https:\/\/calzavara.ar\/wp-content\/uploads\/2025\/05\/CalzaLogoRedes.jpg\",\"contentUrl\":\"https:\/\/calzavara.ar\/wp-content\/uploads\/2025\/05\/CalzaLogoRedes.jpg\",\"width\":640,\"height\":640,\"caption\":\"CALZAVARA\"},\"image\":{\"@id\":\"https:\/\/calzavara.ar\/#\/schema\/logo\/image\/\"},\"sameAs\":[\"https:\/\/www.facebook.com\/calzavarasrl\",\"https:\/\/www.instagram.com\/calzavara_herrajes\",\"https:\/\/www.linkedin.com\/company\/calzavara\/\",\"https:\/\/www.youtube.com\/@calzavara3279\"]}]}<\/script>\n<!-- \/ Yoast SEO plugin. -->","yoast_head_json":{"title":"Rejilla Respiradero De Aluminio 6 X 30 Para Placard \/ Pared - CALZAVARA","robots":{"index":"index","follow":"follow","max-snippet":"max-snippet:-1","max-image-preview":"max-image-preview:large","max-video-preview":"max-video-preview:-1"},"canonical":"https:\/\/calzavara.ar\/index.php\/producto\/rejilla-respiradero-de-aluminio-6-x-30-para-placard-pared\/","og_locale":"es_ES","og_type":"article","og_title":"Rejilla Respiradero De Aluminio 6 X 30 Para Placard \/ Pared - CALZAVARA","og_description":"Rejilla \/ Respiradero \/ Ventiluz para pared o placard. Fabricado de aluminio adonizado que le da una gran terminaci\u00f3n y","og_url":"https:\/\/calzavara.ar\/index.php\/producto\/rejilla-respiradero-de-aluminio-6-x-30-para-placard-pared\/","og_site_name":"CALZAVARA","article_publisher":"https:\/\/www.facebook.com\/calzavarasrl","article_modified_time":"2026-01-19T11:41:21+00:00","og_image":[{"width":1000,"height":750,"url":"https:\/\/calzavara.ar\/wp-content\/uploads\/2021\/04\/90161.jpg","type":"image\/jpeg"}],"twitter_card":"summary_large_image","schema":{"@context":"https:\/\/schema.org","@graph":[{"@type":"WebPage","@id":"https:\/\/calzavara.ar\/index.php\/producto\/rejilla-respiradero-de-aluminio-6-x-30-para-placard-pared\/","url":"https:\/\/calzavara.ar\/index.php\/producto\/rejilla-respiradero-de-aluminio-6-x-30-para-placard-pared\/","name":"Rejilla Respiradero De Aluminio 6 X 30 Para Placard \/ Pared - CALZAVARA","isPartOf":{"@id":"https:\/\/calzavara.ar\/#website"},"primaryImageOfPage":{"@id":"https:\/\/calzavara.ar\/index.php\/producto\/rejilla-respiradero-de-aluminio-6-x-30-para-placard-pared\/#primaryimage"},"image":{"@id":"https:\/\/calzavara.ar\/index.php\/producto\/rejilla-respiradero-de-aluminio-6-x-30-para-placard-pared\/#primaryimage"},"thumbnailUrl":"https:\/\/calzavara.ar\/wp-content\/uploads\/2021\/04\/90161.jpg","datePublished":"2021-04-21T17:51:29+00:00","dateModified":"2026-01-19T11:41:21+00:00","breadcrumb":{"@id":"https:\/\/calzavara.ar\/index.php\/producto\/rejilla-respiradero-de-aluminio-6-x-30-para-placard-pared\/#breadcrumb"},"inLanguage":"es","potentialAction":[{"@type":"ReadAction","target":["https:\/\/calzavara.ar\/index.php\/producto\/rejilla-respiradero-de-aluminio-6-x-30-para-placard-pared\/"]}]},{"@type":"ImageObject","inLanguage":"es","@id":"https:\/\/calzavara.ar\/index.php\/producto\/rejilla-respiradero-de-aluminio-6-x-30-para-placard-pared\/#primaryimage","url":"https:\/\/calzavara.ar\/wp-content\/uploads\/2021\/04\/90161.jpg","contentUrl":"https:\/\/calzavara.ar\/wp-content\/uploads\/2021\/04\/90161.jpg","width":1000,"height":750},{"@type":"BreadcrumbList","@id":"https:\/\/calzavara.ar\/index.php\/producto\/rejilla-respiradero-de-aluminio-6-x-30-para-placard-pared\/#breadcrumb","itemListElement":[{"@type":"ListItem","position":1,"name":"Portada","item":"https:\/\/calzavara.ar\/"},{"@type":"ListItem","position":2,"name":"Tienda","item":"https:\/\/calzavara.ar\/index.php\/tienda\/"},{"@type":"ListItem","position":3,"name":"Rejilla Respiradero De Aluminio 6 X 30 Para Placard \/ Pared"}]},{"@type":"WebSite","@id":"https:\/\/calzavara.ar\/#website","url":"https:\/\/calzavara.ar\/","name":"CALZAVARA","description":"Tienda Oficial CALZAVARA","publisher":{"@id":"https:\/\/calzavara.ar\/#organization"},"potentialAction":[{"@type":"SearchAction","target":{"@type":"EntryPoint","urlTemplate":"https:\/\/calzavara.ar\/?s={search_term_string}"},"query-input":{"@type":"PropertyValueSpecification","valueRequired":true,"valueName":"search_term_string"}}],"inLanguage":"es"},{"@type":"Organization","@id":"https:\/\/calzavara.ar\/#organization","name":"CALZAVARA","url":"https:\/\/calzavara.ar\/","logo":{"@type":"ImageObject","inLanguage":"es","@id":"https:\/\/calzavara.ar\/#\/schema\/logo\/image\/","url":"https:\/\/calzavara.ar\/wp-content\/uploads\/2025\/05\/CalzaLogoRedes.jpg","contentUrl":"https:\/\/calzavara.ar\/wp-content\/uploads\/2025\/05\/CalzaLogoRedes.jpg","width":640,"height":640,"caption":"CALZAVARA"},"image":{"@id":"https:\/\/calzavara.ar\/#\/schema\/logo\/image\/"},"sameAs":["https:\/\/www.facebook.com\/calzavarasrl","https:\/\/www.instagram.com\/calzavara_herrajes","https:\/\/www.linkedin.com\/company\/calzavara\/","https:\/\/www.youtube.com\/@calzavara3279"]}]}},"jetpack_sharing_enabled":true,"_links":{"self":[{"href":"https:\/\/calzavara.ar\/index.php\/wp-json\/wp\/v2\/product\/6348","targetHints":{"allow":["GET"]}}],"collection":[{"href":"https:\/\/calzavara.ar\/index.php\/wp-json\/wp\/v2\/product"}],"about":[{"href":"https:\/\/calzavara.ar\/index.php\/wp-json\/wp\/v2\/types\/product"}],"wp:featuredmedia":[{"embeddable":true,"href":"https:\/\/calzavara.ar\/index.php\/wp-json\/wp\/v2\/media\/6347"}],"wp:attachment":[{"href":"https:\/\/calzavara.ar\/index.php\/wp-json\/wp\/v2\/media?parent=6348"}],"wp:term":[{"taxonomy":"product_brand","embeddable":true,"href":"https:\/\/calzavara.ar\/index.php\/wp-json\/wp\/v2\/product_brand?post=6348"},{"taxonomy":"product_cat","embeddable":true,"href":"https:\/\/calzavara.ar\/index.php\/wp-json\/wp\/v2\/product_cat?post=6348"},{"taxonomy":"product_tag","embeddable":true,"href":"https:\/\/calzavara.ar\/index.php\/wp-json\/wp\/v2\/product_tag?post=6348"}],"curies":[{"name":"wp","href":"https:\/\/api.w.org\/{rel}","templated":true}]}}