{"id":6338,"date":"2021-04-21T14:51:17","date_gmt":"2021-04-21T17:51:17","guid":{"rendered":"https:\/\/calzavara.ar\/index.php\/producto\/soporte-a-pared-para-puntera-de-persiana-con-rodamiento\/"},"modified":"2026-01-19T08:41:20","modified_gmt":"2026-01-19T11:41:20","slug":"soporte-a-pared-para-puntera-de-persiana-con-rodamiento","status":"publish","type":"product","link":"https:\/\/calzavara.ar\/index.php\/producto\/soporte-a-pared-para-puntera-de-persiana-con-rodamiento\/","title":{"rendered":"Soporte A Pared Para Puntera De Persiana Con Rodamiento"},"content":{"rendered":"<p>Soporte para ca\u00f1o octogonal o ca\u00f1o de cortina. Su dise\u00f1o permite una f\u00e1cil y c\u00f3moda colocaci\u00f3n del ca\u00f1o. Construido de acero, puede soporter grandes cargas lo que le da mucha durabilidad al sistema. Al tener un rodamiento en su extremo, las cargas por fircci\u00f3n se reducen casi a 0, por lo que su motor o sistema de elevaci\u00f3n no sufrir\u00e1 desgaste debido a estas fuerzas. <\/p>\n<p>Las dimensiones se ven en el plano, no dude en preguntar ante cualquier consulta!<\/p>\n","protected":false},"excerpt":{"rendered":"<p>Soporte para ca\u00f1o octogonal o ca\u00f1o de cortina. Su dise\u00f1o permite una f\u00e1cil y c\u00f3moda colocaci\u00f3n del ca\u00f1o. Construido de<\/p>\n","protected":false},"featured_media":6337,"template":"","meta":[],"product_brand":[],"product_cat":[357],"product_tag":[358],"class_list":{"0":"post-6338","1":"product","2":"type-product","3":"status-publish","4":"has-post-thumbnail","6":"product_cat-persianas-y-cortinas","7":"product_tag-soporte-rodamientos-cortinas-persianas","9":"first","10":"instock","11":"taxable","12":"shipping-taxable","13":"purchasable","14":"product-type-simple"},"yoast_head":"<!-- This site is optimized with the Yoast SEO plugin v27.3 - https:\/\/yoast.com\/product\/yoast-seo-wordpress\/ -->\n<title>Soporte A Pared Para Puntera De Persiana Con Rodamiento - CALZAVARA<\/title>\n<meta name=\"robots\" content=\"index, follow, max-snippet:-1, max-image-preview:large, max-video-preview:-1\" \/>\n<link rel=\"canonical\" href=\"https:\/\/calzavara.ar\/index.php\/producto\/soporte-a-pared-para-puntera-de-persiana-con-rodamiento\/\" \/>\n<meta property=\"og:locale\" content=\"es_ES\" \/>\n<meta property=\"og:type\" content=\"article\" \/>\n<meta property=\"og:title\" content=\"Soporte A Pared Para Puntera De Persiana Con Rodamiento - CALZAVARA\" \/>\n<meta property=\"og:description\" content=\"Soporte para ca\u00f1o octogonal o ca\u00f1o de cortina. Su dise\u00f1o permite una f\u00e1cil y c\u00f3moda colocaci\u00f3n del ca\u00f1o. Construido de\" \/>\n<meta property=\"og:url\" content=\"https:\/\/calzavara.ar\/index.php\/producto\/soporte-a-pared-para-puntera-de-persiana-con-rodamiento\/\" \/>\n<meta property=\"og:site_name\" content=\"CALZAVARA\" \/>\n<meta property=\"article:publisher\" content=\"https:\/\/www.facebook.com\/calzavarasrl\" \/>\n<meta property=\"article:modified_time\" content=\"2026-01-19T11:41:20+00:00\" \/>\n<meta property=\"og:image\" content=\"https:\/\/calzavara.ar\/wp-content\/uploads\/2021\/04\/90110.png\" \/>\n\t<meta property=\"og:image:width\" content=\"1298\" \/>\n\t<meta property=\"og:image:height\" content=\"857\" \/>\n\t<meta property=\"og:image:type\" content=\"image\/png\" \/>\n<meta name=\"twitter:card\" content=\"summary_large_image\" \/>\n<script type=\"application\/ld+json\" class=\"yoast-schema-graph\">{\"@context\":\"https:\\\/\\\/schema.org\",\"@graph\":[{\"@type\":\"WebPage\",\"@id\":\"https:\\\/\\\/calzavara.ar\\\/index.php\\\/producto\\\/soporte-a-pared-para-puntera-de-persiana-con-rodamiento\\\/\",\"url\":\"https:\\\/\\\/calzavara.ar\\\/index.php\\\/producto\\\/soporte-a-pared-para-puntera-de-persiana-con-rodamiento\\\/\",\"name\":\"Soporte A Pared Para Puntera De Persiana Con Rodamiento - CALZAVARA\",\"isPartOf\":{\"@id\":\"https:\\\/\\\/calzavara.ar\\\/#website\"},\"primaryImageOfPage\":{\"@id\":\"https:\\\/\\\/calzavara.ar\\\/index.php\\\/producto\\\/soporte-a-pared-para-puntera-de-persiana-con-rodamiento\\\/#primaryimage\"},\"image\":{\"@id\":\"https:\\\/\\\/calzavara.ar\\\/index.php\\\/producto\\\/soporte-a-pared-para-puntera-de-persiana-con-rodamiento\\\/#primaryimage\"},\"thumbnailUrl\":\"https:\\\/\\\/calzavara.ar\\\/wp-content\\\/uploads\\\/2021\\\/04\\\/90110.png\",\"datePublished\":\"2021-04-21T17:51:17+00:00\",\"dateModified\":\"2026-01-19T11:41:20+00:00\",\"breadcrumb\":{\"@id\":\"https:\\\/\\\/calzavara.ar\\\/index.php\\\/producto\\\/soporte-a-pared-para-puntera-de-persiana-con-rodamiento\\\/#breadcrumb\"},\"inLanguage\":\"es\",\"potentialAction\":[{\"@type\":\"ReadAction\",\"target\":[\"https:\\\/\\\/calzavara.ar\\\/index.php\\\/producto\\\/soporte-a-pared-para-puntera-de-persiana-con-rodamiento\\\/\"]}]},{\"@type\":\"ImageObject\",\"inLanguage\":\"es\",\"@id\":\"https:\\\/\\\/calzavara.ar\\\/index.php\\\/producto\\\/soporte-a-pared-para-puntera-de-persiana-con-rodamiento\\\/#primaryimage\",\"url\":\"https:\\\/\\\/calzavara.ar\\\/wp-content\\\/uploads\\\/2021\\\/04\\\/90110.png\",\"contentUrl\":\"https:\\\/\\\/calzavara.ar\\\/wp-content\\\/uploads\\\/2021\\\/04\\\/90110.png\",\"width\":1298,\"height\":857},{\"@type\":\"BreadcrumbList\",\"@id\":\"https:\\\/\\\/calzavara.ar\\\/index.php\\\/producto\\\/soporte-a-pared-para-puntera-de-persiana-con-rodamiento\\\/#breadcrumb\",\"itemListElement\":[{\"@type\":\"ListItem\",\"position\":1,\"name\":\"Portada\",\"item\":\"https:\\\/\\\/calzavara.ar\\\/\"},{\"@type\":\"ListItem\",\"position\":2,\"name\":\"Tienda\",\"item\":\"https:\\\/\\\/calzavara.ar\\\/index.php\\\/tienda\\\/\"},{\"@type\":\"ListItem\",\"position\":3,\"name\":\"Soporte A Pared Para Puntera De Persiana Con Rodamiento\"}]},{\"@type\":\"WebSite\",\"@id\":\"https:\\\/\\\/calzavara.ar\\\/#website\",\"url\":\"https:\\\/\\\/calzavara.ar\\\/\",\"name\":\"CALZAVARA\",\"description\":\"Tienda Oficial CALZAVARA\",\"publisher\":{\"@id\":\"https:\\\/\\\/calzavara.ar\\\/#organization\"},\"potentialAction\":[{\"@type\":\"SearchAction\",\"target\":{\"@type\":\"EntryPoint\",\"urlTemplate\":\"https:\\\/\\\/calzavara.ar\\\/?s={search_term_string}\"},\"query-input\":{\"@type\":\"PropertyValueSpecification\",\"valueRequired\":true,\"valueName\":\"search_term_string\"}}],\"inLanguage\":\"es\"},{\"@type\":\"Organization\",\"@id\":\"https:\\\/\\\/calzavara.ar\\\/#organization\",\"name\":\"CALZAVARA\",\"url\":\"https:\\\/\\\/calzavara.ar\\\/\",\"logo\":{\"@type\":\"ImageObject\",\"inLanguage\":\"es\",\"@id\":\"https:\\\/\\\/calzavara.ar\\\/#\\\/schema\\\/logo\\\/image\\\/\",\"url\":\"https:\\\/\\\/calzavara.ar\\\/wp-content\\\/uploads\\\/2025\\\/05\\\/CalzaLogoRedes.jpg\",\"contentUrl\":\"https:\\\/\\\/calzavara.ar\\\/wp-content\\\/uploads\\\/2025\\\/05\\\/CalzaLogoRedes.jpg\",\"width\":640,\"height\":640,\"caption\":\"CALZAVARA\"},\"image\":{\"@id\":\"https:\\\/\\\/calzavara.ar\\\/#\\\/schema\\\/logo\\\/image\\\/\"},\"sameAs\":[\"https:\\\/\\\/www.facebook.com\\\/calzavarasrl\",\"https:\\\/\\\/www.instagram.com\\\/calzavara_herrajes\",\"https:\\\/\\\/www.linkedin.com\\\/company\\\/calzavara\\\/\",\"https:\\\/\\\/www.youtube.com\\\/@calzavara3279\"]}]}<\/script>\n<!-- \/ Yoast SEO plugin. -->","yoast_head_json":{"title":"Soporte A Pared Para Puntera De Persiana Con Rodamiento - CALZAVARA","robots":{"index":"index","follow":"follow","max-snippet":"max-snippet:-1","max-image-preview":"max-image-preview:large","max-video-preview":"max-video-preview:-1"},"canonical":"https:\/\/calzavara.ar\/index.php\/producto\/soporte-a-pared-para-puntera-de-persiana-con-rodamiento\/","og_locale":"es_ES","og_type":"article","og_title":"Soporte A Pared Para Puntera De Persiana Con Rodamiento - CALZAVARA","og_description":"Soporte para ca\u00f1o octogonal o ca\u00f1o de cortina. Su dise\u00f1o permite una f\u00e1cil y c\u00f3moda colocaci\u00f3n del ca\u00f1o. Construido de","og_url":"https:\/\/calzavara.ar\/index.php\/producto\/soporte-a-pared-para-puntera-de-persiana-con-rodamiento\/","og_site_name":"CALZAVARA","article_publisher":"https:\/\/www.facebook.com\/calzavarasrl","article_modified_time":"2026-01-19T11:41:20+00:00","og_image":[{"width":1298,"height":857,"url":"https:\/\/calzavara.ar\/wp-content\/uploads\/2021\/04\/90110.png","type":"image\/png"}],"twitter_card":"summary_large_image","schema":{"@context":"https:\/\/schema.org","@graph":[{"@type":"WebPage","@id":"https:\/\/calzavara.ar\/index.php\/producto\/soporte-a-pared-para-puntera-de-persiana-con-rodamiento\/","url":"https:\/\/calzavara.ar\/index.php\/producto\/soporte-a-pared-para-puntera-de-persiana-con-rodamiento\/","name":"Soporte A Pared Para Puntera De Persiana Con Rodamiento - CALZAVARA","isPartOf":{"@id":"https:\/\/calzavara.ar\/#website"},"primaryImageOfPage":{"@id":"https:\/\/calzavara.ar\/index.php\/producto\/soporte-a-pared-para-puntera-de-persiana-con-rodamiento\/#primaryimage"},"image":{"@id":"https:\/\/calzavara.ar\/index.php\/producto\/soporte-a-pared-para-puntera-de-persiana-con-rodamiento\/#primaryimage"},"thumbnailUrl":"https:\/\/calzavara.ar\/wp-content\/uploads\/2021\/04\/90110.png","datePublished":"2021-04-21T17:51:17+00:00","dateModified":"2026-01-19T11:41:20+00:00","breadcrumb":{"@id":"https:\/\/calzavara.ar\/index.php\/producto\/soporte-a-pared-para-puntera-de-persiana-con-rodamiento\/#breadcrumb"},"inLanguage":"es","potentialAction":[{"@type":"ReadAction","target":["https:\/\/calzavara.ar\/index.php\/producto\/soporte-a-pared-para-puntera-de-persiana-con-rodamiento\/"]}]},{"@type":"ImageObject","inLanguage":"es","@id":"https:\/\/calzavara.ar\/index.php\/producto\/soporte-a-pared-para-puntera-de-persiana-con-rodamiento\/#primaryimage","url":"https:\/\/calzavara.ar\/wp-content\/uploads\/2021\/04\/90110.png","contentUrl":"https:\/\/calzavara.ar\/wp-content\/uploads\/2021\/04\/90110.png","width":1298,"height":857},{"@type":"BreadcrumbList","@id":"https:\/\/calzavara.ar\/index.php\/producto\/soporte-a-pared-para-puntera-de-persiana-con-rodamiento\/#breadcrumb","itemListElement":[{"@type":"ListItem","position":1,"name":"Portada","item":"https:\/\/calzavara.ar\/"},{"@type":"ListItem","position":2,"name":"Tienda","item":"https:\/\/calzavara.ar\/index.php\/tienda\/"},{"@type":"ListItem","position":3,"name":"Soporte A Pared Para Puntera De Persiana Con Rodamiento"}]},{"@type":"WebSite","@id":"https:\/\/calzavara.ar\/#website","url":"https:\/\/calzavara.ar\/","name":"CALZAVARA","description":"Tienda Oficial CALZAVARA","publisher":{"@id":"https:\/\/calzavara.ar\/#organization"},"potentialAction":[{"@type":"SearchAction","target":{"@type":"EntryPoint","urlTemplate":"https:\/\/calzavara.ar\/?s={search_term_string}"},"query-input":{"@type":"PropertyValueSpecification","valueRequired":true,"valueName":"search_term_string"}}],"inLanguage":"es"},{"@type":"Organization","@id":"https:\/\/calzavara.ar\/#organization","name":"CALZAVARA","url":"https:\/\/calzavara.ar\/","logo":{"@type":"ImageObject","inLanguage":"es","@id":"https:\/\/calzavara.ar\/#\/schema\/logo\/image\/","url":"https:\/\/calzavara.ar\/wp-content\/uploads\/2025\/05\/CalzaLogoRedes.jpg","contentUrl":"https:\/\/calzavara.ar\/wp-content\/uploads\/2025\/05\/CalzaLogoRedes.jpg","width":640,"height":640,"caption":"CALZAVARA"},"image":{"@id":"https:\/\/calzavara.ar\/#\/schema\/logo\/image\/"},"sameAs":["https:\/\/www.facebook.com\/calzavarasrl","https:\/\/www.instagram.com\/calzavara_herrajes","https:\/\/www.linkedin.com\/company\/calzavara\/","https:\/\/www.youtube.com\/@calzavara3279"]}]}},"jetpack_sharing_enabled":true,"_links":{"self":[{"href":"https:\/\/calzavara.ar\/index.php\/wp-json\/wp\/v2\/product\/6338","targetHints":{"allow":["GET"]}}],"collection":[{"href":"https:\/\/calzavara.ar\/index.php\/wp-json\/wp\/v2\/product"}],"about":[{"href":"https:\/\/calzavara.ar\/index.php\/wp-json\/wp\/v2\/types\/product"}],"wp:featuredmedia":[{"embeddable":true,"href":"https:\/\/calzavara.ar\/index.php\/wp-json\/wp\/v2\/media\/6337"}],"wp:attachment":[{"href":"https:\/\/calzavara.ar\/index.php\/wp-json\/wp\/v2\/media?parent=6338"}],"wp:term":[{"taxonomy":"product_brand","embeddable":true,"href":"https:\/\/calzavara.ar\/index.php\/wp-json\/wp\/v2\/product_brand?post=6338"},{"taxonomy":"product_cat","embeddable":true,"href":"https:\/\/calzavara.ar\/index.php\/wp-json\/wp\/v2\/product_cat?post=6338"},{"taxonomy":"product_tag","embeddable":true,"href":"https:\/\/calzavara.ar\/index.php\/wp-json\/wp\/v2\/product_tag?post=6338"}],"curies":[{"name":"wp","href":"https:\/\/api.w.org\/{rel}","templated":true}]}}