{"id":6195,"date":"2021-04-10T11:19:06","date_gmt":"2021-04-10T14:19:06","guid":{"rendered":"https:\/\/calzavara.ar\/index.php\/producto\/producto-14\/"},"modified":"2026-01-19T08:41:20","modified_gmt":"2026-01-19T11:41:20","slug":"producto-14","status":"publish","type":"product","link":"https:\/\/calzavara.ar\/index.php\/producto\/producto-14\/","title":{"rendered":"Burlete De Pvc P\/mampara Puerta Deslizante \/ Pivot X2.5m"},"content":{"rendered":"<p>Burlete de PVC transparente para mampara y pa\u00f1os deslizables de vidrio templado sin marco para ducha \/ ba\u00f1adera. Este burlete puede ir colocado los laterales de los pa\u00f1os m\u00f3viles de la mampara para evitar que el agua se escape por la luz generada entre el pa\u00f1o fijo y el pa\u00f1o m\u00f3vil. La geometr\u00eda del burlete se acopla perfectamente a la secci\u00f3n del vidrio, por lo que el paso de agua entre pa\u00f1os es imposible. El labio extra garantiza un sellado absoluta y sin escape de agua. <\/p>\n<p>&#8211; Evita que el agua se filtre y escape por el espacio entre el pa\u00f1o fijo y el pa\u00f1o m\u00f3vil.<br \/>\n&#8211; PVC de alta calidad, resistente a pelliscones. No se ve a afectado por el paso del tiempo<br \/>\n&#8211; El largo total de la tira es de 2.5 m. Muy f\u00e1cil de cortar usted mismo a la medida que necesite. (ver abajo nota de env\u00edo por Correo Argentino)<br \/>\n&#8211; Para vidrios de entre 8 a 10 mm de espesor.<br \/>\n&#8211; Para un correcto funcionamiento, tener en cuenta el largo del labio del cierre!<\/p>\n<p>IMPORTANTE ENVIOS!!!:<br \/>\nPara envios por CORREO ARGENTINO, solo se permiten elementos menores a 1.25 metros, por lo tanto el burlete despachado por Correo deber\u00e1 ser cortado en 2 tiras de 1.25 metros (m\u00e1ximo). <\/p>\n<p>Si usted necesita una tira entera de 2.5 metros, el env\u00edo debe realizarse por encomienda y el pago de la encomienda deber\u00e1 ser realizado por el comprador al momento de retirar la mercader\u00eda (EL PAQUETE LLEGA A SUCURSAL DE LA ENCOMIENDA EN SU LOCALIDAD). En este caso, se le cobrar\u00e1 el flete para llevar el burlete de nuestra sucursal a la sucursal de la encomienda (Ver costos de env\u00edo).<\/p>\n","protected":false},"excerpt":{"rendered":"<p>Burlete de PVC transparente para mampara y pa\u00f1os deslizables de vidrio templado sin marco para ducha \/ ba\u00f1adera. Este burlete<\/p>\n","protected":false},"featured_media":6258,"template":"","meta":[],"product_brand":[],"product_cat":[85],"product_tag":[],"class_list":{"0":"post-6195","1":"product","2":"type-product","3":"status-publish","4":"has-post-thumbnail","6":"product_cat-burletes-zocalos","7":"product_shipping_class-sobredimensionado","9":"first","10":"outofstock","11":"taxable","12":"shipping-taxable","13":"purchasable","14":"product-type-simple"},"yoast_head":"<!-- This site is optimized with the Yoast SEO plugin v27.3 - https:\/\/yoast.com\/product\/yoast-seo-wordpress\/ -->\n<title>Burlete De Pvc P\/mampara Puerta Deslizante \/ Pivot X2.5m - CALZAVARA<\/title>\n<meta name=\"robots\" content=\"index, follow, max-snippet:-1, max-image-preview:large, max-video-preview:-1\" \/>\n<link rel=\"canonical\" href=\"https:\/\/calzavara.ar\/index.php\/producto\/producto-14\/\" \/>\n<meta property=\"og:locale\" content=\"es_ES\" \/>\n<meta property=\"og:type\" content=\"article\" \/>\n<meta property=\"og:title\" content=\"Burlete De Pvc P\/mampara Puerta Deslizante \/ Pivot X2.5m - CALZAVARA\" \/>\n<meta property=\"og:description\" content=\"Burlete de PVC transparente para mampara y pa\u00f1os deslizables de vidrio templado sin marco para ducha \/ ba\u00f1adera. Este burlete\" \/>\n<meta property=\"og:url\" content=\"https:\/\/calzavara.ar\/index.php\/producto\/producto-14\/\" \/>\n<meta property=\"og:site_name\" content=\"CALZAVARA\" \/>\n<meta property=\"article:publisher\" content=\"https:\/\/www.facebook.com\/calzavarasrl\" \/>\n<meta property=\"article:modified_time\" content=\"2026-01-19T11:41:20+00:00\" \/>\n<meta property=\"og:image\" content=\"https:\/\/calzavara.ar\/wp-content\/uploads\/2021\/04\/90455.jpg\" \/>\n\t<meta property=\"og:image:width\" content=\"500\" \/>\n\t<meta property=\"og:image:height\" content=\"375\" \/>\n\t<meta property=\"og:image:type\" content=\"image\/jpeg\" \/>\n<meta name=\"twitter:card\" content=\"summary_large_image\" \/>\n<meta name=\"twitter:label1\" content=\"Tiempo de lectura\" \/>\n\t<meta name=\"twitter:data1\" content=\"1 minuto\" \/>\n<script type=\"application\/ld+json\" class=\"yoast-schema-graph\">{\"@context\":\"https:\\\/\\\/schema.org\",\"@graph\":[{\"@type\":\"WebPage\",\"@id\":\"https:\\\/\\\/calzavara.ar\\\/index.php\\\/producto\\\/producto-14\\\/\",\"url\":\"https:\\\/\\\/calzavara.ar\\\/index.php\\\/producto\\\/producto-14\\\/\",\"name\":\"Burlete De Pvc P\\\/mampara Puerta Deslizante \\\/ Pivot X2.5m - CALZAVARA\",\"isPartOf\":{\"@id\":\"https:\\\/\\\/calzavara.ar\\\/#website\"},\"primaryImageOfPage\":{\"@id\":\"https:\\\/\\\/calzavara.ar\\\/index.php\\\/producto\\\/producto-14\\\/#primaryimage\"},\"image\":{\"@id\":\"https:\\\/\\\/calzavara.ar\\\/index.php\\\/producto\\\/producto-14\\\/#primaryimage\"},\"thumbnailUrl\":\"https:\\\/\\\/calzavara.ar\\\/wp-content\\\/uploads\\\/2021\\\/04\\\/90455.jpg\",\"datePublished\":\"2021-04-10T14:19:06+00:00\",\"dateModified\":\"2026-01-19T11:41:20+00:00\",\"breadcrumb\":{\"@id\":\"https:\\\/\\\/calzavara.ar\\\/index.php\\\/producto\\\/producto-14\\\/#breadcrumb\"},\"inLanguage\":\"es\",\"potentialAction\":[{\"@type\":\"ReadAction\",\"target\":[\"https:\\\/\\\/calzavara.ar\\\/index.php\\\/producto\\\/producto-14\\\/\"]}]},{\"@type\":\"ImageObject\",\"inLanguage\":\"es\",\"@id\":\"https:\\\/\\\/calzavara.ar\\\/index.php\\\/producto\\\/producto-14\\\/#primaryimage\",\"url\":\"https:\\\/\\\/calzavara.ar\\\/wp-content\\\/uploads\\\/2021\\\/04\\\/90455.jpg\",\"contentUrl\":\"https:\\\/\\\/calzavara.ar\\\/wp-content\\\/uploads\\\/2021\\\/04\\\/90455.jpg\",\"width\":500,\"height\":375},{\"@type\":\"BreadcrumbList\",\"@id\":\"https:\\\/\\\/calzavara.ar\\\/index.php\\\/producto\\\/producto-14\\\/#breadcrumb\",\"itemListElement\":[{\"@type\":\"ListItem\",\"position\":1,\"name\":\"Portada\",\"item\":\"https:\\\/\\\/calzavara.ar\\\/\"},{\"@type\":\"ListItem\",\"position\":2,\"name\":\"Tienda\",\"item\":\"https:\\\/\\\/calzavara.ar\\\/index.php\\\/tienda\\\/\"},{\"@type\":\"ListItem\",\"position\":3,\"name\":\"Burlete De Pvc P\\\/mampara Puerta Deslizante \\\/ Pivot X2.5m\"}]},{\"@type\":\"WebSite\",\"@id\":\"https:\\\/\\\/calzavara.ar\\\/#website\",\"url\":\"https:\\\/\\\/calzavara.ar\\\/\",\"name\":\"CALZAVARA\",\"description\":\"Tienda Oficial CALZAVARA\",\"publisher\":{\"@id\":\"https:\\\/\\\/calzavara.ar\\\/#organization\"},\"potentialAction\":[{\"@type\":\"SearchAction\",\"target\":{\"@type\":\"EntryPoint\",\"urlTemplate\":\"https:\\\/\\\/calzavara.ar\\\/?s={search_term_string}\"},\"query-input\":{\"@type\":\"PropertyValueSpecification\",\"valueRequired\":true,\"valueName\":\"search_term_string\"}}],\"inLanguage\":\"es\"},{\"@type\":\"Organization\",\"@id\":\"https:\\\/\\\/calzavara.ar\\\/#organization\",\"name\":\"CALZAVARA\",\"url\":\"https:\\\/\\\/calzavara.ar\\\/\",\"logo\":{\"@type\":\"ImageObject\",\"inLanguage\":\"es\",\"@id\":\"https:\\\/\\\/calzavara.ar\\\/#\\\/schema\\\/logo\\\/image\\\/\",\"url\":\"https:\\\/\\\/calzavara.ar\\\/wp-content\\\/uploads\\\/2025\\\/05\\\/CalzaLogoRedes.jpg\",\"contentUrl\":\"https:\\\/\\\/calzavara.ar\\\/wp-content\\\/uploads\\\/2025\\\/05\\\/CalzaLogoRedes.jpg\",\"width\":640,\"height\":640,\"caption\":\"CALZAVARA\"},\"image\":{\"@id\":\"https:\\\/\\\/calzavara.ar\\\/#\\\/schema\\\/logo\\\/image\\\/\"},\"sameAs\":[\"https:\\\/\\\/www.facebook.com\\\/calzavarasrl\",\"https:\\\/\\\/www.instagram.com\\\/calzavara_herrajes\",\"https:\\\/\\\/www.linkedin.com\\\/company\\\/calzavara\\\/\",\"https:\\\/\\\/www.youtube.com\\\/@calzavara3279\"]}]}<\/script>\n<!-- \/ Yoast SEO plugin. -->","yoast_head_json":{"title":"Burlete De Pvc P\/mampara Puerta Deslizante \/ Pivot X2.5m - CALZAVARA","robots":{"index":"index","follow":"follow","max-snippet":"max-snippet:-1","max-image-preview":"max-image-preview:large","max-video-preview":"max-video-preview:-1"},"canonical":"https:\/\/calzavara.ar\/index.php\/producto\/producto-14\/","og_locale":"es_ES","og_type":"article","og_title":"Burlete De Pvc P\/mampara Puerta Deslizante \/ Pivot X2.5m - CALZAVARA","og_description":"Burlete de PVC transparente para mampara y pa\u00f1os deslizables de vidrio templado sin marco para ducha \/ ba\u00f1adera. Este burlete","og_url":"https:\/\/calzavara.ar\/index.php\/producto\/producto-14\/","og_site_name":"CALZAVARA","article_publisher":"https:\/\/www.facebook.com\/calzavarasrl","article_modified_time":"2026-01-19T11:41:20+00:00","og_image":[{"width":500,"height":375,"url":"https:\/\/calzavara.ar\/wp-content\/uploads\/2021\/04\/90455.jpg","type":"image\/jpeg"}],"twitter_card":"summary_large_image","twitter_misc":{"Tiempo de lectura":"1 minuto"},"schema":{"@context":"https:\/\/schema.org","@graph":[{"@type":"WebPage","@id":"https:\/\/calzavara.ar\/index.php\/producto\/producto-14\/","url":"https:\/\/calzavara.ar\/index.php\/producto\/producto-14\/","name":"Burlete De Pvc P\/mampara Puerta Deslizante \/ Pivot X2.5m - CALZAVARA","isPartOf":{"@id":"https:\/\/calzavara.ar\/#website"},"primaryImageOfPage":{"@id":"https:\/\/calzavara.ar\/index.php\/producto\/producto-14\/#primaryimage"},"image":{"@id":"https:\/\/calzavara.ar\/index.php\/producto\/producto-14\/#primaryimage"},"thumbnailUrl":"https:\/\/calzavara.ar\/wp-content\/uploads\/2021\/04\/90455.jpg","datePublished":"2021-04-10T14:19:06+00:00","dateModified":"2026-01-19T11:41:20+00:00","breadcrumb":{"@id":"https:\/\/calzavara.ar\/index.php\/producto\/producto-14\/#breadcrumb"},"inLanguage":"es","potentialAction":[{"@type":"ReadAction","target":["https:\/\/calzavara.ar\/index.php\/producto\/producto-14\/"]}]},{"@type":"ImageObject","inLanguage":"es","@id":"https:\/\/calzavara.ar\/index.php\/producto\/producto-14\/#primaryimage","url":"https:\/\/calzavara.ar\/wp-content\/uploads\/2021\/04\/90455.jpg","contentUrl":"https:\/\/calzavara.ar\/wp-content\/uploads\/2021\/04\/90455.jpg","width":500,"height":375},{"@type":"BreadcrumbList","@id":"https:\/\/calzavara.ar\/index.php\/producto\/producto-14\/#breadcrumb","itemListElement":[{"@type":"ListItem","position":1,"name":"Portada","item":"https:\/\/calzavara.ar\/"},{"@type":"ListItem","position":2,"name":"Tienda","item":"https:\/\/calzavara.ar\/index.php\/tienda\/"},{"@type":"ListItem","position":3,"name":"Burlete De Pvc P\/mampara Puerta Deslizante \/ Pivot X2.5m"}]},{"@type":"WebSite","@id":"https:\/\/calzavara.ar\/#website","url":"https:\/\/calzavara.ar\/","name":"CALZAVARA","description":"Tienda Oficial CALZAVARA","publisher":{"@id":"https:\/\/calzavara.ar\/#organization"},"potentialAction":[{"@type":"SearchAction","target":{"@type":"EntryPoint","urlTemplate":"https:\/\/calzavara.ar\/?s={search_term_string}"},"query-input":{"@type":"PropertyValueSpecification","valueRequired":true,"valueName":"search_term_string"}}],"inLanguage":"es"},{"@type":"Organization","@id":"https:\/\/calzavara.ar\/#organization","name":"CALZAVARA","url":"https:\/\/calzavara.ar\/","logo":{"@type":"ImageObject","inLanguage":"es","@id":"https:\/\/calzavara.ar\/#\/schema\/logo\/image\/","url":"https:\/\/calzavara.ar\/wp-content\/uploads\/2025\/05\/CalzaLogoRedes.jpg","contentUrl":"https:\/\/calzavara.ar\/wp-content\/uploads\/2025\/05\/CalzaLogoRedes.jpg","width":640,"height":640,"caption":"CALZAVARA"},"image":{"@id":"https:\/\/calzavara.ar\/#\/schema\/logo\/image\/"},"sameAs":["https:\/\/www.facebook.com\/calzavarasrl","https:\/\/www.instagram.com\/calzavara_herrajes","https:\/\/www.linkedin.com\/company\/calzavara\/","https:\/\/www.youtube.com\/@calzavara3279"]}]}},"jetpack_sharing_enabled":true,"_links":{"self":[{"href":"https:\/\/calzavara.ar\/index.php\/wp-json\/wp\/v2\/product\/6195","targetHints":{"allow":["GET"]}}],"collection":[{"href":"https:\/\/calzavara.ar\/index.php\/wp-json\/wp\/v2\/product"}],"about":[{"href":"https:\/\/calzavara.ar\/index.php\/wp-json\/wp\/v2\/types\/product"}],"wp:featuredmedia":[{"embeddable":true,"href":"https:\/\/calzavara.ar\/index.php\/wp-json\/wp\/v2\/media\/6258"}],"wp:attachment":[{"href":"https:\/\/calzavara.ar\/index.php\/wp-json\/wp\/v2\/media?parent=6195"}],"wp:term":[{"taxonomy":"product_brand","embeddable":true,"href":"https:\/\/calzavara.ar\/index.php\/wp-json\/wp\/v2\/product_brand?post=6195"},{"taxonomy":"product_cat","embeddable":true,"href":"https:\/\/calzavara.ar\/index.php\/wp-json\/wp\/v2\/product_cat?post=6195"},{"taxonomy":"product_tag","embeddable":true,"href":"https:\/\/calzavara.ar\/index.php\/wp-json\/wp\/v2\/product_tag?post=6195"}],"curies":[{"name":"wp","href":"https:\/\/api.w.org\/{rel}","templated":true}]}}