{"id":6185,"date":"2021-04-10T11:18:53","date_gmt":"2021-04-10T14:18:53","guid":{"rendered":"https:\/\/calzavara.ar\/index.php\/producto\/producto-4\/"},"modified":"2026-01-19T08:41:18","modified_gmt":"2026-01-19T11:41:18","slug":"producto-4","status":"publish","type":"product","link":"https:\/\/calzavara.ar\/index.php\/producto\/producto-4\/","title":{"rendered":"Fijacion Recta P\/ Pa?os Fijos Vidrio\/vidrio  P\/ Mampara"},"content":{"rendered":"<p>Soporte para pa\u00f1os fijos de cristal \/ vidrio templado de espesor 8 a 10 mm. Se utiliza para realizar el cerramiento de su mampara. Sirve para unir dos pa\u00f1os fijos adyacentes para dar continuaci\u00f3n a un vano vidriado. Gran terminaci\u00f3n espejada, le da un toque m\u00e1s sofisticado a su ba\u00f1o. Gran durabilidad y f\u00e1cil limpieza. <\/p>\n<p>Construido de Zamak, lo que le otorga propiedades anti corrosivas (no se oxida).<br \/>\nMedidas en fotos. <\/p>\n","protected":false},"excerpt":{"rendered":"<p>Soporte para pa\u00f1os fijos de cristal \/ vidrio templado de espesor 8 a 10 mm. Se utiliza para realizar el<\/p>\n","protected":false},"featured_media":6284,"template":"","meta":[],"product_brand":[],"product_cat":[265],"product_tag":[],"class_list":{"0":"post-6185","1":"product","2":"type-product","3":"status-publish","4":"has-post-thumbnail","6":"product_cat-fijaciones-vidrio","8":"first","9":"instock","10":"taxable","11":"shipping-taxable","12":"purchasable","13":"product-type-simple"},"yoast_head":"<!-- This site is optimized with the Yoast SEO plugin v27.2 - https:\/\/yoast.com\/product\/yoast-seo-wordpress\/ -->\n<title>Fijacion Recta P\/ Pa?os Fijos Vidrio\/vidrio P\/ Mampara - CALZAVARA<\/title>\n<meta name=\"robots\" content=\"index, follow, max-snippet:-1, max-image-preview:large, max-video-preview:-1\" \/>\n<link rel=\"canonical\" href=\"https:\/\/calzavara.ar\/index.php\/producto\/producto-4\/\" \/>\n<meta property=\"og:locale\" content=\"es_ES\" \/>\n<meta property=\"og:type\" content=\"article\" \/>\n<meta property=\"og:title\" content=\"Fijacion Recta P\/ Pa?os Fijos Vidrio\/vidrio P\/ Mampara - CALZAVARA\" \/>\n<meta property=\"og:description\" content=\"Soporte para pa\u00f1os fijos de cristal \/ vidrio templado de espesor 8 a 10 mm. Se utiliza para realizar el\" \/>\n<meta property=\"og:url\" content=\"https:\/\/calzavara.ar\/index.php\/producto\/producto-4\/\" \/>\n<meta property=\"og:site_name\" content=\"CALZAVARA\" \/>\n<meta property=\"article:publisher\" content=\"https:\/\/www.facebook.com\/calzavarasrl\" \/>\n<meta property=\"article:modified_time\" content=\"2026-01-19T11:41:18+00:00\" \/>\n<meta property=\"og:image\" content=\"https:\/\/calzavara.ar\/wp-content\/uploads\/2021\/04\/90481.jpg\" \/>\n\t<meta property=\"og:image:width\" content=\"500\" \/>\n\t<meta property=\"og:image:height\" content=\"375\" \/>\n\t<meta property=\"og:image:type\" content=\"image\/jpeg\" \/>\n<meta name=\"twitter:card\" content=\"summary_large_image\" \/>\n<script type=\"application\/ld+json\" class=\"yoast-schema-graph\">{\"@context\":\"https:\/\/schema.org\",\"@graph\":[{\"@type\":\"WebPage\",\"@id\":\"https:\/\/calzavara.ar\/index.php\/producto\/producto-4\/\",\"url\":\"https:\/\/calzavara.ar\/index.php\/producto\/producto-4\/\",\"name\":\"Fijacion Recta P\/ Pa?os Fijos Vidrio\/vidrio P\/ Mampara - CALZAVARA\",\"isPartOf\":{\"@id\":\"https:\/\/calzavara.ar\/#website\"},\"primaryImageOfPage\":{\"@id\":\"https:\/\/calzavara.ar\/index.php\/producto\/producto-4\/#primaryimage\"},\"image\":{\"@id\":\"https:\/\/calzavara.ar\/index.php\/producto\/producto-4\/#primaryimage\"},\"thumbnailUrl\":\"https:\/\/calzavara.ar\/wp-content\/uploads\/2021\/04\/90481.jpg\",\"datePublished\":\"2021-04-10T14:18:53+00:00\",\"dateModified\":\"2026-01-19T11:41:18+00:00\",\"breadcrumb\":{\"@id\":\"https:\/\/calzavara.ar\/index.php\/producto\/producto-4\/#breadcrumb\"},\"inLanguage\":\"es\",\"potentialAction\":[{\"@type\":\"ReadAction\",\"target\":[\"https:\/\/calzavara.ar\/index.php\/producto\/producto-4\/\"]}]},{\"@type\":\"ImageObject\",\"inLanguage\":\"es\",\"@id\":\"https:\/\/calzavara.ar\/index.php\/producto\/producto-4\/#primaryimage\",\"url\":\"https:\/\/calzavara.ar\/wp-content\/uploads\/2021\/04\/90481.jpg\",\"contentUrl\":\"https:\/\/calzavara.ar\/wp-content\/uploads\/2021\/04\/90481.jpg\",\"width\":500,\"height\":375},{\"@type\":\"BreadcrumbList\",\"@id\":\"https:\/\/calzavara.ar\/index.php\/producto\/producto-4\/#breadcrumb\",\"itemListElement\":[{\"@type\":\"ListItem\",\"position\":1,\"name\":\"Portada\",\"item\":\"https:\/\/calzavara.ar\/\"},{\"@type\":\"ListItem\",\"position\":2,\"name\":\"Tienda\",\"item\":\"https:\/\/calzavara.ar\/index.php\/tienda\/\"},{\"@type\":\"ListItem\",\"position\":3,\"name\":\"Fijacion Recta P\/ Pa?os Fijos Vidrio\/vidrio P\/ Mampara\"}]},{\"@type\":\"WebSite\",\"@id\":\"https:\/\/calzavara.ar\/#website\",\"url\":\"https:\/\/calzavara.ar\/\",\"name\":\"CALZAVARA\",\"description\":\"Tienda Oficial CALZAVARA\",\"publisher\":{\"@id\":\"https:\/\/calzavara.ar\/#organization\"},\"potentialAction\":[{\"@type\":\"SearchAction\",\"target\":{\"@type\":\"EntryPoint\",\"urlTemplate\":\"https:\/\/calzavara.ar\/?s={search_term_string}\"},\"query-input\":{\"@type\":\"PropertyValueSpecification\",\"valueRequired\":true,\"valueName\":\"search_term_string\"}}],\"inLanguage\":\"es\"},{\"@type\":\"Organization\",\"@id\":\"https:\/\/calzavara.ar\/#organization\",\"name\":\"CALZAVARA\",\"url\":\"https:\/\/calzavara.ar\/\",\"logo\":{\"@type\":\"ImageObject\",\"inLanguage\":\"es\",\"@id\":\"https:\/\/calzavara.ar\/#\/schema\/logo\/image\/\",\"url\":\"https:\/\/calzavara.ar\/wp-content\/uploads\/2025\/05\/CalzaLogoRedes.jpg\",\"contentUrl\":\"https:\/\/calzavara.ar\/wp-content\/uploads\/2025\/05\/CalzaLogoRedes.jpg\",\"width\":640,\"height\":640,\"caption\":\"CALZAVARA\"},\"image\":{\"@id\":\"https:\/\/calzavara.ar\/#\/schema\/logo\/image\/\"},\"sameAs\":[\"https:\/\/www.facebook.com\/calzavarasrl\",\"https:\/\/www.instagram.com\/calzavara_herrajes\",\"https:\/\/www.linkedin.com\/company\/calzavara\/\",\"https:\/\/www.youtube.com\/@calzavara3279\"]}]}<\/script>\n<!-- \/ Yoast SEO plugin. -->","yoast_head_json":{"title":"Fijacion Recta P\/ Pa?os Fijos Vidrio\/vidrio P\/ Mampara - CALZAVARA","robots":{"index":"index","follow":"follow","max-snippet":"max-snippet:-1","max-image-preview":"max-image-preview:large","max-video-preview":"max-video-preview:-1"},"canonical":"https:\/\/calzavara.ar\/index.php\/producto\/producto-4\/","og_locale":"es_ES","og_type":"article","og_title":"Fijacion Recta P\/ Pa?os Fijos Vidrio\/vidrio P\/ Mampara - CALZAVARA","og_description":"Soporte para pa\u00f1os fijos de cristal \/ vidrio templado de espesor 8 a 10 mm. Se utiliza para realizar el","og_url":"https:\/\/calzavara.ar\/index.php\/producto\/producto-4\/","og_site_name":"CALZAVARA","article_publisher":"https:\/\/www.facebook.com\/calzavarasrl","article_modified_time":"2026-01-19T11:41:18+00:00","og_image":[{"width":500,"height":375,"url":"https:\/\/calzavara.ar\/wp-content\/uploads\/2021\/04\/90481.jpg","type":"image\/jpeg"}],"twitter_card":"summary_large_image","schema":{"@context":"https:\/\/schema.org","@graph":[{"@type":"WebPage","@id":"https:\/\/calzavara.ar\/index.php\/producto\/producto-4\/","url":"https:\/\/calzavara.ar\/index.php\/producto\/producto-4\/","name":"Fijacion Recta P\/ Pa?os Fijos Vidrio\/vidrio P\/ Mampara - CALZAVARA","isPartOf":{"@id":"https:\/\/calzavara.ar\/#website"},"primaryImageOfPage":{"@id":"https:\/\/calzavara.ar\/index.php\/producto\/producto-4\/#primaryimage"},"image":{"@id":"https:\/\/calzavara.ar\/index.php\/producto\/producto-4\/#primaryimage"},"thumbnailUrl":"https:\/\/calzavara.ar\/wp-content\/uploads\/2021\/04\/90481.jpg","datePublished":"2021-04-10T14:18:53+00:00","dateModified":"2026-01-19T11:41:18+00:00","breadcrumb":{"@id":"https:\/\/calzavara.ar\/index.php\/producto\/producto-4\/#breadcrumb"},"inLanguage":"es","potentialAction":[{"@type":"ReadAction","target":["https:\/\/calzavara.ar\/index.php\/producto\/producto-4\/"]}]},{"@type":"ImageObject","inLanguage":"es","@id":"https:\/\/calzavara.ar\/index.php\/producto\/producto-4\/#primaryimage","url":"https:\/\/calzavara.ar\/wp-content\/uploads\/2021\/04\/90481.jpg","contentUrl":"https:\/\/calzavara.ar\/wp-content\/uploads\/2021\/04\/90481.jpg","width":500,"height":375},{"@type":"BreadcrumbList","@id":"https:\/\/calzavara.ar\/index.php\/producto\/producto-4\/#breadcrumb","itemListElement":[{"@type":"ListItem","position":1,"name":"Portada","item":"https:\/\/calzavara.ar\/"},{"@type":"ListItem","position":2,"name":"Tienda","item":"https:\/\/calzavara.ar\/index.php\/tienda\/"},{"@type":"ListItem","position":3,"name":"Fijacion Recta P\/ Pa?os Fijos Vidrio\/vidrio P\/ Mampara"}]},{"@type":"WebSite","@id":"https:\/\/calzavara.ar\/#website","url":"https:\/\/calzavara.ar\/","name":"CALZAVARA","description":"Tienda Oficial CALZAVARA","publisher":{"@id":"https:\/\/calzavara.ar\/#organization"},"potentialAction":[{"@type":"SearchAction","target":{"@type":"EntryPoint","urlTemplate":"https:\/\/calzavara.ar\/?s={search_term_string}"},"query-input":{"@type":"PropertyValueSpecification","valueRequired":true,"valueName":"search_term_string"}}],"inLanguage":"es"},{"@type":"Organization","@id":"https:\/\/calzavara.ar\/#organization","name":"CALZAVARA","url":"https:\/\/calzavara.ar\/","logo":{"@type":"ImageObject","inLanguage":"es","@id":"https:\/\/calzavara.ar\/#\/schema\/logo\/image\/","url":"https:\/\/calzavara.ar\/wp-content\/uploads\/2025\/05\/CalzaLogoRedes.jpg","contentUrl":"https:\/\/calzavara.ar\/wp-content\/uploads\/2025\/05\/CalzaLogoRedes.jpg","width":640,"height":640,"caption":"CALZAVARA"},"image":{"@id":"https:\/\/calzavara.ar\/#\/schema\/logo\/image\/"},"sameAs":["https:\/\/www.facebook.com\/calzavarasrl","https:\/\/www.instagram.com\/calzavara_herrajes","https:\/\/www.linkedin.com\/company\/calzavara\/","https:\/\/www.youtube.com\/@calzavara3279"]}]}},"jetpack_sharing_enabled":true,"_links":{"self":[{"href":"https:\/\/calzavara.ar\/index.php\/wp-json\/wp\/v2\/product\/6185","targetHints":{"allow":["GET"]}}],"collection":[{"href":"https:\/\/calzavara.ar\/index.php\/wp-json\/wp\/v2\/product"}],"about":[{"href":"https:\/\/calzavara.ar\/index.php\/wp-json\/wp\/v2\/types\/product"}],"wp:featuredmedia":[{"embeddable":true,"href":"https:\/\/calzavara.ar\/index.php\/wp-json\/wp\/v2\/media\/6284"}],"wp:attachment":[{"href":"https:\/\/calzavara.ar\/index.php\/wp-json\/wp\/v2\/media?parent=6185"}],"wp:term":[{"taxonomy":"product_brand","embeddable":true,"href":"https:\/\/calzavara.ar\/index.php\/wp-json\/wp\/v2\/product_brand?post=6185"},{"taxonomy":"product_cat","embeddable":true,"href":"https:\/\/calzavara.ar\/index.php\/wp-json\/wp\/v2\/product_cat?post=6185"},{"taxonomy":"product_tag","embeddable":true,"href":"https:\/\/calzavara.ar\/index.php\/wp-json\/wp\/v2\/product_tag?post=6185"}],"curies":[{"name":"wp","href":"https:\/\/api.w.org\/{rel}","templated":true}]}}