{"id":5171,"date":"2021-03-29T17:54:01","date_gmt":"2021-03-29T20:54:01","guid":{"rendered":"https:\/\/calzavara.ar\/index.php\/producto\/import-placeholder-for-3736\/"},"modified":"2026-01-19T08:41:13","modified_gmt":"2026-01-19T11:41:13","slug":"sosten-pivot-bisagra-p-marco-sup-puerta-vidrio-vidrio","status":"publish","type":"product","link":"https:\/\/calzavara.ar\/index.php\/producto\/sosten-pivot-bisagra-p-marco-sup-puerta-vidrio-vidrio\/","title":{"rendered":"Sosten Pivot \/ Bisagra P\/marco Sup. Puerta Vidrio-vidrio"},"content":{"rendered":"<p>Sost\u00e9n de bisagra pivotante para puerta de vidrio cuyo marco superior es un pa\u00f1o fijo tambi\u00e9n de vidrio. Este sost\u00e9n va ubicado en las esquinas inferiores del marco de la puerta (ver foto en publicaci\u00f3n) y permite un movimiento pivotante suave y uniforme. IIMPORTANTE: VA COLOCADO SOLO UNO POR PUERTA Y LA PUERTA DE VIDRIO DEBE LLEVAR UN LA BISAGRA CORRESPONDIENTE.<br \/>\nFabricados con altos est\u00e1ndares de calidad y con un cubierta de acero inoxidable d\u00e1ndole un estilo y elegancia a su abertura. Ideal para salones de venta, convenciones o inclusive oficinas.<\/p>\n<p>&#8211; Facil colocacion<br \/>\n&#8211; Vidrio templado de 10 a 12 mm de espesor<br \/>\n&#8211; Dise\u00f1o minimalista de gran terminaci\u00f3n y estilo<br \/>\n&#8211; Cubierta de acero inoxidable pulido<\/p>\n","protected":false},"excerpt":{"rendered":"<p>Sost\u00e9n de bisagra pivotante para puerta de vidrio cuyo marco superior es un pa\u00f1o fijo tambi\u00e9n de vidrio. Este sost\u00e9n<\/p>\n","protected":false},"featured_media":5204,"template":"","meta":[],"product_brand":[],"product_cat":[325],"product_tag":[326],"class_list":{"0":"post-5171","1":"product","2":"type-product","3":"status-publish","4":"has-post-thumbnail","6":"product_cat-herrajes-puerta-blindex","7":"product_tag-puerta-blindex-vidrio-cristal-pano-fijo","9":"first","10":"instock","11":"taxable","12":"shipping-taxable","13":"purchasable","14":"product-type-simple"},"yoast_head":"<!-- This site is optimized with the Yoast SEO plugin v27.3 - https:\/\/yoast.com\/product\/yoast-seo-wordpress\/ -->\n<title>Sosten Pivot \/ Bisagra P\/marco Sup. Puerta Vidrio-vidrio - CALZAVARA<\/title>\n<meta name=\"robots\" content=\"index, follow, max-snippet:-1, max-image-preview:large, max-video-preview:-1\" \/>\n<link rel=\"canonical\" href=\"https:\/\/calzavara.ar\/index.php\/producto\/sosten-pivot-bisagra-p-marco-sup-puerta-vidrio-vidrio\/\" \/>\n<meta property=\"og:locale\" content=\"es_ES\" \/>\n<meta property=\"og:type\" content=\"article\" \/>\n<meta property=\"og:title\" content=\"Sosten Pivot \/ Bisagra P\/marco Sup. Puerta Vidrio-vidrio - CALZAVARA\" \/>\n<meta property=\"og:description\" content=\"Sost\u00e9n de bisagra pivotante para puerta de vidrio cuyo marco superior es un pa\u00f1o fijo tambi\u00e9n de vidrio. Este sost\u00e9n\" \/>\n<meta property=\"og:url\" content=\"https:\/\/calzavara.ar\/index.php\/producto\/sosten-pivot-bisagra-p-marco-sup-puerta-vidrio-vidrio\/\" \/>\n<meta property=\"og:site_name\" content=\"CALZAVARA\" \/>\n<meta property=\"article:publisher\" content=\"https:\/\/www.facebook.com\/calzavarasrl\" \/>\n<meta property=\"article:modified_time\" content=\"2026-01-19T11:41:13+00:00\" \/>\n<meta property=\"og:image\" content=\"https:\/\/calzavara.ar\/wp-content\/uploads\/2021\/03\/90465-scaled.jpg\" \/>\n\t<meta property=\"og:image:width\" content=\"1920\" \/>\n\t<meta property=\"og:image:height\" content=\"2560\" \/>\n\t<meta property=\"og:image:type\" content=\"image\/jpeg\" \/>\n<meta name=\"twitter:card\" content=\"summary_large_image\" \/>\n<meta name=\"twitter:label1\" content=\"Tiempo de lectura\" \/>\n\t<meta name=\"twitter:data1\" content=\"1 minuto\" \/>\n<script type=\"application\/ld+json\" class=\"yoast-schema-graph\">{\"@context\":\"https:\\\/\\\/schema.org\",\"@graph\":[{\"@type\":\"WebPage\",\"@id\":\"https:\\\/\\\/calzavara.ar\\\/index.php\\\/producto\\\/sosten-pivot-bisagra-p-marco-sup-puerta-vidrio-vidrio\\\/\",\"url\":\"https:\\\/\\\/calzavara.ar\\\/index.php\\\/producto\\\/sosten-pivot-bisagra-p-marco-sup-puerta-vidrio-vidrio\\\/\",\"name\":\"Sosten Pivot \\\/ Bisagra P\\\/marco Sup. Puerta Vidrio-vidrio - CALZAVARA\",\"isPartOf\":{\"@id\":\"https:\\\/\\\/calzavara.ar\\\/#website\"},\"primaryImageOfPage\":{\"@id\":\"https:\\\/\\\/calzavara.ar\\\/index.php\\\/producto\\\/sosten-pivot-bisagra-p-marco-sup-puerta-vidrio-vidrio\\\/#primaryimage\"},\"image\":{\"@id\":\"https:\\\/\\\/calzavara.ar\\\/index.php\\\/producto\\\/sosten-pivot-bisagra-p-marco-sup-puerta-vidrio-vidrio\\\/#primaryimage\"},\"thumbnailUrl\":\"https:\\\/\\\/calzavara.ar\\\/wp-content\\\/uploads\\\/2021\\\/03\\\/90465-scaled.jpg\",\"datePublished\":\"2021-03-29T20:54:01+00:00\",\"dateModified\":\"2026-01-19T11:41:13+00:00\",\"breadcrumb\":{\"@id\":\"https:\\\/\\\/calzavara.ar\\\/index.php\\\/producto\\\/sosten-pivot-bisagra-p-marco-sup-puerta-vidrio-vidrio\\\/#breadcrumb\"},\"inLanguage\":\"es\",\"potentialAction\":[{\"@type\":\"ReadAction\",\"target\":[\"https:\\\/\\\/calzavara.ar\\\/index.php\\\/producto\\\/sosten-pivot-bisagra-p-marco-sup-puerta-vidrio-vidrio\\\/\"]}]},{\"@type\":\"ImageObject\",\"inLanguage\":\"es\",\"@id\":\"https:\\\/\\\/calzavara.ar\\\/index.php\\\/producto\\\/sosten-pivot-bisagra-p-marco-sup-puerta-vidrio-vidrio\\\/#primaryimage\",\"url\":\"https:\\\/\\\/calzavara.ar\\\/wp-content\\\/uploads\\\/2021\\\/03\\\/90465-scaled.jpg\",\"contentUrl\":\"https:\\\/\\\/calzavara.ar\\\/wp-content\\\/uploads\\\/2021\\\/03\\\/90465-scaled.jpg\",\"width\":1920,\"height\":2560},{\"@type\":\"BreadcrumbList\",\"@id\":\"https:\\\/\\\/calzavara.ar\\\/index.php\\\/producto\\\/sosten-pivot-bisagra-p-marco-sup-puerta-vidrio-vidrio\\\/#breadcrumb\",\"itemListElement\":[{\"@type\":\"ListItem\",\"position\":1,\"name\":\"Portada\",\"item\":\"https:\\\/\\\/calzavara.ar\\\/\"},{\"@type\":\"ListItem\",\"position\":2,\"name\":\"Tienda\",\"item\":\"https:\\\/\\\/calzavara.ar\\\/index.php\\\/tienda\\\/\"},{\"@type\":\"ListItem\",\"position\":3,\"name\":\"Sosten Pivot \\\/ Bisagra P\\\/marco Sup. Puerta Vidrio-vidrio\"}]},{\"@type\":\"WebSite\",\"@id\":\"https:\\\/\\\/calzavara.ar\\\/#website\",\"url\":\"https:\\\/\\\/calzavara.ar\\\/\",\"name\":\"CALZAVARA\",\"description\":\"Tienda Oficial CALZAVARA\",\"publisher\":{\"@id\":\"https:\\\/\\\/calzavara.ar\\\/#organization\"},\"potentialAction\":[{\"@type\":\"SearchAction\",\"target\":{\"@type\":\"EntryPoint\",\"urlTemplate\":\"https:\\\/\\\/calzavara.ar\\\/?s={search_term_string}\"},\"query-input\":{\"@type\":\"PropertyValueSpecification\",\"valueRequired\":true,\"valueName\":\"search_term_string\"}}],\"inLanguage\":\"es\"},{\"@type\":\"Organization\",\"@id\":\"https:\\\/\\\/calzavara.ar\\\/#organization\",\"name\":\"CALZAVARA\",\"url\":\"https:\\\/\\\/calzavara.ar\\\/\",\"logo\":{\"@type\":\"ImageObject\",\"inLanguage\":\"es\",\"@id\":\"https:\\\/\\\/calzavara.ar\\\/#\\\/schema\\\/logo\\\/image\\\/\",\"url\":\"https:\\\/\\\/calzavara.ar\\\/wp-content\\\/uploads\\\/2025\\\/05\\\/CalzaLogoRedes.jpg\",\"contentUrl\":\"https:\\\/\\\/calzavara.ar\\\/wp-content\\\/uploads\\\/2025\\\/05\\\/CalzaLogoRedes.jpg\",\"width\":640,\"height\":640,\"caption\":\"CALZAVARA\"},\"image\":{\"@id\":\"https:\\\/\\\/calzavara.ar\\\/#\\\/schema\\\/logo\\\/image\\\/\"},\"sameAs\":[\"https:\\\/\\\/www.facebook.com\\\/calzavarasrl\",\"https:\\\/\\\/www.instagram.com\\\/calzavara_herrajes\",\"https:\\\/\\\/www.linkedin.com\\\/company\\\/calzavara\\\/\",\"https:\\\/\\\/www.youtube.com\\\/@calzavara3279\"]}]}<\/script>\n<!-- \/ Yoast SEO plugin. -->","yoast_head_json":{"title":"Sosten Pivot \/ Bisagra P\/marco Sup. Puerta Vidrio-vidrio - CALZAVARA","robots":{"index":"index","follow":"follow","max-snippet":"max-snippet:-1","max-image-preview":"max-image-preview:large","max-video-preview":"max-video-preview:-1"},"canonical":"https:\/\/calzavara.ar\/index.php\/producto\/sosten-pivot-bisagra-p-marco-sup-puerta-vidrio-vidrio\/","og_locale":"es_ES","og_type":"article","og_title":"Sosten Pivot \/ Bisagra P\/marco Sup. Puerta Vidrio-vidrio - CALZAVARA","og_description":"Sost\u00e9n de bisagra pivotante para puerta de vidrio cuyo marco superior es un pa\u00f1o fijo tambi\u00e9n de vidrio. Este sost\u00e9n","og_url":"https:\/\/calzavara.ar\/index.php\/producto\/sosten-pivot-bisagra-p-marco-sup-puerta-vidrio-vidrio\/","og_site_name":"CALZAVARA","article_publisher":"https:\/\/www.facebook.com\/calzavarasrl","article_modified_time":"2026-01-19T11:41:13+00:00","og_image":[{"width":1920,"height":2560,"url":"https:\/\/calzavara.ar\/wp-content\/uploads\/2021\/03\/90465-scaled.jpg","type":"image\/jpeg"}],"twitter_card":"summary_large_image","twitter_misc":{"Tiempo de lectura":"1 minuto"},"schema":{"@context":"https:\/\/schema.org","@graph":[{"@type":"WebPage","@id":"https:\/\/calzavara.ar\/index.php\/producto\/sosten-pivot-bisagra-p-marco-sup-puerta-vidrio-vidrio\/","url":"https:\/\/calzavara.ar\/index.php\/producto\/sosten-pivot-bisagra-p-marco-sup-puerta-vidrio-vidrio\/","name":"Sosten Pivot \/ Bisagra P\/marco Sup. Puerta Vidrio-vidrio - CALZAVARA","isPartOf":{"@id":"https:\/\/calzavara.ar\/#website"},"primaryImageOfPage":{"@id":"https:\/\/calzavara.ar\/index.php\/producto\/sosten-pivot-bisagra-p-marco-sup-puerta-vidrio-vidrio\/#primaryimage"},"image":{"@id":"https:\/\/calzavara.ar\/index.php\/producto\/sosten-pivot-bisagra-p-marco-sup-puerta-vidrio-vidrio\/#primaryimage"},"thumbnailUrl":"https:\/\/calzavara.ar\/wp-content\/uploads\/2021\/03\/90465-scaled.jpg","datePublished":"2021-03-29T20:54:01+00:00","dateModified":"2026-01-19T11:41:13+00:00","breadcrumb":{"@id":"https:\/\/calzavara.ar\/index.php\/producto\/sosten-pivot-bisagra-p-marco-sup-puerta-vidrio-vidrio\/#breadcrumb"},"inLanguage":"es","potentialAction":[{"@type":"ReadAction","target":["https:\/\/calzavara.ar\/index.php\/producto\/sosten-pivot-bisagra-p-marco-sup-puerta-vidrio-vidrio\/"]}]},{"@type":"ImageObject","inLanguage":"es","@id":"https:\/\/calzavara.ar\/index.php\/producto\/sosten-pivot-bisagra-p-marco-sup-puerta-vidrio-vidrio\/#primaryimage","url":"https:\/\/calzavara.ar\/wp-content\/uploads\/2021\/03\/90465-scaled.jpg","contentUrl":"https:\/\/calzavara.ar\/wp-content\/uploads\/2021\/03\/90465-scaled.jpg","width":1920,"height":2560},{"@type":"BreadcrumbList","@id":"https:\/\/calzavara.ar\/index.php\/producto\/sosten-pivot-bisagra-p-marco-sup-puerta-vidrio-vidrio\/#breadcrumb","itemListElement":[{"@type":"ListItem","position":1,"name":"Portada","item":"https:\/\/calzavara.ar\/"},{"@type":"ListItem","position":2,"name":"Tienda","item":"https:\/\/calzavara.ar\/index.php\/tienda\/"},{"@type":"ListItem","position":3,"name":"Sosten Pivot \/ Bisagra P\/marco Sup. Puerta Vidrio-vidrio"}]},{"@type":"WebSite","@id":"https:\/\/calzavara.ar\/#website","url":"https:\/\/calzavara.ar\/","name":"CALZAVARA","description":"Tienda Oficial CALZAVARA","publisher":{"@id":"https:\/\/calzavara.ar\/#organization"},"potentialAction":[{"@type":"SearchAction","target":{"@type":"EntryPoint","urlTemplate":"https:\/\/calzavara.ar\/?s={search_term_string}"},"query-input":{"@type":"PropertyValueSpecification","valueRequired":true,"valueName":"search_term_string"}}],"inLanguage":"es"},{"@type":"Organization","@id":"https:\/\/calzavara.ar\/#organization","name":"CALZAVARA","url":"https:\/\/calzavara.ar\/","logo":{"@type":"ImageObject","inLanguage":"es","@id":"https:\/\/calzavara.ar\/#\/schema\/logo\/image\/","url":"https:\/\/calzavara.ar\/wp-content\/uploads\/2025\/05\/CalzaLogoRedes.jpg","contentUrl":"https:\/\/calzavara.ar\/wp-content\/uploads\/2025\/05\/CalzaLogoRedes.jpg","width":640,"height":640,"caption":"CALZAVARA"},"image":{"@id":"https:\/\/calzavara.ar\/#\/schema\/logo\/image\/"},"sameAs":["https:\/\/www.facebook.com\/calzavarasrl","https:\/\/www.instagram.com\/calzavara_herrajes","https:\/\/www.linkedin.com\/company\/calzavara\/","https:\/\/www.youtube.com\/@calzavara3279"]}]}},"jetpack_sharing_enabled":true,"_links":{"self":[{"href":"https:\/\/calzavara.ar\/index.php\/wp-json\/wp\/v2\/product\/5171","targetHints":{"allow":["GET"]}}],"collection":[{"href":"https:\/\/calzavara.ar\/index.php\/wp-json\/wp\/v2\/product"}],"about":[{"href":"https:\/\/calzavara.ar\/index.php\/wp-json\/wp\/v2\/types\/product"}],"wp:featuredmedia":[{"embeddable":true,"href":"https:\/\/calzavara.ar\/index.php\/wp-json\/wp\/v2\/media\/5204"}],"wp:attachment":[{"href":"https:\/\/calzavara.ar\/index.php\/wp-json\/wp\/v2\/media?parent=5171"}],"wp:term":[{"taxonomy":"product_brand","embeddable":true,"href":"https:\/\/calzavara.ar\/index.php\/wp-json\/wp\/v2\/product_brand?post=5171"},{"taxonomy":"product_cat","embeddable":true,"href":"https:\/\/calzavara.ar\/index.php\/wp-json\/wp\/v2\/product_cat?post=5171"},{"taxonomy":"product_tag","embeddable":true,"href":"https:\/\/calzavara.ar\/index.php\/wp-json\/wp\/v2\/product_tag?post=5171"}],"curies":[{"name":"wp","href":"https:\/\/api.w.org\/{rel}","templated":true}]}}