{"id":5155,"date":"2021-03-29T17:53:53","date_gmt":"2021-03-29T20:53:53","guid":{"rendered":"https:\/\/calzavara.ar\/index.php\/producto\/import-placeholder-for-3720\/"},"modified":"2026-01-19T08:41:13","modified_gmt":"2026-01-19T11:41:13","slug":"kit-mampara-corrediza-p-bano-a-inox-minimalista","status":"publish","type":"product","link":"https:\/\/calzavara.ar\/index.php\/producto\/kit-mampara-corrediza-p-bano-a-inox-minimalista\/","title":{"rendered":"Kit Mampara Corrediza P\/ Ba?o A. Inox Minimalista"},"content":{"rendered":"<p>Hermoso Kit de Mampara corrediza para su ba\u00f1o o abertura a elecci\u00f3n. El kit es muy f\u00e1cil de colocar, en unas pocas horas tendr\u00e1 colocada la mampara y su ba\u00f1o no volver\u00e1 ser el mismo. Todos los elementos del kit construidos en Acero Inoxidable pulido a espejo, que le otorga no solo una increible terminaci\u00f3n, sino que tambi\u00e9n gran resistencia mec\u00e1nica y anti corrosiva (no se oxida!!). El kit va instalado como muestra la imagen adem\u00e1s de llevar un manual que indica la distancias m\u00ednimas entre agujeros del pa\u00f1o fijo y pa\u00f1o m\u00f3vil. NO PEDIR LOS VIDRIOS SIN ANTES CONSULTAR EL MANUAL DE INSTALACI\u00d3N!!<\/p>\n<p>EL KIT NO INCLUYE VIDRIOS.<\/p>\n<p>El kit incluye:<br \/>\n&#8211; 2 ruedas con ruleman con fijaciones para el pa\u00f1o m\u00f3vil<br \/>\n&#8211; 2 Topes de seguridad para pa\u00f1o m\u00f3vil<br \/>\n&#8211; 2 Fijaciones para ca\u00f1o rectangular a pared<br \/>\n&#8211; 2 Fijaciones de pa\u00f1o fijo a ca\u00f1o rectangular<br \/>\n&#8211; 2 Topes para evitar que el vidrio choque contra la pared<br \/>\n&#8211; 1 Cubeta para pa\u00f1o m\u00f3vil para su sujeci\u00f3n<br \/>\n&#8211; 1 Guia inferior<\/p>\n<p>El kit NO incluye el ca\u00f1o rectangular de acero inoxidable, este lo puede conseguir en cualquier venta de metales de su ciudad. La longitud de este ca\u00f1o debe ser igual al ancho total de la abertura.<br \/>\nEn caso de querer agregar 2 metros de ca\u00f1o rectangular de acero inoxidable debe solicitarlo apenas realice la compra y tiene un costo extra de (ver abajo) y el envio se hace por encomienda a su localidad (pago en destino, es decir usted paga el env\u00edo en su localidad cuando recibe el paquete). (Preguntar por ca\u00f1os mayores a 2 metros)<br \/>\nNO incluye vidrio templados!<\/p>\n<p>Tambi\u00e9n enviamos por Transporte Y Cadete (cadete dentro de Rosario)<\/p>\n","protected":false},"excerpt":{"rendered":"<p>Hermoso Kit de Mampara corrediza para su ba\u00f1o o abertura a elecci\u00f3n. El kit es muy f\u00e1cil de colocar, en<\/p>\n","protected":false},"featured_media":5178,"template":"","meta":[],"product_brand":[],"product_cat":[329],"product_tag":[330],"class_list":{"0":"post-5155","1":"product","2":"type-product","3":"status-publish","4":"has-post-thumbnail","6":"product_cat-herrajes-mamparas","7":"product_tag-mamparas-corredizos-corredizo-mampara-deco","9":"first","10":"instock","11":"taxable","12":"shipping-taxable","13":"purchasable","14":"product-type-simple"},"yoast_head":"<!-- This site is optimized with the Yoast SEO plugin v27.3 - https:\/\/yoast.com\/product\/yoast-seo-wordpress\/ -->\n<title>Kit Mampara Corrediza P\/ Ba?o A. Inox Minimalista - CALZAVARA<\/title>\n<meta name=\"robots\" content=\"index, follow, max-snippet:-1, max-image-preview:large, max-video-preview:-1\" \/>\n<link rel=\"canonical\" href=\"https:\/\/calzavara.ar\/index.php\/producto\/kit-mampara-corrediza-p-bano-a-inox-minimalista\/\" \/>\n<meta property=\"og:locale\" content=\"es_ES\" \/>\n<meta property=\"og:type\" content=\"article\" \/>\n<meta property=\"og:title\" content=\"Kit Mampara Corrediza P\/ Ba?o A. Inox Minimalista - CALZAVARA\" \/>\n<meta property=\"og:description\" content=\"Hermoso Kit de Mampara corrediza para su ba\u00f1o o abertura a elecci\u00f3n. El kit es muy f\u00e1cil de colocar, en\" \/>\n<meta property=\"og:url\" content=\"https:\/\/calzavara.ar\/index.php\/producto\/kit-mampara-corrediza-p-bano-a-inox-minimalista\/\" \/>\n<meta property=\"og:site_name\" content=\"CALZAVARA\" \/>\n<meta property=\"article:publisher\" content=\"https:\/\/www.facebook.com\/calzavarasrl\" \/>\n<meta property=\"article:modified_time\" content=\"2026-01-19T11:41:13+00:00\" \/>\n<meta property=\"og:image\" content=\"https:\/\/calzavara.ar\/wp-content\/uploads\/2021\/03\/90487.jpg\" \/>\n\t<meta property=\"og:image:width\" content=\"1200\" \/>\n\t<meta property=\"og:image:height\" content=\"900\" \/>\n\t<meta property=\"og:image:type\" content=\"image\/jpeg\" \/>\n<meta name=\"twitter:card\" content=\"summary_large_image\" \/>\n<meta name=\"twitter:label1\" content=\"Tiempo de lectura\" \/>\n\t<meta name=\"twitter:data1\" content=\"2 minutos\" \/>\n<script type=\"application\/ld+json\" class=\"yoast-schema-graph\">{\"@context\":\"https:\\\/\\\/schema.org\",\"@graph\":[{\"@type\":\"WebPage\",\"@id\":\"https:\\\/\\\/calzavara.ar\\\/index.php\\\/producto\\\/kit-mampara-corrediza-p-bano-a-inox-minimalista\\\/\",\"url\":\"https:\\\/\\\/calzavara.ar\\\/index.php\\\/producto\\\/kit-mampara-corrediza-p-bano-a-inox-minimalista\\\/\",\"name\":\"Kit Mampara Corrediza P\\\/ Ba?o A. Inox Minimalista - CALZAVARA\",\"isPartOf\":{\"@id\":\"https:\\\/\\\/calzavara.ar\\\/#website\"},\"primaryImageOfPage\":{\"@id\":\"https:\\\/\\\/calzavara.ar\\\/index.php\\\/producto\\\/kit-mampara-corrediza-p-bano-a-inox-minimalista\\\/#primaryimage\"},\"image\":{\"@id\":\"https:\\\/\\\/calzavara.ar\\\/index.php\\\/producto\\\/kit-mampara-corrediza-p-bano-a-inox-minimalista\\\/#primaryimage\"},\"thumbnailUrl\":\"https:\\\/\\\/calzavara.ar\\\/wp-content\\\/uploads\\\/2021\\\/03\\\/90487.jpg\",\"datePublished\":\"2021-03-29T20:53:53+00:00\",\"dateModified\":\"2026-01-19T11:41:13+00:00\",\"breadcrumb\":{\"@id\":\"https:\\\/\\\/calzavara.ar\\\/index.php\\\/producto\\\/kit-mampara-corrediza-p-bano-a-inox-minimalista\\\/#breadcrumb\"},\"inLanguage\":\"es\",\"potentialAction\":[{\"@type\":\"ReadAction\",\"target\":[\"https:\\\/\\\/calzavara.ar\\\/index.php\\\/producto\\\/kit-mampara-corrediza-p-bano-a-inox-minimalista\\\/\"]}]},{\"@type\":\"ImageObject\",\"inLanguage\":\"es\",\"@id\":\"https:\\\/\\\/calzavara.ar\\\/index.php\\\/producto\\\/kit-mampara-corrediza-p-bano-a-inox-minimalista\\\/#primaryimage\",\"url\":\"https:\\\/\\\/calzavara.ar\\\/wp-content\\\/uploads\\\/2021\\\/03\\\/90487.jpg\",\"contentUrl\":\"https:\\\/\\\/calzavara.ar\\\/wp-content\\\/uploads\\\/2021\\\/03\\\/90487.jpg\",\"width\":1200,\"height\":900},{\"@type\":\"BreadcrumbList\",\"@id\":\"https:\\\/\\\/calzavara.ar\\\/index.php\\\/producto\\\/kit-mampara-corrediza-p-bano-a-inox-minimalista\\\/#breadcrumb\",\"itemListElement\":[{\"@type\":\"ListItem\",\"position\":1,\"name\":\"Portada\",\"item\":\"https:\\\/\\\/calzavara.ar\\\/\"},{\"@type\":\"ListItem\",\"position\":2,\"name\":\"Tienda\",\"item\":\"https:\\\/\\\/calzavara.ar\\\/index.php\\\/tienda\\\/\"},{\"@type\":\"ListItem\",\"position\":3,\"name\":\"Kit Mampara Corrediza P\\\/ Ba?o A. Inox Minimalista\"}]},{\"@type\":\"WebSite\",\"@id\":\"https:\\\/\\\/calzavara.ar\\\/#website\",\"url\":\"https:\\\/\\\/calzavara.ar\\\/\",\"name\":\"CALZAVARA\",\"description\":\"Tienda Oficial CALZAVARA\",\"publisher\":{\"@id\":\"https:\\\/\\\/calzavara.ar\\\/#organization\"},\"potentialAction\":[{\"@type\":\"SearchAction\",\"target\":{\"@type\":\"EntryPoint\",\"urlTemplate\":\"https:\\\/\\\/calzavara.ar\\\/?s={search_term_string}\"},\"query-input\":{\"@type\":\"PropertyValueSpecification\",\"valueRequired\":true,\"valueName\":\"search_term_string\"}}],\"inLanguage\":\"es\"},{\"@type\":\"Organization\",\"@id\":\"https:\\\/\\\/calzavara.ar\\\/#organization\",\"name\":\"CALZAVARA\",\"url\":\"https:\\\/\\\/calzavara.ar\\\/\",\"logo\":{\"@type\":\"ImageObject\",\"inLanguage\":\"es\",\"@id\":\"https:\\\/\\\/calzavara.ar\\\/#\\\/schema\\\/logo\\\/image\\\/\",\"url\":\"https:\\\/\\\/calzavara.ar\\\/wp-content\\\/uploads\\\/2025\\\/05\\\/CalzaLogoRedes.jpg\",\"contentUrl\":\"https:\\\/\\\/calzavara.ar\\\/wp-content\\\/uploads\\\/2025\\\/05\\\/CalzaLogoRedes.jpg\",\"width\":640,\"height\":640,\"caption\":\"CALZAVARA\"},\"image\":{\"@id\":\"https:\\\/\\\/calzavara.ar\\\/#\\\/schema\\\/logo\\\/image\\\/\"},\"sameAs\":[\"https:\\\/\\\/www.facebook.com\\\/calzavarasrl\",\"https:\\\/\\\/www.instagram.com\\\/calzavara_herrajes\",\"https:\\\/\\\/www.linkedin.com\\\/company\\\/calzavara\\\/\",\"https:\\\/\\\/www.youtube.com\\\/@calzavara3279\"]}]}<\/script>\n<!-- \/ Yoast SEO plugin. -->","yoast_head_json":{"title":"Kit Mampara Corrediza P\/ Ba?o A. Inox Minimalista - CALZAVARA","robots":{"index":"index","follow":"follow","max-snippet":"max-snippet:-1","max-image-preview":"max-image-preview:large","max-video-preview":"max-video-preview:-1"},"canonical":"https:\/\/calzavara.ar\/index.php\/producto\/kit-mampara-corrediza-p-bano-a-inox-minimalista\/","og_locale":"es_ES","og_type":"article","og_title":"Kit Mampara Corrediza P\/ Ba?o A. Inox Minimalista - CALZAVARA","og_description":"Hermoso Kit de Mampara corrediza para su ba\u00f1o o abertura a elecci\u00f3n. El kit es muy f\u00e1cil de colocar, en","og_url":"https:\/\/calzavara.ar\/index.php\/producto\/kit-mampara-corrediza-p-bano-a-inox-minimalista\/","og_site_name":"CALZAVARA","article_publisher":"https:\/\/www.facebook.com\/calzavarasrl","article_modified_time":"2026-01-19T11:41:13+00:00","og_image":[{"width":1200,"height":900,"url":"https:\/\/calzavara.ar\/wp-content\/uploads\/2021\/03\/90487.jpg","type":"image\/jpeg"}],"twitter_card":"summary_large_image","twitter_misc":{"Tiempo de lectura":"2 minutos"},"schema":{"@context":"https:\/\/schema.org","@graph":[{"@type":"WebPage","@id":"https:\/\/calzavara.ar\/index.php\/producto\/kit-mampara-corrediza-p-bano-a-inox-minimalista\/","url":"https:\/\/calzavara.ar\/index.php\/producto\/kit-mampara-corrediza-p-bano-a-inox-minimalista\/","name":"Kit Mampara Corrediza P\/ Ba?o A. Inox Minimalista - CALZAVARA","isPartOf":{"@id":"https:\/\/calzavara.ar\/#website"},"primaryImageOfPage":{"@id":"https:\/\/calzavara.ar\/index.php\/producto\/kit-mampara-corrediza-p-bano-a-inox-minimalista\/#primaryimage"},"image":{"@id":"https:\/\/calzavara.ar\/index.php\/producto\/kit-mampara-corrediza-p-bano-a-inox-minimalista\/#primaryimage"},"thumbnailUrl":"https:\/\/calzavara.ar\/wp-content\/uploads\/2021\/03\/90487.jpg","datePublished":"2021-03-29T20:53:53+00:00","dateModified":"2026-01-19T11:41:13+00:00","breadcrumb":{"@id":"https:\/\/calzavara.ar\/index.php\/producto\/kit-mampara-corrediza-p-bano-a-inox-minimalista\/#breadcrumb"},"inLanguage":"es","potentialAction":[{"@type":"ReadAction","target":["https:\/\/calzavara.ar\/index.php\/producto\/kit-mampara-corrediza-p-bano-a-inox-minimalista\/"]}]},{"@type":"ImageObject","inLanguage":"es","@id":"https:\/\/calzavara.ar\/index.php\/producto\/kit-mampara-corrediza-p-bano-a-inox-minimalista\/#primaryimage","url":"https:\/\/calzavara.ar\/wp-content\/uploads\/2021\/03\/90487.jpg","contentUrl":"https:\/\/calzavara.ar\/wp-content\/uploads\/2021\/03\/90487.jpg","width":1200,"height":900},{"@type":"BreadcrumbList","@id":"https:\/\/calzavara.ar\/index.php\/producto\/kit-mampara-corrediza-p-bano-a-inox-minimalista\/#breadcrumb","itemListElement":[{"@type":"ListItem","position":1,"name":"Portada","item":"https:\/\/calzavara.ar\/"},{"@type":"ListItem","position":2,"name":"Tienda","item":"https:\/\/calzavara.ar\/index.php\/tienda\/"},{"@type":"ListItem","position":3,"name":"Kit Mampara Corrediza P\/ Ba?o A. Inox Minimalista"}]},{"@type":"WebSite","@id":"https:\/\/calzavara.ar\/#website","url":"https:\/\/calzavara.ar\/","name":"CALZAVARA","description":"Tienda Oficial CALZAVARA","publisher":{"@id":"https:\/\/calzavara.ar\/#organization"},"potentialAction":[{"@type":"SearchAction","target":{"@type":"EntryPoint","urlTemplate":"https:\/\/calzavara.ar\/?s={search_term_string}"},"query-input":{"@type":"PropertyValueSpecification","valueRequired":true,"valueName":"search_term_string"}}],"inLanguage":"es"},{"@type":"Organization","@id":"https:\/\/calzavara.ar\/#organization","name":"CALZAVARA","url":"https:\/\/calzavara.ar\/","logo":{"@type":"ImageObject","inLanguage":"es","@id":"https:\/\/calzavara.ar\/#\/schema\/logo\/image\/","url":"https:\/\/calzavara.ar\/wp-content\/uploads\/2025\/05\/CalzaLogoRedes.jpg","contentUrl":"https:\/\/calzavara.ar\/wp-content\/uploads\/2025\/05\/CalzaLogoRedes.jpg","width":640,"height":640,"caption":"CALZAVARA"},"image":{"@id":"https:\/\/calzavara.ar\/#\/schema\/logo\/image\/"},"sameAs":["https:\/\/www.facebook.com\/calzavarasrl","https:\/\/www.instagram.com\/calzavara_herrajes","https:\/\/www.linkedin.com\/company\/calzavara\/","https:\/\/www.youtube.com\/@calzavara3279"]}]}},"jetpack_sharing_enabled":true,"_links":{"self":[{"href":"https:\/\/calzavara.ar\/index.php\/wp-json\/wp\/v2\/product\/5155","targetHints":{"allow":["GET"]}}],"collection":[{"href":"https:\/\/calzavara.ar\/index.php\/wp-json\/wp\/v2\/product"}],"about":[{"href":"https:\/\/calzavara.ar\/index.php\/wp-json\/wp\/v2\/types\/product"}],"wp:featuredmedia":[{"embeddable":true,"href":"https:\/\/calzavara.ar\/index.php\/wp-json\/wp\/v2\/media\/5178"}],"wp:attachment":[{"href":"https:\/\/calzavara.ar\/index.php\/wp-json\/wp\/v2\/media?parent=5155"}],"wp:term":[{"taxonomy":"product_brand","embeddable":true,"href":"https:\/\/calzavara.ar\/index.php\/wp-json\/wp\/v2\/product_brand?post=5155"},{"taxonomy":"product_cat","embeddable":true,"href":"https:\/\/calzavara.ar\/index.php\/wp-json\/wp\/v2\/product_cat?post=5155"},{"taxonomy":"product_tag","embeddable":true,"href":"https:\/\/calzavara.ar\/index.php\/wp-json\/wp\/v2\/product_tag?post=5155"}],"curies":[{"name":"wp","href":"https:\/\/api.w.org\/{rel}","templated":true}]}}