{"id":5041,"date":"2021-03-29T17:13:34","date_gmt":"2021-03-29T20:13:34","guid":{"rendered":"https:\/\/calzavara.ar\/index.php\/producto\/import-placeholder-for-3712\/"},"modified":"2026-01-19T08:41:12","modified_gmt":"2026-01-19T11:41:12","slug":"cierrapuertas-hidraulico-aereo-60-kg-qbo","status":"publish","type":"product","link":"https:\/\/calzavara.ar\/index.php\/producto\/cierrapuertas-hidraulico-aereo-60-kg-qbo\/","title":{"rendered":"Cierrapuertas Hidraulico Aereo 60 Kg &#8211; QBO"},"content":{"rendered":"<p>Cierra puerta a\u00e9reo para puerta de hasta 1 metros de ancho y 60 kg de fuerza m\u00e1xima. Construido en aluminio y pintado de color gris. Las piezas m\u00f3viles todas en acero de alta resistencia.<\/p>\n<p>Caracter\u00edsticas:<br \/>\nPara puertas de entre 600 y 1000 mm (0.6 metros a 1 metro)<br \/>\nCapacidad: 45 \u2013 60 kg<br \/>\nAjuste de velocidad de cierre de 180\u00b0 a 20\u00b0<br \/>\nAjuste de velocidad de \u00faltimo cierre desde 20\u00b0 a 0\u00b0<br \/>\nPintado con pintura epoxi para prevenir de la oxidaci\u00f3n<br \/>\nCon sello de aceite preciso que previene fugas de aceite.<br \/>\nCuerpo de aluminio de alta calidad fundido + 3 capas de pintura antioxidante<br \/>\nConsta de dos v\u00e1lvulas hidr\u00e1ulicas independientes que controla la velocidad de cierre seg\u00fan la apertura de la puerta.<br \/>\nLos engranes, ejes y racks est\u00e1n construidos con acero de alto carbono evitando deflecciones y garantizando una excelente operaci\u00f3n.<\/p>\n","protected":false},"excerpt":{"rendered":"<p>Cierra puerta a\u00e9reo para puerta de hasta 1 metros de ancho y 60 kg de fuerza m\u00e1xima. Construido en aluminio<\/p>\n","protected":false},"featured_media":6236,"template":"","meta":[],"product_brand":[],"product_cat":[89],"product_tag":[323],"class_list":{"0":"post-5041","1":"product","2":"type-product","3":"status-publish","4":"has-post-thumbnail","6":"product_cat-cierrapuertas","7":"product_tag-cierrapuertas-freno-puertas","9":"first","10":"outofstock","11":"taxable","12":"shipping-taxable","13":"purchasable","14":"product-type-simple"},"yoast_head":"<!-- This site is optimized with the Yoast SEO plugin v27.2 - https:\/\/yoast.com\/product\/yoast-seo-wordpress\/ -->\n<title>Cierrapuertas Hidraulico Aereo 60 Kg - QBO - CALZAVARA<\/title>\n<meta name=\"robots\" content=\"index, follow, max-snippet:-1, max-image-preview:large, max-video-preview:-1\" \/>\n<link rel=\"canonical\" href=\"https:\/\/calzavara.ar\/index.php\/producto\/cierrapuertas-hidraulico-aereo-60-kg-qbo\/\" \/>\n<meta property=\"og:locale\" content=\"es_ES\" \/>\n<meta property=\"og:type\" content=\"article\" \/>\n<meta property=\"og:title\" content=\"Cierrapuertas Hidraulico Aereo 60 Kg - QBO - CALZAVARA\" \/>\n<meta property=\"og:description\" content=\"Cierra puerta a\u00e9reo para puerta de hasta 1 metros de ancho y 60 kg de fuerza m\u00e1xima. Construido en aluminio\" \/>\n<meta property=\"og:url\" content=\"https:\/\/calzavara.ar\/index.php\/producto\/cierrapuertas-hidraulico-aereo-60-kg-qbo\/\" \/>\n<meta property=\"og:site_name\" content=\"CALZAVARA\" \/>\n<meta property=\"article:publisher\" content=\"https:\/\/www.facebook.com\/calzavarasrl\" \/>\n<meta property=\"article:modified_time\" content=\"2026-01-19T11:41:12+00:00\" \/>\n<meta property=\"og:image\" content=\"https:\/\/calzavara.ar\/wp-content\/uploads\/2021\/04\/90499.png\" \/>\n\t<meta property=\"og:image:width\" content=\"1176\" \/>\n\t<meta property=\"og:image:height\" content=\"858\" \/>\n\t<meta property=\"og:image:type\" content=\"image\/png\" \/>\n<meta name=\"twitter:card\" content=\"summary_large_image\" \/>\n<meta name=\"twitter:label1\" content=\"Tiempo de lectura\" \/>\n\t<meta name=\"twitter:data1\" content=\"1 minuto\" \/>\n<script type=\"application\/ld+json\" class=\"yoast-schema-graph\">{\"@context\":\"https:\/\/schema.org\",\"@graph\":[{\"@type\":\"WebPage\",\"@id\":\"https:\/\/calzavara.ar\/index.php\/producto\/cierrapuertas-hidraulico-aereo-60-kg-qbo\/\",\"url\":\"https:\/\/calzavara.ar\/index.php\/producto\/cierrapuertas-hidraulico-aereo-60-kg-qbo\/\",\"name\":\"Cierrapuertas Hidraulico Aereo 60 Kg - QBO - CALZAVARA\",\"isPartOf\":{\"@id\":\"https:\/\/calzavara.ar\/#website\"},\"primaryImageOfPage\":{\"@id\":\"https:\/\/calzavara.ar\/index.php\/producto\/cierrapuertas-hidraulico-aereo-60-kg-qbo\/#primaryimage\"},\"image\":{\"@id\":\"https:\/\/calzavara.ar\/index.php\/producto\/cierrapuertas-hidraulico-aereo-60-kg-qbo\/#primaryimage\"},\"thumbnailUrl\":\"https:\/\/calzavara.ar\/wp-content\/uploads\/2021\/04\/90499.png\",\"datePublished\":\"2021-03-29T20:13:34+00:00\",\"dateModified\":\"2026-01-19T11:41:12+00:00\",\"breadcrumb\":{\"@id\":\"https:\/\/calzavara.ar\/index.php\/producto\/cierrapuertas-hidraulico-aereo-60-kg-qbo\/#breadcrumb\"},\"inLanguage\":\"es\",\"potentialAction\":[{\"@type\":\"ReadAction\",\"target\":[\"https:\/\/calzavara.ar\/index.php\/producto\/cierrapuertas-hidraulico-aereo-60-kg-qbo\/\"]}]},{\"@type\":\"ImageObject\",\"inLanguage\":\"es\",\"@id\":\"https:\/\/calzavara.ar\/index.php\/producto\/cierrapuertas-hidraulico-aereo-60-kg-qbo\/#primaryimage\",\"url\":\"https:\/\/calzavara.ar\/wp-content\/uploads\/2021\/04\/90499.png\",\"contentUrl\":\"https:\/\/calzavara.ar\/wp-content\/uploads\/2021\/04\/90499.png\",\"width\":1176,\"height\":858},{\"@type\":\"BreadcrumbList\",\"@id\":\"https:\/\/calzavara.ar\/index.php\/producto\/cierrapuertas-hidraulico-aereo-60-kg-qbo\/#breadcrumb\",\"itemListElement\":[{\"@type\":\"ListItem\",\"position\":1,\"name\":\"Portada\",\"item\":\"https:\/\/calzavara.ar\/\"},{\"@type\":\"ListItem\",\"position\":2,\"name\":\"Tienda\",\"item\":\"https:\/\/calzavara.ar\/index.php\/tienda\/\"},{\"@type\":\"ListItem\",\"position\":3,\"name\":\"Cierrapuertas Hidraulico Aereo 60 Kg &#8211; QBO\"}]},{\"@type\":\"WebSite\",\"@id\":\"https:\/\/calzavara.ar\/#website\",\"url\":\"https:\/\/calzavara.ar\/\",\"name\":\"CALZAVARA\",\"description\":\"Tienda Oficial CALZAVARA\",\"publisher\":{\"@id\":\"https:\/\/calzavara.ar\/#organization\"},\"potentialAction\":[{\"@type\":\"SearchAction\",\"target\":{\"@type\":\"EntryPoint\",\"urlTemplate\":\"https:\/\/calzavara.ar\/?s={search_term_string}\"},\"query-input\":{\"@type\":\"PropertyValueSpecification\",\"valueRequired\":true,\"valueName\":\"search_term_string\"}}],\"inLanguage\":\"es\"},{\"@type\":\"Organization\",\"@id\":\"https:\/\/calzavara.ar\/#organization\",\"name\":\"CALZAVARA\",\"url\":\"https:\/\/calzavara.ar\/\",\"logo\":{\"@type\":\"ImageObject\",\"inLanguage\":\"es\",\"@id\":\"https:\/\/calzavara.ar\/#\/schema\/logo\/image\/\",\"url\":\"https:\/\/calzavara.ar\/wp-content\/uploads\/2025\/05\/CalzaLogoRedes.jpg\",\"contentUrl\":\"https:\/\/calzavara.ar\/wp-content\/uploads\/2025\/05\/CalzaLogoRedes.jpg\",\"width\":640,\"height\":640,\"caption\":\"CALZAVARA\"},\"image\":{\"@id\":\"https:\/\/calzavara.ar\/#\/schema\/logo\/image\/\"},\"sameAs\":[\"https:\/\/www.facebook.com\/calzavarasrl\",\"https:\/\/www.instagram.com\/calzavara_herrajes\",\"https:\/\/www.linkedin.com\/company\/calzavara\/\",\"https:\/\/www.youtube.com\/@calzavara3279\"]}]}<\/script>\n<!-- \/ Yoast SEO plugin. -->","yoast_head_json":{"title":"Cierrapuertas Hidraulico Aereo 60 Kg - QBO - CALZAVARA","robots":{"index":"index","follow":"follow","max-snippet":"max-snippet:-1","max-image-preview":"max-image-preview:large","max-video-preview":"max-video-preview:-1"},"canonical":"https:\/\/calzavara.ar\/index.php\/producto\/cierrapuertas-hidraulico-aereo-60-kg-qbo\/","og_locale":"es_ES","og_type":"article","og_title":"Cierrapuertas Hidraulico Aereo 60 Kg - QBO - CALZAVARA","og_description":"Cierra puerta a\u00e9reo para puerta de hasta 1 metros de ancho y 60 kg de fuerza m\u00e1xima. Construido en aluminio","og_url":"https:\/\/calzavara.ar\/index.php\/producto\/cierrapuertas-hidraulico-aereo-60-kg-qbo\/","og_site_name":"CALZAVARA","article_publisher":"https:\/\/www.facebook.com\/calzavarasrl","article_modified_time":"2026-01-19T11:41:12+00:00","og_image":[{"width":1176,"height":858,"url":"https:\/\/calzavara.ar\/wp-content\/uploads\/2021\/04\/90499.png","type":"image\/png"}],"twitter_card":"summary_large_image","twitter_misc":{"Tiempo de lectura":"1 minuto"},"schema":{"@context":"https:\/\/schema.org","@graph":[{"@type":"WebPage","@id":"https:\/\/calzavara.ar\/index.php\/producto\/cierrapuertas-hidraulico-aereo-60-kg-qbo\/","url":"https:\/\/calzavara.ar\/index.php\/producto\/cierrapuertas-hidraulico-aereo-60-kg-qbo\/","name":"Cierrapuertas Hidraulico Aereo 60 Kg - QBO - CALZAVARA","isPartOf":{"@id":"https:\/\/calzavara.ar\/#website"},"primaryImageOfPage":{"@id":"https:\/\/calzavara.ar\/index.php\/producto\/cierrapuertas-hidraulico-aereo-60-kg-qbo\/#primaryimage"},"image":{"@id":"https:\/\/calzavara.ar\/index.php\/producto\/cierrapuertas-hidraulico-aereo-60-kg-qbo\/#primaryimage"},"thumbnailUrl":"https:\/\/calzavara.ar\/wp-content\/uploads\/2021\/04\/90499.png","datePublished":"2021-03-29T20:13:34+00:00","dateModified":"2026-01-19T11:41:12+00:00","breadcrumb":{"@id":"https:\/\/calzavara.ar\/index.php\/producto\/cierrapuertas-hidraulico-aereo-60-kg-qbo\/#breadcrumb"},"inLanguage":"es","potentialAction":[{"@type":"ReadAction","target":["https:\/\/calzavara.ar\/index.php\/producto\/cierrapuertas-hidraulico-aereo-60-kg-qbo\/"]}]},{"@type":"ImageObject","inLanguage":"es","@id":"https:\/\/calzavara.ar\/index.php\/producto\/cierrapuertas-hidraulico-aereo-60-kg-qbo\/#primaryimage","url":"https:\/\/calzavara.ar\/wp-content\/uploads\/2021\/04\/90499.png","contentUrl":"https:\/\/calzavara.ar\/wp-content\/uploads\/2021\/04\/90499.png","width":1176,"height":858},{"@type":"BreadcrumbList","@id":"https:\/\/calzavara.ar\/index.php\/producto\/cierrapuertas-hidraulico-aereo-60-kg-qbo\/#breadcrumb","itemListElement":[{"@type":"ListItem","position":1,"name":"Portada","item":"https:\/\/calzavara.ar\/"},{"@type":"ListItem","position":2,"name":"Tienda","item":"https:\/\/calzavara.ar\/index.php\/tienda\/"},{"@type":"ListItem","position":3,"name":"Cierrapuertas Hidraulico Aereo 60 Kg &#8211; QBO"}]},{"@type":"WebSite","@id":"https:\/\/calzavara.ar\/#website","url":"https:\/\/calzavara.ar\/","name":"CALZAVARA","description":"Tienda Oficial CALZAVARA","publisher":{"@id":"https:\/\/calzavara.ar\/#organization"},"potentialAction":[{"@type":"SearchAction","target":{"@type":"EntryPoint","urlTemplate":"https:\/\/calzavara.ar\/?s={search_term_string}"},"query-input":{"@type":"PropertyValueSpecification","valueRequired":true,"valueName":"search_term_string"}}],"inLanguage":"es"},{"@type":"Organization","@id":"https:\/\/calzavara.ar\/#organization","name":"CALZAVARA","url":"https:\/\/calzavara.ar\/","logo":{"@type":"ImageObject","inLanguage":"es","@id":"https:\/\/calzavara.ar\/#\/schema\/logo\/image\/","url":"https:\/\/calzavara.ar\/wp-content\/uploads\/2025\/05\/CalzaLogoRedes.jpg","contentUrl":"https:\/\/calzavara.ar\/wp-content\/uploads\/2025\/05\/CalzaLogoRedes.jpg","width":640,"height":640,"caption":"CALZAVARA"},"image":{"@id":"https:\/\/calzavara.ar\/#\/schema\/logo\/image\/"},"sameAs":["https:\/\/www.facebook.com\/calzavarasrl","https:\/\/www.instagram.com\/calzavara_herrajes","https:\/\/www.linkedin.com\/company\/calzavara\/","https:\/\/www.youtube.com\/@calzavara3279"]}]}},"jetpack_sharing_enabled":true,"_links":{"self":[{"href":"https:\/\/calzavara.ar\/index.php\/wp-json\/wp\/v2\/product\/5041","targetHints":{"allow":["GET"]}}],"collection":[{"href":"https:\/\/calzavara.ar\/index.php\/wp-json\/wp\/v2\/product"}],"about":[{"href":"https:\/\/calzavara.ar\/index.php\/wp-json\/wp\/v2\/types\/product"}],"wp:featuredmedia":[{"embeddable":true,"href":"https:\/\/calzavara.ar\/index.php\/wp-json\/wp\/v2\/media\/6236"}],"wp:attachment":[{"href":"https:\/\/calzavara.ar\/index.php\/wp-json\/wp\/v2\/media?parent=5041"}],"wp:term":[{"taxonomy":"product_brand","embeddable":true,"href":"https:\/\/calzavara.ar\/index.php\/wp-json\/wp\/v2\/product_brand?post=5041"},{"taxonomy":"product_cat","embeddable":true,"href":"https:\/\/calzavara.ar\/index.php\/wp-json\/wp\/v2\/product_cat?post=5041"},{"taxonomy":"product_tag","embeddable":true,"href":"https:\/\/calzavara.ar\/index.php\/wp-json\/wp\/v2\/product_tag?post=5041"}],"curies":[{"name":"wp","href":"https:\/\/api.w.org\/{rel}","templated":true}]}}