{"id":3226,"date":"2020-09-18T15:33:56","date_gmt":"2020-09-18T18:33:56","guid":{"rendered":"http:\/\/localhost\/index.php\/producto\/manija-on-picaporte-curvo-doble-con-bocallaves-sist-con-resorte\/"},"modified":"2026-01-19T08:41:09","modified_gmt":"2026-01-19T11:41:09","slug":"manija-on-picaporte-curvo-doble-con-bocallaves-sist-con-resorte","status":"publish","type":"product","link":"https:\/\/calzavara.ar\/index.php\/producto\/manija-on-picaporte-curvo-doble-con-bocallaves-sist-con-resorte\/","title":{"rendered":"Manija Picaporte Curvo  Doble Con bocallaves Sist Con resorte"},"content":{"rendered":"<p>FABRICACI\u00d3N SUPERIOR &#8211; Las manijas QBO para puertas est\u00e1n hechas de Zamak gran calidad. Excelente resistencia mec\u00e1nica y anti corrosiva fenomenal prolongado su vida \u00fatil mucho mayor.<br \/>\nDISE\u00d1O MINIMALISTA MODERNO \u2013 Estas manijas cuentan con un dise\u00f1o simple y moderno conveniente para cualquier estilo de puertas interiores.<br \/>\nUTILIZACI\u00d3N VERS\u00c1TIL \u2013 La concepci\u00f3n de nuestras manijas se ajusta sin problemas al estilo y el modelo de su puerta. Puede instalar este set de tiradores para su ba\u00f1o dormitorio o sala de estar\u2026<br \/>\nINSTALACI\u00d3N SENCILLA &#8211; Nuestro proceso de instalaci\u00f3n le permite armar las manijas sin complicaci\u00f3n. Una vez que estas manijas lleguen en su casa solo le tomar\u00e1 unos minutos instalarlas en su puerta.<\/p>\n<p>Incluye:<br \/>\n2 manijas (doble balanc\u00edn)<br \/>\n2 bocallaves seg\u00fan lo indica la figura.<br \/>\nTornillos de fijaci\u00f3n para manijas y bocallaves<br \/>\nPrisioneros<br \/>\nV\u00e1stago<br \/>\nLlave Alen para fijaci\u00f3n de prisioneros.<\/p>\n","protected":false},"excerpt":{"rendered":"<p>Preguntar por disponibilidad y por variantes!<\/p>\n","protected":false},"featured_media":7760,"template":"","meta":[],"product_brand":[],"product_cat":[92,728],"product_tag":[315],"class_list":{"0":"post-3226","1":"product","2":"type-product","3":"status-publish","4":"has-post-thumbnail","6":"product_cat-manijasmanijones","7":"product_cat-qbo","8":"product_tag-manija-picaporte","10":"first","11":"instock","12":"sale","13":"taxable","14":"shipping-taxable","15":"purchasable","16":"product-type-simple"},"yoast_head":"<!-- This site is optimized with the Yoast SEO plugin v27.3 - https:\/\/yoast.com\/product\/yoast-seo-wordpress\/ -->\n<title>Manija Picaporte Curvo Doble Con bocallaves Sist Con resorte - CALZAVARA<\/title>\n<meta name=\"robots\" content=\"index, follow, max-snippet:-1, max-image-preview:large, max-video-preview:-1\" \/>\n<link rel=\"canonical\" href=\"https:\/\/calzavara.ar\/index.php\/producto\/manija-on-picaporte-curvo-doble-con-bocallaves-sist-con-resorte\/\" \/>\n<meta property=\"og:locale\" content=\"es_ES\" \/>\n<meta property=\"og:type\" content=\"article\" \/>\n<meta property=\"og:title\" content=\"Manija Picaporte Curvo Doble Con bocallaves Sist Con resorte - CALZAVARA\" \/>\n<meta property=\"og:description\" content=\"Preguntar por disponibilidad y por variantes!\" \/>\n<meta property=\"og:url\" content=\"https:\/\/calzavara.ar\/index.php\/producto\/manija-on-picaporte-curvo-doble-con-bocallaves-sist-con-resorte\/\" \/>\n<meta property=\"og:site_name\" content=\"CALZAVARA\" \/>\n<meta property=\"article:publisher\" content=\"https:\/\/www.facebook.com\/calzavarasrl\" \/>\n<meta property=\"article:modified_time\" content=\"2026-01-19T11:41:09+00:00\" \/>\n<meta property=\"og:image\" content=\"https:\/\/calzavara.ar\/wp-content\/uploads\/2020\/09\/90197-1.jpg\" \/>\n\t<meta property=\"og:image:width\" content=\"2000\" \/>\n\t<meta property=\"og:image:height\" content=\"1836\" \/>\n\t<meta property=\"og:image:type\" content=\"image\/jpeg\" \/>\n<meta name=\"twitter:card\" content=\"summary_large_image\" \/>\n<meta name=\"twitter:label1\" content=\"Tiempo de lectura\" \/>\n\t<meta name=\"twitter:data1\" content=\"1 minuto\" \/>\n<script type=\"application\/ld+json\" class=\"yoast-schema-graph\">{\"@context\":\"https:\\\/\\\/schema.org\",\"@graph\":[{\"@type\":\"WebPage\",\"@id\":\"https:\\\/\\\/calzavara.ar\\\/index.php\\\/producto\\\/manija-on-picaporte-curvo-doble-con-bocallaves-sist-con-resorte\\\/\",\"url\":\"https:\\\/\\\/calzavara.ar\\\/index.php\\\/producto\\\/manija-on-picaporte-curvo-doble-con-bocallaves-sist-con-resorte\\\/\",\"name\":\"Manija Picaporte Curvo Doble Con bocallaves Sist Con resorte - CALZAVARA\",\"isPartOf\":{\"@id\":\"https:\\\/\\\/calzavara.ar\\\/#website\"},\"primaryImageOfPage\":{\"@id\":\"https:\\\/\\\/calzavara.ar\\\/index.php\\\/producto\\\/manija-on-picaporte-curvo-doble-con-bocallaves-sist-con-resorte\\\/#primaryimage\"},\"image\":{\"@id\":\"https:\\\/\\\/calzavara.ar\\\/index.php\\\/producto\\\/manija-on-picaporte-curvo-doble-con-bocallaves-sist-con-resorte\\\/#primaryimage\"},\"thumbnailUrl\":\"https:\\\/\\\/calzavara.ar\\\/wp-content\\\/uploads\\\/2020\\\/09\\\/90197-1.jpg\",\"datePublished\":\"2020-09-18T18:33:56+00:00\",\"dateModified\":\"2026-01-19T11:41:09+00:00\",\"breadcrumb\":{\"@id\":\"https:\\\/\\\/calzavara.ar\\\/index.php\\\/producto\\\/manija-on-picaporte-curvo-doble-con-bocallaves-sist-con-resorte\\\/#breadcrumb\"},\"inLanguage\":\"es\",\"potentialAction\":[{\"@type\":\"ReadAction\",\"target\":[\"https:\\\/\\\/calzavara.ar\\\/index.php\\\/producto\\\/manija-on-picaporte-curvo-doble-con-bocallaves-sist-con-resorte\\\/\"]}]},{\"@type\":\"ImageObject\",\"inLanguage\":\"es\",\"@id\":\"https:\\\/\\\/calzavara.ar\\\/index.php\\\/producto\\\/manija-on-picaporte-curvo-doble-con-bocallaves-sist-con-resorte\\\/#primaryimage\",\"url\":\"https:\\\/\\\/calzavara.ar\\\/wp-content\\\/uploads\\\/2020\\\/09\\\/90197-1.jpg\",\"contentUrl\":\"https:\\\/\\\/calzavara.ar\\\/wp-content\\\/uploads\\\/2020\\\/09\\\/90197-1.jpg\",\"width\":2000,\"height\":1836},{\"@type\":\"BreadcrumbList\",\"@id\":\"https:\\\/\\\/calzavara.ar\\\/index.php\\\/producto\\\/manija-on-picaporte-curvo-doble-con-bocallaves-sist-con-resorte\\\/#breadcrumb\",\"itemListElement\":[{\"@type\":\"ListItem\",\"position\":1,\"name\":\"Portada\",\"item\":\"https:\\\/\\\/calzavara.ar\\\/\"},{\"@type\":\"ListItem\",\"position\":2,\"name\":\"Tienda\",\"item\":\"https:\\\/\\\/calzavara.ar\\\/index.php\\\/tienda\\\/\"},{\"@type\":\"ListItem\",\"position\":3,\"name\":\"Manija Picaporte Curvo Doble Con bocallaves Sist Con resorte\"}]},{\"@type\":\"WebSite\",\"@id\":\"https:\\\/\\\/calzavara.ar\\\/#website\",\"url\":\"https:\\\/\\\/calzavara.ar\\\/\",\"name\":\"CALZAVARA\",\"description\":\"Tienda Oficial CALZAVARA\",\"publisher\":{\"@id\":\"https:\\\/\\\/calzavara.ar\\\/#organization\"},\"potentialAction\":[{\"@type\":\"SearchAction\",\"target\":{\"@type\":\"EntryPoint\",\"urlTemplate\":\"https:\\\/\\\/calzavara.ar\\\/?s={search_term_string}\"},\"query-input\":{\"@type\":\"PropertyValueSpecification\",\"valueRequired\":true,\"valueName\":\"search_term_string\"}}],\"inLanguage\":\"es\"},{\"@type\":\"Organization\",\"@id\":\"https:\\\/\\\/calzavara.ar\\\/#organization\",\"name\":\"CALZAVARA\",\"url\":\"https:\\\/\\\/calzavara.ar\\\/\",\"logo\":{\"@type\":\"ImageObject\",\"inLanguage\":\"es\",\"@id\":\"https:\\\/\\\/calzavara.ar\\\/#\\\/schema\\\/logo\\\/image\\\/\",\"url\":\"https:\\\/\\\/calzavara.ar\\\/wp-content\\\/uploads\\\/2025\\\/05\\\/CalzaLogoRedes.jpg\",\"contentUrl\":\"https:\\\/\\\/calzavara.ar\\\/wp-content\\\/uploads\\\/2025\\\/05\\\/CalzaLogoRedes.jpg\",\"width\":640,\"height\":640,\"caption\":\"CALZAVARA\"},\"image\":{\"@id\":\"https:\\\/\\\/calzavara.ar\\\/#\\\/schema\\\/logo\\\/image\\\/\"},\"sameAs\":[\"https:\\\/\\\/www.facebook.com\\\/calzavarasrl\",\"https:\\\/\\\/www.instagram.com\\\/calzavara_herrajes\",\"https:\\\/\\\/www.linkedin.com\\\/company\\\/calzavara\\\/\",\"https:\\\/\\\/www.youtube.com\\\/@calzavara3279\"]}]}<\/script>\n<!-- \/ Yoast SEO plugin. -->","yoast_head_json":{"title":"Manija Picaporte Curvo Doble Con bocallaves Sist Con resorte - CALZAVARA","robots":{"index":"index","follow":"follow","max-snippet":"max-snippet:-1","max-image-preview":"max-image-preview:large","max-video-preview":"max-video-preview:-1"},"canonical":"https:\/\/calzavara.ar\/index.php\/producto\/manija-on-picaporte-curvo-doble-con-bocallaves-sist-con-resorte\/","og_locale":"es_ES","og_type":"article","og_title":"Manija Picaporte Curvo Doble Con bocallaves Sist Con resorte - CALZAVARA","og_description":"Preguntar por disponibilidad y por variantes!","og_url":"https:\/\/calzavara.ar\/index.php\/producto\/manija-on-picaporte-curvo-doble-con-bocallaves-sist-con-resorte\/","og_site_name":"CALZAVARA","article_publisher":"https:\/\/www.facebook.com\/calzavarasrl","article_modified_time":"2026-01-19T11:41:09+00:00","og_image":[{"width":2000,"height":1836,"url":"https:\/\/calzavara.ar\/wp-content\/uploads\/2020\/09\/90197-1.jpg","type":"image\/jpeg"}],"twitter_card":"summary_large_image","twitter_misc":{"Tiempo de lectura":"1 minuto"},"schema":{"@context":"https:\/\/schema.org","@graph":[{"@type":"WebPage","@id":"https:\/\/calzavara.ar\/index.php\/producto\/manija-on-picaporte-curvo-doble-con-bocallaves-sist-con-resorte\/","url":"https:\/\/calzavara.ar\/index.php\/producto\/manija-on-picaporte-curvo-doble-con-bocallaves-sist-con-resorte\/","name":"Manija Picaporte Curvo Doble Con bocallaves Sist Con resorte - CALZAVARA","isPartOf":{"@id":"https:\/\/calzavara.ar\/#website"},"primaryImageOfPage":{"@id":"https:\/\/calzavara.ar\/index.php\/producto\/manija-on-picaporte-curvo-doble-con-bocallaves-sist-con-resorte\/#primaryimage"},"image":{"@id":"https:\/\/calzavara.ar\/index.php\/producto\/manija-on-picaporte-curvo-doble-con-bocallaves-sist-con-resorte\/#primaryimage"},"thumbnailUrl":"https:\/\/calzavara.ar\/wp-content\/uploads\/2020\/09\/90197-1.jpg","datePublished":"2020-09-18T18:33:56+00:00","dateModified":"2026-01-19T11:41:09+00:00","breadcrumb":{"@id":"https:\/\/calzavara.ar\/index.php\/producto\/manija-on-picaporte-curvo-doble-con-bocallaves-sist-con-resorte\/#breadcrumb"},"inLanguage":"es","potentialAction":[{"@type":"ReadAction","target":["https:\/\/calzavara.ar\/index.php\/producto\/manija-on-picaporte-curvo-doble-con-bocallaves-sist-con-resorte\/"]}]},{"@type":"ImageObject","inLanguage":"es","@id":"https:\/\/calzavara.ar\/index.php\/producto\/manija-on-picaporte-curvo-doble-con-bocallaves-sist-con-resorte\/#primaryimage","url":"https:\/\/calzavara.ar\/wp-content\/uploads\/2020\/09\/90197-1.jpg","contentUrl":"https:\/\/calzavara.ar\/wp-content\/uploads\/2020\/09\/90197-1.jpg","width":2000,"height":1836},{"@type":"BreadcrumbList","@id":"https:\/\/calzavara.ar\/index.php\/producto\/manija-on-picaporte-curvo-doble-con-bocallaves-sist-con-resorte\/#breadcrumb","itemListElement":[{"@type":"ListItem","position":1,"name":"Portada","item":"https:\/\/calzavara.ar\/"},{"@type":"ListItem","position":2,"name":"Tienda","item":"https:\/\/calzavara.ar\/index.php\/tienda\/"},{"@type":"ListItem","position":3,"name":"Manija Picaporte Curvo Doble Con bocallaves Sist Con resorte"}]},{"@type":"WebSite","@id":"https:\/\/calzavara.ar\/#website","url":"https:\/\/calzavara.ar\/","name":"CALZAVARA","description":"Tienda Oficial CALZAVARA","publisher":{"@id":"https:\/\/calzavara.ar\/#organization"},"potentialAction":[{"@type":"SearchAction","target":{"@type":"EntryPoint","urlTemplate":"https:\/\/calzavara.ar\/?s={search_term_string}"},"query-input":{"@type":"PropertyValueSpecification","valueRequired":true,"valueName":"search_term_string"}}],"inLanguage":"es"},{"@type":"Organization","@id":"https:\/\/calzavara.ar\/#organization","name":"CALZAVARA","url":"https:\/\/calzavara.ar\/","logo":{"@type":"ImageObject","inLanguage":"es","@id":"https:\/\/calzavara.ar\/#\/schema\/logo\/image\/","url":"https:\/\/calzavara.ar\/wp-content\/uploads\/2025\/05\/CalzaLogoRedes.jpg","contentUrl":"https:\/\/calzavara.ar\/wp-content\/uploads\/2025\/05\/CalzaLogoRedes.jpg","width":640,"height":640,"caption":"CALZAVARA"},"image":{"@id":"https:\/\/calzavara.ar\/#\/schema\/logo\/image\/"},"sameAs":["https:\/\/www.facebook.com\/calzavarasrl","https:\/\/www.instagram.com\/calzavara_herrajes","https:\/\/www.linkedin.com\/company\/calzavara\/","https:\/\/www.youtube.com\/@calzavara3279"]}]}},"jetpack_sharing_enabled":true,"_links":{"self":[{"href":"https:\/\/calzavara.ar\/index.php\/wp-json\/wp\/v2\/product\/3226","targetHints":{"allow":["GET"]}}],"collection":[{"href":"https:\/\/calzavara.ar\/index.php\/wp-json\/wp\/v2\/product"}],"about":[{"href":"https:\/\/calzavara.ar\/index.php\/wp-json\/wp\/v2\/types\/product"}],"wp:featuredmedia":[{"embeddable":true,"href":"https:\/\/calzavara.ar\/index.php\/wp-json\/wp\/v2\/media\/7760"}],"wp:attachment":[{"href":"https:\/\/calzavara.ar\/index.php\/wp-json\/wp\/v2\/media?parent=3226"}],"wp:term":[{"taxonomy":"product_brand","embeddable":true,"href":"https:\/\/calzavara.ar\/index.php\/wp-json\/wp\/v2\/product_brand?post=3226"},{"taxonomy":"product_cat","embeddable":true,"href":"https:\/\/calzavara.ar\/index.php\/wp-json\/wp\/v2\/product_cat?post=3226"},{"taxonomy":"product_tag","embeddable":true,"href":"https:\/\/calzavara.ar\/index.php\/wp-json\/wp\/v2\/product_tag?post=3226"}],"curies":[{"name":"wp","href":"https:\/\/api.w.org\/{rel}","templated":true}]}}