{"id":15298,"date":"2025-09-01T11:39:13","date_gmt":"2025-09-01T14:39:13","guid":{"rendered":"https:\/\/calzavara.ar\/index.php\/producto\/cierre-lateral-h56-aluminio-corrediza-modena\/"},"modified":"2026-01-19T08:43:48","modified_gmt":"2026-01-19T11:43:48","slug":"cierre-lateral-h56-aluminio-corrediza-modena","status":"publish","type":"product","link":"https:\/\/calzavara.ar\/index.php\/producto\/cierre-lateral-h56-aluminio-corrediza-modena\/","title":{"rendered":"Cierre Lateral H56 Aluminio Corrediza Modena"},"content":{"rendered":"<p>El Cierre Lateral H56 Aluminio Corrediza Modena Mod901615 es la soluci\u00f3n ideal para asegurar tus aberturas de aluminio de la l\u00ednea Modena. Con un elegante acabado en negro, este modelo combina funcionalidad y est\u00e9tica, adapt\u00e1ndose perfectamente a cualquier ambiente. Su dise\u00f1o compacto, con un largo de 19,5 cm y un ancho de 2,8 cm, permite una instalaci\u00f3n sencilla y eficiente. Fabricado en aluminio, garantiza durabilidad y resistencia, siendo un producto completamente nuevo. Incluye un kit de enganche y tornillos, facilitando su montaje. Este cierre es perfecto para quienes buscan calidad y estilo en sus sistemas de cerradura, asegurando un funcionamiento \u00f3ptimo y una larga vida \u00fatil.<\/p>\n<p>H-56 MOD90 &#8211; 1615 NEGRO Y BLANCO<br \/>\nPARA ABERTURAS DE ALUMINIO LINEA MODENA<br \/>\nLargo: 19,5 cm<br \/>\nAncho: 2,8 cm<\/p>\n","protected":false},"excerpt":{"rendered":"<p>El Cierre Lateral H56 Aluminio Corrediza Modena Mod901615 es la soluci\u00f3n ideal para asegurar tus aberturas de aluminio de la<\/p>\n","protected":false},"featured_media":15379,"template":"","meta":[],"product_brand":[],"product_cat":[15],"product_tag":[],"class_list":{"0":"post-15298","1":"product","2":"type-product","3":"status-publish","4":"has-post-thumbnail","6":"product_cat-sin-categorizar","8":"first","9":"instock","10":"taxable","11":"shipping-taxable","12":"purchasable","13":"product-type-simple"},"yoast_head":"<!-- This site is optimized with the Yoast SEO plugin v27.3 - https:\/\/yoast.com\/product\/yoast-seo-wordpress\/ -->\n<title>Cierre Lateral H56 Aluminio Corrediza Modena - CALZAVARA<\/title>\n<meta name=\"robots\" content=\"index, follow, max-snippet:-1, max-image-preview:large, max-video-preview:-1\" \/>\n<link rel=\"canonical\" href=\"https:\/\/calzavara.ar\/index.php\/producto\/cierre-lateral-h56-aluminio-corrediza-modena\/\" \/>\n<meta property=\"og:locale\" content=\"es_ES\" \/>\n<meta property=\"og:type\" content=\"article\" \/>\n<meta property=\"og:title\" content=\"Cierre Lateral H56 Aluminio Corrediza Modena - CALZAVARA\" \/>\n<meta property=\"og:description\" content=\"El Cierre Lateral H56 Aluminio Corrediza Modena Mod901615 es la soluci\u00f3n ideal para asegurar tus aberturas de aluminio de la\" \/>\n<meta property=\"og:url\" content=\"https:\/\/calzavara.ar\/index.php\/producto\/cierre-lateral-h56-aluminio-corrediza-modena\/\" \/>\n<meta property=\"og:site_name\" content=\"CALZAVARA\" \/>\n<meta property=\"article:publisher\" content=\"https:\/\/www.facebook.com\/calzavarasrl\" \/>\n<meta property=\"article:modified_time\" content=\"2026-01-19T11:43:48+00:00\" \/>\n<meta name=\"twitter:card\" content=\"summary_large_image\" \/>\n<meta name=\"twitter:label1\" content=\"Tiempo de lectura\" \/>\n\t<meta name=\"twitter:data1\" content=\"1 minuto\" \/>\n<script type=\"application\/ld+json\" class=\"yoast-schema-graph\">{\"@context\":\"https:\\\/\\\/schema.org\",\"@graph\":[{\"@type\":\"WebPage\",\"@id\":\"https:\\\/\\\/calzavara.ar\\\/index.php\\\/producto\\\/cierre-lateral-h56-aluminio-corrediza-modena\\\/\",\"url\":\"https:\\\/\\\/calzavara.ar\\\/index.php\\\/producto\\\/cierre-lateral-h56-aluminio-corrediza-modena\\\/\",\"name\":\"Cierre Lateral H56 Aluminio Corrediza Modena - CALZAVARA\",\"isPartOf\":{\"@id\":\"https:\\\/\\\/calzavara.ar\\\/#website\"},\"primaryImageOfPage\":{\"@id\":\"https:\\\/\\\/calzavara.ar\\\/index.php\\\/producto\\\/cierre-lateral-h56-aluminio-corrediza-modena\\\/#primaryimage\"},\"image\":{\"@id\":\"https:\\\/\\\/calzavara.ar\\\/index.php\\\/producto\\\/cierre-lateral-h56-aluminio-corrediza-modena\\\/#primaryimage\"},\"thumbnailUrl\":\"https:\\\/\\\/calzavara.ar\\\/wp-content\\\/uploads\\\/2025\\\/09\\\/90621.jpg\",\"datePublished\":\"2025-09-01T14:39:13+00:00\",\"dateModified\":\"2026-01-19T11:43:48+00:00\",\"breadcrumb\":{\"@id\":\"https:\\\/\\\/calzavara.ar\\\/index.php\\\/producto\\\/cierre-lateral-h56-aluminio-corrediza-modena\\\/#breadcrumb\"},\"inLanguage\":\"es\",\"potentialAction\":[{\"@type\":\"ReadAction\",\"target\":[\"https:\\\/\\\/calzavara.ar\\\/index.php\\\/producto\\\/cierre-lateral-h56-aluminio-corrediza-modena\\\/\"]}]},{\"@type\":\"ImageObject\",\"inLanguage\":\"es\",\"@id\":\"https:\\\/\\\/calzavara.ar\\\/index.php\\\/producto\\\/cierre-lateral-h56-aluminio-corrediza-modena\\\/#primaryimage\",\"url\":\"https:\\\/\\\/calzavara.ar\\\/wp-content\\\/uploads\\\/2025\\\/09\\\/90621.jpg\",\"contentUrl\":\"https:\\\/\\\/calzavara.ar\\\/wp-content\\\/uploads\\\/2025\\\/09\\\/90621.jpg\",\"width\":800,\"height\":1171},{\"@type\":\"BreadcrumbList\",\"@id\":\"https:\\\/\\\/calzavara.ar\\\/index.php\\\/producto\\\/cierre-lateral-h56-aluminio-corrediza-modena\\\/#breadcrumb\",\"itemListElement\":[{\"@type\":\"ListItem\",\"position\":1,\"name\":\"Portada\",\"item\":\"https:\\\/\\\/calzavara.ar\\\/\"},{\"@type\":\"ListItem\",\"position\":2,\"name\":\"Tienda\",\"item\":\"https:\\\/\\\/calzavara.ar\\\/index.php\\\/tienda\\\/\"},{\"@type\":\"ListItem\",\"position\":3,\"name\":\"Cierre Lateral H56 Aluminio Corrediza Modena\"}]},{\"@type\":\"WebSite\",\"@id\":\"https:\\\/\\\/calzavara.ar\\\/#website\",\"url\":\"https:\\\/\\\/calzavara.ar\\\/\",\"name\":\"CALZAVARA\",\"description\":\"Tienda Oficial CALZAVARA\",\"publisher\":{\"@id\":\"https:\\\/\\\/calzavara.ar\\\/#organization\"},\"potentialAction\":[{\"@type\":\"SearchAction\",\"target\":{\"@type\":\"EntryPoint\",\"urlTemplate\":\"https:\\\/\\\/calzavara.ar\\\/?s={search_term_string}\"},\"query-input\":{\"@type\":\"PropertyValueSpecification\",\"valueRequired\":true,\"valueName\":\"search_term_string\"}}],\"inLanguage\":\"es\"},{\"@type\":\"Organization\",\"@id\":\"https:\\\/\\\/calzavara.ar\\\/#organization\",\"name\":\"CALZAVARA\",\"url\":\"https:\\\/\\\/calzavara.ar\\\/\",\"logo\":{\"@type\":\"ImageObject\",\"inLanguage\":\"es\",\"@id\":\"https:\\\/\\\/calzavara.ar\\\/#\\\/schema\\\/logo\\\/image\\\/\",\"url\":\"https:\\\/\\\/calzavara.ar\\\/wp-content\\\/uploads\\\/2025\\\/05\\\/CalzaLogoRedes.jpg\",\"contentUrl\":\"https:\\\/\\\/calzavara.ar\\\/wp-content\\\/uploads\\\/2025\\\/05\\\/CalzaLogoRedes.jpg\",\"width\":640,\"height\":640,\"caption\":\"CALZAVARA\"},\"image\":{\"@id\":\"https:\\\/\\\/calzavara.ar\\\/#\\\/schema\\\/logo\\\/image\\\/\"},\"sameAs\":[\"https:\\\/\\\/www.facebook.com\\\/calzavarasrl\",\"https:\\\/\\\/www.instagram.com\\\/calzavara_herrajes\",\"https:\\\/\\\/www.linkedin.com\\\/company\\\/calzavara\\\/\",\"https:\\\/\\\/www.youtube.com\\\/@calzavara3279\"]}]}<\/script>\n<!-- \/ Yoast SEO plugin. -->","yoast_head_json":{"title":"Cierre Lateral H56 Aluminio Corrediza Modena - CALZAVARA","robots":{"index":"index","follow":"follow","max-snippet":"max-snippet:-1","max-image-preview":"max-image-preview:large","max-video-preview":"max-video-preview:-1"},"canonical":"https:\/\/calzavara.ar\/index.php\/producto\/cierre-lateral-h56-aluminio-corrediza-modena\/","og_locale":"es_ES","og_type":"article","og_title":"Cierre Lateral H56 Aluminio Corrediza Modena - CALZAVARA","og_description":"El Cierre Lateral H56 Aluminio Corrediza Modena Mod901615 es la soluci\u00f3n ideal para asegurar tus aberturas de aluminio de la","og_url":"https:\/\/calzavara.ar\/index.php\/producto\/cierre-lateral-h56-aluminio-corrediza-modena\/","og_site_name":"CALZAVARA","article_publisher":"https:\/\/www.facebook.com\/calzavarasrl","article_modified_time":"2026-01-19T11:43:48+00:00","twitter_card":"summary_large_image","twitter_misc":{"Tiempo de lectura":"1 minuto"},"schema":{"@context":"https:\/\/schema.org","@graph":[{"@type":"WebPage","@id":"https:\/\/calzavara.ar\/index.php\/producto\/cierre-lateral-h56-aluminio-corrediza-modena\/","url":"https:\/\/calzavara.ar\/index.php\/producto\/cierre-lateral-h56-aluminio-corrediza-modena\/","name":"Cierre Lateral H56 Aluminio Corrediza Modena - CALZAVARA","isPartOf":{"@id":"https:\/\/calzavara.ar\/#website"},"primaryImageOfPage":{"@id":"https:\/\/calzavara.ar\/index.php\/producto\/cierre-lateral-h56-aluminio-corrediza-modena\/#primaryimage"},"image":{"@id":"https:\/\/calzavara.ar\/index.php\/producto\/cierre-lateral-h56-aluminio-corrediza-modena\/#primaryimage"},"thumbnailUrl":"https:\/\/calzavara.ar\/wp-content\/uploads\/2025\/09\/90621.jpg","datePublished":"2025-09-01T14:39:13+00:00","dateModified":"2026-01-19T11:43:48+00:00","breadcrumb":{"@id":"https:\/\/calzavara.ar\/index.php\/producto\/cierre-lateral-h56-aluminio-corrediza-modena\/#breadcrumb"},"inLanguage":"es","potentialAction":[{"@type":"ReadAction","target":["https:\/\/calzavara.ar\/index.php\/producto\/cierre-lateral-h56-aluminio-corrediza-modena\/"]}]},{"@type":"ImageObject","inLanguage":"es","@id":"https:\/\/calzavara.ar\/index.php\/producto\/cierre-lateral-h56-aluminio-corrediza-modena\/#primaryimage","url":"https:\/\/calzavara.ar\/wp-content\/uploads\/2025\/09\/90621.jpg","contentUrl":"https:\/\/calzavara.ar\/wp-content\/uploads\/2025\/09\/90621.jpg","width":800,"height":1171},{"@type":"BreadcrumbList","@id":"https:\/\/calzavara.ar\/index.php\/producto\/cierre-lateral-h56-aluminio-corrediza-modena\/#breadcrumb","itemListElement":[{"@type":"ListItem","position":1,"name":"Portada","item":"https:\/\/calzavara.ar\/"},{"@type":"ListItem","position":2,"name":"Tienda","item":"https:\/\/calzavara.ar\/index.php\/tienda\/"},{"@type":"ListItem","position":3,"name":"Cierre Lateral H56 Aluminio Corrediza Modena"}]},{"@type":"WebSite","@id":"https:\/\/calzavara.ar\/#website","url":"https:\/\/calzavara.ar\/","name":"CALZAVARA","description":"Tienda Oficial CALZAVARA","publisher":{"@id":"https:\/\/calzavara.ar\/#organization"},"potentialAction":[{"@type":"SearchAction","target":{"@type":"EntryPoint","urlTemplate":"https:\/\/calzavara.ar\/?s={search_term_string}"},"query-input":{"@type":"PropertyValueSpecification","valueRequired":true,"valueName":"search_term_string"}}],"inLanguage":"es"},{"@type":"Organization","@id":"https:\/\/calzavara.ar\/#organization","name":"CALZAVARA","url":"https:\/\/calzavara.ar\/","logo":{"@type":"ImageObject","inLanguage":"es","@id":"https:\/\/calzavara.ar\/#\/schema\/logo\/image\/","url":"https:\/\/calzavara.ar\/wp-content\/uploads\/2025\/05\/CalzaLogoRedes.jpg","contentUrl":"https:\/\/calzavara.ar\/wp-content\/uploads\/2025\/05\/CalzaLogoRedes.jpg","width":640,"height":640,"caption":"CALZAVARA"},"image":{"@id":"https:\/\/calzavara.ar\/#\/schema\/logo\/image\/"},"sameAs":["https:\/\/www.facebook.com\/calzavarasrl","https:\/\/www.instagram.com\/calzavara_herrajes","https:\/\/www.linkedin.com\/company\/calzavara\/","https:\/\/www.youtube.com\/@calzavara3279"]}]}},"jetpack_sharing_enabled":true,"_links":{"self":[{"href":"https:\/\/calzavara.ar\/index.php\/wp-json\/wp\/v2\/product\/15298","targetHints":{"allow":["GET"]}}],"collection":[{"href":"https:\/\/calzavara.ar\/index.php\/wp-json\/wp\/v2\/product"}],"about":[{"href":"https:\/\/calzavara.ar\/index.php\/wp-json\/wp\/v2\/types\/product"}],"wp:featuredmedia":[{"embeddable":true,"href":"https:\/\/calzavara.ar\/index.php\/wp-json\/wp\/v2\/media\/15379"}],"wp:attachment":[{"href":"https:\/\/calzavara.ar\/index.php\/wp-json\/wp\/v2\/media?parent=15298"}],"wp:term":[{"taxonomy":"product_brand","embeddable":true,"href":"https:\/\/calzavara.ar\/index.php\/wp-json\/wp\/v2\/product_brand?post=15298"},{"taxonomy":"product_cat","embeddable":true,"href":"https:\/\/calzavara.ar\/index.php\/wp-json\/wp\/v2\/product_cat?post=15298"},{"taxonomy":"product_tag","embeddable":true,"href":"https:\/\/calzavara.ar\/index.php\/wp-json\/wp\/v2\/product_tag?post=15298"}],"curies":[{"name":"wp","href":"https:\/\/api.w.org\/{rel}","templated":true}]}}