{"id":15290,"date":"2025-09-01T11:39:09","date_gmt":"2025-09-01T14:39:09","guid":{"rendered":"https:\/\/calzavara.ar\/index.php\/producto\/cerradura-inteligente-digital-qbo-h5b-tb-negra-bluetooth\/"},"modified":"2026-01-19T08:43:47","modified_gmt":"2026-01-19T11:43:47","slug":"cerradura-inteligente-digital-qbo-h5b-tb-negra-bluetooth","status":"publish","type":"product","link":"https:\/\/calzavara.ar\/index.php\/producto\/cerradura-inteligente-digital-qbo-h5b-tb-negra-bluetooth\/","title":{"rendered":"Cerradura Inteligente Digital QBO H5b-tb Negra  Bluetooth"},"content":{"rendered":"<p>Cerradura electr\u00f3nica (Smart Lock) con WiFi (opcional! Consulte por Gateway), APP (para tel\u00e9fono celular), control remoto y Huella Digital!Con un nuevo y estilizado dise\u00f1o, esta cerradura electr\u00f3nica adapta lo \u00faltimo en dise\u00f1o estructural con un panel frontal. se puede montar tanto en puertas de madera, como en puertas de seguridad. Entregue m\u00e1xima seguridad y estilo a su puerta.Con un sistema avanzado de moderaci\u00f3n electr\u00f3nica, se puede conectar esta cerradura mediante WiFi (opcional! Consulte por Gateway) o Bluetooth a su tel\u00e9fono celular para poder abrir, cerrar, trabar la cerradura desde cualquier lado y a cualquier hora (mientras tenga acceso a internet).NOTA: El cierre del cerrojo, debe hacerse manualmente tirando cualquiera de las dos manijas hacia arriba.Caracter\u00edsticas principales1. 6 Maneras de abrir la puerta: Acceso mediante WiFi App (opcional! Consulte por Gateway), Bluetooth, Huella digital, Tarjeta ID, C\u00f3digo PIN, Llaves mec\u00e1nicas.2. Puede controlar la cerradura a su gusto desde tel\u00e9fono. Programe c\u00f3digos personalizados que solo pueden ser usados durante cierto tiempo o d\u00edas de la semana.3. Se puede usar para puertas de aluminio, madera o metal.4. Construida \u00edntegramente Aluminio lo que le da una excelente resistencia a la intemperie, humedad y dem\u00e1s. Dise\u00f1o extra resistente, casi inquebrantable, pulida a espejo d\u00e1ndole un toque de estilo a su puerta. con ip 685. Lector de huellas digitales tipo FPC, sistema que le otorga una capa extra de seguridad a su hogar.6. Bater\u00eda de emergencia en caso de p\u00e9rdida de alimentaci\u00f3n.Convenient APP Functions1. Apertura y Cierre desde cualquier lugar y a cualquier hora desde su tel\u00e9fono celular (opcional! Consulte por Gateway).2. Manejo de un gran cantidad de llaves con diferentes restricciones desde solo un tel\u00e9fono celular.3. Password con c\u00f3digos PIN con duraci\u00f3n determinada para diferentes ocasiones (para que acceda la persone que limpie su casa, ni\u00f1eras, amigos, etc.).4. M\u00faltiples niveles de administrador, para que varias personas puedan tambi\u00e9n crear permisos sin necesidad de que un solo tel\u00e9fono sea el que otorgue permisos de acceso.5. Registros de acceso autom\u00e1ticos. Vea quien y cuando accedi\u00f3 a su hogar desde su celular. Nada entra sin estar registrado en su celular.6. Agregue y borre accesos por huella digital, tarjetas de acceso, PIN codes o eKeys desde su aplicaci\u00f3n de tel\u00e9fono m\u00f3vil.7. Constante actualizaci\u00f3n de la APP sin costo alguno, otorg\u00e1ndole lo m\u00e1ximo de seguridad y nuevas caracter\u00edsticas que pueden maximizar el funcionamiento de su cerraduraNOTA: El cierre del cerrojo, debe hacerse manualmente tirando cualquiera de las dos manijas hacia arriba.Item H5B-TBNombre Cerradura H5B-TB SmartM\u00e9todos de apertura WiFi (Opcional)\/Bluetooth APP Access, Huella digital, PIN Code,Tarjeta, Llave Mec\u00e1nicaMaterial AluminioColor negroLector de huellas FPC &#8211; origen Suecia Tipo de Tarjeta MF1 (13.56Hz)Tiempo de Identificaci\u00f3n <0.1SAplicaciones Residencial, Apartamento, Casa, Oficina, Negocio,AirbnbEspesor de la puerta 30mm-80mmTemperatura de trabajo -20 -70\u00b0CAlimentaci\u00f3n 6V (4*AA pilas)APP System Android, iOSCap. de almacenaje IlimitadaLenguajes Espa\u00f1ol - Ingles \u2013 Portugues \u2013 FrancesGarant\u00eda 3 Meses\n<\/p>\n","protected":false},"excerpt":{"rendered":"<p>Cerradura electr\u00f3nica (Smart Lock) con WiFi (opcional! Consulte por Gateway), APP (para tel\u00e9fono celular), control remoto y Huella Digital!Con un<\/p>\n","protected":false},"featured_media":15373,"template":"","meta":[],"product_brand":[],"product_cat":[15],"product_tag":[],"class_list":{"0":"post-15290","1":"product","2":"type-product","3":"status-publish","4":"has-post-thumbnail","6":"product_cat-sin-categorizar","8":"first","9":"instock","10":"taxable","11":"shipping-taxable","12":"purchasable","13":"product-type-simple"},"yoast_head":"<!-- This site is optimized with the Yoast SEO plugin v27.3 - https:\/\/yoast.com\/product\/yoast-seo-wordpress\/ -->\n<title>Cerradura Inteligente Digital QBO H5b-tb Negra Bluetooth - CALZAVARA<\/title>\n<meta name=\"robots\" content=\"index, follow, max-snippet:-1, max-image-preview:large, max-video-preview:-1\" \/>\n<link rel=\"canonical\" href=\"https:\/\/calzavara.ar\/index.php\/producto\/cerradura-inteligente-digital-qbo-h5b-tb-negra-bluetooth\/\" \/>\n<meta property=\"og:locale\" content=\"es_ES\" \/>\n<meta property=\"og:type\" content=\"article\" \/>\n<meta property=\"og:title\" content=\"Cerradura Inteligente Digital QBO H5b-tb Negra Bluetooth - CALZAVARA\" \/>\n<meta property=\"og:description\" content=\"Cerradura electr\u00f3nica (Smart Lock) con WiFi (opcional! Consulte por Gateway), APP (para tel\u00e9fono celular), control remoto y Huella Digital!Con un\" \/>\n<meta property=\"og:url\" content=\"https:\/\/calzavara.ar\/index.php\/producto\/cerradura-inteligente-digital-qbo-h5b-tb-negra-bluetooth\/\" \/>\n<meta property=\"og:site_name\" content=\"CALZAVARA\" \/>\n<meta property=\"article:publisher\" content=\"https:\/\/www.facebook.com\/calzavarasrl\" \/>\n<meta property=\"article:modified_time\" content=\"2026-01-19T11:43:47+00:00\" \/>\n<meta name=\"twitter:card\" content=\"summary_large_image\" \/>\n<meta name=\"twitter:label1\" content=\"Tiempo de lectura\" \/>\n\t<meta name=\"twitter:data1\" content=\"2 minutos\" \/>\n<script type=\"application\/ld+json\" class=\"yoast-schema-graph\">{\"@context\":\"https:\\\/\\\/schema.org\",\"@graph\":[{\"@type\":\"WebPage\",\"@id\":\"https:\\\/\\\/calzavara.ar\\\/index.php\\\/producto\\\/cerradura-inteligente-digital-qbo-h5b-tb-negra-bluetooth\\\/\",\"url\":\"https:\\\/\\\/calzavara.ar\\\/index.php\\\/producto\\\/cerradura-inteligente-digital-qbo-h5b-tb-negra-bluetooth\\\/\",\"name\":\"Cerradura Inteligente Digital QBO H5b-tb Negra Bluetooth - CALZAVARA\",\"isPartOf\":{\"@id\":\"https:\\\/\\\/calzavara.ar\\\/#website\"},\"primaryImageOfPage\":{\"@id\":\"https:\\\/\\\/calzavara.ar\\\/index.php\\\/producto\\\/cerradura-inteligente-digital-qbo-h5b-tb-negra-bluetooth\\\/#primaryimage\"},\"image\":{\"@id\":\"https:\\\/\\\/calzavara.ar\\\/index.php\\\/producto\\\/cerradura-inteligente-digital-qbo-h5b-tb-negra-bluetooth\\\/#primaryimage\"},\"thumbnailUrl\":\"https:\\\/\\\/calzavara.ar\\\/wp-content\\\/uploads\\\/2025\\\/09\\\/90544.jpg\",\"datePublished\":\"2025-09-01T14:39:09+00:00\",\"dateModified\":\"2026-01-19T11:43:47+00:00\",\"breadcrumb\":{\"@id\":\"https:\\\/\\\/calzavara.ar\\\/index.php\\\/producto\\\/cerradura-inteligente-digital-qbo-h5b-tb-negra-bluetooth\\\/#breadcrumb\"},\"inLanguage\":\"es\",\"potentialAction\":[{\"@type\":\"ReadAction\",\"target\":[\"https:\\\/\\\/calzavara.ar\\\/index.php\\\/producto\\\/cerradura-inteligente-digital-qbo-h5b-tb-negra-bluetooth\\\/\"]}]},{\"@type\":\"ImageObject\",\"inLanguage\":\"es\",\"@id\":\"https:\\\/\\\/calzavara.ar\\\/index.php\\\/producto\\\/cerradura-inteligente-digital-qbo-h5b-tb-negra-bluetooth\\\/#primaryimage\",\"url\":\"https:\\\/\\\/calzavara.ar\\\/wp-content\\\/uploads\\\/2025\\\/09\\\/90544.jpg\",\"contentUrl\":\"https:\\\/\\\/calzavara.ar\\\/wp-content\\\/uploads\\\/2025\\\/09\\\/90544.jpg\",\"width\":800,\"height\":1176},{\"@type\":\"BreadcrumbList\",\"@id\":\"https:\\\/\\\/calzavara.ar\\\/index.php\\\/producto\\\/cerradura-inteligente-digital-qbo-h5b-tb-negra-bluetooth\\\/#breadcrumb\",\"itemListElement\":[{\"@type\":\"ListItem\",\"position\":1,\"name\":\"Portada\",\"item\":\"https:\\\/\\\/calzavara.ar\\\/\"},{\"@type\":\"ListItem\",\"position\":2,\"name\":\"Tienda\",\"item\":\"https:\\\/\\\/calzavara.ar\\\/index.php\\\/tienda\\\/\"},{\"@type\":\"ListItem\",\"position\":3,\"name\":\"Cerradura Inteligente Digital QBO H5b-tb Negra Bluetooth\"}]},{\"@type\":\"WebSite\",\"@id\":\"https:\\\/\\\/calzavara.ar\\\/#website\",\"url\":\"https:\\\/\\\/calzavara.ar\\\/\",\"name\":\"CALZAVARA\",\"description\":\"Tienda Oficial CALZAVARA\",\"publisher\":{\"@id\":\"https:\\\/\\\/calzavara.ar\\\/#organization\"},\"potentialAction\":[{\"@type\":\"SearchAction\",\"target\":{\"@type\":\"EntryPoint\",\"urlTemplate\":\"https:\\\/\\\/calzavara.ar\\\/?s={search_term_string}\"},\"query-input\":{\"@type\":\"PropertyValueSpecification\",\"valueRequired\":true,\"valueName\":\"search_term_string\"}}],\"inLanguage\":\"es\"},{\"@type\":\"Organization\",\"@id\":\"https:\\\/\\\/calzavara.ar\\\/#organization\",\"name\":\"CALZAVARA\",\"url\":\"https:\\\/\\\/calzavara.ar\\\/\",\"logo\":{\"@type\":\"ImageObject\",\"inLanguage\":\"es\",\"@id\":\"https:\\\/\\\/calzavara.ar\\\/#\\\/schema\\\/logo\\\/image\\\/\",\"url\":\"https:\\\/\\\/calzavara.ar\\\/wp-content\\\/uploads\\\/2025\\\/05\\\/CalzaLogoRedes.jpg\",\"contentUrl\":\"https:\\\/\\\/calzavara.ar\\\/wp-content\\\/uploads\\\/2025\\\/05\\\/CalzaLogoRedes.jpg\",\"width\":640,\"height\":640,\"caption\":\"CALZAVARA\"},\"image\":{\"@id\":\"https:\\\/\\\/calzavara.ar\\\/#\\\/schema\\\/logo\\\/image\\\/\"},\"sameAs\":[\"https:\\\/\\\/www.facebook.com\\\/calzavarasrl\",\"https:\\\/\\\/www.instagram.com\\\/calzavara_herrajes\",\"https:\\\/\\\/www.linkedin.com\\\/company\\\/calzavara\\\/\",\"https:\\\/\\\/www.youtube.com\\\/@calzavara3279\"]}]}<\/script>\n<!-- \/ Yoast SEO plugin. -->","yoast_head_json":{"title":"Cerradura Inteligente Digital QBO H5b-tb Negra Bluetooth - CALZAVARA","robots":{"index":"index","follow":"follow","max-snippet":"max-snippet:-1","max-image-preview":"max-image-preview:large","max-video-preview":"max-video-preview:-1"},"canonical":"https:\/\/calzavara.ar\/index.php\/producto\/cerradura-inteligente-digital-qbo-h5b-tb-negra-bluetooth\/","og_locale":"es_ES","og_type":"article","og_title":"Cerradura Inteligente Digital QBO H5b-tb Negra Bluetooth - CALZAVARA","og_description":"Cerradura electr\u00f3nica (Smart Lock) con WiFi (opcional! Consulte por Gateway), APP (para tel\u00e9fono celular), control remoto y Huella Digital!Con un","og_url":"https:\/\/calzavara.ar\/index.php\/producto\/cerradura-inteligente-digital-qbo-h5b-tb-negra-bluetooth\/","og_site_name":"CALZAVARA","article_publisher":"https:\/\/www.facebook.com\/calzavarasrl","article_modified_time":"2026-01-19T11:43:47+00:00","twitter_card":"summary_large_image","twitter_misc":{"Tiempo de lectura":"2 minutos"},"schema":{"@context":"https:\/\/schema.org","@graph":[{"@type":"WebPage","@id":"https:\/\/calzavara.ar\/index.php\/producto\/cerradura-inteligente-digital-qbo-h5b-tb-negra-bluetooth\/","url":"https:\/\/calzavara.ar\/index.php\/producto\/cerradura-inteligente-digital-qbo-h5b-tb-negra-bluetooth\/","name":"Cerradura Inteligente Digital QBO H5b-tb Negra Bluetooth - CALZAVARA","isPartOf":{"@id":"https:\/\/calzavara.ar\/#website"},"primaryImageOfPage":{"@id":"https:\/\/calzavara.ar\/index.php\/producto\/cerradura-inteligente-digital-qbo-h5b-tb-negra-bluetooth\/#primaryimage"},"image":{"@id":"https:\/\/calzavara.ar\/index.php\/producto\/cerradura-inteligente-digital-qbo-h5b-tb-negra-bluetooth\/#primaryimage"},"thumbnailUrl":"https:\/\/calzavara.ar\/wp-content\/uploads\/2025\/09\/90544.jpg","datePublished":"2025-09-01T14:39:09+00:00","dateModified":"2026-01-19T11:43:47+00:00","breadcrumb":{"@id":"https:\/\/calzavara.ar\/index.php\/producto\/cerradura-inteligente-digital-qbo-h5b-tb-negra-bluetooth\/#breadcrumb"},"inLanguage":"es","potentialAction":[{"@type":"ReadAction","target":["https:\/\/calzavara.ar\/index.php\/producto\/cerradura-inteligente-digital-qbo-h5b-tb-negra-bluetooth\/"]}]},{"@type":"ImageObject","inLanguage":"es","@id":"https:\/\/calzavara.ar\/index.php\/producto\/cerradura-inteligente-digital-qbo-h5b-tb-negra-bluetooth\/#primaryimage","url":"https:\/\/calzavara.ar\/wp-content\/uploads\/2025\/09\/90544.jpg","contentUrl":"https:\/\/calzavara.ar\/wp-content\/uploads\/2025\/09\/90544.jpg","width":800,"height":1176},{"@type":"BreadcrumbList","@id":"https:\/\/calzavara.ar\/index.php\/producto\/cerradura-inteligente-digital-qbo-h5b-tb-negra-bluetooth\/#breadcrumb","itemListElement":[{"@type":"ListItem","position":1,"name":"Portada","item":"https:\/\/calzavara.ar\/"},{"@type":"ListItem","position":2,"name":"Tienda","item":"https:\/\/calzavara.ar\/index.php\/tienda\/"},{"@type":"ListItem","position":3,"name":"Cerradura Inteligente Digital QBO H5b-tb Negra Bluetooth"}]},{"@type":"WebSite","@id":"https:\/\/calzavara.ar\/#website","url":"https:\/\/calzavara.ar\/","name":"CALZAVARA","description":"Tienda Oficial CALZAVARA","publisher":{"@id":"https:\/\/calzavara.ar\/#organization"},"potentialAction":[{"@type":"SearchAction","target":{"@type":"EntryPoint","urlTemplate":"https:\/\/calzavara.ar\/?s={search_term_string}"},"query-input":{"@type":"PropertyValueSpecification","valueRequired":true,"valueName":"search_term_string"}}],"inLanguage":"es"},{"@type":"Organization","@id":"https:\/\/calzavara.ar\/#organization","name":"CALZAVARA","url":"https:\/\/calzavara.ar\/","logo":{"@type":"ImageObject","inLanguage":"es","@id":"https:\/\/calzavara.ar\/#\/schema\/logo\/image\/","url":"https:\/\/calzavara.ar\/wp-content\/uploads\/2025\/05\/CalzaLogoRedes.jpg","contentUrl":"https:\/\/calzavara.ar\/wp-content\/uploads\/2025\/05\/CalzaLogoRedes.jpg","width":640,"height":640,"caption":"CALZAVARA"},"image":{"@id":"https:\/\/calzavara.ar\/#\/schema\/logo\/image\/"},"sameAs":["https:\/\/www.facebook.com\/calzavarasrl","https:\/\/www.instagram.com\/calzavara_herrajes","https:\/\/www.linkedin.com\/company\/calzavara\/","https:\/\/www.youtube.com\/@calzavara3279"]}]}},"jetpack_sharing_enabled":true,"_links":{"self":[{"href":"https:\/\/calzavara.ar\/index.php\/wp-json\/wp\/v2\/product\/15290","targetHints":{"allow":["GET"]}}],"collection":[{"href":"https:\/\/calzavara.ar\/index.php\/wp-json\/wp\/v2\/product"}],"about":[{"href":"https:\/\/calzavara.ar\/index.php\/wp-json\/wp\/v2\/types\/product"}],"wp:featuredmedia":[{"embeddable":true,"href":"https:\/\/calzavara.ar\/index.php\/wp-json\/wp\/v2\/media\/15373"}],"wp:attachment":[{"href":"https:\/\/calzavara.ar\/index.php\/wp-json\/wp\/v2\/media?parent=15290"}],"wp:term":[{"taxonomy":"product_brand","embeddable":true,"href":"https:\/\/calzavara.ar\/index.php\/wp-json\/wp\/v2\/product_brand?post=15290"},{"taxonomy":"product_cat","embeddable":true,"href":"https:\/\/calzavara.ar\/index.php\/wp-json\/wp\/v2\/product_cat?post=15290"},{"taxonomy":"product_tag","embeddable":true,"href":"https:\/\/calzavara.ar\/index.php\/wp-json\/wp\/v2\/product_tag?post=15290"}],"curies":[{"name":"wp","href":"https:\/\/api.w.org\/{rel}","templated":true}]}}