{"id":15285,"date":"2025-09-01T11:39:07","date_gmt":"2025-09-01T14:39:07","guid":{"rendered":"https:\/\/calzavara.ar\/index.php\/producto\/cerradura-qbo-inteligente-automatica-con-wifi-incorporado\/"},"modified":"2026-01-19T08:43:45","modified_gmt":"2026-01-19T11:43:45","slug":"cerradura-qbo-inteligente-automatica-con-wifi-incorporado","status":"publish","type":"product","link":"https:\/\/calzavara.ar\/index.php\/producto\/cerradura-qbo-inteligente-automatica-con-wifi-incorporado\/","title":{"rendered":"Cerradura QBO Inteligente Autom\u00e1tica Con Wifi Incorporado"},"content":{"rendered":"<p>Cerradura digital Manijon  <\/p>\n<p>Ideal para Airbnb <\/p>\n<p> Puede controlar la cerradura a su gusto desde tel\u00e9fono. Programe c\u00f3digos personalizados que solo pueden ser usados durante cierto tiempo o d\u00edas de la semana.<br \/>\nDise\u00f1o extra resistente, casi inquebrantable, pulida a espejo d\u00e1ndole un toque de estilo a su puerta.<br \/>\n Con Apertura por: + Huella + Llavero RF +Pad num\u00e9rico + Llave manual  + App WIFI  + IP 67 (aprueba de agua)<br \/>\n Compatible con TTLOCK, en la cual va a poder otorgar:<br \/>\n 1. Apertura y Cierre desde cualquier lugar y a cualquier hora desde su tel\u00e9fono celular.<br \/>\n2. Manejo de un gran cantidad de llaves con diferentes restricciones desde solo un tel\u00e9fono celular.<br \/>\n3. Password con c\u00f3digos tarjetas o huellas digitales con duraci\u00f3n determinada, d\u00edas, horarios, para diferentes ocasiones (para que acceda el personal, ni\u00f1eras, amigos, o incluso alquiler temporarios)<br \/>\n4. M\u00faltiples niveles de administrador, para que varias personas puedan tambi\u00e9n crear permisos sin necesidad de que un solo tel\u00e9fono sea el que otorgue permisos de acceso.<br \/>\n 5. Registros de acceso autom\u00e1ticos. Vea quien y cuando accedi\u00f3 desde su celular.<br \/>\n6. Agregue y borre accesos por huella digital, tarjetas de acceso, PIN codes o eKeys desde su aplicaci\u00f3n de tel\u00e9fono m\u00f3vil.<br \/>\n 7. Constante actualizaci\u00f3n de la APP sin costo alguno, otorg\u00e1ndole lo m\u00e1ximo de seguridad y nuevas caracter\u00edsticas que pueden maximizar el funcionamiento de su cerradura<br \/>\n  Color Negro Lector de huellas FPC Tipo de Tarjeta MF1 (13.56Hz) Tiempo de Identificaci\u00f3n <0.1S Aplicaciones Residencial, Apartamento, Casa, Oficina, Negocio, Airbnb\n Espesor de la puerta 30mm-70mm Temperatura de trabajo -20 -70\u00b0C Alimentaci\u00f3n 4 pilas APP System Android, iOS Cap. de almacenaje 200 usuarios Lenguajes Espa\u00f1ol  \n\n\n<\/p>\n","protected":false},"excerpt":{"rendered":"<p>Cerradura digital Manijon Ideal para Airbnb Puede controlar la cerradura a su gusto desde tel\u00e9fono. Programe c\u00f3digos personalizados que solo<\/p>\n","protected":false},"featured_media":0,"template":"","meta":[],"product_brand":[],"product_cat":[15],"product_tag":[],"class_list":{"0":"post-15285","1":"product","2":"type-product","3":"status-publish","5":"product_cat-sin-categorizar","7":"first","8":"instock","9":"sale","10":"taxable","11":"shipping-taxable","12":"purchasable","13":"product-type-simple"},"yoast_head":"<!-- This site is optimized with the Yoast SEO plugin v27.3 - https:\/\/yoast.com\/product\/yoast-seo-wordpress\/ -->\n<title>Cerradura QBO Inteligente Autom\u00e1tica Con Wifi Incorporado - CALZAVARA<\/title>\n<meta name=\"robots\" content=\"index, follow, max-snippet:-1, max-image-preview:large, max-video-preview:-1\" \/>\n<link rel=\"canonical\" href=\"https:\/\/calzavara.ar\/index.php\/producto\/cerradura-qbo-inteligente-automatica-con-wifi-incorporado\/\" \/>\n<meta property=\"og:locale\" content=\"es_ES\" \/>\n<meta property=\"og:type\" content=\"article\" \/>\n<meta property=\"og:title\" content=\"Cerradura QBO Inteligente Autom\u00e1tica Con Wifi Incorporado - CALZAVARA\" \/>\n<meta property=\"og:description\" content=\"Cerradura digital Manijon Ideal para Airbnb Puede controlar la cerradura a su gusto desde tel\u00e9fono. Programe c\u00f3digos personalizados que solo\" \/>\n<meta property=\"og:url\" content=\"https:\/\/calzavara.ar\/index.php\/producto\/cerradura-qbo-inteligente-automatica-con-wifi-incorporado\/\" \/>\n<meta property=\"og:site_name\" content=\"CALZAVARA\" \/>\n<meta property=\"article:publisher\" content=\"https:\/\/www.facebook.com\/calzavarasrl\" \/>\n<meta property=\"article:modified_time\" content=\"2026-01-19T11:43:45+00:00\" \/>\n<meta name=\"twitter:card\" content=\"summary_large_image\" \/>\n<meta name=\"twitter:label1\" content=\"Tiempo de lectura\" \/>\n\t<meta name=\"twitter:data1\" content=\"1 minuto\" \/>\n<script type=\"application\/ld+json\" class=\"yoast-schema-graph\">{\"@context\":\"https:\\\/\\\/schema.org\",\"@graph\":[{\"@type\":\"WebPage\",\"@id\":\"https:\\\/\\\/calzavara.ar\\\/index.php\\\/producto\\\/cerradura-qbo-inteligente-automatica-con-wifi-incorporado\\\/\",\"url\":\"https:\\\/\\\/calzavara.ar\\\/index.php\\\/producto\\\/cerradura-qbo-inteligente-automatica-con-wifi-incorporado\\\/\",\"name\":\"Cerradura QBO Inteligente Autom\u00e1tica Con Wifi Incorporado - CALZAVARA\",\"isPartOf\":{\"@id\":\"https:\\\/\\\/calzavara.ar\\\/#website\"},\"datePublished\":\"2025-09-01T14:39:07+00:00\",\"dateModified\":\"2026-01-19T11:43:45+00:00\",\"breadcrumb\":{\"@id\":\"https:\\\/\\\/calzavara.ar\\\/index.php\\\/producto\\\/cerradura-qbo-inteligente-automatica-con-wifi-incorporado\\\/#breadcrumb\"},\"inLanguage\":\"es\",\"potentialAction\":[{\"@type\":\"ReadAction\",\"target\":[\"https:\\\/\\\/calzavara.ar\\\/index.php\\\/producto\\\/cerradura-qbo-inteligente-automatica-con-wifi-incorporado\\\/\"]}]},{\"@type\":\"BreadcrumbList\",\"@id\":\"https:\\\/\\\/calzavara.ar\\\/index.php\\\/producto\\\/cerradura-qbo-inteligente-automatica-con-wifi-incorporado\\\/#breadcrumb\",\"itemListElement\":[{\"@type\":\"ListItem\",\"position\":1,\"name\":\"Portada\",\"item\":\"https:\\\/\\\/calzavara.ar\\\/\"},{\"@type\":\"ListItem\",\"position\":2,\"name\":\"Tienda\",\"item\":\"https:\\\/\\\/calzavara.ar\\\/index.php\\\/tienda\\\/\"},{\"@type\":\"ListItem\",\"position\":3,\"name\":\"Cerradura QBO Inteligente Autom\u00e1tica Con Wifi Incorporado\"}]},{\"@type\":\"WebSite\",\"@id\":\"https:\\\/\\\/calzavara.ar\\\/#website\",\"url\":\"https:\\\/\\\/calzavara.ar\\\/\",\"name\":\"CALZAVARA\",\"description\":\"Tienda Oficial CALZAVARA\",\"publisher\":{\"@id\":\"https:\\\/\\\/calzavara.ar\\\/#organization\"},\"potentialAction\":[{\"@type\":\"SearchAction\",\"target\":{\"@type\":\"EntryPoint\",\"urlTemplate\":\"https:\\\/\\\/calzavara.ar\\\/?s={search_term_string}\"},\"query-input\":{\"@type\":\"PropertyValueSpecification\",\"valueRequired\":true,\"valueName\":\"search_term_string\"}}],\"inLanguage\":\"es\"},{\"@type\":\"Organization\",\"@id\":\"https:\\\/\\\/calzavara.ar\\\/#organization\",\"name\":\"CALZAVARA\",\"url\":\"https:\\\/\\\/calzavara.ar\\\/\",\"logo\":{\"@type\":\"ImageObject\",\"inLanguage\":\"es\",\"@id\":\"https:\\\/\\\/calzavara.ar\\\/#\\\/schema\\\/logo\\\/image\\\/\",\"url\":\"https:\\\/\\\/calzavara.ar\\\/wp-content\\\/uploads\\\/2025\\\/05\\\/CalzaLogoRedes.jpg\",\"contentUrl\":\"https:\\\/\\\/calzavara.ar\\\/wp-content\\\/uploads\\\/2025\\\/05\\\/CalzaLogoRedes.jpg\",\"width\":640,\"height\":640,\"caption\":\"CALZAVARA\"},\"image\":{\"@id\":\"https:\\\/\\\/calzavara.ar\\\/#\\\/schema\\\/logo\\\/image\\\/\"},\"sameAs\":[\"https:\\\/\\\/www.facebook.com\\\/calzavarasrl\",\"https:\\\/\\\/www.instagram.com\\\/calzavara_herrajes\",\"https:\\\/\\\/www.linkedin.com\\\/company\\\/calzavara\\\/\",\"https:\\\/\\\/www.youtube.com\\\/@calzavara3279\"]}]}<\/script>\n<!-- \/ Yoast SEO plugin. -->","yoast_head_json":{"title":"Cerradura QBO Inteligente Autom\u00e1tica Con Wifi Incorporado - CALZAVARA","robots":{"index":"index","follow":"follow","max-snippet":"max-snippet:-1","max-image-preview":"max-image-preview:large","max-video-preview":"max-video-preview:-1"},"canonical":"https:\/\/calzavara.ar\/index.php\/producto\/cerradura-qbo-inteligente-automatica-con-wifi-incorporado\/","og_locale":"es_ES","og_type":"article","og_title":"Cerradura QBO Inteligente Autom\u00e1tica Con Wifi Incorporado - CALZAVARA","og_description":"Cerradura digital Manijon Ideal para Airbnb Puede controlar la cerradura a su gusto desde tel\u00e9fono. Programe c\u00f3digos personalizados que solo","og_url":"https:\/\/calzavara.ar\/index.php\/producto\/cerradura-qbo-inteligente-automatica-con-wifi-incorporado\/","og_site_name":"CALZAVARA","article_publisher":"https:\/\/www.facebook.com\/calzavarasrl","article_modified_time":"2026-01-19T11:43:45+00:00","twitter_card":"summary_large_image","twitter_misc":{"Tiempo de lectura":"1 minuto"},"schema":{"@context":"https:\/\/schema.org","@graph":[{"@type":"WebPage","@id":"https:\/\/calzavara.ar\/index.php\/producto\/cerradura-qbo-inteligente-automatica-con-wifi-incorporado\/","url":"https:\/\/calzavara.ar\/index.php\/producto\/cerradura-qbo-inteligente-automatica-con-wifi-incorporado\/","name":"Cerradura QBO Inteligente Autom\u00e1tica Con Wifi Incorporado - CALZAVARA","isPartOf":{"@id":"https:\/\/calzavara.ar\/#website"},"datePublished":"2025-09-01T14:39:07+00:00","dateModified":"2026-01-19T11:43:45+00:00","breadcrumb":{"@id":"https:\/\/calzavara.ar\/index.php\/producto\/cerradura-qbo-inteligente-automatica-con-wifi-incorporado\/#breadcrumb"},"inLanguage":"es","potentialAction":[{"@type":"ReadAction","target":["https:\/\/calzavara.ar\/index.php\/producto\/cerradura-qbo-inteligente-automatica-con-wifi-incorporado\/"]}]},{"@type":"BreadcrumbList","@id":"https:\/\/calzavara.ar\/index.php\/producto\/cerradura-qbo-inteligente-automatica-con-wifi-incorporado\/#breadcrumb","itemListElement":[{"@type":"ListItem","position":1,"name":"Portada","item":"https:\/\/calzavara.ar\/"},{"@type":"ListItem","position":2,"name":"Tienda","item":"https:\/\/calzavara.ar\/index.php\/tienda\/"},{"@type":"ListItem","position":3,"name":"Cerradura QBO Inteligente Autom\u00e1tica Con Wifi Incorporado"}]},{"@type":"WebSite","@id":"https:\/\/calzavara.ar\/#website","url":"https:\/\/calzavara.ar\/","name":"CALZAVARA","description":"Tienda Oficial CALZAVARA","publisher":{"@id":"https:\/\/calzavara.ar\/#organization"},"potentialAction":[{"@type":"SearchAction","target":{"@type":"EntryPoint","urlTemplate":"https:\/\/calzavara.ar\/?s={search_term_string}"},"query-input":{"@type":"PropertyValueSpecification","valueRequired":true,"valueName":"search_term_string"}}],"inLanguage":"es"},{"@type":"Organization","@id":"https:\/\/calzavara.ar\/#organization","name":"CALZAVARA","url":"https:\/\/calzavara.ar\/","logo":{"@type":"ImageObject","inLanguage":"es","@id":"https:\/\/calzavara.ar\/#\/schema\/logo\/image\/","url":"https:\/\/calzavara.ar\/wp-content\/uploads\/2025\/05\/CalzaLogoRedes.jpg","contentUrl":"https:\/\/calzavara.ar\/wp-content\/uploads\/2025\/05\/CalzaLogoRedes.jpg","width":640,"height":640,"caption":"CALZAVARA"},"image":{"@id":"https:\/\/calzavara.ar\/#\/schema\/logo\/image\/"},"sameAs":["https:\/\/www.facebook.com\/calzavarasrl","https:\/\/www.instagram.com\/calzavara_herrajes","https:\/\/www.linkedin.com\/company\/calzavara\/","https:\/\/www.youtube.com\/@calzavara3279"]}]}},"jetpack_sharing_enabled":true,"_links":{"self":[{"href":"https:\/\/calzavara.ar\/index.php\/wp-json\/wp\/v2\/product\/15285","targetHints":{"allow":["GET"]}}],"collection":[{"href":"https:\/\/calzavara.ar\/index.php\/wp-json\/wp\/v2\/product"}],"about":[{"href":"https:\/\/calzavara.ar\/index.php\/wp-json\/wp\/v2\/types\/product"}],"wp:attachment":[{"href":"https:\/\/calzavara.ar\/index.php\/wp-json\/wp\/v2\/media?parent=15285"}],"wp:term":[{"taxonomy":"product_brand","embeddable":true,"href":"https:\/\/calzavara.ar\/index.php\/wp-json\/wp\/v2\/product_brand?post=15285"},{"taxonomy":"product_cat","embeddable":true,"href":"https:\/\/calzavara.ar\/index.php\/wp-json\/wp\/v2\/product_cat?post=15285"},{"taxonomy":"product_tag","embeddable":true,"href":"https:\/\/calzavara.ar\/index.php\/wp-json\/wp\/v2\/product_tag?post=15285"}],"curies":[{"name":"wp","href":"https:\/\/api.w.org\/{rel}","templated":true}]}}