{"id":15282,"date":"2025-09-01T11:39:06","date_gmt":"2025-09-01T14:39:06","guid":{"rendered":"https:\/\/calzavara.ar\/index.php\/producto\/cerradura-electronica-s41-digital-huella-biometrica-smart\/"},"modified":"2026-01-19T08:43:45","modified_gmt":"2026-01-19T11:43:45","slug":"cerradura-electronica-s41-digital-huella-biometrica-smart","status":"publish","type":"product","link":"https:\/\/calzavara.ar\/index.php\/producto\/cerradura-electronica-s41-digital-huella-biometrica-smart\/","title":{"rendered":"Cerradura Electr\u00f3nica S41 Digital Huella Biometrica Smart"},"content":{"rendered":"<p>Cerradura electr\u00f3nica (Smart Lock) ultra delgada de Aluminio con WiFi (opcional! Consulte por Gateway), APP (para tel\u00e9fono celular), control remoto y Huella Digital! <\/p>\n<p>Ideal para puerta de aluminio.<\/p>\n<p>Con un nuevo y estilizado dise\u00f1o, esta cerradura electr\u00f3nica adapta lo \u00faltimo en dise\u00f1o estructural con un panel frontal de tan solo 38 mm que puede ser usado en cualquier perfil de aluminio que tenga un ancho de 46 mm. Esta cerradura tambi\u00e9n se puede montar tanto en puertas de madera, como en puertas de seguridad. Entregue m\u00e1xima seguridad y estilo a su puerta.<br \/>\nCon un sistema avanzado de moderaci\u00f3n electr\u00f3nica, se puede conectar esta cerradura mediante WiFi (opcional! Consulte por Gateway) o Bluetooth a su tel\u00e9fono celular para poder abrir, cerrar, trabar la cerradura desde cualquier lado y a cualquier hora (mientras tenga acceso a internet).<\/p>\n<p>NOTA: El cierre del cerrojo, debe hacerse manualmente tirando cualquiera de las dos manijas hacia arriba.<\/p>\n<p>Caracter\u00edsticas principales<\/p>\n<p>1. 6 Maneras de abrir la puerta: Acceso mediante WiFi App (opcional! Consulte por Gateway), Bluetooth, Huella digital, Tarjeta ID, C\u00f3digo PIN, Llaves mec\u00e1nicas.<br \/>\n2. Puede controlar la cerradura a su gusto desde tel\u00e9fono. Programe c\u00f3digos personalizados que solo pueden ser usados durante cierto tiempo o d\u00edas de la semana.<br \/>\n3. Dise\u00f1o UltraSlim de 38mm de ancho. Se puede usar para puertas de aluminio, madera o metal.<br \/>\n4. Construida \u00edntegramente de Acero Inoxidable (304) lo que le da una excelente resistencia a la intemperie, humedad y dem\u00e1s. Dise\u00f1o extra resistente, casi inquebrantable, pulida a espejo d\u00e1ndole un toque de estilo a su puerta.<br \/>\n5. Lector de huellas digitales tipo FPC, sistema que le otorga una capa extra de seguridad a su hogar.<br \/>\n6. Bater\u00eda de emergencia en caso de p\u00e9rdida de alimentaci\u00f3n. <\/p>\n<p>Convenient APP Functions<br \/>\n1. Apertura y Cierre desde cualquier lugar y a cualquier hora desde su tel\u00e9fono celular (opcional! Consulte por Gateway).<br \/>\n2. Manejo de un gran cantidad de llaves con diferentes restricciones desde solo un tel\u00e9fono celular.<br \/>\n3. Password con c\u00f3digos PIN con duraci\u00f3n determinada para diferentes ocasiones (para que acceda la persone que limpie su casa, ni\u00f1eras, amigos, etc.).<br \/>\n4. M\u00faltiples niveles de administrador, para que varias personas puedan tambi\u00e9n crear permisos sin necesidad de que un solo tel\u00e9fono sea el que otorgue permisos de acceso.<br \/>\n5. Registros de acceso autom\u00e1ticos. Vea quien y cuando accedi\u00f3 a su hogar desde su celular. Nada entra sin estar registrado en su celular.<br \/>\n6. Agregue y borre accesos por huella digital, tarjetas de acceso, PIN codes o eKeys desde su aplicaci\u00f3n de tel\u00e9fono m\u00f3vil.<br \/>\n7. Constante actualizaci\u00f3n de la APP sin costo alguno, otorg\u00e1ndole lo m\u00e1ximo de seguridad y nuevas caracter\u00edsticas que pueden maximizar el funcionamiento de su cerradura<\/p>\n<p>NOTA: El cierre del cerrojo, debe hacerse manualmente tirando cualquiera de las dos manijas hacia arriba.<\/p>\n<p>Item S41<br \/>\nNombre Cerradura Smart<br \/>\nM\u00e9todos de apertura WiFi (Opcional)\/Bluetooth APP Access, Huella digital, PIN Code,<br \/>\n   Tarjeta, Llave Mec\u00e1nica<br \/>\nMaterial 304 Acero Inoxidable<br \/>\nColor Cromado \/ Negro<br \/>\nLector de huellas FPC<br \/>\nTipo de Tarjeta MF1 (13.56Hz)<br \/>\nTiempo de Identificaci\u00f3n <0.1S\nAplicaciones Residencial, Apartamento, Casa, Oficina, Negocio, \n Airbnb\nTama\u00f1o 280mm x 38mm(W)\nEspesor de la puerta 30mm-80mm\nTemperatura de trabajo -20 -70\u00b0C\nAlimentaci\u00f3n 6V (4*AAA pilas)\nVida \u00fatil de Bater\u00edas 10 000 aperturas (alrededor de 3 a\u00f1os)\nAPP System Android, iOS\nCap. de almacenaje Ilimitada\nLenguajes Ingles\n\n\nFORMAS DE ENV\u00cdO\nENV\u00cdOS A TODO EL PA\u00cdS\nPara ver el costo de env\u00edo, Hacer click en -Ver costos de env\u00edo- (arriba del bot\u00f3n COMPRAR)\nA cargo del comprador, excepto que la publicaci\u00f3n aclare env\u00edo gratuito.\nTambi\u00e9n enviamos por Colectivo, Transporte Y Cadete (cadete dentro de Rosario)\n\n\n<\/p>\n","protected":false},"excerpt":{"rendered":"<p>Cerradura electr\u00f3nica (Smart Lock) ultra delgada de Aluminio con WiFi (opcional! Consulte por Gateway), APP (para tel\u00e9fono celular), control remoto<\/p>\n","protected":false},"featured_media":15369,"template":"","meta":[],"product_brand":[],"product_cat":[15],"product_tag":[],"class_list":{"0":"post-15282","1":"product","2":"type-product","3":"status-publish","4":"has-post-thumbnail","6":"product_cat-sin-categorizar","8":"first","9":"instock","10":"sale","11":"taxable","12":"shipping-taxable","13":"purchasable","14":"product-type-simple"},"yoast_head":"<!-- This site is optimized with the Yoast SEO plugin v27.3 - https:\/\/yoast.com\/product\/yoast-seo-wordpress\/ -->\n<title>Cerradura Electr\u00f3nica S41 Digital Huella Biometrica Smart - CALZAVARA<\/title>\n<meta name=\"robots\" content=\"index, follow, max-snippet:-1, max-image-preview:large, max-video-preview:-1\" \/>\n<link rel=\"canonical\" href=\"https:\/\/calzavara.ar\/index.php\/producto\/cerradura-electronica-s41-digital-huella-biometrica-smart\/\" \/>\n<meta property=\"og:locale\" content=\"es_ES\" \/>\n<meta property=\"og:type\" content=\"article\" \/>\n<meta property=\"og:title\" content=\"Cerradura Electr\u00f3nica S41 Digital Huella Biometrica Smart - CALZAVARA\" \/>\n<meta property=\"og:description\" content=\"Cerradura electr\u00f3nica (Smart Lock) ultra delgada de Aluminio con WiFi (opcional! Consulte por Gateway), APP (para tel\u00e9fono celular), control remoto\" \/>\n<meta property=\"og:url\" content=\"https:\/\/calzavara.ar\/index.php\/producto\/cerradura-electronica-s41-digital-huella-biometrica-smart\/\" \/>\n<meta property=\"og:site_name\" content=\"CALZAVARA\" \/>\n<meta property=\"article:publisher\" content=\"https:\/\/www.facebook.com\/calzavarasrl\" \/>\n<meta property=\"article:modified_time\" content=\"2026-01-19T11:43:45+00:00\" \/>\n<meta name=\"twitter:card\" content=\"summary_large_image\" \/>\n<meta name=\"twitter:label1\" content=\"Tiempo de lectura\" \/>\n\t<meta name=\"twitter:data1\" content=\"3 minutos\" \/>\n<script type=\"application\/ld+json\" class=\"yoast-schema-graph\">{\"@context\":\"https:\\\/\\\/schema.org\",\"@graph\":[{\"@type\":\"WebPage\",\"@id\":\"https:\\\/\\\/calzavara.ar\\\/index.php\\\/producto\\\/cerradura-electronica-s41-digital-huella-biometrica-smart\\\/\",\"url\":\"https:\\\/\\\/calzavara.ar\\\/index.php\\\/producto\\\/cerradura-electronica-s41-digital-huella-biometrica-smart\\\/\",\"name\":\"Cerradura Electr\u00f3nica S41 Digital Huella Biometrica Smart - CALZAVARA\",\"isPartOf\":{\"@id\":\"https:\\\/\\\/calzavara.ar\\\/#website\"},\"primaryImageOfPage\":{\"@id\":\"https:\\\/\\\/calzavara.ar\\\/index.php\\\/producto\\\/cerradura-electronica-s41-digital-huella-biometrica-smart\\\/#primaryimage\"},\"image\":{\"@id\":\"https:\\\/\\\/calzavara.ar\\\/index.php\\\/producto\\\/cerradura-electronica-s41-digital-huella-biometrica-smart\\\/#primaryimage\"},\"thumbnailUrl\":\"https:\\\/\\\/calzavara.ar\\\/wp-content\\\/uploads\\\/2025\\\/09\\\/90527.jpg\",\"datePublished\":\"2025-09-01T14:39:06+00:00\",\"dateModified\":\"2026-01-19T11:43:45+00:00\",\"breadcrumb\":{\"@id\":\"https:\\\/\\\/calzavara.ar\\\/index.php\\\/producto\\\/cerradura-electronica-s41-digital-huella-biometrica-smart\\\/#breadcrumb\"},\"inLanguage\":\"es\",\"potentialAction\":[{\"@type\":\"ReadAction\",\"target\":[\"https:\\\/\\\/calzavara.ar\\\/index.php\\\/producto\\\/cerradura-electronica-s41-digital-huella-biometrica-smart\\\/\"]}]},{\"@type\":\"ImageObject\",\"inLanguage\":\"es\",\"@id\":\"https:\\\/\\\/calzavara.ar\\\/index.php\\\/producto\\\/cerradura-electronica-s41-digital-huella-biometrica-smart\\\/#primaryimage\",\"url\":\"https:\\\/\\\/calzavara.ar\\\/wp-content\\\/uploads\\\/2025\\\/09\\\/90527.jpg\",\"contentUrl\":\"https:\\\/\\\/calzavara.ar\\\/wp-content\\\/uploads\\\/2025\\\/09\\\/90527.jpg\",\"width\":668,\"height\":1200},{\"@type\":\"BreadcrumbList\",\"@id\":\"https:\\\/\\\/calzavara.ar\\\/index.php\\\/producto\\\/cerradura-electronica-s41-digital-huella-biometrica-smart\\\/#breadcrumb\",\"itemListElement\":[{\"@type\":\"ListItem\",\"position\":1,\"name\":\"Portada\",\"item\":\"https:\\\/\\\/calzavara.ar\\\/\"},{\"@type\":\"ListItem\",\"position\":2,\"name\":\"Tienda\",\"item\":\"https:\\\/\\\/calzavara.ar\\\/index.php\\\/tienda\\\/\"},{\"@type\":\"ListItem\",\"position\":3,\"name\":\"Cerradura Electr\u00f3nica S41 Digital Huella Biometrica Smart\"}]},{\"@type\":\"WebSite\",\"@id\":\"https:\\\/\\\/calzavara.ar\\\/#website\",\"url\":\"https:\\\/\\\/calzavara.ar\\\/\",\"name\":\"CALZAVARA\",\"description\":\"Tienda Oficial CALZAVARA\",\"publisher\":{\"@id\":\"https:\\\/\\\/calzavara.ar\\\/#organization\"},\"potentialAction\":[{\"@type\":\"SearchAction\",\"target\":{\"@type\":\"EntryPoint\",\"urlTemplate\":\"https:\\\/\\\/calzavara.ar\\\/?s={search_term_string}\"},\"query-input\":{\"@type\":\"PropertyValueSpecification\",\"valueRequired\":true,\"valueName\":\"search_term_string\"}}],\"inLanguage\":\"es\"},{\"@type\":\"Organization\",\"@id\":\"https:\\\/\\\/calzavara.ar\\\/#organization\",\"name\":\"CALZAVARA\",\"url\":\"https:\\\/\\\/calzavara.ar\\\/\",\"logo\":{\"@type\":\"ImageObject\",\"inLanguage\":\"es\",\"@id\":\"https:\\\/\\\/calzavara.ar\\\/#\\\/schema\\\/logo\\\/image\\\/\",\"url\":\"https:\\\/\\\/calzavara.ar\\\/wp-content\\\/uploads\\\/2025\\\/05\\\/CalzaLogoRedes.jpg\",\"contentUrl\":\"https:\\\/\\\/calzavara.ar\\\/wp-content\\\/uploads\\\/2025\\\/05\\\/CalzaLogoRedes.jpg\",\"width\":640,\"height\":640,\"caption\":\"CALZAVARA\"},\"image\":{\"@id\":\"https:\\\/\\\/calzavara.ar\\\/#\\\/schema\\\/logo\\\/image\\\/\"},\"sameAs\":[\"https:\\\/\\\/www.facebook.com\\\/calzavarasrl\",\"https:\\\/\\\/www.instagram.com\\\/calzavara_herrajes\",\"https:\\\/\\\/www.linkedin.com\\\/company\\\/calzavara\\\/\",\"https:\\\/\\\/www.youtube.com\\\/@calzavara3279\"]}]}<\/script>\n<!-- \/ Yoast SEO plugin. -->","yoast_head_json":{"title":"Cerradura Electr\u00f3nica S41 Digital Huella Biometrica Smart - CALZAVARA","robots":{"index":"index","follow":"follow","max-snippet":"max-snippet:-1","max-image-preview":"max-image-preview:large","max-video-preview":"max-video-preview:-1"},"canonical":"https:\/\/calzavara.ar\/index.php\/producto\/cerradura-electronica-s41-digital-huella-biometrica-smart\/","og_locale":"es_ES","og_type":"article","og_title":"Cerradura Electr\u00f3nica S41 Digital Huella Biometrica Smart - CALZAVARA","og_description":"Cerradura electr\u00f3nica (Smart Lock) ultra delgada de Aluminio con WiFi (opcional! Consulte por Gateway), APP (para tel\u00e9fono celular), control remoto","og_url":"https:\/\/calzavara.ar\/index.php\/producto\/cerradura-electronica-s41-digital-huella-biometrica-smart\/","og_site_name":"CALZAVARA","article_publisher":"https:\/\/www.facebook.com\/calzavarasrl","article_modified_time":"2026-01-19T11:43:45+00:00","twitter_card":"summary_large_image","twitter_misc":{"Tiempo de lectura":"3 minutos"},"schema":{"@context":"https:\/\/schema.org","@graph":[{"@type":"WebPage","@id":"https:\/\/calzavara.ar\/index.php\/producto\/cerradura-electronica-s41-digital-huella-biometrica-smart\/","url":"https:\/\/calzavara.ar\/index.php\/producto\/cerradura-electronica-s41-digital-huella-biometrica-smart\/","name":"Cerradura Electr\u00f3nica S41 Digital Huella Biometrica Smart - CALZAVARA","isPartOf":{"@id":"https:\/\/calzavara.ar\/#website"},"primaryImageOfPage":{"@id":"https:\/\/calzavara.ar\/index.php\/producto\/cerradura-electronica-s41-digital-huella-biometrica-smart\/#primaryimage"},"image":{"@id":"https:\/\/calzavara.ar\/index.php\/producto\/cerradura-electronica-s41-digital-huella-biometrica-smart\/#primaryimage"},"thumbnailUrl":"https:\/\/calzavara.ar\/wp-content\/uploads\/2025\/09\/90527.jpg","datePublished":"2025-09-01T14:39:06+00:00","dateModified":"2026-01-19T11:43:45+00:00","breadcrumb":{"@id":"https:\/\/calzavara.ar\/index.php\/producto\/cerradura-electronica-s41-digital-huella-biometrica-smart\/#breadcrumb"},"inLanguage":"es","potentialAction":[{"@type":"ReadAction","target":["https:\/\/calzavara.ar\/index.php\/producto\/cerradura-electronica-s41-digital-huella-biometrica-smart\/"]}]},{"@type":"ImageObject","inLanguage":"es","@id":"https:\/\/calzavara.ar\/index.php\/producto\/cerradura-electronica-s41-digital-huella-biometrica-smart\/#primaryimage","url":"https:\/\/calzavara.ar\/wp-content\/uploads\/2025\/09\/90527.jpg","contentUrl":"https:\/\/calzavara.ar\/wp-content\/uploads\/2025\/09\/90527.jpg","width":668,"height":1200},{"@type":"BreadcrumbList","@id":"https:\/\/calzavara.ar\/index.php\/producto\/cerradura-electronica-s41-digital-huella-biometrica-smart\/#breadcrumb","itemListElement":[{"@type":"ListItem","position":1,"name":"Portada","item":"https:\/\/calzavara.ar\/"},{"@type":"ListItem","position":2,"name":"Tienda","item":"https:\/\/calzavara.ar\/index.php\/tienda\/"},{"@type":"ListItem","position":3,"name":"Cerradura Electr\u00f3nica S41 Digital Huella Biometrica Smart"}]},{"@type":"WebSite","@id":"https:\/\/calzavara.ar\/#website","url":"https:\/\/calzavara.ar\/","name":"CALZAVARA","description":"Tienda Oficial CALZAVARA","publisher":{"@id":"https:\/\/calzavara.ar\/#organization"},"potentialAction":[{"@type":"SearchAction","target":{"@type":"EntryPoint","urlTemplate":"https:\/\/calzavara.ar\/?s={search_term_string}"},"query-input":{"@type":"PropertyValueSpecification","valueRequired":true,"valueName":"search_term_string"}}],"inLanguage":"es"},{"@type":"Organization","@id":"https:\/\/calzavara.ar\/#organization","name":"CALZAVARA","url":"https:\/\/calzavara.ar\/","logo":{"@type":"ImageObject","inLanguage":"es","@id":"https:\/\/calzavara.ar\/#\/schema\/logo\/image\/","url":"https:\/\/calzavara.ar\/wp-content\/uploads\/2025\/05\/CalzaLogoRedes.jpg","contentUrl":"https:\/\/calzavara.ar\/wp-content\/uploads\/2025\/05\/CalzaLogoRedes.jpg","width":640,"height":640,"caption":"CALZAVARA"},"image":{"@id":"https:\/\/calzavara.ar\/#\/schema\/logo\/image\/"},"sameAs":["https:\/\/www.facebook.com\/calzavarasrl","https:\/\/www.instagram.com\/calzavara_herrajes","https:\/\/www.linkedin.com\/company\/calzavara\/","https:\/\/www.youtube.com\/@calzavara3279"]}]}},"jetpack_sharing_enabled":true,"_links":{"self":[{"href":"https:\/\/calzavara.ar\/index.php\/wp-json\/wp\/v2\/product\/15282","targetHints":{"allow":["GET"]}}],"collection":[{"href":"https:\/\/calzavara.ar\/index.php\/wp-json\/wp\/v2\/product"}],"about":[{"href":"https:\/\/calzavara.ar\/index.php\/wp-json\/wp\/v2\/types\/product"}],"wp:featuredmedia":[{"embeddable":true,"href":"https:\/\/calzavara.ar\/index.php\/wp-json\/wp\/v2\/media\/15369"}],"wp:attachment":[{"href":"https:\/\/calzavara.ar\/index.php\/wp-json\/wp\/v2\/media?parent=15282"}],"wp:term":[{"taxonomy":"product_brand","embeddable":true,"href":"https:\/\/calzavara.ar\/index.php\/wp-json\/wp\/v2\/product_brand?post=15282"},{"taxonomy":"product_cat","embeddable":true,"href":"https:\/\/calzavara.ar\/index.php\/wp-json\/wp\/v2\/product_cat?post=15282"},{"taxonomy":"product_tag","embeddable":true,"href":"https:\/\/calzavara.ar\/index.php\/wp-json\/wp\/v2\/product_tag?post=15282"}],"curies":[{"name":"wp","href":"https:\/\/api.w.org\/{rel}","templated":true}]}}