{"id":15270,"date":"2025-09-01T11:39:01","date_gmt":"2025-09-01T14:39:01","guid":{"rendered":"https:\/\/calzavara.ar\/index.php\/producto\/tirador-acero-inoxidable-pulido-para-mampara-de-bano\/"},"modified":"2026-01-19T08:43:44","modified_gmt":"2026-01-19T11:43:44","slug":"tirador-acero-inoxidable-pulido-para-mampara-de-bano","status":"publish","type":"product","link":"https:\/\/calzavara.ar\/index.php\/producto\/tirador-acero-inoxidable-pulido-para-mampara-de-bano\/","title":{"rendered":"Tirador Acero Inoxidable Pulido Para Mampara De Ba\u00f1o"},"content":{"rendered":"<p>Tirador cil\u00edndrico para mampara de ba\u00f1o. Este tirador dise\u00f1ado con estilo minimalista, esta construido de acero inoxidable, otorg\u00e1ndole propiedades anticorrosivas excelentes. Su superficie pulida a espejo le da un toque distintivo y elegante a su ba\u00f1o.<\/p>\n<p>Dimensiones:<br \/>\nLargo de tirador exterior: 25 mm<br \/>\nLargo tirador interior: 10 mm<br \/>\nDi\u00e1metro: 20 mm<\/p>\n<p>El kit incluye un tirador para poner de un lado de la puerta y otro del otro. Para espesores de puerta como m\u00e1ximo 15 mm.<\/p>\n","protected":false},"excerpt":{"rendered":"<p>Tirador cil\u00edndrico para mampara de ba\u00f1o. Este tirador dise\u00f1ado con estilo minimalista, esta construido de acero inoxidable, otorg\u00e1ndole propiedades anticorrosivas<\/p>\n","protected":false},"featured_media":0,"template":"","meta":[],"product_brand":[],"product_cat":[15],"product_tag":[],"class_list":{"0":"post-15270","1":"product","2":"type-product","3":"status-publish","5":"product_cat-sin-categorizar","7":"first","8":"instock","9":"taxable","10":"shipping-taxable","11":"purchasable","12":"product-type-simple"},"yoast_head":"<!-- This site is optimized with the Yoast SEO plugin v27.3 - https:\/\/yoast.com\/product\/yoast-seo-wordpress\/ -->\n<title>Tirador Acero Inoxidable Pulido Para Mampara De Ba\u00f1o - CALZAVARA<\/title>\n<meta name=\"robots\" content=\"index, follow, max-snippet:-1, max-image-preview:large, max-video-preview:-1\" \/>\n<link rel=\"canonical\" href=\"https:\/\/calzavara.ar\/index.php\/producto\/tirador-acero-inoxidable-pulido-para-mampara-de-bano\/\" \/>\n<meta property=\"og:locale\" content=\"es_ES\" \/>\n<meta property=\"og:type\" content=\"article\" \/>\n<meta property=\"og:title\" content=\"Tirador Acero Inoxidable Pulido Para Mampara De Ba\u00f1o - CALZAVARA\" \/>\n<meta property=\"og:description\" content=\"Tirador cil\u00edndrico para mampara de ba\u00f1o. Este tirador dise\u00f1ado con estilo minimalista, esta construido de acero inoxidable, otorg\u00e1ndole propiedades anticorrosivas\" \/>\n<meta property=\"og:url\" content=\"https:\/\/calzavara.ar\/index.php\/producto\/tirador-acero-inoxidable-pulido-para-mampara-de-bano\/\" \/>\n<meta property=\"og:site_name\" content=\"CALZAVARA\" \/>\n<meta property=\"article:publisher\" content=\"https:\/\/www.facebook.com\/calzavarasrl\" \/>\n<meta property=\"article:modified_time\" content=\"2026-01-19T11:43:44+00:00\" \/>\n<meta name=\"twitter:card\" content=\"summary_large_image\" \/>\n<script type=\"application\/ld+json\" class=\"yoast-schema-graph\">{\"@context\":\"https:\\\/\\\/schema.org\",\"@graph\":[{\"@type\":\"WebPage\",\"@id\":\"https:\\\/\\\/calzavara.ar\\\/index.php\\\/producto\\\/tirador-acero-inoxidable-pulido-para-mampara-de-bano\\\/\",\"url\":\"https:\\\/\\\/calzavara.ar\\\/index.php\\\/producto\\\/tirador-acero-inoxidable-pulido-para-mampara-de-bano\\\/\",\"name\":\"Tirador Acero Inoxidable Pulido Para Mampara De Ba\u00f1o - CALZAVARA\",\"isPartOf\":{\"@id\":\"https:\\\/\\\/calzavara.ar\\\/#website\"},\"datePublished\":\"2025-09-01T14:39:01+00:00\",\"dateModified\":\"2026-01-19T11:43:44+00:00\",\"breadcrumb\":{\"@id\":\"https:\\\/\\\/calzavara.ar\\\/index.php\\\/producto\\\/tirador-acero-inoxidable-pulido-para-mampara-de-bano\\\/#breadcrumb\"},\"inLanguage\":\"es\",\"potentialAction\":[{\"@type\":\"ReadAction\",\"target\":[\"https:\\\/\\\/calzavara.ar\\\/index.php\\\/producto\\\/tirador-acero-inoxidable-pulido-para-mampara-de-bano\\\/\"]}]},{\"@type\":\"BreadcrumbList\",\"@id\":\"https:\\\/\\\/calzavara.ar\\\/index.php\\\/producto\\\/tirador-acero-inoxidable-pulido-para-mampara-de-bano\\\/#breadcrumb\",\"itemListElement\":[{\"@type\":\"ListItem\",\"position\":1,\"name\":\"Portada\",\"item\":\"https:\\\/\\\/calzavara.ar\\\/\"},{\"@type\":\"ListItem\",\"position\":2,\"name\":\"Tienda\",\"item\":\"https:\\\/\\\/calzavara.ar\\\/index.php\\\/tienda\\\/\"},{\"@type\":\"ListItem\",\"position\":3,\"name\":\"Tirador Acero Inoxidable Pulido Para Mampara De Ba\u00f1o\"}]},{\"@type\":\"WebSite\",\"@id\":\"https:\\\/\\\/calzavara.ar\\\/#website\",\"url\":\"https:\\\/\\\/calzavara.ar\\\/\",\"name\":\"CALZAVARA\",\"description\":\"Tienda Oficial CALZAVARA\",\"publisher\":{\"@id\":\"https:\\\/\\\/calzavara.ar\\\/#organization\"},\"potentialAction\":[{\"@type\":\"SearchAction\",\"target\":{\"@type\":\"EntryPoint\",\"urlTemplate\":\"https:\\\/\\\/calzavara.ar\\\/?s={search_term_string}\"},\"query-input\":{\"@type\":\"PropertyValueSpecification\",\"valueRequired\":true,\"valueName\":\"search_term_string\"}}],\"inLanguage\":\"es\"},{\"@type\":\"Organization\",\"@id\":\"https:\\\/\\\/calzavara.ar\\\/#organization\",\"name\":\"CALZAVARA\",\"url\":\"https:\\\/\\\/calzavara.ar\\\/\",\"logo\":{\"@type\":\"ImageObject\",\"inLanguage\":\"es\",\"@id\":\"https:\\\/\\\/calzavara.ar\\\/#\\\/schema\\\/logo\\\/image\\\/\",\"url\":\"https:\\\/\\\/calzavara.ar\\\/wp-content\\\/uploads\\\/2025\\\/05\\\/CalzaLogoRedes.jpg\",\"contentUrl\":\"https:\\\/\\\/calzavara.ar\\\/wp-content\\\/uploads\\\/2025\\\/05\\\/CalzaLogoRedes.jpg\",\"width\":640,\"height\":640,\"caption\":\"CALZAVARA\"},\"image\":{\"@id\":\"https:\\\/\\\/calzavara.ar\\\/#\\\/schema\\\/logo\\\/image\\\/\"},\"sameAs\":[\"https:\\\/\\\/www.facebook.com\\\/calzavarasrl\",\"https:\\\/\\\/www.instagram.com\\\/calzavara_herrajes\",\"https:\\\/\\\/www.linkedin.com\\\/company\\\/calzavara\\\/\",\"https:\\\/\\\/www.youtube.com\\\/@calzavara3279\"]}]}<\/script>\n<!-- \/ Yoast SEO plugin. -->","yoast_head_json":{"title":"Tirador Acero Inoxidable Pulido Para Mampara De Ba\u00f1o - CALZAVARA","robots":{"index":"index","follow":"follow","max-snippet":"max-snippet:-1","max-image-preview":"max-image-preview:large","max-video-preview":"max-video-preview:-1"},"canonical":"https:\/\/calzavara.ar\/index.php\/producto\/tirador-acero-inoxidable-pulido-para-mampara-de-bano\/","og_locale":"es_ES","og_type":"article","og_title":"Tirador Acero Inoxidable Pulido Para Mampara De Ba\u00f1o - CALZAVARA","og_description":"Tirador cil\u00edndrico para mampara de ba\u00f1o. Este tirador dise\u00f1ado con estilo minimalista, esta construido de acero inoxidable, otorg\u00e1ndole propiedades anticorrosivas","og_url":"https:\/\/calzavara.ar\/index.php\/producto\/tirador-acero-inoxidable-pulido-para-mampara-de-bano\/","og_site_name":"CALZAVARA","article_publisher":"https:\/\/www.facebook.com\/calzavarasrl","article_modified_time":"2026-01-19T11:43:44+00:00","twitter_card":"summary_large_image","schema":{"@context":"https:\/\/schema.org","@graph":[{"@type":"WebPage","@id":"https:\/\/calzavara.ar\/index.php\/producto\/tirador-acero-inoxidable-pulido-para-mampara-de-bano\/","url":"https:\/\/calzavara.ar\/index.php\/producto\/tirador-acero-inoxidable-pulido-para-mampara-de-bano\/","name":"Tirador Acero Inoxidable Pulido Para Mampara De Ba\u00f1o - CALZAVARA","isPartOf":{"@id":"https:\/\/calzavara.ar\/#website"},"datePublished":"2025-09-01T14:39:01+00:00","dateModified":"2026-01-19T11:43:44+00:00","breadcrumb":{"@id":"https:\/\/calzavara.ar\/index.php\/producto\/tirador-acero-inoxidable-pulido-para-mampara-de-bano\/#breadcrumb"},"inLanguage":"es","potentialAction":[{"@type":"ReadAction","target":["https:\/\/calzavara.ar\/index.php\/producto\/tirador-acero-inoxidable-pulido-para-mampara-de-bano\/"]}]},{"@type":"BreadcrumbList","@id":"https:\/\/calzavara.ar\/index.php\/producto\/tirador-acero-inoxidable-pulido-para-mampara-de-bano\/#breadcrumb","itemListElement":[{"@type":"ListItem","position":1,"name":"Portada","item":"https:\/\/calzavara.ar\/"},{"@type":"ListItem","position":2,"name":"Tienda","item":"https:\/\/calzavara.ar\/index.php\/tienda\/"},{"@type":"ListItem","position":3,"name":"Tirador Acero Inoxidable Pulido Para Mampara De Ba\u00f1o"}]},{"@type":"WebSite","@id":"https:\/\/calzavara.ar\/#website","url":"https:\/\/calzavara.ar\/","name":"CALZAVARA","description":"Tienda Oficial CALZAVARA","publisher":{"@id":"https:\/\/calzavara.ar\/#organization"},"potentialAction":[{"@type":"SearchAction","target":{"@type":"EntryPoint","urlTemplate":"https:\/\/calzavara.ar\/?s={search_term_string}"},"query-input":{"@type":"PropertyValueSpecification","valueRequired":true,"valueName":"search_term_string"}}],"inLanguage":"es"},{"@type":"Organization","@id":"https:\/\/calzavara.ar\/#organization","name":"CALZAVARA","url":"https:\/\/calzavara.ar\/","logo":{"@type":"ImageObject","inLanguage":"es","@id":"https:\/\/calzavara.ar\/#\/schema\/logo\/image\/","url":"https:\/\/calzavara.ar\/wp-content\/uploads\/2025\/05\/CalzaLogoRedes.jpg","contentUrl":"https:\/\/calzavara.ar\/wp-content\/uploads\/2025\/05\/CalzaLogoRedes.jpg","width":640,"height":640,"caption":"CALZAVARA"},"image":{"@id":"https:\/\/calzavara.ar\/#\/schema\/logo\/image\/"},"sameAs":["https:\/\/www.facebook.com\/calzavarasrl","https:\/\/www.instagram.com\/calzavara_herrajes","https:\/\/www.linkedin.com\/company\/calzavara\/","https:\/\/www.youtube.com\/@calzavara3279"]}]}},"jetpack_sharing_enabled":true,"_links":{"self":[{"href":"https:\/\/calzavara.ar\/index.php\/wp-json\/wp\/v2\/product\/15270","targetHints":{"allow":["GET"]}}],"collection":[{"href":"https:\/\/calzavara.ar\/index.php\/wp-json\/wp\/v2\/product"}],"about":[{"href":"https:\/\/calzavara.ar\/index.php\/wp-json\/wp\/v2\/types\/product"}],"wp:attachment":[{"href":"https:\/\/calzavara.ar\/index.php\/wp-json\/wp\/v2\/media?parent=15270"}],"wp:term":[{"taxonomy":"product_brand","embeddable":true,"href":"https:\/\/calzavara.ar\/index.php\/wp-json\/wp\/v2\/product_brand?post=15270"},{"taxonomy":"product_cat","embeddable":true,"href":"https:\/\/calzavara.ar\/index.php\/wp-json\/wp\/v2\/product_cat?post=15270"},{"taxonomy":"product_tag","embeddable":true,"href":"https:\/\/calzavara.ar\/index.php\/wp-json\/wp\/v2\/product_tag?post=15270"}],"curies":[{"name":"wp","href":"https:\/\/api.w.org\/{rel}","templated":true}]}}