{"id":15267,"date":"2025-09-01T11:39:00","date_gmt":"2025-09-01T14:39:00","guid":{"rendered":"https:\/\/calzavara.ar\/index.php\/producto\/burletes-para-puertas-y-ventanas-qbo-tipo-e-ahorro-energia-2\/"},"modified":"2026-01-19T08:43:44","modified_gmt":"2026-01-19T11:43:44","slug":"burletes-para-puertas-y-ventanas-qbo-tipo-e-ahorro-energia-2","status":"publish","type":"product","link":"https:\/\/calzavara.ar\/index.php\/producto\/burletes-para-puertas-y-ventanas-qbo-tipo-e-ahorro-energia-2\/","title":{"rendered":"Burletes Para Puertas Y Ventanas QBO Tipo E Ahorro Energ\u00eda"},"content":{"rendered":"<p>Burlete para puertas y ventanas marca QBO Tipo E. La publicaci\u00f3n incluye dos tiras de burlete de 3 metros de largo pegada una al lado de la otra. El burlete se puede poner doble o se puede cortar por el labio que los une y ponerlo simple y obtener los 6 metros que indican. Caracter\u00edsticas: &#8211; Impide el paso del viento, polvo y ruidos del exterior- Reduce los gastos de calefacci\u00f3n y refrigeraci\u00f3n- Evita vibraciones entre marcos y ventanas- Previene filtraciones (lluvia\/humedad)Colores-Blanco-Marr\u00f3nIMPORTANTE!: AL COMPRAR INDICAR LOS COLORES QUE NECESITA DE BURLETES!! CASO CONTRARIO ENVIAREMOS EL COLOR QUE TENGAMOS MAS EN STOCK. <\/p>\n","protected":false},"excerpt":{"rendered":"<p>Burlete para puertas y ventanas marca QBO Tipo E. La publicaci\u00f3n incluye dos tiras de burlete de 3 metros de<\/p>\n","protected":false},"featured_media":15360,"template":"","meta":[],"product_brand":[],"product_cat":[15],"product_tag":[],"class_list":{"0":"post-15267","1":"product","2":"type-product","3":"status-publish","4":"has-post-thumbnail","6":"product_cat-sin-categorizar","8":"first","9":"instock","10":"taxable","11":"shipping-taxable","12":"purchasable","13":"product-type-simple"},"yoast_head":"<!-- This site is optimized with the Yoast SEO plugin v27.3 - https:\/\/yoast.com\/product\/yoast-seo-wordpress\/ -->\n<title>Burletes Para Puertas Y Ventanas QBO Tipo E Ahorro Energ\u00eda - CALZAVARA<\/title>\n<meta name=\"robots\" content=\"index, follow, max-snippet:-1, max-image-preview:large, max-video-preview:-1\" \/>\n<link rel=\"canonical\" href=\"https:\/\/calzavara.ar\/index.php\/producto\/burletes-para-puertas-y-ventanas-qbo-tipo-e-ahorro-energia-2\/\" \/>\n<meta property=\"og:locale\" content=\"es_ES\" \/>\n<meta property=\"og:type\" content=\"article\" \/>\n<meta property=\"og:title\" content=\"Burletes Para Puertas Y Ventanas QBO Tipo E Ahorro Energ\u00eda - CALZAVARA\" \/>\n<meta property=\"og:description\" content=\"Burlete para puertas y ventanas marca QBO Tipo E. La publicaci\u00f3n incluye dos tiras de burlete de 3 metros de\" \/>\n<meta property=\"og:url\" content=\"https:\/\/calzavara.ar\/index.php\/producto\/burletes-para-puertas-y-ventanas-qbo-tipo-e-ahorro-energia-2\/\" \/>\n<meta property=\"og:site_name\" content=\"CALZAVARA\" \/>\n<meta property=\"article:publisher\" content=\"https:\/\/www.facebook.com\/calzavarasrl\" \/>\n<meta property=\"article:modified_time\" content=\"2026-01-19T11:43:44+00:00\" \/>\n<meta name=\"twitter:card\" content=\"summary_large_image\" \/>\n<meta name=\"twitter:label1\" content=\"Tiempo de lectura\" \/>\n\t<meta name=\"twitter:data1\" content=\"1 minuto\" \/>\n<script type=\"application\/ld+json\" class=\"yoast-schema-graph\">{\"@context\":\"https:\\\/\\\/schema.org\",\"@graph\":[{\"@type\":\"WebPage\",\"@id\":\"https:\\\/\\\/calzavara.ar\\\/index.php\\\/producto\\\/burletes-para-puertas-y-ventanas-qbo-tipo-e-ahorro-energia-2\\\/\",\"url\":\"https:\\\/\\\/calzavara.ar\\\/index.php\\\/producto\\\/burletes-para-puertas-y-ventanas-qbo-tipo-e-ahorro-energia-2\\\/\",\"name\":\"Burletes Para Puertas Y Ventanas QBO Tipo E Ahorro Energ\u00eda - CALZAVARA\",\"isPartOf\":{\"@id\":\"https:\\\/\\\/calzavara.ar\\\/#website\"},\"primaryImageOfPage\":{\"@id\":\"https:\\\/\\\/calzavara.ar\\\/index.php\\\/producto\\\/burletes-para-puertas-y-ventanas-qbo-tipo-e-ahorro-energia-2\\\/#primaryimage\"},\"image\":{\"@id\":\"https:\\\/\\\/calzavara.ar\\\/index.php\\\/producto\\\/burletes-para-puertas-y-ventanas-qbo-tipo-e-ahorro-energia-2\\\/#primaryimage\"},\"thumbnailUrl\":\"https:\\\/\\\/calzavara.ar\\\/wp-content\\\/uploads\\\/2025\\\/09\\\/90370.jpg\",\"datePublished\":\"2025-09-01T14:39:00+00:00\",\"dateModified\":\"2026-01-19T11:43:44+00:00\",\"breadcrumb\":{\"@id\":\"https:\\\/\\\/calzavara.ar\\\/index.php\\\/producto\\\/burletes-para-puertas-y-ventanas-qbo-tipo-e-ahorro-energia-2\\\/#breadcrumb\"},\"inLanguage\":\"es\",\"potentialAction\":[{\"@type\":\"ReadAction\",\"target\":[\"https:\\\/\\\/calzavara.ar\\\/index.php\\\/producto\\\/burletes-para-puertas-y-ventanas-qbo-tipo-e-ahorro-energia-2\\\/\"]}]},{\"@type\":\"ImageObject\",\"inLanguage\":\"es\",\"@id\":\"https:\\\/\\\/calzavara.ar\\\/index.php\\\/producto\\\/burletes-para-puertas-y-ventanas-qbo-tipo-e-ahorro-energia-2\\\/#primaryimage\",\"url\":\"https:\\\/\\\/calzavara.ar\\\/wp-content\\\/uploads\\\/2025\\\/09\\\/90370.jpg\",\"contentUrl\":\"https:\\\/\\\/calzavara.ar\\\/wp-content\\\/uploads\\\/2025\\\/09\\\/90370.jpg\",\"width\":640,\"height\":533},{\"@type\":\"BreadcrumbList\",\"@id\":\"https:\\\/\\\/calzavara.ar\\\/index.php\\\/producto\\\/burletes-para-puertas-y-ventanas-qbo-tipo-e-ahorro-energia-2\\\/#breadcrumb\",\"itemListElement\":[{\"@type\":\"ListItem\",\"position\":1,\"name\":\"Portada\",\"item\":\"https:\\\/\\\/calzavara.ar\\\/\"},{\"@type\":\"ListItem\",\"position\":2,\"name\":\"Tienda\",\"item\":\"https:\\\/\\\/calzavara.ar\\\/index.php\\\/tienda\\\/\"},{\"@type\":\"ListItem\",\"position\":3,\"name\":\"Burletes Para Puertas Y Ventanas QBO Tipo E Ahorro Energ\u00eda\"}]},{\"@type\":\"WebSite\",\"@id\":\"https:\\\/\\\/calzavara.ar\\\/#website\",\"url\":\"https:\\\/\\\/calzavara.ar\\\/\",\"name\":\"CALZAVARA\",\"description\":\"Tienda Oficial CALZAVARA\",\"publisher\":{\"@id\":\"https:\\\/\\\/calzavara.ar\\\/#organization\"},\"potentialAction\":[{\"@type\":\"SearchAction\",\"target\":{\"@type\":\"EntryPoint\",\"urlTemplate\":\"https:\\\/\\\/calzavara.ar\\\/?s={search_term_string}\"},\"query-input\":{\"@type\":\"PropertyValueSpecification\",\"valueRequired\":true,\"valueName\":\"search_term_string\"}}],\"inLanguage\":\"es\"},{\"@type\":\"Organization\",\"@id\":\"https:\\\/\\\/calzavara.ar\\\/#organization\",\"name\":\"CALZAVARA\",\"url\":\"https:\\\/\\\/calzavara.ar\\\/\",\"logo\":{\"@type\":\"ImageObject\",\"inLanguage\":\"es\",\"@id\":\"https:\\\/\\\/calzavara.ar\\\/#\\\/schema\\\/logo\\\/image\\\/\",\"url\":\"https:\\\/\\\/calzavara.ar\\\/wp-content\\\/uploads\\\/2025\\\/05\\\/CalzaLogoRedes.jpg\",\"contentUrl\":\"https:\\\/\\\/calzavara.ar\\\/wp-content\\\/uploads\\\/2025\\\/05\\\/CalzaLogoRedes.jpg\",\"width\":640,\"height\":640,\"caption\":\"CALZAVARA\"},\"image\":{\"@id\":\"https:\\\/\\\/calzavara.ar\\\/#\\\/schema\\\/logo\\\/image\\\/\"},\"sameAs\":[\"https:\\\/\\\/www.facebook.com\\\/calzavarasrl\",\"https:\\\/\\\/www.instagram.com\\\/calzavara_herrajes\",\"https:\\\/\\\/www.linkedin.com\\\/company\\\/calzavara\\\/\",\"https:\\\/\\\/www.youtube.com\\\/@calzavara3279\"]}]}<\/script>\n<!-- \/ Yoast SEO plugin. -->","yoast_head_json":{"title":"Burletes Para Puertas Y Ventanas QBO Tipo E Ahorro Energ\u00eda - CALZAVARA","robots":{"index":"index","follow":"follow","max-snippet":"max-snippet:-1","max-image-preview":"max-image-preview:large","max-video-preview":"max-video-preview:-1"},"canonical":"https:\/\/calzavara.ar\/index.php\/producto\/burletes-para-puertas-y-ventanas-qbo-tipo-e-ahorro-energia-2\/","og_locale":"es_ES","og_type":"article","og_title":"Burletes Para Puertas Y Ventanas QBO Tipo E Ahorro Energ\u00eda - CALZAVARA","og_description":"Burlete para puertas y ventanas marca QBO Tipo E. La publicaci\u00f3n incluye dos tiras de burlete de 3 metros de","og_url":"https:\/\/calzavara.ar\/index.php\/producto\/burletes-para-puertas-y-ventanas-qbo-tipo-e-ahorro-energia-2\/","og_site_name":"CALZAVARA","article_publisher":"https:\/\/www.facebook.com\/calzavarasrl","article_modified_time":"2026-01-19T11:43:44+00:00","twitter_card":"summary_large_image","twitter_misc":{"Tiempo de lectura":"1 minuto"},"schema":{"@context":"https:\/\/schema.org","@graph":[{"@type":"WebPage","@id":"https:\/\/calzavara.ar\/index.php\/producto\/burletes-para-puertas-y-ventanas-qbo-tipo-e-ahorro-energia-2\/","url":"https:\/\/calzavara.ar\/index.php\/producto\/burletes-para-puertas-y-ventanas-qbo-tipo-e-ahorro-energia-2\/","name":"Burletes Para Puertas Y Ventanas QBO Tipo E Ahorro Energ\u00eda - CALZAVARA","isPartOf":{"@id":"https:\/\/calzavara.ar\/#website"},"primaryImageOfPage":{"@id":"https:\/\/calzavara.ar\/index.php\/producto\/burletes-para-puertas-y-ventanas-qbo-tipo-e-ahorro-energia-2\/#primaryimage"},"image":{"@id":"https:\/\/calzavara.ar\/index.php\/producto\/burletes-para-puertas-y-ventanas-qbo-tipo-e-ahorro-energia-2\/#primaryimage"},"thumbnailUrl":"https:\/\/calzavara.ar\/wp-content\/uploads\/2025\/09\/90370.jpg","datePublished":"2025-09-01T14:39:00+00:00","dateModified":"2026-01-19T11:43:44+00:00","breadcrumb":{"@id":"https:\/\/calzavara.ar\/index.php\/producto\/burletes-para-puertas-y-ventanas-qbo-tipo-e-ahorro-energia-2\/#breadcrumb"},"inLanguage":"es","potentialAction":[{"@type":"ReadAction","target":["https:\/\/calzavara.ar\/index.php\/producto\/burletes-para-puertas-y-ventanas-qbo-tipo-e-ahorro-energia-2\/"]}]},{"@type":"ImageObject","inLanguage":"es","@id":"https:\/\/calzavara.ar\/index.php\/producto\/burletes-para-puertas-y-ventanas-qbo-tipo-e-ahorro-energia-2\/#primaryimage","url":"https:\/\/calzavara.ar\/wp-content\/uploads\/2025\/09\/90370.jpg","contentUrl":"https:\/\/calzavara.ar\/wp-content\/uploads\/2025\/09\/90370.jpg","width":640,"height":533},{"@type":"BreadcrumbList","@id":"https:\/\/calzavara.ar\/index.php\/producto\/burletes-para-puertas-y-ventanas-qbo-tipo-e-ahorro-energia-2\/#breadcrumb","itemListElement":[{"@type":"ListItem","position":1,"name":"Portada","item":"https:\/\/calzavara.ar\/"},{"@type":"ListItem","position":2,"name":"Tienda","item":"https:\/\/calzavara.ar\/index.php\/tienda\/"},{"@type":"ListItem","position":3,"name":"Burletes Para Puertas Y Ventanas QBO Tipo E Ahorro Energ\u00eda"}]},{"@type":"WebSite","@id":"https:\/\/calzavara.ar\/#website","url":"https:\/\/calzavara.ar\/","name":"CALZAVARA","description":"Tienda Oficial CALZAVARA","publisher":{"@id":"https:\/\/calzavara.ar\/#organization"},"potentialAction":[{"@type":"SearchAction","target":{"@type":"EntryPoint","urlTemplate":"https:\/\/calzavara.ar\/?s={search_term_string}"},"query-input":{"@type":"PropertyValueSpecification","valueRequired":true,"valueName":"search_term_string"}}],"inLanguage":"es"},{"@type":"Organization","@id":"https:\/\/calzavara.ar\/#organization","name":"CALZAVARA","url":"https:\/\/calzavara.ar\/","logo":{"@type":"ImageObject","inLanguage":"es","@id":"https:\/\/calzavara.ar\/#\/schema\/logo\/image\/","url":"https:\/\/calzavara.ar\/wp-content\/uploads\/2025\/05\/CalzaLogoRedes.jpg","contentUrl":"https:\/\/calzavara.ar\/wp-content\/uploads\/2025\/05\/CalzaLogoRedes.jpg","width":640,"height":640,"caption":"CALZAVARA"},"image":{"@id":"https:\/\/calzavara.ar\/#\/schema\/logo\/image\/"},"sameAs":["https:\/\/www.facebook.com\/calzavarasrl","https:\/\/www.instagram.com\/calzavara_herrajes","https:\/\/www.linkedin.com\/company\/calzavara\/","https:\/\/www.youtube.com\/@calzavara3279"]}]}},"jetpack_sharing_enabled":true,"_links":{"self":[{"href":"https:\/\/calzavara.ar\/index.php\/wp-json\/wp\/v2\/product\/15267","targetHints":{"allow":["GET"]}}],"collection":[{"href":"https:\/\/calzavara.ar\/index.php\/wp-json\/wp\/v2\/product"}],"about":[{"href":"https:\/\/calzavara.ar\/index.php\/wp-json\/wp\/v2\/types\/product"}],"wp:featuredmedia":[{"embeddable":true,"href":"https:\/\/calzavara.ar\/index.php\/wp-json\/wp\/v2\/media\/15360"}],"wp:attachment":[{"href":"https:\/\/calzavara.ar\/index.php\/wp-json\/wp\/v2\/media?parent=15267"}],"wp:term":[{"taxonomy":"product_brand","embeddable":true,"href":"https:\/\/calzavara.ar\/index.php\/wp-json\/wp\/v2\/product_brand?post=15267"},{"taxonomy":"product_cat","embeddable":true,"href":"https:\/\/calzavara.ar\/index.php\/wp-json\/wp\/v2\/product_cat?post=15267"},{"taxonomy":"product_tag","embeddable":true,"href":"https:\/\/calzavara.ar\/index.php\/wp-json\/wp\/v2\/product_tag?post=15267"}],"curies":[{"name":"wp","href":"https:\/\/api.w.org\/{rel}","templated":true}]}}