{"id":15264,"date":"2025-09-01T11:38:59","date_gmt":"2025-09-01T14:38:59","guid":{"rendered":"https:\/\/calzavara.ar\/index.php\/producto\/piston-a-gas-elevador-de-puerta-80-n-2\/"},"modified":"2026-01-29T12:15:02","modified_gmt":"2026-01-29T15:15:02","slug":"piston-a-gas-elevador-de-puerta-80-n-2","status":"publish","type":"product","link":"https:\/\/calzavara.ar\/index.php\/producto\/piston-a-gas-elevador-de-puerta-80-n-2\/","title":{"rendered":"Pist\u00f3n A Gas &#8211; Elevador De Puerta 80 N"},"content":{"rendered":"<p>Pist\u00f3n a gas para puertas de alacena para cocinas o muebles. Permite que la puerta de su alacena no caiga por su propio peso. De simple colocaci\u00f3n, excelente calidad y terminaci\u00f3n, su sistema de apertura lenta lo hace uno de los mejores opciones en le mercado. Por favor al momento de realizar la compra seleccionar correctamente la potencia de cada pist\u00f3n. La tabla de pesos admitidos se puede ver en la ultima foto. Para anchos de puertas superiores a 60 cm se recomienda fuertemente usar 2 pistones en vez de uno solo. Largo del pist\u00f3n. (estirado): 247 mmIncluye: Kit de instalaci\u00f3n + peque\u00f1o manual.La publicaci\u00f3n es por un solo pist\u00f3n.<\/p>\n","protected":false},"excerpt":{"rendered":"<p>Pist\u00f3n a gas para puertas de alacena para cocinas o muebles. Permite que la puerta de su alacena no caiga<\/p>\n","protected":false},"featured_media":15357,"template":"","meta":[],"product_brand":[],"product_cat":[15],"product_tag":[],"class_list":{"0":"post-15264","1":"product","2":"type-product","3":"status-publish","4":"has-post-thumbnail","6":"product_cat-sin-categorizar","8":"first","9":"outofstock","10":"taxable","11":"shipping-taxable","12":"purchasable","13":"product-type-simple"},"yoast_head":"<!-- This site is optimized with the Yoast SEO plugin v27.3 - https:\/\/yoast.com\/product\/yoast-seo-wordpress\/ -->\n<title>Pist\u00f3n A Gas - Elevador De Puerta 80 N - CALZAVARA<\/title>\n<meta name=\"robots\" content=\"index, follow, max-snippet:-1, max-image-preview:large, max-video-preview:-1\" \/>\n<link rel=\"canonical\" href=\"https:\/\/calzavara.ar\/index.php\/producto\/piston-a-gas-elevador-de-puerta-80-n-2\/\" \/>\n<meta property=\"og:locale\" content=\"es_ES\" \/>\n<meta property=\"og:type\" content=\"article\" \/>\n<meta property=\"og:title\" content=\"Pist\u00f3n A Gas - Elevador De Puerta 80 N - CALZAVARA\" \/>\n<meta property=\"og:description\" content=\"Pist\u00f3n a gas para puertas de alacena para cocinas o muebles. Permite que la puerta de su alacena no caiga\" \/>\n<meta property=\"og:url\" content=\"https:\/\/calzavara.ar\/index.php\/producto\/piston-a-gas-elevador-de-puerta-80-n-2\/\" \/>\n<meta property=\"og:site_name\" content=\"CALZAVARA\" \/>\n<meta property=\"article:publisher\" content=\"https:\/\/www.facebook.com\/calzavarasrl\" \/>\n<meta property=\"article:modified_time\" content=\"2026-01-29T15:15:02+00:00\" \/>\n<meta property=\"og:image\" content=\"https:\/\/calzavara.ar\/wp-content\/uploads\/2025\/09\/90352.jpg\" \/>\n\t<meta property=\"og:image:width\" content=\"640\" \/>\n\t<meta property=\"og:image:height\" content=\"427\" \/>\n\t<meta property=\"og:image:type\" content=\"image\/jpeg\" \/>\n<meta name=\"twitter:card\" content=\"summary_large_image\" \/>\n<meta name=\"twitter:label1\" content=\"Tiempo de lectura\" \/>\n\t<meta name=\"twitter:data1\" content=\"1 minuto\" \/>\n<script type=\"application\/ld+json\" class=\"yoast-schema-graph\">{\"@context\":\"https:\\\/\\\/schema.org\",\"@graph\":[{\"@type\":\"WebPage\",\"@id\":\"https:\\\/\\\/calzavara.ar\\\/index.php\\\/producto\\\/piston-a-gas-elevador-de-puerta-80-n-2\\\/\",\"url\":\"https:\\\/\\\/calzavara.ar\\\/index.php\\\/producto\\\/piston-a-gas-elevador-de-puerta-80-n-2\\\/\",\"name\":\"Pist\u00f3n A Gas - Elevador De Puerta 80 N - CALZAVARA\",\"isPartOf\":{\"@id\":\"https:\\\/\\\/calzavara.ar\\\/#website\"},\"primaryImageOfPage\":{\"@id\":\"https:\\\/\\\/calzavara.ar\\\/index.php\\\/producto\\\/piston-a-gas-elevador-de-puerta-80-n-2\\\/#primaryimage\"},\"image\":{\"@id\":\"https:\\\/\\\/calzavara.ar\\\/index.php\\\/producto\\\/piston-a-gas-elevador-de-puerta-80-n-2\\\/#primaryimage\"},\"thumbnailUrl\":\"https:\\\/\\\/calzavara.ar\\\/wp-content\\\/uploads\\\/2025\\\/09\\\/90352.jpg\",\"datePublished\":\"2025-09-01T14:38:59+00:00\",\"dateModified\":\"2026-01-29T15:15:02+00:00\",\"breadcrumb\":{\"@id\":\"https:\\\/\\\/calzavara.ar\\\/index.php\\\/producto\\\/piston-a-gas-elevador-de-puerta-80-n-2\\\/#breadcrumb\"},\"inLanguage\":\"es\",\"potentialAction\":[{\"@type\":\"ReadAction\",\"target\":[\"https:\\\/\\\/calzavara.ar\\\/index.php\\\/producto\\\/piston-a-gas-elevador-de-puerta-80-n-2\\\/\"]}]},{\"@type\":\"ImageObject\",\"inLanguage\":\"es\",\"@id\":\"https:\\\/\\\/calzavara.ar\\\/index.php\\\/producto\\\/piston-a-gas-elevador-de-puerta-80-n-2\\\/#primaryimage\",\"url\":\"https:\\\/\\\/calzavara.ar\\\/wp-content\\\/uploads\\\/2025\\\/09\\\/90352.jpg\",\"contentUrl\":\"https:\\\/\\\/calzavara.ar\\\/wp-content\\\/uploads\\\/2025\\\/09\\\/90352.jpg\",\"width\":640,\"height\":427},{\"@type\":\"BreadcrumbList\",\"@id\":\"https:\\\/\\\/calzavara.ar\\\/index.php\\\/producto\\\/piston-a-gas-elevador-de-puerta-80-n-2\\\/#breadcrumb\",\"itemListElement\":[{\"@type\":\"ListItem\",\"position\":1,\"name\":\"Portada\",\"item\":\"https:\\\/\\\/calzavara.ar\\\/\"},{\"@type\":\"ListItem\",\"position\":2,\"name\":\"Tienda\",\"item\":\"https:\\\/\\\/calzavara.ar\\\/index.php\\\/tienda\\\/\"},{\"@type\":\"ListItem\",\"position\":3,\"name\":\"Pist\u00f3n A Gas &#8211; Elevador De Puerta 80 N\"}]},{\"@type\":\"WebSite\",\"@id\":\"https:\\\/\\\/calzavara.ar\\\/#website\",\"url\":\"https:\\\/\\\/calzavara.ar\\\/\",\"name\":\"CALZAVARA\",\"description\":\"Tienda Oficial CALZAVARA\",\"publisher\":{\"@id\":\"https:\\\/\\\/calzavara.ar\\\/#organization\"},\"potentialAction\":[{\"@type\":\"SearchAction\",\"target\":{\"@type\":\"EntryPoint\",\"urlTemplate\":\"https:\\\/\\\/calzavara.ar\\\/?s={search_term_string}\"},\"query-input\":{\"@type\":\"PropertyValueSpecification\",\"valueRequired\":true,\"valueName\":\"search_term_string\"}}],\"inLanguage\":\"es\"},{\"@type\":\"Organization\",\"@id\":\"https:\\\/\\\/calzavara.ar\\\/#organization\",\"name\":\"CALZAVARA\",\"url\":\"https:\\\/\\\/calzavara.ar\\\/\",\"logo\":{\"@type\":\"ImageObject\",\"inLanguage\":\"es\",\"@id\":\"https:\\\/\\\/calzavara.ar\\\/#\\\/schema\\\/logo\\\/image\\\/\",\"url\":\"https:\\\/\\\/calzavara.ar\\\/wp-content\\\/uploads\\\/2025\\\/05\\\/CalzaLogoRedes.jpg\",\"contentUrl\":\"https:\\\/\\\/calzavara.ar\\\/wp-content\\\/uploads\\\/2025\\\/05\\\/CalzaLogoRedes.jpg\",\"width\":640,\"height\":640,\"caption\":\"CALZAVARA\"},\"image\":{\"@id\":\"https:\\\/\\\/calzavara.ar\\\/#\\\/schema\\\/logo\\\/image\\\/\"},\"sameAs\":[\"https:\\\/\\\/www.facebook.com\\\/calzavarasrl\",\"https:\\\/\\\/www.instagram.com\\\/calzavara_herrajes\",\"https:\\\/\\\/www.linkedin.com\\\/company\\\/calzavara\\\/\",\"https:\\\/\\\/www.youtube.com\\\/@calzavara3279\"]}]}<\/script>\n<!-- \/ Yoast SEO plugin. -->","yoast_head_json":{"title":"Pist\u00f3n A Gas - Elevador De Puerta 80 N - CALZAVARA","robots":{"index":"index","follow":"follow","max-snippet":"max-snippet:-1","max-image-preview":"max-image-preview:large","max-video-preview":"max-video-preview:-1"},"canonical":"https:\/\/calzavara.ar\/index.php\/producto\/piston-a-gas-elevador-de-puerta-80-n-2\/","og_locale":"es_ES","og_type":"article","og_title":"Pist\u00f3n A Gas - Elevador De Puerta 80 N - CALZAVARA","og_description":"Pist\u00f3n a gas para puertas de alacena para cocinas o muebles. Permite que la puerta de su alacena no caiga","og_url":"https:\/\/calzavara.ar\/index.php\/producto\/piston-a-gas-elevador-de-puerta-80-n-2\/","og_site_name":"CALZAVARA","article_publisher":"https:\/\/www.facebook.com\/calzavarasrl","article_modified_time":"2026-01-29T15:15:02+00:00","og_image":[{"width":640,"height":427,"url":"https:\/\/calzavara.ar\/wp-content\/uploads\/2025\/09\/90352.jpg","type":"image\/jpeg"}],"twitter_card":"summary_large_image","twitter_misc":{"Tiempo de lectura":"1 minuto"},"schema":{"@context":"https:\/\/schema.org","@graph":[{"@type":"WebPage","@id":"https:\/\/calzavara.ar\/index.php\/producto\/piston-a-gas-elevador-de-puerta-80-n-2\/","url":"https:\/\/calzavara.ar\/index.php\/producto\/piston-a-gas-elevador-de-puerta-80-n-2\/","name":"Pist\u00f3n A Gas - Elevador De Puerta 80 N - CALZAVARA","isPartOf":{"@id":"https:\/\/calzavara.ar\/#website"},"primaryImageOfPage":{"@id":"https:\/\/calzavara.ar\/index.php\/producto\/piston-a-gas-elevador-de-puerta-80-n-2\/#primaryimage"},"image":{"@id":"https:\/\/calzavara.ar\/index.php\/producto\/piston-a-gas-elevador-de-puerta-80-n-2\/#primaryimage"},"thumbnailUrl":"https:\/\/calzavara.ar\/wp-content\/uploads\/2025\/09\/90352.jpg","datePublished":"2025-09-01T14:38:59+00:00","dateModified":"2026-01-29T15:15:02+00:00","breadcrumb":{"@id":"https:\/\/calzavara.ar\/index.php\/producto\/piston-a-gas-elevador-de-puerta-80-n-2\/#breadcrumb"},"inLanguage":"es","potentialAction":[{"@type":"ReadAction","target":["https:\/\/calzavara.ar\/index.php\/producto\/piston-a-gas-elevador-de-puerta-80-n-2\/"]}]},{"@type":"ImageObject","inLanguage":"es","@id":"https:\/\/calzavara.ar\/index.php\/producto\/piston-a-gas-elevador-de-puerta-80-n-2\/#primaryimage","url":"https:\/\/calzavara.ar\/wp-content\/uploads\/2025\/09\/90352.jpg","contentUrl":"https:\/\/calzavara.ar\/wp-content\/uploads\/2025\/09\/90352.jpg","width":640,"height":427},{"@type":"BreadcrumbList","@id":"https:\/\/calzavara.ar\/index.php\/producto\/piston-a-gas-elevador-de-puerta-80-n-2\/#breadcrumb","itemListElement":[{"@type":"ListItem","position":1,"name":"Portada","item":"https:\/\/calzavara.ar\/"},{"@type":"ListItem","position":2,"name":"Tienda","item":"https:\/\/calzavara.ar\/index.php\/tienda\/"},{"@type":"ListItem","position":3,"name":"Pist\u00f3n A Gas &#8211; Elevador De Puerta 80 N"}]},{"@type":"WebSite","@id":"https:\/\/calzavara.ar\/#website","url":"https:\/\/calzavara.ar\/","name":"CALZAVARA","description":"Tienda Oficial CALZAVARA","publisher":{"@id":"https:\/\/calzavara.ar\/#organization"},"potentialAction":[{"@type":"SearchAction","target":{"@type":"EntryPoint","urlTemplate":"https:\/\/calzavara.ar\/?s={search_term_string}"},"query-input":{"@type":"PropertyValueSpecification","valueRequired":true,"valueName":"search_term_string"}}],"inLanguage":"es"},{"@type":"Organization","@id":"https:\/\/calzavara.ar\/#organization","name":"CALZAVARA","url":"https:\/\/calzavara.ar\/","logo":{"@type":"ImageObject","inLanguage":"es","@id":"https:\/\/calzavara.ar\/#\/schema\/logo\/image\/","url":"https:\/\/calzavara.ar\/wp-content\/uploads\/2025\/05\/CalzaLogoRedes.jpg","contentUrl":"https:\/\/calzavara.ar\/wp-content\/uploads\/2025\/05\/CalzaLogoRedes.jpg","width":640,"height":640,"caption":"CALZAVARA"},"image":{"@id":"https:\/\/calzavara.ar\/#\/schema\/logo\/image\/"},"sameAs":["https:\/\/www.facebook.com\/calzavarasrl","https:\/\/www.instagram.com\/calzavara_herrajes","https:\/\/www.linkedin.com\/company\/calzavara\/","https:\/\/www.youtube.com\/@calzavara3279"]}]}},"jetpack_sharing_enabled":true,"_links":{"self":[{"href":"https:\/\/calzavara.ar\/index.php\/wp-json\/wp\/v2\/product\/15264","targetHints":{"allow":["GET"]}}],"collection":[{"href":"https:\/\/calzavara.ar\/index.php\/wp-json\/wp\/v2\/product"}],"about":[{"href":"https:\/\/calzavara.ar\/index.php\/wp-json\/wp\/v2\/types\/product"}],"wp:featuredmedia":[{"embeddable":true,"href":"https:\/\/calzavara.ar\/index.php\/wp-json\/wp\/v2\/media\/15357"}],"wp:attachment":[{"href":"https:\/\/calzavara.ar\/index.php\/wp-json\/wp\/v2\/media?parent=15264"}],"wp:term":[{"taxonomy":"product_brand","embeddable":true,"href":"https:\/\/calzavara.ar\/index.php\/wp-json\/wp\/v2\/product_brand?post=15264"},{"taxonomy":"product_cat","embeddable":true,"href":"https:\/\/calzavara.ar\/index.php\/wp-json\/wp\/v2\/product_cat?post=15264"},{"taxonomy":"product_tag","embeddable":true,"href":"https:\/\/calzavara.ar\/index.php\/wp-json\/wp\/v2\/product_tag?post=15264"}],"curies":[{"name":"wp","href":"https:\/\/api.w.org\/{rel}","templated":true}]}}