{"id":15246,"date":"2025-09-01T11:38:51","date_gmt":"2025-09-01T14:38:51","guid":{"rendered":"https:\/\/calzavara.ar\/index.php\/producto\/tejido-mosquitero-de-aluminio-090x30-metros-rollo-completo\/"},"modified":"2026-01-19T12:07:45","modified_gmt":"2026-01-19T15:07:45","slug":"tejido-mosquitero-de-aluminio-090x30-metros-rollo-completo","status":"publish","type":"product","link":"https:\/\/calzavara.ar\/index.php\/producto\/tejido-mosquitero-de-aluminio-090x30-metros-rollo-completo\/","title":{"rendered":"Tejido Mosquitero De Aluminio 0,90&#215;30 Metros Rollo Completo"},"content":{"rendered":"<p>Tejido mosquitero para la protecci\u00f3n de tu hogar hacia insectos y roedores. Construido de Aluminio de alta resistencia asegura buena resistencia mec\u00e1nica como tambi\u00e9n hacia el ambiente ( NO se oxida jam\u00e1s!)\u2013 Color Mate\u2013 Trama: 18\u00d716\u2013 Di\u00e1metro de alambre: 0.01 = 0.254 mmTama\u00f1o 0.9 metros de ancho x 30 metros de largo.TEJIDO MOSQUITERO DE ALUMINIO PARA ABERTURASTambi\u00e9n enviamos por Transporte Y Cadete (cadete dentro de Rosario)<\/p>\n","protected":false},"excerpt":{"rendered":"<p>Tejido mosquitero para la protecci\u00f3n de tu hogar hacia insectos y roedores. Construido de Aluminio de alta resistencia asegura buena<\/p>\n","protected":false},"featured_media":15339,"template":"","meta":[],"product_brand":[],"product_cat":[15],"product_tag":[],"class_list":{"0":"post-15246","1":"product","2":"type-product","3":"status-publish","4":"has-post-thumbnail","6":"product_cat-sin-categorizar","8":"first","9":"instock","10":"sale","11":"taxable","12":"shipping-taxable","13":"purchasable","14":"product-type-simple"},"yoast_head":"<!-- This site is optimized with the Yoast SEO plugin v27.3 - https:\/\/yoast.com\/product\/yoast-seo-wordpress\/ -->\n<title>Tejido Mosquitero De Aluminio 0,90x30 Metros Rollo Completo - CALZAVARA<\/title>\n<meta name=\"robots\" content=\"index, follow, max-snippet:-1, max-image-preview:large, max-video-preview:-1\" \/>\n<link rel=\"canonical\" href=\"https:\/\/calzavara.ar\/index.php\/producto\/tejido-mosquitero-de-aluminio-090x30-metros-rollo-completo\/\" \/>\n<meta property=\"og:locale\" content=\"es_ES\" \/>\n<meta property=\"og:type\" content=\"article\" \/>\n<meta property=\"og:title\" content=\"Tejido Mosquitero De Aluminio 0,90x30 Metros Rollo Completo - CALZAVARA\" \/>\n<meta property=\"og:description\" content=\"Tejido mosquitero para la protecci\u00f3n de tu hogar hacia insectos y roedores. Construido de Aluminio de alta resistencia asegura buena\" \/>\n<meta property=\"og:url\" content=\"https:\/\/calzavara.ar\/index.php\/producto\/tejido-mosquitero-de-aluminio-090x30-metros-rollo-completo\/\" \/>\n<meta property=\"og:site_name\" content=\"CALZAVARA\" \/>\n<meta property=\"article:publisher\" content=\"https:\/\/www.facebook.com\/calzavarasrl\" \/>\n<meta property=\"article:modified_time\" content=\"2026-01-19T15:07:45+00:00\" \/>\n<meta property=\"og:image\" content=\"https:\/\/calzavara.ar\/wp-content\/uploads\/2025\/09\/90271.jpg\" \/>\n\t<meta property=\"og:image:width\" content=\"640\" \/>\n\t<meta property=\"og:image:height\" content=\"480\" \/>\n\t<meta property=\"og:image:type\" content=\"image\/jpeg\" \/>\n<meta name=\"twitter:card\" content=\"summary_large_image\" \/>\n<script type=\"application\/ld+json\" class=\"yoast-schema-graph\">{\"@context\":\"https:\\\/\\\/schema.org\",\"@graph\":[{\"@type\":\"WebPage\",\"@id\":\"https:\\\/\\\/calzavara.ar\\\/index.php\\\/producto\\\/tejido-mosquitero-de-aluminio-090x30-metros-rollo-completo\\\/\",\"url\":\"https:\\\/\\\/calzavara.ar\\\/index.php\\\/producto\\\/tejido-mosquitero-de-aluminio-090x30-metros-rollo-completo\\\/\",\"name\":\"Tejido Mosquitero De Aluminio 0,90x30 Metros Rollo Completo - CALZAVARA\",\"isPartOf\":{\"@id\":\"https:\\\/\\\/calzavara.ar\\\/#website\"},\"primaryImageOfPage\":{\"@id\":\"https:\\\/\\\/calzavara.ar\\\/index.php\\\/producto\\\/tejido-mosquitero-de-aluminio-090x30-metros-rollo-completo\\\/#primaryimage\"},\"image\":{\"@id\":\"https:\\\/\\\/calzavara.ar\\\/index.php\\\/producto\\\/tejido-mosquitero-de-aluminio-090x30-metros-rollo-completo\\\/#primaryimage\"},\"thumbnailUrl\":\"https:\\\/\\\/calzavara.ar\\\/wp-content\\\/uploads\\\/2025\\\/09\\\/90271.jpg\",\"datePublished\":\"2025-09-01T14:38:51+00:00\",\"dateModified\":\"2026-01-19T15:07:45+00:00\",\"breadcrumb\":{\"@id\":\"https:\\\/\\\/calzavara.ar\\\/index.php\\\/producto\\\/tejido-mosquitero-de-aluminio-090x30-metros-rollo-completo\\\/#breadcrumb\"},\"inLanguage\":\"es\",\"potentialAction\":[{\"@type\":\"ReadAction\",\"target\":[\"https:\\\/\\\/calzavara.ar\\\/index.php\\\/producto\\\/tejido-mosquitero-de-aluminio-090x30-metros-rollo-completo\\\/\"]}]},{\"@type\":\"ImageObject\",\"inLanguage\":\"es\",\"@id\":\"https:\\\/\\\/calzavara.ar\\\/index.php\\\/producto\\\/tejido-mosquitero-de-aluminio-090x30-metros-rollo-completo\\\/#primaryimage\",\"url\":\"https:\\\/\\\/calzavara.ar\\\/wp-content\\\/uploads\\\/2025\\\/09\\\/90271.jpg\",\"contentUrl\":\"https:\\\/\\\/calzavara.ar\\\/wp-content\\\/uploads\\\/2025\\\/09\\\/90271.jpg\",\"width\":640,\"height\":480},{\"@type\":\"BreadcrumbList\",\"@id\":\"https:\\\/\\\/calzavara.ar\\\/index.php\\\/producto\\\/tejido-mosquitero-de-aluminio-090x30-metros-rollo-completo\\\/#breadcrumb\",\"itemListElement\":[{\"@type\":\"ListItem\",\"position\":1,\"name\":\"Portada\",\"item\":\"https:\\\/\\\/calzavara.ar\\\/\"},{\"@type\":\"ListItem\",\"position\":2,\"name\":\"Tienda\",\"item\":\"https:\\\/\\\/calzavara.ar\\\/index.php\\\/tienda\\\/\"},{\"@type\":\"ListItem\",\"position\":3,\"name\":\"Tejido Mosquitero De Aluminio 0,90&#215;30 Metros Rollo Completo\"}]},{\"@type\":\"WebSite\",\"@id\":\"https:\\\/\\\/calzavara.ar\\\/#website\",\"url\":\"https:\\\/\\\/calzavara.ar\\\/\",\"name\":\"CALZAVARA\",\"description\":\"Tienda Oficial CALZAVARA\",\"publisher\":{\"@id\":\"https:\\\/\\\/calzavara.ar\\\/#organization\"},\"potentialAction\":[{\"@type\":\"SearchAction\",\"target\":{\"@type\":\"EntryPoint\",\"urlTemplate\":\"https:\\\/\\\/calzavara.ar\\\/?s={search_term_string}\"},\"query-input\":{\"@type\":\"PropertyValueSpecification\",\"valueRequired\":true,\"valueName\":\"search_term_string\"}}],\"inLanguage\":\"es\"},{\"@type\":\"Organization\",\"@id\":\"https:\\\/\\\/calzavara.ar\\\/#organization\",\"name\":\"CALZAVARA\",\"url\":\"https:\\\/\\\/calzavara.ar\\\/\",\"logo\":{\"@type\":\"ImageObject\",\"inLanguage\":\"es\",\"@id\":\"https:\\\/\\\/calzavara.ar\\\/#\\\/schema\\\/logo\\\/image\\\/\",\"url\":\"https:\\\/\\\/calzavara.ar\\\/wp-content\\\/uploads\\\/2025\\\/05\\\/CalzaLogoRedes.jpg\",\"contentUrl\":\"https:\\\/\\\/calzavara.ar\\\/wp-content\\\/uploads\\\/2025\\\/05\\\/CalzaLogoRedes.jpg\",\"width\":640,\"height\":640,\"caption\":\"CALZAVARA\"},\"image\":{\"@id\":\"https:\\\/\\\/calzavara.ar\\\/#\\\/schema\\\/logo\\\/image\\\/\"},\"sameAs\":[\"https:\\\/\\\/www.facebook.com\\\/calzavarasrl\",\"https:\\\/\\\/www.instagram.com\\\/calzavara_herrajes\",\"https:\\\/\\\/www.linkedin.com\\\/company\\\/calzavara\\\/\",\"https:\\\/\\\/www.youtube.com\\\/@calzavara3279\"]}]}<\/script>\n<!-- \/ Yoast SEO plugin. -->","yoast_head_json":{"title":"Tejido Mosquitero De Aluminio 0,90x30 Metros Rollo Completo - CALZAVARA","robots":{"index":"index","follow":"follow","max-snippet":"max-snippet:-1","max-image-preview":"max-image-preview:large","max-video-preview":"max-video-preview:-1"},"canonical":"https:\/\/calzavara.ar\/index.php\/producto\/tejido-mosquitero-de-aluminio-090x30-metros-rollo-completo\/","og_locale":"es_ES","og_type":"article","og_title":"Tejido Mosquitero De Aluminio 0,90x30 Metros Rollo Completo - CALZAVARA","og_description":"Tejido mosquitero para la protecci\u00f3n de tu hogar hacia insectos y roedores. Construido de Aluminio de alta resistencia asegura buena","og_url":"https:\/\/calzavara.ar\/index.php\/producto\/tejido-mosquitero-de-aluminio-090x30-metros-rollo-completo\/","og_site_name":"CALZAVARA","article_publisher":"https:\/\/www.facebook.com\/calzavarasrl","article_modified_time":"2026-01-19T15:07:45+00:00","og_image":[{"width":640,"height":480,"url":"https:\/\/calzavara.ar\/wp-content\/uploads\/2025\/09\/90271.jpg","type":"image\/jpeg"}],"twitter_card":"summary_large_image","schema":{"@context":"https:\/\/schema.org","@graph":[{"@type":"WebPage","@id":"https:\/\/calzavara.ar\/index.php\/producto\/tejido-mosquitero-de-aluminio-090x30-metros-rollo-completo\/","url":"https:\/\/calzavara.ar\/index.php\/producto\/tejido-mosquitero-de-aluminio-090x30-metros-rollo-completo\/","name":"Tejido Mosquitero De Aluminio 0,90x30 Metros Rollo Completo - CALZAVARA","isPartOf":{"@id":"https:\/\/calzavara.ar\/#website"},"primaryImageOfPage":{"@id":"https:\/\/calzavara.ar\/index.php\/producto\/tejido-mosquitero-de-aluminio-090x30-metros-rollo-completo\/#primaryimage"},"image":{"@id":"https:\/\/calzavara.ar\/index.php\/producto\/tejido-mosquitero-de-aluminio-090x30-metros-rollo-completo\/#primaryimage"},"thumbnailUrl":"https:\/\/calzavara.ar\/wp-content\/uploads\/2025\/09\/90271.jpg","datePublished":"2025-09-01T14:38:51+00:00","dateModified":"2026-01-19T15:07:45+00:00","breadcrumb":{"@id":"https:\/\/calzavara.ar\/index.php\/producto\/tejido-mosquitero-de-aluminio-090x30-metros-rollo-completo\/#breadcrumb"},"inLanguage":"es","potentialAction":[{"@type":"ReadAction","target":["https:\/\/calzavara.ar\/index.php\/producto\/tejido-mosquitero-de-aluminio-090x30-metros-rollo-completo\/"]}]},{"@type":"ImageObject","inLanguage":"es","@id":"https:\/\/calzavara.ar\/index.php\/producto\/tejido-mosquitero-de-aluminio-090x30-metros-rollo-completo\/#primaryimage","url":"https:\/\/calzavara.ar\/wp-content\/uploads\/2025\/09\/90271.jpg","contentUrl":"https:\/\/calzavara.ar\/wp-content\/uploads\/2025\/09\/90271.jpg","width":640,"height":480},{"@type":"BreadcrumbList","@id":"https:\/\/calzavara.ar\/index.php\/producto\/tejido-mosquitero-de-aluminio-090x30-metros-rollo-completo\/#breadcrumb","itemListElement":[{"@type":"ListItem","position":1,"name":"Portada","item":"https:\/\/calzavara.ar\/"},{"@type":"ListItem","position":2,"name":"Tienda","item":"https:\/\/calzavara.ar\/index.php\/tienda\/"},{"@type":"ListItem","position":3,"name":"Tejido Mosquitero De Aluminio 0,90&#215;30 Metros Rollo Completo"}]},{"@type":"WebSite","@id":"https:\/\/calzavara.ar\/#website","url":"https:\/\/calzavara.ar\/","name":"CALZAVARA","description":"Tienda Oficial CALZAVARA","publisher":{"@id":"https:\/\/calzavara.ar\/#organization"},"potentialAction":[{"@type":"SearchAction","target":{"@type":"EntryPoint","urlTemplate":"https:\/\/calzavara.ar\/?s={search_term_string}"},"query-input":{"@type":"PropertyValueSpecification","valueRequired":true,"valueName":"search_term_string"}}],"inLanguage":"es"},{"@type":"Organization","@id":"https:\/\/calzavara.ar\/#organization","name":"CALZAVARA","url":"https:\/\/calzavara.ar\/","logo":{"@type":"ImageObject","inLanguage":"es","@id":"https:\/\/calzavara.ar\/#\/schema\/logo\/image\/","url":"https:\/\/calzavara.ar\/wp-content\/uploads\/2025\/05\/CalzaLogoRedes.jpg","contentUrl":"https:\/\/calzavara.ar\/wp-content\/uploads\/2025\/05\/CalzaLogoRedes.jpg","width":640,"height":640,"caption":"CALZAVARA"},"image":{"@id":"https:\/\/calzavara.ar\/#\/schema\/logo\/image\/"},"sameAs":["https:\/\/www.facebook.com\/calzavarasrl","https:\/\/www.instagram.com\/calzavara_herrajes","https:\/\/www.linkedin.com\/company\/calzavara\/","https:\/\/www.youtube.com\/@calzavara3279"]}]}},"jetpack_sharing_enabled":true,"_links":{"self":[{"href":"https:\/\/calzavara.ar\/index.php\/wp-json\/wp\/v2\/product\/15246","targetHints":{"allow":["GET"]}}],"collection":[{"href":"https:\/\/calzavara.ar\/index.php\/wp-json\/wp\/v2\/product"}],"about":[{"href":"https:\/\/calzavara.ar\/index.php\/wp-json\/wp\/v2\/types\/product"}],"wp:featuredmedia":[{"embeddable":true,"href":"https:\/\/calzavara.ar\/index.php\/wp-json\/wp\/v2\/media\/15339"}],"wp:attachment":[{"href":"https:\/\/calzavara.ar\/index.php\/wp-json\/wp\/v2\/media?parent=15246"}],"wp:term":[{"taxonomy":"product_brand","embeddable":true,"href":"https:\/\/calzavara.ar\/index.php\/wp-json\/wp\/v2\/product_brand?post=15246"},{"taxonomy":"product_cat","embeddable":true,"href":"https:\/\/calzavara.ar\/index.php\/wp-json\/wp\/v2\/product_cat?post=15246"},{"taxonomy":"product_tag","embeddable":true,"href":"https:\/\/calzavara.ar\/index.php\/wp-json\/wp\/v2\/product_tag?post=15246"}],"curies":[{"name":"wp","href":"https:\/\/api.w.org\/{rel}","templated":true}]}}