{"id":15222,"date":"2025-09-01T11:38:41","date_gmt":"2025-09-01T14:38:41","guid":{"rendered":"https:\/\/calzavara.ar\/index.php\/producto\/tecla-3-puntos-automatizacion-inalambrica-para-motor-cortina\/"},"modified":"2026-01-19T08:43:37","modified_gmt":"2026-01-19T11:43:37","slug":"tecla-3-puntos-automatizacion-inalambrica-para-motor-cortina","status":"publish","type":"product","link":"https:\/\/calzavara.ar\/index.php\/producto\/tecla-3-puntos-automatizacion-inalambrica-para-motor-cortina\/","title":{"rendered":"Tecla 3 Puntos Automatizaci\u00f3n Inal\u00e1mbrica Para Motor Cortina"},"content":{"rendered":"<p>Tecla de 3 puntos con conexi\u00f3n Inal\u00e1mbrica para subir, bajar y parar en cualquier posici\u00f3n su cortina \/ persiana el\u00e9ctrica. De muy f\u00e1cil instalaci\u00f3n y manejo con un solo toque puede subir y bajar su cortina.INCLUYE MANUAL DE INSTALACI\u00d3N Y CONFIGURACI\u00d3N DE LOS CONTROLES DENTRO DE LA CAJA.Existen dos controles compatibles con este modelo y lo proveemos nosotros.Control Emisor FS05H: Compatible con 5 cortinasControl Emisor FS04H: Compatible con 2 cortinas Voltajes \/ Voltage230V\/50Hz &#8211; 220V\/50Hz &#8211; 110V-60Hz\u00bf Cuantos Emisores se pueden grabar ?Se pueden almacenar 15 transmisores diferentes\u00bf Cualquier control puede activar la central ?No, solo los emisores que su frecuencia fue grabada anteriormente.Esto ofrece una M\u00e1xima seguridad ya que cada frecuencia es \u00fanica.<\/p>\n","protected":false},"excerpt":{"rendered":"<p>Tecla de 3 puntos con conexi\u00f3n Inal\u00e1mbrica para subir, bajar y parar en cualquier posici\u00f3n su cortina \/ persiana el\u00e9ctrica.<\/p>\n","protected":false},"featured_media":15319,"template":"","meta":[],"product_brand":[],"product_cat":[15],"product_tag":[],"class_list":{"0":"post-15222","1":"product","2":"type-product","3":"status-publish","4":"has-post-thumbnail","6":"product_cat-sin-categorizar","8":"first","9":"instock","10":"taxable","11":"shipping-taxable","12":"purchasable","13":"product-type-simple"},"yoast_head":"<!-- This site is optimized with the Yoast SEO plugin v27.3 - https:\/\/yoast.com\/product\/yoast-seo-wordpress\/ -->\n<title>Tecla 3 Puntos Automatizaci\u00f3n Inal\u00e1mbrica Para Motor Cortina - CALZAVARA<\/title>\n<meta name=\"robots\" content=\"index, follow, max-snippet:-1, max-image-preview:large, max-video-preview:-1\" \/>\n<link rel=\"canonical\" href=\"https:\/\/calzavara.ar\/index.php\/producto\/tecla-3-puntos-automatizacion-inalambrica-para-motor-cortina\/\" \/>\n<meta property=\"og:locale\" content=\"es_ES\" \/>\n<meta property=\"og:type\" content=\"article\" \/>\n<meta property=\"og:title\" content=\"Tecla 3 Puntos Automatizaci\u00f3n Inal\u00e1mbrica Para Motor Cortina - CALZAVARA\" \/>\n<meta property=\"og:description\" content=\"Tecla de 3 puntos con conexi\u00f3n Inal\u00e1mbrica para subir, bajar y parar en cualquier posici\u00f3n su cortina \/ persiana el\u00e9ctrica.\" \/>\n<meta property=\"og:url\" content=\"https:\/\/calzavara.ar\/index.php\/producto\/tecla-3-puntos-automatizacion-inalambrica-para-motor-cortina\/\" \/>\n<meta property=\"og:site_name\" content=\"CALZAVARA\" \/>\n<meta property=\"article:publisher\" content=\"https:\/\/www.facebook.com\/calzavarasrl\" \/>\n<meta property=\"article:modified_time\" content=\"2026-01-19T11:43:37+00:00\" \/>\n<meta name=\"twitter:card\" content=\"summary_large_image\" \/>\n<meta name=\"twitter:label1\" content=\"Tiempo de lectura\" \/>\n\t<meta name=\"twitter:data1\" content=\"1 minuto\" \/>\n<script type=\"application\/ld+json\" class=\"yoast-schema-graph\">{\"@context\":\"https:\\\/\\\/schema.org\",\"@graph\":[{\"@type\":\"WebPage\",\"@id\":\"https:\\\/\\\/calzavara.ar\\\/index.php\\\/producto\\\/tecla-3-puntos-automatizacion-inalambrica-para-motor-cortina\\\/\",\"url\":\"https:\\\/\\\/calzavara.ar\\\/index.php\\\/producto\\\/tecla-3-puntos-automatizacion-inalambrica-para-motor-cortina\\\/\",\"name\":\"Tecla 3 Puntos Automatizaci\u00f3n Inal\u00e1mbrica Para Motor Cortina - CALZAVARA\",\"isPartOf\":{\"@id\":\"https:\\\/\\\/calzavara.ar\\\/#website\"},\"primaryImageOfPage\":{\"@id\":\"https:\\\/\\\/calzavara.ar\\\/index.php\\\/producto\\\/tecla-3-puntos-automatizacion-inalambrica-para-motor-cortina\\\/#primaryimage\"},\"image\":{\"@id\":\"https:\\\/\\\/calzavara.ar\\\/index.php\\\/producto\\\/tecla-3-puntos-automatizacion-inalambrica-para-motor-cortina\\\/#primaryimage\"},\"thumbnailUrl\":\"https:\\\/\\\/calzavara.ar\\\/wp-content\\\/uploads\\\/2025\\\/09\\\/90117.jpg\",\"datePublished\":\"2025-09-01T14:38:41+00:00\",\"dateModified\":\"2026-01-19T11:43:37+00:00\",\"breadcrumb\":{\"@id\":\"https:\\\/\\\/calzavara.ar\\\/index.php\\\/producto\\\/tecla-3-puntos-automatizacion-inalambrica-para-motor-cortina\\\/#breadcrumb\"},\"inLanguage\":\"es\",\"potentialAction\":[{\"@type\":\"ReadAction\",\"target\":[\"https:\\\/\\\/calzavara.ar\\\/index.php\\\/producto\\\/tecla-3-puntos-automatizacion-inalambrica-para-motor-cortina\\\/\"]}]},{\"@type\":\"ImageObject\",\"inLanguage\":\"es\",\"@id\":\"https:\\\/\\\/calzavara.ar\\\/index.php\\\/producto\\\/tecla-3-puntos-automatizacion-inalambrica-para-motor-cortina\\\/#primaryimage\",\"url\":\"https:\\\/\\\/calzavara.ar\\\/wp-content\\\/uploads\\\/2025\\\/09\\\/90117.jpg\",\"contentUrl\":\"https:\\\/\\\/calzavara.ar\\\/wp-content\\\/uploads\\\/2025\\\/09\\\/90117.jpg\",\"width\":441,\"height\":420},{\"@type\":\"BreadcrumbList\",\"@id\":\"https:\\\/\\\/calzavara.ar\\\/index.php\\\/producto\\\/tecla-3-puntos-automatizacion-inalambrica-para-motor-cortina\\\/#breadcrumb\",\"itemListElement\":[{\"@type\":\"ListItem\",\"position\":1,\"name\":\"Portada\",\"item\":\"https:\\\/\\\/calzavara.ar\\\/\"},{\"@type\":\"ListItem\",\"position\":2,\"name\":\"Tienda\",\"item\":\"https:\\\/\\\/calzavara.ar\\\/index.php\\\/tienda\\\/\"},{\"@type\":\"ListItem\",\"position\":3,\"name\":\"Tecla 3 Puntos Automatizaci\u00f3n Inal\u00e1mbrica Para Motor Cortina\"}]},{\"@type\":\"WebSite\",\"@id\":\"https:\\\/\\\/calzavara.ar\\\/#website\",\"url\":\"https:\\\/\\\/calzavara.ar\\\/\",\"name\":\"CALZAVARA\",\"description\":\"Tienda Oficial CALZAVARA\",\"publisher\":{\"@id\":\"https:\\\/\\\/calzavara.ar\\\/#organization\"},\"potentialAction\":[{\"@type\":\"SearchAction\",\"target\":{\"@type\":\"EntryPoint\",\"urlTemplate\":\"https:\\\/\\\/calzavara.ar\\\/?s={search_term_string}\"},\"query-input\":{\"@type\":\"PropertyValueSpecification\",\"valueRequired\":true,\"valueName\":\"search_term_string\"}}],\"inLanguage\":\"es\"},{\"@type\":\"Organization\",\"@id\":\"https:\\\/\\\/calzavara.ar\\\/#organization\",\"name\":\"CALZAVARA\",\"url\":\"https:\\\/\\\/calzavara.ar\\\/\",\"logo\":{\"@type\":\"ImageObject\",\"inLanguage\":\"es\",\"@id\":\"https:\\\/\\\/calzavara.ar\\\/#\\\/schema\\\/logo\\\/image\\\/\",\"url\":\"https:\\\/\\\/calzavara.ar\\\/wp-content\\\/uploads\\\/2025\\\/05\\\/CalzaLogoRedes.jpg\",\"contentUrl\":\"https:\\\/\\\/calzavara.ar\\\/wp-content\\\/uploads\\\/2025\\\/05\\\/CalzaLogoRedes.jpg\",\"width\":640,\"height\":640,\"caption\":\"CALZAVARA\"},\"image\":{\"@id\":\"https:\\\/\\\/calzavara.ar\\\/#\\\/schema\\\/logo\\\/image\\\/\"},\"sameAs\":[\"https:\\\/\\\/www.facebook.com\\\/calzavarasrl\",\"https:\\\/\\\/www.instagram.com\\\/calzavara_herrajes\",\"https:\\\/\\\/www.linkedin.com\\\/company\\\/calzavara\\\/\",\"https:\\\/\\\/www.youtube.com\\\/@calzavara3279\"]}]}<\/script>\n<!-- \/ Yoast SEO plugin. -->","yoast_head_json":{"title":"Tecla 3 Puntos Automatizaci\u00f3n Inal\u00e1mbrica Para Motor Cortina - CALZAVARA","robots":{"index":"index","follow":"follow","max-snippet":"max-snippet:-1","max-image-preview":"max-image-preview:large","max-video-preview":"max-video-preview:-1"},"canonical":"https:\/\/calzavara.ar\/index.php\/producto\/tecla-3-puntos-automatizacion-inalambrica-para-motor-cortina\/","og_locale":"es_ES","og_type":"article","og_title":"Tecla 3 Puntos Automatizaci\u00f3n Inal\u00e1mbrica Para Motor Cortina - CALZAVARA","og_description":"Tecla de 3 puntos con conexi\u00f3n Inal\u00e1mbrica para subir, bajar y parar en cualquier posici\u00f3n su cortina \/ persiana el\u00e9ctrica.","og_url":"https:\/\/calzavara.ar\/index.php\/producto\/tecla-3-puntos-automatizacion-inalambrica-para-motor-cortina\/","og_site_name":"CALZAVARA","article_publisher":"https:\/\/www.facebook.com\/calzavarasrl","article_modified_time":"2026-01-19T11:43:37+00:00","twitter_card":"summary_large_image","twitter_misc":{"Tiempo de lectura":"1 minuto"},"schema":{"@context":"https:\/\/schema.org","@graph":[{"@type":"WebPage","@id":"https:\/\/calzavara.ar\/index.php\/producto\/tecla-3-puntos-automatizacion-inalambrica-para-motor-cortina\/","url":"https:\/\/calzavara.ar\/index.php\/producto\/tecla-3-puntos-automatizacion-inalambrica-para-motor-cortina\/","name":"Tecla 3 Puntos Automatizaci\u00f3n Inal\u00e1mbrica Para Motor Cortina - CALZAVARA","isPartOf":{"@id":"https:\/\/calzavara.ar\/#website"},"primaryImageOfPage":{"@id":"https:\/\/calzavara.ar\/index.php\/producto\/tecla-3-puntos-automatizacion-inalambrica-para-motor-cortina\/#primaryimage"},"image":{"@id":"https:\/\/calzavara.ar\/index.php\/producto\/tecla-3-puntos-automatizacion-inalambrica-para-motor-cortina\/#primaryimage"},"thumbnailUrl":"https:\/\/calzavara.ar\/wp-content\/uploads\/2025\/09\/90117.jpg","datePublished":"2025-09-01T14:38:41+00:00","dateModified":"2026-01-19T11:43:37+00:00","breadcrumb":{"@id":"https:\/\/calzavara.ar\/index.php\/producto\/tecla-3-puntos-automatizacion-inalambrica-para-motor-cortina\/#breadcrumb"},"inLanguage":"es","potentialAction":[{"@type":"ReadAction","target":["https:\/\/calzavara.ar\/index.php\/producto\/tecla-3-puntos-automatizacion-inalambrica-para-motor-cortina\/"]}]},{"@type":"ImageObject","inLanguage":"es","@id":"https:\/\/calzavara.ar\/index.php\/producto\/tecla-3-puntos-automatizacion-inalambrica-para-motor-cortina\/#primaryimage","url":"https:\/\/calzavara.ar\/wp-content\/uploads\/2025\/09\/90117.jpg","contentUrl":"https:\/\/calzavara.ar\/wp-content\/uploads\/2025\/09\/90117.jpg","width":441,"height":420},{"@type":"BreadcrumbList","@id":"https:\/\/calzavara.ar\/index.php\/producto\/tecla-3-puntos-automatizacion-inalambrica-para-motor-cortina\/#breadcrumb","itemListElement":[{"@type":"ListItem","position":1,"name":"Portada","item":"https:\/\/calzavara.ar\/"},{"@type":"ListItem","position":2,"name":"Tienda","item":"https:\/\/calzavara.ar\/index.php\/tienda\/"},{"@type":"ListItem","position":3,"name":"Tecla 3 Puntos Automatizaci\u00f3n Inal\u00e1mbrica Para Motor Cortina"}]},{"@type":"WebSite","@id":"https:\/\/calzavara.ar\/#website","url":"https:\/\/calzavara.ar\/","name":"CALZAVARA","description":"Tienda Oficial CALZAVARA","publisher":{"@id":"https:\/\/calzavara.ar\/#organization"},"potentialAction":[{"@type":"SearchAction","target":{"@type":"EntryPoint","urlTemplate":"https:\/\/calzavara.ar\/?s={search_term_string}"},"query-input":{"@type":"PropertyValueSpecification","valueRequired":true,"valueName":"search_term_string"}}],"inLanguage":"es"},{"@type":"Organization","@id":"https:\/\/calzavara.ar\/#organization","name":"CALZAVARA","url":"https:\/\/calzavara.ar\/","logo":{"@type":"ImageObject","inLanguage":"es","@id":"https:\/\/calzavara.ar\/#\/schema\/logo\/image\/","url":"https:\/\/calzavara.ar\/wp-content\/uploads\/2025\/05\/CalzaLogoRedes.jpg","contentUrl":"https:\/\/calzavara.ar\/wp-content\/uploads\/2025\/05\/CalzaLogoRedes.jpg","width":640,"height":640,"caption":"CALZAVARA"},"image":{"@id":"https:\/\/calzavara.ar\/#\/schema\/logo\/image\/"},"sameAs":["https:\/\/www.facebook.com\/calzavarasrl","https:\/\/www.instagram.com\/calzavara_herrajes","https:\/\/www.linkedin.com\/company\/calzavara\/","https:\/\/www.youtube.com\/@calzavara3279"]}]}},"jetpack_sharing_enabled":true,"_links":{"self":[{"href":"https:\/\/calzavara.ar\/index.php\/wp-json\/wp\/v2\/product\/15222","targetHints":{"allow":["GET"]}}],"collection":[{"href":"https:\/\/calzavara.ar\/index.php\/wp-json\/wp\/v2\/product"}],"about":[{"href":"https:\/\/calzavara.ar\/index.php\/wp-json\/wp\/v2\/types\/product"}],"wp:featuredmedia":[{"embeddable":true,"href":"https:\/\/calzavara.ar\/index.php\/wp-json\/wp\/v2\/media\/15319"}],"wp:attachment":[{"href":"https:\/\/calzavara.ar\/index.php\/wp-json\/wp\/v2\/media?parent=15222"}],"wp:term":[{"taxonomy":"product_brand","embeddable":true,"href":"https:\/\/calzavara.ar\/index.php\/wp-json\/wp\/v2\/product_brand?post=15222"},{"taxonomy":"product_cat","embeddable":true,"href":"https:\/\/calzavara.ar\/index.php\/wp-json\/wp\/v2\/product_cat?post=15222"},{"taxonomy":"product_tag","embeddable":true,"href":"https:\/\/calzavara.ar\/index.php\/wp-json\/wp\/v2\/product_tag?post=15222"}],"curies":[{"name":"wp","href":"https:\/\/api.w.org\/{rel}","templated":true}]}}