{"id":15179,"date":"2025-08-30T12:12:50","date_gmt":"2025-08-30T15:12:50","guid":{"rendered":"https:\/\/calzavara.ar\/index.php\/producto\/kit-mampara-esquinero-corrediza-p-bano-cromado-vidrio\/"},"modified":"2026-01-19T08:43:33","modified_gmt":"2026-01-19T11:43:33","slug":"kit-mampara-esquinero-corrediza-p-bano-cromado-vidrio","status":"publish","type":"product","link":"https:\/\/calzavara.ar\/index.php\/producto\/kit-mampara-esquinero-corrediza-p-bano-cromado-vidrio\/","title":{"rendered":"Kit Mampara Esquinero Corrediza P\/ba\u00f1o Cromado Vidrio"},"content":{"rendered":"<p>H\u00c1GALO USTED MISMO!!!<br \/>\nHermoso Kit de Mampara corrediza para su ba\u00f1o o abertura a elecci\u00f3n. El kit es muy f\u00e1cil de colocar, en unas pocas horas tendr\u00e1 colocada la mampara y su ba\u00f1o no volver\u00e1 ser el mismo. Todos los elementos del kit construidos en pulido a espejo, que le otorga una perfecta terminaci\u00f3n. El kit va instalado como muestra la imagen adem\u00e1s de llevar un manual que indica la distancias m\u00ednimas entre agujeros del pa\u00f1o fijo y pa\u00f1o m\u00f3vil. NO PEDIR LOS VIDRIOS SIN ANTES CONSULTAR EL MANUAL DE INSTALACI\u00d3N!!<br \/>\nMaterial: Zamak<\/p>\n<p>EL KIT NO INCLUYE VIDRIOS.<\/p>\n<p>El kit incluye:<br \/>\n&#8211; 4 ruedas con ruleman con fijaciones para el pa\u00f1o m\u00f3vil<br \/>\n&#8211; 4 Topes de seguridad para pa\u00f1o m\u00f3vil<br \/>\n&#8211; 2 Fijaciones para ca\u00f1o rectangular a pared<br \/>\n&#8211; 4 Fijaciones de pa\u00f1o fijo a ca\u00f1o rectangular<br \/>\n&#8211; 4 Topes para evitar que el vidrio choque contra la pared<br \/>\n&#8211; 2Cubeta para pa\u00f1o m\u00f3vil para su sujeci\u00f3n<br \/>\n&#8211; 2 Gu\u00eda inferior<br \/>\n&#8211; 1 Esquinero<br \/>\nEl kit NO incluye el ca\u00f1o rectangular de acero inoxidable, LA VENTA DEL MISMO SE COORDINA POR MENSAJE PRIVADO.<br \/>\nEn caso de querer agregar 2 metros de ca\u00f1o rectangular de acero inoxidable debe solicitarlo apenas realice la compra y tiene un costo extra de (ver abajo) y el envio se hace por encomienda a su localidad (pago en destino, es decir usted paga el env\u00edo en su localidad cuando recibe el paquete). (Preguntar por ca\u00f1os mayores a 2 metros)<br \/>\nNO incluye vidrio templados!<\/p>\n","protected":false},"excerpt":{"rendered":"<p>H\u00c1GALO USTED MISMO!!! Hermoso Kit de Mampara corrediza para su ba\u00f1o o abertura a elecci\u00f3n. El kit es muy f\u00e1cil<\/p>\n","protected":false},"featured_media":0,"template":"","meta":[],"product_brand":[],"product_cat":[15],"product_tag":[],"class_list":{"0":"post-15179","1":"product","2":"type-product","3":"status-publish","5":"product_cat-sin-categorizar","7":"first","8":"instock","9":"taxable","10":"shipping-taxable","11":"purchasable","12":"product-type-simple"},"yoast_head":"<!-- This site is optimized with the Yoast SEO plugin v27.3 - https:\/\/yoast.com\/product\/yoast-seo-wordpress\/ -->\n<title>Kit Mampara Esquinero Corrediza P\/ba\u00f1o Cromado Vidrio - CALZAVARA<\/title>\n<meta name=\"robots\" content=\"index, follow, max-snippet:-1, max-image-preview:large, max-video-preview:-1\" \/>\n<link rel=\"canonical\" href=\"https:\/\/calzavara.ar\/index.php\/producto\/kit-mampara-esquinero-corrediza-p-bano-cromado-vidrio\/\" \/>\n<meta property=\"og:locale\" content=\"es_ES\" \/>\n<meta property=\"og:type\" content=\"article\" \/>\n<meta property=\"og:title\" content=\"Kit Mampara Esquinero Corrediza P\/ba\u00f1o Cromado Vidrio - CALZAVARA\" \/>\n<meta property=\"og:description\" content=\"H\u00c1GALO USTED MISMO!!! Hermoso Kit de Mampara corrediza para su ba\u00f1o o abertura a elecci\u00f3n. El kit es muy f\u00e1cil\" \/>\n<meta property=\"og:url\" content=\"https:\/\/calzavara.ar\/index.php\/producto\/kit-mampara-esquinero-corrediza-p-bano-cromado-vidrio\/\" \/>\n<meta property=\"og:site_name\" content=\"CALZAVARA\" \/>\n<meta property=\"article:publisher\" content=\"https:\/\/www.facebook.com\/calzavarasrl\" \/>\n<meta property=\"article:modified_time\" content=\"2026-01-19T11:43:33+00:00\" \/>\n<meta name=\"twitter:card\" content=\"summary_large_image\" \/>\n<meta name=\"twitter:label1\" content=\"Tiempo de lectura\" \/>\n\t<meta name=\"twitter:data1\" content=\"1 minuto\" \/>\n<script type=\"application\/ld+json\" class=\"yoast-schema-graph\">{\"@context\":\"https:\\\/\\\/schema.org\",\"@graph\":[{\"@type\":\"WebPage\",\"@id\":\"https:\\\/\\\/calzavara.ar\\\/index.php\\\/producto\\\/kit-mampara-esquinero-corrediza-p-bano-cromado-vidrio\\\/\",\"url\":\"https:\\\/\\\/calzavara.ar\\\/index.php\\\/producto\\\/kit-mampara-esquinero-corrediza-p-bano-cromado-vidrio\\\/\",\"name\":\"Kit Mampara Esquinero Corrediza P\\\/ba\u00f1o Cromado Vidrio - CALZAVARA\",\"isPartOf\":{\"@id\":\"https:\\\/\\\/calzavara.ar\\\/#website\"},\"datePublished\":\"2025-08-30T15:12:50+00:00\",\"dateModified\":\"2026-01-19T11:43:33+00:00\",\"breadcrumb\":{\"@id\":\"https:\\\/\\\/calzavara.ar\\\/index.php\\\/producto\\\/kit-mampara-esquinero-corrediza-p-bano-cromado-vidrio\\\/#breadcrumb\"},\"inLanguage\":\"es\",\"potentialAction\":[{\"@type\":\"ReadAction\",\"target\":[\"https:\\\/\\\/calzavara.ar\\\/index.php\\\/producto\\\/kit-mampara-esquinero-corrediza-p-bano-cromado-vidrio\\\/\"]}]},{\"@type\":\"BreadcrumbList\",\"@id\":\"https:\\\/\\\/calzavara.ar\\\/index.php\\\/producto\\\/kit-mampara-esquinero-corrediza-p-bano-cromado-vidrio\\\/#breadcrumb\",\"itemListElement\":[{\"@type\":\"ListItem\",\"position\":1,\"name\":\"Portada\",\"item\":\"https:\\\/\\\/calzavara.ar\\\/\"},{\"@type\":\"ListItem\",\"position\":2,\"name\":\"Tienda\",\"item\":\"https:\\\/\\\/calzavara.ar\\\/index.php\\\/tienda\\\/\"},{\"@type\":\"ListItem\",\"position\":3,\"name\":\"Kit Mampara Esquinero Corrediza P\\\/ba\u00f1o Cromado Vidrio\"}]},{\"@type\":\"WebSite\",\"@id\":\"https:\\\/\\\/calzavara.ar\\\/#website\",\"url\":\"https:\\\/\\\/calzavara.ar\\\/\",\"name\":\"CALZAVARA\",\"description\":\"Tienda Oficial CALZAVARA\",\"publisher\":{\"@id\":\"https:\\\/\\\/calzavara.ar\\\/#organization\"},\"potentialAction\":[{\"@type\":\"SearchAction\",\"target\":{\"@type\":\"EntryPoint\",\"urlTemplate\":\"https:\\\/\\\/calzavara.ar\\\/?s={search_term_string}\"},\"query-input\":{\"@type\":\"PropertyValueSpecification\",\"valueRequired\":true,\"valueName\":\"search_term_string\"}}],\"inLanguage\":\"es\"},{\"@type\":\"Organization\",\"@id\":\"https:\\\/\\\/calzavara.ar\\\/#organization\",\"name\":\"CALZAVARA\",\"url\":\"https:\\\/\\\/calzavara.ar\\\/\",\"logo\":{\"@type\":\"ImageObject\",\"inLanguage\":\"es\",\"@id\":\"https:\\\/\\\/calzavara.ar\\\/#\\\/schema\\\/logo\\\/image\\\/\",\"url\":\"https:\\\/\\\/calzavara.ar\\\/wp-content\\\/uploads\\\/2025\\\/05\\\/CalzaLogoRedes.jpg\",\"contentUrl\":\"https:\\\/\\\/calzavara.ar\\\/wp-content\\\/uploads\\\/2025\\\/05\\\/CalzaLogoRedes.jpg\",\"width\":640,\"height\":640,\"caption\":\"CALZAVARA\"},\"image\":{\"@id\":\"https:\\\/\\\/calzavara.ar\\\/#\\\/schema\\\/logo\\\/image\\\/\"},\"sameAs\":[\"https:\\\/\\\/www.facebook.com\\\/calzavarasrl\",\"https:\\\/\\\/www.instagram.com\\\/calzavara_herrajes\",\"https:\\\/\\\/www.linkedin.com\\\/company\\\/calzavara\\\/\",\"https:\\\/\\\/www.youtube.com\\\/@calzavara3279\"]}]}<\/script>\n<!-- \/ Yoast SEO plugin. -->","yoast_head_json":{"title":"Kit Mampara Esquinero Corrediza P\/ba\u00f1o Cromado Vidrio - CALZAVARA","robots":{"index":"index","follow":"follow","max-snippet":"max-snippet:-1","max-image-preview":"max-image-preview:large","max-video-preview":"max-video-preview:-1"},"canonical":"https:\/\/calzavara.ar\/index.php\/producto\/kit-mampara-esquinero-corrediza-p-bano-cromado-vidrio\/","og_locale":"es_ES","og_type":"article","og_title":"Kit Mampara Esquinero Corrediza P\/ba\u00f1o Cromado Vidrio - CALZAVARA","og_description":"H\u00c1GALO USTED MISMO!!! Hermoso Kit de Mampara corrediza para su ba\u00f1o o abertura a elecci\u00f3n. El kit es muy f\u00e1cil","og_url":"https:\/\/calzavara.ar\/index.php\/producto\/kit-mampara-esquinero-corrediza-p-bano-cromado-vidrio\/","og_site_name":"CALZAVARA","article_publisher":"https:\/\/www.facebook.com\/calzavarasrl","article_modified_time":"2026-01-19T11:43:33+00:00","twitter_card":"summary_large_image","twitter_misc":{"Tiempo de lectura":"1 minuto"},"schema":{"@context":"https:\/\/schema.org","@graph":[{"@type":"WebPage","@id":"https:\/\/calzavara.ar\/index.php\/producto\/kit-mampara-esquinero-corrediza-p-bano-cromado-vidrio\/","url":"https:\/\/calzavara.ar\/index.php\/producto\/kit-mampara-esquinero-corrediza-p-bano-cromado-vidrio\/","name":"Kit Mampara Esquinero Corrediza P\/ba\u00f1o Cromado Vidrio - CALZAVARA","isPartOf":{"@id":"https:\/\/calzavara.ar\/#website"},"datePublished":"2025-08-30T15:12:50+00:00","dateModified":"2026-01-19T11:43:33+00:00","breadcrumb":{"@id":"https:\/\/calzavara.ar\/index.php\/producto\/kit-mampara-esquinero-corrediza-p-bano-cromado-vidrio\/#breadcrumb"},"inLanguage":"es","potentialAction":[{"@type":"ReadAction","target":["https:\/\/calzavara.ar\/index.php\/producto\/kit-mampara-esquinero-corrediza-p-bano-cromado-vidrio\/"]}]},{"@type":"BreadcrumbList","@id":"https:\/\/calzavara.ar\/index.php\/producto\/kit-mampara-esquinero-corrediza-p-bano-cromado-vidrio\/#breadcrumb","itemListElement":[{"@type":"ListItem","position":1,"name":"Portada","item":"https:\/\/calzavara.ar\/"},{"@type":"ListItem","position":2,"name":"Tienda","item":"https:\/\/calzavara.ar\/index.php\/tienda\/"},{"@type":"ListItem","position":3,"name":"Kit Mampara Esquinero Corrediza P\/ba\u00f1o Cromado Vidrio"}]},{"@type":"WebSite","@id":"https:\/\/calzavara.ar\/#website","url":"https:\/\/calzavara.ar\/","name":"CALZAVARA","description":"Tienda Oficial CALZAVARA","publisher":{"@id":"https:\/\/calzavara.ar\/#organization"},"potentialAction":[{"@type":"SearchAction","target":{"@type":"EntryPoint","urlTemplate":"https:\/\/calzavara.ar\/?s={search_term_string}"},"query-input":{"@type":"PropertyValueSpecification","valueRequired":true,"valueName":"search_term_string"}}],"inLanguage":"es"},{"@type":"Organization","@id":"https:\/\/calzavara.ar\/#organization","name":"CALZAVARA","url":"https:\/\/calzavara.ar\/","logo":{"@type":"ImageObject","inLanguage":"es","@id":"https:\/\/calzavara.ar\/#\/schema\/logo\/image\/","url":"https:\/\/calzavara.ar\/wp-content\/uploads\/2025\/05\/CalzaLogoRedes.jpg","contentUrl":"https:\/\/calzavara.ar\/wp-content\/uploads\/2025\/05\/CalzaLogoRedes.jpg","width":640,"height":640,"caption":"CALZAVARA"},"image":{"@id":"https:\/\/calzavara.ar\/#\/schema\/logo\/image\/"},"sameAs":["https:\/\/www.facebook.com\/calzavarasrl","https:\/\/www.instagram.com\/calzavara_herrajes","https:\/\/www.linkedin.com\/company\/calzavara\/","https:\/\/www.youtube.com\/@calzavara3279"]}]}},"jetpack_sharing_enabled":true,"_links":{"self":[{"href":"https:\/\/calzavara.ar\/index.php\/wp-json\/wp\/v2\/product\/15179","targetHints":{"allow":["GET"]}}],"collection":[{"href":"https:\/\/calzavara.ar\/index.php\/wp-json\/wp\/v2\/product"}],"about":[{"href":"https:\/\/calzavara.ar\/index.php\/wp-json\/wp\/v2\/types\/product"}],"wp:attachment":[{"href":"https:\/\/calzavara.ar\/index.php\/wp-json\/wp\/v2\/media?parent=15179"}],"wp:term":[{"taxonomy":"product_brand","embeddable":true,"href":"https:\/\/calzavara.ar\/index.php\/wp-json\/wp\/v2\/product_brand?post=15179"},{"taxonomy":"product_cat","embeddable":true,"href":"https:\/\/calzavara.ar\/index.php\/wp-json\/wp\/v2\/product_cat?post=15179"},{"taxonomy":"product_tag","embeddable":true,"href":"https:\/\/calzavara.ar\/index.php\/wp-json\/wp\/v2\/product_tag?post=15179"}],"curies":[{"name":"wp","href":"https:\/\/api.w.org\/{rel}","templated":true}]}}