{"id":15172,"date":"2025-08-30T12:12:48","date_gmt":"2025-08-30T15:12:48","guid":{"rendered":"https:\/\/calzavara.ar\/index.php\/producto\/motor-tubular-cortina-roller-30kg-control-remoto\/"},"modified":"2026-01-19T08:43:33","modified_gmt":"2026-01-19T11:43:33","slug":"motor-tubular-cortina-roller-30kg-control-remoto","status":"publish","type":"product","link":"https:\/\/calzavara.ar\/index.php\/producto\/motor-tubular-cortina-roller-30kg-control-remoto\/","title":{"rendered":"Motor Tubular Cortina Roller &#8211; 30kg &#8211; Control Remoto"},"content":{"rendered":"<p>Motor tubular para automatizar el movimiento de sus persianas ROLLER con un simple toque. Estos motores son suficientemente potentes para levantar una persiana roller de hasta 30 kg (con ca\u00f1o octogonal de 40 mm). F\u00e1cil de colocar y de mec\u00e1nica fiable, se coloca dentro del ca\u00f1o octogonal de su persiana original, no necesita espacio extra para su colocaci\u00f3n y su mantenimiento es m\u00ednimo. Con compatibilidad para un control remoto que puede accionarse desde cualquier punto de su hogar. Consta de un accionamiento manual mec\u00e1nico el cual puede ser usado en casos de emergencia. Potencia 100 W<\/p>\n<p>El kit Incluye:<br \/>\n&#8211; Motor tubular (10 Nm)<br \/>\n&#8211; Control Remoto<br \/>\n&#8211; Fijaci\u00f3n para extremo del motor.<br \/>\n&#8211; Herramienta para modificar el final de carrera<br \/>\n&#8211; Manual para conexi\u00f3n el\u00e9ctrica y gu\u00edas b\u00e1sicas para montaje. <\/p>\n<p>Requisitos del sistema:<br \/>\n&#8211; 220 V<br \/>\n&#8211; Ca\u00f1o octogonal de 40 mm (NO incluido en el kit)<br \/>\n&#8211; Tecla de 3 puntos o Control remoto para accionamiento (el control remoto requiere de una estaci\u00f3n receptora) (NO incluido en el kit)<br \/>\n&#8211; Puntera para extremo donde no va ubicado el motor (NO incluido en el kit)<\/p>\n<p>Montaje de las Cortinas Roller:<br \/>\n&#8211; Fijar la grampa provista con el equipo a la pared, a la altura donde debe quedar el eje, asegur\u00e1ndose de que la cortina quede en el lugar deseado. Caso contrario se producir\u00e1 una fricci\u00f3n que reducir\u00e1 la vida \u00fatil del motor.<br \/>\n&#8211; Medir la distancia entre las grampas para determinar el largo que debe tener el eje ( la cabeza del motor debe quedar fuera del eje)<br \/>\n&#8211; Colocar el eje con el motor, calz\u00e1ndolo de las puntas, en las grampas amuradas o atornilladas a la pared, procurando que queden los tornillos allen, que regulan los finales de carrera, visibles para una sencilla manipulaci\u00f3n.<\/p>\n","protected":false},"excerpt":{"rendered":"<p>Motor tubular para automatizar el movimiento de sus persianas ROLLER con un simple toque. Estos motores son suficientemente potentes para<\/p>\n","protected":false},"featured_media":0,"template":"","meta":[],"product_brand":[],"product_cat":[15],"product_tag":[],"class_list":{"0":"post-15172","1":"product","2":"type-product","3":"status-publish","5":"product_cat-sin-categorizar","7":"first","8":"instock","9":"taxable","10":"shipping-taxable","11":"purchasable","12":"product-type-simple"},"yoast_head":"<!-- This site is optimized with the Yoast SEO plugin v27.3 - https:\/\/yoast.com\/product\/yoast-seo-wordpress\/ -->\n<title>Motor Tubular Cortina Roller - 30kg - Control Remoto - CALZAVARA<\/title>\n<meta name=\"robots\" content=\"index, follow, max-snippet:-1, max-image-preview:large, max-video-preview:-1\" \/>\n<link rel=\"canonical\" href=\"https:\/\/calzavara.ar\/index.php\/producto\/motor-tubular-cortina-roller-30kg-control-remoto\/\" \/>\n<meta property=\"og:locale\" content=\"es_ES\" \/>\n<meta property=\"og:type\" content=\"article\" \/>\n<meta property=\"og:title\" content=\"Motor Tubular Cortina Roller - 30kg - Control Remoto - CALZAVARA\" \/>\n<meta property=\"og:description\" content=\"Motor tubular para automatizar el movimiento de sus persianas ROLLER con un simple toque. Estos motores son suficientemente potentes para\" \/>\n<meta property=\"og:url\" content=\"https:\/\/calzavara.ar\/index.php\/producto\/motor-tubular-cortina-roller-30kg-control-remoto\/\" \/>\n<meta property=\"og:site_name\" content=\"CALZAVARA\" \/>\n<meta property=\"article:publisher\" content=\"https:\/\/www.facebook.com\/calzavarasrl\" \/>\n<meta property=\"article:modified_time\" content=\"2026-01-19T11:43:33+00:00\" \/>\n<meta name=\"twitter:card\" content=\"summary_large_image\" \/>\n<meta name=\"twitter:label1\" content=\"Tiempo de lectura\" \/>\n\t<meta name=\"twitter:data1\" content=\"2 minutos\" \/>\n<script type=\"application\/ld+json\" class=\"yoast-schema-graph\">{\"@context\":\"https:\\\/\\\/schema.org\",\"@graph\":[{\"@type\":\"WebPage\",\"@id\":\"https:\\\/\\\/calzavara.ar\\\/index.php\\\/producto\\\/motor-tubular-cortina-roller-30kg-control-remoto\\\/\",\"url\":\"https:\\\/\\\/calzavara.ar\\\/index.php\\\/producto\\\/motor-tubular-cortina-roller-30kg-control-remoto\\\/\",\"name\":\"Motor Tubular Cortina Roller - 30kg - Control Remoto - CALZAVARA\",\"isPartOf\":{\"@id\":\"https:\\\/\\\/calzavara.ar\\\/#website\"},\"datePublished\":\"2025-08-30T15:12:48+00:00\",\"dateModified\":\"2026-01-19T11:43:33+00:00\",\"breadcrumb\":{\"@id\":\"https:\\\/\\\/calzavara.ar\\\/index.php\\\/producto\\\/motor-tubular-cortina-roller-30kg-control-remoto\\\/#breadcrumb\"},\"inLanguage\":\"es\",\"potentialAction\":[{\"@type\":\"ReadAction\",\"target\":[\"https:\\\/\\\/calzavara.ar\\\/index.php\\\/producto\\\/motor-tubular-cortina-roller-30kg-control-remoto\\\/\"]}]},{\"@type\":\"BreadcrumbList\",\"@id\":\"https:\\\/\\\/calzavara.ar\\\/index.php\\\/producto\\\/motor-tubular-cortina-roller-30kg-control-remoto\\\/#breadcrumb\",\"itemListElement\":[{\"@type\":\"ListItem\",\"position\":1,\"name\":\"Portada\",\"item\":\"https:\\\/\\\/calzavara.ar\\\/\"},{\"@type\":\"ListItem\",\"position\":2,\"name\":\"Tienda\",\"item\":\"https:\\\/\\\/calzavara.ar\\\/index.php\\\/tienda\\\/\"},{\"@type\":\"ListItem\",\"position\":3,\"name\":\"Motor Tubular Cortina Roller &#8211; 30kg &#8211; Control Remoto\"}]},{\"@type\":\"WebSite\",\"@id\":\"https:\\\/\\\/calzavara.ar\\\/#website\",\"url\":\"https:\\\/\\\/calzavara.ar\\\/\",\"name\":\"CALZAVARA\",\"description\":\"Tienda Oficial CALZAVARA\",\"publisher\":{\"@id\":\"https:\\\/\\\/calzavara.ar\\\/#organization\"},\"potentialAction\":[{\"@type\":\"SearchAction\",\"target\":{\"@type\":\"EntryPoint\",\"urlTemplate\":\"https:\\\/\\\/calzavara.ar\\\/?s={search_term_string}\"},\"query-input\":{\"@type\":\"PropertyValueSpecification\",\"valueRequired\":true,\"valueName\":\"search_term_string\"}}],\"inLanguage\":\"es\"},{\"@type\":\"Organization\",\"@id\":\"https:\\\/\\\/calzavara.ar\\\/#organization\",\"name\":\"CALZAVARA\",\"url\":\"https:\\\/\\\/calzavara.ar\\\/\",\"logo\":{\"@type\":\"ImageObject\",\"inLanguage\":\"es\",\"@id\":\"https:\\\/\\\/calzavara.ar\\\/#\\\/schema\\\/logo\\\/image\\\/\",\"url\":\"https:\\\/\\\/calzavara.ar\\\/wp-content\\\/uploads\\\/2025\\\/05\\\/CalzaLogoRedes.jpg\",\"contentUrl\":\"https:\\\/\\\/calzavara.ar\\\/wp-content\\\/uploads\\\/2025\\\/05\\\/CalzaLogoRedes.jpg\",\"width\":640,\"height\":640,\"caption\":\"CALZAVARA\"},\"image\":{\"@id\":\"https:\\\/\\\/calzavara.ar\\\/#\\\/schema\\\/logo\\\/image\\\/\"},\"sameAs\":[\"https:\\\/\\\/www.facebook.com\\\/calzavarasrl\",\"https:\\\/\\\/www.instagram.com\\\/calzavara_herrajes\",\"https:\\\/\\\/www.linkedin.com\\\/company\\\/calzavara\\\/\",\"https:\\\/\\\/www.youtube.com\\\/@calzavara3279\"]}]}<\/script>\n<!-- \/ Yoast SEO plugin. -->","yoast_head_json":{"title":"Motor Tubular Cortina Roller - 30kg - Control Remoto - CALZAVARA","robots":{"index":"index","follow":"follow","max-snippet":"max-snippet:-1","max-image-preview":"max-image-preview:large","max-video-preview":"max-video-preview:-1"},"canonical":"https:\/\/calzavara.ar\/index.php\/producto\/motor-tubular-cortina-roller-30kg-control-remoto\/","og_locale":"es_ES","og_type":"article","og_title":"Motor Tubular Cortina Roller - 30kg - Control Remoto - CALZAVARA","og_description":"Motor tubular para automatizar el movimiento de sus persianas ROLLER con un simple toque. Estos motores son suficientemente potentes para","og_url":"https:\/\/calzavara.ar\/index.php\/producto\/motor-tubular-cortina-roller-30kg-control-remoto\/","og_site_name":"CALZAVARA","article_publisher":"https:\/\/www.facebook.com\/calzavarasrl","article_modified_time":"2026-01-19T11:43:33+00:00","twitter_card":"summary_large_image","twitter_misc":{"Tiempo de lectura":"2 minutos"},"schema":{"@context":"https:\/\/schema.org","@graph":[{"@type":"WebPage","@id":"https:\/\/calzavara.ar\/index.php\/producto\/motor-tubular-cortina-roller-30kg-control-remoto\/","url":"https:\/\/calzavara.ar\/index.php\/producto\/motor-tubular-cortina-roller-30kg-control-remoto\/","name":"Motor Tubular Cortina Roller - 30kg - Control Remoto - CALZAVARA","isPartOf":{"@id":"https:\/\/calzavara.ar\/#website"},"datePublished":"2025-08-30T15:12:48+00:00","dateModified":"2026-01-19T11:43:33+00:00","breadcrumb":{"@id":"https:\/\/calzavara.ar\/index.php\/producto\/motor-tubular-cortina-roller-30kg-control-remoto\/#breadcrumb"},"inLanguage":"es","potentialAction":[{"@type":"ReadAction","target":["https:\/\/calzavara.ar\/index.php\/producto\/motor-tubular-cortina-roller-30kg-control-remoto\/"]}]},{"@type":"BreadcrumbList","@id":"https:\/\/calzavara.ar\/index.php\/producto\/motor-tubular-cortina-roller-30kg-control-remoto\/#breadcrumb","itemListElement":[{"@type":"ListItem","position":1,"name":"Portada","item":"https:\/\/calzavara.ar\/"},{"@type":"ListItem","position":2,"name":"Tienda","item":"https:\/\/calzavara.ar\/index.php\/tienda\/"},{"@type":"ListItem","position":3,"name":"Motor Tubular Cortina Roller &#8211; 30kg &#8211; Control Remoto"}]},{"@type":"WebSite","@id":"https:\/\/calzavara.ar\/#website","url":"https:\/\/calzavara.ar\/","name":"CALZAVARA","description":"Tienda Oficial CALZAVARA","publisher":{"@id":"https:\/\/calzavara.ar\/#organization"},"potentialAction":[{"@type":"SearchAction","target":{"@type":"EntryPoint","urlTemplate":"https:\/\/calzavara.ar\/?s={search_term_string}"},"query-input":{"@type":"PropertyValueSpecification","valueRequired":true,"valueName":"search_term_string"}}],"inLanguage":"es"},{"@type":"Organization","@id":"https:\/\/calzavara.ar\/#organization","name":"CALZAVARA","url":"https:\/\/calzavara.ar\/","logo":{"@type":"ImageObject","inLanguage":"es","@id":"https:\/\/calzavara.ar\/#\/schema\/logo\/image\/","url":"https:\/\/calzavara.ar\/wp-content\/uploads\/2025\/05\/CalzaLogoRedes.jpg","contentUrl":"https:\/\/calzavara.ar\/wp-content\/uploads\/2025\/05\/CalzaLogoRedes.jpg","width":640,"height":640,"caption":"CALZAVARA"},"image":{"@id":"https:\/\/calzavara.ar\/#\/schema\/logo\/image\/"},"sameAs":["https:\/\/www.facebook.com\/calzavarasrl","https:\/\/www.instagram.com\/calzavara_herrajes","https:\/\/www.linkedin.com\/company\/calzavara\/","https:\/\/www.youtube.com\/@calzavara3279"]}]}},"jetpack_sharing_enabled":true,"_links":{"self":[{"href":"https:\/\/calzavara.ar\/index.php\/wp-json\/wp\/v2\/product\/15172","targetHints":{"allow":["GET"]}}],"collection":[{"href":"https:\/\/calzavara.ar\/index.php\/wp-json\/wp\/v2\/product"}],"about":[{"href":"https:\/\/calzavara.ar\/index.php\/wp-json\/wp\/v2\/types\/product"}],"wp:attachment":[{"href":"https:\/\/calzavara.ar\/index.php\/wp-json\/wp\/v2\/media?parent=15172"}],"wp:term":[{"taxonomy":"product_brand","embeddable":true,"href":"https:\/\/calzavara.ar\/index.php\/wp-json\/wp\/v2\/product_brand?post=15172"},{"taxonomy":"product_cat","embeddable":true,"href":"https:\/\/calzavara.ar\/index.php\/wp-json\/wp\/v2\/product_cat?post=15172"},{"taxonomy":"product_tag","embeddable":true,"href":"https:\/\/calzavara.ar\/index.php\/wp-json\/wp\/v2\/product_tag?post=15172"}],"curies":[{"name":"wp","href":"https:\/\/api.w.org\/{rel}","templated":true}]}}