{"id":15170,"date":"2025-08-30T12:07:11","date_gmt":"2025-08-30T15:07:11","guid":{"rendered":"https:\/\/calzavara.ar\/index.php\/producto\/estabilizador-superior-guia-doble-rodillo-porton-corredizo\/"},"modified":"2026-01-19T08:43:33","modified_gmt":"2026-01-19T11:43:33","slug":"estabilizador-superior-guia-doble-rodillo-porton-corredizo","status":"publish","type":"product","link":"https:\/\/calzavara.ar\/index.php\/producto\/estabilizador-superior-guia-doble-rodillo-porton-corredizo\/","title":{"rendered":"Estabilizador Superior Gu\u00eda Doble Rodillo Port\u00f3n Corredizo"},"content":{"rendered":"<p>Estabilizador Superior Gu\u00eda Doble Rodillo Port\u00f3n Corredizo<\/p>\n<p>Este estabilizador doble con rodillos de 30 mm y profundidad de 40 mm es ideal para guiar portones con rueda al piso, minimizando el balanceo durante su apertura o cierre. <\/p>\n<p>La planchuela tiene dimensiones de:<br \/>\n+ Largo: 156mm<br \/>\n+Alto: 60mm<br \/>\n+Profundidad: 40mm<\/p>\n<p>Las caracter\u00edsticas mencionadas son proporcionadas por el fabricante y est\u00e1n sujetas a cambios sin previo aviso. En caso de discrepancias, se agradece la notificaci\u00f3n para realizar las correcciones pertinentes. Ante cualquier consulta sobre las especificaciones, se recomienda contactar antes de realizar la compra y\/o reclamo.<\/p>\n","protected":false},"excerpt":{"rendered":"<p>Estabilizador Superior Gu\u00eda Doble Rodillo Port\u00f3n Corredizo Este estabilizador doble con rodillos de 30 mm y profundidad de 40 mm<\/p>\n","protected":false},"featured_media":15169,"template":"","meta":[],"product_brand":[],"product_cat":[15],"product_tag":[],"class_list":{"0":"post-15170","1":"product","2":"type-product","3":"status-publish","4":"has-post-thumbnail","6":"product_cat-sin-categorizar","8":"first","9":"instock","10":"taxable","11":"shipping-taxable","12":"purchasable","13":"product-type-simple"},"yoast_head":"<!-- This site is optimized with the Yoast SEO plugin v27.3 - https:\/\/yoast.com\/product\/yoast-seo-wordpress\/ -->\n<title>Estabilizador Superior Gu\u00eda Doble Rodillo Port\u00f3n Corredizo - CALZAVARA<\/title>\n<meta name=\"robots\" content=\"index, follow, max-snippet:-1, max-image-preview:large, max-video-preview:-1\" \/>\n<link rel=\"canonical\" href=\"https:\/\/calzavara.ar\/index.php\/producto\/estabilizador-superior-guia-doble-rodillo-porton-corredizo\/\" \/>\n<meta property=\"og:locale\" content=\"es_ES\" \/>\n<meta property=\"og:type\" content=\"article\" \/>\n<meta property=\"og:title\" content=\"Estabilizador Superior Gu\u00eda Doble Rodillo Port\u00f3n Corredizo - CALZAVARA\" \/>\n<meta property=\"og:description\" content=\"Estabilizador Superior Gu\u00eda Doble Rodillo Port\u00f3n Corredizo Este estabilizador doble con rodillos de 30 mm y profundidad de 40 mm\" \/>\n<meta property=\"og:url\" content=\"https:\/\/calzavara.ar\/index.php\/producto\/estabilizador-superior-guia-doble-rodillo-porton-corredizo\/\" \/>\n<meta property=\"og:site_name\" content=\"CALZAVARA\" \/>\n<meta property=\"article:publisher\" content=\"https:\/\/www.facebook.com\/calzavarasrl\" \/>\n<meta property=\"article:modified_time\" content=\"2026-01-19T11:43:33+00:00\" \/>\n<meta name=\"twitter:card\" content=\"summary_large_image\" \/>\n<script type=\"application\/ld+json\" class=\"yoast-schema-graph\">{\"@context\":\"https:\\\/\\\/schema.org\",\"@graph\":[{\"@type\":\"WebPage\",\"@id\":\"https:\\\/\\\/calzavara.ar\\\/index.php\\\/producto\\\/estabilizador-superior-guia-doble-rodillo-porton-corredizo\\\/\",\"url\":\"https:\\\/\\\/calzavara.ar\\\/index.php\\\/producto\\\/estabilizador-superior-guia-doble-rodillo-porton-corredizo\\\/\",\"name\":\"Estabilizador Superior Gu\u00eda Doble Rodillo Port\u00f3n Corredizo - CALZAVARA\",\"isPartOf\":{\"@id\":\"https:\\\/\\\/calzavara.ar\\\/#website\"},\"primaryImageOfPage\":{\"@id\":\"https:\\\/\\\/calzavara.ar\\\/index.php\\\/producto\\\/estabilizador-superior-guia-doble-rodillo-porton-corredizo\\\/#primaryimage\"},\"image\":{\"@id\":\"https:\\\/\\\/calzavara.ar\\\/index.php\\\/producto\\\/estabilizador-superior-guia-doble-rodillo-porton-corredizo\\\/#primaryimage\"},\"thumbnailUrl\":\"https:\\\/\\\/calzavara.ar\\\/wp-content\\\/uploads\\\/2025\\\/08\\\/98121.jpg\",\"datePublished\":\"2025-08-30T15:07:11+00:00\",\"dateModified\":\"2026-01-19T11:43:33+00:00\",\"breadcrumb\":{\"@id\":\"https:\\\/\\\/calzavara.ar\\\/index.php\\\/producto\\\/estabilizador-superior-guia-doble-rodillo-porton-corredizo\\\/#breadcrumb\"},\"inLanguage\":\"es\",\"potentialAction\":[{\"@type\":\"ReadAction\",\"target\":[\"https:\\\/\\\/calzavara.ar\\\/index.php\\\/producto\\\/estabilizador-superior-guia-doble-rodillo-porton-corredizo\\\/\"]}]},{\"@type\":\"ImageObject\",\"inLanguage\":\"es\",\"@id\":\"https:\\\/\\\/calzavara.ar\\\/index.php\\\/producto\\\/estabilizador-superior-guia-doble-rodillo-porton-corredizo\\\/#primaryimage\",\"url\":\"https:\\\/\\\/calzavara.ar\\\/wp-content\\\/uploads\\\/2025\\\/08\\\/98121.jpg\",\"contentUrl\":\"https:\\\/\\\/calzavara.ar\\\/wp-content\\\/uploads\\\/2025\\\/08\\\/98121.jpg\",\"width\":800,\"height\":894},{\"@type\":\"BreadcrumbList\",\"@id\":\"https:\\\/\\\/calzavara.ar\\\/index.php\\\/producto\\\/estabilizador-superior-guia-doble-rodillo-porton-corredizo\\\/#breadcrumb\",\"itemListElement\":[{\"@type\":\"ListItem\",\"position\":1,\"name\":\"Portada\",\"item\":\"https:\\\/\\\/calzavara.ar\\\/\"},{\"@type\":\"ListItem\",\"position\":2,\"name\":\"Tienda\",\"item\":\"https:\\\/\\\/calzavara.ar\\\/index.php\\\/tienda\\\/\"},{\"@type\":\"ListItem\",\"position\":3,\"name\":\"Estabilizador Superior Gu\u00eda Doble Rodillo Port\u00f3n Corredizo\"}]},{\"@type\":\"WebSite\",\"@id\":\"https:\\\/\\\/calzavara.ar\\\/#website\",\"url\":\"https:\\\/\\\/calzavara.ar\\\/\",\"name\":\"CALZAVARA\",\"description\":\"Tienda Oficial CALZAVARA\",\"publisher\":{\"@id\":\"https:\\\/\\\/calzavara.ar\\\/#organization\"},\"potentialAction\":[{\"@type\":\"SearchAction\",\"target\":{\"@type\":\"EntryPoint\",\"urlTemplate\":\"https:\\\/\\\/calzavara.ar\\\/?s={search_term_string}\"},\"query-input\":{\"@type\":\"PropertyValueSpecification\",\"valueRequired\":true,\"valueName\":\"search_term_string\"}}],\"inLanguage\":\"es\"},{\"@type\":\"Organization\",\"@id\":\"https:\\\/\\\/calzavara.ar\\\/#organization\",\"name\":\"CALZAVARA\",\"url\":\"https:\\\/\\\/calzavara.ar\\\/\",\"logo\":{\"@type\":\"ImageObject\",\"inLanguage\":\"es\",\"@id\":\"https:\\\/\\\/calzavara.ar\\\/#\\\/schema\\\/logo\\\/image\\\/\",\"url\":\"https:\\\/\\\/calzavara.ar\\\/wp-content\\\/uploads\\\/2025\\\/05\\\/CalzaLogoRedes.jpg\",\"contentUrl\":\"https:\\\/\\\/calzavara.ar\\\/wp-content\\\/uploads\\\/2025\\\/05\\\/CalzaLogoRedes.jpg\",\"width\":640,\"height\":640,\"caption\":\"CALZAVARA\"},\"image\":{\"@id\":\"https:\\\/\\\/calzavara.ar\\\/#\\\/schema\\\/logo\\\/image\\\/\"},\"sameAs\":[\"https:\\\/\\\/www.facebook.com\\\/calzavarasrl\",\"https:\\\/\\\/www.instagram.com\\\/calzavara_herrajes\",\"https:\\\/\\\/www.linkedin.com\\\/company\\\/calzavara\\\/\",\"https:\\\/\\\/www.youtube.com\\\/@calzavara3279\"]}]}<\/script>\n<!-- \/ Yoast SEO plugin. -->","yoast_head_json":{"title":"Estabilizador Superior Gu\u00eda Doble Rodillo Port\u00f3n Corredizo - CALZAVARA","robots":{"index":"index","follow":"follow","max-snippet":"max-snippet:-1","max-image-preview":"max-image-preview:large","max-video-preview":"max-video-preview:-1"},"canonical":"https:\/\/calzavara.ar\/index.php\/producto\/estabilizador-superior-guia-doble-rodillo-porton-corredizo\/","og_locale":"es_ES","og_type":"article","og_title":"Estabilizador Superior Gu\u00eda Doble Rodillo Port\u00f3n Corredizo - CALZAVARA","og_description":"Estabilizador Superior Gu\u00eda Doble Rodillo Port\u00f3n Corredizo Este estabilizador doble con rodillos de 30 mm y profundidad de 40 mm","og_url":"https:\/\/calzavara.ar\/index.php\/producto\/estabilizador-superior-guia-doble-rodillo-porton-corredizo\/","og_site_name":"CALZAVARA","article_publisher":"https:\/\/www.facebook.com\/calzavarasrl","article_modified_time":"2026-01-19T11:43:33+00:00","twitter_card":"summary_large_image","schema":{"@context":"https:\/\/schema.org","@graph":[{"@type":"WebPage","@id":"https:\/\/calzavara.ar\/index.php\/producto\/estabilizador-superior-guia-doble-rodillo-porton-corredizo\/","url":"https:\/\/calzavara.ar\/index.php\/producto\/estabilizador-superior-guia-doble-rodillo-porton-corredizo\/","name":"Estabilizador Superior Gu\u00eda Doble Rodillo Port\u00f3n Corredizo - CALZAVARA","isPartOf":{"@id":"https:\/\/calzavara.ar\/#website"},"primaryImageOfPage":{"@id":"https:\/\/calzavara.ar\/index.php\/producto\/estabilizador-superior-guia-doble-rodillo-porton-corredizo\/#primaryimage"},"image":{"@id":"https:\/\/calzavara.ar\/index.php\/producto\/estabilizador-superior-guia-doble-rodillo-porton-corredizo\/#primaryimage"},"thumbnailUrl":"https:\/\/calzavara.ar\/wp-content\/uploads\/2025\/08\/98121.jpg","datePublished":"2025-08-30T15:07:11+00:00","dateModified":"2026-01-19T11:43:33+00:00","breadcrumb":{"@id":"https:\/\/calzavara.ar\/index.php\/producto\/estabilizador-superior-guia-doble-rodillo-porton-corredizo\/#breadcrumb"},"inLanguage":"es","potentialAction":[{"@type":"ReadAction","target":["https:\/\/calzavara.ar\/index.php\/producto\/estabilizador-superior-guia-doble-rodillo-porton-corredizo\/"]}]},{"@type":"ImageObject","inLanguage":"es","@id":"https:\/\/calzavara.ar\/index.php\/producto\/estabilizador-superior-guia-doble-rodillo-porton-corredizo\/#primaryimage","url":"https:\/\/calzavara.ar\/wp-content\/uploads\/2025\/08\/98121.jpg","contentUrl":"https:\/\/calzavara.ar\/wp-content\/uploads\/2025\/08\/98121.jpg","width":800,"height":894},{"@type":"BreadcrumbList","@id":"https:\/\/calzavara.ar\/index.php\/producto\/estabilizador-superior-guia-doble-rodillo-porton-corredizo\/#breadcrumb","itemListElement":[{"@type":"ListItem","position":1,"name":"Portada","item":"https:\/\/calzavara.ar\/"},{"@type":"ListItem","position":2,"name":"Tienda","item":"https:\/\/calzavara.ar\/index.php\/tienda\/"},{"@type":"ListItem","position":3,"name":"Estabilizador Superior Gu\u00eda Doble Rodillo Port\u00f3n Corredizo"}]},{"@type":"WebSite","@id":"https:\/\/calzavara.ar\/#website","url":"https:\/\/calzavara.ar\/","name":"CALZAVARA","description":"Tienda Oficial CALZAVARA","publisher":{"@id":"https:\/\/calzavara.ar\/#organization"},"potentialAction":[{"@type":"SearchAction","target":{"@type":"EntryPoint","urlTemplate":"https:\/\/calzavara.ar\/?s={search_term_string}"},"query-input":{"@type":"PropertyValueSpecification","valueRequired":true,"valueName":"search_term_string"}}],"inLanguage":"es"},{"@type":"Organization","@id":"https:\/\/calzavara.ar\/#organization","name":"CALZAVARA","url":"https:\/\/calzavara.ar\/","logo":{"@type":"ImageObject","inLanguage":"es","@id":"https:\/\/calzavara.ar\/#\/schema\/logo\/image\/","url":"https:\/\/calzavara.ar\/wp-content\/uploads\/2025\/05\/CalzaLogoRedes.jpg","contentUrl":"https:\/\/calzavara.ar\/wp-content\/uploads\/2025\/05\/CalzaLogoRedes.jpg","width":640,"height":640,"caption":"CALZAVARA"},"image":{"@id":"https:\/\/calzavara.ar\/#\/schema\/logo\/image\/"},"sameAs":["https:\/\/www.facebook.com\/calzavarasrl","https:\/\/www.instagram.com\/calzavara_herrajes","https:\/\/www.linkedin.com\/company\/calzavara\/","https:\/\/www.youtube.com\/@calzavara3279"]}]}},"jetpack_sharing_enabled":true,"_links":{"self":[{"href":"https:\/\/calzavara.ar\/index.php\/wp-json\/wp\/v2\/product\/15170","targetHints":{"allow":["GET"]}}],"collection":[{"href":"https:\/\/calzavara.ar\/index.php\/wp-json\/wp\/v2\/product"}],"about":[{"href":"https:\/\/calzavara.ar\/index.php\/wp-json\/wp\/v2\/types\/product"}],"wp:featuredmedia":[{"embeddable":true,"href":"https:\/\/calzavara.ar\/index.php\/wp-json\/wp\/v2\/media\/15169"}],"wp:attachment":[{"href":"https:\/\/calzavara.ar\/index.php\/wp-json\/wp\/v2\/media?parent=15170"}],"wp:term":[{"taxonomy":"product_brand","embeddable":true,"href":"https:\/\/calzavara.ar\/index.php\/wp-json\/wp\/v2\/product_brand?post=15170"},{"taxonomy":"product_cat","embeddable":true,"href":"https:\/\/calzavara.ar\/index.php\/wp-json\/wp\/v2\/product_cat?post=15170"},{"taxonomy":"product_tag","embeddable":true,"href":"https:\/\/calzavara.ar\/index.php\/wp-json\/wp\/v2\/product_tag?post=15170"}],"curies":[{"name":"wp","href":"https:\/\/api.w.org\/{rel}","templated":true}]}}