{"id":15164,"date":"2025-08-30T12:07:08","date_gmt":"2025-08-30T15:07:08","guid":{"rendered":"https:\/\/calzavara.ar\/index.php\/producto\/cierra-puerta-brazo-hidraulico-metal-qbo-aereo-80-kg-a-110-kg\/"},"modified":"2026-01-19T08:43:32","modified_gmt":"2026-01-19T11:43:32","slug":"cierra-puerta-brazo-hidraulico-metal-qbo-aereo-80-kg-a-110-kg","status":"publish","type":"product","link":"https:\/\/calzavara.ar\/index.php\/producto\/cierra-puerta-brazo-hidraulico-metal-qbo-aereo-80-kg-a-110-kg\/","title":{"rendered":"Cierra Puerta Brazo Hidr\u00e1ulico Metal QBO A\u00e9reo 80 Kg A 110 Kg"},"content":{"rendered":"<p>Cierra Puerta Hidr\u00e1ulico<br \/>\n&#8211; Fuerza 5 80-110<br \/>\n&#8211; Ancho de puerta 800-1000mm<br \/>\n&#8211; Rango temperatura -40 a 60 \u00baC<br \/>\n&#8211; Ciclos de apertura 1.000.000 testeados<\/p>\n<p>Presentamos el Cierra Puerta Brazo Hidr\u00e1ulico Metal A\u00e9reo, modelo FUERZA 5, dise\u00f1ado para ofrecer un cierre suave y controlado en puertas de entre 800 y 1000 mm de ancho. Este dispositivo es ideal para puertas con un peso que var\u00eda entre 80 y 110 kg, garantizando una operaci\u00f3n eficiente y segura. Su rango de temperatura de funcionamiento, que va de -40 a 60 \u00baC, lo hace perfecto para diversas condiciones clim\u00e1ticas. Adem\u00e1s, ha sido sometido a rigurosos tests, alcanzando hasta 1.000.000 de ciclos de apertura, lo que asegura su durabilidad y fiabilidad. Con un elegante acabado plateado, este cierra puerta no solo es funcional, sino que tambi\u00e9n complementa la est\u00e9tica de cualquier espacio. Su velocidad regulable permite ajustar el cierre seg\u00fan las necesidades espec\u00edficas, brindando comodidad y seguridad en el uso diario. Ideal para entornos residenciales y comerciales, este producto es una excelente elecci\u00f3n para quienes buscan calidad y rendimiento.<\/p>\n","protected":false},"excerpt":{"rendered":"<p>Cierra Puerta Hidr\u00e1ulico &#8211; Fuerza 5 80-110 &#8211; Ancho de puerta 800-1000mm &#8211; Rango temperatura -40 a 60 \u00baC &#8211;<\/p>\n","protected":false},"featured_media":15163,"template":"","meta":[],"product_brand":[],"product_cat":[15],"product_tag":[],"class_list":{"0":"post-15164","1":"product","2":"type-product","3":"status-publish","4":"has-post-thumbnail","6":"product_cat-sin-categorizar","8":"first","9":"instock","10":"taxable","11":"shipping-taxable","12":"purchasable","13":"product-type-simple"},"yoast_head":"<!-- This site is optimized with the Yoast SEO plugin v27.3 - https:\/\/yoast.com\/product\/yoast-seo-wordpress\/ -->\n<title>Cierra Puerta Brazo Hidr\u00e1ulico Metal QBO A\u00e9reo 80 Kg A 110 Kg - CALZAVARA<\/title>\n<meta name=\"robots\" content=\"index, follow, max-snippet:-1, max-image-preview:large, max-video-preview:-1\" \/>\n<link rel=\"canonical\" href=\"https:\/\/calzavara.ar\/index.php\/producto\/cierra-puerta-brazo-hidraulico-metal-qbo-aereo-80-kg-a-110-kg\/\" \/>\n<meta property=\"og:locale\" content=\"es_ES\" \/>\n<meta property=\"og:type\" content=\"article\" \/>\n<meta property=\"og:title\" content=\"Cierra Puerta Brazo Hidr\u00e1ulico Metal QBO A\u00e9reo 80 Kg A 110 Kg - CALZAVARA\" \/>\n<meta property=\"og:description\" content=\"Cierra Puerta Hidr\u00e1ulico &#8211; Fuerza 5 80-110 &#8211; Ancho de puerta 800-1000mm &#8211; Rango temperatura -40 a 60 \u00baC &#8211;\" \/>\n<meta property=\"og:url\" content=\"https:\/\/calzavara.ar\/index.php\/producto\/cierra-puerta-brazo-hidraulico-metal-qbo-aereo-80-kg-a-110-kg\/\" \/>\n<meta property=\"og:site_name\" content=\"CALZAVARA\" \/>\n<meta property=\"article:publisher\" content=\"https:\/\/www.facebook.com\/calzavarasrl\" \/>\n<meta property=\"article:modified_time\" content=\"2026-01-19T11:43:32+00:00\" \/>\n<meta name=\"twitter:card\" content=\"summary_large_image\" \/>\n<meta name=\"twitter:label1\" content=\"Tiempo de lectura\" \/>\n\t<meta name=\"twitter:data1\" content=\"1 minuto\" \/>\n<script type=\"application\/ld+json\" class=\"yoast-schema-graph\">{\"@context\":\"https:\\\/\\\/schema.org\",\"@graph\":[{\"@type\":\"WebPage\",\"@id\":\"https:\\\/\\\/calzavara.ar\\\/index.php\\\/producto\\\/cierra-puerta-brazo-hidraulico-metal-qbo-aereo-80-kg-a-110-kg\\\/\",\"url\":\"https:\\\/\\\/calzavara.ar\\\/index.php\\\/producto\\\/cierra-puerta-brazo-hidraulico-metal-qbo-aereo-80-kg-a-110-kg\\\/\",\"name\":\"Cierra Puerta Brazo Hidr\u00e1ulico Metal QBO A\u00e9reo 80 Kg A 110 Kg - CALZAVARA\",\"isPartOf\":{\"@id\":\"https:\\\/\\\/calzavara.ar\\\/#website\"},\"primaryImageOfPage\":{\"@id\":\"https:\\\/\\\/calzavara.ar\\\/index.php\\\/producto\\\/cierra-puerta-brazo-hidraulico-metal-qbo-aereo-80-kg-a-110-kg\\\/#primaryimage\"},\"image\":{\"@id\":\"https:\\\/\\\/calzavara.ar\\\/index.php\\\/producto\\\/cierra-puerta-brazo-hidraulico-metal-qbo-aereo-80-kg-a-110-kg\\\/#primaryimage\"},\"thumbnailUrl\":\"https:\\\/\\\/calzavara.ar\\\/wp-content\\\/uploads\\\/2025\\\/08\\\/93209.jpg\",\"datePublished\":\"2025-08-30T15:07:08+00:00\",\"dateModified\":\"2026-01-19T11:43:32+00:00\",\"breadcrumb\":{\"@id\":\"https:\\\/\\\/calzavara.ar\\\/index.php\\\/producto\\\/cierra-puerta-brazo-hidraulico-metal-qbo-aereo-80-kg-a-110-kg\\\/#breadcrumb\"},\"inLanguage\":\"es\",\"potentialAction\":[{\"@type\":\"ReadAction\",\"target\":[\"https:\\\/\\\/calzavara.ar\\\/index.php\\\/producto\\\/cierra-puerta-brazo-hidraulico-metal-qbo-aereo-80-kg-a-110-kg\\\/\"]}]},{\"@type\":\"ImageObject\",\"inLanguage\":\"es\",\"@id\":\"https:\\\/\\\/calzavara.ar\\\/index.php\\\/producto\\\/cierra-puerta-brazo-hidraulico-metal-qbo-aereo-80-kg-a-110-kg\\\/#primaryimage\",\"url\":\"https:\\\/\\\/calzavara.ar\\\/wp-content\\\/uploads\\\/2025\\\/08\\\/93209.jpg\",\"contentUrl\":\"https:\\\/\\\/calzavara.ar\\\/wp-content\\\/uploads\\\/2025\\\/08\\\/93209.jpg\",\"width\":800,\"height\":800},{\"@type\":\"BreadcrumbList\",\"@id\":\"https:\\\/\\\/calzavara.ar\\\/index.php\\\/producto\\\/cierra-puerta-brazo-hidraulico-metal-qbo-aereo-80-kg-a-110-kg\\\/#breadcrumb\",\"itemListElement\":[{\"@type\":\"ListItem\",\"position\":1,\"name\":\"Portada\",\"item\":\"https:\\\/\\\/calzavara.ar\\\/\"},{\"@type\":\"ListItem\",\"position\":2,\"name\":\"Tienda\",\"item\":\"https:\\\/\\\/calzavara.ar\\\/index.php\\\/tienda\\\/\"},{\"@type\":\"ListItem\",\"position\":3,\"name\":\"Cierra Puerta Brazo Hidr\u00e1ulico Metal QBO A\u00e9reo 80 Kg A 110 Kg\"}]},{\"@type\":\"WebSite\",\"@id\":\"https:\\\/\\\/calzavara.ar\\\/#website\",\"url\":\"https:\\\/\\\/calzavara.ar\\\/\",\"name\":\"CALZAVARA\",\"description\":\"Tienda Oficial CALZAVARA\",\"publisher\":{\"@id\":\"https:\\\/\\\/calzavara.ar\\\/#organization\"},\"potentialAction\":[{\"@type\":\"SearchAction\",\"target\":{\"@type\":\"EntryPoint\",\"urlTemplate\":\"https:\\\/\\\/calzavara.ar\\\/?s={search_term_string}\"},\"query-input\":{\"@type\":\"PropertyValueSpecification\",\"valueRequired\":true,\"valueName\":\"search_term_string\"}}],\"inLanguage\":\"es\"},{\"@type\":\"Organization\",\"@id\":\"https:\\\/\\\/calzavara.ar\\\/#organization\",\"name\":\"CALZAVARA\",\"url\":\"https:\\\/\\\/calzavara.ar\\\/\",\"logo\":{\"@type\":\"ImageObject\",\"inLanguage\":\"es\",\"@id\":\"https:\\\/\\\/calzavara.ar\\\/#\\\/schema\\\/logo\\\/image\\\/\",\"url\":\"https:\\\/\\\/calzavara.ar\\\/wp-content\\\/uploads\\\/2025\\\/05\\\/CalzaLogoRedes.jpg\",\"contentUrl\":\"https:\\\/\\\/calzavara.ar\\\/wp-content\\\/uploads\\\/2025\\\/05\\\/CalzaLogoRedes.jpg\",\"width\":640,\"height\":640,\"caption\":\"CALZAVARA\"},\"image\":{\"@id\":\"https:\\\/\\\/calzavara.ar\\\/#\\\/schema\\\/logo\\\/image\\\/\"},\"sameAs\":[\"https:\\\/\\\/www.facebook.com\\\/calzavarasrl\",\"https:\\\/\\\/www.instagram.com\\\/calzavara_herrajes\",\"https:\\\/\\\/www.linkedin.com\\\/company\\\/calzavara\\\/\",\"https:\\\/\\\/www.youtube.com\\\/@calzavara3279\"]}]}<\/script>\n<!-- \/ Yoast SEO plugin. -->","yoast_head_json":{"title":"Cierra Puerta Brazo Hidr\u00e1ulico Metal QBO A\u00e9reo 80 Kg A 110 Kg - CALZAVARA","robots":{"index":"index","follow":"follow","max-snippet":"max-snippet:-1","max-image-preview":"max-image-preview:large","max-video-preview":"max-video-preview:-1"},"canonical":"https:\/\/calzavara.ar\/index.php\/producto\/cierra-puerta-brazo-hidraulico-metal-qbo-aereo-80-kg-a-110-kg\/","og_locale":"es_ES","og_type":"article","og_title":"Cierra Puerta Brazo Hidr\u00e1ulico Metal QBO A\u00e9reo 80 Kg A 110 Kg - CALZAVARA","og_description":"Cierra Puerta Hidr\u00e1ulico &#8211; Fuerza 5 80-110 &#8211; Ancho de puerta 800-1000mm &#8211; Rango temperatura -40 a 60 \u00baC &#8211;","og_url":"https:\/\/calzavara.ar\/index.php\/producto\/cierra-puerta-brazo-hidraulico-metal-qbo-aereo-80-kg-a-110-kg\/","og_site_name":"CALZAVARA","article_publisher":"https:\/\/www.facebook.com\/calzavarasrl","article_modified_time":"2026-01-19T11:43:32+00:00","twitter_card":"summary_large_image","twitter_misc":{"Tiempo de lectura":"1 minuto"},"schema":{"@context":"https:\/\/schema.org","@graph":[{"@type":"WebPage","@id":"https:\/\/calzavara.ar\/index.php\/producto\/cierra-puerta-brazo-hidraulico-metal-qbo-aereo-80-kg-a-110-kg\/","url":"https:\/\/calzavara.ar\/index.php\/producto\/cierra-puerta-brazo-hidraulico-metal-qbo-aereo-80-kg-a-110-kg\/","name":"Cierra Puerta Brazo Hidr\u00e1ulico Metal QBO A\u00e9reo 80 Kg A 110 Kg - CALZAVARA","isPartOf":{"@id":"https:\/\/calzavara.ar\/#website"},"primaryImageOfPage":{"@id":"https:\/\/calzavara.ar\/index.php\/producto\/cierra-puerta-brazo-hidraulico-metal-qbo-aereo-80-kg-a-110-kg\/#primaryimage"},"image":{"@id":"https:\/\/calzavara.ar\/index.php\/producto\/cierra-puerta-brazo-hidraulico-metal-qbo-aereo-80-kg-a-110-kg\/#primaryimage"},"thumbnailUrl":"https:\/\/calzavara.ar\/wp-content\/uploads\/2025\/08\/93209.jpg","datePublished":"2025-08-30T15:07:08+00:00","dateModified":"2026-01-19T11:43:32+00:00","breadcrumb":{"@id":"https:\/\/calzavara.ar\/index.php\/producto\/cierra-puerta-brazo-hidraulico-metal-qbo-aereo-80-kg-a-110-kg\/#breadcrumb"},"inLanguage":"es","potentialAction":[{"@type":"ReadAction","target":["https:\/\/calzavara.ar\/index.php\/producto\/cierra-puerta-brazo-hidraulico-metal-qbo-aereo-80-kg-a-110-kg\/"]}]},{"@type":"ImageObject","inLanguage":"es","@id":"https:\/\/calzavara.ar\/index.php\/producto\/cierra-puerta-brazo-hidraulico-metal-qbo-aereo-80-kg-a-110-kg\/#primaryimage","url":"https:\/\/calzavara.ar\/wp-content\/uploads\/2025\/08\/93209.jpg","contentUrl":"https:\/\/calzavara.ar\/wp-content\/uploads\/2025\/08\/93209.jpg","width":800,"height":800},{"@type":"BreadcrumbList","@id":"https:\/\/calzavara.ar\/index.php\/producto\/cierra-puerta-brazo-hidraulico-metal-qbo-aereo-80-kg-a-110-kg\/#breadcrumb","itemListElement":[{"@type":"ListItem","position":1,"name":"Portada","item":"https:\/\/calzavara.ar\/"},{"@type":"ListItem","position":2,"name":"Tienda","item":"https:\/\/calzavara.ar\/index.php\/tienda\/"},{"@type":"ListItem","position":3,"name":"Cierra Puerta Brazo Hidr\u00e1ulico Metal QBO A\u00e9reo 80 Kg A 110 Kg"}]},{"@type":"WebSite","@id":"https:\/\/calzavara.ar\/#website","url":"https:\/\/calzavara.ar\/","name":"CALZAVARA","description":"Tienda Oficial CALZAVARA","publisher":{"@id":"https:\/\/calzavara.ar\/#organization"},"potentialAction":[{"@type":"SearchAction","target":{"@type":"EntryPoint","urlTemplate":"https:\/\/calzavara.ar\/?s={search_term_string}"},"query-input":{"@type":"PropertyValueSpecification","valueRequired":true,"valueName":"search_term_string"}}],"inLanguage":"es"},{"@type":"Organization","@id":"https:\/\/calzavara.ar\/#organization","name":"CALZAVARA","url":"https:\/\/calzavara.ar\/","logo":{"@type":"ImageObject","inLanguage":"es","@id":"https:\/\/calzavara.ar\/#\/schema\/logo\/image\/","url":"https:\/\/calzavara.ar\/wp-content\/uploads\/2025\/05\/CalzaLogoRedes.jpg","contentUrl":"https:\/\/calzavara.ar\/wp-content\/uploads\/2025\/05\/CalzaLogoRedes.jpg","width":640,"height":640,"caption":"CALZAVARA"},"image":{"@id":"https:\/\/calzavara.ar\/#\/schema\/logo\/image\/"},"sameAs":["https:\/\/www.facebook.com\/calzavarasrl","https:\/\/www.instagram.com\/calzavara_herrajes","https:\/\/www.linkedin.com\/company\/calzavara\/","https:\/\/www.youtube.com\/@calzavara3279"]}]}},"jetpack_sharing_enabled":true,"_links":{"self":[{"href":"https:\/\/calzavara.ar\/index.php\/wp-json\/wp\/v2\/product\/15164","targetHints":{"allow":["GET"]}}],"collection":[{"href":"https:\/\/calzavara.ar\/index.php\/wp-json\/wp\/v2\/product"}],"about":[{"href":"https:\/\/calzavara.ar\/index.php\/wp-json\/wp\/v2\/types\/product"}],"wp:featuredmedia":[{"embeddable":true,"href":"https:\/\/calzavara.ar\/index.php\/wp-json\/wp\/v2\/media\/15163"}],"wp:attachment":[{"href":"https:\/\/calzavara.ar\/index.php\/wp-json\/wp\/v2\/media?parent=15164"}],"wp:term":[{"taxonomy":"product_brand","embeddable":true,"href":"https:\/\/calzavara.ar\/index.php\/wp-json\/wp\/v2\/product_brand?post=15164"},{"taxonomy":"product_cat","embeddable":true,"href":"https:\/\/calzavara.ar\/index.php\/wp-json\/wp\/v2\/product_cat?post=15164"},{"taxonomy":"product_tag","embeddable":true,"href":"https:\/\/calzavara.ar\/index.php\/wp-json\/wp\/v2\/product_tag?post=15164"}],"curies":[{"name":"wp","href":"https:\/\/api.w.org\/{rel}","templated":true}]}}