{"id":15130,"date":"2025-08-30T12:06:52","date_gmt":"2025-08-30T15:06:52","guid":{"rendered":"https:\/\/calzavara.ar\/index.php\/producto\/pata-base-plastica-bajo-mesada-mueble-cocina-10-12-5cm\/"},"modified":"2026-01-19T08:43:29","modified_gmt":"2026-01-19T11:43:29","slug":"pata-base-plastica-bajo-mesada-mueble-cocina-10-12-5cm","status":"publish","type":"product","link":"https:\/\/calzavara.ar\/index.php\/producto\/pata-base-plastica-bajo-mesada-mueble-cocina-10-12-5cm\/","title":{"rendered":"Pata Base Pl\u00e1stica &#8211; Bajo Mesada Mueble Cocina 10-12.5cm"},"content":{"rendered":"<p>Pata pl\u00e1stica regulable para bajo mesada Permite nivelar los distintos m\u00f3dulos del mueble, de forma individual. Se puede comprar el clip por separado para agarrar z\u00f3calo de PVC con terminaci\u00f3n de aluminio que ofrecemos. <\/p>\n<p>Medidas:<br \/>\nm\u00edn: 10 cm<br \/>\nM\u00c1X: 12.5 cm<br \/>\nPeso m\u00e1ximo: 30 kg por pata<\/p>\n","protected":false},"excerpt":{"rendered":"<p>Pata pl\u00e1stica regulable para bajo mesada Permite nivelar los distintos m\u00f3dulos del mueble, de forma individual. Se puede comprar el<\/p>\n","protected":false},"featured_media":15129,"template":"","meta":[],"product_brand":[],"product_cat":[15],"product_tag":[],"class_list":{"0":"post-15130","1":"product","2":"type-product","3":"status-publish","4":"has-post-thumbnail","6":"product_cat-sin-categorizar","8":"first","9":"instock","10":"taxable","11":"shipping-taxable","12":"purchasable","13":"product-type-simple"},"yoast_head":"<!-- This site is optimized with the Yoast SEO plugin v27.3 - https:\/\/yoast.com\/product\/yoast-seo-wordpress\/ -->\n<title>Pata Base Pl\u00e1stica - Bajo Mesada Mueble Cocina 10-12.5cm - CALZAVARA<\/title>\n<meta name=\"robots\" content=\"index, follow, max-snippet:-1, max-image-preview:large, max-video-preview:-1\" \/>\n<link rel=\"canonical\" href=\"https:\/\/calzavara.ar\/index.php\/producto\/pata-base-plastica-bajo-mesada-mueble-cocina-10-12-5cm\/\" \/>\n<meta property=\"og:locale\" content=\"es_ES\" \/>\n<meta property=\"og:type\" content=\"article\" \/>\n<meta property=\"og:title\" content=\"Pata Base Pl\u00e1stica - Bajo Mesada Mueble Cocina 10-12.5cm - CALZAVARA\" \/>\n<meta property=\"og:description\" content=\"Pata pl\u00e1stica regulable para bajo mesada Permite nivelar los distintos m\u00f3dulos del mueble, de forma individual. Se puede comprar el\" \/>\n<meta property=\"og:url\" content=\"https:\/\/calzavara.ar\/index.php\/producto\/pata-base-plastica-bajo-mesada-mueble-cocina-10-12-5cm\/\" \/>\n<meta property=\"og:site_name\" content=\"CALZAVARA\" \/>\n<meta property=\"article:publisher\" content=\"https:\/\/www.facebook.com\/calzavarasrl\" \/>\n<meta property=\"article:modified_time\" content=\"2026-01-19T11:43:29+00:00\" \/>\n<meta name=\"twitter:card\" content=\"summary_large_image\" \/>\n<script type=\"application\/ld+json\" class=\"yoast-schema-graph\">{\"@context\":\"https:\\\/\\\/schema.org\",\"@graph\":[{\"@type\":\"WebPage\",\"@id\":\"https:\\\/\\\/calzavara.ar\\\/index.php\\\/producto\\\/pata-base-plastica-bajo-mesada-mueble-cocina-10-12-5cm\\\/\",\"url\":\"https:\\\/\\\/calzavara.ar\\\/index.php\\\/producto\\\/pata-base-plastica-bajo-mesada-mueble-cocina-10-12-5cm\\\/\",\"name\":\"Pata Base Pl\u00e1stica - Bajo Mesada Mueble Cocina 10-12.5cm - CALZAVARA\",\"isPartOf\":{\"@id\":\"https:\\\/\\\/calzavara.ar\\\/#website\"},\"primaryImageOfPage\":{\"@id\":\"https:\\\/\\\/calzavara.ar\\\/index.php\\\/producto\\\/pata-base-plastica-bajo-mesada-mueble-cocina-10-12-5cm\\\/#primaryimage\"},\"image\":{\"@id\":\"https:\\\/\\\/calzavara.ar\\\/index.php\\\/producto\\\/pata-base-plastica-bajo-mesada-mueble-cocina-10-12-5cm\\\/#primaryimage\"},\"thumbnailUrl\":\"https:\\\/\\\/calzavara.ar\\\/wp-content\\\/uploads\\\/2025\\\/08\\\/91596.jpg\",\"datePublished\":\"2025-08-30T15:06:52+00:00\",\"dateModified\":\"2026-01-19T11:43:29+00:00\",\"breadcrumb\":{\"@id\":\"https:\\\/\\\/calzavara.ar\\\/index.php\\\/producto\\\/pata-base-plastica-bajo-mesada-mueble-cocina-10-12-5cm\\\/#breadcrumb\"},\"inLanguage\":\"es\",\"potentialAction\":[{\"@type\":\"ReadAction\",\"target\":[\"https:\\\/\\\/calzavara.ar\\\/index.php\\\/producto\\\/pata-base-plastica-bajo-mesada-mueble-cocina-10-12-5cm\\\/\"]}]},{\"@type\":\"ImageObject\",\"inLanguage\":\"es\",\"@id\":\"https:\\\/\\\/calzavara.ar\\\/index.php\\\/producto\\\/pata-base-plastica-bajo-mesada-mueble-cocina-10-12-5cm\\\/#primaryimage\",\"url\":\"https:\\\/\\\/calzavara.ar\\\/wp-content\\\/uploads\\\/2025\\\/08\\\/91596.jpg\",\"contentUrl\":\"https:\\\/\\\/calzavara.ar\\\/wp-content\\\/uploads\\\/2025\\\/08\\\/91596.jpg\",\"width\":800,\"height\":600},{\"@type\":\"BreadcrumbList\",\"@id\":\"https:\\\/\\\/calzavara.ar\\\/index.php\\\/producto\\\/pata-base-plastica-bajo-mesada-mueble-cocina-10-12-5cm\\\/#breadcrumb\",\"itemListElement\":[{\"@type\":\"ListItem\",\"position\":1,\"name\":\"Portada\",\"item\":\"https:\\\/\\\/calzavara.ar\\\/\"},{\"@type\":\"ListItem\",\"position\":2,\"name\":\"Tienda\",\"item\":\"https:\\\/\\\/calzavara.ar\\\/index.php\\\/tienda\\\/\"},{\"@type\":\"ListItem\",\"position\":3,\"name\":\"Pata Base Pl\u00e1stica &#8211; Bajo Mesada Mueble Cocina 10-12.5cm\"}]},{\"@type\":\"WebSite\",\"@id\":\"https:\\\/\\\/calzavara.ar\\\/#website\",\"url\":\"https:\\\/\\\/calzavara.ar\\\/\",\"name\":\"CALZAVARA\",\"description\":\"Tienda Oficial CALZAVARA\",\"publisher\":{\"@id\":\"https:\\\/\\\/calzavara.ar\\\/#organization\"},\"potentialAction\":[{\"@type\":\"SearchAction\",\"target\":{\"@type\":\"EntryPoint\",\"urlTemplate\":\"https:\\\/\\\/calzavara.ar\\\/?s={search_term_string}\"},\"query-input\":{\"@type\":\"PropertyValueSpecification\",\"valueRequired\":true,\"valueName\":\"search_term_string\"}}],\"inLanguage\":\"es\"},{\"@type\":\"Organization\",\"@id\":\"https:\\\/\\\/calzavara.ar\\\/#organization\",\"name\":\"CALZAVARA\",\"url\":\"https:\\\/\\\/calzavara.ar\\\/\",\"logo\":{\"@type\":\"ImageObject\",\"inLanguage\":\"es\",\"@id\":\"https:\\\/\\\/calzavara.ar\\\/#\\\/schema\\\/logo\\\/image\\\/\",\"url\":\"https:\\\/\\\/calzavara.ar\\\/wp-content\\\/uploads\\\/2025\\\/05\\\/CalzaLogoRedes.jpg\",\"contentUrl\":\"https:\\\/\\\/calzavara.ar\\\/wp-content\\\/uploads\\\/2025\\\/05\\\/CalzaLogoRedes.jpg\",\"width\":640,\"height\":640,\"caption\":\"CALZAVARA\"},\"image\":{\"@id\":\"https:\\\/\\\/calzavara.ar\\\/#\\\/schema\\\/logo\\\/image\\\/\"},\"sameAs\":[\"https:\\\/\\\/www.facebook.com\\\/calzavarasrl\",\"https:\\\/\\\/www.instagram.com\\\/calzavara_herrajes\",\"https:\\\/\\\/www.linkedin.com\\\/company\\\/calzavara\\\/\",\"https:\\\/\\\/www.youtube.com\\\/@calzavara3279\"]}]}<\/script>\n<!-- \/ Yoast SEO plugin. -->","yoast_head_json":{"title":"Pata Base Pl\u00e1stica - Bajo Mesada Mueble Cocina 10-12.5cm - CALZAVARA","robots":{"index":"index","follow":"follow","max-snippet":"max-snippet:-1","max-image-preview":"max-image-preview:large","max-video-preview":"max-video-preview:-1"},"canonical":"https:\/\/calzavara.ar\/index.php\/producto\/pata-base-plastica-bajo-mesada-mueble-cocina-10-12-5cm\/","og_locale":"es_ES","og_type":"article","og_title":"Pata Base Pl\u00e1stica - Bajo Mesada Mueble Cocina 10-12.5cm - CALZAVARA","og_description":"Pata pl\u00e1stica regulable para bajo mesada Permite nivelar los distintos m\u00f3dulos del mueble, de forma individual. Se puede comprar el","og_url":"https:\/\/calzavara.ar\/index.php\/producto\/pata-base-plastica-bajo-mesada-mueble-cocina-10-12-5cm\/","og_site_name":"CALZAVARA","article_publisher":"https:\/\/www.facebook.com\/calzavarasrl","article_modified_time":"2026-01-19T11:43:29+00:00","twitter_card":"summary_large_image","schema":{"@context":"https:\/\/schema.org","@graph":[{"@type":"WebPage","@id":"https:\/\/calzavara.ar\/index.php\/producto\/pata-base-plastica-bajo-mesada-mueble-cocina-10-12-5cm\/","url":"https:\/\/calzavara.ar\/index.php\/producto\/pata-base-plastica-bajo-mesada-mueble-cocina-10-12-5cm\/","name":"Pata Base Pl\u00e1stica - Bajo Mesada Mueble Cocina 10-12.5cm - CALZAVARA","isPartOf":{"@id":"https:\/\/calzavara.ar\/#website"},"primaryImageOfPage":{"@id":"https:\/\/calzavara.ar\/index.php\/producto\/pata-base-plastica-bajo-mesada-mueble-cocina-10-12-5cm\/#primaryimage"},"image":{"@id":"https:\/\/calzavara.ar\/index.php\/producto\/pata-base-plastica-bajo-mesada-mueble-cocina-10-12-5cm\/#primaryimage"},"thumbnailUrl":"https:\/\/calzavara.ar\/wp-content\/uploads\/2025\/08\/91596.jpg","datePublished":"2025-08-30T15:06:52+00:00","dateModified":"2026-01-19T11:43:29+00:00","breadcrumb":{"@id":"https:\/\/calzavara.ar\/index.php\/producto\/pata-base-plastica-bajo-mesada-mueble-cocina-10-12-5cm\/#breadcrumb"},"inLanguage":"es","potentialAction":[{"@type":"ReadAction","target":["https:\/\/calzavara.ar\/index.php\/producto\/pata-base-plastica-bajo-mesada-mueble-cocina-10-12-5cm\/"]}]},{"@type":"ImageObject","inLanguage":"es","@id":"https:\/\/calzavara.ar\/index.php\/producto\/pata-base-plastica-bajo-mesada-mueble-cocina-10-12-5cm\/#primaryimage","url":"https:\/\/calzavara.ar\/wp-content\/uploads\/2025\/08\/91596.jpg","contentUrl":"https:\/\/calzavara.ar\/wp-content\/uploads\/2025\/08\/91596.jpg","width":800,"height":600},{"@type":"BreadcrumbList","@id":"https:\/\/calzavara.ar\/index.php\/producto\/pata-base-plastica-bajo-mesada-mueble-cocina-10-12-5cm\/#breadcrumb","itemListElement":[{"@type":"ListItem","position":1,"name":"Portada","item":"https:\/\/calzavara.ar\/"},{"@type":"ListItem","position":2,"name":"Tienda","item":"https:\/\/calzavara.ar\/index.php\/tienda\/"},{"@type":"ListItem","position":3,"name":"Pata Base Pl\u00e1stica &#8211; Bajo Mesada Mueble Cocina 10-12.5cm"}]},{"@type":"WebSite","@id":"https:\/\/calzavara.ar\/#website","url":"https:\/\/calzavara.ar\/","name":"CALZAVARA","description":"Tienda Oficial CALZAVARA","publisher":{"@id":"https:\/\/calzavara.ar\/#organization"},"potentialAction":[{"@type":"SearchAction","target":{"@type":"EntryPoint","urlTemplate":"https:\/\/calzavara.ar\/?s={search_term_string}"},"query-input":{"@type":"PropertyValueSpecification","valueRequired":true,"valueName":"search_term_string"}}],"inLanguage":"es"},{"@type":"Organization","@id":"https:\/\/calzavara.ar\/#organization","name":"CALZAVARA","url":"https:\/\/calzavara.ar\/","logo":{"@type":"ImageObject","inLanguage":"es","@id":"https:\/\/calzavara.ar\/#\/schema\/logo\/image\/","url":"https:\/\/calzavara.ar\/wp-content\/uploads\/2025\/05\/CalzaLogoRedes.jpg","contentUrl":"https:\/\/calzavara.ar\/wp-content\/uploads\/2025\/05\/CalzaLogoRedes.jpg","width":640,"height":640,"caption":"CALZAVARA"},"image":{"@id":"https:\/\/calzavara.ar\/#\/schema\/logo\/image\/"},"sameAs":["https:\/\/www.facebook.com\/calzavarasrl","https:\/\/www.instagram.com\/calzavara_herrajes","https:\/\/www.linkedin.com\/company\/calzavara\/","https:\/\/www.youtube.com\/@calzavara3279"]}]}},"jetpack_sharing_enabled":true,"_links":{"self":[{"href":"https:\/\/calzavara.ar\/index.php\/wp-json\/wp\/v2\/product\/15130","targetHints":{"allow":["GET"]}}],"collection":[{"href":"https:\/\/calzavara.ar\/index.php\/wp-json\/wp\/v2\/product"}],"about":[{"href":"https:\/\/calzavara.ar\/index.php\/wp-json\/wp\/v2\/types\/product"}],"wp:featuredmedia":[{"embeddable":true,"href":"https:\/\/calzavara.ar\/index.php\/wp-json\/wp\/v2\/media\/15129"}],"wp:attachment":[{"href":"https:\/\/calzavara.ar\/index.php\/wp-json\/wp\/v2\/media?parent=15130"}],"wp:term":[{"taxonomy":"product_brand","embeddable":true,"href":"https:\/\/calzavara.ar\/index.php\/wp-json\/wp\/v2\/product_brand?post=15130"},{"taxonomy":"product_cat","embeddable":true,"href":"https:\/\/calzavara.ar\/index.php\/wp-json\/wp\/v2\/product_cat?post=15130"},{"taxonomy":"product_tag","embeddable":true,"href":"https:\/\/calzavara.ar\/index.php\/wp-json\/wp\/v2\/product_tag?post=15130"}],"curies":[{"name":"wp","href":"https:\/\/api.w.org\/{rel}","templated":true}]}}