{"id":13997,"date":"2025-01-08T15:50:44","date_gmt":"2025-01-08T18:50:44","guid":{"rendered":"https:\/\/calzavara.ar\/?post_type=product&#038;p=13997"},"modified":"2026-01-19T08:43:26","modified_gmt":"2026-01-19T11:43:26","slug":"manija-doble-balancin-aluminio-color-blanco-alto-transito-modelo-1012","status":"publish","type":"product","link":"https:\/\/calzavara.ar\/index.php\/producto\/manija-doble-balancin-aluminio-color-blanco-alto-transito-modelo-1012\/","title":{"rendered":"Manija Doble Balancin Aluminio Color Blanco Alto Transito Modelo 1012"},"content":{"rendered":"<p>MANIJA DOBLE BALANC\u00cdN DE ALUMINIO CON LACA PARA EXTRA DURACI\u00d3N<br \/>\nCON ROSETAS QUE SE ENROSCAN, EXCELENTE TERMINACI\u00d3N.<br \/>\nCON SISTEMA DE RESORTES QUE EVITA LA CA\u00cdDA DE LA MANIJA<br \/>\nEL KIT INCLUYE 1 JUEGO DE MANIJAS (PARA UNA PUERTA) CON SUS RESPECTIVO BOCALLAVES.<br \/>\nMATERIAL ALUMINIO<\/p>\n","protected":false},"excerpt":{"rendered":"<p>MANIJA DOBLE BALANC\u00cdN DE ALUMINIO CON LACA PARA EXTRA DURACI\u00d3N CON ROSETAS QUE SE ENROSCAN, EXCELENTE TERMINACI\u00d3N. CON SISTEMA DE<\/p>\n","protected":false},"featured_media":14003,"template":"","meta":[],"product_brand":[],"product_cat":[92],"product_tag":[1140,259,260,1141,1142],"class_list":{"0":"post-13997","1":"product","2":"type-product","3":"status-publish","4":"has-post-thumbnail","6":"product_cat-manijasmanijones","7":"product_tag-blanca","8":"product_tag-manija","9":"product_tag-picaporte","10":"product_tag-puerta-exterior","11":"product_tag-puerta-interior","13":"first","14":"outofstock","15":"sale","16":"taxable","17":"shipping-taxable","18":"purchasable","19":"product-type-simple"},"yoast_head":"<!-- This site is optimized with the Yoast SEO plugin v27.3 - https:\/\/yoast.com\/product\/yoast-seo-wordpress\/ -->\n<title>Manija Doble Balancin Aluminio Color Blanco Alto Transito Modelo 1012 - CALZAVARA<\/title>\n<meta name=\"robots\" content=\"index, follow, max-snippet:-1, max-image-preview:large, max-video-preview:-1\" \/>\n<link rel=\"canonical\" href=\"https:\/\/calzavara.ar\/index.php\/producto\/manija-doble-balancin-aluminio-color-blanco-alto-transito-modelo-1012\/\" \/>\n<meta property=\"og:locale\" content=\"es_ES\" \/>\n<meta property=\"og:type\" content=\"article\" \/>\n<meta property=\"og:title\" content=\"Manija Doble Balancin Aluminio Color Blanco Alto Transito Modelo 1012 - CALZAVARA\" \/>\n<meta property=\"og:description\" content=\"MANIJA DOBLE BALANC\u00cdN DE ALUMINIO CON LACA PARA EXTRA DURACI\u00d3N CON ROSETAS QUE SE ENROSCAN, EXCELENTE TERMINACI\u00d3N. CON SISTEMA DE\" \/>\n<meta property=\"og:url\" content=\"https:\/\/calzavara.ar\/index.php\/producto\/manija-doble-balancin-aluminio-color-blanco-alto-transito-modelo-1012\/\" \/>\n<meta property=\"og:site_name\" content=\"CALZAVARA\" \/>\n<meta property=\"article:publisher\" content=\"https:\/\/www.facebook.com\/calzavarasrl\" \/>\n<meta property=\"article:modified_time\" content=\"2026-01-19T11:43:26+00:00\" \/>\n<meta property=\"og:image\" content=\"https:\/\/calzavara.ar\/wp-content\/uploads\/2025\/01\/WhatsApp-Image-2025-01-08-at-3.57.49-PM.jpeg\" \/>\n\t<meta property=\"og:image:width\" content=\"1600\" \/>\n\t<meta property=\"og:image:height\" content=\"1600\" \/>\n\t<meta property=\"og:image:type\" content=\"image\/jpeg\" \/>\n<meta name=\"twitter:card\" content=\"summary_large_image\" \/>\n<script type=\"application\/ld+json\" class=\"yoast-schema-graph\">{\"@context\":\"https:\\\/\\\/schema.org\",\"@graph\":[{\"@type\":\"WebPage\",\"@id\":\"https:\\\/\\\/calzavara.ar\\\/index.php\\\/producto\\\/manija-doble-balancin-aluminio-color-blanco-alto-transito-modelo-1012\\\/\",\"url\":\"https:\\\/\\\/calzavara.ar\\\/index.php\\\/producto\\\/manija-doble-balancin-aluminio-color-blanco-alto-transito-modelo-1012\\\/\",\"name\":\"Manija Doble Balancin Aluminio Color Blanco Alto Transito Modelo 1012 - CALZAVARA\",\"isPartOf\":{\"@id\":\"https:\\\/\\\/calzavara.ar\\\/#website\"},\"primaryImageOfPage\":{\"@id\":\"https:\\\/\\\/calzavara.ar\\\/index.php\\\/producto\\\/manija-doble-balancin-aluminio-color-blanco-alto-transito-modelo-1012\\\/#primaryimage\"},\"image\":{\"@id\":\"https:\\\/\\\/calzavara.ar\\\/index.php\\\/producto\\\/manija-doble-balancin-aluminio-color-blanco-alto-transito-modelo-1012\\\/#primaryimage\"},\"thumbnailUrl\":\"https:\\\/\\\/calzavara.ar\\\/wp-content\\\/uploads\\\/2025\\\/01\\\/WhatsApp-Image-2025-01-08-at-3.57.49-PM.jpeg\",\"datePublished\":\"2025-01-08T18:50:44+00:00\",\"dateModified\":\"2026-01-19T11:43:26+00:00\",\"breadcrumb\":{\"@id\":\"https:\\\/\\\/calzavara.ar\\\/index.php\\\/producto\\\/manija-doble-balancin-aluminio-color-blanco-alto-transito-modelo-1012\\\/#breadcrumb\"},\"inLanguage\":\"es\",\"potentialAction\":[{\"@type\":\"ReadAction\",\"target\":[\"https:\\\/\\\/calzavara.ar\\\/index.php\\\/producto\\\/manija-doble-balancin-aluminio-color-blanco-alto-transito-modelo-1012\\\/\"]}]},{\"@type\":\"ImageObject\",\"inLanguage\":\"es\",\"@id\":\"https:\\\/\\\/calzavara.ar\\\/index.php\\\/producto\\\/manija-doble-balancin-aluminio-color-blanco-alto-transito-modelo-1012\\\/#primaryimage\",\"url\":\"https:\\\/\\\/calzavara.ar\\\/wp-content\\\/uploads\\\/2025\\\/01\\\/WhatsApp-Image-2025-01-08-at-3.57.49-PM.jpeg\",\"contentUrl\":\"https:\\\/\\\/calzavara.ar\\\/wp-content\\\/uploads\\\/2025\\\/01\\\/WhatsApp-Image-2025-01-08-at-3.57.49-PM.jpeg\",\"width\":1600,\"height\":1600},{\"@type\":\"BreadcrumbList\",\"@id\":\"https:\\\/\\\/calzavara.ar\\\/index.php\\\/producto\\\/manija-doble-balancin-aluminio-color-blanco-alto-transito-modelo-1012\\\/#breadcrumb\",\"itemListElement\":[{\"@type\":\"ListItem\",\"position\":1,\"name\":\"Portada\",\"item\":\"https:\\\/\\\/calzavara.ar\\\/\"},{\"@type\":\"ListItem\",\"position\":2,\"name\":\"Tienda\",\"item\":\"https:\\\/\\\/calzavara.ar\\\/index.php\\\/tienda\\\/\"},{\"@type\":\"ListItem\",\"position\":3,\"name\":\"Manija Doble Balancin Aluminio Color Blanco Alto Transito Modelo 1012\"}]},{\"@type\":\"WebSite\",\"@id\":\"https:\\\/\\\/calzavara.ar\\\/#website\",\"url\":\"https:\\\/\\\/calzavara.ar\\\/\",\"name\":\"CALZAVARA\",\"description\":\"Tienda Oficial CALZAVARA\",\"publisher\":{\"@id\":\"https:\\\/\\\/calzavara.ar\\\/#organization\"},\"potentialAction\":[{\"@type\":\"SearchAction\",\"target\":{\"@type\":\"EntryPoint\",\"urlTemplate\":\"https:\\\/\\\/calzavara.ar\\\/?s={search_term_string}\"},\"query-input\":{\"@type\":\"PropertyValueSpecification\",\"valueRequired\":true,\"valueName\":\"search_term_string\"}}],\"inLanguage\":\"es\"},{\"@type\":\"Organization\",\"@id\":\"https:\\\/\\\/calzavara.ar\\\/#organization\",\"name\":\"CALZAVARA\",\"url\":\"https:\\\/\\\/calzavara.ar\\\/\",\"logo\":{\"@type\":\"ImageObject\",\"inLanguage\":\"es\",\"@id\":\"https:\\\/\\\/calzavara.ar\\\/#\\\/schema\\\/logo\\\/image\\\/\",\"url\":\"https:\\\/\\\/calzavara.ar\\\/wp-content\\\/uploads\\\/2025\\\/05\\\/CalzaLogoRedes.jpg\",\"contentUrl\":\"https:\\\/\\\/calzavara.ar\\\/wp-content\\\/uploads\\\/2025\\\/05\\\/CalzaLogoRedes.jpg\",\"width\":640,\"height\":640,\"caption\":\"CALZAVARA\"},\"image\":{\"@id\":\"https:\\\/\\\/calzavara.ar\\\/#\\\/schema\\\/logo\\\/image\\\/\"},\"sameAs\":[\"https:\\\/\\\/www.facebook.com\\\/calzavarasrl\",\"https:\\\/\\\/www.instagram.com\\\/calzavara_herrajes\",\"https:\\\/\\\/www.linkedin.com\\\/company\\\/calzavara\\\/\",\"https:\\\/\\\/www.youtube.com\\\/@calzavara3279\"]}]}<\/script>\n<!-- \/ Yoast SEO plugin. -->","yoast_head_json":{"title":"Manija Doble Balancin Aluminio Color Blanco Alto Transito Modelo 1012 - CALZAVARA","robots":{"index":"index","follow":"follow","max-snippet":"max-snippet:-1","max-image-preview":"max-image-preview:large","max-video-preview":"max-video-preview:-1"},"canonical":"https:\/\/calzavara.ar\/index.php\/producto\/manija-doble-balancin-aluminio-color-blanco-alto-transito-modelo-1012\/","og_locale":"es_ES","og_type":"article","og_title":"Manija Doble Balancin Aluminio Color Blanco Alto Transito Modelo 1012 - CALZAVARA","og_description":"MANIJA DOBLE BALANC\u00cdN DE ALUMINIO CON LACA PARA EXTRA DURACI\u00d3N CON ROSETAS QUE SE ENROSCAN, EXCELENTE TERMINACI\u00d3N. CON SISTEMA DE","og_url":"https:\/\/calzavara.ar\/index.php\/producto\/manija-doble-balancin-aluminio-color-blanco-alto-transito-modelo-1012\/","og_site_name":"CALZAVARA","article_publisher":"https:\/\/www.facebook.com\/calzavarasrl","article_modified_time":"2026-01-19T11:43:26+00:00","og_image":[{"width":1600,"height":1600,"url":"https:\/\/calzavara.ar\/wp-content\/uploads\/2025\/01\/WhatsApp-Image-2025-01-08-at-3.57.49-PM.jpeg","type":"image\/jpeg"}],"twitter_card":"summary_large_image","schema":{"@context":"https:\/\/schema.org","@graph":[{"@type":"WebPage","@id":"https:\/\/calzavara.ar\/index.php\/producto\/manija-doble-balancin-aluminio-color-blanco-alto-transito-modelo-1012\/","url":"https:\/\/calzavara.ar\/index.php\/producto\/manija-doble-balancin-aluminio-color-blanco-alto-transito-modelo-1012\/","name":"Manija Doble Balancin Aluminio Color Blanco Alto Transito Modelo 1012 - CALZAVARA","isPartOf":{"@id":"https:\/\/calzavara.ar\/#website"},"primaryImageOfPage":{"@id":"https:\/\/calzavara.ar\/index.php\/producto\/manija-doble-balancin-aluminio-color-blanco-alto-transito-modelo-1012\/#primaryimage"},"image":{"@id":"https:\/\/calzavara.ar\/index.php\/producto\/manija-doble-balancin-aluminio-color-blanco-alto-transito-modelo-1012\/#primaryimage"},"thumbnailUrl":"https:\/\/calzavara.ar\/wp-content\/uploads\/2025\/01\/WhatsApp-Image-2025-01-08-at-3.57.49-PM.jpeg","datePublished":"2025-01-08T18:50:44+00:00","dateModified":"2026-01-19T11:43:26+00:00","breadcrumb":{"@id":"https:\/\/calzavara.ar\/index.php\/producto\/manija-doble-balancin-aluminio-color-blanco-alto-transito-modelo-1012\/#breadcrumb"},"inLanguage":"es","potentialAction":[{"@type":"ReadAction","target":["https:\/\/calzavara.ar\/index.php\/producto\/manija-doble-balancin-aluminio-color-blanco-alto-transito-modelo-1012\/"]}]},{"@type":"ImageObject","inLanguage":"es","@id":"https:\/\/calzavara.ar\/index.php\/producto\/manija-doble-balancin-aluminio-color-blanco-alto-transito-modelo-1012\/#primaryimage","url":"https:\/\/calzavara.ar\/wp-content\/uploads\/2025\/01\/WhatsApp-Image-2025-01-08-at-3.57.49-PM.jpeg","contentUrl":"https:\/\/calzavara.ar\/wp-content\/uploads\/2025\/01\/WhatsApp-Image-2025-01-08-at-3.57.49-PM.jpeg","width":1600,"height":1600},{"@type":"BreadcrumbList","@id":"https:\/\/calzavara.ar\/index.php\/producto\/manija-doble-balancin-aluminio-color-blanco-alto-transito-modelo-1012\/#breadcrumb","itemListElement":[{"@type":"ListItem","position":1,"name":"Portada","item":"https:\/\/calzavara.ar\/"},{"@type":"ListItem","position":2,"name":"Tienda","item":"https:\/\/calzavara.ar\/index.php\/tienda\/"},{"@type":"ListItem","position":3,"name":"Manija Doble Balancin Aluminio Color Blanco Alto Transito Modelo 1012"}]},{"@type":"WebSite","@id":"https:\/\/calzavara.ar\/#website","url":"https:\/\/calzavara.ar\/","name":"CALZAVARA","description":"Tienda Oficial CALZAVARA","publisher":{"@id":"https:\/\/calzavara.ar\/#organization"},"potentialAction":[{"@type":"SearchAction","target":{"@type":"EntryPoint","urlTemplate":"https:\/\/calzavara.ar\/?s={search_term_string}"},"query-input":{"@type":"PropertyValueSpecification","valueRequired":true,"valueName":"search_term_string"}}],"inLanguage":"es"},{"@type":"Organization","@id":"https:\/\/calzavara.ar\/#organization","name":"CALZAVARA","url":"https:\/\/calzavara.ar\/","logo":{"@type":"ImageObject","inLanguage":"es","@id":"https:\/\/calzavara.ar\/#\/schema\/logo\/image\/","url":"https:\/\/calzavara.ar\/wp-content\/uploads\/2025\/05\/CalzaLogoRedes.jpg","contentUrl":"https:\/\/calzavara.ar\/wp-content\/uploads\/2025\/05\/CalzaLogoRedes.jpg","width":640,"height":640,"caption":"CALZAVARA"},"image":{"@id":"https:\/\/calzavara.ar\/#\/schema\/logo\/image\/"},"sameAs":["https:\/\/www.facebook.com\/calzavarasrl","https:\/\/www.instagram.com\/calzavara_herrajes","https:\/\/www.linkedin.com\/company\/calzavara\/","https:\/\/www.youtube.com\/@calzavara3279"]}]}},"jetpack_sharing_enabled":true,"_links":{"self":[{"href":"https:\/\/calzavara.ar\/index.php\/wp-json\/wp\/v2\/product\/13997","targetHints":{"allow":["GET"]}}],"collection":[{"href":"https:\/\/calzavara.ar\/index.php\/wp-json\/wp\/v2\/product"}],"about":[{"href":"https:\/\/calzavara.ar\/index.php\/wp-json\/wp\/v2\/types\/product"}],"wp:featuredmedia":[{"embeddable":true,"href":"https:\/\/calzavara.ar\/index.php\/wp-json\/wp\/v2\/media\/14003"}],"wp:attachment":[{"href":"https:\/\/calzavara.ar\/index.php\/wp-json\/wp\/v2\/media?parent=13997"}],"wp:term":[{"taxonomy":"product_brand","embeddable":true,"href":"https:\/\/calzavara.ar\/index.php\/wp-json\/wp\/v2\/product_brand?post=13997"},{"taxonomy":"product_cat","embeddable":true,"href":"https:\/\/calzavara.ar\/index.php\/wp-json\/wp\/v2\/product_cat?post=13997"},{"taxonomy":"product_tag","embeddable":true,"href":"https:\/\/calzavara.ar\/index.php\/wp-json\/wp\/v2\/product_tag?post=13997"}],"curies":[{"name":"wp","href":"https:\/\/api.w.org\/{rel}","templated":true}]}}