{"id":12863,"date":"2023-12-04T07:37:51","date_gmt":"2023-12-04T10:37:51","guid":{"rendered":"https:\/\/calzavara.ar\/?post_type=product&#038;p=12863"},"modified":"2026-01-19T08:43:25","modified_gmt":"2026-01-19T11:43:25","slug":"adhesivos-para-pisos-vinilicos-kekol-k-645-por-4kg","status":"publish","type":"product","link":"https:\/\/calzavara.ar\/index.php\/producto\/adhesivos-para-pisos-vinilicos-kekol-k-645-por-4kg\/","title":{"rendered":"Adhesivos Para Pisos Vinilicos Kekol K-645 por 4Kg."},"content":{"rendered":"<p>Descripci\u00f3n<br \/>\nAdhesivo acr\u00edlico de elevada elasticidad y fuerte agarre inicial. Especialmenteformulado para el pegado de pisos vin\u00edlicos, homog\u00e9neos y heterog\u00e9neos,baldosas pl\u00e1sticas y alfombras con base de l\u00e1tex.<br \/>\nCaracter\u00edsticas<br \/>\n\u2022 Libre de solventes<br \/>\n\u2022 Alto agarre inicial<br \/>\n\u2022 Buena adherencia final<br \/>\n\u2022 Adecuado para pisos refaccionados<br \/>\n\u2022 F\u00e1cil aplicaci\u00f3n<br \/>\n\u2022 Sensible a la presi\u00f3n desde el comienzo, despu\u00e9s se convierte en un<br \/>\nasentamiento duro<br \/>\n\u2022 Tiempo de trabajo flexible<br \/>\n\u2022 Permite correcciones durante la colocaci\u00f3n<br \/>\n\u2022 Resistente a la migraci\u00f3n de plastificantes<br \/>\n\u2022 Ecol\u00f3gico: No contiene plomo, cromo o mercurio<\/p>\n<p>Rendimiento: 450-500 g\/m2.<\/p>\n<p>Tiempo de secado final: 24 &#8211; horas.<\/p>\n","protected":false},"excerpt":{"rendered":"<p>Adhesivo para pisos vinilicos por 4kg. K-645<\/p>\n","protected":false},"featured_media":12864,"template":"","meta":[],"product_brand":[],"product_cat":[15],"product_tag":[1126,1072,1129,1082,1128],"class_list":{"0":"post-12863","1":"product","2":"type-product","3":"status-publish","4":"has-post-thumbnail","6":"product_cat-sin-categorizar","7":"product_tag-adhesivo-para-pisos","8":"product_tag-cola","9":"product_tag-k-645","10":"product_tag-kekol","11":"product_tag-pisos-vinilicos","13":"first","14":"outofstock","15":"sale","16":"taxable","17":"shipping-taxable","18":"purchasable","19":"product-type-simple"},"yoast_head":"<!-- This site is optimized with the Yoast SEO plugin v27.2 - https:\/\/yoast.com\/product\/yoast-seo-wordpress\/ -->\n<title>Adhesivos Para Pisos Vinilicos Kekol K-645 por 4Kg. - CALZAVARA<\/title>\n<meta name=\"robots\" content=\"index, follow, max-snippet:-1, max-image-preview:large, max-video-preview:-1\" \/>\n<link rel=\"canonical\" href=\"https:\/\/calzavara.ar\/index.php\/producto\/adhesivos-para-pisos-vinilicos-kekol-k-645-por-4kg\/\" \/>\n<meta property=\"og:locale\" content=\"es_ES\" \/>\n<meta property=\"og:type\" content=\"article\" \/>\n<meta property=\"og:title\" content=\"Adhesivos Para Pisos Vinilicos Kekol K-645 por 4Kg. - CALZAVARA\" \/>\n<meta property=\"og:description\" content=\"Adhesivo para pisos vinilicos por 4kg. K-645\" \/>\n<meta property=\"og:url\" content=\"https:\/\/calzavara.ar\/index.php\/producto\/adhesivos-para-pisos-vinilicos-kekol-k-645-por-4kg\/\" \/>\n<meta property=\"og:site_name\" content=\"CALZAVARA\" \/>\n<meta property=\"article:publisher\" content=\"https:\/\/www.facebook.com\/calzavarasrl\" \/>\n<meta property=\"article:modified_time\" content=\"2026-01-19T11:43:25+00:00\" \/>\n<meta property=\"og:image\" content=\"https:\/\/calzavara.ar\/wp-content\/uploads\/2023\/12\/17290-K-645-adhesivos-para-pisos-vinilicos.jpg\" \/>\n\t<meta property=\"og:image:width\" content=\"1000\" \/>\n\t<meta property=\"og:image:height\" content=\"1000\" \/>\n\t<meta property=\"og:image:type\" content=\"image\/jpeg\" \/>\n<meta name=\"twitter:card\" content=\"summary_large_image\" \/>\n<meta name=\"twitter:label1\" content=\"Tiempo de lectura\" \/>\n\t<meta name=\"twitter:data1\" content=\"1 minuto\" \/>\n<script type=\"application\/ld+json\" class=\"yoast-schema-graph\">{\"@context\":\"https:\/\/schema.org\",\"@graph\":[{\"@type\":\"WebPage\",\"@id\":\"https:\/\/calzavara.ar\/index.php\/producto\/adhesivos-para-pisos-vinilicos-kekol-k-645-por-4kg\/\",\"url\":\"https:\/\/calzavara.ar\/index.php\/producto\/adhesivos-para-pisos-vinilicos-kekol-k-645-por-4kg\/\",\"name\":\"Adhesivos Para Pisos Vinilicos Kekol K-645 por 4Kg. - CALZAVARA\",\"isPartOf\":{\"@id\":\"https:\/\/calzavara.ar\/#website\"},\"primaryImageOfPage\":{\"@id\":\"https:\/\/calzavara.ar\/index.php\/producto\/adhesivos-para-pisos-vinilicos-kekol-k-645-por-4kg\/#primaryimage\"},\"image\":{\"@id\":\"https:\/\/calzavara.ar\/index.php\/producto\/adhesivos-para-pisos-vinilicos-kekol-k-645-por-4kg\/#primaryimage\"},\"thumbnailUrl\":\"https:\/\/calzavara.ar\/wp-content\/uploads\/2023\/12\/17290-K-645-adhesivos-para-pisos-vinilicos.jpg\",\"datePublished\":\"2023-12-04T10:37:51+00:00\",\"dateModified\":\"2026-01-19T11:43:25+00:00\",\"breadcrumb\":{\"@id\":\"https:\/\/calzavara.ar\/index.php\/producto\/adhesivos-para-pisos-vinilicos-kekol-k-645-por-4kg\/#breadcrumb\"},\"inLanguage\":\"es\",\"potentialAction\":[{\"@type\":\"ReadAction\",\"target\":[\"https:\/\/calzavara.ar\/index.php\/producto\/adhesivos-para-pisos-vinilicos-kekol-k-645-por-4kg\/\"]}]},{\"@type\":\"ImageObject\",\"inLanguage\":\"es\",\"@id\":\"https:\/\/calzavara.ar\/index.php\/producto\/adhesivos-para-pisos-vinilicos-kekol-k-645-por-4kg\/#primaryimage\",\"url\":\"https:\/\/calzavara.ar\/wp-content\/uploads\/2023\/12\/17290-K-645-adhesivos-para-pisos-vinilicos.jpg\",\"contentUrl\":\"https:\/\/calzavara.ar\/wp-content\/uploads\/2023\/12\/17290-K-645-adhesivos-para-pisos-vinilicos.jpg\",\"width\":1000,\"height\":1000},{\"@type\":\"BreadcrumbList\",\"@id\":\"https:\/\/calzavara.ar\/index.php\/producto\/adhesivos-para-pisos-vinilicos-kekol-k-645-por-4kg\/#breadcrumb\",\"itemListElement\":[{\"@type\":\"ListItem\",\"position\":1,\"name\":\"Portada\",\"item\":\"https:\/\/calzavara.ar\/\"},{\"@type\":\"ListItem\",\"position\":2,\"name\":\"Tienda\",\"item\":\"https:\/\/calzavara.ar\/index.php\/tienda\/\"},{\"@type\":\"ListItem\",\"position\":3,\"name\":\"Adhesivos Para Pisos Vinilicos Kekol K-645 por 4Kg.\"}]},{\"@type\":\"WebSite\",\"@id\":\"https:\/\/calzavara.ar\/#website\",\"url\":\"https:\/\/calzavara.ar\/\",\"name\":\"CALZAVARA\",\"description\":\"Tienda Oficial CALZAVARA\",\"publisher\":{\"@id\":\"https:\/\/calzavara.ar\/#organization\"},\"potentialAction\":[{\"@type\":\"SearchAction\",\"target\":{\"@type\":\"EntryPoint\",\"urlTemplate\":\"https:\/\/calzavara.ar\/?s={search_term_string}\"},\"query-input\":{\"@type\":\"PropertyValueSpecification\",\"valueRequired\":true,\"valueName\":\"search_term_string\"}}],\"inLanguage\":\"es\"},{\"@type\":\"Organization\",\"@id\":\"https:\/\/calzavara.ar\/#organization\",\"name\":\"CALZAVARA\",\"url\":\"https:\/\/calzavara.ar\/\",\"logo\":{\"@type\":\"ImageObject\",\"inLanguage\":\"es\",\"@id\":\"https:\/\/calzavara.ar\/#\/schema\/logo\/image\/\",\"url\":\"https:\/\/calzavara.ar\/wp-content\/uploads\/2025\/05\/CalzaLogoRedes.jpg\",\"contentUrl\":\"https:\/\/calzavara.ar\/wp-content\/uploads\/2025\/05\/CalzaLogoRedes.jpg\",\"width\":640,\"height\":640,\"caption\":\"CALZAVARA\"},\"image\":{\"@id\":\"https:\/\/calzavara.ar\/#\/schema\/logo\/image\/\"},\"sameAs\":[\"https:\/\/www.facebook.com\/calzavarasrl\",\"https:\/\/www.instagram.com\/calzavara_herrajes\",\"https:\/\/www.linkedin.com\/company\/calzavara\/\",\"https:\/\/www.youtube.com\/@calzavara3279\"]}]}<\/script>\n<!-- \/ Yoast SEO plugin. -->","yoast_head_json":{"title":"Adhesivos Para Pisos Vinilicos Kekol K-645 por 4Kg. - CALZAVARA","robots":{"index":"index","follow":"follow","max-snippet":"max-snippet:-1","max-image-preview":"max-image-preview:large","max-video-preview":"max-video-preview:-1"},"canonical":"https:\/\/calzavara.ar\/index.php\/producto\/adhesivos-para-pisos-vinilicos-kekol-k-645-por-4kg\/","og_locale":"es_ES","og_type":"article","og_title":"Adhesivos Para Pisos Vinilicos Kekol K-645 por 4Kg. - CALZAVARA","og_description":"Adhesivo para pisos vinilicos por 4kg. K-645","og_url":"https:\/\/calzavara.ar\/index.php\/producto\/adhesivos-para-pisos-vinilicos-kekol-k-645-por-4kg\/","og_site_name":"CALZAVARA","article_publisher":"https:\/\/www.facebook.com\/calzavarasrl","article_modified_time":"2026-01-19T11:43:25+00:00","og_image":[{"width":1000,"height":1000,"url":"https:\/\/calzavara.ar\/wp-content\/uploads\/2023\/12\/17290-K-645-adhesivos-para-pisos-vinilicos.jpg","type":"image\/jpeg"}],"twitter_card":"summary_large_image","twitter_misc":{"Tiempo de lectura":"1 minuto"},"schema":{"@context":"https:\/\/schema.org","@graph":[{"@type":"WebPage","@id":"https:\/\/calzavara.ar\/index.php\/producto\/adhesivos-para-pisos-vinilicos-kekol-k-645-por-4kg\/","url":"https:\/\/calzavara.ar\/index.php\/producto\/adhesivos-para-pisos-vinilicos-kekol-k-645-por-4kg\/","name":"Adhesivos Para Pisos Vinilicos Kekol K-645 por 4Kg. - CALZAVARA","isPartOf":{"@id":"https:\/\/calzavara.ar\/#website"},"primaryImageOfPage":{"@id":"https:\/\/calzavara.ar\/index.php\/producto\/adhesivos-para-pisos-vinilicos-kekol-k-645-por-4kg\/#primaryimage"},"image":{"@id":"https:\/\/calzavara.ar\/index.php\/producto\/adhesivos-para-pisos-vinilicos-kekol-k-645-por-4kg\/#primaryimage"},"thumbnailUrl":"https:\/\/calzavara.ar\/wp-content\/uploads\/2023\/12\/17290-K-645-adhesivos-para-pisos-vinilicos.jpg","datePublished":"2023-12-04T10:37:51+00:00","dateModified":"2026-01-19T11:43:25+00:00","breadcrumb":{"@id":"https:\/\/calzavara.ar\/index.php\/producto\/adhesivos-para-pisos-vinilicos-kekol-k-645-por-4kg\/#breadcrumb"},"inLanguage":"es","potentialAction":[{"@type":"ReadAction","target":["https:\/\/calzavara.ar\/index.php\/producto\/adhesivos-para-pisos-vinilicos-kekol-k-645-por-4kg\/"]}]},{"@type":"ImageObject","inLanguage":"es","@id":"https:\/\/calzavara.ar\/index.php\/producto\/adhesivos-para-pisos-vinilicos-kekol-k-645-por-4kg\/#primaryimage","url":"https:\/\/calzavara.ar\/wp-content\/uploads\/2023\/12\/17290-K-645-adhesivos-para-pisos-vinilicos.jpg","contentUrl":"https:\/\/calzavara.ar\/wp-content\/uploads\/2023\/12\/17290-K-645-adhesivos-para-pisos-vinilicos.jpg","width":1000,"height":1000},{"@type":"BreadcrumbList","@id":"https:\/\/calzavara.ar\/index.php\/producto\/adhesivos-para-pisos-vinilicos-kekol-k-645-por-4kg\/#breadcrumb","itemListElement":[{"@type":"ListItem","position":1,"name":"Portada","item":"https:\/\/calzavara.ar\/"},{"@type":"ListItem","position":2,"name":"Tienda","item":"https:\/\/calzavara.ar\/index.php\/tienda\/"},{"@type":"ListItem","position":3,"name":"Adhesivos Para Pisos Vinilicos Kekol K-645 por 4Kg."}]},{"@type":"WebSite","@id":"https:\/\/calzavara.ar\/#website","url":"https:\/\/calzavara.ar\/","name":"CALZAVARA","description":"Tienda Oficial CALZAVARA","publisher":{"@id":"https:\/\/calzavara.ar\/#organization"},"potentialAction":[{"@type":"SearchAction","target":{"@type":"EntryPoint","urlTemplate":"https:\/\/calzavara.ar\/?s={search_term_string}"},"query-input":{"@type":"PropertyValueSpecification","valueRequired":true,"valueName":"search_term_string"}}],"inLanguage":"es"},{"@type":"Organization","@id":"https:\/\/calzavara.ar\/#organization","name":"CALZAVARA","url":"https:\/\/calzavara.ar\/","logo":{"@type":"ImageObject","inLanguage":"es","@id":"https:\/\/calzavara.ar\/#\/schema\/logo\/image\/","url":"https:\/\/calzavara.ar\/wp-content\/uploads\/2025\/05\/CalzaLogoRedes.jpg","contentUrl":"https:\/\/calzavara.ar\/wp-content\/uploads\/2025\/05\/CalzaLogoRedes.jpg","width":640,"height":640,"caption":"CALZAVARA"},"image":{"@id":"https:\/\/calzavara.ar\/#\/schema\/logo\/image\/"},"sameAs":["https:\/\/www.facebook.com\/calzavarasrl","https:\/\/www.instagram.com\/calzavara_herrajes","https:\/\/www.linkedin.com\/company\/calzavara\/","https:\/\/www.youtube.com\/@calzavara3279"]}]}},"jetpack_sharing_enabled":true,"_links":{"self":[{"href":"https:\/\/calzavara.ar\/index.php\/wp-json\/wp\/v2\/product\/12863","targetHints":{"allow":["GET"]}}],"collection":[{"href":"https:\/\/calzavara.ar\/index.php\/wp-json\/wp\/v2\/product"}],"about":[{"href":"https:\/\/calzavara.ar\/index.php\/wp-json\/wp\/v2\/types\/product"}],"wp:featuredmedia":[{"embeddable":true,"href":"https:\/\/calzavara.ar\/index.php\/wp-json\/wp\/v2\/media\/12864"}],"wp:attachment":[{"href":"https:\/\/calzavara.ar\/index.php\/wp-json\/wp\/v2\/media?parent=12863"}],"wp:term":[{"taxonomy":"product_brand","embeddable":true,"href":"https:\/\/calzavara.ar\/index.php\/wp-json\/wp\/v2\/product_brand?post=12863"},{"taxonomy":"product_cat","embeddable":true,"href":"https:\/\/calzavara.ar\/index.php\/wp-json\/wp\/v2\/product_cat?post=12863"},{"taxonomy":"product_tag","embeddable":true,"href":"https:\/\/calzavara.ar\/index.php\/wp-json\/wp\/v2\/product_tag?post=12863"}],"curies":[{"name":"wp","href":"https:\/\/api.w.org\/{rel}","templated":true}]}}