{"id":12843,"date":"2023-11-30T00:55:09","date_gmt":"2023-11-30T03:55:09","guid":{"rendered":"https:\/\/calzavara.ar\/?post_type=product&#038;p=12843"},"modified":"2026-02-24T18:25:32","modified_gmt":"2026-02-24T21:25:32","slug":"laca-poliuretanica-k-4045-brillante-de-alto-transito-por-1-litro","status":"publish","type":"product","link":"https:\/\/calzavara.ar\/index.php\/producto\/laca-poliuretanica-k-4045-brillante-de-alto-transito-por-1-litro\/","title":{"rendered":"Laca Poliuretanica k-4045 Brillante De Alto Transito por 1 Litro."},"content":{"rendered":"<p>Laca poliuretanica l\u00ednea BRILLANTE monocomponente reticulable con la humedad ambiente indicada para el embellecimiento de pisos y todo tipo de madera. Realzando vetas, sin modificar el tono.<\/p>\n<p>Caracter\u00edsticas:<br \/>\n\u2022 Dureza superficial.<br \/>\n\u2022 Elasticidad, no se forman grietas.<br \/>\n\u2022 Resistencia a rayones e impactos.<br \/>\n\u2022 Estabilidad qu\u00edmica (disolventes\/\u00e1cidos\/bases)<br \/>\n\u2022 F\u00e1cil aplicaci\u00f3n.<br \/>\n\u2022 Excelente pintabilidad y nivelaci\u00f3n.<\/p>\n<p>Piso nuevo: Dejar transcurrir de 60 a 90 d\u00edas en pisos reci\u00e9n colocados La carpeta debe estar bien aislada se recomienda, pulido fino con m\u00e1quina profesional. No usar solventes para la limpieza de la madera, pues afectan adherencia, secado y dureza.<br \/>\nPisos plastificados en buenas condiciones: si no se presentan cuarteos ni descascaramientos, s\u00f3lo deber\u00e1 lijarse hasta lograr un mateado parejo y eliminar totalmente el polvo.<br \/>\nPisos con plastificados en malas condiciones o encerados: Se proceder\u00e1 de la misma forma que para pisos nuevos, teniendo especial cuidado que no queden restos de cera, sobre todo en las uniones de tablas.<\/p>\n<p>DILUCI\u00d3N: K-L40.<\/p>\n<p>Rendimiento: 12-14 m2\/L por mano.<\/p>\n<p>&nbsp;<\/p>\n","protected":false},"excerpt":{"rendered":"<p>Laca Poliuretanica De Alto Transito de Terminacion Brillante. Por 1 Litro. Marca Kekol<\/p>\n","protected":false},"featured_media":12844,"template":"","meta":[],"product_brand":[],"product_cat":[1104],"product_tag":[1114,1113,1124,1115,1125],"class_list":{"0":"post-12843","1":"product","2":"type-product","3":"status-publish","4":"has-post-thumbnail","6":"product_cat-lacas-y-selladores","7":"product_tag-alto-transito","8":"product_tag-brillante","9":"product_tag-k-4045","10":"product_tag-laca","11":"product_tag-premiun","13":"first","14":"instock","15":"sale","16":"taxable","17":"shipping-taxable","18":"purchasable","19":"product-type-simple"},"yoast_head":"<!-- This site is optimized with the Yoast SEO plugin v27.2 - https:\/\/yoast.com\/product\/yoast-seo-wordpress\/ -->\n<title>Laca Poliuretanica k-4045 Brillante De Alto Transito por 1 Litro. - CALZAVARA<\/title>\n<meta name=\"robots\" content=\"index, follow, max-snippet:-1, max-image-preview:large, max-video-preview:-1\" \/>\n<link rel=\"canonical\" href=\"https:\/\/calzavara.ar\/index.php\/producto\/laca-poliuretanica-k-4045-brillante-de-alto-transito-por-1-litro\/\" \/>\n<meta property=\"og:locale\" content=\"es_ES\" \/>\n<meta property=\"og:type\" content=\"article\" \/>\n<meta property=\"og:title\" content=\"Laca Poliuretanica k-4045 Brillante De Alto Transito por 1 Litro. - CALZAVARA\" \/>\n<meta property=\"og:description\" content=\"Laca Poliuretanica De Alto Transito de Terminacion Brillante. Por 1 Litro. Marca Kekol\" \/>\n<meta property=\"og:url\" content=\"https:\/\/calzavara.ar\/index.php\/producto\/laca-poliuretanica-k-4045-brillante-de-alto-transito-por-1-litro\/\" \/>\n<meta property=\"og:site_name\" content=\"CALZAVARA\" \/>\n<meta property=\"article:publisher\" content=\"https:\/\/www.facebook.com\/calzavarasrl\" \/>\n<meta property=\"article:modified_time\" content=\"2026-02-24T21:25:32+00:00\" \/>\n<meta property=\"og:image\" content=\"https:\/\/calzavara.ar\/wp-content\/uploads\/2023\/11\/laca-poliuretanica-brillante.jpg\" \/>\n\t<meta property=\"og:image:width\" content=\"1080\" \/>\n\t<meta property=\"og:image:height\" content=\"1080\" \/>\n\t<meta property=\"og:image:type\" content=\"image\/jpeg\" \/>\n<meta name=\"twitter:card\" content=\"summary_large_image\" \/>\n<meta name=\"twitter:label1\" content=\"Tiempo de lectura\" \/>\n\t<meta name=\"twitter:data1\" content=\"1 minuto\" \/>\n<script type=\"application\/ld+json\" class=\"yoast-schema-graph\">{\"@context\":\"https:\/\/schema.org\",\"@graph\":[{\"@type\":\"WebPage\",\"@id\":\"https:\/\/calzavara.ar\/index.php\/producto\/laca-poliuretanica-k-4045-brillante-de-alto-transito-por-1-litro\/\",\"url\":\"https:\/\/calzavara.ar\/index.php\/producto\/laca-poliuretanica-k-4045-brillante-de-alto-transito-por-1-litro\/\",\"name\":\"Laca Poliuretanica k-4045 Brillante De Alto Transito por 1 Litro. - CALZAVARA\",\"isPartOf\":{\"@id\":\"https:\/\/calzavara.ar\/#website\"},\"primaryImageOfPage\":{\"@id\":\"https:\/\/calzavara.ar\/index.php\/producto\/laca-poliuretanica-k-4045-brillante-de-alto-transito-por-1-litro\/#primaryimage\"},\"image\":{\"@id\":\"https:\/\/calzavara.ar\/index.php\/producto\/laca-poliuretanica-k-4045-brillante-de-alto-transito-por-1-litro\/#primaryimage\"},\"thumbnailUrl\":\"https:\/\/calzavara.ar\/wp-content\/uploads\/2023\/11\/laca-poliuretanica-brillante.jpg\",\"datePublished\":\"2023-11-30T03:55:09+00:00\",\"dateModified\":\"2026-02-24T21:25:32+00:00\",\"breadcrumb\":{\"@id\":\"https:\/\/calzavara.ar\/index.php\/producto\/laca-poliuretanica-k-4045-brillante-de-alto-transito-por-1-litro\/#breadcrumb\"},\"inLanguage\":\"es\",\"potentialAction\":[{\"@type\":\"ReadAction\",\"target\":[\"https:\/\/calzavara.ar\/index.php\/producto\/laca-poliuretanica-k-4045-brillante-de-alto-transito-por-1-litro\/\"]}]},{\"@type\":\"ImageObject\",\"inLanguage\":\"es\",\"@id\":\"https:\/\/calzavara.ar\/index.php\/producto\/laca-poliuretanica-k-4045-brillante-de-alto-transito-por-1-litro\/#primaryimage\",\"url\":\"https:\/\/calzavara.ar\/wp-content\/uploads\/2023\/11\/laca-poliuretanica-brillante.jpg\",\"contentUrl\":\"https:\/\/calzavara.ar\/wp-content\/uploads\/2023\/11\/laca-poliuretanica-brillante.jpg\",\"width\":1080,\"height\":1080},{\"@type\":\"BreadcrumbList\",\"@id\":\"https:\/\/calzavara.ar\/index.php\/producto\/laca-poliuretanica-k-4045-brillante-de-alto-transito-por-1-litro\/#breadcrumb\",\"itemListElement\":[{\"@type\":\"ListItem\",\"position\":1,\"name\":\"Portada\",\"item\":\"https:\/\/calzavara.ar\/\"},{\"@type\":\"ListItem\",\"position\":2,\"name\":\"Tienda\",\"item\":\"https:\/\/calzavara.ar\/index.php\/tienda\/\"},{\"@type\":\"ListItem\",\"position\":3,\"name\":\"Laca Poliuretanica k-4045 Brillante De Alto Transito por 1 Litro.\"}]},{\"@type\":\"WebSite\",\"@id\":\"https:\/\/calzavara.ar\/#website\",\"url\":\"https:\/\/calzavara.ar\/\",\"name\":\"CALZAVARA\",\"description\":\"Tienda Oficial CALZAVARA\",\"publisher\":{\"@id\":\"https:\/\/calzavara.ar\/#organization\"},\"potentialAction\":[{\"@type\":\"SearchAction\",\"target\":{\"@type\":\"EntryPoint\",\"urlTemplate\":\"https:\/\/calzavara.ar\/?s={search_term_string}\"},\"query-input\":{\"@type\":\"PropertyValueSpecification\",\"valueRequired\":true,\"valueName\":\"search_term_string\"}}],\"inLanguage\":\"es\"},{\"@type\":\"Organization\",\"@id\":\"https:\/\/calzavara.ar\/#organization\",\"name\":\"CALZAVARA\",\"url\":\"https:\/\/calzavara.ar\/\",\"logo\":{\"@type\":\"ImageObject\",\"inLanguage\":\"es\",\"@id\":\"https:\/\/calzavara.ar\/#\/schema\/logo\/image\/\",\"url\":\"https:\/\/calzavara.ar\/wp-content\/uploads\/2025\/05\/CalzaLogoRedes.jpg\",\"contentUrl\":\"https:\/\/calzavara.ar\/wp-content\/uploads\/2025\/05\/CalzaLogoRedes.jpg\",\"width\":640,\"height\":640,\"caption\":\"CALZAVARA\"},\"image\":{\"@id\":\"https:\/\/calzavara.ar\/#\/schema\/logo\/image\/\"},\"sameAs\":[\"https:\/\/www.facebook.com\/calzavarasrl\",\"https:\/\/www.instagram.com\/calzavara_herrajes\",\"https:\/\/www.linkedin.com\/company\/calzavara\/\",\"https:\/\/www.youtube.com\/@calzavara3279\"]}]}<\/script>\n<!-- \/ Yoast SEO plugin. -->","yoast_head_json":{"title":"Laca Poliuretanica k-4045 Brillante De Alto Transito por 1 Litro. - CALZAVARA","robots":{"index":"index","follow":"follow","max-snippet":"max-snippet:-1","max-image-preview":"max-image-preview:large","max-video-preview":"max-video-preview:-1"},"canonical":"https:\/\/calzavara.ar\/index.php\/producto\/laca-poliuretanica-k-4045-brillante-de-alto-transito-por-1-litro\/","og_locale":"es_ES","og_type":"article","og_title":"Laca Poliuretanica k-4045 Brillante De Alto Transito por 1 Litro. - CALZAVARA","og_description":"Laca Poliuretanica De Alto Transito de Terminacion Brillante. Por 1 Litro. Marca Kekol","og_url":"https:\/\/calzavara.ar\/index.php\/producto\/laca-poliuretanica-k-4045-brillante-de-alto-transito-por-1-litro\/","og_site_name":"CALZAVARA","article_publisher":"https:\/\/www.facebook.com\/calzavarasrl","article_modified_time":"2026-02-24T21:25:32+00:00","og_image":[{"width":1080,"height":1080,"url":"https:\/\/calzavara.ar\/wp-content\/uploads\/2023\/11\/laca-poliuretanica-brillante.jpg","type":"image\/jpeg"}],"twitter_card":"summary_large_image","twitter_misc":{"Tiempo de lectura":"1 minuto"},"schema":{"@context":"https:\/\/schema.org","@graph":[{"@type":"WebPage","@id":"https:\/\/calzavara.ar\/index.php\/producto\/laca-poliuretanica-k-4045-brillante-de-alto-transito-por-1-litro\/","url":"https:\/\/calzavara.ar\/index.php\/producto\/laca-poliuretanica-k-4045-brillante-de-alto-transito-por-1-litro\/","name":"Laca Poliuretanica k-4045 Brillante De Alto Transito por 1 Litro. - CALZAVARA","isPartOf":{"@id":"https:\/\/calzavara.ar\/#website"},"primaryImageOfPage":{"@id":"https:\/\/calzavara.ar\/index.php\/producto\/laca-poliuretanica-k-4045-brillante-de-alto-transito-por-1-litro\/#primaryimage"},"image":{"@id":"https:\/\/calzavara.ar\/index.php\/producto\/laca-poliuretanica-k-4045-brillante-de-alto-transito-por-1-litro\/#primaryimage"},"thumbnailUrl":"https:\/\/calzavara.ar\/wp-content\/uploads\/2023\/11\/laca-poliuretanica-brillante.jpg","datePublished":"2023-11-30T03:55:09+00:00","dateModified":"2026-02-24T21:25:32+00:00","breadcrumb":{"@id":"https:\/\/calzavara.ar\/index.php\/producto\/laca-poliuretanica-k-4045-brillante-de-alto-transito-por-1-litro\/#breadcrumb"},"inLanguage":"es","potentialAction":[{"@type":"ReadAction","target":["https:\/\/calzavara.ar\/index.php\/producto\/laca-poliuretanica-k-4045-brillante-de-alto-transito-por-1-litro\/"]}]},{"@type":"ImageObject","inLanguage":"es","@id":"https:\/\/calzavara.ar\/index.php\/producto\/laca-poliuretanica-k-4045-brillante-de-alto-transito-por-1-litro\/#primaryimage","url":"https:\/\/calzavara.ar\/wp-content\/uploads\/2023\/11\/laca-poliuretanica-brillante.jpg","contentUrl":"https:\/\/calzavara.ar\/wp-content\/uploads\/2023\/11\/laca-poliuretanica-brillante.jpg","width":1080,"height":1080},{"@type":"BreadcrumbList","@id":"https:\/\/calzavara.ar\/index.php\/producto\/laca-poliuretanica-k-4045-brillante-de-alto-transito-por-1-litro\/#breadcrumb","itemListElement":[{"@type":"ListItem","position":1,"name":"Portada","item":"https:\/\/calzavara.ar\/"},{"@type":"ListItem","position":2,"name":"Tienda","item":"https:\/\/calzavara.ar\/index.php\/tienda\/"},{"@type":"ListItem","position":3,"name":"Laca Poliuretanica k-4045 Brillante De Alto Transito por 1 Litro."}]},{"@type":"WebSite","@id":"https:\/\/calzavara.ar\/#website","url":"https:\/\/calzavara.ar\/","name":"CALZAVARA","description":"Tienda Oficial CALZAVARA","publisher":{"@id":"https:\/\/calzavara.ar\/#organization"},"potentialAction":[{"@type":"SearchAction","target":{"@type":"EntryPoint","urlTemplate":"https:\/\/calzavara.ar\/?s={search_term_string}"},"query-input":{"@type":"PropertyValueSpecification","valueRequired":true,"valueName":"search_term_string"}}],"inLanguage":"es"},{"@type":"Organization","@id":"https:\/\/calzavara.ar\/#organization","name":"CALZAVARA","url":"https:\/\/calzavara.ar\/","logo":{"@type":"ImageObject","inLanguage":"es","@id":"https:\/\/calzavara.ar\/#\/schema\/logo\/image\/","url":"https:\/\/calzavara.ar\/wp-content\/uploads\/2025\/05\/CalzaLogoRedes.jpg","contentUrl":"https:\/\/calzavara.ar\/wp-content\/uploads\/2025\/05\/CalzaLogoRedes.jpg","width":640,"height":640,"caption":"CALZAVARA"},"image":{"@id":"https:\/\/calzavara.ar\/#\/schema\/logo\/image\/"},"sameAs":["https:\/\/www.facebook.com\/calzavarasrl","https:\/\/www.instagram.com\/calzavara_herrajes","https:\/\/www.linkedin.com\/company\/calzavara\/","https:\/\/www.youtube.com\/@calzavara3279"]}]}},"jetpack_sharing_enabled":true,"_links":{"self":[{"href":"https:\/\/calzavara.ar\/index.php\/wp-json\/wp\/v2\/product\/12843","targetHints":{"allow":["GET"]}}],"collection":[{"href":"https:\/\/calzavara.ar\/index.php\/wp-json\/wp\/v2\/product"}],"about":[{"href":"https:\/\/calzavara.ar\/index.php\/wp-json\/wp\/v2\/types\/product"}],"wp:featuredmedia":[{"embeddable":true,"href":"https:\/\/calzavara.ar\/index.php\/wp-json\/wp\/v2\/media\/12844"}],"wp:attachment":[{"href":"https:\/\/calzavara.ar\/index.php\/wp-json\/wp\/v2\/media?parent=12843"}],"wp:term":[{"taxonomy":"product_brand","embeddable":true,"href":"https:\/\/calzavara.ar\/index.php\/wp-json\/wp\/v2\/product_brand?post=12843"},{"taxonomy":"product_cat","embeddable":true,"href":"https:\/\/calzavara.ar\/index.php\/wp-json\/wp\/v2\/product_cat?post=12843"},{"taxonomy":"product_tag","embeddable":true,"href":"https:\/\/calzavara.ar\/index.php\/wp-json\/wp\/v2\/product_tag?post=12843"}],"curies":[{"name":"wp","href":"https:\/\/api.w.org\/{rel}","templated":true}]}}