{"id":12841,"date":"2023-11-30T00:24:41","date_gmt":"2023-11-30T03:24:41","guid":{"rendered":"https:\/\/calzavara.ar\/?post_type=product&#038;p=12841"},"modified":"2026-01-19T08:43:25","modified_gmt":"2026-01-19T11:43:25","slug":"sellador-para-madera-de-base-acuosa-k-403-de-kekol-por-4-litros","status":"publish","type":"product","link":"https:\/\/calzavara.ar\/index.php\/producto\/sellador-para-madera-de-base-acuosa-k-403-de-kekol-por-4-litros\/","title":{"rendered":"Sellador Para Madera De Base Acuosa k-403 De KeKol Por 4 Litros"},"content":{"rendered":"<p>Sellador a base de copol\u00edmeros acr\u00edlicos autoreticulables de excelente penetraci\u00f3n y gran poder de bloqueo, unifica la absorci\u00f3n del sustrato y asegura el anclaje sobre maderas duras, de poro cerrado y altamente resinoso. De plicaci\u00f3n r\u00e1pida, f\u00e1cil y ecol\u00f3gica, sin emisi\u00f3n de olores.<\/p>\n<p>Caracter\u00edsticas:<br \/>\n\u2022 Dise\u00f1ado para aplicar con todos los acabados acuosos Kekol.<br \/>\n\u2022 Superficie con cuerpo<br \/>\n\u2022 Riesgo reducido de adhesi\u00f3n lateral<br \/>\n\u2022 Adecuado para suelos de tabl\u00f3n de con\u00edfera<br \/>\n\u2022 F\u00e1cil aplicaci\u00f3n<br \/>\n\u2022 Adecuado para suelos de madera con calefacci\u00f3n por el subsuelo<br \/>\n\u2022 Ecol\u00f3gico: No contiene plomo, cromo o mercurio<\/p>\n<p>Rendimiento:<br \/>\nMaderas blandas: 9 a 11 m2 por litro y por mano<br \/>\nMaderas semiblandas: 13 a 15 m2 por litro y por mano<br \/>\nMaderas duras: 16 a 18 m2 por litro y por mano<br \/>\n*Te\u00f3rico aproximado, dependiendo del grado de absorci\u00f3n de la madera*<\/p>\n","protected":false},"excerpt":{"rendered":"<p>Sellador para madera de base acuosa marca Kekol, por 4 litro.<\/p>\n","protected":false},"featured_media":12842,"template":"","meta":[],"product_brand":[],"product_cat":[69],"product_tag":[1122,1106,1123,1082,405],"class_list":{"0":"post-12841","1":"product","2":"type-product","3":"status-publish","4":"has-post-thumbnail","6":"product_cat-adhesivosselladores","7":"product_tag-4-litros","8":"product_tag-base-acuosa","9":"product_tag-k-403","10":"product_tag-kekol","11":"product_tag-sellador","13":"first","14":"instock","15":"sale","16":"taxable","17":"shipping-taxable","18":"purchasable","19":"product-type-simple"},"yoast_head":"<!-- This site is optimized with the Yoast SEO plugin v27.3 - https:\/\/yoast.com\/product\/yoast-seo-wordpress\/ -->\n<title>Sellador Para Madera De Base Acuosa k-403 De KeKol Por 4 Litros - CALZAVARA<\/title>\n<meta name=\"robots\" content=\"index, follow, max-snippet:-1, max-image-preview:large, max-video-preview:-1\" \/>\n<link rel=\"canonical\" href=\"https:\/\/calzavara.ar\/index.php\/producto\/sellador-para-madera-de-base-acuosa-k-403-de-kekol-por-4-litros\/\" \/>\n<meta property=\"og:locale\" content=\"es_ES\" \/>\n<meta property=\"og:type\" content=\"article\" \/>\n<meta property=\"og:title\" content=\"Sellador Para Madera De Base Acuosa k-403 De KeKol Por 4 Litros - CALZAVARA\" \/>\n<meta property=\"og:description\" content=\"Sellador para madera de base acuosa marca Kekol, por 4 litro.\" \/>\n<meta property=\"og:url\" content=\"https:\/\/calzavara.ar\/index.php\/producto\/sellador-para-madera-de-base-acuosa-k-403-de-kekol-por-4-litros\/\" \/>\n<meta property=\"og:site_name\" content=\"CALZAVARA\" \/>\n<meta property=\"article:publisher\" content=\"https:\/\/www.facebook.com\/calzavarasrl\" \/>\n<meta property=\"article:modified_time\" content=\"2026-01-19T11:43:25+00:00\" \/>\n<meta property=\"og:image\" content=\"https:\/\/calzavara.ar\/wp-content\/uploads\/2023\/11\/K-403-sellador-para-madera-acuoso.jpg\" \/>\n\t<meta property=\"og:image:width\" content=\"1000\" \/>\n\t<meta property=\"og:image:height\" content=\"1000\" \/>\n\t<meta property=\"og:image:type\" content=\"image\/jpeg\" \/>\n<meta name=\"twitter:card\" content=\"summary_large_image\" \/>\n<meta name=\"twitter:label1\" content=\"Tiempo de lectura\" \/>\n\t<meta name=\"twitter:data1\" content=\"1 minuto\" \/>\n<script type=\"application\/ld+json\" class=\"yoast-schema-graph\">{\"@context\":\"https:\\\/\\\/schema.org\",\"@graph\":[{\"@type\":\"WebPage\",\"@id\":\"https:\\\/\\\/calzavara.ar\\\/index.php\\\/producto\\\/sellador-para-madera-de-base-acuosa-k-403-de-kekol-por-4-litros\\\/\",\"url\":\"https:\\\/\\\/calzavara.ar\\\/index.php\\\/producto\\\/sellador-para-madera-de-base-acuosa-k-403-de-kekol-por-4-litros\\\/\",\"name\":\"Sellador Para Madera De Base Acuosa k-403 De KeKol Por 4 Litros - CALZAVARA\",\"isPartOf\":{\"@id\":\"https:\\\/\\\/calzavara.ar\\\/#website\"},\"primaryImageOfPage\":{\"@id\":\"https:\\\/\\\/calzavara.ar\\\/index.php\\\/producto\\\/sellador-para-madera-de-base-acuosa-k-403-de-kekol-por-4-litros\\\/#primaryimage\"},\"image\":{\"@id\":\"https:\\\/\\\/calzavara.ar\\\/index.php\\\/producto\\\/sellador-para-madera-de-base-acuosa-k-403-de-kekol-por-4-litros\\\/#primaryimage\"},\"thumbnailUrl\":\"https:\\\/\\\/calzavara.ar\\\/wp-content\\\/uploads\\\/2023\\\/11\\\/K-403-sellador-para-madera-acuoso.jpg\",\"datePublished\":\"2023-11-30T03:24:41+00:00\",\"dateModified\":\"2026-01-19T11:43:25+00:00\",\"breadcrumb\":{\"@id\":\"https:\\\/\\\/calzavara.ar\\\/index.php\\\/producto\\\/sellador-para-madera-de-base-acuosa-k-403-de-kekol-por-4-litros\\\/#breadcrumb\"},\"inLanguage\":\"es\",\"potentialAction\":[{\"@type\":\"ReadAction\",\"target\":[\"https:\\\/\\\/calzavara.ar\\\/index.php\\\/producto\\\/sellador-para-madera-de-base-acuosa-k-403-de-kekol-por-4-litros\\\/\"]}]},{\"@type\":\"ImageObject\",\"inLanguage\":\"es\",\"@id\":\"https:\\\/\\\/calzavara.ar\\\/index.php\\\/producto\\\/sellador-para-madera-de-base-acuosa-k-403-de-kekol-por-4-litros\\\/#primaryimage\",\"url\":\"https:\\\/\\\/calzavara.ar\\\/wp-content\\\/uploads\\\/2023\\\/11\\\/K-403-sellador-para-madera-acuoso.jpg\",\"contentUrl\":\"https:\\\/\\\/calzavara.ar\\\/wp-content\\\/uploads\\\/2023\\\/11\\\/K-403-sellador-para-madera-acuoso.jpg\",\"width\":1000,\"height\":1000},{\"@type\":\"BreadcrumbList\",\"@id\":\"https:\\\/\\\/calzavara.ar\\\/index.php\\\/producto\\\/sellador-para-madera-de-base-acuosa-k-403-de-kekol-por-4-litros\\\/#breadcrumb\",\"itemListElement\":[{\"@type\":\"ListItem\",\"position\":1,\"name\":\"Portada\",\"item\":\"https:\\\/\\\/calzavara.ar\\\/\"},{\"@type\":\"ListItem\",\"position\":2,\"name\":\"Tienda\",\"item\":\"https:\\\/\\\/calzavara.ar\\\/index.php\\\/tienda\\\/\"},{\"@type\":\"ListItem\",\"position\":3,\"name\":\"Sellador Para Madera De Base Acuosa k-403 De KeKol Por 4 Litros\"}]},{\"@type\":\"WebSite\",\"@id\":\"https:\\\/\\\/calzavara.ar\\\/#website\",\"url\":\"https:\\\/\\\/calzavara.ar\\\/\",\"name\":\"CALZAVARA\",\"description\":\"Tienda Oficial CALZAVARA\",\"publisher\":{\"@id\":\"https:\\\/\\\/calzavara.ar\\\/#organization\"},\"potentialAction\":[{\"@type\":\"SearchAction\",\"target\":{\"@type\":\"EntryPoint\",\"urlTemplate\":\"https:\\\/\\\/calzavara.ar\\\/?s={search_term_string}\"},\"query-input\":{\"@type\":\"PropertyValueSpecification\",\"valueRequired\":true,\"valueName\":\"search_term_string\"}}],\"inLanguage\":\"es\"},{\"@type\":\"Organization\",\"@id\":\"https:\\\/\\\/calzavara.ar\\\/#organization\",\"name\":\"CALZAVARA\",\"url\":\"https:\\\/\\\/calzavara.ar\\\/\",\"logo\":{\"@type\":\"ImageObject\",\"inLanguage\":\"es\",\"@id\":\"https:\\\/\\\/calzavara.ar\\\/#\\\/schema\\\/logo\\\/image\\\/\",\"url\":\"https:\\\/\\\/calzavara.ar\\\/wp-content\\\/uploads\\\/2025\\\/05\\\/CalzaLogoRedes.jpg\",\"contentUrl\":\"https:\\\/\\\/calzavara.ar\\\/wp-content\\\/uploads\\\/2025\\\/05\\\/CalzaLogoRedes.jpg\",\"width\":640,\"height\":640,\"caption\":\"CALZAVARA\"},\"image\":{\"@id\":\"https:\\\/\\\/calzavara.ar\\\/#\\\/schema\\\/logo\\\/image\\\/\"},\"sameAs\":[\"https:\\\/\\\/www.facebook.com\\\/calzavarasrl\",\"https:\\\/\\\/www.instagram.com\\\/calzavara_herrajes\",\"https:\\\/\\\/www.linkedin.com\\\/company\\\/calzavara\\\/\",\"https:\\\/\\\/www.youtube.com\\\/@calzavara3279\"]}]}<\/script>\n<!-- \/ Yoast SEO plugin. -->","yoast_head_json":{"title":"Sellador Para Madera De Base Acuosa k-403 De KeKol Por 4 Litros - CALZAVARA","robots":{"index":"index","follow":"follow","max-snippet":"max-snippet:-1","max-image-preview":"max-image-preview:large","max-video-preview":"max-video-preview:-1"},"canonical":"https:\/\/calzavara.ar\/index.php\/producto\/sellador-para-madera-de-base-acuosa-k-403-de-kekol-por-4-litros\/","og_locale":"es_ES","og_type":"article","og_title":"Sellador Para Madera De Base Acuosa k-403 De KeKol Por 4 Litros - CALZAVARA","og_description":"Sellador para madera de base acuosa marca Kekol, por 4 litro.","og_url":"https:\/\/calzavara.ar\/index.php\/producto\/sellador-para-madera-de-base-acuosa-k-403-de-kekol-por-4-litros\/","og_site_name":"CALZAVARA","article_publisher":"https:\/\/www.facebook.com\/calzavarasrl","article_modified_time":"2026-01-19T11:43:25+00:00","og_image":[{"width":1000,"height":1000,"url":"https:\/\/calzavara.ar\/wp-content\/uploads\/2023\/11\/K-403-sellador-para-madera-acuoso.jpg","type":"image\/jpeg"}],"twitter_card":"summary_large_image","twitter_misc":{"Tiempo de lectura":"1 minuto"},"schema":{"@context":"https:\/\/schema.org","@graph":[{"@type":"WebPage","@id":"https:\/\/calzavara.ar\/index.php\/producto\/sellador-para-madera-de-base-acuosa-k-403-de-kekol-por-4-litros\/","url":"https:\/\/calzavara.ar\/index.php\/producto\/sellador-para-madera-de-base-acuosa-k-403-de-kekol-por-4-litros\/","name":"Sellador Para Madera De Base Acuosa k-403 De KeKol Por 4 Litros - CALZAVARA","isPartOf":{"@id":"https:\/\/calzavara.ar\/#website"},"primaryImageOfPage":{"@id":"https:\/\/calzavara.ar\/index.php\/producto\/sellador-para-madera-de-base-acuosa-k-403-de-kekol-por-4-litros\/#primaryimage"},"image":{"@id":"https:\/\/calzavara.ar\/index.php\/producto\/sellador-para-madera-de-base-acuosa-k-403-de-kekol-por-4-litros\/#primaryimage"},"thumbnailUrl":"https:\/\/calzavara.ar\/wp-content\/uploads\/2023\/11\/K-403-sellador-para-madera-acuoso.jpg","datePublished":"2023-11-30T03:24:41+00:00","dateModified":"2026-01-19T11:43:25+00:00","breadcrumb":{"@id":"https:\/\/calzavara.ar\/index.php\/producto\/sellador-para-madera-de-base-acuosa-k-403-de-kekol-por-4-litros\/#breadcrumb"},"inLanguage":"es","potentialAction":[{"@type":"ReadAction","target":["https:\/\/calzavara.ar\/index.php\/producto\/sellador-para-madera-de-base-acuosa-k-403-de-kekol-por-4-litros\/"]}]},{"@type":"ImageObject","inLanguage":"es","@id":"https:\/\/calzavara.ar\/index.php\/producto\/sellador-para-madera-de-base-acuosa-k-403-de-kekol-por-4-litros\/#primaryimage","url":"https:\/\/calzavara.ar\/wp-content\/uploads\/2023\/11\/K-403-sellador-para-madera-acuoso.jpg","contentUrl":"https:\/\/calzavara.ar\/wp-content\/uploads\/2023\/11\/K-403-sellador-para-madera-acuoso.jpg","width":1000,"height":1000},{"@type":"BreadcrumbList","@id":"https:\/\/calzavara.ar\/index.php\/producto\/sellador-para-madera-de-base-acuosa-k-403-de-kekol-por-4-litros\/#breadcrumb","itemListElement":[{"@type":"ListItem","position":1,"name":"Portada","item":"https:\/\/calzavara.ar\/"},{"@type":"ListItem","position":2,"name":"Tienda","item":"https:\/\/calzavara.ar\/index.php\/tienda\/"},{"@type":"ListItem","position":3,"name":"Sellador Para Madera De Base Acuosa k-403 De KeKol Por 4 Litros"}]},{"@type":"WebSite","@id":"https:\/\/calzavara.ar\/#website","url":"https:\/\/calzavara.ar\/","name":"CALZAVARA","description":"Tienda Oficial CALZAVARA","publisher":{"@id":"https:\/\/calzavara.ar\/#organization"},"potentialAction":[{"@type":"SearchAction","target":{"@type":"EntryPoint","urlTemplate":"https:\/\/calzavara.ar\/?s={search_term_string}"},"query-input":{"@type":"PropertyValueSpecification","valueRequired":true,"valueName":"search_term_string"}}],"inLanguage":"es"},{"@type":"Organization","@id":"https:\/\/calzavara.ar\/#organization","name":"CALZAVARA","url":"https:\/\/calzavara.ar\/","logo":{"@type":"ImageObject","inLanguage":"es","@id":"https:\/\/calzavara.ar\/#\/schema\/logo\/image\/","url":"https:\/\/calzavara.ar\/wp-content\/uploads\/2025\/05\/CalzaLogoRedes.jpg","contentUrl":"https:\/\/calzavara.ar\/wp-content\/uploads\/2025\/05\/CalzaLogoRedes.jpg","width":640,"height":640,"caption":"CALZAVARA"},"image":{"@id":"https:\/\/calzavara.ar\/#\/schema\/logo\/image\/"},"sameAs":["https:\/\/www.facebook.com\/calzavarasrl","https:\/\/www.instagram.com\/calzavara_herrajes","https:\/\/www.linkedin.com\/company\/calzavara\/","https:\/\/www.youtube.com\/@calzavara3279"]}]}},"jetpack_sharing_enabled":true,"_links":{"self":[{"href":"https:\/\/calzavara.ar\/index.php\/wp-json\/wp\/v2\/product\/12841","targetHints":{"allow":["GET"]}}],"collection":[{"href":"https:\/\/calzavara.ar\/index.php\/wp-json\/wp\/v2\/product"}],"about":[{"href":"https:\/\/calzavara.ar\/index.php\/wp-json\/wp\/v2\/types\/product"}],"wp:featuredmedia":[{"embeddable":true,"href":"https:\/\/calzavara.ar\/index.php\/wp-json\/wp\/v2\/media\/12842"}],"wp:attachment":[{"href":"https:\/\/calzavara.ar\/index.php\/wp-json\/wp\/v2\/media?parent=12841"}],"wp:term":[{"taxonomy":"product_brand","embeddable":true,"href":"https:\/\/calzavara.ar\/index.php\/wp-json\/wp\/v2\/product_brand?post=12841"},{"taxonomy":"product_cat","embeddable":true,"href":"https:\/\/calzavara.ar\/index.php\/wp-json\/wp\/v2\/product_cat?post=12841"},{"taxonomy":"product_tag","embeddable":true,"href":"https:\/\/calzavara.ar\/index.php\/wp-json\/wp\/v2\/product_tag?post=12841"}],"curies":[{"name":"wp","href":"https:\/\/api.w.org\/{rel}","templated":true}]}}