{"id":12832,"date":"2023-11-28T21:39:18","date_gmt":"2023-11-29T00:39:18","guid":{"rendered":"https:\/\/calzavara.ar\/?post_type=product&#038;p=12832"},"modified":"2026-01-19T08:43:25","modified_gmt":"2026-01-19T11:43:25","slug":"hidrolaca-kekol-k-4035-satinado-x4-litros","status":"publish","type":"product","link":"https:\/\/calzavara.ar\/index.php\/producto\/hidrolaca-kekol-k-4035-satinado-x4-litros\/","title":{"rendered":"Hidrolaca Kekol K-4035 Satinado x4 Litros"},"content":{"rendered":"<p>La laca acr\u00edlica -poliuretanica K-4035 reviste y embellece pisos de madera con un m\u00ednimo realce del tono original. Su f\u00f3rmula ecol\u00f3gica evita los efectos nocivos de los vapores emanados por los plastificados tradicionales y le otorga excelente nivelaci\u00f3n, resistencia a la abrasi\u00f3n y al manchado con una transparencia y un satinado destacado. Brinda \u00f3ptimos acabados en lustre mobiliario.<\/p>\n<p>Caracter\u00edsticas:<br \/>\n\u2022 Dureza superficial.<br \/>\n\u2022 Elasticidad, no se forman grietas.<br \/>\n\u2022 Resistencia a rayones e impactos.<br \/>\n\u2022 Estabilidad qu\u00edmica (disolventes\/\u00e1cidos\/bases)<br \/>\n\u2022 F\u00e1cil aplicaci\u00f3n y mantenimiento<br \/>\n\u2022 Excelente pintabilidad y nivelaci\u00f3n<\/p>\n<p>Rendimiento:<br \/>\n15 m2 por litro y por mano,(Te\u00f3rico aproximado, depende del grado de absorci\u00f3n de la madera)<\/p>\n<p>&nbsp;<\/p>\n","protected":false},"excerpt":{"rendered":"<p>Laca de Base Acuosa con un acabado Satinado de alto transito. Marca Kekol por 4 litros.<\/p>\n","protected":false},"featured_media":12833,"template":"","meta":[],"product_brand":[],"product_cat":[1104],"product_tag":[1116,1114,1106,1112,1082,1115,1118],"class_list":{"0":"post-12832","1":"product","2":"type-product","3":"status-publish","4":"has-post-thumbnail","6":"product_cat-lacas-y-selladores","7":"product_tag-4litros","8":"product_tag-alto-transito","9":"product_tag-base-acuosa","10":"product_tag-k-4035","11":"product_tag-kekol","12":"product_tag-laca","13":"product_tag-satinado","15":"first","16":"instock","17":"sale","18":"taxable","19":"shipping-taxable","20":"purchasable","21":"product-type-simple"},"yoast_head":"<!-- This site is optimized with the Yoast SEO plugin v27.2 - https:\/\/yoast.com\/product\/yoast-seo-wordpress\/ -->\n<title>Hidrolaca Kekol K-4035 Satinado x4 Litros - CALZAVARA<\/title>\n<meta name=\"robots\" content=\"index, follow, max-snippet:-1, max-image-preview:large, max-video-preview:-1\" \/>\n<link rel=\"canonical\" href=\"https:\/\/calzavara.ar\/index.php\/producto\/hidrolaca-kekol-k-4035-satinado-x4-litros\/\" \/>\n<meta property=\"og:locale\" content=\"es_ES\" \/>\n<meta property=\"og:type\" content=\"article\" \/>\n<meta property=\"og:title\" content=\"Hidrolaca Kekol K-4035 Satinado x4 Litros - CALZAVARA\" \/>\n<meta property=\"og:description\" content=\"Laca de Base Acuosa con un acabado Satinado de alto transito. Marca Kekol por 4 litros.\" \/>\n<meta property=\"og:url\" content=\"https:\/\/calzavara.ar\/index.php\/producto\/hidrolaca-kekol-k-4035-satinado-x4-litros\/\" \/>\n<meta property=\"og:site_name\" content=\"CALZAVARA\" \/>\n<meta property=\"article:publisher\" content=\"https:\/\/www.facebook.com\/calzavarasrl\" \/>\n<meta property=\"article:modified_time\" content=\"2026-01-19T11:43:25+00:00\" \/>\n<meta property=\"og:image\" content=\"https:\/\/calzavara.ar\/wp-content\/uploads\/2023\/11\/17347-laca-acuosa-satinada-kekeol-alto-transito.webp\" \/>\n\t<meta property=\"og:image:width\" content=\"800\" \/>\n\t<meta property=\"og:image:height\" content=\"1191\" \/>\n\t<meta property=\"og:image:type\" content=\"image\/webp\" \/>\n<meta name=\"twitter:card\" content=\"summary_large_image\" \/>\n<meta name=\"twitter:label1\" content=\"Tiempo de lectura\" \/>\n\t<meta name=\"twitter:data1\" content=\"1 minuto\" \/>\n<script type=\"application\/ld+json\" class=\"yoast-schema-graph\">{\"@context\":\"https:\/\/schema.org\",\"@graph\":[{\"@type\":\"WebPage\",\"@id\":\"https:\/\/calzavara.ar\/index.php\/producto\/hidrolaca-kekol-k-4035-satinado-x4-litros\/\",\"url\":\"https:\/\/calzavara.ar\/index.php\/producto\/hidrolaca-kekol-k-4035-satinado-x4-litros\/\",\"name\":\"Hidrolaca Kekol K-4035 Satinado x4 Litros - CALZAVARA\",\"isPartOf\":{\"@id\":\"https:\/\/calzavara.ar\/#website\"},\"primaryImageOfPage\":{\"@id\":\"https:\/\/calzavara.ar\/index.php\/producto\/hidrolaca-kekol-k-4035-satinado-x4-litros\/#primaryimage\"},\"image\":{\"@id\":\"https:\/\/calzavara.ar\/index.php\/producto\/hidrolaca-kekol-k-4035-satinado-x4-litros\/#primaryimage\"},\"thumbnailUrl\":\"https:\/\/calzavara.ar\/wp-content\/uploads\/2023\/11\/17347-laca-acuosa-satinada-kekeol-alto-transito.webp\",\"datePublished\":\"2023-11-29T00:39:18+00:00\",\"dateModified\":\"2026-01-19T11:43:25+00:00\",\"breadcrumb\":{\"@id\":\"https:\/\/calzavara.ar\/index.php\/producto\/hidrolaca-kekol-k-4035-satinado-x4-litros\/#breadcrumb\"},\"inLanguage\":\"es\",\"potentialAction\":[{\"@type\":\"ReadAction\",\"target\":[\"https:\/\/calzavara.ar\/index.php\/producto\/hidrolaca-kekol-k-4035-satinado-x4-litros\/\"]}]},{\"@type\":\"ImageObject\",\"inLanguage\":\"es\",\"@id\":\"https:\/\/calzavara.ar\/index.php\/producto\/hidrolaca-kekol-k-4035-satinado-x4-litros\/#primaryimage\",\"url\":\"https:\/\/calzavara.ar\/wp-content\/uploads\/2023\/11\/17347-laca-acuosa-satinada-kekeol-alto-transito.webp\",\"contentUrl\":\"https:\/\/calzavara.ar\/wp-content\/uploads\/2023\/11\/17347-laca-acuosa-satinada-kekeol-alto-transito.webp\",\"width\":800,\"height\":1191},{\"@type\":\"BreadcrumbList\",\"@id\":\"https:\/\/calzavara.ar\/index.php\/producto\/hidrolaca-kekol-k-4035-satinado-x4-litros\/#breadcrumb\",\"itemListElement\":[{\"@type\":\"ListItem\",\"position\":1,\"name\":\"Portada\",\"item\":\"https:\/\/calzavara.ar\/\"},{\"@type\":\"ListItem\",\"position\":2,\"name\":\"Tienda\",\"item\":\"https:\/\/calzavara.ar\/index.php\/tienda\/\"},{\"@type\":\"ListItem\",\"position\":3,\"name\":\"Hidrolaca Kekol K-4035 Satinado x4 Litros\"}]},{\"@type\":\"WebSite\",\"@id\":\"https:\/\/calzavara.ar\/#website\",\"url\":\"https:\/\/calzavara.ar\/\",\"name\":\"CALZAVARA\",\"description\":\"Tienda Oficial CALZAVARA\",\"publisher\":{\"@id\":\"https:\/\/calzavara.ar\/#organization\"},\"potentialAction\":[{\"@type\":\"SearchAction\",\"target\":{\"@type\":\"EntryPoint\",\"urlTemplate\":\"https:\/\/calzavara.ar\/?s={search_term_string}\"},\"query-input\":{\"@type\":\"PropertyValueSpecification\",\"valueRequired\":true,\"valueName\":\"search_term_string\"}}],\"inLanguage\":\"es\"},{\"@type\":\"Organization\",\"@id\":\"https:\/\/calzavara.ar\/#organization\",\"name\":\"CALZAVARA\",\"url\":\"https:\/\/calzavara.ar\/\",\"logo\":{\"@type\":\"ImageObject\",\"inLanguage\":\"es\",\"@id\":\"https:\/\/calzavara.ar\/#\/schema\/logo\/image\/\",\"url\":\"https:\/\/calzavara.ar\/wp-content\/uploads\/2025\/05\/CalzaLogoRedes.jpg\",\"contentUrl\":\"https:\/\/calzavara.ar\/wp-content\/uploads\/2025\/05\/CalzaLogoRedes.jpg\",\"width\":640,\"height\":640,\"caption\":\"CALZAVARA\"},\"image\":{\"@id\":\"https:\/\/calzavara.ar\/#\/schema\/logo\/image\/\"},\"sameAs\":[\"https:\/\/www.facebook.com\/calzavarasrl\",\"https:\/\/www.instagram.com\/calzavara_herrajes\",\"https:\/\/www.linkedin.com\/company\/calzavara\/\",\"https:\/\/www.youtube.com\/@calzavara3279\"]}]}<\/script>\n<!-- \/ Yoast SEO plugin. -->","yoast_head_json":{"title":"Hidrolaca Kekol K-4035 Satinado x4 Litros - CALZAVARA","robots":{"index":"index","follow":"follow","max-snippet":"max-snippet:-1","max-image-preview":"max-image-preview:large","max-video-preview":"max-video-preview:-1"},"canonical":"https:\/\/calzavara.ar\/index.php\/producto\/hidrolaca-kekol-k-4035-satinado-x4-litros\/","og_locale":"es_ES","og_type":"article","og_title":"Hidrolaca Kekol K-4035 Satinado x4 Litros - CALZAVARA","og_description":"Laca de Base Acuosa con un acabado Satinado de alto transito. Marca Kekol por 4 litros.","og_url":"https:\/\/calzavara.ar\/index.php\/producto\/hidrolaca-kekol-k-4035-satinado-x4-litros\/","og_site_name":"CALZAVARA","article_publisher":"https:\/\/www.facebook.com\/calzavarasrl","article_modified_time":"2026-01-19T11:43:25+00:00","og_image":[{"width":800,"height":1191,"url":"https:\/\/calzavara.ar\/wp-content\/uploads\/2023\/11\/17347-laca-acuosa-satinada-kekeol-alto-transito.webp","type":"image\/webp"}],"twitter_card":"summary_large_image","twitter_misc":{"Tiempo de lectura":"1 minuto"},"schema":{"@context":"https:\/\/schema.org","@graph":[{"@type":"WebPage","@id":"https:\/\/calzavara.ar\/index.php\/producto\/hidrolaca-kekol-k-4035-satinado-x4-litros\/","url":"https:\/\/calzavara.ar\/index.php\/producto\/hidrolaca-kekol-k-4035-satinado-x4-litros\/","name":"Hidrolaca Kekol K-4035 Satinado x4 Litros - CALZAVARA","isPartOf":{"@id":"https:\/\/calzavara.ar\/#website"},"primaryImageOfPage":{"@id":"https:\/\/calzavara.ar\/index.php\/producto\/hidrolaca-kekol-k-4035-satinado-x4-litros\/#primaryimage"},"image":{"@id":"https:\/\/calzavara.ar\/index.php\/producto\/hidrolaca-kekol-k-4035-satinado-x4-litros\/#primaryimage"},"thumbnailUrl":"https:\/\/calzavara.ar\/wp-content\/uploads\/2023\/11\/17347-laca-acuosa-satinada-kekeol-alto-transito.webp","datePublished":"2023-11-29T00:39:18+00:00","dateModified":"2026-01-19T11:43:25+00:00","breadcrumb":{"@id":"https:\/\/calzavara.ar\/index.php\/producto\/hidrolaca-kekol-k-4035-satinado-x4-litros\/#breadcrumb"},"inLanguage":"es","potentialAction":[{"@type":"ReadAction","target":["https:\/\/calzavara.ar\/index.php\/producto\/hidrolaca-kekol-k-4035-satinado-x4-litros\/"]}]},{"@type":"ImageObject","inLanguage":"es","@id":"https:\/\/calzavara.ar\/index.php\/producto\/hidrolaca-kekol-k-4035-satinado-x4-litros\/#primaryimage","url":"https:\/\/calzavara.ar\/wp-content\/uploads\/2023\/11\/17347-laca-acuosa-satinada-kekeol-alto-transito.webp","contentUrl":"https:\/\/calzavara.ar\/wp-content\/uploads\/2023\/11\/17347-laca-acuosa-satinada-kekeol-alto-transito.webp","width":800,"height":1191},{"@type":"BreadcrumbList","@id":"https:\/\/calzavara.ar\/index.php\/producto\/hidrolaca-kekol-k-4035-satinado-x4-litros\/#breadcrumb","itemListElement":[{"@type":"ListItem","position":1,"name":"Portada","item":"https:\/\/calzavara.ar\/"},{"@type":"ListItem","position":2,"name":"Tienda","item":"https:\/\/calzavara.ar\/index.php\/tienda\/"},{"@type":"ListItem","position":3,"name":"Hidrolaca Kekol K-4035 Satinado x4 Litros"}]},{"@type":"WebSite","@id":"https:\/\/calzavara.ar\/#website","url":"https:\/\/calzavara.ar\/","name":"CALZAVARA","description":"Tienda Oficial CALZAVARA","publisher":{"@id":"https:\/\/calzavara.ar\/#organization"},"potentialAction":[{"@type":"SearchAction","target":{"@type":"EntryPoint","urlTemplate":"https:\/\/calzavara.ar\/?s={search_term_string}"},"query-input":{"@type":"PropertyValueSpecification","valueRequired":true,"valueName":"search_term_string"}}],"inLanguage":"es"},{"@type":"Organization","@id":"https:\/\/calzavara.ar\/#organization","name":"CALZAVARA","url":"https:\/\/calzavara.ar\/","logo":{"@type":"ImageObject","inLanguage":"es","@id":"https:\/\/calzavara.ar\/#\/schema\/logo\/image\/","url":"https:\/\/calzavara.ar\/wp-content\/uploads\/2025\/05\/CalzaLogoRedes.jpg","contentUrl":"https:\/\/calzavara.ar\/wp-content\/uploads\/2025\/05\/CalzaLogoRedes.jpg","width":640,"height":640,"caption":"CALZAVARA"},"image":{"@id":"https:\/\/calzavara.ar\/#\/schema\/logo\/image\/"},"sameAs":["https:\/\/www.facebook.com\/calzavarasrl","https:\/\/www.instagram.com\/calzavara_herrajes","https:\/\/www.linkedin.com\/company\/calzavara\/","https:\/\/www.youtube.com\/@calzavara3279"]}]}},"jetpack_sharing_enabled":true,"_links":{"self":[{"href":"https:\/\/calzavara.ar\/index.php\/wp-json\/wp\/v2\/product\/12832","targetHints":{"allow":["GET"]}}],"collection":[{"href":"https:\/\/calzavara.ar\/index.php\/wp-json\/wp\/v2\/product"}],"about":[{"href":"https:\/\/calzavara.ar\/index.php\/wp-json\/wp\/v2\/types\/product"}],"wp:featuredmedia":[{"embeddable":true,"href":"https:\/\/calzavara.ar\/index.php\/wp-json\/wp\/v2\/media\/12833"}],"wp:attachment":[{"href":"https:\/\/calzavara.ar\/index.php\/wp-json\/wp\/v2\/media?parent=12832"}],"wp:term":[{"taxonomy":"product_brand","embeddable":true,"href":"https:\/\/calzavara.ar\/index.php\/wp-json\/wp\/v2\/product_brand?post=12832"},{"taxonomy":"product_cat","embeddable":true,"href":"https:\/\/calzavara.ar\/index.php\/wp-json\/wp\/v2\/product_cat?post=12832"},{"taxonomy":"product_tag","embeddable":true,"href":"https:\/\/calzavara.ar\/index.php\/wp-json\/wp\/v2\/product_tag?post=12832"}],"curies":[{"name":"wp","href":"https:\/\/api.w.org\/{rel}","templated":true}]}}