{"id":12708,"date":"2023-11-09T23:08:31","date_gmt":"2023-11-10T02:08:31","guid":{"rendered":"https:\/\/calzavara.ar\/?post_type=product&#038;p=12708"},"modified":"2026-01-19T08:43:21","modified_gmt":"2026-01-19T11:43:21","slug":"adhesivo-epoxi-por-10kg-para-pisos-de-madera-2-componentes-kekol-k-300-copia","status":"publish","type":"product","link":"https:\/\/calzavara.ar\/index.php\/producto\/adhesivo-epoxi-por-10kg-para-pisos-de-madera-2-componentes-kekol-k-300-copia\/","title":{"rendered":"Adhesivo Epoxi Por 10kg Para Pisos De Madera 2 Componentes Kekol k-300"},"content":{"rendered":"<p>Adhesivo bicomponente a base de resinas epoxi de \u00faltima generaci\u00f3n. Desarrollado especialmente para la colocaci\u00f3n de pisos de madera sobre sustratos como hormig\u00f3n, cemento, baldosas, cer\u00e1micas, m\u00e1rmol etc\u00e9tera.<\/p>\n<p>Presentaci\u00f3n por 10kg.<\/p>\n<p><strong>Caracter\u00edsticas:<\/strong><br \/>\n\u2022 Excelente tixotrop\u00eda.<br \/>\n\u2022 Elevada elasticidad.<br \/>\n\u2022 Secado r\u00e1pido.<br \/>\n\u2022 Altos s\u00f3lidos.<br \/>\n\u2022 No transfiere humedad a la madera.<br \/>\n\u2022 F\u00e1cil mezclado.<br \/>\n\u2022 Apto para pisos prefinish.<br \/>\n\u2022 Resistente a la tracci\u00f3n y al impacto.<br \/>\n\u2022 Fuerte anclaje<\/p>\n<p><strong>Rendimiento:<\/strong><br \/>\n1 Kg\/m2 Dependiendo de la absorci\u00f3n del sustrato y esp\u00e1tula utilizada.<br \/>\nTiempo de secado final 24 &#8211; 36 Hs*<\/p>\n<p>Aplicaci\u00f3n<br \/>\nMezclar bien antes de usar.<br \/>\nPreparar solamente la cantidad de producto necesario para la aplicaci\u00f3n.<br \/>\nRelaci\u00f3n de Mezcla en peso: 1 Parte de A por 1 Parte de B<br \/>\nHasta obtener un color uniforme y sin vetas<br \/>\nDiluci\u00f3n: No necesita<br \/>\nTiempo de \u00f3ptimo de mezclado de A+B: 5 a 10 minutos**<br \/>\n** Mezcle hasta obtener un color homog\u00e9neo, sin vetas, raspe el producto de<br \/>\nlas paredes del envase.<br \/>\nVida \u00fatil de la mezcla por cada kilo: 2 horas*<br \/>\nVida \u00fatil de la mezcla por cada 10 kilos: 1 hora*<br \/>\nImportante: En el caso de efectuar la colocaci\u00f3n sobre superficies o carpetas<br \/>\ncon alg\u00fan tipo de calefacci\u00f3n (losa o piso radiante) es conveniente dejar<br \/>\nenfriar la superficie durante las 24 a 48 horas anteriores a la colocaci\u00f3n de la<br \/>\nmadera y encender la calefacci\u00f3n luego en forma gradual para evitar un shock<br \/>\nt\u00e9rmico del adhesivo.<br \/>\n* Estos tiempos depender\u00e1n de la humedad y temperatura ambiente.<\/p>\n","protected":false},"excerpt":{"rendered":"<p>10 kilos deAdhesivo epoxi dos componentes para pisos de madera.<\/p>\n","protected":false},"featured_media":12706,"template":"","meta":[],"product_brand":[],"product_cat":[69],"product_tag":[407,1083,1085,1087,1082,631,1086,1084],"class_list":{"0":"post-12708","1":"product","2":"type-product","3":"status-publish","4":"has-post-thumbnail","6":"product_cat-adhesivosselladores","7":"product_tag-adhesivo","8":"product_tag-epoxi","9":"product_tag-flotantes","10":"product_tag-k300","11":"product_tag-kekol","12":"product_tag-madera","13":"product_tag-parquet","14":"product_tag-pisos","16":"first","17":"instock","18":"sale","19":"taxable","20":"shipping-taxable","21":"purchasable","22":"product-type-simple"},"yoast_head":"<!-- This site is optimized with the Yoast SEO plugin v27.2 - https:\/\/yoast.com\/product\/yoast-seo-wordpress\/ -->\n<title>Adhesivo Epoxi Por 10kg Para Pisos De Madera 2 Componentes Kekol k-300 - CALZAVARA<\/title>\n<meta name=\"robots\" content=\"index, follow, max-snippet:-1, max-image-preview:large, max-video-preview:-1\" \/>\n<link rel=\"canonical\" href=\"https:\/\/calzavara.ar\/index.php\/producto\/adhesivo-epoxi-por-10kg-para-pisos-de-madera-2-componentes-kekol-k-300-copia\/\" \/>\n<meta property=\"og:locale\" content=\"es_ES\" \/>\n<meta property=\"og:type\" content=\"article\" \/>\n<meta property=\"og:title\" content=\"Adhesivo Epoxi Por 10kg Para Pisos De Madera 2 Componentes Kekol k-300 - CALZAVARA\" \/>\n<meta property=\"og:description\" content=\"10 kilos deAdhesivo epoxi dos componentes para pisos de madera.\" \/>\n<meta property=\"og:url\" content=\"https:\/\/calzavara.ar\/index.php\/producto\/adhesivo-epoxi-por-10kg-para-pisos-de-madera-2-componentes-kekol-k-300-copia\/\" \/>\n<meta property=\"og:site_name\" content=\"CALZAVARA\" \/>\n<meta property=\"article:publisher\" content=\"https:\/\/www.facebook.com\/calzavarasrl\" \/>\n<meta property=\"article:modified_time\" content=\"2026-01-19T11:43:21+00:00\" \/>\n<meta property=\"og:image\" content=\"https:\/\/calzavara.ar\/wp-content\/uploads\/2023\/11\/17307-adhesivo-epoxi-para-pisos.jpg\" \/>\n\t<meta property=\"og:image:width\" content=\"1000\" \/>\n\t<meta property=\"og:image:height\" content=\"1000\" \/>\n\t<meta property=\"og:image:type\" content=\"image\/jpeg\" \/>\n<meta name=\"twitter:card\" content=\"summary_large_image\" \/>\n<meta name=\"twitter:label1\" content=\"Tiempo de lectura\" \/>\n\t<meta name=\"twitter:data1\" content=\"1 minuto\" \/>\n<script type=\"application\/ld+json\" class=\"yoast-schema-graph\">{\"@context\":\"https:\/\/schema.org\",\"@graph\":[{\"@type\":\"WebPage\",\"@id\":\"https:\/\/calzavara.ar\/index.php\/producto\/adhesivo-epoxi-por-10kg-para-pisos-de-madera-2-componentes-kekol-k-300-copia\/\",\"url\":\"https:\/\/calzavara.ar\/index.php\/producto\/adhesivo-epoxi-por-10kg-para-pisos-de-madera-2-componentes-kekol-k-300-copia\/\",\"name\":\"Adhesivo Epoxi Por 10kg Para Pisos De Madera 2 Componentes Kekol k-300 - CALZAVARA\",\"isPartOf\":{\"@id\":\"https:\/\/calzavara.ar\/#website\"},\"primaryImageOfPage\":{\"@id\":\"https:\/\/calzavara.ar\/index.php\/producto\/adhesivo-epoxi-por-10kg-para-pisos-de-madera-2-componentes-kekol-k-300-copia\/#primaryimage\"},\"image\":{\"@id\":\"https:\/\/calzavara.ar\/index.php\/producto\/adhesivo-epoxi-por-10kg-para-pisos-de-madera-2-componentes-kekol-k-300-copia\/#primaryimage\"},\"thumbnailUrl\":\"https:\/\/calzavara.ar\/wp-content\/uploads\/2023\/11\/17307-adhesivo-epoxi-para-pisos.jpg\",\"datePublished\":\"2023-11-10T02:08:31+00:00\",\"dateModified\":\"2026-01-19T11:43:21+00:00\",\"breadcrumb\":{\"@id\":\"https:\/\/calzavara.ar\/index.php\/producto\/adhesivo-epoxi-por-10kg-para-pisos-de-madera-2-componentes-kekol-k-300-copia\/#breadcrumb\"},\"inLanguage\":\"es\",\"potentialAction\":[{\"@type\":\"ReadAction\",\"target\":[\"https:\/\/calzavara.ar\/index.php\/producto\/adhesivo-epoxi-por-10kg-para-pisos-de-madera-2-componentes-kekol-k-300-copia\/\"]}]},{\"@type\":\"ImageObject\",\"inLanguage\":\"es\",\"@id\":\"https:\/\/calzavara.ar\/index.php\/producto\/adhesivo-epoxi-por-10kg-para-pisos-de-madera-2-componentes-kekol-k-300-copia\/#primaryimage\",\"url\":\"https:\/\/calzavara.ar\/wp-content\/uploads\/2023\/11\/17307-adhesivo-epoxi-para-pisos.jpg\",\"contentUrl\":\"https:\/\/calzavara.ar\/wp-content\/uploads\/2023\/11\/17307-adhesivo-epoxi-para-pisos.jpg\",\"width\":1000,\"height\":1000},{\"@type\":\"BreadcrumbList\",\"@id\":\"https:\/\/calzavara.ar\/index.php\/producto\/adhesivo-epoxi-por-10kg-para-pisos-de-madera-2-componentes-kekol-k-300-copia\/#breadcrumb\",\"itemListElement\":[{\"@type\":\"ListItem\",\"position\":1,\"name\":\"Portada\",\"item\":\"https:\/\/calzavara.ar\/\"},{\"@type\":\"ListItem\",\"position\":2,\"name\":\"Tienda\",\"item\":\"https:\/\/calzavara.ar\/index.php\/tienda\/\"},{\"@type\":\"ListItem\",\"position\":3,\"name\":\"Adhesivo Epoxi Por 10kg Para Pisos De Madera 2 Componentes Kekol k-300\"}]},{\"@type\":\"WebSite\",\"@id\":\"https:\/\/calzavara.ar\/#website\",\"url\":\"https:\/\/calzavara.ar\/\",\"name\":\"CALZAVARA\",\"description\":\"Tienda Oficial CALZAVARA\",\"publisher\":{\"@id\":\"https:\/\/calzavara.ar\/#organization\"},\"potentialAction\":[{\"@type\":\"SearchAction\",\"target\":{\"@type\":\"EntryPoint\",\"urlTemplate\":\"https:\/\/calzavara.ar\/?s={search_term_string}\"},\"query-input\":{\"@type\":\"PropertyValueSpecification\",\"valueRequired\":true,\"valueName\":\"search_term_string\"}}],\"inLanguage\":\"es\"},{\"@type\":\"Organization\",\"@id\":\"https:\/\/calzavara.ar\/#organization\",\"name\":\"CALZAVARA\",\"url\":\"https:\/\/calzavara.ar\/\",\"logo\":{\"@type\":\"ImageObject\",\"inLanguage\":\"es\",\"@id\":\"https:\/\/calzavara.ar\/#\/schema\/logo\/image\/\",\"url\":\"https:\/\/calzavara.ar\/wp-content\/uploads\/2025\/05\/CalzaLogoRedes.jpg\",\"contentUrl\":\"https:\/\/calzavara.ar\/wp-content\/uploads\/2025\/05\/CalzaLogoRedes.jpg\",\"width\":640,\"height\":640,\"caption\":\"CALZAVARA\"},\"image\":{\"@id\":\"https:\/\/calzavara.ar\/#\/schema\/logo\/image\/\"},\"sameAs\":[\"https:\/\/www.facebook.com\/calzavarasrl\",\"https:\/\/www.instagram.com\/calzavara_herrajes\",\"https:\/\/www.linkedin.com\/company\/calzavara\/\",\"https:\/\/www.youtube.com\/@calzavara3279\"]}]}<\/script>\n<!-- \/ Yoast SEO plugin. -->","yoast_head_json":{"title":"Adhesivo Epoxi Por 10kg Para Pisos De Madera 2 Componentes Kekol k-300 - CALZAVARA","robots":{"index":"index","follow":"follow","max-snippet":"max-snippet:-1","max-image-preview":"max-image-preview:large","max-video-preview":"max-video-preview:-1"},"canonical":"https:\/\/calzavara.ar\/index.php\/producto\/adhesivo-epoxi-por-10kg-para-pisos-de-madera-2-componentes-kekol-k-300-copia\/","og_locale":"es_ES","og_type":"article","og_title":"Adhesivo Epoxi Por 10kg Para Pisos De Madera 2 Componentes Kekol k-300 - CALZAVARA","og_description":"10 kilos deAdhesivo epoxi dos componentes para pisos de madera.","og_url":"https:\/\/calzavara.ar\/index.php\/producto\/adhesivo-epoxi-por-10kg-para-pisos-de-madera-2-componentes-kekol-k-300-copia\/","og_site_name":"CALZAVARA","article_publisher":"https:\/\/www.facebook.com\/calzavarasrl","article_modified_time":"2026-01-19T11:43:21+00:00","og_image":[{"width":1000,"height":1000,"url":"https:\/\/calzavara.ar\/wp-content\/uploads\/2023\/11\/17307-adhesivo-epoxi-para-pisos.jpg","type":"image\/jpeg"}],"twitter_card":"summary_large_image","twitter_misc":{"Tiempo de lectura":"1 minuto"},"schema":{"@context":"https:\/\/schema.org","@graph":[{"@type":"WebPage","@id":"https:\/\/calzavara.ar\/index.php\/producto\/adhesivo-epoxi-por-10kg-para-pisos-de-madera-2-componentes-kekol-k-300-copia\/","url":"https:\/\/calzavara.ar\/index.php\/producto\/adhesivo-epoxi-por-10kg-para-pisos-de-madera-2-componentes-kekol-k-300-copia\/","name":"Adhesivo Epoxi Por 10kg Para Pisos De Madera 2 Componentes Kekol k-300 - CALZAVARA","isPartOf":{"@id":"https:\/\/calzavara.ar\/#website"},"primaryImageOfPage":{"@id":"https:\/\/calzavara.ar\/index.php\/producto\/adhesivo-epoxi-por-10kg-para-pisos-de-madera-2-componentes-kekol-k-300-copia\/#primaryimage"},"image":{"@id":"https:\/\/calzavara.ar\/index.php\/producto\/adhesivo-epoxi-por-10kg-para-pisos-de-madera-2-componentes-kekol-k-300-copia\/#primaryimage"},"thumbnailUrl":"https:\/\/calzavara.ar\/wp-content\/uploads\/2023\/11\/17307-adhesivo-epoxi-para-pisos.jpg","datePublished":"2023-11-10T02:08:31+00:00","dateModified":"2026-01-19T11:43:21+00:00","breadcrumb":{"@id":"https:\/\/calzavara.ar\/index.php\/producto\/adhesivo-epoxi-por-10kg-para-pisos-de-madera-2-componentes-kekol-k-300-copia\/#breadcrumb"},"inLanguage":"es","potentialAction":[{"@type":"ReadAction","target":["https:\/\/calzavara.ar\/index.php\/producto\/adhesivo-epoxi-por-10kg-para-pisos-de-madera-2-componentes-kekol-k-300-copia\/"]}]},{"@type":"ImageObject","inLanguage":"es","@id":"https:\/\/calzavara.ar\/index.php\/producto\/adhesivo-epoxi-por-10kg-para-pisos-de-madera-2-componentes-kekol-k-300-copia\/#primaryimage","url":"https:\/\/calzavara.ar\/wp-content\/uploads\/2023\/11\/17307-adhesivo-epoxi-para-pisos.jpg","contentUrl":"https:\/\/calzavara.ar\/wp-content\/uploads\/2023\/11\/17307-adhesivo-epoxi-para-pisos.jpg","width":1000,"height":1000},{"@type":"BreadcrumbList","@id":"https:\/\/calzavara.ar\/index.php\/producto\/adhesivo-epoxi-por-10kg-para-pisos-de-madera-2-componentes-kekol-k-300-copia\/#breadcrumb","itemListElement":[{"@type":"ListItem","position":1,"name":"Portada","item":"https:\/\/calzavara.ar\/"},{"@type":"ListItem","position":2,"name":"Tienda","item":"https:\/\/calzavara.ar\/index.php\/tienda\/"},{"@type":"ListItem","position":3,"name":"Adhesivo Epoxi Por 10kg Para Pisos De Madera 2 Componentes Kekol k-300"}]},{"@type":"WebSite","@id":"https:\/\/calzavara.ar\/#website","url":"https:\/\/calzavara.ar\/","name":"CALZAVARA","description":"Tienda Oficial CALZAVARA","publisher":{"@id":"https:\/\/calzavara.ar\/#organization"},"potentialAction":[{"@type":"SearchAction","target":{"@type":"EntryPoint","urlTemplate":"https:\/\/calzavara.ar\/?s={search_term_string}"},"query-input":{"@type":"PropertyValueSpecification","valueRequired":true,"valueName":"search_term_string"}}],"inLanguage":"es"},{"@type":"Organization","@id":"https:\/\/calzavara.ar\/#organization","name":"CALZAVARA","url":"https:\/\/calzavara.ar\/","logo":{"@type":"ImageObject","inLanguage":"es","@id":"https:\/\/calzavara.ar\/#\/schema\/logo\/image\/","url":"https:\/\/calzavara.ar\/wp-content\/uploads\/2025\/05\/CalzaLogoRedes.jpg","contentUrl":"https:\/\/calzavara.ar\/wp-content\/uploads\/2025\/05\/CalzaLogoRedes.jpg","width":640,"height":640,"caption":"CALZAVARA"},"image":{"@id":"https:\/\/calzavara.ar\/#\/schema\/logo\/image\/"},"sameAs":["https:\/\/www.facebook.com\/calzavarasrl","https:\/\/www.instagram.com\/calzavara_herrajes","https:\/\/www.linkedin.com\/company\/calzavara\/","https:\/\/www.youtube.com\/@calzavara3279"]}]}},"jetpack_sharing_enabled":true,"_links":{"self":[{"href":"https:\/\/calzavara.ar\/index.php\/wp-json\/wp\/v2\/product\/12708","targetHints":{"allow":["GET"]}}],"collection":[{"href":"https:\/\/calzavara.ar\/index.php\/wp-json\/wp\/v2\/product"}],"about":[{"href":"https:\/\/calzavara.ar\/index.php\/wp-json\/wp\/v2\/types\/product"}],"wp:featuredmedia":[{"embeddable":true,"href":"https:\/\/calzavara.ar\/index.php\/wp-json\/wp\/v2\/media\/12706"}],"wp:attachment":[{"href":"https:\/\/calzavara.ar\/index.php\/wp-json\/wp\/v2\/media?parent=12708"}],"wp:term":[{"taxonomy":"product_brand","embeddable":true,"href":"https:\/\/calzavara.ar\/index.php\/wp-json\/wp\/v2\/product_brand?post=12708"},{"taxonomy":"product_cat","embeddable":true,"href":"https:\/\/calzavara.ar\/index.php\/wp-json\/wp\/v2\/product_cat?post=12708"},{"taxonomy":"product_tag","embeddable":true,"href":"https:\/\/calzavara.ar\/index.php\/wp-json\/wp\/v2\/product_tag?post=12708"}],"curies":[{"name":"wp","href":"https:\/\/api.w.org\/{rel}","templated":true}]}}