{"id":12614,"date":"2023-10-27T16:49:05","date_gmt":"2023-10-27T19:49:05","guid":{"rendered":"https:\/\/calzavara.ar\/?post_type=product&#038;p=12614"},"modified":"2026-01-19T08:43:14","modified_gmt":"2026-01-19T11:43:14","slug":"grafito-en-polvo-mecanic-50-115g","status":"publish","type":"product","link":"https:\/\/calzavara.ar\/index.php\/producto\/grafito-en-polvo-mecanic-50-115g\/","title":{"rendered":"Grafito En Polvo Mecanic 50 115g"},"content":{"rendered":"<p>El lubricante de grafito en polvo seco se aplica en forma de aerosol y se adhiere a las superficies met\u00e1licas, formando una capa seca y lubricante. No deja residuos pegajosos ni aceitosos, lo que lo hace ideal en situaciones donde se requiere una lubricaci\u00f3n sin atraer polvo o suciedad.<\/p>\n<p>&nbsp;<\/p>\n<p>El grafito en polvo tiene propiedades de baja fricci\u00f3n, lo que reduce la resistencia entre las superficies met\u00e1licas en movimiento. Esto ayuda a minimizar el desgaste, la fricci\u00f3n y el calentamiento en aplicaciones como cerraduras, bisagras, mecanismos de puertas y ventanas, entre otros.<\/p>\n<p>&nbsp;<\/p>\n<p>Al reducir la fricci\u00f3n, el lubricante de grafito en polvo ayuda a proteger las superficies met\u00e1licas contra el desgaste prematuro. La capa de grafito act\u00faa como una barrera de protecci\u00f3n, evitando el contacto directo entre las superficies y prolongando la vida \u00fatil de los componentes.<\/p>\n<p>&nbsp;<\/p>\n<p><strong><u>Datos \u00fatiles<\/u><\/strong><\/p>\n<p>&nbsp;<\/p>\n<p>Agitar antes de usar, rociar la superficie a una distancia de 15 a 20cm aproximadamente, dejar actuar unos minutos.<\/p>\n","protected":false},"excerpt":{"rendered":"<p>DATOS TECNICOS<br \/>\nColor: caracter\u00edstico.<br \/>\nOlor: inoloro.<br \/>\nDensidad: 2,00 a 2,30 g\/mL.<br \/>\nCantidad de cenizas: 0,80 %<br \/>\nHumedad: 0,20 %<br \/>\nCARACTERISTICAS GENERALES<br \/>\nEspecial para uso en cualquier tipo de cerraduras, candados,<br \/>\ncorrederas mec\u00e1nicas o cualquier mecanismo que este<br \/>\nexpuesto al roce.<br \/>\nLubricante en seco, no contiene grasa ni aceites.<br \/>\nAlta penetraci\u00f3n gracias al tama\u00f1o de part\u00edcula.<br \/>\nAumenta la vida \u00fatil de los mecanismos reduciendo el esfuerzo.<br \/>\nNo es corrosivo.<br \/>\nNo contiene: clorofluoro-carbonados, resinas, siliconas, plomo,<br \/>\nmercurio, cadmio<\/p>\n","protected":false},"featured_media":12616,"template":"","meta":[],"product_brand":[],"product_cat":[15],"product_tag":[],"class_list":{"0":"post-12614","1":"product","2":"type-product","3":"status-publish","4":"has-post-thumbnail","6":"product_cat-sin-categorizar","8":"first","9":"instock","10":"taxable","11":"shipping-taxable","12":"purchasable","13":"product-type-simple"},"yoast_head":"<!-- This site is optimized with the Yoast SEO plugin v27.3 - https:\/\/yoast.com\/product\/yoast-seo-wordpress\/ -->\n<title>Grafito En Polvo Mecanic 50 115g - CALZAVARA<\/title>\n<meta name=\"robots\" content=\"index, follow, max-snippet:-1, max-image-preview:large, max-video-preview:-1\" \/>\n<link rel=\"canonical\" href=\"https:\/\/calzavara.ar\/index.php\/producto\/grafito-en-polvo-mecanic-50-115g\/\" \/>\n<meta property=\"og:locale\" content=\"es_ES\" \/>\n<meta property=\"og:type\" content=\"article\" \/>\n<meta property=\"og:title\" content=\"Grafito En Polvo Mecanic 50 115g - CALZAVARA\" \/>\n<meta property=\"og:description\" content=\"DATOS TECNICOS Color: caracter\u00edstico. Olor: inoloro. Densidad: 2,00 a 2,30 g\/mL. Cantidad de cenizas: 0,80 % Humedad: 0,20 % CARACTERISTICAS GENERALES Especial para uso en cualquier tipo de cerraduras, candados, correderas mec\u00e1nicas o cualquier mecanismo que este expuesto al roce. Lubricante en seco, no contiene grasa ni aceites. Alta penetraci\u00f3n gracias al tama\u00f1o de part\u00edcula. Aumenta la vida \u00fatil de los mecanismos reduciendo el esfuerzo. No es corrosivo. No contiene: clorofluoro-carbonados, resinas, siliconas, plomo, mercurio, cadmio\" \/>\n<meta property=\"og:url\" content=\"https:\/\/calzavara.ar\/index.php\/producto\/grafito-en-polvo-mecanic-50-115g\/\" \/>\n<meta property=\"og:site_name\" content=\"CALZAVARA\" \/>\n<meta property=\"article:publisher\" content=\"https:\/\/www.facebook.com\/calzavarasrl\" \/>\n<meta property=\"article:modified_time\" content=\"2026-01-19T11:43:14+00:00\" \/>\n<meta property=\"og:image\" content=\"https:\/\/calzavara.ar\/wp-content\/uploads\/2023\/10\/101011-grafito-en-polvo-seco.jpg\" \/>\n\t<meta property=\"og:image:width\" content=\"800\" \/>\n\t<meta property=\"og:image:height\" content=\"1021\" \/>\n\t<meta property=\"og:image:type\" content=\"image\/jpeg\" \/>\n<meta name=\"twitter:card\" content=\"summary_large_image\" \/>\n<meta name=\"twitter:label1\" content=\"Tiempo de lectura\" \/>\n\t<meta name=\"twitter:data1\" content=\"1 minuto\" \/>\n<script type=\"application\/ld+json\" class=\"yoast-schema-graph\">{\"@context\":\"https:\\\/\\\/schema.org\",\"@graph\":[{\"@type\":\"WebPage\",\"@id\":\"https:\\\/\\\/calzavara.ar\\\/index.php\\\/producto\\\/grafito-en-polvo-mecanic-50-115g\\\/\",\"url\":\"https:\\\/\\\/calzavara.ar\\\/index.php\\\/producto\\\/grafito-en-polvo-mecanic-50-115g\\\/\",\"name\":\"Grafito En Polvo Mecanic 50 115g - CALZAVARA\",\"isPartOf\":{\"@id\":\"https:\\\/\\\/calzavara.ar\\\/#website\"},\"primaryImageOfPage\":{\"@id\":\"https:\\\/\\\/calzavara.ar\\\/index.php\\\/producto\\\/grafito-en-polvo-mecanic-50-115g\\\/#primaryimage\"},\"image\":{\"@id\":\"https:\\\/\\\/calzavara.ar\\\/index.php\\\/producto\\\/grafito-en-polvo-mecanic-50-115g\\\/#primaryimage\"},\"thumbnailUrl\":\"https:\\\/\\\/calzavara.ar\\\/wp-content\\\/uploads\\\/2023\\\/10\\\/101011-grafito-en-polvo-seco.jpg\",\"datePublished\":\"2023-10-27T19:49:05+00:00\",\"dateModified\":\"2026-01-19T11:43:14+00:00\",\"breadcrumb\":{\"@id\":\"https:\\\/\\\/calzavara.ar\\\/index.php\\\/producto\\\/grafito-en-polvo-mecanic-50-115g\\\/#breadcrumb\"},\"inLanguage\":\"es\",\"potentialAction\":[{\"@type\":\"ReadAction\",\"target\":[\"https:\\\/\\\/calzavara.ar\\\/index.php\\\/producto\\\/grafito-en-polvo-mecanic-50-115g\\\/\"]}]},{\"@type\":\"ImageObject\",\"inLanguage\":\"es\",\"@id\":\"https:\\\/\\\/calzavara.ar\\\/index.php\\\/producto\\\/grafito-en-polvo-mecanic-50-115g\\\/#primaryimage\",\"url\":\"https:\\\/\\\/calzavara.ar\\\/wp-content\\\/uploads\\\/2023\\\/10\\\/101011-grafito-en-polvo-seco.jpg\",\"contentUrl\":\"https:\\\/\\\/calzavara.ar\\\/wp-content\\\/uploads\\\/2023\\\/10\\\/101011-grafito-en-polvo-seco.jpg\",\"width\":800,\"height\":1021},{\"@type\":\"BreadcrumbList\",\"@id\":\"https:\\\/\\\/calzavara.ar\\\/index.php\\\/producto\\\/grafito-en-polvo-mecanic-50-115g\\\/#breadcrumb\",\"itemListElement\":[{\"@type\":\"ListItem\",\"position\":1,\"name\":\"Portada\",\"item\":\"https:\\\/\\\/calzavara.ar\\\/\"},{\"@type\":\"ListItem\",\"position\":2,\"name\":\"Tienda\",\"item\":\"https:\\\/\\\/calzavara.ar\\\/index.php\\\/tienda\\\/\"},{\"@type\":\"ListItem\",\"position\":3,\"name\":\"Grafito En Polvo Mecanic 50 115g\"}]},{\"@type\":\"WebSite\",\"@id\":\"https:\\\/\\\/calzavara.ar\\\/#website\",\"url\":\"https:\\\/\\\/calzavara.ar\\\/\",\"name\":\"CALZAVARA\",\"description\":\"Tienda Oficial CALZAVARA\",\"publisher\":{\"@id\":\"https:\\\/\\\/calzavara.ar\\\/#organization\"},\"potentialAction\":[{\"@type\":\"SearchAction\",\"target\":{\"@type\":\"EntryPoint\",\"urlTemplate\":\"https:\\\/\\\/calzavara.ar\\\/?s={search_term_string}\"},\"query-input\":{\"@type\":\"PropertyValueSpecification\",\"valueRequired\":true,\"valueName\":\"search_term_string\"}}],\"inLanguage\":\"es\"},{\"@type\":\"Organization\",\"@id\":\"https:\\\/\\\/calzavara.ar\\\/#organization\",\"name\":\"CALZAVARA\",\"url\":\"https:\\\/\\\/calzavara.ar\\\/\",\"logo\":{\"@type\":\"ImageObject\",\"inLanguage\":\"es\",\"@id\":\"https:\\\/\\\/calzavara.ar\\\/#\\\/schema\\\/logo\\\/image\\\/\",\"url\":\"https:\\\/\\\/calzavara.ar\\\/wp-content\\\/uploads\\\/2025\\\/05\\\/CalzaLogoRedes.jpg\",\"contentUrl\":\"https:\\\/\\\/calzavara.ar\\\/wp-content\\\/uploads\\\/2025\\\/05\\\/CalzaLogoRedes.jpg\",\"width\":640,\"height\":640,\"caption\":\"CALZAVARA\"},\"image\":{\"@id\":\"https:\\\/\\\/calzavara.ar\\\/#\\\/schema\\\/logo\\\/image\\\/\"},\"sameAs\":[\"https:\\\/\\\/www.facebook.com\\\/calzavarasrl\",\"https:\\\/\\\/www.instagram.com\\\/calzavara_herrajes\",\"https:\\\/\\\/www.linkedin.com\\\/company\\\/calzavara\\\/\",\"https:\\\/\\\/www.youtube.com\\\/@calzavara3279\"]}]}<\/script>\n<!-- \/ Yoast SEO plugin. -->","yoast_head_json":{"title":"Grafito En Polvo Mecanic 50 115g - CALZAVARA","robots":{"index":"index","follow":"follow","max-snippet":"max-snippet:-1","max-image-preview":"max-image-preview:large","max-video-preview":"max-video-preview:-1"},"canonical":"https:\/\/calzavara.ar\/index.php\/producto\/grafito-en-polvo-mecanic-50-115g\/","og_locale":"es_ES","og_type":"article","og_title":"Grafito En Polvo Mecanic 50 115g - CALZAVARA","og_description":"DATOS TECNICOS Color: caracter\u00edstico. Olor: inoloro. Densidad: 2,00 a 2,30 g\/mL. Cantidad de cenizas: 0,80 % Humedad: 0,20 % CARACTERISTICAS GENERALES Especial para uso en cualquier tipo de cerraduras, candados, correderas mec\u00e1nicas o cualquier mecanismo que este expuesto al roce. Lubricante en seco, no contiene grasa ni aceites. Alta penetraci\u00f3n gracias al tama\u00f1o de part\u00edcula. Aumenta la vida \u00fatil de los mecanismos reduciendo el esfuerzo. No es corrosivo. No contiene: clorofluoro-carbonados, resinas, siliconas, plomo, mercurio, cadmio","og_url":"https:\/\/calzavara.ar\/index.php\/producto\/grafito-en-polvo-mecanic-50-115g\/","og_site_name":"CALZAVARA","article_publisher":"https:\/\/www.facebook.com\/calzavarasrl","article_modified_time":"2026-01-19T11:43:14+00:00","og_image":[{"width":800,"height":1021,"url":"https:\/\/calzavara.ar\/wp-content\/uploads\/2023\/10\/101011-grafito-en-polvo-seco.jpg","type":"image\/jpeg"}],"twitter_card":"summary_large_image","twitter_misc":{"Tiempo de lectura":"1 minuto"},"schema":{"@context":"https:\/\/schema.org","@graph":[{"@type":"WebPage","@id":"https:\/\/calzavara.ar\/index.php\/producto\/grafito-en-polvo-mecanic-50-115g\/","url":"https:\/\/calzavara.ar\/index.php\/producto\/grafito-en-polvo-mecanic-50-115g\/","name":"Grafito En Polvo Mecanic 50 115g - CALZAVARA","isPartOf":{"@id":"https:\/\/calzavara.ar\/#website"},"primaryImageOfPage":{"@id":"https:\/\/calzavara.ar\/index.php\/producto\/grafito-en-polvo-mecanic-50-115g\/#primaryimage"},"image":{"@id":"https:\/\/calzavara.ar\/index.php\/producto\/grafito-en-polvo-mecanic-50-115g\/#primaryimage"},"thumbnailUrl":"https:\/\/calzavara.ar\/wp-content\/uploads\/2023\/10\/101011-grafito-en-polvo-seco.jpg","datePublished":"2023-10-27T19:49:05+00:00","dateModified":"2026-01-19T11:43:14+00:00","breadcrumb":{"@id":"https:\/\/calzavara.ar\/index.php\/producto\/grafito-en-polvo-mecanic-50-115g\/#breadcrumb"},"inLanguage":"es","potentialAction":[{"@type":"ReadAction","target":["https:\/\/calzavara.ar\/index.php\/producto\/grafito-en-polvo-mecanic-50-115g\/"]}]},{"@type":"ImageObject","inLanguage":"es","@id":"https:\/\/calzavara.ar\/index.php\/producto\/grafito-en-polvo-mecanic-50-115g\/#primaryimage","url":"https:\/\/calzavara.ar\/wp-content\/uploads\/2023\/10\/101011-grafito-en-polvo-seco.jpg","contentUrl":"https:\/\/calzavara.ar\/wp-content\/uploads\/2023\/10\/101011-grafito-en-polvo-seco.jpg","width":800,"height":1021},{"@type":"BreadcrumbList","@id":"https:\/\/calzavara.ar\/index.php\/producto\/grafito-en-polvo-mecanic-50-115g\/#breadcrumb","itemListElement":[{"@type":"ListItem","position":1,"name":"Portada","item":"https:\/\/calzavara.ar\/"},{"@type":"ListItem","position":2,"name":"Tienda","item":"https:\/\/calzavara.ar\/index.php\/tienda\/"},{"@type":"ListItem","position":3,"name":"Grafito En Polvo Mecanic 50 115g"}]},{"@type":"WebSite","@id":"https:\/\/calzavara.ar\/#website","url":"https:\/\/calzavara.ar\/","name":"CALZAVARA","description":"Tienda Oficial CALZAVARA","publisher":{"@id":"https:\/\/calzavara.ar\/#organization"},"potentialAction":[{"@type":"SearchAction","target":{"@type":"EntryPoint","urlTemplate":"https:\/\/calzavara.ar\/?s={search_term_string}"},"query-input":{"@type":"PropertyValueSpecification","valueRequired":true,"valueName":"search_term_string"}}],"inLanguage":"es"},{"@type":"Organization","@id":"https:\/\/calzavara.ar\/#organization","name":"CALZAVARA","url":"https:\/\/calzavara.ar\/","logo":{"@type":"ImageObject","inLanguage":"es","@id":"https:\/\/calzavara.ar\/#\/schema\/logo\/image\/","url":"https:\/\/calzavara.ar\/wp-content\/uploads\/2025\/05\/CalzaLogoRedes.jpg","contentUrl":"https:\/\/calzavara.ar\/wp-content\/uploads\/2025\/05\/CalzaLogoRedes.jpg","width":640,"height":640,"caption":"CALZAVARA"},"image":{"@id":"https:\/\/calzavara.ar\/#\/schema\/logo\/image\/"},"sameAs":["https:\/\/www.facebook.com\/calzavarasrl","https:\/\/www.instagram.com\/calzavara_herrajes","https:\/\/www.linkedin.com\/company\/calzavara\/","https:\/\/www.youtube.com\/@calzavara3279"]}]}},"jetpack_sharing_enabled":true,"_links":{"self":[{"href":"https:\/\/calzavara.ar\/index.php\/wp-json\/wp\/v2\/product\/12614","targetHints":{"allow":["GET"]}}],"collection":[{"href":"https:\/\/calzavara.ar\/index.php\/wp-json\/wp\/v2\/product"}],"about":[{"href":"https:\/\/calzavara.ar\/index.php\/wp-json\/wp\/v2\/types\/product"}],"wp:featuredmedia":[{"embeddable":true,"href":"https:\/\/calzavara.ar\/index.php\/wp-json\/wp\/v2\/media\/12616"}],"wp:attachment":[{"href":"https:\/\/calzavara.ar\/index.php\/wp-json\/wp\/v2\/media?parent=12614"}],"wp:term":[{"taxonomy":"product_brand","embeddable":true,"href":"https:\/\/calzavara.ar\/index.php\/wp-json\/wp\/v2\/product_brand?post=12614"},{"taxonomy":"product_cat","embeddable":true,"href":"https:\/\/calzavara.ar\/index.php\/wp-json\/wp\/v2\/product_cat?post=12614"},{"taxonomy":"product_tag","embeddable":true,"href":"https:\/\/calzavara.ar\/index.php\/wp-json\/wp\/v2\/product_tag?post=12614"}],"curies":[{"name":"wp","href":"https:\/\/api.w.org\/{rel}","templated":true}]}}